{"id":61805,"date":"2026-03-10T12:26:59","date_gmt":"2026-03-10T12:26:59","guid":{"rendered":"https:\/\/strange-jennings.213-136-85-46.plesk.page\/product\/geschenkset-ametzondo\/"},"modified":"2026-04-01T22:29:23","modified_gmt":"2026-04-01T22:29:23","slug":"geschenkset-ametzondo","status":"publish","type":"product","link":"https:\/\/relaisgourmet.com\/de\/produkt\/geschenkset-ametzondo\/","title":{"rendered":"Geschenkset Ametzondo"},"content":{"rendered":"<p><b>Entdecken Sie das Ametzondo-Set: eine au\u00dfergew\u00f6hnliche kulinarische Reise<\/b><\/p>\n<p><span style=\"font-weight: 400;\">Die <\/span><b>Ametzondo Box<\/b><span style=\"font-weight: 400;\"> ist mehr als nur eine Gourmet-Box, es ist eine Einladung zum Genuss von hochwertigen Produkten mit der Signatur von <\/span><b>Relais Gourmet<\/b><span style=\"font-weight: 400;\">. <\/span> <\/p>\n<p><span style=\"font-weight: 400;\">Dieses Paket passt zu jeder Gelegenheit und verspricht ein wahres Geschmackserlebnis.  <\/span><\/p>\n<p><span style=\"font-weight: 400;\">Bei <b>Relais Gourmet<\/b> legen wir Wert auf die Nat\u00fcrlichkeit unserer Produkte. So k\u00f6nnen Sie sicher sein, dass Sie die Stopfleber in ihrer ganzen Reinheit genie\u00dfen k\u00f6nnen, ohne Kompromisse bei der Qualit\u00e4t eingehen zu m\u00fcssen. <\/span><\/p>\n<p>Die Ametzondo Gourmetbox ist garantiert <strong>frei von Konservierungsmitteln, Farbstoffen und Zusatzstoffen<\/strong>.<\/p>\n<p><b>Zusammensetzung :<\/b><\/p>\n<ul>\n<li style=\"font-weight: 400;\" aria-level=\"1\"><b>Ganze Leberpastete Natur<\/b><span style=\"font-weight: 400;\"><strong> (200 g)<\/strong>: F\u00fcr Liebhaber authentischer Aromen.<\/span><\/li>\n<li style=\"font-weight: 400;\" aria-level=\"1\"><b>Ganze Leberpastete mit schwarzem Tr\u00fcffel<\/b><span style=\"font-weight: 400;\"><strong> (200 g)<\/strong>: Eine delikate Verbindung zwischen Stopfleber und dem Luxus von Tr\u00fcffel.<\/span><\/li>\n<li style=\"font-weight: 400;\" aria-level=\"1\"><b>Ganze Leberpastete mit Sauternes<\/b><span style=\"font-weight: 400;\"><strong> (200 g)<\/strong>: f\u00fcr eine subtile s\u00fc\u00df-salzige Note.<\/span><\/li>\n<li style=\"font-weight: 400;\" aria-level=\"1\"><b>Eine Flasche Champagner<\/b><span style=\"font-weight: 400;\"><strong> (750 ml)<\/strong>: Ideal, um diese K\u00f6stlichkeiten zu begleiten und Ihren Moment der Verkostung zu veredeln.<\/span><\/li>\n<li aria-level=\"1\"><strong>1 Stopfleber-Lyra (10 g)<\/strong>: erm\u00f6glicht es, die Stopfleber vorsichtig in perfekte Scheiben zu schneiden, die Pr\u00e4zision und Eleganz vereinen.<\/li>\n<\/ul>\n<p>&nbsp;<\/p>\n<p><b>Aufbewahrung und Verkostungstipps:<\/b><\/p>\n<p>Die <b>Ametzondo Box<\/b> ist bei Raumtemperatur 3 Jahre lang haltbar. Nach dem \u00d6ffnen wird empfohlen, die Produkte innerhalb von 15 Tagen zu verbrauchen und im K\u00fchlschrank aufzubewahren, um ihre Frische und alle Geschmacksqualit\u00e4ten zu erhalten. <\/p>\n<p><b>Tipps f\u00fcr den optimalen Genuss Ihrer Ametzondo Box<\/b><\/p>\n<p><span style=\"font-weight: 400;\">M\u00f6chten Sie wissen, wie Sie Ihre Stopfleber am besten zubereiten? Unsere Tipps und Tricks zur Zubereitung finden Sie in unserem <a href=\"https:\/\/epic-varahamihira.207-180-195-93.plesk.page\/blog-foies-gras-actualite\/\">Blog<\/a> und auf unserer <a href=\"https:\/\/www.instagram.com\/relaisgourmetofficiel\/\">Instagram-Seite<\/a>. <\/span><\/p>\n<p><span style=\"font-weight: 400;\">Die <\/span><b>Ametzondo Geschenkset<\/b><span style=\"font-weight: 400;\"> ist die perfekte Geschenkidee f\u00fcr Liebhaber der gehobenen Gastronomie. Verschenken Sie einen einzigartigen Moment der Verkostung mit dieser exklusiven Auswahl von <\/span><b>Relais Gourmet<\/b><span style=\"font-weight: 400;\">.<\/span><\/p>\n","protected":false},"excerpt":{"rendered":"<p>Entdecken Sie die Ametzondo-Box von Relais Gourmet, eine Auswahl an Gourmetartikeln, die sich perfekt als Begleiter f\u00fcr gemeinsame Momente eignen. Perfekt f\u00fcr einen raffinierten Aperitif, einen geselligen Moment oder eine \u00dcberraschung zum Verschenken! <\/p>\n<p><img decoding=\"async\" class=\"emoji\" role=\"img\" src=\"https:\/\/s.w.org\/images\/core\/emoji\/15.0.3\/svg\/1f1eb-1f1f7.svg\" alt=\"\ud83c\uddeb\ud83c\uddf7\">  Garantiert 100% franz\u00f6sische Produktion<br \/>\n\u2714 Garantiert ohne Konservierungsstoffe, Zusatzstoffe und Farbstoffe.<br \/>\n\ud83c\udf43 Mit gelbem Mais gef\u00fctterte Enten<br \/>\n\ud83d\ude9a Schnelle Lieferung weltweit<br \/>\n\ud83d\udd53 3 Jahre haltbar<br \/>\n\ud83d\udd10 Sichere Zahlung<\/p>\n<div class=\"woocommerce-product-details__short-description\">\n<p>Nettogewicht: 1.36 kg<\/p>\n<\/div>\n","protected":false},"featured_media":61807,"comment_status":"closed","ping_status":"closed","template":"","meta":{"_iconic_wsb_product_page_order_bump_ids":[],"_sku":["3110000346804-7"],"_iconic_wsb_product_page_bump_modal_ids":[]},"product_brand":[],"product_cat":[1679],"product_tag":[1661],"giftcard-category":[],"class_list":{"0":"post-61805","1":"product","2":"type-product","3":"status-publish","4":"has-post-thumbnail","6":"product_cat-geschenksets","7":"product_tag-made-in-frankreich","9":"first","10":"instock","11":"taxable","12":"shipping-taxable","13":"purchasable","14":"product-type-simple"},"yoast_head":"<!-- This site is optimized with the Yoast SEO Premium plugin v27.3 (Yoast SEO v27.3) - https:\/\/yoast.com\/product\/yoast-seo-premium-wordpress\/ -->\n<title>Geschenkpackung Ametzondo : Stopfleber, Getr\u00fcffelte Stopfleber &amp; Champagner<\/title>\n<meta name=\"description\" content=\"Entdecken Sie die sch\u00f6ne Ametzondo-Box: eine Auswahl an raffinierten Geschmacksrichtungen aus dem S\u00fcdwesten, ideal zum Verschenken oder um sich selbst zu verw\u00f6hnen.\" \/>\n<meta name=\"robots\" content=\"index, follow, max-snippet:-1, max-image-preview:large, max-video-preview:-1\" \/>\n<link rel=\"canonical\" href=\"https:\/\/relaisgourmet.com\/de\/produkt\/geschenkset-ametzondo\/\" \/>\n<meta property=\"og:locale\" content=\"de_DE\" \/>\n<meta property=\"og:type\" content=\"article\" \/>\n<meta property=\"og:title\" content=\"Geschenkset Ametzondo\" \/>\n<meta property=\"og:description\" content=\"Entdecken Sie die Ametzondo-Box von Relais Gourmet, eine Auswahl an Gourmetartikeln, die sich perfekt als Begleiter f\u00fcr gemeinsame Momente eignen. Perfekt f\u00fcr einen raffinierten Aperitif, einen geselligen Moment oder eine \u00dcberraschung zum Verschenken!   Garantiert 100% franz\u00f6sische Produktion \u2714 Garantiert ohne Konservierungsstoffe, Zusatzstoffe und Farbstoffe. \ud83c\udf43 Mit gelbem Mais gef\u00fctterte Enten \ud83d\ude9a Schnelle Lieferung weltweit \ud83d\udd53 3 Jahre haltbar \ud83d\udd10 Sichere Zahlung  Nettogewicht: 1.36 kg\" \/>\n<meta property=\"og:url\" content=\"https:\/\/relaisgourmet.com\/de\/produkt\/geschenkset-ametzondo\/\" \/>\n<meta property=\"og:site_name\" content=\"Relais Gourmet\" \/>\n<meta property=\"article:publisher\" content=\"https:\/\/www.facebook.com\/relaisgourmet\/\" \/>\n<meta property=\"article:modified_time\" content=\"2026-04-01T22:29:23+00:00\" \/>\n<meta property=\"og:image\" content=\"https:\/\/relaisgourmet.com\/wp-content\/uploads\/2026\/03\/Ametzondo.webp\" \/>\n\t<meta property=\"og:image:width\" content=\"1583\" \/>\n\t<meta property=\"og:image:height\" content=\"1583\" \/>\n\t<meta property=\"og:image:type\" content=\"image\/jpeg\" \/>\n<meta name=\"twitter:card\" content=\"summary_large_image\" \/>\n<meta name=\"twitter:site\" content=\"@relaisgourmet64\" \/>\n<meta name=\"twitter:label1\" content=\"Gesch\u00e4tzte Lesezeit\" \/>\n\t<meta name=\"twitter:data1\" content=\"1\u00a0Minute\" \/>\n<script type=\"application\/ld+json\" class=\"yoast-schema-graph\">{\"@context\":\"https:\\\/\\\/schema.org\",\"@graph\":[{\"@type\":\"WebPage\",\"@id\":\"https:\\\/\\\/relaisgourmet.com\\\/de\\\/produkt\\\/geschenkset-ametzondo\\\/\",\"url\":\"https:\\\/\\\/relaisgourmet.com\\\/de\\\/produkt\\\/geschenkset-ametzondo\\\/\",\"name\":\"Geschenkpackung Ametzondo : Stopfleber, Getr\u00fcffelte Stopfleber & Champagner\",\"isPartOf\":{\"@id\":\"https:\\\/\\\/relaisgourmet.com\\\/de\\\/#website\"},\"primaryImageOfPage\":{\"@id\":\"https:\\\/\\\/relaisgourmet.com\\\/de\\\/produkt\\\/geschenkset-ametzondo\\\/#primaryimage\"},\"image\":{\"@id\":\"https:\\\/\\\/relaisgourmet.com\\\/de\\\/produkt\\\/geschenkset-ametzondo\\\/#primaryimage\"},\"thumbnailUrl\":\"https:\\\/\\\/relaisgourmet.com\\\/wp-content\\\/uploads\\\/2026\\\/03\\\/Ametzondo.webp\",\"datePublished\":\"2026-03-10T12:26:59+00:00\",\"dateModified\":\"2026-04-01T22:29:23+00:00\",\"description\":\"Entdecken Sie die sch\u00f6ne Ametzondo-Box: eine Auswahl an raffinierten Geschmacksrichtungen aus dem S\u00fcdwesten, ideal zum Verschenken oder um sich selbst zu verw\u00f6hnen.\",\"breadcrumb\":{\"@id\":\"https:\\\/\\\/relaisgourmet.com\\\/de\\\/produkt\\\/geschenkset-ametzondo\\\/#breadcrumb\"},\"inLanguage\":\"de\",\"potentialAction\":[{\"@type\":\"ReadAction\",\"target\":[\"https:\\\/\\\/relaisgourmet.com\\\/de\\\/produkt\\\/geschenkset-ametzondo\\\/\"]}]},{\"@type\":\"ImageObject\",\"inLanguage\":\"de\",\"@id\":\"https:\\\/\\\/relaisgourmet.com\\\/de\\\/produkt\\\/geschenkset-ametzondo\\\/#primaryimage\",\"url\":\"https:\\\/\\\/relaisgourmet.com\\\/wp-content\\\/uploads\\\/2026\\\/03\\\/Ametzondo.webp\",\"contentUrl\":\"https:\\\/\\\/relaisgourmet.com\\\/wp-content\\\/uploads\\\/2026\\\/03\\\/Ametzondo.webp\",\"width\":1583,\"height\":1583},{\"@type\":\"BreadcrumbList\",\"@id\":\"https:\\\/\\\/relaisgourmet.com\\\/de\\\/produkt\\\/geschenkset-ametzondo\\\/#breadcrumb\",\"itemListElement\":[{\"@type\":\"ListItem\",\"position\":1,\"name\":\"Startseite\",\"item\":\"https:\\\/\\\/relaisgourmet.com\\\/de\\\/startseite\\\/\"},{\"@type\":\"ListItem\",\"position\":2,\"name\":\"Alle unsere Produkte\",\"item\":\"https:\\\/\\\/relaisgourmet.com\\\/de\\\/shop\\\/\"},{\"@type\":\"ListItem\",\"position\":3,\"name\":\"Geschenkset Ametzondo\"}]},{\"@type\":\"WebSite\",\"@id\":\"https:\\\/\\\/relaisgourmet.com\\\/de\\\/#website\",\"url\":\"https:\\\/\\\/relaisgourmet.com\\\/de\\\/\",\"name\":\"Relais Gourmet\",\"description\":\"Foie Gras 100% Fran\u00e7ais\",\"publisher\":{\"@id\":\"https:\\\/\\\/relaisgourmet.com\\\/de\\\/#organization\"},\"potentialAction\":[{\"@type\":\"SearchAction\",\"target\":{\"@type\":\"EntryPoint\",\"urlTemplate\":\"https:\\\/\\\/relaisgourmet.com\\\/de\\\/?s={search_term_string}\"},\"query-input\":{\"@type\":\"PropertyValueSpecification\",\"valueRequired\":true,\"valueName\":\"search_term_string\"}}],\"inLanguage\":\"de\"},{\"@type\":\"Organization\",\"@id\":\"https:\\\/\\\/relaisgourmet.com\\\/de\\\/#organization\",\"name\":\"Relais Gourmet\",\"url\":\"https:\\\/\\\/relaisgourmet.com\\\/de\\\/\",\"logo\":{\"@type\":\"ImageObject\",\"inLanguage\":\"de\",\"@id\":\"https:\\\/\\\/relaisgourmet.com\\\/de\\\/#\\\/schema\\\/logo\\\/image\\\/\",\"url\":\"https:\\\/\\\/relaisgourmet.com\\\/wp-content\\\/uploads\\\/2026\\\/03\\\/yoast-logo-2-relais-gourmet-.png\",\"contentUrl\":\"https:\\\/\\\/relaisgourmet.com\\\/wp-content\\\/uploads\\\/2026\\\/03\\\/yoast-logo-2-relais-gourmet-.png\",\"width\":1200,\"height\":675,\"caption\":\"Relais Gourmet\"},\"image\":{\"@id\":\"https:\\\/\\\/relaisgourmet.com\\\/de\\\/#\\\/schema\\\/logo\\\/image\\\/\"},\"sameAs\":[\"https:\\\/\\\/www.facebook.com\\\/relaisgourmet\\\/\",\"https:\\\/\\\/x.com\\\/relaisgourmet64\",\"https:\\\/\\\/www.instagram.com\\\/relaisgourmetofficiel\",\"https:\\\/\\\/www.pinterest.fr\\\/relaisgourmet\\\/\"],\"email\":\"yaqueche@relaisgourmet.com\",\"telephone\":\"+33 0 5 40 07 07 65\",\"legalName\":\"Relais Gourmet\",\"vatID\":\"FR13482415015\",\"taxID\":\"482415015\"}]}<\/script>\n<!-- \/ Yoast SEO Premium plugin. -->","yoast_head_json":{"title":"Geschenkpackung Ametzondo : Stopfleber, Getr\u00fcffelte Stopfleber & Champagner","description":"Entdecken Sie die sch\u00f6ne Ametzondo-Box: eine Auswahl an raffinierten Geschmacksrichtungen aus dem S\u00fcdwesten, ideal zum Verschenken oder um sich selbst zu verw\u00f6hnen.","robots":{"index":"index","follow":"follow","max-snippet":"max-snippet:-1","max-image-preview":"max-image-preview:large","max-video-preview":"max-video-preview:-1"},"canonical":"https:\/\/relaisgourmet.com\/de\/produkt\/geschenkset-ametzondo\/","og_locale":"de_DE","og_type":"article","og_title":"Geschenkset Ametzondo","og_description":"Entdecken Sie die Ametzondo-Box von Relais Gourmet, eine Auswahl an Gourmetartikeln, die sich perfekt als Begleiter f\u00fcr gemeinsame Momente eignen. Perfekt f\u00fcr einen raffinierten Aperitif, einen geselligen Moment oder eine \u00dcberraschung zum Verschenken!   Garantiert 100% franz\u00f6sische Produktion \u2714 Garantiert ohne Konservierungsstoffe, Zusatzstoffe und Farbstoffe. \ud83c\udf43 Mit gelbem Mais gef\u00fctterte Enten \ud83d\ude9a Schnelle Lieferung weltweit \ud83d\udd53 3 Jahre haltbar \ud83d\udd10 Sichere Zahlung  Nettogewicht: 1.36 kg","og_url":"https:\/\/relaisgourmet.com\/de\/produkt\/geschenkset-ametzondo\/","og_site_name":"Relais Gourmet","article_publisher":"https:\/\/www.facebook.com\/relaisgourmet\/","article_modified_time":"2026-04-01T22:29:23+00:00","og_image":[{"width":1583,"height":1583,"url":"https:\/\/relaisgourmet.com\/wp-content\/uploads\/2026\/03\/Ametzondo.webp","type":"image\/jpeg"}],"twitter_card":"summary_large_image","twitter_site":"@relaisgourmet64","twitter_misc":{"Gesch\u00e4tzte Lesezeit":"1\u00a0Minute"},"schema":{"@context":"https:\/\/schema.org","@graph":[{"@type":"WebPage","@id":"https:\/\/relaisgourmet.com\/de\/produkt\/geschenkset-ametzondo\/","url":"https:\/\/relaisgourmet.com\/de\/produkt\/geschenkset-ametzondo\/","name":"Geschenkpackung Ametzondo : Stopfleber, Getr\u00fcffelte Stopfleber & Champagner","isPartOf":{"@id":"https:\/\/relaisgourmet.com\/de\/#website"},"primaryImageOfPage":{"@id":"https:\/\/relaisgourmet.com\/de\/produkt\/geschenkset-ametzondo\/#primaryimage"},"image":{"@id":"https:\/\/relaisgourmet.com\/de\/produkt\/geschenkset-ametzondo\/#primaryimage"},"thumbnailUrl":"https:\/\/relaisgourmet.com\/wp-content\/uploads\/2026\/03\/Ametzondo.webp","datePublished":"2026-03-10T12:26:59+00:00","dateModified":"2026-04-01T22:29:23+00:00","description":"Entdecken Sie die sch\u00f6ne Ametzondo-Box: eine Auswahl an raffinierten Geschmacksrichtungen aus dem S\u00fcdwesten, ideal zum Verschenken oder um sich selbst zu verw\u00f6hnen.","breadcrumb":{"@id":"https:\/\/relaisgourmet.com\/de\/produkt\/geschenkset-ametzondo\/#breadcrumb"},"inLanguage":"de","potentialAction":[{"@type":"ReadAction","target":["https:\/\/relaisgourmet.com\/de\/produkt\/geschenkset-ametzondo\/"]}]},{"@type":"ImageObject","inLanguage":"de","@id":"https:\/\/relaisgourmet.com\/de\/produkt\/geschenkset-ametzondo\/#primaryimage","url":"https:\/\/relaisgourmet.com\/wp-content\/uploads\/2026\/03\/Ametzondo.webp","contentUrl":"https:\/\/relaisgourmet.com\/wp-content\/uploads\/2026\/03\/Ametzondo.webp","width":1583,"height":1583},{"@type":"BreadcrumbList","@id":"https:\/\/relaisgourmet.com\/de\/produkt\/geschenkset-ametzondo\/#breadcrumb","itemListElement":[{"@type":"ListItem","position":1,"name":"Startseite","item":"https:\/\/relaisgourmet.com\/de\/startseite\/"},{"@type":"ListItem","position":2,"name":"Alle unsere Produkte","item":"https:\/\/relaisgourmet.com\/de\/shop\/"},{"@type":"ListItem","position":3,"name":"Geschenkset Ametzondo"}]},{"@type":"WebSite","@id":"https:\/\/relaisgourmet.com\/de\/#website","url":"https:\/\/relaisgourmet.com\/de\/","name":"Relais Gourmet","description":"Foie Gras 100% Fran\u00e7ais","publisher":{"@id":"https:\/\/relaisgourmet.com\/de\/#organization"},"potentialAction":[{"@type":"SearchAction","target":{"@type":"EntryPoint","urlTemplate":"https:\/\/relaisgourmet.com\/de\/?s={search_term_string}"},"query-input":{"@type":"PropertyValueSpecification","valueRequired":true,"valueName":"search_term_string"}}],"inLanguage":"de"},{"@type":"Organization","@id":"https:\/\/relaisgourmet.com\/de\/#organization","name":"Relais Gourmet","url":"https:\/\/relaisgourmet.com\/de\/","logo":{"@type":"ImageObject","inLanguage":"de","@id":"https:\/\/relaisgourmet.com\/de\/#\/schema\/logo\/image\/","url":"https:\/\/relaisgourmet.com\/wp-content\/uploads\/2026\/03\/yoast-logo-2-relais-gourmet-.png","contentUrl":"https:\/\/relaisgourmet.com\/wp-content\/uploads\/2026\/03\/yoast-logo-2-relais-gourmet-.png","width":1200,"height":675,"caption":"Relais Gourmet"},"image":{"@id":"https:\/\/relaisgourmet.com\/de\/#\/schema\/logo\/image\/"},"sameAs":["https:\/\/www.facebook.com\/relaisgourmet\/","https:\/\/x.com\/relaisgourmet64","https:\/\/www.instagram.com\/relaisgourmetofficiel","https:\/\/www.pinterest.fr\/relaisgourmet\/"],"email":"yaqueche@relaisgourmet.com","telephone":"+33 0 5 40 07 07 65","legalName":"Relais Gourmet","vatID":"FR13482415015","taxID":"482415015"}]}},"_links":{"self":[{"href":"https:\/\/relaisgourmet.com\/de\/wp-json\/wp\/v2\/product\/61805","targetHints":{"allow":["GET"]}}],"collection":[{"href":"https:\/\/relaisgourmet.com\/de\/wp-json\/wp\/v2\/product"}],"about":[{"href":"https:\/\/relaisgourmet.com\/de\/wp-json\/wp\/v2\/types\/product"}],"replies":[{"embeddable":true,"href":"https:\/\/relaisgourmet.com\/de\/wp-json\/wp\/v2\/comments?post=61805"}],"wp:featuredmedia":[{"embeddable":true,"href":"https:\/\/relaisgourmet.com\/de\/wp-json\/wp\/v2\/media\/61807"}],"wp:attachment":[{"href":"https:\/\/relaisgourmet.com\/de\/wp-json\/wp\/v2\/media?parent=61805"}],"wp:term":[{"taxonomy":"product_brand","embeddable":true,"href":"https:\/\/relaisgourmet.com\/de\/wp-json\/wp\/v2\/product_brand?post=61805"},{"taxonomy":"product_cat","embeddable":true,"href":"https:\/\/relaisgourmet.com\/de\/wp-json\/wp\/v2\/product_cat?post=61805"},{"taxonomy":"product_tag","embeddable":true,"href":"https:\/\/relaisgourmet.com\/de\/wp-json\/wp\/v2\/product_tag?post=61805"},{"taxonomy":"giftcard-category","embeddable":true,"href":"https:\/\/relaisgourmet.com\/de\/wp-json\/wp\/v2\/giftcard-category?post=61805"}],"curies":[{"name":"wp","href":"https:\/\/api.w.org\/{rel}","templated":true}]}}