{"id":61779,"date":"2026-03-10T12:26:37","date_gmt":"2026-03-10T12:26:37","guid":{"rendered":"https:\/\/strange-jennings.213-136-85-46.plesk.page\/product\/ziburu-set\/"},"modified":"2026-04-01T22:28:47","modified_gmt":"2026-04-01T22:28:47","slug":"ziburu-set","status":"publish","type":"product","link":"https:\/\/relaisgourmet.com\/de\/produkt\/ziburu-set\/","title":{"rendered":"Ziburu Set"},"content":{"rendered":"<h4><b>Ziburu Box: Gastronomische Eleganz zum Verschenken oder Genie\u00dfen<\/b><\/h4>\n<p>Entdecken Sie die <strong>Ziburu-Box<\/strong>, ein au\u00dfergew\u00f6hnliches <strong>Gourmetpaket<\/strong> von <strong>Relais Gourmet<\/strong>.<\/p>\n<p>Er ist eine wahre Einladung zum kulinarischen Vergn\u00fcgen und wurde entworfen, um alle Ihre Gourmetmomente zu veredeln.<\/p>\n<p>Eine perfekte Geschenkidee oder ein gemeinsames Vergn\u00fcgen, das alle Liebhaber von Foie Gras begeistern wird und zu jeder Gelegenheit genossen werden kann!<\/p>\n<p>Das Ziburu-Set ist garantiert <strong> frei von Konservierungsmitteln, Farbstoffen und Zusatzstoffen<\/strong>.<\/p>\n<h4><b>Zusammensetzung :<\/b><\/h4>\n<ul>\n<li><b>Ganze Leberpastete Natur (400 g): <\/b>ein intensiver und nat\u00fcrlicher Geschmack f\u00fcr Puristen.<\/li>\n<li><b>Ganze Leberpastete mit Piment d&#8217;Espelette (400 g): <\/b>eine perfekte Kombination aus S\u00fc\u00dfe und Sch\u00e4rfe.<\/li>\n<li><b>Ganze Leberpastete mit Armagnac (400 g): <\/b>Eine Delikatesse f\u00fcr den feinen Gaumen.<\/li>\n<li><b>Quintessenz aus Leberpastete und ger\u00e4ucherter Entenbrust (180 g): <\/b>Ein einzigartiges Produkt, das eine perfekte Kombination aus Leberpastete und ger\u00e4ucherter Entenbrust f\u00fcr ein unvergessliches Geschmackserlebnis bietet.<\/li>\n<li><strong>Stopfleber-Lyra (10 g)<\/strong>: erm\u00f6glicht es, die Stopfleber vorsichtig in perfekte Scheiben zu schneiden, die Pr\u00e4zision und Eleganz vereinen.<\/li>\n<\/ul>\n<p>&nbsp;<\/p>\n<h4><b>Aufbewahrung und Verkostungstipps :<\/b><\/h4>\n<p><span style=\"font-weight: 400;\">Die <\/span><b>Ziburu Geschenkset<\/b><span style=\"font-weight: 400;\"> hat eine lange Haltbarkeit von 3 Jahren bei Raumtemperatur. <\/span> <\/p>\n<p><span style=\"font-weight: 400;\">Nach dem \u00d6ffnen sollten Sie die Produkte innerhalb von 15 Tagen verbrauchen und im K\u00fchlschrank aufbewahren.<\/span><\/p>\n<p><span style=\"font-weight: 400;\">Um kreative Ideen und Tipps f\u00fcr unsere Foie Gras zu entdecken, besuchen Sie unseren <\/span><a href=\"https:\/\/epic-varahamihira.207-180-195-93.plesk.page\/blog-foies-gras-actualite\/\"><b>Blog<\/b><\/a><span style=\"font-weight: 400;\"> und folgen Sie uns auf unserer Seite <\/span><a href=\"https:\/\/www.instagram.com\/relaisgourmetofficiel\/\"><b>Instagram<\/b><\/a><span style=\"font-weight: 400;\">. <\/span> <\/p>\n<p><span style=\"font-weight: 400;\">Hier finden Sie Tipps, wie Sie Ihre Mahlzeiten in echte Gourmetmomente verwandeln k\u00f6nnen.<\/span><\/p>\n<p><b>Verschenken oder erhalten Sie das Ziburu-Set<\/b><\/p>\n<p><span style=\"font-weight: 400;\">Die <\/span><b>Ziburu Geschenkset<\/b><span style=\"font-weight: 400;\"> ist eine ausgezeichnete Geschenkidee f\u00fcr Liebhaber der Gastronomie.<\/span><\/p>\n<p><span style=\"font-weight: 400;\">Ein Geschenk, das Eleganz, Tradition und Authentizit\u00e4t im Herzen des Baskenlandes vereint.<\/span><\/p>\n<p><span style=\"font-weight: 400;\">Ob zu einem besonderen Anlass oder um sich selbst eine Freude zu bereiten, diese Box stellt Produkte von h\u00f6chster Qualit\u00e4t in den Vordergrund.<\/span><\/p>\n<p>&nbsp;<\/p>\n","protected":false},"excerpt":{"rendered":"<p><b>Das Geschenkset Ziburu<\/b><span style=\"font-weight: 400;\">Ein Geschenk, das Eleganz, Tradition und Authentizit\u00e4t vereint und Sie auf eine kulinarische Reise in das Herz des Baskenlandes einl\u00e4dt.<\/span><\/p>\n<p><img decoding=\"async\" class=\"emoji\" role=\"img\" src=\"https:\/\/s.w.org\/images\/core\/emoji\/15.0.3\/svg\/1f1eb-1f1f7.svg\" alt=\"\ud83c\uddeb\ud83c\uddf7\">  Garantiert 100% franz\u00f6sische Produktion<br \/>\n\u2714 Garantiert ohne Konservierungsstoffe, Zusatzstoffe und Farbstoffe.<br \/>\n\ud83c\udf43 Mit gelbem Mais gef\u00fctterte Enten&amp;amp;amp;amp;amp;lt;br \/&gt;\ud83d\ude9a Schnelle Lieferung weltweit<br \/>\n\ud83d\udd53 3 Jahre haltbar<br \/>\ns=&#8220;yoast-text-mark&#8220; \/&gt;lass=&#8220;yoast-text-mark&#8220; \/ lass=&#8220;yoast-text-mark&#8220; \/ lass=&#8220;yoast-text-mark&#8220; \/ lass=&#8220;yoast-text-mark&#8220; \/ lass=&#8220;yoast-text-mark&#8220;.&gt;&gt;\ud83d\udd10 Sichere Zahlung<\/p>\n<div class=\"woocommerce-product-details__short-description\">\n<p>Nettogewicht: (1.39 kg)<\/p>\n<\/div>\n","protected":false},"featured_media":61783,"comment_status":"closed","ping_status":"closed","template":"","meta":{"_iconic_wsb_product_page_order_bump_ids":[],"_sku":["3110000346804-5"],"_iconic_wsb_product_page_bump_modal_ids":[]},"product_brand":[],"product_cat":[1679],"product_tag":[1661],"giftcard-category":[],"class_list":{"0":"post-61779","1":"product","2":"type-product","3":"status-publish","4":"has-post-thumbnail","6":"product_cat-geschenksets","7":"product_tag-made-in-frankreich","9":"first","10":"instock","11":"taxable","12":"shipping-taxable","13":"purchasable","14":"product-type-simple"},"yoast_head":"<!-- This site is optimized with the Yoast SEO Premium plugin v27.3 (Yoast SEO v27.3) - https:\/\/yoast.com\/product\/yoast-seo-premium-wordpress\/ -->\n<title>Geschenkset Ziburu : Au\u00dfergew\u00f6hnliche Auswahl an Leberpasteten | Relais Gourmet<\/title>\n<meta name=\"description\" content=\"Probieren Sie das Ziburu-Set: eine Harmonie aus traditionellen und hochwertigen Spezialit\u00e4ten, perfekt f\u00fcr Ihre festlichen Aperitifs.\" \/>\n<meta name=\"robots\" content=\"index, follow, max-snippet:-1, max-image-preview:large, max-video-preview:-1\" \/>\n<link rel=\"canonical\" href=\"https:\/\/relaisgourmet.com\/de\/produkt\/ziburu-set\/\" \/>\n<meta property=\"og:locale\" content=\"de_DE\" \/>\n<meta property=\"og:type\" content=\"article\" \/>\n<meta property=\"og:title\" content=\"Ziburu Set\" \/>\n<meta property=\"og:description\" content=\"Das Geschenkset ZiburuEin Geschenk, das Eleganz, Tradition und Authentizit\u00e4t vereint und Sie auf eine kulinarische Reise in das Herz des Baskenlandes einl\u00e4dt.  Garantiert 100% franz\u00f6sische Produktion \u2714 Garantiert ohne Konservierungsstoffe, Zusatzstoffe und Farbstoffe. \ud83c\udf43 Mit gelbem Mais gef\u00fctterte Enten&amp;amp;amp;amp;amp;lt;br \/&gt;\ud83d\ude9a Schnelle Lieferung weltweit \ud83d\udd53 3 Jahre haltbar s=&quot;yoast-text-mark&quot; \/&gt;lass=&quot;yoast-text-mark&quot; \/ lass=&quot;yoast-text-mark&quot; \/ lass=&quot;yoast-text-mark&quot; \/ lass=&quot;yoast-text-mark&quot; \/ lass=&quot;yoast-text-mark&quot;.&gt;&gt;\ud83d\udd10 Sichere Zahlung  Nettogewicht: (1.39 kg)\" \/>\n<meta property=\"og:url\" content=\"https:\/\/relaisgourmet.com\/de\/produkt\/ziburu-set\/\" \/>\n<meta property=\"og:site_name\" content=\"Relais Gourmet\" \/>\n<meta property=\"article:publisher\" content=\"https:\/\/www.facebook.com\/relaisgourmet\/\" \/>\n<meta property=\"article:modified_time\" content=\"2026-04-01T22:28:47+00:00\" \/>\n<meta property=\"og:image\" content=\"https:\/\/relaisgourmet.com\/wp-content\/uploads\/2026\/03\/Ziburu.webp\" \/>\n\t<meta property=\"og:image:width\" content=\"1503\" \/>\n\t<meta property=\"og:image:height\" content=\"1503\" \/>\n\t<meta property=\"og:image:type\" content=\"image\/jpeg\" \/>\n<meta name=\"twitter:card\" content=\"summary_large_image\" \/>\n<meta name=\"twitter:site\" content=\"@relaisgourmet64\" \/>\n<meta name=\"twitter:label1\" content=\"Gesch\u00e4tzte Lesezeit\" \/>\n\t<meta name=\"twitter:data1\" content=\"1\u00a0Minute\" \/>\n<script type=\"application\/ld+json\" class=\"yoast-schema-graph\">{\"@context\":\"https:\\\/\\\/schema.org\",\"@graph\":[{\"@type\":\"WebPage\",\"@id\":\"https:\\\/\\\/relaisgourmet.com\\\/de\\\/produkt\\\/ziburu-set\\\/\",\"url\":\"https:\\\/\\\/relaisgourmet.com\\\/de\\\/produkt\\\/ziburu-set\\\/\",\"name\":\"Geschenkset Ziburu : Au\u00dfergew\u00f6hnliche Auswahl an Leberpasteten | Relais Gourmet\",\"isPartOf\":{\"@id\":\"https:\\\/\\\/relaisgourmet.com\\\/de\\\/#website\"},\"primaryImageOfPage\":{\"@id\":\"https:\\\/\\\/relaisgourmet.com\\\/de\\\/produkt\\\/ziburu-set\\\/#primaryimage\"},\"image\":{\"@id\":\"https:\\\/\\\/relaisgourmet.com\\\/de\\\/produkt\\\/ziburu-set\\\/#primaryimage\"},\"thumbnailUrl\":\"https:\\\/\\\/relaisgourmet.com\\\/wp-content\\\/uploads\\\/2026\\\/03\\\/Ziburu.webp\",\"datePublished\":\"2026-03-10T12:26:37+00:00\",\"dateModified\":\"2026-04-01T22:28:47+00:00\",\"description\":\"Probieren Sie das Ziburu-Set: eine Harmonie aus traditionellen und hochwertigen Spezialit\u00e4ten, perfekt f\u00fcr Ihre festlichen Aperitifs.\",\"breadcrumb\":{\"@id\":\"https:\\\/\\\/relaisgourmet.com\\\/de\\\/produkt\\\/ziburu-set\\\/#breadcrumb\"},\"inLanguage\":\"de\",\"potentialAction\":[{\"@type\":\"ReadAction\",\"target\":[\"https:\\\/\\\/relaisgourmet.com\\\/de\\\/produkt\\\/ziburu-set\\\/\"]}]},{\"@type\":\"ImageObject\",\"inLanguage\":\"de\",\"@id\":\"https:\\\/\\\/relaisgourmet.com\\\/de\\\/produkt\\\/ziburu-set\\\/#primaryimage\",\"url\":\"https:\\\/\\\/relaisgourmet.com\\\/wp-content\\\/uploads\\\/2026\\\/03\\\/Ziburu.webp\",\"contentUrl\":\"https:\\\/\\\/relaisgourmet.com\\\/wp-content\\\/uploads\\\/2026\\\/03\\\/Ziburu.webp\",\"width\":1503,\"height\":1503},{\"@type\":\"BreadcrumbList\",\"@id\":\"https:\\\/\\\/relaisgourmet.com\\\/de\\\/produkt\\\/ziburu-set\\\/#breadcrumb\",\"itemListElement\":[{\"@type\":\"ListItem\",\"position\":1,\"name\":\"Startseite\",\"item\":\"https:\\\/\\\/relaisgourmet.com\\\/de\\\/startseite\\\/\"},{\"@type\":\"ListItem\",\"position\":2,\"name\":\"Alle unsere Produkte\",\"item\":\"https:\\\/\\\/relaisgourmet.com\\\/de\\\/shop\\\/\"},{\"@type\":\"ListItem\",\"position\":3,\"name\":\"Ziburu Set\"}]},{\"@type\":\"WebSite\",\"@id\":\"https:\\\/\\\/relaisgourmet.com\\\/de\\\/#website\",\"url\":\"https:\\\/\\\/relaisgourmet.com\\\/de\\\/\",\"name\":\"Relais Gourmet\",\"description\":\"Foie Gras 100% Fran\u00e7ais\",\"publisher\":{\"@id\":\"https:\\\/\\\/relaisgourmet.com\\\/de\\\/#organization\"},\"potentialAction\":[{\"@type\":\"SearchAction\",\"target\":{\"@type\":\"EntryPoint\",\"urlTemplate\":\"https:\\\/\\\/relaisgourmet.com\\\/de\\\/?s={search_term_string}\"},\"query-input\":{\"@type\":\"PropertyValueSpecification\",\"valueRequired\":true,\"valueName\":\"search_term_string\"}}],\"inLanguage\":\"de\"},{\"@type\":\"Organization\",\"@id\":\"https:\\\/\\\/relaisgourmet.com\\\/de\\\/#organization\",\"name\":\"Relais Gourmet\",\"url\":\"https:\\\/\\\/relaisgourmet.com\\\/de\\\/\",\"logo\":{\"@type\":\"ImageObject\",\"inLanguage\":\"de\",\"@id\":\"https:\\\/\\\/relaisgourmet.com\\\/de\\\/#\\\/schema\\\/logo\\\/image\\\/\",\"url\":\"https:\\\/\\\/relaisgourmet.com\\\/wp-content\\\/uploads\\\/2026\\\/03\\\/yoast-logo-2-relais-gourmet-.png\",\"contentUrl\":\"https:\\\/\\\/relaisgourmet.com\\\/wp-content\\\/uploads\\\/2026\\\/03\\\/yoast-logo-2-relais-gourmet-.png\",\"width\":1200,\"height\":675,\"caption\":\"Relais Gourmet\"},\"image\":{\"@id\":\"https:\\\/\\\/relaisgourmet.com\\\/de\\\/#\\\/schema\\\/logo\\\/image\\\/\"},\"sameAs\":[\"https:\\\/\\\/www.facebook.com\\\/relaisgourmet\\\/\",\"https:\\\/\\\/x.com\\\/relaisgourmet64\",\"https:\\\/\\\/www.instagram.com\\\/relaisgourmetofficiel\",\"https:\\\/\\\/www.pinterest.fr\\\/relaisgourmet\\\/\"],\"email\":\"yaqueche@relaisgourmet.com\",\"telephone\":\"+33 0 5 40 07 07 65\",\"legalName\":\"Relais Gourmet\",\"vatID\":\"FR13482415015\",\"taxID\":\"482415015\"}]}<\/script>\n<!-- \/ Yoast SEO Premium plugin. -->","yoast_head_json":{"title":"Geschenkset Ziburu : Au\u00dfergew\u00f6hnliche Auswahl an Leberpasteten | Relais Gourmet","description":"Probieren Sie das Ziburu-Set: eine Harmonie aus traditionellen und hochwertigen Spezialit\u00e4ten, perfekt f\u00fcr Ihre festlichen Aperitifs.","robots":{"index":"index","follow":"follow","max-snippet":"max-snippet:-1","max-image-preview":"max-image-preview:large","max-video-preview":"max-video-preview:-1"},"canonical":"https:\/\/relaisgourmet.com\/de\/produkt\/ziburu-set\/","og_locale":"de_DE","og_type":"article","og_title":"Ziburu Set","og_description":"Das Geschenkset ZiburuEin Geschenk, das Eleganz, Tradition und Authentizit\u00e4t vereint und Sie auf eine kulinarische Reise in das Herz des Baskenlandes einl\u00e4dt.  Garantiert 100% franz\u00f6sische Produktion \u2714 Garantiert ohne Konservierungsstoffe, Zusatzstoffe und Farbstoffe. \ud83c\udf43 Mit gelbem Mais gef\u00fctterte Enten&amp;amp;amp;amp;amp;lt;br \/&gt;\ud83d\ude9a Schnelle Lieferung weltweit \ud83d\udd53 3 Jahre haltbar s=\"yoast-text-mark\" \/&gt;lass=\"yoast-text-mark\" \/ lass=\"yoast-text-mark\" \/ lass=\"yoast-text-mark\" \/ lass=\"yoast-text-mark\" \/ lass=\"yoast-text-mark\".&gt;&gt;\ud83d\udd10 Sichere Zahlung  Nettogewicht: (1.39 kg)","og_url":"https:\/\/relaisgourmet.com\/de\/produkt\/ziburu-set\/","og_site_name":"Relais Gourmet","article_publisher":"https:\/\/www.facebook.com\/relaisgourmet\/","article_modified_time":"2026-04-01T22:28:47+00:00","og_image":[{"width":1503,"height":1503,"url":"https:\/\/relaisgourmet.com\/wp-content\/uploads\/2026\/03\/Ziburu.webp","type":"image\/jpeg"}],"twitter_card":"summary_large_image","twitter_site":"@relaisgourmet64","twitter_misc":{"Gesch\u00e4tzte Lesezeit":"1\u00a0Minute"},"schema":{"@context":"https:\/\/schema.org","@graph":[{"@type":"WebPage","@id":"https:\/\/relaisgourmet.com\/de\/produkt\/ziburu-set\/","url":"https:\/\/relaisgourmet.com\/de\/produkt\/ziburu-set\/","name":"Geschenkset Ziburu : Au\u00dfergew\u00f6hnliche Auswahl an Leberpasteten | Relais Gourmet","isPartOf":{"@id":"https:\/\/relaisgourmet.com\/de\/#website"},"primaryImageOfPage":{"@id":"https:\/\/relaisgourmet.com\/de\/produkt\/ziburu-set\/#primaryimage"},"image":{"@id":"https:\/\/relaisgourmet.com\/de\/produkt\/ziburu-set\/#primaryimage"},"thumbnailUrl":"https:\/\/relaisgourmet.com\/wp-content\/uploads\/2026\/03\/Ziburu.webp","datePublished":"2026-03-10T12:26:37+00:00","dateModified":"2026-04-01T22:28:47+00:00","description":"Probieren Sie das Ziburu-Set: eine Harmonie aus traditionellen und hochwertigen Spezialit\u00e4ten, perfekt f\u00fcr Ihre festlichen Aperitifs.","breadcrumb":{"@id":"https:\/\/relaisgourmet.com\/de\/produkt\/ziburu-set\/#breadcrumb"},"inLanguage":"de","potentialAction":[{"@type":"ReadAction","target":["https:\/\/relaisgourmet.com\/de\/produkt\/ziburu-set\/"]}]},{"@type":"ImageObject","inLanguage":"de","@id":"https:\/\/relaisgourmet.com\/de\/produkt\/ziburu-set\/#primaryimage","url":"https:\/\/relaisgourmet.com\/wp-content\/uploads\/2026\/03\/Ziburu.webp","contentUrl":"https:\/\/relaisgourmet.com\/wp-content\/uploads\/2026\/03\/Ziburu.webp","width":1503,"height":1503},{"@type":"BreadcrumbList","@id":"https:\/\/relaisgourmet.com\/de\/produkt\/ziburu-set\/#breadcrumb","itemListElement":[{"@type":"ListItem","position":1,"name":"Startseite","item":"https:\/\/relaisgourmet.com\/de\/startseite\/"},{"@type":"ListItem","position":2,"name":"Alle unsere Produkte","item":"https:\/\/relaisgourmet.com\/de\/shop\/"},{"@type":"ListItem","position":3,"name":"Ziburu Set"}]},{"@type":"WebSite","@id":"https:\/\/relaisgourmet.com\/de\/#website","url":"https:\/\/relaisgourmet.com\/de\/","name":"Relais Gourmet","description":"Foie Gras 100% Fran\u00e7ais","publisher":{"@id":"https:\/\/relaisgourmet.com\/de\/#organization"},"potentialAction":[{"@type":"SearchAction","target":{"@type":"EntryPoint","urlTemplate":"https:\/\/relaisgourmet.com\/de\/?s={search_term_string}"},"query-input":{"@type":"PropertyValueSpecification","valueRequired":true,"valueName":"search_term_string"}}],"inLanguage":"de"},{"@type":"Organization","@id":"https:\/\/relaisgourmet.com\/de\/#organization","name":"Relais Gourmet","url":"https:\/\/relaisgourmet.com\/de\/","logo":{"@type":"ImageObject","inLanguage":"de","@id":"https:\/\/relaisgourmet.com\/de\/#\/schema\/logo\/image\/","url":"https:\/\/relaisgourmet.com\/wp-content\/uploads\/2026\/03\/yoast-logo-2-relais-gourmet-.png","contentUrl":"https:\/\/relaisgourmet.com\/wp-content\/uploads\/2026\/03\/yoast-logo-2-relais-gourmet-.png","width":1200,"height":675,"caption":"Relais Gourmet"},"image":{"@id":"https:\/\/relaisgourmet.com\/de\/#\/schema\/logo\/image\/"},"sameAs":["https:\/\/www.facebook.com\/relaisgourmet\/","https:\/\/x.com\/relaisgourmet64","https:\/\/www.instagram.com\/relaisgourmetofficiel","https:\/\/www.pinterest.fr\/relaisgourmet\/"],"email":"yaqueche@relaisgourmet.com","telephone":"+33 0 5 40 07 07 65","legalName":"Relais Gourmet","vatID":"FR13482415015","taxID":"482415015"}]}},"_links":{"self":[{"href":"https:\/\/relaisgourmet.com\/de\/wp-json\/wp\/v2\/product\/61779","targetHints":{"allow":["GET"]}}],"collection":[{"href":"https:\/\/relaisgourmet.com\/de\/wp-json\/wp\/v2\/product"}],"about":[{"href":"https:\/\/relaisgourmet.com\/de\/wp-json\/wp\/v2\/types\/product"}],"replies":[{"embeddable":true,"href":"https:\/\/relaisgourmet.com\/de\/wp-json\/wp\/v2\/comments?post=61779"}],"wp:featuredmedia":[{"embeddable":true,"href":"https:\/\/relaisgourmet.com\/de\/wp-json\/wp\/v2\/media\/61783"}],"wp:attachment":[{"href":"https:\/\/relaisgourmet.com\/de\/wp-json\/wp\/v2\/media?parent=61779"}],"wp:term":[{"taxonomy":"product_brand","embeddable":true,"href":"https:\/\/relaisgourmet.com\/de\/wp-json\/wp\/v2\/product_brand?post=61779"},{"taxonomy":"product_cat","embeddable":true,"href":"https:\/\/relaisgourmet.com\/de\/wp-json\/wp\/v2\/product_cat?post=61779"},{"taxonomy":"product_tag","embeddable":true,"href":"https:\/\/relaisgourmet.com\/de\/wp-json\/wp\/v2\/product_tag?post=61779"},{"taxonomy":"giftcard-category","embeddable":true,"href":"https:\/\/relaisgourmet.com\/de\/wp-json\/wp\/v2\/giftcard-category?post=61779"}],"curies":[{"name":"wp","href":"https:\/\/api.w.org\/{rel}","templated":true}]}}