{"id":61752,"date":"2026-03-10T12:26:36","date_gmt":"2026-03-10T12:26:36","guid":{"rendered":"https:\/\/strange-jennings.213-136-85-46.plesk.page\/product\/gourmet-aperitif-mit-jurancon\/"},"modified":"2026-03-10T12:26:36","modified_gmt":"2026-03-10T12:26:36","slug":"gourmet-aperitif-mit-jurancon","status":"publish","type":"product","link":"https:\/\/relaisgourmet.com\/de\/produkt\/gourmet-aperitif-mit-jurancon\/","title":{"rendered":"Gourmet-Aperitif mit Juran\u00e7on"},"content":{"rendered":"<p>In diesem Gourmet-Aperitif mit Juran\u00e7on ist der Juran\u00e7on-Wein ein <b>reichhaltiger und aromatischer<\/b> Wei\u00dfwein aus Frankreich, der in den Pyren\u00e4en-Atlantiks hergestellt wird und f\u00fcr seine <b>Noten von exotischen Fr\u00fcchten<\/b> ber\u00fchmt ist.<br \/>\nUnser Gourmet-Aperitif mit Juran\u00e7on wird Sie eine k\u00f6stliche Kombination aus cremigen Aromen und dem Juran\u00e7on entdecken lassen, einem s\u00fc\u00dfen und fruchtigen Wein, der Ihrem Aperitif einen subtilen Touch verleiht.<br \/>\n<b>Garantiert frei von Konservierungsmitteln, Zusatzstoffen und Farbstoffen.<\/b><br \/>\n<b>Zutaten:<\/b> mageres Schweinefleisch und Schweinehals, Schweineleber, Ei, Juran\u00e7on-Wein (5%), Salz, Pfeffer und Knoblauch.<br \/>\n<b>Haltbarkeit:<\/b> 3 Jahre bei Raumtemperatur. Nach dem \u00d6ffnen innerhalb von 15 Tagen verbrauchen und im K\u00fchlschrank aufbewahren.<br \/>\nAlle unsere Tipps und Tricks zur Zubereitung finden Sie in der Rubrik Blog und auf unserer Instagram-Seite . <\/p>\n","protected":false},"excerpt":{"rendered":"<p>In diesem Gourmet-Aperitif mit Juran\u00e7on ist der Juran\u00e7on-Wein ein reichhaltiger und aromatischer [&hellip;]<\/p>\n","protected":false},"featured_media":61754,"comment_status":"closed","ping_status":"closed","template":"","meta":{"_iconic_wsb_product_page_order_bump_ids":[],"_sku":["6P-O7BM-379M"],"_iconic_wsb_product_page_bump_modal_ids":[]},"product_brand":[],"product_cat":[1537],"product_tag":[],"giftcard-category":[],"class_list":{"0":"post-61752","1":"product","2":"type-product","3":"status-publish","4":"has-post-thumbnail","6":"product_cat-unkategorisiert","8":"first","9":"instock","10":"taxable","11":"shipping-taxable","12":"purchasable","13":"product-type-simple"},"yoast_head":"<!-- This site is optimized with the Yoast SEO Premium plugin v27.3 (Yoast SEO v27.3) - https:\/\/yoast.com\/product\/yoast-seo-premium-wordpress\/ -->\n<title>Gourmet-Aperitif mit Juran\u00e7on | Relais Gourmet<\/title>\n<meta name=\"description\" content=\"Aperitif mit Juran\u00e7on: ein delikates s\u00fc\u00df-salziges Rezept mit s\u00fcdwestlichen Akzenten.\" \/>\n<meta name=\"robots\" content=\"index, follow, max-snippet:-1, max-image-preview:large, max-video-preview:-1\" \/>\n<link rel=\"canonical\" href=\"https:\/\/relaisgourmet.com\/de\/produkt\/gourmet-aperitif-mit-jurancon\/\" \/>\n<meta property=\"og:locale\" content=\"de_DE\" \/>\n<meta property=\"og:type\" content=\"article\" \/>\n<meta property=\"og:title\" content=\"Gourmet-Aperitif mit Juran\u00e7on\" \/>\n<meta property=\"og:description\" content=\"In diesem Gourmet-Aperitif mit Juran\u00e7on ist der Juran\u00e7on-Wein ein reichhaltiger und aromatischer Wei\u00dfwein aus Frankreich, der in den Pyren\u00e4en-Atlantiks\" \/>\n<meta property=\"og:url\" content=\"https:\/\/relaisgourmet.com\/de\/produkt\/gourmet-aperitif-mit-jurancon\/\" \/>\n<meta property=\"og:site_name\" content=\"Relais Gourmet\" \/>\n<meta property=\"article:publisher\" content=\"https:\/\/www.facebook.com\/relaisgourmet\/\" \/>\n<meta property=\"og:image\" content=\"https:\/\/relaisgourmet.com\/wp-content\/uploads\/2026\/03\/Apero-Jurancon-min.png\" \/>\n\t<meta property=\"og:image:width\" content=\"1000\" \/>\n\t<meta property=\"og:image:height\" content=\"1000\" \/>\n\t<meta property=\"og:image:type\" content=\"image\/png\" \/>\n<meta name=\"twitter:card\" content=\"summary_large_image\" \/>\n<meta name=\"twitter:site\" content=\"@relaisgourmet64\" \/>\n<meta name=\"twitter:label1\" content=\"Gesch\u00e4tzte Lesezeit\" \/>\n\t<meta name=\"twitter:data1\" content=\"1\u00a0Minute\" \/>\n<script type=\"application\/ld+json\" class=\"yoast-schema-graph\">{\"@context\":\"https:\\\/\\\/schema.org\",\"@graph\":[{\"@type\":\"WebPage\",\"@id\":\"https:\\\/\\\/relaisgourmet.com\\\/de\\\/produkt\\\/gourmet-aperitif-mit-jurancon\\\/\",\"url\":\"https:\\\/\\\/relaisgourmet.com\\\/de\\\/produkt\\\/gourmet-aperitif-mit-jurancon\\\/\",\"name\":\"Gourmet-Aperitif mit Juran\u00e7on | Relais Gourmet\",\"isPartOf\":{\"@id\":\"https:\\\/\\\/relaisgourmet.com\\\/de\\\/#website\"},\"primaryImageOfPage\":{\"@id\":\"https:\\\/\\\/relaisgourmet.com\\\/de\\\/produkt\\\/gourmet-aperitif-mit-jurancon\\\/#primaryimage\"},\"image\":{\"@id\":\"https:\\\/\\\/relaisgourmet.com\\\/de\\\/produkt\\\/gourmet-aperitif-mit-jurancon\\\/#primaryimage\"},\"thumbnailUrl\":\"https:\\\/\\\/relaisgourmet.com\\\/wp-content\\\/uploads\\\/2026\\\/03\\\/Apero-Jurancon-min.png\",\"datePublished\":\"2026-03-10T12:26:36+00:00\",\"description\":\"Aperitif mit Juran\u00e7on: ein delikates s\u00fc\u00df-salziges Rezept mit s\u00fcdwestlichen Akzenten.\",\"breadcrumb\":{\"@id\":\"https:\\\/\\\/relaisgourmet.com\\\/de\\\/produkt\\\/gourmet-aperitif-mit-jurancon\\\/#breadcrumb\"},\"inLanguage\":\"de\",\"potentialAction\":[{\"@type\":\"ReadAction\",\"target\":[\"https:\\\/\\\/relaisgourmet.com\\\/de\\\/produkt\\\/gourmet-aperitif-mit-jurancon\\\/\"]}]},{\"@type\":\"ImageObject\",\"inLanguage\":\"de\",\"@id\":\"https:\\\/\\\/relaisgourmet.com\\\/de\\\/produkt\\\/gourmet-aperitif-mit-jurancon\\\/#primaryimage\",\"url\":\"https:\\\/\\\/relaisgourmet.com\\\/wp-content\\\/uploads\\\/2026\\\/03\\\/Apero-Jurancon-min.png\",\"contentUrl\":\"https:\\\/\\\/relaisgourmet.com\\\/wp-content\\\/uploads\\\/2026\\\/03\\\/Apero-Jurancon-min.png\",\"width\":1000,\"height\":1000},{\"@type\":\"BreadcrumbList\",\"@id\":\"https:\\\/\\\/relaisgourmet.com\\\/de\\\/produkt\\\/gourmet-aperitif-mit-jurancon\\\/#breadcrumb\",\"itemListElement\":[{\"@type\":\"ListItem\",\"position\":1,\"name\":\"Startseite\",\"item\":\"https:\\\/\\\/relaisgourmet.com\\\/de\\\/startseite\\\/\"},{\"@type\":\"ListItem\",\"position\":2,\"name\":\"Alle unsere Produkte\",\"item\":\"https:\\\/\\\/relaisgourmet.com\\\/de\\\/shop\\\/\"},{\"@type\":\"ListItem\",\"position\":3,\"name\":\"Gourmet-Aperitif mit Juran\u00e7on\"}]},{\"@type\":\"WebSite\",\"@id\":\"https:\\\/\\\/relaisgourmet.com\\\/de\\\/#website\",\"url\":\"https:\\\/\\\/relaisgourmet.com\\\/de\\\/\",\"name\":\"Relais Gourmet\",\"description\":\"Foie Gras 100% Fran\u00e7ais\",\"publisher\":{\"@id\":\"https:\\\/\\\/relaisgourmet.com\\\/de\\\/#organization\"},\"potentialAction\":[{\"@type\":\"SearchAction\",\"target\":{\"@type\":\"EntryPoint\",\"urlTemplate\":\"https:\\\/\\\/relaisgourmet.com\\\/de\\\/?s={search_term_string}\"},\"query-input\":{\"@type\":\"PropertyValueSpecification\",\"valueRequired\":true,\"valueName\":\"search_term_string\"}}],\"inLanguage\":\"de\"},{\"@type\":\"Organization\",\"@id\":\"https:\\\/\\\/relaisgourmet.com\\\/de\\\/#organization\",\"name\":\"Relais Gourmet\",\"url\":\"https:\\\/\\\/relaisgourmet.com\\\/de\\\/\",\"logo\":{\"@type\":\"ImageObject\",\"inLanguage\":\"de\",\"@id\":\"https:\\\/\\\/relaisgourmet.com\\\/de\\\/#\\\/schema\\\/logo\\\/image\\\/\",\"url\":\"https:\\\/\\\/relaisgourmet.com\\\/wp-content\\\/uploads\\\/2026\\\/03\\\/yoast-logo-2-relais-gourmet-.png\",\"contentUrl\":\"https:\\\/\\\/relaisgourmet.com\\\/wp-content\\\/uploads\\\/2026\\\/03\\\/yoast-logo-2-relais-gourmet-.png\",\"width\":1200,\"height\":675,\"caption\":\"Relais Gourmet\"},\"image\":{\"@id\":\"https:\\\/\\\/relaisgourmet.com\\\/de\\\/#\\\/schema\\\/logo\\\/image\\\/\"},\"sameAs\":[\"https:\\\/\\\/www.facebook.com\\\/relaisgourmet\\\/\",\"https:\\\/\\\/x.com\\\/relaisgourmet64\",\"https:\\\/\\\/www.instagram.com\\\/relaisgourmetofficiel\",\"https:\\\/\\\/www.pinterest.fr\\\/relaisgourmet\\\/\"],\"email\":\"yaqueche@relaisgourmet.com\",\"telephone\":\"+33 0 5 40 07 07 65\",\"legalName\":\"Relais Gourmet\",\"vatID\":\"FR13482415015\",\"taxID\":\"482415015\"}]}<\/script>\n<!-- \/ Yoast SEO Premium plugin. -->","yoast_head_json":{"title":"Gourmet-Aperitif mit Juran\u00e7on | Relais Gourmet","description":"Aperitif mit Juran\u00e7on: ein delikates s\u00fc\u00df-salziges Rezept mit s\u00fcdwestlichen Akzenten.","robots":{"index":"index","follow":"follow","max-snippet":"max-snippet:-1","max-image-preview":"max-image-preview:large","max-video-preview":"max-video-preview:-1"},"canonical":"https:\/\/relaisgourmet.com\/de\/produkt\/gourmet-aperitif-mit-jurancon\/","og_locale":"de_DE","og_type":"article","og_title":"Gourmet-Aperitif mit Juran\u00e7on","og_description":"In diesem Gourmet-Aperitif mit Juran\u00e7on ist der Juran\u00e7on-Wein ein reichhaltiger und aromatischer Wei\u00dfwein aus Frankreich, der in den Pyren\u00e4en-Atlantiks","og_url":"https:\/\/relaisgourmet.com\/de\/produkt\/gourmet-aperitif-mit-jurancon\/","og_site_name":"Relais Gourmet","article_publisher":"https:\/\/www.facebook.com\/relaisgourmet\/","og_image":[{"width":1000,"height":1000,"url":"https:\/\/relaisgourmet.com\/wp-content\/uploads\/2026\/03\/Apero-Jurancon-min.png","type":"image\/png"}],"twitter_card":"summary_large_image","twitter_site":"@relaisgourmet64","twitter_misc":{"Gesch\u00e4tzte Lesezeit":"1\u00a0Minute"},"schema":{"@context":"https:\/\/schema.org","@graph":[{"@type":"WebPage","@id":"https:\/\/relaisgourmet.com\/de\/produkt\/gourmet-aperitif-mit-jurancon\/","url":"https:\/\/relaisgourmet.com\/de\/produkt\/gourmet-aperitif-mit-jurancon\/","name":"Gourmet-Aperitif mit Juran\u00e7on | Relais Gourmet","isPartOf":{"@id":"https:\/\/relaisgourmet.com\/de\/#website"},"primaryImageOfPage":{"@id":"https:\/\/relaisgourmet.com\/de\/produkt\/gourmet-aperitif-mit-jurancon\/#primaryimage"},"image":{"@id":"https:\/\/relaisgourmet.com\/de\/produkt\/gourmet-aperitif-mit-jurancon\/#primaryimage"},"thumbnailUrl":"https:\/\/relaisgourmet.com\/wp-content\/uploads\/2026\/03\/Apero-Jurancon-min.png","datePublished":"2026-03-10T12:26:36+00:00","description":"Aperitif mit Juran\u00e7on: ein delikates s\u00fc\u00df-salziges Rezept mit s\u00fcdwestlichen Akzenten.","breadcrumb":{"@id":"https:\/\/relaisgourmet.com\/de\/produkt\/gourmet-aperitif-mit-jurancon\/#breadcrumb"},"inLanguage":"de","potentialAction":[{"@type":"ReadAction","target":["https:\/\/relaisgourmet.com\/de\/produkt\/gourmet-aperitif-mit-jurancon\/"]}]},{"@type":"ImageObject","inLanguage":"de","@id":"https:\/\/relaisgourmet.com\/de\/produkt\/gourmet-aperitif-mit-jurancon\/#primaryimage","url":"https:\/\/relaisgourmet.com\/wp-content\/uploads\/2026\/03\/Apero-Jurancon-min.png","contentUrl":"https:\/\/relaisgourmet.com\/wp-content\/uploads\/2026\/03\/Apero-Jurancon-min.png","width":1000,"height":1000},{"@type":"BreadcrumbList","@id":"https:\/\/relaisgourmet.com\/de\/produkt\/gourmet-aperitif-mit-jurancon\/#breadcrumb","itemListElement":[{"@type":"ListItem","position":1,"name":"Startseite","item":"https:\/\/relaisgourmet.com\/de\/startseite\/"},{"@type":"ListItem","position":2,"name":"Alle unsere Produkte","item":"https:\/\/relaisgourmet.com\/de\/shop\/"},{"@type":"ListItem","position":3,"name":"Gourmet-Aperitif mit Juran\u00e7on"}]},{"@type":"WebSite","@id":"https:\/\/relaisgourmet.com\/de\/#website","url":"https:\/\/relaisgourmet.com\/de\/","name":"Relais Gourmet","description":"Foie Gras 100% Fran\u00e7ais","publisher":{"@id":"https:\/\/relaisgourmet.com\/de\/#organization"},"potentialAction":[{"@type":"SearchAction","target":{"@type":"EntryPoint","urlTemplate":"https:\/\/relaisgourmet.com\/de\/?s={search_term_string}"},"query-input":{"@type":"PropertyValueSpecification","valueRequired":true,"valueName":"search_term_string"}}],"inLanguage":"de"},{"@type":"Organization","@id":"https:\/\/relaisgourmet.com\/de\/#organization","name":"Relais Gourmet","url":"https:\/\/relaisgourmet.com\/de\/","logo":{"@type":"ImageObject","inLanguage":"de","@id":"https:\/\/relaisgourmet.com\/de\/#\/schema\/logo\/image\/","url":"https:\/\/relaisgourmet.com\/wp-content\/uploads\/2026\/03\/yoast-logo-2-relais-gourmet-.png","contentUrl":"https:\/\/relaisgourmet.com\/wp-content\/uploads\/2026\/03\/yoast-logo-2-relais-gourmet-.png","width":1200,"height":675,"caption":"Relais Gourmet"},"image":{"@id":"https:\/\/relaisgourmet.com\/de\/#\/schema\/logo\/image\/"},"sameAs":["https:\/\/www.facebook.com\/relaisgourmet\/","https:\/\/x.com\/relaisgourmet64","https:\/\/www.instagram.com\/relaisgourmetofficiel","https:\/\/www.pinterest.fr\/relaisgourmet\/"],"email":"yaqueche@relaisgourmet.com","telephone":"+33 0 5 40 07 07 65","legalName":"Relais Gourmet","vatID":"FR13482415015","taxID":"482415015"}]}},"_links":{"self":[{"href":"https:\/\/relaisgourmet.com\/de\/wp-json\/wp\/v2\/product\/61752","targetHints":{"allow":["GET"]}}],"collection":[{"href":"https:\/\/relaisgourmet.com\/de\/wp-json\/wp\/v2\/product"}],"about":[{"href":"https:\/\/relaisgourmet.com\/de\/wp-json\/wp\/v2\/types\/product"}],"replies":[{"embeddable":true,"href":"https:\/\/relaisgourmet.com\/de\/wp-json\/wp\/v2\/comments?post=61752"}],"wp:featuredmedia":[{"embeddable":true,"href":"https:\/\/relaisgourmet.com\/de\/wp-json\/wp\/v2\/media\/61754"}],"wp:attachment":[{"href":"https:\/\/relaisgourmet.com\/de\/wp-json\/wp\/v2\/media?parent=61752"}],"wp:term":[{"taxonomy":"product_brand","embeddable":true,"href":"https:\/\/relaisgourmet.com\/de\/wp-json\/wp\/v2\/product_brand?post=61752"},{"taxonomy":"product_cat","embeddable":true,"href":"https:\/\/relaisgourmet.com\/de\/wp-json\/wp\/v2\/product_cat?post=61752"},{"taxonomy":"product_tag","embeddable":true,"href":"https:\/\/relaisgourmet.com\/de\/wp-json\/wp\/v2\/product_tag?post=61752"},{"taxonomy":"giftcard-category","embeddable":true,"href":"https:\/\/relaisgourmet.com\/de\/wp-json\/wp\/v2\/giftcard-category?post=61752"}],"curies":[{"name":"wp","href":"https:\/\/api.w.org\/{rel}","templated":true}]}}