{"id":61679,"date":"2026-03-10T12:26:35","date_gmt":"2026-03-10T12:26:35","guid":{"rendered":"https:\/\/strange-jennings.213-136-85-46.plesk.page\/product\/gourmet-aperitif-mit-kandierten-schalotten\/"},"modified":"2026-04-01T22:28:49","modified_gmt":"2026-04-01T22:28:49","slug":"gourmet-aperitif-mit-kandierten-schalotten","status":"publish","type":"product","link":"https:\/\/relaisgourmet.com\/de\/produkt\/gourmet-aperitif-mit-kandierten-schalotten\/","title":{"rendered":"Gourmet-Aperitif mit kandierten Schalotten"},"content":{"rendered":"<p data-start=\"537\" data-end=\"1016\">Der<strong data-start=\"539\" data-end=\"582\">Gourmet-Aperitif mit kandierten Schalotten<\/strong> ist eine zartschmelzende, raffinierte, handwerklich hergestellte Spezialit\u00e4t, die die Sinne mit jedem Bissen erweckt. Inspiriert von den besten kulinarischen Traditionen, verbindet dieser <strong>Gourmet-Aperitif mit kandierten Schalotten<\/strong> auf subtile Weise S\u00fc\u00dfe und Charakter mit sorgf\u00e4ltig ausgew\u00e4hlten Zutaten.<br data-start=\"869\" data-end=\"872\">Dies ist eine Feier der Einfachheit und Qualit\u00e4t f\u00fcr diejenigen, die die Authentizit\u00e4t und den wahren Geschmack von nat\u00fcrlichen Zutaten sch\u00e4tzen. <\/p>\n<p data-start=\"1018\" data-end=\"1222\">Garantiert <strong data-start=\"1026\" data-end=\"1081\">ohne Konservierungsstoffe, Zusatzstoffe und Farbstoffe<\/strong> bietet er ein unvergessliches kulinarisches Erlebnis, ideal als Brotaufstrich bei einem Gourmet-Aperitif oder auf warmem Toast.<\/p>\n<p data-start=\"1224\" data-end=\"1468\"><strong data-start=\"1224\" data-end=\"1241\">Zutaten:<\/strong> Schweiner\u00fccken und -hals, Gefl\u00fcgelleber, Ei, kandierte Schalotten (4,9 %), Salz, Pfeffer und Knoblauch.<br data-start=\"1337\" data-end=\"1340\"><strong data-start=\"1340\" data-end=\"1358\">Haltbarkeit:<\/strong> 3 Jahre bei Raumtemperatur. Nach dem \u00d6ffnen innerhalb von 15 Tagen verbrauchen und im K\u00fchlschrank aufbewahren. <\/p>\n<p data-start=\"1470\" data-end=\"1907\">Weitere handwerkliche Rezepte finden Sie in unserem <a class=\"decorated-link cursor-pointer\" target=\"_new\" rel=\"noopener\" data-start=\"1531\" data-end=\"1641\">Gourmet-Aperitif mit Piment d&#8217;Espelette oder unserer Ganzen<\/a> <a class=\"decorated-link cursor-pointer\" target=\"_new\" rel=\"noopener\" data-start=\"1651\" data-end=\"1729\">Leberpastete Natur<\/a>.<\/p>\n<p data-start=\"1470\" data-end=\"1907\">Lesen Sie auch unsere Verkostungstipps in der Rubrik <a class=\"decorated-link cursor-pointer\" target=\"_new\" rel=\"noopener\" data-start=\"1794\" data-end=\"1833\">Blog<\/a> und folgen Sie uns auf <a class=\"decorated-link\" href=\"https:\/\/www.instagram.com\/relaisgourmet\/\" target=\"_new\" rel=\"noopener\" data-start=\"1853\" data-end=\"1906\">Instagram<\/a>.<\/p>\n","protected":false},"excerpt":{"rendered":"<p>Eine Kreation, die Raffinesse und reiche Aromen in einem Bissen vereint.<\/p>\n<p><img decoding=\"async\" class=\"emoji\" role=\"img\" src=\"https:\/\/s.w.org\/images\/core\/emoji\/15.0.3\/svg\/1f1eb-1f1f7.svg\" alt=\"\ud83c\uddeb\ud83c\uddf7\">  100 % franz\u00f6sische Produktion garantiert<br \/>\n<img decoding=\"async\" class=\"emoji\" role=\"img\" draggable=\"false\" src=\"https:\/\/s.w.org\/images\/core\/emoji\/17.0.2\/svg\/2714.svg\" alt=\"\u2714\">  Garantiert ohne Konservierungsstoffe, Zusatzstoffe und Farbstoffe.<br \/>\n<img decoding=\"async\" class=\"emoji\" role=\"img\" draggable=\"false\" src=\"https:\/\/s.w.org\/images\/core\/emoji\/17.0.2\/svg\/1f343.svg\" alt=\"\ud83c\udf43\">  Enten, die mit gelbem Mais gef\u00fcttert wurden<br \/>\n<img decoding=\"async\" class=\"emoji\" role=\"img\" draggable=\"false\" src=\"https:\/\/s.w.org\/images\/core\/emoji\/17.0.2\/svg\/1f69a.svg\" alt=\"\ud83d\ude9a\">  Schnelle Lieferung weltweit<br \/>\n<img decoding=\"async\" class=\"emoji\" role=\"img\" draggable=\"false\" src=\"https:\/\/s.w.org\/images\/core\/emoji\/17.0.2\/svg\/1f553.svg\" alt=\"\ud83d\udd53\">  Bewahrt sie 3 Jahre lang<br \/>\n<img decoding=\"async\" class=\"emoji\" role=\"img\" draggable=\"false\" src=\"https:\/\/s.w.org\/images\/core\/emoji\/17.0.2\/svg\/1f510.svg\" alt=\"\ud83d\udd10\">  Sichere Zahlung<\/p>\n","protected":false},"featured_media":61683,"comment_status":"closed","ping_status":"closed","template":"","meta":{"_iconic_wsb_product_page_order_bump_ids":[[]],"_sku":["MV-Y56G-IZ1C"],"_iconic_wsb_product_page_bump_modal_ids":[[]]},"product_brand":[],"product_cat":[1676],"product_tag":[1661],"giftcard-category":[],"class_list":{"0":"post-61679","1":"product","2":"type-product","3":"status-publish","4":"has-post-thumbnail","6":"product_cat-aperitife-mit-brotaufstrich","7":"product_tag-made-in-frankreich","8":"product_shipping_class-standard","10":"first","11":"instock","12":"taxable","13":"shipping-taxable","14":"purchasable","15":"product-type-simple"},"yoast_head":"<!-- This site is optimized with the Yoast SEO Premium plugin v27.3 (Yoast SEO v27.3) - https:\/\/yoast.com\/product\/yoast-seo-premium-wordpress\/ -->\n<title>Gourmet-Aperitif mit kandierten Schalotten | Relais Gourmet<\/title>\n<meta name=\"description\" content=\"Aperitif mit kandierten Schalotten - Ein schmelzender und schmackhafter handwerklicher Aufstrich ohne Zusatz- und Konservierungsstoffe, perfekt f\u00fcr Ihren Gourmet-Aperitif.\" \/>\n<meta name=\"robots\" content=\"index, follow, max-snippet:-1, max-image-preview:large, max-video-preview:-1\" \/>\n<link rel=\"canonical\" href=\"https:\/\/relaisgourmet.com\/de\/produkt\/gourmet-aperitif-mit-kandierten-schalotten\/\" \/>\n<meta property=\"og:locale\" content=\"de_DE\" \/>\n<meta property=\"og:type\" content=\"article\" \/>\n<meta property=\"og:title\" content=\"Gourmet-Aperitif mit kandierten Schalotten\" \/>\n<meta property=\"og:description\" content=\"Eine Kreation, die Raffinesse und reiche Aromen in einem Bissen vereint.  100 % franz\u00f6sische Produktion garantiert  Garantiert ohne Konservierungsstoffe, Zusatzstoffe und Farbstoffe.  Enten, die mit gelbem Mais gef\u00fcttert wurden  Schnelle Lieferung weltweit  Bewahrt sie 3 Jahre lang  Sichere Zahlung\" \/>\n<meta property=\"og:url\" content=\"https:\/\/relaisgourmet.com\/de\/produkt\/gourmet-aperitif-mit-kandierten-schalotten\/\" \/>\n<meta property=\"og:site_name\" content=\"Relais Gourmet\" \/>\n<meta property=\"article:publisher\" content=\"https:\/\/www.facebook.com\/relaisgourmet\/\" \/>\n<meta property=\"article:modified_time\" content=\"2026-04-01T22:28:49+00:00\" \/>\n<meta property=\"og:image\" content=\"https:\/\/relaisgourmet.com\/wp-content\/uploads\/2026\/03\/Apero-Echalottes.png\" \/>\n\t<meta property=\"og:image:width\" content=\"1000\" \/>\n\t<meta property=\"og:image:height\" content=\"1000\" \/>\n\t<meta property=\"og:image:type\" content=\"image\/png\" \/>\n<meta name=\"twitter:card\" content=\"summary_large_image\" \/>\n<meta name=\"twitter:site\" content=\"@relaisgourmet64\" \/>\n<meta name=\"twitter:label1\" content=\"Gesch\u00e4tzte Lesezeit\" \/>\n\t<meta name=\"twitter:data1\" content=\"1\u00a0Minute\" \/>\n<script type=\"application\/ld+json\" class=\"yoast-schema-graph\">{\"@context\":\"https:\\\/\\\/schema.org\",\"@graph\":[{\"@type\":\"WebPage\",\"@id\":\"https:\\\/\\\/relaisgourmet.com\\\/de\\\/produkt\\\/gourmet-aperitif-mit-kandierten-schalotten\\\/\",\"url\":\"https:\\\/\\\/relaisgourmet.com\\\/de\\\/produkt\\\/gourmet-aperitif-mit-kandierten-schalotten\\\/\",\"name\":\"Gourmet-Aperitif mit kandierten Schalotten | Relais Gourmet\",\"isPartOf\":{\"@id\":\"https:\\\/\\\/relaisgourmet.com\\\/de\\\/#website\"},\"primaryImageOfPage\":{\"@id\":\"https:\\\/\\\/relaisgourmet.com\\\/de\\\/produkt\\\/gourmet-aperitif-mit-kandierten-schalotten\\\/#primaryimage\"},\"image\":{\"@id\":\"https:\\\/\\\/relaisgourmet.com\\\/de\\\/produkt\\\/gourmet-aperitif-mit-kandierten-schalotten\\\/#primaryimage\"},\"thumbnailUrl\":\"https:\\\/\\\/relaisgourmet.com\\\/wp-content\\\/uploads\\\/2026\\\/03\\\/Apero-Echalottes.png\",\"datePublished\":\"2026-03-10T12:26:35+00:00\",\"dateModified\":\"2026-04-01T22:28:49+00:00\",\"description\":\"Aperitif mit kandierten Schalotten - Ein schmelzender und schmackhafter handwerklicher Aufstrich ohne Zusatz- und Konservierungsstoffe, perfekt f\u00fcr Ihren Gourmet-Aperitif.\",\"breadcrumb\":{\"@id\":\"https:\\\/\\\/relaisgourmet.com\\\/de\\\/produkt\\\/gourmet-aperitif-mit-kandierten-schalotten\\\/#breadcrumb\"},\"inLanguage\":\"de\",\"potentialAction\":[{\"@type\":\"ReadAction\",\"target\":[\"https:\\\/\\\/relaisgourmet.com\\\/de\\\/produkt\\\/gourmet-aperitif-mit-kandierten-schalotten\\\/\"]}]},{\"@type\":\"ImageObject\",\"inLanguage\":\"de\",\"@id\":\"https:\\\/\\\/relaisgourmet.com\\\/de\\\/produkt\\\/gourmet-aperitif-mit-kandierten-schalotten\\\/#primaryimage\",\"url\":\"https:\\\/\\\/relaisgourmet.com\\\/wp-content\\\/uploads\\\/2026\\\/03\\\/Apero-Echalottes.png\",\"contentUrl\":\"https:\\\/\\\/relaisgourmet.com\\\/wp-content\\\/uploads\\\/2026\\\/03\\\/Apero-Echalottes.png\",\"width\":1000,\"height\":1000},{\"@type\":\"BreadcrumbList\",\"@id\":\"https:\\\/\\\/relaisgourmet.com\\\/de\\\/produkt\\\/gourmet-aperitif-mit-kandierten-schalotten\\\/#breadcrumb\",\"itemListElement\":[{\"@type\":\"ListItem\",\"position\":1,\"name\":\"Startseite\",\"item\":\"https:\\\/\\\/relaisgourmet.com\\\/de\\\/startseite\\\/\"},{\"@type\":\"ListItem\",\"position\":2,\"name\":\"Alle unsere Produkte\",\"item\":\"https:\\\/\\\/relaisgourmet.com\\\/de\\\/shop\\\/\"},{\"@type\":\"ListItem\",\"position\":3,\"name\":\"Gourmet-Aperitif mit kandierten Schalotten\"}]},{\"@type\":\"WebSite\",\"@id\":\"https:\\\/\\\/relaisgourmet.com\\\/de\\\/#website\",\"url\":\"https:\\\/\\\/relaisgourmet.com\\\/de\\\/\",\"name\":\"Relais Gourmet\",\"description\":\"Foie Gras 100% Fran\u00e7ais\",\"publisher\":{\"@id\":\"https:\\\/\\\/relaisgourmet.com\\\/de\\\/#organization\"},\"potentialAction\":[{\"@type\":\"SearchAction\",\"target\":{\"@type\":\"EntryPoint\",\"urlTemplate\":\"https:\\\/\\\/relaisgourmet.com\\\/de\\\/?s={search_term_string}\"},\"query-input\":{\"@type\":\"PropertyValueSpecification\",\"valueRequired\":true,\"valueName\":\"search_term_string\"}}],\"inLanguage\":\"de\"},{\"@type\":\"Organization\",\"@id\":\"https:\\\/\\\/relaisgourmet.com\\\/de\\\/#organization\",\"name\":\"Relais Gourmet\",\"url\":\"https:\\\/\\\/relaisgourmet.com\\\/de\\\/\",\"logo\":{\"@type\":\"ImageObject\",\"inLanguage\":\"de\",\"@id\":\"https:\\\/\\\/relaisgourmet.com\\\/de\\\/#\\\/schema\\\/logo\\\/image\\\/\",\"url\":\"https:\\\/\\\/relaisgourmet.com\\\/wp-content\\\/uploads\\\/2026\\\/03\\\/yoast-logo-2-relais-gourmet-.png\",\"contentUrl\":\"https:\\\/\\\/relaisgourmet.com\\\/wp-content\\\/uploads\\\/2026\\\/03\\\/yoast-logo-2-relais-gourmet-.png\",\"width\":1200,\"height\":675,\"caption\":\"Relais Gourmet\"},\"image\":{\"@id\":\"https:\\\/\\\/relaisgourmet.com\\\/de\\\/#\\\/schema\\\/logo\\\/image\\\/\"},\"sameAs\":[\"https:\\\/\\\/www.facebook.com\\\/relaisgourmet\\\/\",\"https:\\\/\\\/x.com\\\/relaisgourmet64\",\"https:\\\/\\\/www.instagram.com\\\/relaisgourmetofficiel\",\"https:\\\/\\\/www.pinterest.fr\\\/relaisgourmet\\\/\"],\"email\":\"yaqueche@relaisgourmet.com\",\"telephone\":\"+33 0 5 40 07 07 65\",\"legalName\":\"Relais Gourmet\",\"vatID\":\"FR13482415015\",\"taxID\":\"482415015\"}]}<\/script>\n<!-- \/ Yoast SEO Premium plugin. -->","yoast_head_json":{"title":"Gourmet-Aperitif mit kandierten Schalotten | Relais Gourmet","description":"Aperitif mit kandierten Schalotten - Ein schmelzender und schmackhafter handwerklicher Aufstrich ohne Zusatz- und Konservierungsstoffe, perfekt f\u00fcr Ihren Gourmet-Aperitif.","robots":{"index":"index","follow":"follow","max-snippet":"max-snippet:-1","max-image-preview":"max-image-preview:large","max-video-preview":"max-video-preview:-1"},"canonical":"https:\/\/relaisgourmet.com\/de\/produkt\/gourmet-aperitif-mit-kandierten-schalotten\/","og_locale":"de_DE","og_type":"article","og_title":"Gourmet-Aperitif mit kandierten Schalotten","og_description":"Eine Kreation, die Raffinesse und reiche Aromen in einem Bissen vereint.  100 % franz\u00f6sische Produktion garantiert  Garantiert ohne Konservierungsstoffe, Zusatzstoffe und Farbstoffe.  Enten, die mit gelbem Mais gef\u00fcttert wurden  Schnelle Lieferung weltweit  Bewahrt sie 3 Jahre lang  Sichere Zahlung","og_url":"https:\/\/relaisgourmet.com\/de\/produkt\/gourmet-aperitif-mit-kandierten-schalotten\/","og_site_name":"Relais Gourmet","article_publisher":"https:\/\/www.facebook.com\/relaisgourmet\/","article_modified_time":"2026-04-01T22:28:49+00:00","og_image":[{"width":1000,"height":1000,"url":"https:\/\/relaisgourmet.com\/wp-content\/uploads\/2026\/03\/Apero-Echalottes.png","type":"image\/png"}],"twitter_card":"summary_large_image","twitter_site":"@relaisgourmet64","twitter_misc":{"Gesch\u00e4tzte Lesezeit":"1\u00a0Minute"},"schema":{"@context":"https:\/\/schema.org","@graph":[{"@type":"WebPage","@id":"https:\/\/relaisgourmet.com\/de\/produkt\/gourmet-aperitif-mit-kandierten-schalotten\/","url":"https:\/\/relaisgourmet.com\/de\/produkt\/gourmet-aperitif-mit-kandierten-schalotten\/","name":"Gourmet-Aperitif mit kandierten Schalotten | Relais Gourmet","isPartOf":{"@id":"https:\/\/relaisgourmet.com\/de\/#website"},"primaryImageOfPage":{"@id":"https:\/\/relaisgourmet.com\/de\/produkt\/gourmet-aperitif-mit-kandierten-schalotten\/#primaryimage"},"image":{"@id":"https:\/\/relaisgourmet.com\/de\/produkt\/gourmet-aperitif-mit-kandierten-schalotten\/#primaryimage"},"thumbnailUrl":"https:\/\/relaisgourmet.com\/wp-content\/uploads\/2026\/03\/Apero-Echalottes.png","datePublished":"2026-03-10T12:26:35+00:00","dateModified":"2026-04-01T22:28:49+00:00","description":"Aperitif mit kandierten Schalotten - Ein schmelzender und schmackhafter handwerklicher Aufstrich ohne Zusatz- und Konservierungsstoffe, perfekt f\u00fcr Ihren Gourmet-Aperitif.","breadcrumb":{"@id":"https:\/\/relaisgourmet.com\/de\/produkt\/gourmet-aperitif-mit-kandierten-schalotten\/#breadcrumb"},"inLanguage":"de","potentialAction":[{"@type":"ReadAction","target":["https:\/\/relaisgourmet.com\/de\/produkt\/gourmet-aperitif-mit-kandierten-schalotten\/"]}]},{"@type":"ImageObject","inLanguage":"de","@id":"https:\/\/relaisgourmet.com\/de\/produkt\/gourmet-aperitif-mit-kandierten-schalotten\/#primaryimage","url":"https:\/\/relaisgourmet.com\/wp-content\/uploads\/2026\/03\/Apero-Echalottes.png","contentUrl":"https:\/\/relaisgourmet.com\/wp-content\/uploads\/2026\/03\/Apero-Echalottes.png","width":1000,"height":1000},{"@type":"BreadcrumbList","@id":"https:\/\/relaisgourmet.com\/de\/produkt\/gourmet-aperitif-mit-kandierten-schalotten\/#breadcrumb","itemListElement":[{"@type":"ListItem","position":1,"name":"Startseite","item":"https:\/\/relaisgourmet.com\/de\/startseite\/"},{"@type":"ListItem","position":2,"name":"Alle unsere Produkte","item":"https:\/\/relaisgourmet.com\/de\/shop\/"},{"@type":"ListItem","position":3,"name":"Gourmet-Aperitif mit kandierten Schalotten"}]},{"@type":"WebSite","@id":"https:\/\/relaisgourmet.com\/de\/#website","url":"https:\/\/relaisgourmet.com\/de\/","name":"Relais Gourmet","description":"Foie Gras 100% Fran\u00e7ais","publisher":{"@id":"https:\/\/relaisgourmet.com\/de\/#organization"},"potentialAction":[{"@type":"SearchAction","target":{"@type":"EntryPoint","urlTemplate":"https:\/\/relaisgourmet.com\/de\/?s={search_term_string}"},"query-input":{"@type":"PropertyValueSpecification","valueRequired":true,"valueName":"search_term_string"}}],"inLanguage":"de"},{"@type":"Organization","@id":"https:\/\/relaisgourmet.com\/de\/#organization","name":"Relais Gourmet","url":"https:\/\/relaisgourmet.com\/de\/","logo":{"@type":"ImageObject","inLanguage":"de","@id":"https:\/\/relaisgourmet.com\/de\/#\/schema\/logo\/image\/","url":"https:\/\/relaisgourmet.com\/wp-content\/uploads\/2026\/03\/yoast-logo-2-relais-gourmet-.png","contentUrl":"https:\/\/relaisgourmet.com\/wp-content\/uploads\/2026\/03\/yoast-logo-2-relais-gourmet-.png","width":1200,"height":675,"caption":"Relais Gourmet"},"image":{"@id":"https:\/\/relaisgourmet.com\/de\/#\/schema\/logo\/image\/"},"sameAs":["https:\/\/www.facebook.com\/relaisgourmet\/","https:\/\/x.com\/relaisgourmet64","https:\/\/www.instagram.com\/relaisgourmetofficiel","https:\/\/www.pinterest.fr\/relaisgourmet\/"],"email":"yaqueche@relaisgourmet.com","telephone":"+33 0 5 40 07 07 65","legalName":"Relais Gourmet","vatID":"FR13482415015","taxID":"482415015"}]}},"_links":{"self":[{"href":"https:\/\/relaisgourmet.com\/de\/wp-json\/wp\/v2\/product\/61679","targetHints":{"allow":["GET"]}}],"collection":[{"href":"https:\/\/relaisgourmet.com\/de\/wp-json\/wp\/v2\/product"}],"about":[{"href":"https:\/\/relaisgourmet.com\/de\/wp-json\/wp\/v2\/types\/product"}],"replies":[{"embeddable":true,"href":"https:\/\/relaisgourmet.com\/de\/wp-json\/wp\/v2\/comments?post=61679"}],"wp:featuredmedia":[{"embeddable":true,"href":"https:\/\/relaisgourmet.com\/de\/wp-json\/wp\/v2\/media\/61683"}],"wp:attachment":[{"href":"https:\/\/relaisgourmet.com\/de\/wp-json\/wp\/v2\/media?parent=61679"}],"wp:term":[{"taxonomy":"product_brand","embeddable":true,"href":"https:\/\/relaisgourmet.com\/de\/wp-json\/wp\/v2\/product_brand?post=61679"},{"taxonomy":"product_cat","embeddable":true,"href":"https:\/\/relaisgourmet.com\/de\/wp-json\/wp\/v2\/product_cat?post=61679"},{"taxonomy":"product_tag","embeddable":true,"href":"https:\/\/relaisgourmet.com\/de\/wp-json\/wp\/v2\/product_tag?post=61679"},{"taxonomy":"giftcard-category","embeddable":true,"href":"https:\/\/relaisgourmet.com\/de\/wp-json\/wp\/v2\/giftcard-category?post=61679"}],"curies":[{"name":"wp","href":"https:\/\/api.w.org\/{rel}","templated":true}]}}