{"id":56697,"date":"2025-05-21T09:05:07","date_gmt":"2025-05-21T07:05:07","guid":{"rendered":"https:\/\/relaisgourmet.com\/?post_type=product&#038;p=56697"},"modified":"2025-05-21T09:52:46","modified_gmt":"2025-05-21T07:52:46","slug":"ganze-leber-mit-espelette-pfeffer-copie","status":"publish","type":"product","link":"https:\/\/relaisgourmet.com\/de\/Produkt\/ganze-leber-mit-espelette-pfeffer-copie\/","title":{"rendered":"Ganze Leber mit Espelette-Pfeffer (Copie)"},"content":{"rendered":"<p><strong>Die ganze Entenleber mit Espelette-Pfeffer<\/strong> ist ein gastronomischer Schatz, der mehr als f\u00fcnf Jahrhunderte Tradition in der baskischen K\u00fcche verk\u00f6rpert und die Exzellenz des franz\u00f6sischen und baskischen kulinarischen Know-hows repr\u00e4sentiert.<\/p>\n<p><span style=\"font-weight: 400;\">Espelette-Pfeffer ist ein<b> roter baskischer Piment<\/b><span style=\"font-weight: 400;\">, leicht <\/span><b>scharf <\/b><span style=\"font-weight: 400;\">und <\/span><b>fruchtig<\/b><span style=\"font-weight: 400;\">, der zum W\u00fcrzen verschiedener Gerichte verwendet wird und aus dem <\/span><b>Dorf Espelette<\/b><span style=\"font-weight: 400;\"> in Frankreich<\/span> stammt.<\/span><\/p>\n<p><b>Garantiert frei von Konservierungsmitteln, Zusatzstoffen und Farbstoffen.<\/b><\/p>\n<p><b>Zutaten: <\/b>Ganze Entenleber, Espelette-Pfeffer (0,3%), Salz und Gew\u00fcrze.<\/p>\n<p><b>Haltbarkeit:<\/b><span style=\"font-weight: 400;\"> 3 Jahre bei Raumtemperatur. <\/span><span style=\"font-weight: 400;\">Nach dem \u00d6ffnen innerhalb von 15 Tagen verbrauchen und im K\u00fchlschrank aufbewahren.<\/span><\/p>\n<p><span style=\"font-weight: 400;\">Alle unsere Tipps und Tricks f\u00fcr den Genuss dieses Weins finden Sie in der Rubrik <a href=\"\/?page_id=33969\">Blog<\/a> und auf unserer <a href=\"https:\/\/www.instagram.com\/relaisgourmetofficiel\/\">Instagram-Seite<\/a>.<\/span><\/p>\n","protected":false},"excerpt":{"rendered":"<p><span class=\"yoast-text-mark\">Die S\u00fc\u00dfe der Leberpastete und das charakteristische Aroma des Espelette-Pfeffer.<\/span><\/p>\n<p>\ud83c\uddeb\ud83c\uddf7 Garantierte 100%ige franz\u00f6sische Produktion<br \/>\n\u2714 Garantiert frei von Konservierungsmitteln, Zusatzstoffen und Farbstoffen.<br \/>\n\ud83c\udf43 Mit gelbem Mais gef\u00fctterte Enten<br \/>\n\ud83d\ude9a Schnelle Lieferung in die ganze Welt<br \/>\n\ud83d\udd53 3 Jahre haltbar<br \/>\n\ud83d\udd10 Sichere Zahlung<\/p>\n","protected":false},"featured_media":57777,"comment_status":"closed","ping_status":"closed","template":"","meta":[],"product_brand":[],"product_cat":[1302,1295],"product_tag":[1254,1230,1238,1266,1250,2148,2145,2149,2150,2147,2151,2146,2008],"giftcard-category":[],"class_list":{"0":"post-56697","1":"product","2":"type-product","3":"status-publish","4":"has-post-thumbnail","6":"product_cat-klassische-foie-gras","7":"product_cat-unsere-foies-gras","8":"product_tag-180g-de","9":"product_tag-2-personen","10":"product_tag-4-5-personen","11":"product_tag-400g-de","12":"product_tag-80g-de","13":"product_tag-baskische-stopfleber","14":"product_tag-espelette-de","15":"product_tag-foie-gras-espelette-de","16":"product_tag-foie-gras-espellette-de","17":"product_tag-foie-gras-mit-baskischem-piment","18":"product_tag-foie-gras-mit-chili","19":"product_tag-stopfleber-mit-chili","20":"product_tag-tipoclasico-de","21":"product_shipping_class-tva-5-5-de","23":"first","24":"instock","25":"taxable","26":"shipping-taxable","27":"purchasable","28":"product-type-simple"},"yoast_head":"<!-- This site is optimized with the Yoast SEO Premium plugin v27.0 (Yoast SEO v27.0) - https:\/\/yoast.com\/product\/yoast-seo-premium-wordpress\/ -->\n<title>Ganze Leber mit Espelette-Pfeffer \u2013 Charaktervoll<\/title>\n<meta name=\"description\" content=\"Entdecken Sie mit unserer ganzen Leberpastete mit Espelette-Pfeffer die Spezialit\u00e4t des Baskenlandes, verbunden mit der Milde unserer ganzen Foie Gras aus der Region.\" \/>\n<meta name=\"robots\" content=\"index, follow, max-snippet:-1, max-image-preview:large, max-video-preview:-1\" \/>\n<link rel=\"canonical\" href=\"https:\/\/relaisgourmet.com\/de\/Produkt\/ganze-leber-mit-espelette-pfeffer-copie\/\" \/>\n<meta property=\"og:locale\" content=\"de_DE\" \/>\n<meta property=\"og:type\" content=\"article\" \/>\n<meta property=\"og:title\" content=\"Ganze Leber mit Espelette-Pfeffer (Copie)\" \/>\n<meta property=\"og:description\" content=\"Entdecken Sie mit unserer ganzen Leberpastete mit Espelette-Pfeffer die Spezialit\u00e4t des Baskenlandes, verbunden mit der Milde unserer ganzen Foie Gras aus der Region.\" \/>\n<meta property=\"og:url\" content=\"https:\/\/relaisgourmet.com\/de\/Produkt\/ganze-leber-mit-espelette-pfeffer-copie\/\" \/>\n<meta property=\"og:site_name\" content=\"Relais Gourmet\" \/>\n<meta property=\"article:publisher\" content=\"https:\/\/facebook.com\/yoast\" \/>\n<meta property=\"article:modified_time\" content=\"2025-05-21T07:52:46+00:00\" \/>\n<meta property=\"og:image\" content=\"https:\/\/relaisgourmet.com\/wp-content\/uploads\/2025\/05\/foie-gras-oie-fond-blanc.png\" \/>\n\t<meta property=\"og:image:width\" content=\"525\" \/>\n\t<meta property=\"og:image:height\" content=\"525\" \/>\n\t<meta property=\"og:image:type\" content=\"image\/png\" \/>\n<meta name=\"twitter:card\" content=\"summary_large_image\" \/>\n<meta name=\"twitter:label1\" content=\"Gesch\u00e4tzte Lesezeit\" \/>\n\t<meta name=\"twitter:data1\" content=\"1\u00a0Minute\" \/>\n<script type=\"application\/ld+json\" class=\"yoast-schema-graph\">{\"@context\":\"https:\/\/schema.org\",\"@graph\":[{\"@type\":\"WebPage\",\"@id\":\"https:\/\/relaisgourmet.com\/de\/Produkt\/ganze-leber-mit-espelette-pfeffer-copie\/\",\"url\":\"https:\/\/relaisgourmet.com\/de\/Produkt\/ganze-leber-mit-espelette-pfeffer-copie\/\",\"name\":\"Ganze Leber mit Espelette-Pfeffer \u2013 Charaktervoll\",\"isPartOf\":{\"@id\":\"https:\/\/relaisgourmet.com\/de\/#website\"},\"primaryImageOfPage\":{\"@id\":\"https:\/\/relaisgourmet.com\/de\/Produkt\/ganze-leber-mit-espelette-pfeffer-copie\/#primaryimage\"},\"image\":{\"@id\":\"https:\/\/relaisgourmet.com\/de\/Produkt\/ganze-leber-mit-espelette-pfeffer-copie\/#primaryimage\"},\"thumbnailUrl\":\"https:\/\/relaisgourmet.com\/wp-content\/uploads\/2025\/05\/Oie-min-scaled.jpg\",\"datePublished\":\"2025-05-21T07:05:07+00:00\",\"dateModified\":\"2025-05-21T07:52:46+00:00\",\"description\":\"Entdecken Sie mit unserer ganzen Leberpastete mit Espelette-Pfeffer die Spezialit\u00e4t des Baskenlandes, verbunden mit der Milde unserer ganzen Foie Gras aus der Region.\",\"breadcrumb\":{\"@id\":\"https:\/\/relaisgourmet.com\/de\/Produkt\/ganze-leber-mit-espelette-pfeffer-copie\/#breadcrumb\"},\"inLanguage\":\"de\",\"potentialAction\":[{\"@type\":\"ReadAction\",\"target\":[\"https:\/\/relaisgourmet.com\/de\/Produkt\/ganze-leber-mit-espelette-pfeffer-copie\/\"]}]},{\"@type\":\"ImageObject\",\"inLanguage\":\"de\",\"@id\":\"https:\/\/relaisgourmet.com\/de\/Produkt\/ganze-leber-mit-espelette-pfeffer-copie\/#primaryimage\",\"url\":\"https:\/\/relaisgourmet.com\/wp-content\/uploads\/2025\/05\/Oie-min-scaled.jpg\",\"contentUrl\":\"https:\/\/relaisgourmet.com\/wp-content\/uploads\/2025\/05\/Oie-min-scaled.jpg\",\"width\":2560,\"height\":2560},{\"@type\":\"BreadcrumbList\",\"@id\":\"https:\/\/relaisgourmet.com\/de\/Produkt\/ganze-leber-mit-espelette-pfeffer-copie\/#breadcrumb\",\"itemListElement\":[{\"@type\":\"ListItem\",\"position\":1,\"name\":\"Startseite\",\"item\":\"https:\/\/relaisgourmet.com\/de\/\"},{\"@type\":\"ListItem\",\"position\":2,\"name\":\"Authentische Foie Gras\",\"item\":\"https:\/\/relaisgourmet.com\/de\/authentische-foie-gras\/\"},{\"@type\":\"ListItem\",\"position\":3,\"name\":\"Ganze Leber mit Espelette-Pfeffer (Copie)\"}]},{\"@type\":\"WebSite\",\"@id\":\"https:\/\/relaisgourmet.com\/de\/#website\",\"url\":\"https:\/\/relaisgourmet.com\/de\/\",\"name\":\"Relais Gourmet\",\"description\":\"Maison Gastronomique au Pays-Basque Depuis 2004\",\"publisher\":{\"@id\":\"https:\/\/relaisgourmet.com\/de\/#organization\"},\"potentialAction\":[{\"@type\":\"SearchAction\",\"target\":{\"@type\":\"EntryPoint\",\"urlTemplate\":\"https:\/\/relaisgourmet.com\/de\/?s={search_term_string}\"},\"query-input\":{\"@type\":\"PropertyValueSpecification\",\"valueRequired\":true,\"valueName\":\"search_term_string\"}}],\"inLanguage\":\"de\"},{\"@type\":\"Organization\",\"@id\":\"https:\/\/relaisgourmet.com\/de\/#organization\",\"name\":\"Relais Gourmet\",\"url\":\"https:\/\/relaisgourmet.com\/de\/\",\"logo\":{\"@type\":\"ImageObject\",\"inLanguage\":\"de\",\"@id\":\"https:\/\/relaisgourmet.com\/de\/#\/schema\/logo\/image\/\",\"url\":\"https:\/\/relaisgourmet.com\/wp-content\/uploads\/2024\/11\/Diseno-sin-titulo-8.jpg\",\"contentUrl\":\"https:\/\/relaisgourmet.com\/wp-content\/uploads\/2024\/11\/Diseno-sin-titulo-8.jpg\",\"width\":500,\"height\":500,\"caption\":\"Relais Gourmet\"},\"image\":{\"@id\":\"https:\/\/relaisgourmet.com\/de\/#\/schema\/logo\/image\/\"},\"sameAs\":[\"https:\/\/facebook.com\/yoast\",\"https:\/\/instagram.com\/yoast\"]}]}<\/script>\n<!-- \/ Yoast SEO Premium plugin. -->","yoast_head_json":{"title":"Ganze Leber mit Espelette-Pfeffer \u2013 Charaktervoll","description":"Entdecken Sie mit unserer ganzen Leberpastete mit Espelette-Pfeffer die Spezialit\u00e4t des Baskenlandes, verbunden mit der Milde unserer ganzen Foie Gras aus der Region.","robots":{"index":"index","follow":"follow","max-snippet":"max-snippet:-1","max-image-preview":"max-image-preview:large","max-video-preview":"max-video-preview:-1"},"canonical":"https:\/\/relaisgourmet.com\/de\/Produkt\/ganze-leber-mit-espelette-pfeffer-copie\/","og_locale":"de_DE","og_type":"article","og_title":"Ganze Leber mit Espelette-Pfeffer (Copie)","og_description":"Entdecken Sie mit unserer ganzen Leberpastete mit Espelette-Pfeffer die Spezialit\u00e4t des Baskenlandes, verbunden mit der Milde unserer ganzen Foie Gras aus der Region.","og_url":"https:\/\/relaisgourmet.com\/de\/Produkt\/ganze-leber-mit-espelette-pfeffer-copie\/","og_site_name":"Relais Gourmet","article_publisher":"https:\/\/facebook.com\/yoast","article_modified_time":"2025-05-21T07:52:46+00:00","og_image":[{"width":525,"height":525,"url":"https:\/\/relaisgourmet.com\/wp-content\/uploads\/2025\/05\/foie-gras-oie-fond-blanc.png","type":"image\/png"}],"twitter_card":"summary_large_image","twitter_misc":{"Gesch\u00e4tzte Lesezeit":"1\u00a0Minute"},"schema":{"@context":"https:\/\/schema.org","@graph":[{"@type":"WebPage","@id":"https:\/\/relaisgourmet.com\/de\/Produkt\/ganze-leber-mit-espelette-pfeffer-copie\/","url":"https:\/\/relaisgourmet.com\/de\/Produkt\/ganze-leber-mit-espelette-pfeffer-copie\/","name":"Ganze Leber mit Espelette-Pfeffer \u2013 Charaktervoll","isPartOf":{"@id":"https:\/\/relaisgourmet.com\/de\/#website"},"primaryImageOfPage":{"@id":"https:\/\/relaisgourmet.com\/de\/Produkt\/ganze-leber-mit-espelette-pfeffer-copie\/#primaryimage"},"image":{"@id":"https:\/\/relaisgourmet.com\/de\/Produkt\/ganze-leber-mit-espelette-pfeffer-copie\/#primaryimage"},"thumbnailUrl":"https:\/\/relaisgourmet.com\/wp-content\/uploads\/2025\/05\/Oie-min-scaled.jpg","datePublished":"2025-05-21T07:05:07+00:00","dateModified":"2025-05-21T07:52:46+00:00","description":"Entdecken Sie mit unserer ganzen Leberpastete mit Espelette-Pfeffer die Spezialit\u00e4t des Baskenlandes, verbunden mit der Milde unserer ganzen Foie Gras aus der Region.","breadcrumb":{"@id":"https:\/\/relaisgourmet.com\/de\/Produkt\/ganze-leber-mit-espelette-pfeffer-copie\/#breadcrumb"},"inLanguage":"de","potentialAction":[{"@type":"ReadAction","target":["https:\/\/relaisgourmet.com\/de\/Produkt\/ganze-leber-mit-espelette-pfeffer-copie\/"]}]},{"@type":"ImageObject","inLanguage":"de","@id":"https:\/\/relaisgourmet.com\/de\/Produkt\/ganze-leber-mit-espelette-pfeffer-copie\/#primaryimage","url":"https:\/\/relaisgourmet.com\/wp-content\/uploads\/2025\/05\/Oie-min-scaled.jpg","contentUrl":"https:\/\/relaisgourmet.com\/wp-content\/uploads\/2025\/05\/Oie-min-scaled.jpg","width":2560,"height":2560},{"@type":"BreadcrumbList","@id":"https:\/\/relaisgourmet.com\/de\/Produkt\/ganze-leber-mit-espelette-pfeffer-copie\/#breadcrumb","itemListElement":[{"@type":"ListItem","position":1,"name":"Startseite","item":"https:\/\/relaisgourmet.com\/de\/"},{"@type":"ListItem","position":2,"name":"Authentische Foie Gras","item":"https:\/\/relaisgourmet.com\/de\/authentische-foie-gras\/"},{"@type":"ListItem","position":3,"name":"Ganze Leber mit Espelette-Pfeffer (Copie)"}]},{"@type":"WebSite","@id":"https:\/\/relaisgourmet.com\/de\/#website","url":"https:\/\/relaisgourmet.com\/de\/","name":"Relais Gourmet","description":"Maison Gastronomique au Pays-Basque Depuis 2004","publisher":{"@id":"https:\/\/relaisgourmet.com\/de\/#organization"},"potentialAction":[{"@type":"SearchAction","target":{"@type":"EntryPoint","urlTemplate":"https:\/\/relaisgourmet.com\/de\/?s={search_term_string}"},"query-input":{"@type":"PropertyValueSpecification","valueRequired":true,"valueName":"search_term_string"}}],"inLanguage":"de"},{"@type":"Organization","@id":"https:\/\/relaisgourmet.com\/de\/#organization","name":"Relais Gourmet","url":"https:\/\/relaisgourmet.com\/de\/","logo":{"@type":"ImageObject","inLanguage":"de","@id":"https:\/\/relaisgourmet.com\/de\/#\/schema\/logo\/image\/","url":"https:\/\/relaisgourmet.com\/wp-content\/uploads\/2024\/11\/Diseno-sin-titulo-8.jpg","contentUrl":"https:\/\/relaisgourmet.com\/wp-content\/uploads\/2024\/11\/Diseno-sin-titulo-8.jpg","width":500,"height":500,"caption":"Relais Gourmet"},"image":{"@id":"https:\/\/relaisgourmet.com\/de\/#\/schema\/logo\/image\/"},"sameAs":["https:\/\/facebook.com\/yoast","https:\/\/instagram.com\/yoast"]}]}},"_links":{"self":[{"href":"https:\/\/relaisgourmet.com\/de\/wp-json\/wp\/v2\/product\/56697","targetHints":{"allow":["GET"]}}],"collection":[{"href":"https:\/\/relaisgourmet.com\/de\/wp-json\/wp\/v2\/product"}],"about":[{"href":"https:\/\/relaisgourmet.com\/de\/wp-json\/wp\/v2\/types\/product"}],"replies":[{"embeddable":true,"href":"https:\/\/relaisgourmet.com\/de\/wp-json\/wp\/v2\/comments?post=56697"}],"version-history":[{"count":1,"href":"https:\/\/relaisgourmet.com\/de\/wp-json\/wp\/v2\/product\/56697\/revisions"}],"predecessor-version":[{"id":56750,"href":"https:\/\/relaisgourmet.com\/de\/wp-json\/wp\/v2\/product\/56697\/revisions\/56750"}],"wp:featuredmedia":[{"embeddable":true,"href":"https:\/\/relaisgourmet.com\/de\/wp-json\/wp\/v2\/media\/57777"}],"wp:attachment":[{"href":"https:\/\/relaisgourmet.com\/de\/wp-json\/wp\/v2\/media?parent=56697"}],"wp:term":[{"taxonomy":"product_brand","embeddable":true,"href":"https:\/\/relaisgourmet.com\/de\/wp-json\/wp\/v2\/product_brand?post=56697"},{"taxonomy":"product_cat","embeddable":true,"href":"https:\/\/relaisgourmet.com\/de\/wp-json\/wp\/v2\/product_cat?post=56697"},{"taxonomy":"product_tag","embeddable":true,"href":"https:\/\/relaisgourmet.com\/de\/wp-json\/wp\/v2\/product_tag?post=56697"},{"taxonomy":"giftcard-category","embeddable":true,"href":"https:\/\/relaisgourmet.com\/de\/wp-json\/wp\/v2\/giftcard-category?post=56697"}],"curies":[{"name":"wp","href":"https:\/\/api.w.org\/{rel}","templated":true}]}}