{"id":55319,"date":"2025-03-12T13:52:30","date_gmt":"2025-03-12T12:52:30","guid":{"rendered":"https:\/\/relaisgourmet.com\/?post_type=product&#038;p=55319"},"modified":"2025-03-12T13:59:14","modified_gmt":"2025-03-12T12:59:14","slug":"geschenkset-aranzazu-copie-5","status":"publish","type":"product","link":"https:\/\/relaisgourmet.com\/de\/Produkt\/geschenkset-aranzazu-copie-5\/","title":{"rendered":"Geschenkset Izarra"},"content":{"rendered":"<p><b>Entdecken Sie das Izarra-Set: ein ideales Gourmetgeschenk f\u00fcr Ihre Aperitifs<\/b><\/p>\n<p>Das <strong>Izarra-Set<\/strong> von Relais Gourmet vereint au\u00dfergew\u00f6hnliche Produkte, die f\u00fcr eine authentische und raffinierte Verkostung konzipiert wurden und sich perfekt f\u00fcr gemeinsame Momente der Geselligkeit eignen. Mit seiner schlichten Eleganz ist dieses Set ideal f\u00fcr festliche Anl\u00e4sse oder einen Aperitif mit Freunden. Wenn Sie ihn anbieten, bieten Sie ein einzigartiges kulinarisches Erlebnis, das die Sch\u00e4tze der Region feiert.<\/p>\n<p><span style=\"font-weight: 400;\">Das Izarra-Set ist garantiert <strong>frei von Konservierungsmitteln, Farbstoffen und Zusatzstoffen<\/strong>.<\/span><\/p>\n<p><strong>Zusammensetzung:  <\/strong><\/p>\n<ul>\n<li style=\"font-weight: 400;\" aria-level=\"1\"><b>Ganze Leberpastete Natur (200 g)<\/b><span style=\"font-weight: 400;\">  Diese hochwertige Leberpastete ist eine Einladung zum Genie\u00dfen. Er wird ohne Konservierungsmittel, Zusatzstoffe oder Farbstoffe hergestellt und entfaltet seinen reinen, nat\u00fcrlichen Geschmack.<\/span><\/li>\n<li style=\"font-weight: 400;\" aria-level=\"1\"><b>Flasche Champagner (750 ml)<\/b><span style=\"font-weight: 400;\"> Eine Flasche Champagner begleitet diese Delikatesse und veredelt jeden Bissen mit seinen feinen Bl\u00e4schen und eleganten Aromen.<\/span><\/li>\n<\/ul>\n<p>&nbsp;<\/p>\n<p><strong>Aufbewahrung :<\/strong><\/p>\n<p><span style=\"font-weight: 400;\">3 Jahre bei Raumtemperatur, so dass Sie ihn nach Belieben genie\u00dfen k\u00f6nnen. Nach dem \u00d6ffnen sollten Sie ihn innerhalb von 15 Tagen verbrauchen und im K\u00fchlschrank aufbewahren, damit Sie ihn voll genie\u00dfen k\u00f6nnen.<\/span><\/p>\n<p><b>Bereiten Sie sich auf einen Moment der Gaumenfreuden vor:<\/b><\/p>\n<p><span style=\"font-weight: 400;\">In unserem <a href=\"https:\/\/relaisgourmet.com\/blog-foies-gras-actualite\/\">Blog<\/a> und auf unserer <a href=\"https:\/\/www.instagram.com\/relaisgourmetofficiel\/\">Instagram-Seite<\/a> finden Sie alle unsere Ratschl\u00e4ge, um das <b>Izarra-Set <\/b>zu veredeln. Entdecken Sie originelle Ideen, um raffinierte Aperitifs zusammenzustellen und Ihre G\u00e4ste zu beeindrucken.<\/span><span style=\"font-weight: 400;\"> Ob f\u00fcr ein Aperitif-Dinner oder einen spontanen Gourmet-Moment, diese Tipps werden Ihnen helfen, unvergessliche Momente des Zusammenseins zu schaffen.<\/span><\/p>\n<p><span style=\"font-weight: 400;\">Die <\/span><b>Izarra-Set<\/b><span style=\"font-weight: 400;\">  ist das perfekte Geschenk f\u00fcr alle, die gutes Essen lieben. Ob zur Feier eines besonderen Anlasses oder einfach nur f\u00fcr das Vergn\u00fcgen, au\u00dfergew\u00f6hnliche Produkte zu probieren, dieses Set ist ein sicherer Wert f\u00fcr einen Moment des gemeinsamen Genie\u00dfens. <\/span><\/p>\n","protected":false},"excerpt":{"rendered":"<p>Tauchen Sie ein in die raffinierte Welt des Izarra-Sets von Relais Gourmet. Ein einzigartiges Geschmackserlebnis, das Sie selbst genie\u00dfen oder mit Eleganz verschenken k\u00f6nnen.<\/p>\n<p><img decoding=\"async\" class=\"emoji\" role=\"img\" src=\"https:\/\/s.w.org\/images\/core\/emoji\/15.0.3\/svg\/1f1eb-1f1f7.svg\" alt=\"\ud83c\uddeb\ud83c\uddf7\">  Garantierte 100%ige franz\u00f6sische Produktion<br \/>\n\u2714 Garantiert frei von Konservierungsmitteln, Zusatzstoffen und Farbstoffen.<br \/>\n\ud83c\udf43 Mit gelbem Mais gef\u00fctterte Enten<br \/>\n\ud83d\ude9a Schnelle Lieferung in die ganze Welt<br \/>\n\ud83d\udd53 3 Jahre haltbar<br \/>\n\ud83d\udd10 Sichere Zahlung<\/p>\n<p>Nettogewicht: 950 g<\/p>\n","protected":false},"featured_media":58739,"comment_status":"closed","ping_status":"closed","template":"","meta":[],"product_brand":[],"product_cat":[1274,1278],"product_tag":[],"giftcard-category":[],"class_list":{"0":"post-55319","1":"product","2":"type-product","3":"status-publish","4":"has-post-thumbnail","6":"product_cat-geschenkboxen","7":"product_cat-gourmet-geschenke","9":"first","10":"instock","11":"taxable","12":"shipping-taxable","13":"purchasable","14":"product-type-simple"},"yoast_head":"<!-- This site is optimized with the Yoast SEO Premium plugin v27.0 (Yoast SEO v27.3) - https:\/\/yoast.com\/product\/yoast-seo-premium-wordpress\/ -->\n<title>Izarra Geschenkset \u2013 Foie Gras &amp; baskische Aromen<\/title>\n<meta name=\"description\" content=\"Entdecken Sie unsere fabelhafte Izarra Gourmet Box, die Sie mit Ihren Liebsten teilen k\u00f6nnen. Sie ist ideal f\u00fcr den Valentinstag, mit einer perfekten Hochzeit\" \/>\n<meta name=\"robots\" content=\"index, follow, max-snippet:-1, max-image-preview:large, max-video-preview:-1\" \/>\n<link rel=\"canonical\" href=\"https:\/\/relaisgourmet.com\/de\/Produkt\/geschenkset-aranzazu-copie-5\/\" \/>\n<meta property=\"og:locale\" content=\"de_DE\" \/>\n<meta property=\"og:type\" content=\"article\" \/>\n<meta property=\"og:title\" content=\"Geschenkset Izarra\" \/>\n<meta property=\"og:description\" content=\"Entdecken Sie unsere fabelhafte Izarra Gourmet Box, die Sie mit Ihren Liebsten teilen k\u00f6nnen. Sie ist ideal f\u00fcr den Valentinstag, mit einer perfekten Hochzeit\" \/>\n<meta property=\"og:url\" content=\"https:\/\/relaisgourmet.com\/de\/Produkt\/geschenkset-aranzazu-copie-5\/\" \/>\n<meta property=\"og:site_name\" content=\"Relais Gourmet\" \/>\n<meta property=\"article:publisher\" content=\"https:\/\/facebook.com\/yoast\" \/>\n<meta property=\"article:modified_time\" content=\"2025-03-12T12:59:14+00:00\" \/>\n<meta property=\"og:image\" content=\"https:\/\/relaisgourmet.com\/wp-content\/uploads\/2025\/03\/coffret-amoureux1-300x200-1.jpg\" \/>\n\t<meta property=\"og:image:width\" content=\"300\" \/>\n\t<meta property=\"og:image:height\" content=\"200\" \/>\n\t<meta property=\"og:image:type\" content=\"image\/jpeg\" \/>\n<meta name=\"twitter:card\" content=\"summary_large_image\" \/>\n<meta name=\"twitter:label1\" content=\"Gesch\u00e4tzte Lesezeit\" \/>\n\t<meta name=\"twitter:data1\" content=\"1\u00a0Minute\" \/>\n<script type=\"application\/ld+json\" class=\"yoast-schema-graph\">{\"@context\":\"https:\\\/\\\/schema.org\",\"@graph\":[{\"@type\":\"WebPage\",\"@id\":\"https:\\\/\\\/relaisgourmet.com\\\/de\\\/Produkt\\\/geschenkset-aranzazu-copie-5\\\/\",\"url\":\"https:\\\/\\\/relaisgourmet.com\\\/de\\\/Produkt\\\/geschenkset-aranzazu-copie-5\\\/\",\"name\":\"Izarra Geschenkset \u2013 Foie Gras & baskische Aromen\",\"isPartOf\":{\"@id\":\"https:\\\/\\\/relaisgourmet.com\\\/de\\\/#website\"},\"primaryImageOfPage\":{\"@id\":\"https:\\\/\\\/relaisgourmet.com\\\/de\\\/Produkt\\\/geschenkset-aranzazu-copie-5\\\/#primaryimage\"},\"image\":{\"@id\":\"https:\\\/\\\/relaisgourmet.com\\\/de\\\/Produkt\\\/geschenkset-aranzazu-copie-5\\\/#primaryimage\"},\"thumbnailUrl\":\"https:\\\/\\\/relaisgourmet.com\\\/wp-content\\\/uploads\\\/2025\\\/03\\\/Izarra.jpg\",\"datePublished\":\"2025-03-12T12:52:30+00:00\",\"dateModified\":\"2025-03-12T12:59:14+00:00\",\"description\":\"Entdecken Sie unsere fabelhafte Izarra Gourmet Box, die Sie mit Ihren Liebsten teilen k\u00f6nnen. Sie ist ideal f\u00fcr den Valentinstag, mit einer perfekten Hochzeit\",\"breadcrumb\":{\"@id\":\"https:\\\/\\\/relaisgourmet.com\\\/de\\\/Produkt\\\/geschenkset-aranzazu-copie-5\\\/#breadcrumb\"},\"inLanguage\":\"de\",\"potentialAction\":[{\"@type\":\"ReadAction\",\"target\":[\"https:\\\/\\\/relaisgourmet.com\\\/de\\\/Produkt\\\/geschenkset-aranzazu-copie-5\\\/\"]}]},{\"@type\":\"ImageObject\",\"inLanguage\":\"de\",\"@id\":\"https:\\\/\\\/relaisgourmet.com\\\/de\\\/Produkt\\\/geschenkset-aranzazu-copie-5\\\/#primaryimage\",\"url\":\"https:\\\/\\\/relaisgourmet.com\\\/wp-content\\\/uploads\\\/2025\\\/03\\\/Izarra.jpg\",\"contentUrl\":\"https:\\\/\\\/relaisgourmet.com\\\/wp-content\\\/uploads\\\/2025\\\/03\\\/Izarra.jpg\",\"width\":1503,\"height\":1503,\"caption\":\"photographe d'entreprise, corporate, packshot, CV pau bearn pays basque\"},{\"@type\":\"BreadcrumbList\",\"@id\":\"https:\\\/\\\/relaisgourmet.com\\\/de\\\/Produkt\\\/geschenkset-aranzazu-copie-5\\\/#breadcrumb\",\"itemListElement\":[{\"@type\":\"ListItem\",\"position\":1,\"name\":\"Startseite\",\"item\":\"https:\\\/\\\/relaisgourmet.com\\\/de\\\/\"},{\"@type\":\"ListItem\",\"position\":2,\"name\":\"Authentische Foie Gras\",\"item\":\"https:\\\/\\\/relaisgourmet.com\\\/de\\\/authentische-foie-gras\\\/\"},{\"@type\":\"ListItem\",\"position\":3,\"name\":\"Geschenkset Izarra\"}]},{\"@type\":\"WebSite\",\"@id\":\"https:\\\/\\\/relaisgourmet.com\\\/de\\\/#website\",\"url\":\"https:\\\/\\\/relaisgourmet.com\\\/de\\\/\",\"name\":\"Relais Gourmet\",\"description\":\"Maison Gastronomique au Pays-Basque Depuis 2004\",\"publisher\":{\"@id\":\"https:\\\/\\\/relaisgourmet.com\\\/de\\\/#organization\"},\"potentialAction\":[{\"@type\":\"SearchAction\",\"target\":{\"@type\":\"EntryPoint\",\"urlTemplate\":\"https:\\\/\\\/relaisgourmet.com\\\/de\\\/?s={search_term_string}\"},\"query-input\":{\"@type\":\"PropertyValueSpecification\",\"valueRequired\":true,\"valueName\":\"search_term_string\"}}],\"inLanguage\":\"de\"},{\"@type\":\"Organization\",\"@id\":\"https:\\\/\\\/relaisgourmet.com\\\/de\\\/#organization\",\"name\":\"Relais Gourmet\",\"url\":\"https:\\\/\\\/relaisgourmet.com\\\/de\\\/\",\"logo\":{\"@type\":\"ImageObject\",\"inLanguage\":\"de\",\"@id\":\"https:\\\/\\\/relaisgourmet.com\\\/de\\\/#\\\/schema\\\/logo\\\/image\\\/\",\"url\":\"https:\\\/\\\/relaisgourmet.com\\\/wp-content\\\/uploads\\\/2024\\\/11\\\/Diseno-sin-titulo-8.jpg\",\"contentUrl\":\"https:\\\/\\\/relaisgourmet.com\\\/wp-content\\\/uploads\\\/2024\\\/11\\\/Diseno-sin-titulo-8.jpg\",\"width\":500,\"height\":500,\"caption\":\"Relais Gourmet\"},\"image\":{\"@id\":\"https:\\\/\\\/relaisgourmet.com\\\/de\\\/#\\\/schema\\\/logo\\\/image\\\/\"},\"sameAs\":[\"https:\\\/\\\/facebook.com\\\/yoast\",\"https:\\\/\\\/instagram.com\\\/yoast\"]}]}<\/script>\n<!-- \/ Yoast SEO Premium plugin. -->","yoast_head_json":{"title":"Izarra Geschenkset \u2013 Foie Gras & baskische Aromen","description":"Entdecken Sie unsere fabelhafte Izarra Gourmet Box, die Sie mit Ihren Liebsten teilen k\u00f6nnen. Sie ist ideal f\u00fcr den Valentinstag, mit einer perfekten Hochzeit","robots":{"index":"index","follow":"follow","max-snippet":"max-snippet:-1","max-image-preview":"max-image-preview:large","max-video-preview":"max-video-preview:-1"},"canonical":"https:\/\/relaisgourmet.com\/de\/Produkt\/geschenkset-aranzazu-copie-5\/","og_locale":"de_DE","og_type":"article","og_title":"Geschenkset Izarra","og_description":"Entdecken Sie unsere fabelhafte Izarra Gourmet Box, die Sie mit Ihren Liebsten teilen k\u00f6nnen. Sie ist ideal f\u00fcr den Valentinstag, mit einer perfekten Hochzeit","og_url":"https:\/\/relaisgourmet.com\/de\/Produkt\/geschenkset-aranzazu-copie-5\/","og_site_name":"Relais Gourmet","article_publisher":"https:\/\/facebook.com\/yoast","article_modified_time":"2025-03-12T12:59:14+00:00","og_image":[{"width":300,"height":200,"url":"https:\/\/relaisgourmet.com\/wp-content\/uploads\/2025\/03\/coffret-amoureux1-300x200-1.jpg","type":"image\/jpeg"}],"twitter_card":"summary_large_image","twitter_misc":{"Gesch\u00e4tzte Lesezeit":"1\u00a0Minute"},"schema":{"@context":"https:\/\/schema.org","@graph":[{"@type":"WebPage","@id":"https:\/\/relaisgourmet.com\/de\/Produkt\/geschenkset-aranzazu-copie-5\/","url":"https:\/\/relaisgourmet.com\/de\/Produkt\/geschenkset-aranzazu-copie-5\/","name":"Izarra Geschenkset \u2013 Foie Gras & baskische Aromen","isPartOf":{"@id":"https:\/\/relaisgourmet.com\/de\/#website"},"primaryImageOfPage":{"@id":"https:\/\/relaisgourmet.com\/de\/Produkt\/geschenkset-aranzazu-copie-5\/#primaryimage"},"image":{"@id":"https:\/\/relaisgourmet.com\/de\/Produkt\/geschenkset-aranzazu-copie-5\/#primaryimage"},"thumbnailUrl":"https:\/\/relaisgourmet.com\/wp-content\/uploads\/2025\/03\/Izarra.jpg","datePublished":"2025-03-12T12:52:30+00:00","dateModified":"2025-03-12T12:59:14+00:00","description":"Entdecken Sie unsere fabelhafte Izarra Gourmet Box, die Sie mit Ihren Liebsten teilen k\u00f6nnen. Sie ist ideal f\u00fcr den Valentinstag, mit einer perfekten Hochzeit","breadcrumb":{"@id":"https:\/\/relaisgourmet.com\/de\/Produkt\/geschenkset-aranzazu-copie-5\/#breadcrumb"},"inLanguage":"de","potentialAction":[{"@type":"ReadAction","target":["https:\/\/relaisgourmet.com\/de\/Produkt\/geschenkset-aranzazu-copie-5\/"]}]},{"@type":"ImageObject","inLanguage":"de","@id":"https:\/\/relaisgourmet.com\/de\/Produkt\/geschenkset-aranzazu-copie-5\/#primaryimage","url":"https:\/\/relaisgourmet.com\/wp-content\/uploads\/2025\/03\/Izarra.jpg","contentUrl":"https:\/\/relaisgourmet.com\/wp-content\/uploads\/2025\/03\/Izarra.jpg","width":1503,"height":1503,"caption":"photographe d'entreprise, corporate, packshot, CV pau bearn pays basque"},{"@type":"BreadcrumbList","@id":"https:\/\/relaisgourmet.com\/de\/Produkt\/geschenkset-aranzazu-copie-5\/#breadcrumb","itemListElement":[{"@type":"ListItem","position":1,"name":"Startseite","item":"https:\/\/relaisgourmet.com\/de\/"},{"@type":"ListItem","position":2,"name":"Authentische Foie Gras","item":"https:\/\/relaisgourmet.com\/de\/authentische-foie-gras\/"},{"@type":"ListItem","position":3,"name":"Geschenkset Izarra"}]},{"@type":"WebSite","@id":"https:\/\/relaisgourmet.com\/de\/#website","url":"https:\/\/relaisgourmet.com\/de\/","name":"Relais Gourmet","description":"Maison Gastronomique au Pays-Basque Depuis 2004","publisher":{"@id":"https:\/\/relaisgourmet.com\/de\/#organization"},"potentialAction":[{"@type":"SearchAction","target":{"@type":"EntryPoint","urlTemplate":"https:\/\/relaisgourmet.com\/de\/?s={search_term_string}"},"query-input":{"@type":"PropertyValueSpecification","valueRequired":true,"valueName":"search_term_string"}}],"inLanguage":"de"},{"@type":"Organization","@id":"https:\/\/relaisgourmet.com\/de\/#organization","name":"Relais Gourmet","url":"https:\/\/relaisgourmet.com\/de\/","logo":{"@type":"ImageObject","inLanguage":"de","@id":"https:\/\/relaisgourmet.com\/de\/#\/schema\/logo\/image\/","url":"https:\/\/relaisgourmet.com\/wp-content\/uploads\/2024\/11\/Diseno-sin-titulo-8.jpg","contentUrl":"https:\/\/relaisgourmet.com\/wp-content\/uploads\/2024\/11\/Diseno-sin-titulo-8.jpg","width":500,"height":500,"caption":"Relais Gourmet"},"image":{"@id":"https:\/\/relaisgourmet.com\/de\/#\/schema\/logo\/image\/"},"sameAs":["https:\/\/facebook.com\/yoast","https:\/\/instagram.com\/yoast"]}]}},"_links":{"self":[{"href":"https:\/\/relaisgourmet.com\/de\/wp-json\/wp\/v2\/product\/55319","targetHints":{"allow":["GET"]}}],"collection":[{"href":"https:\/\/relaisgourmet.com\/de\/wp-json\/wp\/v2\/product"}],"about":[{"href":"https:\/\/relaisgourmet.com\/de\/wp-json\/wp\/v2\/types\/product"}],"replies":[{"embeddable":true,"href":"https:\/\/relaisgourmet.com\/de\/wp-json\/wp\/v2\/comments?post=55319"}],"version-history":[{"count":2,"href":"https:\/\/relaisgourmet.com\/de\/wp-json\/wp\/v2\/product\/55319\/revisions"}],"predecessor-version":[{"id":55336,"href":"https:\/\/relaisgourmet.com\/de\/wp-json\/wp\/v2\/product\/55319\/revisions\/55336"}],"wp:featuredmedia":[{"embeddable":true,"href":"https:\/\/relaisgourmet.com\/de\/wp-json\/wp\/v2\/media\/58739"}],"wp:attachment":[{"href":"https:\/\/relaisgourmet.com\/de\/wp-json\/wp\/v2\/media?parent=55319"}],"wp:term":[{"taxonomy":"product_brand","embeddable":true,"href":"https:\/\/relaisgourmet.com\/de\/wp-json\/wp\/v2\/product_brand?post=55319"},{"taxonomy":"product_cat","embeddable":true,"href":"https:\/\/relaisgourmet.com\/de\/wp-json\/wp\/v2\/product_cat?post=55319"},{"taxonomy":"product_tag","embeddable":true,"href":"https:\/\/relaisgourmet.com\/de\/wp-json\/wp\/v2\/product_tag?post=55319"},{"taxonomy":"giftcard-category","embeddable":true,"href":"https:\/\/relaisgourmet.com\/de\/wp-json\/wp\/v2\/giftcard-category?post=55319"}],"curies":[{"name":"wp","href":"https:\/\/api.w.org\/{rel}","templated":true}]}}