{"id":55295,"date":"2025-03-12T13:40:03","date_gmt":"2025-03-12T12:40:03","guid":{"rendered":"https:\/\/relaisgourmet.com\/?post_type=product&#038;p=55295"},"modified":"2025-03-12T13:47:33","modified_gmt":"2025-03-12T12:47:33","slug":"geschenkset-aranzazu-copie-4","status":"publish","type":"product","link":"https:\/\/relaisgourmet.com\/de\/Produkt\/geschenkset-aranzazu-copie-4\/","title":{"rendered":"Geschenkset Uhainak"},"content":{"rendered":"<p><b>Entdecken Sie die Geschenkbox Uhainak: Die Eleganz des Geschmacks<\/b><\/p>\n<p>Das<b> Uhainak-Set<\/b><span style=\"font-weight: 400;\">  ist ein Muss f\u00fcr Liebhaber authentischer gastronomischer Gen\u00fcsse. Diese von <strong>Relais Gourmet<\/strong> signierte Box enth\u00e4lt eine Auswahl an Premiumprodukten, die ideal sind, um Ihre <strong>Gourmetmomente<\/strong> bei jeder Gelegenheit zu verfeinern. Ob Sie ihn mit Freunden teilen oder an Ihre Lieben verschenken, der  <\/span><b>Geschenkset Uhainak<\/b><span style=\"font-weight: 400;\">  ist perfekt, um gesellige und unvergessliche Momente am Tisch zu schaffen. Jedes Produkt in diesem Paket ist eine Hommage an die traditionellen Aromen und das Know-how von Relais Gourmet.<\/span><\/p>\n<p><span style=\"font-weight: 400;\">Das <\/span>Uhainak-Set<span style=\"font-weight: 400;\"> ist garantiert <strong>frei von Konservierungsmitteln, Farbstoffen und Zusatzstoffen.<\/strong><\/span><\/p>\n<p><b>Zusammensetzung :<\/b><\/p>\n<ul>\n<li style=\"font-weight: 400;\" aria-level=\"1\"><b>Ganze Leberpastete Natur (400 g)<\/b><span style=\"font-weight: 400;\"> Die reine Essenz der Leberpastete, einfach k\u00f6stlich.<\/span><\/li>\n<li style=\"font-weight: 400;\" aria-level=\"1\"><b>Ganze Leberpastete mit Sauternes (400 g)<\/b><span style=\"font-weight: 400;\"> Die Leberpastete mit dem feinen Aroma von Sauternes ist eine sanfte und subtile Note.<\/span><\/li>\n<li style=\"font-weight: 400;\" aria-level=\"1\"><b>Ganze Leberpastete mit Piment d&#8217;Espelette (400 g)<\/b><span style=\"font-weight: 400;\"> F\u00fcr Liebhaber von w\u00fcrzigen Empfindungen, gew\u00fcrzt mit der ber\u00fchmten baskischen Chilischote.<\/span><\/li>\n<li style=\"font-weight: 400;\" aria-level=\"1\"><b>Gourmet-Aperitif mit Piment d&#8217;Espelette (180 g)<\/b><span style=\"font-weight: 400;\"> Ein k\u00f6stlicher und w\u00fcrziger Aperitif.<\/span><\/li>\n<li style=\"font-weight: 400;\" aria-level=\"1\"><b>Gourmet-Aperitif mit Steinpilzen (180 g)<\/b><span style=\"font-weight: 400;\"> Eine schmackhafte Mischung f\u00fcr einen Hauch von Wald bei Ihren Aperitifs.<\/span><\/li>\n<\/ul>\n<p><b>Aufbewahrung und Verkostungstipps :<\/b><\/p>\n<p><span style=\"font-weight: 400;\">Die <\/span><b>Uhainak-Set<\/b><span style=\"font-weight: 400;\">  hat eine lange Haltbarkeit von 3 Jahren bei Raumtemperatur. Nach dem \u00d6ffnen sollten Sie die Produkte innerhalb von 15 Tagen verbrauchen und sie im K\u00fchlschrank aufbewahren, um ihre Frische zu bewahren.<\/span><\/p>\n<p><b>Tipps f\u00fcr den optimalen Genuss Ihres Uhainak-Sets<\/b><\/p>\n<p><span style=\"font-weight: 400;\">Kreative Ideen und Tipps zur Verbesserung dieser Produkte finden Sie auf unserem Blog. <\/span><a href=\"https:\/\/relaisgourmet.com\/blog-foies-gras-actualite\/\"><b>Blog<\/b><\/a><span style=\"font-weight: 400;\"> und folgen Sie uns auf unserer Seite <\/span><a href=\"https:\/\/www.instagram.com\/relaisgourmetofficiel\/\"><b>Instagram<\/b><\/a><span style=\"font-weight: 400;\">. Hier finden Sie Tipps, wie Sie Ihre Mahlzeiten in echte Gourmetmomente verwandeln k\u00f6nnen.<\/span><\/p>\n<p><b>Schenken oder erhalten Sie :<\/b><\/p>\n<p><span style=\"font-weight: 400;\">Die <\/span><b>Uhainak-Set<\/b><span style=\"font-weight: 400;\">  verk\u00f6rpert die Exzellenz der Produkte von Relais Gourmet. Es ist f\u00fcr diejenigen gedacht, die nach einzigartigen Momenten voller authentischer Aromen und Gaumenfreuden suchen. G\u00f6nnen Sie sich oder Ihren Lieben einen au\u00dfergew\u00f6hnlichen Moment mit diesem Geschenkset mit vielen K\u00f6stlichkeiten.<\/span><\/p>\n","protected":false},"excerpt":{"rendered":"<p>Entdecken Sie die <strong>Uhainak-Box<\/strong> von Relais Gourmet, eine schmackhafte Auswahl, die Sie zu jeder Gelegenheit zu Ihren Gourmet-Momenten begleiten kann. Perfekt f\u00fcr einen Aperitif mit Freunden, eine Gourmet-Pause oder ein aufsehenerregendes Geschenk, dieses Set verspricht ein einzigartiges Vergn\u00fcgen zum Teilen oder zum Genie\u00dfen.<\/p>\n<p><img decoding=\"async\" class=\"emoji\" role=\"img\" src=\"https:\/\/s.w.org\/images\/core\/emoji\/15.0.3\/svg\/1f1eb-1f1f7.svg\" alt=\"\ud83c\uddeb\ud83c\uddf7\">  Garantierte 100%ige franz\u00f6sische Produktion<br \/>\n\u2714 Garantiert frei von Konservierungsmitteln, Zusatzstoffen und Farbstoffen.<br \/>\n\ud83c\udf43 Mit gelbem Mais gef\u00fctterte Enten<br \/>\n\ud83d\ude9a Schnelle Lieferung in die ganze Welt<br \/>\n\ud83d\udd53 3 Jahre haltbar<br \/>\n\ud83d\udd10 Sichere Zahlung<\/p>\n<p>Nettogewicht: 1.83 kg<\/p>\n","protected":false},"featured_media":58744,"comment_status":"closed","ping_status":"closed","template":"","meta":[],"product_brand":[],"product_cat":[1274,1278],"product_tag":[],"giftcard-category":[],"class_list":{"0":"post-55295","1":"product","2":"type-product","3":"status-publish","4":"has-post-thumbnail","6":"product_cat-geschenkboxen","7":"product_cat-gourmet-geschenke","9":"first","10":"instock","11":"taxable","12":"shipping-taxable","13":"purchasable","14":"product-type-simple"},"yoast_head":"<!-- This site is optimized with the Yoast SEO Premium plugin v27.0 (Yoast SEO v27.3) - https:\/\/yoast.com\/product\/yoast-seo-premium-wordpress\/ -->\n<title>Uhainak Geschenkset \u2013 Typisch baskischer Genuss<\/title>\n<meta name=\"description\" content=\"Entdecken Sie unser Uhainak-Sortiment, das selbst den anspruchsvollsten Gaumen erfreut.\" \/>\n<meta name=\"robots\" content=\"index, follow, max-snippet:-1, max-image-preview:large, max-video-preview:-1\" \/>\n<link rel=\"canonical\" href=\"https:\/\/relaisgourmet.com\/de\/Produkt\/geschenkset-aranzazu-copie-4\/\" \/>\n<meta property=\"og:locale\" content=\"de_DE\" \/>\n<meta property=\"og:type\" content=\"article\" \/>\n<meta property=\"og:title\" content=\"Geschenkset Uhainak\" \/>\n<meta property=\"og:description\" content=\"Entdecken Sie unser Uhainak-Sortiment, das selbst den anspruchsvollsten Gaumen erfreut.\" \/>\n<meta property=\"og:url\" content=\"https:\/\/relaisgourmet.com\/de\/Produkt\/geschenkset-aranzazu-copie-4\/\" \/>\n<meta property=\"og:site_name\" content=\"Relais Gourmet\" \/>\n<meta property=\"article:publisher\" content=\"https:\/\/facebook.com\/yoast\" \/>\n<meta property=\"article:modified_time\" content=\"2025-03-12T12:47:33+00:00\" \/>\n<meta property=\"og:image\" content=\"https:\/\/relaisgourmet.com\/wp-content\/uploads\/2025\/03\/coffret-3FG-400-2A-2.jpg\" \/>\n\t<meta property=\"og:image:width\" content=\"2500\" \/>\n\t<meta property=\"og:image:height\" content=\"1667\" \/>\n\t<meta property=\"og:image:type\" content=\"image\/jpeg\" \/>\n<meta name=\"twitter:card\" content=\"summary_large_image\" \/>\n<meta name=\"twitter:label1\" content=\"Gesch\u00e4tzte Lesezeit\" \/>\n\t<meta name=\"twitter:data1\" content=\"2\u00a0Minute\" \/>\n<script type=\"application\/ld+json\" class=\"yoast-schema-graph\">{\"@context\":\"https:\\\/\\\/schema.org\",\"@graph\":[{\"@type\":\"WebPage\",\"@id\":\"https:\\\/\\\/relaisgourmet.com\\\/de\\\/Produkt\\\/geschenkset-aranzazu-copie-4\\\/\",\"url\":\"https:\\\/\\\/relaisgourmet.com\\\/de\\\/Produkt\\\/geschenkset-aranzazu-copie-4\\\/\",\"name\":\"Uhainak Geschenkset \u2013 Typisch baskischer Genuss\",\"isPartOf\":{\"@id\":\"https:\\\/\\\/relaisgourmet.com\\\/de\\\/#website\"},\"primaryImageOfPage\":{\"@id\":\"https:\\\/\\\/relaisgourmet.com\\\/de\\\/Produkt\\\/geschenkset-aranzazu-copie-4\\\/#primaryimage\"},\"image\":{\"@id\":\"https:\\\/\\\/relaisgourmet.com\\\/de\\\/Produkt\\\/geschenkset-aranzazu-copie-4\\\/#primaryimage\"},\"thumbnailUrl\":\"https:\\\/\\\/relaisgourmet.com\\\/wp-content\\\/uploads\\\/2025\\\/03\\\/Uhainak.jpg\",\"datePublished\":\"2025-03-12T12:40:03+00:00\",\"dateModified\":\"2025-03-12T12:47:33+00:00\",\"description\":\"Entdecken Sie unser Uhainak-Sortiment, das selbst den anspruchsvollsten Gaumen erfreut.\",\"breadcrumb\":{\"@id\":\"https:\\\/\\\/relaisgourmet.com\\\/de\\\/Produkt\\\/geschenkset-aranzazu-copie-4\\\/#breadcrumb\"},\"inLanguage\":\"de\",\"potentialAction\":[{\"@type\":\"ReadAction\",\"target\":[\"https:\\\/\\\/relaisgourmet.com\\\/de\\\/Produkt\\\/geschenkset-aranzazu-copie-4\\\/\"]}]},{\"@type\":\"ImageObject\",\"inLanguage\":\"de\",\"@id\":\"https:\\\/\\\/relaisgourmet.com\\\/de\\\/Produkt\\\/geschenkset-aranzazu-copie-4\\\/#primaryimage\",\"url\":\"https:\\\/\\\/relaisgourmet.com\\\/wp-content\\\/uploads\\\/2025\\\/03\\\/Uhainak.jpg\",\"contentUrl\":\"https:\\\/\\\/relaisgourmet.com\\\/wp-content\\\/uploads\\\/2025\\\/03\\\/Uhainak.jpg\",\"width\":1583,\"height\":1583,\"caption\":\"photographe d'entreprise, corporate, packshot, CV pau bearn pays basque\"},{\"@type\":\"BreadcrumbList\",\"@id\":\"https:\\\/\\\/relaisgourmet.com\\\/de\\\/Produkt\\\/geschenkset-aranzazu-copie-4\\\/#breadcrumb\",\"itemListElement\":[{\"@type\":\"ListItem\",\"position\":1,\"name\":\"Startseite\",\"item\":\"https:\\\/\\\/relaisgourmet.com\\\/de\\\/\"},{\"@type\":\"ListItem\",\"position\":2,\"name\":\"Authentische Foie Gras\",\"item\":\"https:\\\/\\\/relaisgourmet.com\\\/de\\\/authentische-foie-gras\\\/\"},{\"@type\":\"ListItem\",\"position\":3,\"name\":\"Geschenkset Uhainak\"}]},{\"@type\":\"WebSite\",\"@id\":\"https:\\\/\\\/relaisgourmet.com\\\/de\\\/#website\",\"url\":\"https:\\\/\\\/relaisgourmet.com\\\/de\\\/\",\"name\":\"Relais Gourmet\",\"description\":\"Maison Gastronomique au Pays-Basque Depuis 2004\",\"publisher\":{\"@id\":\"https:\\\/\\\/relaisgourmet.com\\\/de\\\/#organization\"},\"potentialAction\":[{\"@type\":\"SearchAction\",\"target\":{\"@type\":\"EntryPoint\",\"urlTemplate\":\"https:\\\/\\\/relaisgourmet.com\\\/de\\\/?s={search_term_string}\"},\"query-input\":{\"@type\":\"PropertyValueSpecification\",\"valueRequired\":true,\"valueName\":\"search_term_string\"}}],\"inLanguage\":\"de\"},{\"@type\":\"Organization\",\"@id\":\"https:\\\/\\\/relaisgourmet.com\\\/de\\\/#organization\",\"name\":\"Relais Gourmet\",\"url\":\"https:\\\/\\\/relaisgourmet.com\\\/de\\\/\",\"logo\":{\"@type\":\"ImageObject\",\"inLanguage\":\"de\",\"@id\":\"https:\\\/\\\/relaisgourmet.com\\\/de\\\/#\\\/schema\\\/logo\\\/image\\\/\",\"url\":\"https:\\\/\\\/relaisgourmet.com\\\/wp-content\\\/uploads\\\/2024\\\/11\\\/Diseno-sin-titulo-8.jpg\",\"contentUrl\":\"https:\\\/\\\/relaisgourmet.com\\\/wp-content\\\/uploads\\\/2024\\\/11\\\/Diseno-sin-titulo-8.jpg\",\"width\":500,\"height\":500,\"caption\":\"Relais Gourmet\"},\"image\":{\"@id\":\"https:\\\/\\\/relaisgourmet.com\\\/de\\\/#\\\/schema\\\/logo\\\/image\\\/\"},\"sameAs\":[\"https:\\\/\\\/facebook.com\\\/yoast\",\"https:\\\/\\\/instagram.com\\\/yoast\"]}]}<\/script>\n<!-- \/ Yoast SEO Premium plugin. -->","yoast_head_json":{"title":"Uhainak Geschenkset \u2013 Typisch baskischer Genuss","description":"Entdecken Sie unser Uhainak-Sortiment, das selbst den anspruchsvollsten Gaumen erfreut.","robots":{"index":"index","follow":"follow","max-snippet":"max-snippet:-1","max-image-preview":"max-image-preview:large","max-video-preview":"max-video-preview:-1"},"canonical":"https:\/\/relaisgourmet.com\/de\/Produkt\/geschenkset-aranzazu-copie-4\/","og_locale":"de_DE","og_type":"article","og_title":"Geschenkset Uhainak","og_description":"Entdecken Sie unser Uhainak-Sortiment, das selbst den anspruchsvollsten Gaumen erfreut.","og_url":"https:\/\/relaisgourmet.com\/de\/Produkt\/geschenkset-aranzazu-copie-4\/","og_site_name":"Relais Gourmet","article_publisher":"https:\/\/facebook.com\/yoast","article_modified_time":"2025-03-12T12:47:33+00:00","og_image":[{"width":2500,"height":1667,"url":"https:\/\/relaisgourmet.com\/wp-content\/uploads\/2025\/03\/coffret-3FG-400-2A-2.jpg","type":"image\/jpeg"}],"twitter_card":"summary_large_image","twitter_misc":{"Gesch\u00e4tzte Lesezeit":"2\u00a0Minute"},"schema":{"@context":"https:\/\/schema.org","@graph":[{"@type":"WebPage","@id":"https:\/\/relaisgourmet.com\/de\/Produkt\/geschenkset-aranzazu-copie-4\/","url":"https:\/\/relaisgourmet.com\/de\/Produkt\/geschenkset-aranzazu-copie-4\/","name":"Uhainak Geschenkset \u2013 Typisch baskischer Genuss","isPartOf":{"@id":"https:\/\/relaisgourmet.com\/de\/#website"},"primaryImageOfPage":{"@id":"https:\/\/relaisgourmet.com\/de\/Produkt\/geschenkset-aranzazu-copie-4\/#primaryimage"},"image":{"@id":"https:\/\/relaisgourmet.com\/de\/Produkt\/geschenkset-aranzazu-copie-4\/#primaryimage"},"thumbnailUrl":"https:\/\/relaisgourmet.com\/wp-content\/uploads\/2025\/03\/Uhainak.jpg","datePublished":"2025-03-12T12:40:03+00:00","dateModified":"2025-03-12T12:47:33+00:00","description":"Entdecken Sie unser Uhainak-Sortiment, das selbst den anspruchsvollsten Gaumen erfreut.","breadcrumb":{"@id":"https:\/\/relaisgourmet.com\/de\/Produkt\/geschenkset-aranzazu-copie-4\/#breadcrumb"},"inLanguage":"de","potentialAction":[{"@type":"ReadAction","target":["https:\/\/relaisgourmet.com\/de\/Produkt\/geschenkset-aranzazu-copie-4\/"]}]},{"@type":"ImageObject","inLanguage":"de","@id":"https:\/\/relaisgourmet.com\/de\/Produkt\/geschenkset-aranzazu-copie-4\/#primaryimage","url":"https:\/\/relaisgourmet.com\/wp-content\/uploads\/2025\/03\/Uhainak.jpg","contentUrl":"https:\/\/relaisgourmet.com\/wp-content\/uploads\/2025\/03\/Uhainak.jpg","width":1583,"height":1583,"caption":"photographe d'entreprise, corporate, packshot, CV pau bearn pays basque"},{"@type":"BreadcrumbList","@id":"https:\/\/relaisgourmet.com\/de\/Produkt\/geschenkset-aranzazu-copie-4\/#breadcrumb","itemListElement":[{"@type":"ListItem","position":1,"name":"Startseite","item":"https:\/\/relaisgourmet.com\/de\/"},{"@type":"ListItem","position":2,"name":"Authentische Foie Gras","item":"https:\/\/relaisgourmet.com\/de\/authentische-foie-gras\/"},{"@type":"ListItem","position":3,"name":"Geschenkset Uhainak"}]},{"@type":"WebSite","@id":"https:\/\/relaisgourmet.com\/de\/#website","url":"https:\/\/relaisgourmet.com\/de\/","name":"Relais Gourmet","description":"Maison Gastronomique au Pays-Basque Depuis 2004","publisher":{"@id":"https:\/\/relaisgourmet.com\/de\/#organization"},"potentialAction":[{"@type":"SearchAction","target":{"@type":"EntryPoint","urlTemplate":"https:\/\/relaisgourmet.com\/de\/?s={search_term_string}"},"query-input":{"@type":"PropertyValueSpecification","valueRequired":true,"valueName":"search_term_string"}}],"inLanguage":"de"},{"@type":"Organization","@id":"https:\/\/relaisgourmet.com\/de\/#organization","name":"Relais Gourmet","url":"https:\/\/relaisgourmet.com\/de\/","logo":{"@type":"ImageObject","inLanguage":"de","@id":"https:\/\/relaisgourmet.com\/de\/#\/schema\/logo\/image\/","url":"https:\/\/relaisgourmet.com\/wp-content\/uploads\/2024\/11\/Diseno-sin-titulo-8.jpg","contentUrl":"https:\/\/relaisgourmet.com\/wp-content\/uploads\/2024\/11\/Diseno-sin-titulo-8.jpg","width":500,"height":500,"caption":"Relais Gourmet"},"image":{"@id":"https:\/\/relaisgourmet.com\/de\/#\/schema\/logo\/image\/"},"sameAs":["https:\/\/facebook.com\/yoast","https:\/\/instagram.com\/yoast"]}]}},"_links":{"self":[{"href":"https:\/\/relaisgourmet.com\/de\/wp-json\/wp\/v2\/product\/55295","targetHints":{"allow":["GET"]}}],"collection":[{"href":"https:\/\/relaisgourmet.com\/de\/wp-json\/wp\/v2\/product"}],"about":[{"href":"https:\/\/relaisgourmet.com\/de\/wp-json\/wp\/v2\/types\/product"}],"replies":[{"embeddable":true,"href":"https:\/\/relaisgourmet.com\/de\/wp-json\/wp\/v2\/comments?post=55295"}],"version-history":[{"count":2,"href":"https:\/\/relaisgourmet.com\/de\/wp-json\/wp\/v2\/product\/55295\/revisions"}],"predecessor-version":[{"id":55311,"href":"https:\/\/relaisgourmet.com\/de\/wp-json\/wp\/v2\/product\/55295\/revisions\/55311"}],"wp:featuredmedia":[{"embeddable":true,"href":"https:\/\/relaisgourmet.com\/de\/wp-json\/wp\/v2\/media\/58744"}],"wp:attachment":[{"href":"https:\/\/relaisgourmet.com\/de\/wp-json\/wp\/v2\/media?parent=55295"}],"wp:term":[{"taxonomy":"product_brand","embeddable":true,"href":"https:\/\/relaisgourmet.com\/de\/wp-json\/wp\/v2\/product_brand?post=55295"},{"taxonomy":"product_cat","embeddable":true,"href":"https:\/\/relaisgourmet.com\/de\/wp-json\/wp\/v2\/product_cat?post=55295"},{"taxonomy":"product_tag","embeddable":true,"href":"https:\/\/relaisgourmet.com\/de\/wp-json\/wp\/v2\/product_tag?post=55295"},{"taxonomy":"giftcard-category","embeddable":true,"href":"https:\/\/relaisgourmet.com\/de\/wp-json\/wp\/v2\/giftcard-category?post=55295"}],"curies":[{"name":"wp","href":"https:\/\/api.w.org\/{rel}","templated":true}]}}