{"id":55260,"date":"2025-03-12T13:29:50","date_gmt":"2025-03-12T12:29:50","guid":{"rendered":"https:\/\/relaisgourmet.com\/?post_type=product&#038;p=55260"},"modified":"2025-04-09T22:39:09","modified_gmt":"2025-04-09T20:39:09","slug":"geschenkset-aranzazu-copie-2","status":"publish","type":"product","link":"https:\/\/relaisgourmet.com\/de\/Produkt\/geschenkset-aranzazu-copie-2\/","title":{"rendered":"Geschenkset Txingudi"},"content":{"rendered":"<h4><b>Entdecken Sie das Txingudi-Set: ein Gourmet-Schatz f\u00fcr Ihre Aperitifs und Picknicks<\/b><\/h4>\n<p><span style=\"font-weight: 400;\">Die <\/span><b>Txingudi Set<\/b><span style=\"font-weight: 400;\">  von <strong>Relais Gourmet<\/strong> ist eine Einladung, das Beste aus der Region durch eine exquisite Auswahl von Produkten zu entdecken. Perfekt zu geselligen Aperitifs, Ausfl\u00fcgen im Freien oder einfach zum Verw\u00f6hnen Ihrer Lieben. Eine elegante und schmackhafte Geschenkidee oder ein Genuss, den Sie sofort genie\u00dfen sollten!<\/span><\/p>\n<p>Das Txingudi-Set ist garantiert<b> frei von Konservierungsmitteln, Farbstoffen und Zusatzstoffen<\/b>.<\/p>\n<h4><b>Zusammensetzung :<\/b><\/h4>\n<ul>\n<li style=\"font-weight: 400;\" aria-level=\"1\"><b>Ganze Leberpastete Natur (200 g)<\/b><span style=\"font-weight: 400;\">Diese Foie Gras mit ihrer zartschmelzenden Textur und ihrem delikaten Geschmack ist ein Muss f\u00fcr besondere Anl\u00e4sse. Er verleiht Ihren Aperitifs einen Hauch von Eleganz.<\/span><\/li>\n<li style=\"font-weight: 400;\" aria-level=\"1\"><b>Ganze Leberpastete mit Sauternes (200 g)<\/b><span style=\"font-weight: 400;\">Eine perfekte Verbindung zwischen Stopfleber und Sauternes, einem S\u00fc\u00dfwein, der die Aromen sublimiert, f\u00fcr eine harmonische Verbindung zwischen Sanftheit und Charakter.<\/span><\/li>\n<li style=\"font-weight: 400;\" aria-level=\"1\"><b>2 Quintessenzen von Leberpastete und ger\u00e4ucherter Entenbrust (180 g)<\/b><span style=\"font-weight: 400;\">Eine raffinierte Fusion, die die S\u00fc\u00dfe der Stopfleber mit der Kraft der ger\u00e4ucherten Entenbrust verbindet. Dieses Produkt ist ein wahrer Genuss f\u00fcr Liebhaber intensiver Aromen.<\/span><\/li>\n<li style=\"font-weight: 400;\" aria-level=\"1\"><b>Champagner-Flasche (750 ml)<\/b><span style=\"font-weight: 400;\">Es gibt nichts Besseres als ein Glas Champagner, um diese au\u00dfergew\u00f6hnlichen Gerichte zu begleiten. Champagner mit seinen feinen Bl\u00e4schen und subtilen Aromen hebt die Aromen des  <\/span><b>Geschenkset Txingudi<\/b><span style=\"font-weight: 400;\">.<\/span><\/li>\n<li aria-level=\"1\"><strong>Eine Leberpasteten-Lyra (10g)<\/strong>: erm\u00f6glicht es, die Leberpastete vorsichtig in perfekte Scheiben zu schneiden, die Pr\u00e4zision und Eleganz vereinen.<\/li>\n<\/ul>\n<p>&nbsp;<\/p>\n<h4><b>Aufbewahrung und Verkostungstipps :<\/b><\/h4>\n<p><span style=\"font-weight: 400;\">Die <\/span><b>Txingudi Set<\/b><span style=\"font-weight: 400;\">  hat eine lange Haltbarkeit von 3 Jahren bei Raumtemperatur. Nach dem \u00d6ffnen sollten die Produkte innerhalb von 15 Tagen verbraucht werden und im K\u00fchlschrank aufbewahrt werden, um ihre Frische und ihren Geschmack zu bewahren.<\/span><\/p>\n<p><span style=\"font-weight: 400;\">Alle unsere Tipps und Ratschl\u00e4ge zur Vorbereitung finden Sie in unserem <a href=\"https:\/\/relaisgourmet.com\/blog-foies-gras-actualite\/\">Blog<\/a> und auf unserer <a href=\"https:\/\/www.instagram.com\/relaisgourmetofficiel\/\">Instagram-Seite<\/a>. Lernen Sie, wie Sie die Produkte des Landes hervorheben k\u00f6nnen.  <\/span><b>Geschenkset Txingudi<\/b><span style=\"font-weight: 400;\">  mit eleganten Pr\u00e4sentationsideen und originellen Rezepten. Verwandeln Sie jeden Aperitif in ein au\u00dfergew\u00f6hnliches gastronomisches Erlebnis!<\/span><\/p>\n<p><span style=\"font-weight: 400;\">Die <\/span><b>Txingudi Set<\/b><span style=\"font-weight: 400;\">  ist das ideale Geschenk, um wichtige Momente zu feiern oder sich selbst eine Freude zu machen. Lassen Sie sich von der Feinheit und Authentizit\u00e4t der Relais Gourmet-Produkte verf\u00fchren, die jeden Moment des gemeinsamen Genie\u00dfens veredeln werden.<\/span><\/p>\n","protected":false},"excerpt":{"rendered":"<p>Entdecken Sie das Txingudi-Set von Relais Gourmet, der ideale Begleiter f\u00fcr Ihren Aperitif. Zum Teilen oder Verschenken f\u00fcr einen Gourmet-Moment!<\/p>\n<p><img decoding=\"async\" class=\"emoji\" role=\"img\" src=\"https:\/\/s.w.org\/images\/core\/emoji\/15.0.3\/svg\/1f1eb-1f1f7.svg\" alt=\"\ud83c\uddeb\ud83c\uddf7\">  Garantierte 100%ige franz\u00f6sische Produktion<br \/>\n\u2714 Garantiert frei von Konservierungsmitteln, Zusatzstoffen und Farbstoffen.<br \/>\n\ud83c\udf43 Mit gelbem Mais gef\u00fctterte Enten<br \/>\n\ud83d\ude9a Schnelle Lieferung in die ganze Welt<br \/>\n\ud83d\udd53 3 Jahre haltbar<br \/>\n\ud83d\udd10 Sichere Zahlung<\/p>\n<p>Nettogewicht: 1.83 kg<\/p>\n","protected":false},"featured_media":58754,"comment_status":"closed","ping_status":"closed","template":"","meta":[],"product_brand":[],"product_cat":[1274,1278],"product_tag":[],"giftcard-category":[],"class_list":{"0":"post-55260","1":"product","2":"type-product","3":"status-publish","4":"has-post-thumbnail","6":"product_cat-geschenkboxen","7":"product_cat-gourmet-geschenke","8":"product_shipping_class-standard-de","10":"first","11":"instock","12":"taxable","13":"shipping-taxable","14":"purchasable","15":"product-type-simple"},"yoast_head":"<!-- This site is optimized with the Yoast SEO Premium plugin v27.0 (Yoast SEO v27.0) - https:\/\/yoast.com\/product\/yoast-seo-premium-wordpress\/ -->\n<title>Txingudi Geschenkset \u2013 Entdecken Sie unsere Spezialit\u00e4t<\/title>\n<meta name=\"description\" content=\"Machen Sie sich oder anderen eine Freude mit einem Txingudi-Set, das alles enth\u00e4lt, was zu einem guten Aperitif und einem geselligen Beisammensein geh\u00f6rt.\" \/>\n<meta name=\"robots\" content=\"index, follow, max-snippet:-1, max-image-preview:large, max-video-preview:-1\" \/>\n<link rel=\"canonical\" href=\"https:\/\/relaisgourmet.com\/de\/Produkt\/geschenkset-aranzazu-copie-2\/\" \/>\n<meta property=\"og:locale\" content=\"de_DE\" \/>\n<meta property=\"og:type\" content=\"article\" \/>\n<meta property=\"og:title\" content=\"Geschenkset Txingudi\" \/>\n<meta property=\"og:description\" content=\"Machen Sie sich oder anderen eine Freude mit einem Txingudi-Set, das alles enth\u00e4lt, was zu einem guten Aperitif und einem geselligen Beisammensein geh\u00f6rt.\" \/>\n<meta property=\"og:url\" content=\"https:\/\/relaisgourmet.com\/de\/Produkt\/geschenkset-aranzazu-copie-2\/\" \/>\n<meta property=\"og:site_name\" content=\"Relais Gourmet\" \/>\n<meta property=\"article:publisher\" content=\"https:\/\/facebook.com\/yoast\" \/>\n<meta property=\"article:modified_time\" content=\"2025-04-09T20:39:09+00:00\" \/>\n<meta property=\"og:image\" content=\"https:\/\/relaisgourmet.com\/wp-content\/uploads\/2025\/03\/coffret-1001-1-300x300-1.jpg\" \/>\n\t<meta property=\"og:image:width\" content=\"300\" \/>\n\t<meta property=\"og:image:height\" content=\"300\" \/>\n\t<meta property=\"og:image:type\" content=\"image\/jpeg\" \/>\n<meta name=\"twitter:card\" content=\"summary_large_image\" \/>\n<meta name=\"twitter:label1\" content=\"Gesch\u00e4tzte Lesezeit\" \/>\n\t<meta name=\"twitter:data1\" content=\"2\u00a0Minute\" \/>\n<script type=\"application\/ld+json\" class=\"yoast-schema-graph\">{\"@context\":\"https:\/\/schema.org\",\"@graph\":[{\"@type\":\"WebPage\",\"@id\":\"https:\/\/relaisgourmet.com\/de\/Produkt\/geschenkset-aranzazu-copie-2\/\",\"url\":\"https:\/\/relaisgourmet.com\/de\/Produkt\/geschenkset-aranzazu-copie-2\/\",\"name\":\"Txingudi Geschenkset \u2013 Entdecken Sie unsere Spezialit\u00e4t\",\"isPartOf\":{\"@id\":\"https:\/\/relaisgourmet.com\/de\/#website\"},\"primaryImageOfPage\":{\"@id\":\"https:\/\/relaisgourmet.com\/de\/Produkt\/geschenkset-aranzazu-copie-2\/#primaryimage\"},\"image\":{\"@id\":\"https:\/\/relaisgourmet.com\/de\/Produkt\/geschenkset-aranzazu-copie-2\/#primaryimage\"},\"thumbnailUrl\":\"https:\/\/relaisgourmet.com\/wp-content\/uploads\/2025\/03\/Txingudi.jpg\",\"datePublished\":\"2025-03-12T12:29:50+00:00\",\"dateModified\":\"2025-04-09T20:39:09+00:00\",\"description\":\"Machen Sie sich oder anderen eine Freude mit einem Txingudi-Set, das alles enth\u00e4lt, was zu einem guten Aperitif und einem geselligen Beisammensein geh\u00f6rt.\",\"breadcrumb\":{\"@id\":\"https:\/\/relaisgourmet.com\/de\/Produkt\/geschenkset-aranzazu-copie-2\/#breadcrumb\"},\"inLanguage\":\"de\",\"potentialAction\":[{\"@type\":\"ReadAction\",\"target\":[\"https:\/\/relaisgourmet.com\/de\/Produkt\/geschenkset-aranzazu-copie-2\/\"]}]},{\"@type\":\"ImageObject\",\"inLanguage\":\"de\",\"@id\":\"https:\/\/relaisgourmet.com\/de\/Produkt\/geschenkset-aranzazu-copie-2\/#primaryimage\",\"url\":\"https:\/\/relaisgourmet.com\/wp-content\/uploads\/2025\/03\/Txingudi.jpg\",\"contentUrl\":\"https:\/\/relaisgourmet.com\/wp-content\/uploads\/2025\/03\/Txingudi.jpg\",\"width\":1667,\"height\":1667,\"caption\":\"photographe d'entreprise, corporate, packshot, CV pau bearn pays basque\"},{\"@type\":\"BreadcrumbList\",\"@id\":\"https:\/\/relaisgourmet.com\/de\/Produkt\/geschenkset-aranzazu-copie-2\/#breadcrumb\",\"itemListElement\":[{\"@type\":\"ListItem\",\"position\":1,\"name\":\"Startseite\",\"item\":\"https:\/\/relaisgourmet.com\/de\/\"},{\"@type\":\"ListItem\",\"position\":2,\"name\":\"Authentische Foie Gras\",\"item\":\"https:\/\/relaisgourmet.com\/de\/authentische-foie-gras\/\"},{\"@type\":\"ListItem\",\"position\":3,\"name\":\"Geschenkset Txingudi\"}]},{\"@type\":\"WebSite\",\"@id\":\"https:\/\/relaisgourmet.com\/de\/#website\",\"url\":\"https:\/\/relaisgourmet.com\/de\/\",\"name\":\"Relais Gourmet\",\"description\":\"Maison Gastronomique au Pays-Basque Depuis 2004\",\"publisher\":{\"@id\":\"https:\/\/relaisgourmet.com\/de\/#organization\"},\"potentialAction\":[{\"@type\":\"SearchAction\",\"target\":{\"@type\":\"EntryPoint\",\"urlTemplate\":\"https:\/\/relaisgourmet.com\/de\/?s={search_term_string}\"},\"query-input\":{\"@type\":\"PropertyValueSpecification\",\"valueRequired\":true,\"valueName\":\"search_term_string\"}}],\"inLanguage\":\"de\"},{\"@type\":\"Organization\",\"@id\":\"https:\/\/relaisgourmet.com\/de\/#organization\",\"name\":\"Relais Gourmet\",\"url\":\"https:\/\/relaisgourmet.com\/de\/\",\"logo\":{\"@type\":\"ImageObject\",\"inLanguage\":\"de\",\"@id\":\"https:\/\/relaisgourmet.com\/de\/#\/schema\/logo\/image\/\",\"url\":\"https:\/\/relaisgourmet.com\/wp-content\/uploads\/2024\/11\/Diseno-sin-titulo-8.jpg\",\"contentUrl\":\"https:\/\/relaisgourmet.com\/wp-content\/uploads\/2024\/11\/Diseno-sin-titulo-8.jpg\",\"width\":500,\"height\":500,\"caption\":\"Relais Gourmet\"},\"image\":{\"@id\":\"https:\/\/relaisgourmet.com\/de\/#\/schema\/logo\/image\/\"},\"sameAs\":[\"https:\/\/facebook.com\/yoast\",\"https:\/\/instagram.com\/yoast\"]}]}<\/script>\n<!-- \/ Yoast SEO Premium plugin. -->","yoast_head_json":{"title":"Txingudi Geschenkset \u2013 Entdecken Sie unsere Spezialit\u00e4t","description":"Machen Sie sich oder anderen eine Freude mit einem Txingudi-Set, das alles enth\u00e4lt, was zu einem guten Aperitif und einem geselligen Beisammensein geh\u00f6rt.","robots":{"index":"index","follow":"follow","max-snippet":"max-snippet:-1","max-image-preview":"max-image-preview:large","max-video-preview":"max-video-preview:-1"},"canonical":"https:\/\/relaisgourmet.com\/de\/Produkt\/geschenkset-aranzazu-copie-2\/","og_locale":"de_DE","og_type":"article","og_title":"Geschenkset Txingudi","og_description":"Machen Sie sich oder anderen eine Freude mit einem Txingudi-Set, das alles enth\u00e4lt, was zu einem guten Aperitif und einem geselligen Beisammensein geh\u00f6rt.","og_url":"https:\/\/relaisgourmet.com\/de\/Produkt\/geschenkset-aranzazu-copie-2\/","og_site_name":"Relais Gourmet","article_publisher":"https:\/\/facebook.com\/yoast","article_modified_time":"2025-04-09T20:39:09+00:00","og_image":[{"width":300,"height":300,"url":"https:\/\/relaisgourmet.com\/wp-content\/uploads\/2025\/03\/coffret-1001-1-300x300-1.jpg","type":"image\/jpeg"}],"twitter_card":"summary_large_image","twitter_misc":{"Gesch\u00e4tzte Lesezeit":"2\u00a0Minute"},"schema":{"@context":"https:\/\/schema.org","@graph":[{"@type":"WebPage","@id":"https:\/\/relaisgourmet.com\/de\/Produkt\/geschenkset-aranzazu-copie-2\/","url":"https:\/\/relaisgourmet.com\/de\/Produkt\/geschenkset-aranzazu-copie-2\/","name":"Txingudi Geschenkset \u2013 Entdecken Sie unsere Spezialit\u00e4t","isPartOf":{"@id":"https:\/\/relaisgourmet.com\/de\/#website"},"primaryImageOfPage":{"@id":"https:\/\/relaisgourmet.com\/de\/Produkt\/geschenkset-aranzazu-copie-2\/#primaryimage"},"image":{"@id":"https:\/\/relaisgourmet.com\/de\/Produkt\/geschenkset-aranzazu-copie-2\/#primaryimage"},"thumbnailUrl":"https:\/\/relaisgourmet.com\/wp-content\/uploads\/2025\/03\/Txingudi.jpg","datePublished":"2025-03-12T12:29:50+00:00","dateModified":"2025-04-09T20:39:09+00:00","description":"Machen Sie sich oder anderen eine Freude mit einem Txingudi-Set, das alles enth\u00e4lt, was zu einem guten Aperitif und einem geselligen Beisammensein geh\u00f6rt.","breadcrumb":{"@id":"https:\/\/relaisgourmet.com\/de\/Produkt\/geschenkset-aranzazu-copie-2\/#breadcrumb"},"inLanguage":"de","potentialAction":[{"@type":"ReadAction","target":["https:\/\/relaisgourmet.com\/de\/Produkt\/geschenkset-aranzazu-copie-2\/"]}]},{"@type":"ImageObject","inLanguage":"de","@id":"https:\/\/relaisgourmet.com\/de\/Produkt\/geschenkset-aranzazu-copie-2\/#primaryimage","url":"https:\/\/relaisgourmet.com\/wp-content\/uploads\/2025\/03\/Txingudi.jpg","contentUrl":"https:\/\/relaisgourmet.com\/wp-content\/uploads\/2025\/03\/Txingudi.jpg","width":1667,"height":1667,"caption":"photographe d'entreprise, corporate, packshot, CV pau bearn pays basque"},{"@type":"BreadcrumbList","@id":"https:\/\/relaisgourmet.com\/de\/Produkt\/geschenkset-aranzazu-copie-2\/#breadcrumb","itemListElement":[{"@type":"ListItem","position":1,"name":"Startseite","item":"https:\/\/relaisgourmet.com\/de\/"},{"@type":"ListItem","position":2,"name":"Authentische Foie Gras","item":"https:\/\/relaisgourmet.com\/de\/authentische-foie-gras\/"},{"@type":"ListItem","position":3,"name":"Geschenkset Txingudi"}]},{"@type":"WebSite","@id":"https:\/\/relaisgourmet.com\/de\/#website","url":"https:\/\/relaisgourmet.com\/de\/","name":"Relais Gourmet","description":"Maison Gastronomique au Pays-Basque Depuis 2004","publisher":{"@id":"https:\/\/relaisgourmet.com\/de\/#organization"},"potentialAction":[{"@type":"SearchAction","target":{"@type":"EntryPoint","urlTemplate":"https:\/\/relaisgourmet.com\/de\/?s={search_term_string}"},"query-input":{"@type":"PropertyValueSpecification","valueRequired":true,"valueName":"search_term_string"}}],"inLanguage":"de"},{"@type":"Organization","@id":"https:\/\/relaisgourmet.com\/de\/#organization","name":"Relais Gourmet","url":"https:\/\/relaisgourmet.com\/de\/","logo":{"@type":"ImageObject","inLanguage":"de","@id":"https:\/\/relaisgourmet.com\/de\/#\/schema\/logo\/image\/","url":"https:\/\/relaisgourmet.com\/wp-content\/uploads\/2024\/11\/Diseno-sin-titulo-8.jpg","contentUrl":"https:\/\/relaisgourmet.com\/wp-content\/uploads\/2024\/11\/Diseno-sin-titulo-8.jpg","width":500,"height":500,"caption":"Relais Gourmet"},"image":{"@id":"https:\/\/relaisgourmet.com\/de\/#\/schema\/logo\/image\/"},"sameAs":["https:\/\/facebook.com\/yoast","https:\/\/instagram.com\/yoast"]}]}},"_links":{"self":[{"href":"https:\/\/relaisgourmet.com\/de\/wp-json\/wp\/v2\/product\/55260","targetHints":{"allow":["GET"]}}],"collection":[{"href":"https:\/\/relaisgourmet.com\/de\/wp-json\/wp\/v2\/product"}],"about":[{"href":"https:\/\/relaisgourmet.com\/de\/wp-json\/wp\/v2\/types\/product"}],"replies":[{"embeddable":true,"href":"https:\/\/relaisgourmet.com\/de\/wp-json\/wp\/v2\/comments?post=55260"}],"version-history":[{"count":2,"href":"https:\/\/relaisgourmet.com\/de\/wp-json\/wp\/v2\/product\/55260\/revisions"}],"predecessor-version":[{"id":55290,"href":"https:\/\/relaisgourmet.com\/de\/wp-json\/wp\/v2\/product\/55260\/revisions\/55290"}],"wp:featuredmedia":[{"embeddable":true,"href":"https:\/\/relaisgourmet.com\/de\/wp-json\/wp\/v2\/media\/58754"}],"wp:attachment":[{"href":"https:\/\/relaisgourmet.com\/de\/wp-json\/wp\/v2\/media?parent=55260"}],"wp:term":[{"taxonomy":"product_brand","embeddable":true,"href":"https:\/\/relaisgourmet.com\/de\/wp-json\/wp\/v2\/product_brand?post=55260"},{"taxonomy":"product_cat","embeddable":true,"href":"https:\/\/relaisgourmet.com\/de\/wp-json\/wp\/v2\/product_cat?post=55260"},{"taxonomy":"product_tag","embeddable":true,"href":"https:\/\/relaisgourmet.com\/de\/wp-json\/wp\/v2\/product_tag?post=55260"},{"taxonomy":"giftcard-category","embeddable":true,"href":"https:\/\/relaisgourmet.com\/de\/wp-json\/wp\/v2\/giftcard-category?post=55260"}],"curies":[{"name":"wp","href":"https:\/\/api.w.org\/{rel}","templated":true}]}}