{"id":55221,"date":"2025-03-12T13:15:16","date_gmt":"2025-03-12T12:15:16","guid":{"rendered":"https:\/\/relaisgourmet.com\/?post_type=product&#038;p=55221"},"modified":"2025-12-01T01:17:13","modified_gmt":"2025-12-01T00:17:13","slug":"geschenkset-aranzazu-copie","status":"publish","type":"product","link":"https:\/\/relaisgourmet.com\/de\/Produkt\/geschenkset-aranzazu-copie\/","title":{"rendered":"Iraty Box"},"content":{"rendered":"<h4><strong>Entdecken Sie die Geschenkbox Iraty : eine Auswahl an Feinschmeckern f\u00fcr Ihre festlichen Aperitifs<\/strong><\/h4>\n<p><span style=\"font-weight: 400;\">Die <strong>Iraty-Box<\/strong> ist eine exklusive Kreation von <strong>Relais Gourmet<\/strong> und wurde entwickelt, um Ihre geselligen Momente rund um den Aperitif zu veredeln. Dieses Paket bietet ein einzigartiges Geschmackserlebnis, ideal f\u00fcr ein gemeinsames Essen mit der Familie oder Freunden. Ob zum Verschenken oder f\u00fcr sich selbst, er wird wertvolle Gourmet-Erinnerungen schaffen. Diese Auswahl stellt die Authentizit\u00e4t der baskischen Aromen in den Vordergrund und erf\u00fcllt gleichzeitig die h\u00f6chsten Qualit\u00e4tskriterien. Jede Zutat wurde sorgf\u00e4ltig ausgew\u00e4hlt, um ein unvergleichliches Geschmackserlebnis zu gew\u00e4hrleisten.<\/span><\/p>\n<p>Diese <strong>Iraty Box<\/strong> ist garantiert<strong> frei von Konservierungsmitteln, Farbstoffen und Zusatzstoffen<\/strong>.<\/p>\n<p>&nbsp;<\/p>\n<h4><strong>Zusammensetzung:  <\/strong><\/h4>\n<ul>\n<li><strong>Gourmet Aperitif mit Juran\u00e7on (180g)<\/strong>: <span style=\"font-weight: 400;\">Der S\u00fc\u00dfwein Juran\u00e7on bringt fruchtige und raffinierte Aromen mit sich, die perfekt f\u00fcr einen sanften Beginn des Aperitifs sind.<\/span><\/li>\n<li><strong>Gourmet Aperitif mit Armagnac (180g)<\/strong>:<span style=\"font-weight: 400;\">F\u00fcr Liebhaber eines kr\u00e4ftigeren Geschmacks.<\/span><\/li>\n<li><strong>Gourmet Aperitif mit kandierten Schalotten (180g)<\/strong>: eine s\u00fc\u00df-saure Note.<\/li>\n<li><strong>Gourmet Aperitif mit Piment d&#8217;Espelette (180g)<\/strong>: ein Hauch von baskischem Charakter.<\/li>\n<li><strong>Gourmet Aperitif mit kandierten Orangen (180g)<\/strong>: eine zitronige und delikate Note.<\/li>\n<li><strong>Gourmet Aperitif mit Steinpilzen (180g)<\/strong>: eine raffinierte, holzige Kombination.<\/li>\n<\/ul>\n<p>&nbsp;<\/p>\n<h4><strong>Aufbewahrung :<\/strong><\/h4>\n<p>Die Iraty Box kann <strong>3 Jahre bei Raumtemperatur<\/strong> aufbewahrt werden, so dass Sie sie nach Belieben genie\u00dfen k\u00f6nnen. Nach dem \u00d6ffnen sollten Sie ihn innerhalb von 15 Tagen verbrauchen und im K\u00fchlschrank aufbewahren, damit Sie ihn voll genie\u00dfen k\u00f6nnen.<\/p>\n<p>&nbsp;<\/p>\n<h4><b>Bereiten Sie sich auf einen Moment der Gaumenfreuden vor:<\/b><\/h4>\n<p>Alle unsere Tipps und Tricks zur Vorbereitung finden Sie in unserem Blog. <a href=\"https:\/\/relaisgourmet.com\/es\/blog-foies-gras-actualite\/\"><strong>Blog<\/strong><\/a> sowie auf unserer Seite <a href=\"https:\/\/www.instagram.com\/relaisgourmetofficiel\/\"><strong>Instagram<\/strong><\/a>.<\/p>\n<p><span style=\"font-weight: 400;\">Ob Sie einen schicken Aperitif oder ein gem\u00fctliches Essen organisieren, wir bieten Ihnen einfache und kreative Rezepte, um diese einzigartige Auswahl von Relais Gourmet zur Geltung zu bringen.<\/span><\/p>\n<p><span style=\"font-weight: 400;\">Die <strong>Iraty Geschenkbox<\/strong> ist das ideale Geschenk f\u00fcr alle festlichen Anl\u00e4sse. Verschenken oder teilen Sie die Authentizit\u00e4t und Eleganz der Relais Gourmet-Produkte und schaffen Sie unvergessliche Momente rund um die baskische Gastronomie. Mit der Iraty Geschenkbox wird jeder Moment zu einer Feier des Geschmacks und des handwerklichen K\u00f6nnens.<\/span><\/p>\n<p>&nbsp;<\/p>\n","protected":false},"excerpt":{"rendered":"<p>Entdecken Sie die Iraty-Box von Relais Gourmet, der ideale Begleiter f\u00fcr Ihren Aperitif. Zum Teilen oder Verschenken f\u00fcr einen Gourmet-Moment!<\/p>\n<p><img decoding=\"async\" class=\"emoji\" role=\"img\" src=\"https:\/\/s.w.org\/images\/core\/emoji\/15.0.3\/svg\/1f1eb-1f1f7.svg\" alt=\"\ud83c\uddeb\ud83c\uddf7\">  Garantierte 100%ige franz\u00f6sische Produktion<br \/>\n\u2714 Garantiert frei von Konservierungsmitteln, Zusatzstoffen und Farbstoffen.<br \/>\n\ud83c\udf43 Mit gelbem Mais gef\u00fctterte Enten<br \/>\n\ud83d\ude9a Schnelle Lieferung in die ganze Welt<br \/>\n\ud83d\udd53 3 Jahre haltbar<br \/>\n\ud83d\udd10 Sichere Zahlung<\/p>\n<p>Nettogewicht: 1.83 kg<\/p>\n","protected":false},"featured_media":58759,"comment_status":"closed","ping_status":"closed","template":"","meta":[],"product_brand":[],"product_cat":[1274,1278],"product_tag":[],"giftcard-category":[],"class_list":{"0":"post-55221","1":"product","2":"type-product","3":"status-publish","4":"has-post-thumbnail","6":"product_cat-geschenkboxen","7":"product_cat-gourmet-geschenke","9":"first","10":"instock","11":"taxable","12":"shipping-taxable","13":"purchasable","14":"product-type-simple"},"yoast_head":"<!-- This site is optimized with the Yoast SEO Premium plugin v27.0 (Yoast SEO v27.0) - https:\/\/yoast.com\/product\/yoast-seo-premium-wordpress\/ -->\n<title>Iraty Box \u2013 Foie Gras &amp; Delikatessen vereint<\/title>\n<meta name=\"description\" content=\"Entdecken Sie die Iraty-Box von Relais Gourmet: eine Gourmet-Auswahl, um Ihre festlichen Aperitifs zu verfeinern. Das perfekte Geschenk f\u00fcr jeden Anlass.\" \/>\n<meta name=\"robots\" content=\"index, follow, max-snippet:-1, max-image-preview:large, max-video-preview:-1\" \/>\n<link rel=\"canonical\" href=\"https:\/\/relaisgourmet.com\/de\/Produkt\/geschenkset-aranzazu-copie\/\" \/>\n<meta property=\"og:locale\" content=\"de_DE\" \/>\n<meta property=\"og:type\" content=\"article\" \/>\n<meta property=\"og:title\" content=\"Iraty Box\" \/>\n<meta property=\"og:description\" content=\"Entdecken Sie die Iraty-Box von Relais Gourmet: eine Gourmet-Auswahl, um Ihre festlichen Aperitifs zu verfeinern. Das perfekte Geschenk f\u00fcr jeden Anlass.\" \/>\n<meta property=\"og:url\" content=\"https:\/\/relaisgourmet.com\/de\/Produkt\/geschenkset-aranzazu-copie\/\" \/>\n<meta property=\"og:site_name\" content=\"Relais Gourmet\" \/>\n<meta property=\"article:publisher\" content=\"https:\/\/facebook.com\/yoast\" \/>\n<meta property=\"article:modified_time\" content=\"2025-12-01T00:17:13+00:00\" \/>\n<meta property=\"og:image\" content=\"https:\/\/relaisgourmet.com\/wp-content\/uploads\/2025\/03\/coffret-entre-amis-3-.jpg\" \/>\n\t<meta property=\"og:image:width\" content=\"200\" \/>\n\t<meta property=\"og:image:height\" content=\"200\" \/>\n\t<meta property=\"og:image:type\" content=\"image\/jpeg\" \/>\n<meta name=\"twitter:card\" content=\"summary_large_image\" \/>\n<meta name=\"twitter:label1\" content=\"Gesch\u00e4tzte Lesezeit\" \/>\n\t<meta name=\"twitter:data1\" content=\"2\u00a0Minute\" \/>\n<script type=\"application\/ld+json\" class=\"yoast-schema-graph\">{\"@context\":\"https:\/\/schema.org\",\"@graph\":[{\"@type\":\"WebPage\",\"@id\":\"https:\/\/relaisgourmet.com\/de\/Produkt\/geschenkset-aranzazu-copie\/\",\"url\":\"https:\/\/relaisgourmet.com\/de\/Produkt\/geschenkset-aranzazu-copie\/\",\"name\":\"Iraty Box \u2013 Foie Gras & Delikatessen vereint\",\"isPartOf\":{\"@id\":\"https:\/\/relaisgourmet.com\/de\/#website\"},\"primaryImageOfPage\":{\"@id\":\"https:\/\/relaisgourmet.com\/de\/Produkt\/geschenkset-aranzazu-copie\/#primaryimage\"},\"image\":{\"@id\":\"https:\/\/relaisgourmet.com\/de\/Produkt\/geschenkset-aranzazu-copie\/#primaryimage\"},\"thumbnailUrl\":\"https:\/\/relaisgourmet.com\/wp-content\/uploads\/2025\/03\/Iraty.jpg\",\"datePublished\":\"2025-03-12T12:15:16+00:00\",\"dateModified\":\"2025-12-01T00:17:13+00:00\",\"description\":\"Entdecken Sie die Iraty-Box von Relais Gourmet: eine Gourmet-Auswahl, um Ihre festlichen Aperitifs zu verfeinern. Das perfekte Geschenk f\u00fcr jeden Anlass.\",\"breadcrumb\":{\"@id\":\"https:\/\/relaisgourmet.com\/de\/Produkt\/geschenkset-aranzazu-copie\/#breadcrumb\"},\"inLanguage\":\"de\",\"potentialAction\":[{\"@type\":\"ReadAction\",\"target\":[\"https:\/\/relaisgourmet.com\/de\/Produkt\/geschenkset-aranzazu-copie\/\"]}]},{\"@type\":\"ImageObject\",\"inLanguage\":\"de\",\"@id\":\"https:\/\/relaisgourmet.com\/de\/Produkt\/geschenkset-aranzazu-copie\/#primaryimage\",\"url\":\"https:\/\/relaisgourmet.com\/wp-content\/uploads\/2025\/03\/Iraty.jpg\",\"contentUrl\":\"https:\/\/relaisgourmet.com\/wp-content\/uploads\/2025\/03\/Iraty.jpg\",\"width\":1427,\"height\":1427,\"caption\":\"photographe d'entreprise, corporate, packshot, CV pau bearn pays basque\"},{\"@type\":\"BreadcrumbList\",\"@id\":\"https:\/\/relaisgourmet.com\/de\/Produkt\/geschenkset-aranzazu-copie\/#breadcrumb\",\"itemListElement\":[{\"@type\":\"ListItem\",\"position\":1,\"name\":\"Startseite\",\"item\":\"https:\/\/relaisgourmet.com\/de\/\"},{\"@type\":\"ListItem\",\"position\":2,\"name\":\"Authentische Foie Gras\",\"item\":\"https:\/\/relaisgourmet.com\/de\/authentische-foie-gras\/\"},{\"@type\":\"ListItem\",\"position\":3,\"name\":\"Iraty Box\"}]},{\"@type\":\"WebSite\",\"@id\":\"https:\/\/relaisgourmet.com\/de\/#website\",\"url\":\"https:\/\/relaisgourmet.com\/de\/\",\"name\":\"Relais Gourmet\",\"description\":\"Maison Gastronomique au Pays-Basque Depuis 2004\",\"publisher\":{\"@id\":\"https:\/\/relaisgourmet.com\/de\/#organization\"},\"potentialAction\":[{\"@type\":\"SearchAction\",\"target\":{\"@type\":\"EntryPoint\",\"urlTemplate\":\"https:\/\/relaisgourmet.com\/de\/?s={search_term_string}\"},\"query-input\":{\"@type\":\"PropertyValueSpecification\",\"valueRequired\":true,\"valueName\":\"search_term_string\"}}],\"inLanguage\":\"de\"},{\"@type\":\"Organization\",\"@id\":\"https:\/\/relaisgourmet.com\/de\/#organization\",\"name\":\"Relais Gourmet\",\"url\":\"https:\/\/relaisgourmet.com\/de\/\",\"logo\":{\"@type\":\"ImageObject\",\"inLanguage\":\"de\",\"@id\":\"https:\/\/relaisgourmet.com\/de\/#\/schema\/logo\/image\/\",\"url\":\"https:\/\/relaisgourmet.com\/wp-content\/uploads\/2024\/11\/Diseno-sin-titulo-8.jpg\",\"contentUrl\":\"https:\/\/relaisgourmet.com\/wp-content\/uploads\/2024\/11\/Diseno-sin-titulo-8.jpg\",\"width\":500,\"height\":500,\"caption\":\"Relais Gourmet\"},\"image\":{\"@id\":\"https:\/\/relaisgourmet.com\/de\/#\/schema\/logo\/image\/\"},\"sameAs\":[\"https:\/\/facebook.com\/yoast\",\"https:\/\/instagram.com\/yoast\"]}]}<\/script>\n<!-- \/ Yoast SEO Premium plugin. -->","yoast_head_json":{"title":"Iraty Box \u2013 Foie Gras & Delikatessen vereint","description":"Entdecken Sie die Iraty-Box von Relais Gourmet: eine Gourmet-Auswahl, um Ihre festlichen Aperitifs zu verfeinern. Das perfekte Geschenk f\u00fcr jeden Anlass.","robots":{"index":"index","follow":"follow","max-snippet":"max-snippet:-1","max-image-preview":"max-image-preview:large","max-video-preview":"max-video-preview:-1"},"canonical":"https:\/\/relaisgourmet.com\/de\/Produkt\/geschenkset-aranzazu-copie\/","og_locale":"de_DE","og_type":"article","og_title":"Iraty Box","og_description":"Entdecken Sie die Iraty-Box von Relais Gourmet: eine Gourmet-Auswahl, um Ihre festlichen Aperitifs zu verfeinern. Das perfekte Geschenk f\u00fcr jeden Anlass.","og_url":"https:\/\/relaisgourmet.com\/de\/Produkt\/geschenkset-aranzazu-copie\/","og_site_name":"Relais Gourmet","article_publisher":"https:\/\/facebook.com\/yoast","article_modified_time":"2025-12-01T00:17:13+00:00","og_image":[{"width":200,"height":200,"url":"https:\/\/relaisgourmet.com\/wp-content\/uploads\/2025\/03\/coffret-entre-amis-3-.jpg","type":"image\/jpeg"}],"twitter_card":"summary_large_image","twitter_misc":{"Gesch\u00e4tzte Lesezeit":"2\u00a0Minute"},"schema":{"@context":"https:\/\/schema.org","@graph":[{"@type":"WebPage","@id":"https:\/\/relaisgourmet.com\/de\/Produkt\/geschenkset-aranzazu-copie\/","url":"https:\/\/relaisgourmet.com\/de\/Produkt\/geschenkset-aranzazu-copie\/","name":"Iraty Box \u2013 Foie Gras & Delikatessen vereint","isPartOf":{"@id":"https:\/\/relaisgourmet.com\/de\/#website"},"primaryImageOfPage":{"@id":"https:\/\/relaisgourmet.com\/de\/Produkt\/geschenkset-aranzazu-copie\/#primaryimage"},"image":{"@id":"https:\/\/relaisgourmet.com\/de\/Produkt\/geschenkset-aranzazu-copie\/#primaryimage"},"thumbnailUrl":"https:\/\/relaisgourmet.com\/wp-content\/uploads\/2025\/03\/Iraty.jpg","datePublished":"2025-03-12T12:15:16+00:00","dateModified":"2025-12-01T00:17:13+00:00","description":"Entdecken Sie die Iraty-Box von Relais Gourmet: eine Gourmet-Auswahl, um Ihre festlichen Aperitifs zu verfeinern. Das perfekte Geschenk f\u00fcr jeden Anlass.","breadcrumb":{"@id":"https:\/\/relaisgourmet.com\/de\/Produkt\/geschenkset-aranzazu-copie\/#breadcrumb"},"inLanguage":"de","potentialAction":[{"@type":"ReadAction","target":["https:\/\/relaisgourmet.com\/de\/Produkt\/geschenkset-aranzazu-copie\/"]}]},{"@type":"ImageObject","inLanguage":"de","@id":"https:\/\/relaisgourmet.com\/de\/Produkt\/geschenkset-aranzazu-copie\/#primaryimage","url":"https:\/\/relaisgourmet.com\/wp-content\/uploads\/2025\/03\/Iraty.jpg","contentUrl":"https:\/\/relaisgourmet.com\/wp-content\/uploads\/2025\/03\/Iraty.jpg","width":1427,"height":1427,"caption":"photographe d'entreprise, corporate, packshot, CV pau bearn pays basque"},{"@type":"BreadcrumbList","@id":"https:\/\/relaisgourmet.com\/de\/Produkt\/geschenkset-aranzazu-copie\/#breadcrumb","itemListElement":[{"@type":"ListItem","position":1,"name":"Startseite","item":"https:\/\/relaisgourmet.com\/de\/"},{"@type":"ListItem","position":2,"name":"Authentische Foie Gras","item":"https:\/\/relaisgourmet.com\/de\/authentische-foie-gras\/"},{"@type":"ListItem","position":3,"name":"Iraty Box"}]},{"@type":"WebSite","@id":"https:\/\/relaisgourmet.com\/de\/#website","url":"https:\/\/relaisgourmet.com\/de\/","name":"Relais Gourmet","description":"Maison Gastronomique au Pays-Basque Depuis 2004","publisher":{"@id":"https:\/\/relaisgourmet.com\/de\/#organization"},"potentialAction":[{"@type":"SearchAction","target":{"@type":"EntryPoint","urlTemplate":"https:\/\/relaisgourmet.com\/de\/?s={search_term_string}"},"query-input":{"@type":"PropertyValueSpecification","valueRequired":true,"valueName":"search_term_string"}}],"inLanguage":"de"},{"@type":"Organization","@id":"https:\/\/relaisgourmet.com\/de\/#organization","name":"Relais Gourmet","url":"https:\/\/relaisgourmet.com\/de\/","logo":{"@type":"ImageObject","inLanguage":"de","@id":"https:\/\/relaisgourmet.com\/de\/#\/schema\/logo\/image\/","url":"https:\/\/relaisgourmet.com\/wp-content\/uploads\/2024\/11\/Diseno-sin-titulo-8.jpg","contentUrl":"https:\/\/relaisgourmet.com\/wp-content\/uploads\/2024\/11\/Diseno-sin-titulo-8.jpg","width":500,"height":500,"caption":"Relais Gourmet"},"image":{"@id":"https:\/\/relaisgourmet.com\/de\/#\/schema\/logo\/image\/"},"sameAs":["https:\/\/facebook.com\/yoast","https:\/\/instagram.com\/yoast"]}]}},"_links":{"self":[{"href":"https:\/\/relaisgourmet.com\/de\/wp-json\/wp\/v2\/product\/55221","targetHints":{"allow":["GET"]}}],"collection":[{"href":"https:\/\/relaisgourmet.com\/de\/wp-json\/wp\/v2\/product"}],"about":[{"href":"https:\/\/relaisgourmet.com\/de\/wp-json\/wp\/v2\/types\/product"}],"replies":[{"embeddable":true,"href":"https:\/\/relaisgourmet.com\/de\/wp-json\/wp\/v2\/comments?post=55221"}],"version-history":[{"count":2,"href":"https:\/\/relaisgourmet.com\/de\/wp-json\/wp\/v2\/product\/55221\/revisions"}],"predecessor-version":[{"id":55256,"href":"https:\/\/relaisgourmet.com\/de\/wp-json\/wp\/v2\/product\/55221\/revisions\/55256"}],"wp:featuredmedia":[{"embeddable":true,"href":"https:\/\/relaisgourmet.com\/de\/wp-json\/wp\/v2\/media\/58759"}],"wp:attachment":[{"href":"https:\/\/relaisgourmet.com\/de\/wp-json\/wp\/v2\/media?parent=55221"}],"wp:term":[{"taxonomy":"product_brand","embeddable":true,"href":"https:\/\/relaisgourmet.com\/de\/wp-json\/wp\/v2\/product_brand?post=55221"},{"taxonomy":"product_cat","embeddable":true,"href":"https:\/\/relaisgourmet.com\/de\/wp-json\/wp\/v2\/product_cat?post=55221"},{"taxonomy":"product_tag","embeddable":true,"href":"https:\/\/relaisgourmet.com\/de\/wp-json\/wp\/v2\/product_tag?post=55221"},{"taxonomy":"giftcard-category","embeddable":true,"href":"https:\/\/relaisgourmet.com\/de\/wp-json\/wp\/v2\/giftcard-category?post=55221"}],"curies":[{"name":"wp","href":"https:\/\/api.w.org\/{rel}","templated":true}]}}