{"id":54816,"date":"2023-05-26T13:46:32","date_gmt":"2023-05-26T11:46:32","guid":{"rendered":"https:\/\/relaisgourmet.com\/produit\/turron-jijona-pack-51\/"},"modified":"2025-04-09T22:39:09","modified_gmt":"2025-04-09T20:39:09","slug":"turron-jijona-pack-51","status":"publish","type":"product","link":"https:\/\/relaisgourmet.com\/de\/Produkt\/turron-jijona-pack-51\/","title":{"rendered":"Turron Jijona Pack (5+1)"},"content":{"rendered":"<h2><strong>Der weiche Turron de Jijona von Maria Simona wird nach einem traditionellen Rezept hergestellt:<\/strong><\/h2>\n<p>Diese Packung enth\u00e4lt insgesamt 6 Tabletten Turron Mou von Jijona Maria Simona zum Preis von nur 5.<\/p>\n<p>Nettogewicht: 900 g<\/p>\n<h3><strong>Haltbarkeitsdauer  <\/strong><\/h3>\n<p>Mindestens 9 Monate. An einem k\u00fchlen, trockenen Ort aufbewahren, der vor Licht und Feuchtigkeit gesch\u00fctzt ist. Nach dem \u00d6ffnen muss er im K\u00fchlschrank aufbewahrt werden, da er beginnt, seine organoleptischen Eigenschaften zu verlieren; nachdem er in den K\u00fchlschrank gestellt wurde, wird der Jijona-Nougat etwas trockener sein.<\/p>\n<h3><strong>Inhaltsstoffe des Turron Jijona Packs  <\/strong><\/h3>\n<p>64% ger\u00f6stete Mandeln, 12% Honig, Zucker, Glukosesirup, Eiwei\u00df und Emulgator: (E-471). Kann Spuren von Erdn\u00fcssen, Sesam und Haseln\u00fcssen enthalten.<\/p>\n<p>Dieses Produkt enth\u00e4lt kein Gluten und ist daher f\u00fcr Z\u00f6liakiepatienten geeignet.<\/p>\n<p>Der Nougat mou Maria Simona Jijona hat eine <a href=\"https:\/\/www.mapa.gob.es\/es\/alimentacion\/temas\/calidad-diferenciada\/dop-igp\/pana_paste\/IGP_TurronJiJona.aspx\">Ursprungsbezeichnung und wird von der Aufsichtsbeh\u00f6rde von Jijona gesch\u00fctzt<\/a>.<\/p>\n<h3>Der Ursprung des Turron de Jijona<\/h3>\n<p>Obwohl niemand die enge Verbindung zwischen der Stadt Alicante und dieser S\u00fc\u00dfigkeit leugnen kann, war es urspr\u00fcnglich die Stadt Alicante selbst, die den gr\u00f6\u00dften Teil des spanischen Nougats herstellte. Der Grund, warum diese kleine Stadt zu einer weltweiten Referenz in der Herstellung von Turron wurde, ist nichts weniger als ein Rechtsstreit.<\/p>\n<p>Im Spanien des 17. Jahrhunderts wurde der Handel von den Gilden beherrscht, m\u00e4chtigen Organisationen mit exklusiven Rechten zur Vergabe von Titeln und zur Herstellung bestimmter Produkte. Ein Schuster konnte nur unter der Aufsicht der Schustergilde Schuhe herstellen, und ein B\u00e4cker existierte nicht ohne die Lizenz der B\u00e4ckergilde.<\/p>\n<p>In diesem seltsamen \u00d6kosystem sind die Meister des Turron zu finden. Die Turroniers waren keine Spezialisten einer Gilde, sondern Landwirte, die mit dem Verkauf dieser S\u00fc\u00dfigkeit zus\u00e4tzliches Geld verdienten. Dies war nicht nach dem Geschmack der valencianischen Konditorenzunft, die Honig und Zuckerprodukte als ihre Dom\u00e4ne betrachtete. Sie reichten daraufhin eine Klage gegen die Turroniers von Alicante ein.<\/p>\n<p>Der Prozess begann 1665 und der Rechtsstreit dauerte 6 Jahre. Im Jahr 1671 erlaubte ein Gerichtsbeschluss der valencianischen Gilde, die Kontrolle \u00fcber die Turrons von Alicante zu \u00fcbernehmen, wodurch die Industrie in der Stadt schnell verschwand.<\/p>\n<p>So \u00fcbernahmen die Bewohner der kleinen Gemeinde Sexona, heute Jijona, die Hauptstadt. Fernab von den Augen und dem Einfluss der Gilde gelang es den lokalen Handwerkern, das Verbot von Zucker und Honig zu umgehen und sich so als Heimat des authentischen spanischen Nougats zu etablieren.<\/p>\n<h3>Weiterf\u00fchrende Informationen<\/h3>\n<p>Alle unsere Tipps zur Vorbereitung finden Sie auf <a href=\"https:\/\/mariasimona.com\/\">der Website von Maria Simona.<\/a><\/p>\n<p>Besuchen Sie unseren Blog, um <a href=\"https:\/\/mariasimona.com\/recetas\/\">unsere k\u00f6stlichen Rezepte<\/a> zu entdecken.<\/p>\n<p>Und warum lassen Sie sich als Vorspeise nicht von <a href=\"https:\/\/relaisgourmet.com\/\">den k\u00f6stlichen Foies Gras von Relais Gourmet <\/a> verf\u00fchren?<\/p>\n","protected":false},"excerpt":{"rendered":"<p><strong>Diese Packung enth\u00e4lt insgesamt 6 Tabletten Turron Mou von Jijona Maria Simona zum Preis von nur 5.<\/strong><\/p>\n<p>Turron de Jijona ist ein weicher spanischer Nougat, der aus gemahlenen Mandeln hergestellt wird. Es ist hellbraun, hat eine glatte Textur und ist sehr leicht zu zerbr\u00f6ckeln. Es handelt sich um eine k\u00f6stliche Mischung aus ger\u00f6steten Mandeln, Zucker, Eiwei\u00df und Honig.<\/p>\n<p>Der weiche Turron von Maria Simona wird nach<a href=\"https:\/\/mariasimona.com\/comment-faire-les-turrons\/\"> einem traditionellen Rezept<\/a> hergestellt.<\/p>\n<p>Wir verwenden ausschlie\u00dflich spanische Zutaten von h\u00f6chster Qualit\u00e4t.<\/p>\n<p>Unser Turron hat eine <a href=\"https:\/\/www.mapa.gob.es\/es\/alimentacion\/temas\/calidad-diferenciada\/dop-igp\/pana_paste\/IGP_TurronJiJona.aspx\">Ursprungsbezeichnung und wird von der Aufsichtsbeh\u00f6rde von Jijona gesch\u00fctzt<\/a>.<\/p>\n","protected":false},"featured_media":58110,"comment_status":"closed","ping_status":"closed","template":"","meta":[],"product_brand":[],"product_cat":[1322,1318,1202],"product_tag":[],"giftcard-category":[],"class_list":{"0":"post-54816","1":"product","2":"type-product","3":"status-publish","4":"has-post-thumbnail","6":"product_cat-klassische-turrons","7":"product_cat-turron-pakete","8":"product_cat-turrons-maria-simona","9":"product_shipping_class-standard-de","11":"first","12":"instock","13":"taxable","14":"shipping-taxable","15":"purchasable","16":"product-type-simple"},"yoast_head":"<!-- This site is optimized with the Yoast SEO Premium plugin v27.0 (Yoast SEO v27.0) - https:\/\/yoast.com\/product\/yoast-seo-premium-wordpress\/ -->\n<title>Turron Jijona Pack (5+1) \u2013 Weicher Genuss<\/title>\n<meta name=\"description\" content=\"Entdecken Sie unsere IGP-zertifizierte Packung Turron Jijona (weicher Turron) mit 100% nat\u00fcrlichen Zutaten (Mandeln, Honig) und h\u00f6chster Qualit\u00e4t.\" \/>\n<meta name=\"robots\" content=\"index, follow, max-snippet:-1, max-image-preview:large, max-video-preview:-1\" \/>\n<link rel=\"canonical\" href=\"https:\/\/relaisgourmet.com\/de\/Produkt\/turron-jijona-pack-51\/\" \/>\n<meta property=\"og:locale\" content=\"de_DE\" \/>\n<meta property=\"og:type\" content=\"article\" \/>\n<meta property=\"og:title\" content=\"Turron Jijona Pack (5+1)\" \/>\n<meta property=\"og:description\" content=\"Entdecken Sie unsere IGP-zertifizierte Packung Turron Jijona (weicher Turron) mit 100% nat\u00fcrlichen Zutaten (Mandeln, Honig) und h\u00f6chster Qualit\u00e4t.\" \/>\n<meta property=\"og:url\" content=\"https:\/\/relaisgourmet.com\/de\/Produkt\/turron-jijona-pack-51\/\" \/>\n<meta property=\"og:site_name\" content=\"Relais Gourmet\" \/>\n<meta property=\"article:publisher\" content=\"https:\/\/facebook.com\/yoast\" \/>\n<meta property=\"article:modified_time\" content=\"2025-04-09T20:39:09+00:00\" \/>\n<meta property=\"og:image\" content=\"https:\/\/relaisgourmet.com\/wp-content\/uploads\/2024\/09\/JIJONA-5-UNIDADES-1.jpg\" \/>\n\t<meta property=\"og:image:width\" content=\"600\" \/>\n\t<meta property=\"og:image:height\" content=\"600\" \/>\n\t<meta property=\"og:image:type\" content=\"image\/jpeg\" \/>\n<meta name=\"twitter:card\" content=\"summary_large_image\" \/>\n<meta name=\"twitter:label1\" content=\"Gesch\u00e4tzte Lesezeit\" \/>\n\t<meta name=\"twitter:data1\" content=\"2\u00a0Minute\" \/>\n<script type=\"application\/ld+json\" class=\"yoast-schema-graph\">{\"@context\":\"https:\/\/schema.org\",\"@graph\":[{\"@type\":\"WebPage\",\"@id\":\"https:\/\/relaisgourmet.com\/de\/Produkt\/turron-jijona-pack-51\/\",\"url\":\"https:\/\/relaisgourmet.com\/de\/Produkt\/turron-jijona-pack-51\/\",\"name\":\"Turron Jijona Pack (5+1) \u2013 Weicher Genuss\",\"isPartOf\":{\"@id\":\"https:\/\/relaisgourmet.com\/de\/#website\"},\"primaryImageOfPage\":{\"@id\":\"https:\/\/relaisgourmet.com\/de\/Produkt\/turron-jijona-pack-51\/#primaryimage\"},\"image\":{\"@id\":\"https:\/\/relaisgourmet.com\/de\/Produkt\/turron-jijona-pack-51\/#primaryimage\"},\"thumbnailUrl\":\"https:\/\/relaisgourmet.com\/wp-content\/uploads\/2023\/05\/Pack-de-6-Jijona-pyramide-min.png\",\"datePublished\":\"2023-05-26T11:46:32+00:00\",\"dateModified\":\"2025-04-09T20:39:09+00:00\",\"description\":\"Entdecken Sie unsere IGP-zertifizierte Packung Turron Jijona (weicher Turron) mit 100% nat\u00fcrlichen Zutaten (Mandeln, Honig) und h\u00f6chster Qualit\u00e4t.\",\"breadcrumb\":{\"@id\":\"https:\/\/relaisgourmet.com\/de\/Produkt\/turron-jijona-pack-51\/#breadcrumb\"},\"inLanguage\":\"de\",\"potentialAction\":[{\"@type\":\"ReadAction\",\"target\":[\"https:\/\/relaisgourmet.com\/de\/Produkt\/turron-jijona-pack-51\/\"]}]},{\"@type\":\"ImageObject\",\"inLanguage\":\"de\",\"@id\":\"https:\/\/relaisgourmet.com\/de\/Produkt\/turron-jijona-pack-51\/#primaryimage\",\"url\":\"https:\/\/relaisgourmet.com\/wp-content\/uploads\/2023\/05\/Pack-de-6-Jijona-pyramide-min.png\",\"contentUrl\":\"https:\/\/relaisgourmet.com\/wp-content\/uploads\/2023\/05\/Pack-de-6-Jijona-pyramide-min.png\",\"width\":1000,\"height\":1000},{\"@type\":\"BreadcrumbList\",\"@id\":\"https:\/\/relaisgourmet.com\/de\/Produkt\/turron-jijona-pack-51\/#breadcrumb\",\"itemListElement\":[{\"@type\":\"ListItem\",\"position\":1,\"name\":\"Startseite\",\"item\":\"https:\/\/relaisgourmet.com\/de\/\"},{\"@type\":\"ListItem\",\"position\":2,\"name\":\"Authentische Foie Gras\",\"item\":\"https:\/\/relaisgourmet.com\/de\/authentische-foie-gras\/\"},{\"@type\":\"ListItem\",\"position\":3,\"name\":\"Turron Jijona Pack (5+1)\"}]},{\"@type\":\"WebSite\",\"@id\":\"https:\/\/relaisgourmet.com\/de\/#website\",\"url\":\"https:\/\/relaisgourmet.com\/de\/\",\"name\":\"Relais Gourmet\",\"description\":\"Maison Gastronomique au Pays-Basque Depuis 2004\",\"publisher\":{\"@id\":\"https:\/\/relaisgourmet.com\/de\/#organization\"},\"potentialAction\":[{\"@type\":\"SearchAction\",\"target\":{\"@type\":\"EntryPoint\",\"urlTemplate\":\"https:\/\/relaisgourmet.com\/de\/?s={search_term_string}\"},\"query-input\":{\"@type\":\"PropertyValueSpecification\",\"valueRequired\":true,\"valueName\":\"search_term_string\"}}],\"inLanguage\":\"de\"},{\"@type\":\"Organization\",\"@id\":\"https:\/\/relaisgourmet.com\/de\/#organization\",\"name\":\"Relais Gourmet\",\"url\":\"https:\/\/relaisgourmet.com\/de\/\",\"logo\":{\"@type\":\"ImageObject\",\"inLanguage\":\"de\",\"@id\":\"https:\/\/relaisgourmet.com\/de\/#\/schema\/logo\/image\/\",\"url\":\"https:\/\/relaisgourmet.com\/wp-content\/uploads\/2024\/11\/Diseno-sin-titulo-8.jpg\",\"contentUrl\":\"https:\/\/relaisgourmet.com\/wp-content\/uploads\/2024\/11\/Diseno-sin-titulo-8.jpg\",\"width\":500,\"height\":500,\"caption\":\"Relais Gourmet\"},\"image\":{\"@id\":\"https:\/\/relaisgourmet.com\/de\/#\/schema\/logo\/image\/\"},\"sameAs\":[\"https:\/\/facebook.com\/yoast\",\"https:\/\/instagram.com\/yoast\"]}]}<\/script>\n<!-- \/ Yoast SEO Premium plugin. -->","yoast_head_json":{"title":"Turron Jijona Pack (5+1) \u2013 Weicher Genuss","description":"Entdecken Sie unsere IGP-zertifizierte Packung Turron Jijona (weicher Turron) mit 100% nat\u00fcrlichen Zutaten (Mandeln, Honig) und h\u00f6chster Qualit\u00e4t.","robots":{"index":"index","follow":"follow","max-snippet":"max-snippet:-1","max-image-preview":"max-image-preview:large","max-video-preview":"max-video-preview:-1"},"canonical":"https:\/\/relaisgourmet.com\/de\/Produkt\/turron-jijona-pack-51\/","og_locale":"de_DE","og_type":"article","og_title":"Turron Jijona Pack (5+1)","og_description":"Entdecken Sie unsere IGP-zertifizierte Packung Turron Jijona (weicher Turron) mit 100% nat\u00fcrlichen Zutaten (Mandeln, Honig) und h\u00f6chster Qualit\u00e4t.","og_url":"https:\/\/relaisgourmet.com\/de\/Produkt\/turron-jijona-pack-51\/","og_site_name":"Relais Gourmet","article_publisher":"https:\/\/facebook.com\/yoast","article_modified_time":"2025-04-09T20:39:09+00:00","og_image":[{"width":600,"height":600,"url":"https:\/\/relaisgourmet.com\/wp-content\/uploads\/2024\/09\/JIJONA-5-UNIDADES-1.jpg","type":"image\/jpeg"}],"twitter_card":"summary_large_image","twitter_misc":{"Gesch\u00e4tzte Lesezeit":"2\u00a0Minute"},"schema":{"@context":"https:\/\/schema.org","@graph":[{"@type":"WebPage","@id":"https:\/\/relaisgourmet.com\/de\/Produkt\/turron-jijona-pack-51\/","url":"https:\/\/relaisgourmet.com\/de\/Produkt\/turron-jijona-pack-51\/","name":"Turron Jijona Pack (5+1) \u2013 Weicher Genuss","isPartOf":{"@id":"https:\/\/relaisgourmet.com\/de\/#website"},"primaryImageOfPage":{"@id":"https:\/\/relaisgourmet.com\/de\/Produkt\/turron-jijona-pack-51\/#primaryimage"},"image":{"@id":"https:\/\/relaisgourmet.com\/de\/Produkt\/turron-jijona-pack-51\/#primaryimage"},"thumbnailUrl":"https:\/\/relaisgourmet.com\/wp-content\/uploads\/2023\/05\/Pack-de-6-Jijona-pyramide-min.png","datePublished":"2023-05-26T11:46:32+00:00","dateModified":"2025-04-09T20:39:09+00:00","description":"Entdecken Sie unsere IGP-zertifizierte Packung Turron Jijona (weicher Turron) mit 100% nat\u00fcrlichen Zutaten (Mandeln, Honig) und h\u00f6chster Qualit\u00e4t.","breadcrumb":{"@id":"https:\/\/relaisgourmet.com\/de\/Produkt\/turron-jijona-pack-51\/#breadcrumb"},"inLanguage":"de","potentialAction":[{"@type":"ReadAction","target":["https:\/\/relaisgourmet.com\/de\/Produkt\/turron-jijona-pack-51\/"]}]},{"@type":"ImageObject","inLanguage":"de","@id":"https:\/\/relaisgourmet.com\/de\/Produkt\/turron-jijona-pack-51\/#primaryimage","url":"https:\/\/relaisgourmet.com\/wp-content\/uploads\/2023\/05\/Pack-de-6-Jijona-pyramide-min.png","contentUrl":"https:\/\/relaisgourmet.com\/wp-content\/uploads\/2023\/05\/Pack-de-6-Jijona-pyramide-min.png","width":1000,"height":1000},{"@type":"BreadcrumbList","@id":"https:\/\/relaisgourmet.com\/de\/Produkt\/turron-jijona-pack-51\/#breadcrumb","itemListElement":[{"@type":"ListItem","position":1,"name":"Startseite","item":"https:\/\/relaisgourmet.com\/de\/"},{"@type":"ListItem","position":2,"name":"Authentische Foie Gras","item":"https:\/\/relaisgourmet.com\/de\/authentische-foie-gras\/"},{"@type":"ListItem","position":3,"name":"Turron Jijona Pack (5+1)"}]},{"@type":"WebSite","@id":"https:\/\/relaisgourmet.com\/de\/#website","url":"https:\/\/relaisgourmet.com\/de\/","name":"Relais Gourmet","description":"Maison Gastronomique au Pays-Basque Depuis 2004","publisher":{"@id":"https:\/\/relaisgourmet.com\/de\/#organization"},"potentialAction":[{"@type":"SearchAction","target":{"@type":"EntryPoint","urlTemplate":"https:\/\/relaisgourmet.com\/de\/?s={search_term_string}"},"query-input":{"@type":"PropertyValueSpecification","valueRequired":true,"valueName":"search_term_string"}}],"inLanguage":"de"},{"@type":"Organization","@id":"https:\/\/relaisgourmet.com\/de\/#organization","name":"Relais Gourmet","url":"https:\/\/relaisgourmet.com\/de\/","logo":{"@type":"ImageObject","inLanguage":"de","@id":"https:\/\/relaisgourmet.com\/de\/#\/schema\/logo\/image\/","url":"https:\/\/relaisgourmet.com\/wp-content\/uploads\/2024\/11\/Diseno-sin-titulo-8.jpg","contentUrl":"https:\/\/relaisgourmet.com\/wp-content\/uploads\/2024\/11\/Diseno-sin-titulo-8.jpg","width":500,"height":500,"caption":"Relais Gourmet"},"image":{"@id":"https:\/\/relaisgourmet.com\/de\/#\/schema\/logo\/image\/"},"sameAs":["https:\/\/facebook.com\/yoast","https:\/\/instagram.com\/yoast"]}]}},"_links":{"self":[{"href":"https:\/\/relaisgourmet.com\/de\/wp-json\/wp\/v2\/product\/54816","targetHints":{"allow":["GET"]}}],"collection":[{"href":"https:\/\/relaisgourmet.com\/de\/wp-json\/wp\/v2\/product"}],"about":[{"href":"https:\/\/relaisgourmet.com\/de\/wp-json\/wp\/v2\/types\/product"}],"replies":[{"embeddable":true,"href":"https:\/\/relaisgourmet.com\/de\/wp-json\/wp\/v2\/comments?post=54816"}],"version-history":[{"count":0,"href":"https:\/\/relaisgourmet.com\/de\/wp-json\/wp\/v2\/product\/54816\/revisions"}],"wp:featuredmedia":[{"embeddable":true,"href":"https:\/\/relaisgourmet.com\/de\/wp-json\/wp\/v2\/media\/58110"}],"wp:attachment":[{"href":"https:\/\/relaisgourmet.com\/de\/wp-json\/wp\/v2\/media?parent=54816"}],"wp:term":[{"taxonomy":"product_brand","embeddable":true,"href":"https:\/\/relaisgourmet.com\/de\/wp-json\/wp\/v2\/product_brand?post=54816"},{"taxonomy":"product_cat","embeddable":true,"href":"https:\/\/relaisgourmet.com\/de\/wp-json\/wp\/v2\/product_cat?post=54816"},{"taxonomy":"product_tag","embeddable":true,"href":"https:\/\/relaisgourmet.com\/de\/wp-json\/wp\/v2\/product_tag?post=54816"},{"taxonomy":"giftcard-category","embeddable":true,"href":"https:\/\/relaisgourmet.com\/de\/wp-json\/wp\/v2\/giftcard-category?post=54816"}],"curies":[{"name":"wp","href":"https:\/\/api.w.org\/{rel}","templated":true}]}}