{"id":47088,"date":"2024-09-11T09:41:39","date_gmt":"2024-09-11T07:41:39","guid":{"rendered":"https:\/\/relaisgourmet.com\/produit\/coffret-la-rhune\/"},"modified":"2025-04-09T22:39:09","modified_gmt":"2025-04-09T20:39:09","slug":"la-rhune-paket","status":"publish","type":"product","link":"https:\/\/relaisgourmet.com\/de\/Produkt\/la-rhune-paket\/","title":{"rendered":"Geschenkset La Rhune"},"content":{"rendered":"<p><b>Entdecken Sie das Geschenkset La Rhune : ein Feinschmeckerschatz von Relais Gourmet<\/b><\/p>\n<p><span style=\"font-weight: 400;\">Die <\/span><b>Geschenkset La Rhune<\/b><span style=\"font-weight: 400;\">  ist mehr als nur eine Auswahl an Gourmetprodukten. Es ist eine authentische kulinarische Erfahrung, die Sie einl\u00e4dt, die K\u00f6stlichkeiten des Baskenlandes zu genie\u00dfen, in einem Paket, das perfekt f\u00fcr Ihre geselligen Momente zusammengestellt wurde. Dieses Set ist eine echte Bereicherung f\u00fcr Ihren Tisch.<\/span><\/p>\n<p>Das La Rhune Geschenkset ist garantiert <strong>frei von Konservierungsmitteln, Farbstoffen und Zusatzstoffen<\/strong>.<\/p>\n<p><b>Zusammensetzung :<\/b><\/p>\n<ul>\n<li style=\"font-weight: 400;\" aria-level=\"1\"><b>Ganze Leberpastete Natur (200 g)<\/b><span style=\"font-weight: 400;\"> Ein reines Rezept, das die Tradition der Foie Gras respektiert.<\/span><\/li>\n<li style=\"font-weight: 400;\" aria-level=\"1\"><b>Ganze Leberpastete mit Armagnac (80 g)<\/b><span style=\"font-weight: 400;\"> Die perfekte Verbindung zwischen Foie Gras und dem einzigartigen Charakter des Armagnac.<\/span><\/li>\n<li style=\"font-weight: 400;\" aria-level=\"1\"><b>Gourmet Aperitif mit Armagnac (180 g)<\/b><span style=\"font-weight: 400;\"> Aperitif: Eine elegante Note, um Ihre Toasts zu veredeln.<\/span><\/li>\n<li style=\"font-weight: 400;\" aria-level=\"1\"><b>Quintessense von Leberpastete und ger\u00e4ucherter Entenbrust (180 g)<\/b><span style=\"font-weight: 400;\"> Eine Geschmacksexplosion zwischen Foie Gras und ger\u00e4ucherter Entenbrust.<\/span><\/li>\n<li style=\"font-weight: 400;\" aria-level=\"1\"><b>Flasche Champagner (750 ml)<\/b><span style=\"font-weight: 400;\"> Champagner: um diese K\u00f6stlichkeiten mit Finesse zu begleiten.<\/span><\/li>\n<\/ul>\n<p>&nbsp;<\/p>\n<p><b>Konservierung:<\/b><\/p>\n<p>3 Jahre bei Raumtemperatur, so dass Sie ihn nach Belieben genie\u00dfen k\u00f6nnen. Nach dem \u00d6ffnen sollten Sie ihn innerhalb von 15 Tagen verbrauchen und im K\u00fchlschrank aufbewahren, damit Sie ihn voll genie\u00dfen k\u00f6nnen.<\/p>\n<p><b>Tipps und Tricks, um das La Rhune Geschenkset zu veredeln<\/b><\/p>\n<p><span style=\"font-weight: 400;\">Hier finden Sie alle unsere Tipps f\u00fcr die Zubereitung und den Genuss der Rhone. <\/span><b>Geschenkset La Rhune<\/b><span style=\"font-weight: 400;\"> auf unserem <strong><a href=\"https:\/\/relaisgourmet.com\/blog-foies-gras-actualite\/\">Blog<\/a><\/strong> und folgen Sie uns auf <a href=\"https:\/\/www.instagram.com\/relaisgourmetofficiel\/\"><strong>Instagram<\/strong><\/a> f\u00fcr weitere Inspirationen.<\/span><\/p>\n<p><span style=\"font-weight: 400;\">Mit dem <\/span><b>Geschenkset La Rhune<\/b><span style=\"font-weight: 400;\">Sie bieten mehr als nur eine Auswahl an Produkten, Sie teilen ein echtes baskisches gastronomisches Know-how. Ob als Geschenk oder f\u00fcr sich selbst, dieses Geschenkset wird Ihre Gourmetmomente in unvergessliche Erinnerungen verwandeln.<\/span><\/p>\n","protected":false},"excerpt":{"rendered":"<p>Das Geschenkset La Rhune von Relais Gourmet ist ein kulinarischer Ausflug in das Herz des Baskenlandes und eignet sich perfekt, um Ihre geselligen Momente zu veredeln.<\/p>\n<p><img decoding=\"async\" class=\"emoji\" role=\"img\" src=\"https:\/\/s.w.org\/images\/core\/emoji\/15.0.3\/svg\/1f1eb-1f1f7.svg\" alt=\"\ud83c\uddeb\ud83c\uddf7\">  Garantierte 100%ige franz\u00f6sische Produktion<br \/>\n\u2714 Garantiert frei von Konservierungsmitteln, Zusatzstoffen und Farbstoffen.<br \/>\n\ud83c\udf43 Mit gelbem Mais gef\u00fctterte Enten<br \/>\n\ud83d\ude9a Schnelle Lieferung in die ganze Welt<br \/>\n\ud83d\udd53 3 Jahre haltbar<br \/>\n\ud83d\udd10 Sichere Zahlung<\/p>\n<p>Nettogewicht: 1.39 kg<\/p>\n","protected":false},"featured_media":58816,"comment_status":"closed","ping_status":"closed","template":"","meta":[],"product_brand":[],"product_cat":[1287,1274,1283],"product_tag":[],"giftcard-category":[],"class_list":{"0":"post-47088","1":"product","2":"type-product","3":"status-publish","4":"has-post-thumbnail","6":"product_cat-geschaftsgeschenke","7":"product_cat-geschenkboxen","8":"product_cat-prestigegeschenke","9":"product_shipping_class-standard-de","11":"first","12":"instock","13":"taxable","14":"shipping-taxable","15":"purchasable","16":"product-type-simple"},"yoast_head":"<!-- This site is optimized with the Yoast SEO Premium plugin v27.0 (Yoast SEO v27.0) - https:\/\/yoast.com\/product\/yoast-seo-premium-wordpress\/ -->\n<title>Geschenkset La Rhune \u2013 S\u00fcdwesten kulinarisch erleben<\/title>\n<meta name=\"description\" content=\"Entdecken Sie unsere Geschenkpackung La Rhune mit authentischen gastronomischen Produkten aus der Niederlande im S\u00fcdwesten Frankreichs.\" \/>\n<meta name=\"robots\" content=\"index, follow, max-snippet:-1, max-image-preview:large, max-video-preview:-1\" \/>\n<link rel=\"canonical\" href=\"https:\/\/relaisgourmet.com\/de\/Produkt\/la-rhune-paket\/\" \/>\n<meta property=\"og:locale\" content=\"de_DE\" \/>\n<meta property=\"og:type\" content=\"article\" \/>\n<meta property=\"og:title\" content=\"Geschenkset La Rhune\" \/>\n<meta property=\"og:description\" content=\"Entdecken Sie unsere Geschenkpackung La Rhune mit authentischen gastronomischen Produkten aus der Niederlande im S\u00fcdwesten Frankreichs.\" \/>\n<meta property=\"og:url\" content=\"https:\/\/relaisgourmet.com\/de\/Produkt\/la-rhune-paket\/\" \/>\n<meta property=\"og:site_name\" content=\"Relais Gourmet\" \/>\n<meta property=\"article:publisher\" content=\"https:\/\/facebook.com\/yoast\" \/>\n<meta property=\"article:modified_time\" content=\"2025-04-09T20:39:09+00:00\" \/>\n<meta property=\"og:image\" content=\"https:\/\/relaisgourmet.com\/wp-content\/uploads\/2024\/09\/coffret-paille-1-1.jpg\" \/>\n\t<meta property=\"og:image:width\" content=\"2500\" \/>\n\t<meta property=\"og:image:height\" content=\"1667\" \/>\n\t<meta property=\"og:image:type\" content=\"image\/jpeg\" \/>\n<meta name=\"twitter:card\" content=\"summary_large_image\" \/>\n<meta name=\"twitter:label1\" content=\"Gesch\u00e4tzte Lesezeit\" \/>\n\t<meta name=\"twitter:data1\" content=\"2\u00a0Minute\" \/>\n<script type=\"application\/ld+json\" class=\"yoast-schema-graph\">{\"@context\":\"https:\/\/schema.org\",\"@graph\":[{\"@type\":\"WebPage\",\"@id\":\"https:\/\/relaisgourmet.com\/de\/Produkt\/la-rhune-paket\/\",\"url\":\"https:\/\/relaisgourmet.com\/de\/Produkt\/la-rhune-paket\/\",\"name\":\"Geschenkset La Rhune \u2013 S\u00fcdwesten kulinarisch erleben\",\"isPartOf\":{\"@id\":\"https:\/\/relaisgourmet.com\/de\/#website\"},\"primaryImageOfPage\":{\"@id\":\"https:\/\/relaisgourmet.com\/de\/Produkt\/la-rhune-paket\/#primaryimage\"},\"image\":{\"@id\":\"https:\/\/relaisgourmet.com\/de\/Produkt\/la-rhune-paket\/#primaryimage\"},\"thumbnailUrl\":\"https:\/\/relaisgourmet.com\/wp-content\/uploads\/2024\/09\/La-Rhune.jpg\",\"datePublished\":\"2024-09-11T07:41:39+00:00\",\"dateModified\":\"2025-04-09T20:39:09+00:00\",\"description\":\"Entdecken Sie unsere Geschenkpackung La Rhune mit authentischen gastronomischen Produkten aus der Niederlande im S\u00fcdwesten Frankreichs.\",\"breadcrumb\":{\"@id\":\"https:\/\/relaisgourmet.com\/de\/Produkt\/la-rhune-paket\/#breadcrumb\"},\"inLanguage\":\"de\",\"potentialAction\":[{\"@type\":\"ReadAction\",\"target\":[\"https:\/\/relaisgourmet.com\/de\/Produkt\/la-rhune-paket\/\"]}]},{\"@type\":\"ImageObject\",\"inLanguage\":\"de\",\"@id\":\"https:\/\/relaisgourmet.com\/de\/Produkt\/la-rhune-paket\/#primaryimage\",\"url\":\"https:\/\/relaisgourmet.com\/wp-content\/uploads\/2024\/09\/La-Rhune.jpg\",\"contentUrl\":\"https:\/\/relaisgourmet.com\/wp-content\/uploads\/2024\/09\/La-Rhune.jpg\",\"width\":1667,\"height\":1667,\"caption\":\"photographe d'entreprise, corporate, packshot, CV pau bearn pays basque\"},{\"@type\":\"BreadcrumbList\",\"@id\":\"https:\/\/relaisgourmet.com\/de\/Produkt\/la-rhune-paket\/#breadcrumb\",\"itemListElement\":[{\"@type\":\"ListItem\",\"position\":1,\"name\":\"Startseite\",\"item\":\"https:\/\/relaisgourmet.com\/de\/\"},{\"@type\":\"ListItem\",\"position\":2,\"name\":\"Authentische Foie Gras\",\"item\":\"https:\/\/relaisgourmet.com\/de\/authentische-foie-gras\/\"},{\"@type\":\"ListItem\",\"position\":3,\"name\":\"Geschenkset La Rhune\"}]},{\"@type\":\"WebSite\",\"@id\":\"https:\/\/relaisgourmet.com\/de\/#website\",\"url\":\"https:\/\/relaisgourmet.com\/de\/\",\"name\":\"Relais Gourmet\",\"description\":\"Maison Gastronomique au Pays-Basque Depuis 2004\",\"publisher\":{\"@id\":\"https:\/\/relaisgourmet.com\/de\/#organization\"},\"potentialAction\":[{\"@type\":\"SearchAction\",\"target\":{\"@type\":\"EntryPoint\",\"urlTemplate\":\"https:\/\/relaisgourmet.com\/de\/?s={search_term_string}\"},\"query-input\":{\"@type\":\"PropertyValueSpecification\",\"valueRequired\":true,\"valueName\":\"search_term_string\"}}],\"inLanguage\":\"de\"},{\"@type\":\"Organization\",\"@id\":\"https:\/\/relaisgourmet.com\/de\/#organization\",\"name\":\"Relais Gourmet\",\"url\":\"https:\/\/relaisgourmet.com\/de\/\",\"logo\":{\"@type\":\"ImageObject\",\"inLanguage\":\"de\",\"@id\":\"https:\/\/relaisgourmet.com\/de\/#\/schema\/logo\/image\/\",\"url\":\"https:\/\/relaisgourmet.com\/wp-content\/uploads\/2024\/11\/Diseno-sin-titulo-8.jpg\",\"contentUrl\":\"https:\/\/relaisgourmet.com\/wp-content\/uploads\/2024\/11\/Diseno-sin-titulo-8.jpg\",\"width\":500,\"height\":500,\"caption\":\"Relais Gourmet\"},\"image\":{\"@id\":\"https:\/\/relaisgourmet.com\/de\/#\/schema\/logo\/image\/\"},\"sameAs\":[\"https:\/\/facebook.com\/yoast\",\"https:\/\/instagram.com\/yoast\"]}]}<\/script>\n<!-- \/ Yoast SEO Premium plugin. -->","yoast_head_json":{"title":"Geschenkset La Rhune \u2013 S\u00fcdwesten kulinarisch erleben","description":"Entdecken Sie unsere Geschenkpackung La Rhune mit authentischen gastronomischen Produkten aus der Niederlande im S\u00fcdwesten Frankreichs.","robots":{"index":"index","follow":"follow","max-snippet":"max-snippet:-1","max-image-preview":"max-image-preview:large","max-video-preview":"max-video-preview:-1"},"canonical":"https:\/\/relaisgourmet.com\/de\/Produkt\/la-rhune-paket\/","og_locale":"de_DE","og_type":"article","og_title":"Geschenkset La Rhune","og_description":"Entdecken Sie unsere Geschenkpackung La Rhune mit authentischen gastronomischen Produkten aus der Niederlande im S\u00fcdwesten Frankreichs.","og_url":"https:\/\/relaisgourmet.com\/de\/Produkt\/la-rhune-paket\/","og_site_name":"Relais Gourmet","article_publisher":"https:\/\/facebook.com\/yoast","article_modified_time":"2025-04-09T20:39:09+00:00","og_image":[{"width":2500,"height":1667,"url":"https:\/\/relaisgourmet.com\/wp-content\/uploads\/2024\/09\/coffret-paille-1-1.jpg","type":"image\/jpeg"}],"twitter_card":"summary_large_image","twitter_misc":{"Gesch\u00e4tzte Lesezeit":"2\u00a0Minute"},"schema":{"@context":"https:\/\/schema.org","@graph":[{"@type":"WebPage","@id":"https:\/\/relaisgourmet.com\/de\/Produkt\/la-rhune-paket\/","url":"https:\/\/relaisgourmet.com\/de\/Produkt\/la-rhune-paket\/","name":"Geschenkset La Rhune \u2013 S\u00fcdwesten kulinarisch erleben","isPartOf":{"@id":"https:\/\/relaisgourmet.com\/de\/#website"},"primaryImageOfPage":{"@id":"https:\/\/relaisgourmet.com\/de\/Produkt\/la-rhune-paket\/#primaryimage"},"image":{"@id":"https:\/\/relaisgourmet.com\/de\/Produkt\/la-rhune-paket\/#primaryimage"},"thumbnailUrl":"https:\/\/relaisgourmet.com\/wp-content\/uploads\/2024\/09\/La-Rhune.jpg","datePublished":"2024-09-11T07:41:39+00:00","dateModified":"2025-04-09T20:39:09+00:00","description":"Entdecken Sie unsere Geschenkpackung La Rhune mit authentischen gastronomischen Produkten aus der Niederlande im S\u00fcdwesten Frankreichs.","breadcrumb":{"@id":"https:\/\/relaisgourmet.com\/de\/Produkt\/la-rhune-paket\/#breadcrumb"},"inLanguage":"de","potentialAction":[{"@type":"ReadAction","target":["https:\/\/relaisgourmet.com\/de\/Produkt\/la-rhune-paket\/"]}]},{"@type":"ImageObject","inLanguage":"de","@id":"https:\/\/relaisgourmet.com\/de\/Produkt\/la-rhune-paket\/#primaryimage","url":"https:\/\/relaisgourmet.com\/wp-content\/uploads\/2024\/09\/La-Rhune.jpg","contentUrl":"https:\/\/relaisgourmet.com\/wp-content\/uploads\/2024\/09\/La-Rhune.jpg","width":1667,"height":1667,"caption":"photographe d'entreprise, corporate, packshot, CV pau bearn pays basque"},{"@type":"BreadcrumbList","@id":"https:\/\/relaisgourmet.com\/de\/Produkt\/la-rhune-paket\/#breadcrumb","itemListElement":[{"@type":"ListItem","position":1,"name":"Startseite","item":"https:\/\/relaisgourmet.com\/de\/"},{"@type":"ListItem","position":2,"name":"Authentische Foie Gras","item":"https:\/\/relaisgourmet.com\/de\/authentische-foie-gras\/"},{"@type":"ListItem","position":3,"name":"Geschenkset La Rhune"}]},{"@type":"WebSite","@id":"https:\/\/relaisgourmet.com\/de\/#website","url":"https:\/\/relaisgourmet.com\/de\/","name":"Relais Gourmet","description":"Maison Gastronomique au Pays-Basque Depuis 2004","publisher":{"@id":"https:\/\/relaisgourmet.com\/de\/#organization"},"potentialAction":[{"@type":"SearchAction","target":{"@type":"EntryPoint","urlTemplate":"https:\/\/relaisgourmet.com\/de\/?s={search_term_string}"},"query-input":{"@type":"PropertyValueSpecification","valueRequired":true,"valueName":"search_term_string"}}],"inLanguage":"de"},{"@type":"Organization","@id":"https:\/\/relaisgourmet.com\/de\/#organization","name":"Relais Gourmet","url":"https:\/\/relaisgourmet.com\/de\/","logo":{"@type":"ImageObject","inLanguage":"de","@id":"https:\/\/relaisgourmet.com\/de\/#\/schema\/logo\/image\/","url":"https:\/\/relaisgourmet.com\/wp-content\/uploads\/2024\/11\/Diseno-sin-titulo-8.jpg","contentUrl":"https:\/\/relaisgourmet.com\/wp-content\/uploads\/2024\/11\/Diseno-sin-titulo-8.jpg","width":500,"height":500,"caption":"Relais Gourmet"},"image":{"@id":"https:\/\/relaisgourmet.com\/de\/#\/schema\/logo\/image\/"},"sameAs":["https:\/\/facebook.com\/yoast","https:\/\/instagram.com\/yoast"]}]}},"_links":{"self":[{"href":"https:\/\/relaisgourmet.com\/de\/wp-json\/wp\/v2\/product\/47088","targetHints":{"allow":["GET"]}}],"collection":[{"href":"https:\/\/relaisgourmet.com\/de\/wp-json\/wp\/v2\/product"}],"about":[{"href":"https:\/\/relaisgourmet.com\/de\/wp-json\/wp\/v2\/types\/product"}],"replies":[{"embeddable":true,"href":"https:\/\/relaisgourmet.com\/de\/wp-json\/wp\/v2\/comments?post=47088"}],"version-history":[{"count":5,"href":"https:\/\/relaisgourmet.com\/de\/wp-json\/wp\/v2\/product\/47088\/revisions"}],"predecessor-version":[{"id":55194,"href":"https:\/\/relaisgourmet.com\/de\/wp-json\/wp\/v2\/product\/47088\/revisions\/55194"}],"wp:featuredmedia":[{"embeddable":true,"href":"https:\/\/relaisgourmet.com\/de\/wp-json\/wp\/v2\/media\/58816"}],"wp:attachment":[{"href":"https:\/\/relaisgourmet.com\/de\/wp-json\/wp\/v2\/media?parent=47088"}],"wp:term":[{"taxonomy":"product_brand","embeddable":true,"href":"https:\/\/relaisgourmet.com\/de\/wp-json\/wp\/v2\/product_brand?post=47088"},{"taxonomy":"product_cat","embeddable":true,"href":"https:\/\/relaisgourmet.com\/de\/wp-json\/wp\/v2\/product_cat?post=47088"},{"taxonomy":"product_tag","embeddable":true,"href":"https:\/\/relaisgourmet.com\/de\/wp-json\/wp\/v2\/product_tag?post=47088"},{"taxonomy":"giftcard-category","embeddable":true,"href":"https:\/\/relaisgourmet.com\/de\/wp-json\/wp\/v2\/giftcard-category?post=47088"}],"curies":[{"name":"wp","href":"https:\/\/api.w.org\/{rel}","templated":true}]}}