{"id":47066,"date":"2024-09-11T09:55:10","date_gmt":"2024-09-11T07:55:10","guid":{"rendered":"https:\/\/relaisgourmet.com\/produit\/coffret-sokoa\/"},"modified":"2025-04-09T22:39:09","modified_gmt":"2025-04-09T20:39:09","slug":"sokoa-geschenkset","status":"publish","type":"product","link":"https:\/\/relaisgourmet.com\/de\/Produkt\/sokoa-geschenkset\/","title":{"rendered":"Sokoa Set"},"content":{"rendered":"<p><span style=\"font-weight: 400;\">Die <\/span><b>Sokoa Set<\/b><span style=\"font-weight: 400;\">  ist mehr als nur ein Geschenk. Es ist ein echtes gastronomisches Erlebnis, das von <strong>Relais Gourmet<\/strong> sorgf\u00e4ltig ausgew\u00e4hlt wurde, um Ihren Aperitif zu verfeinern. Ob als Geschenk oder zum Genie\u00dfen mit der Familie oder mit Freunden, dieses Paket ist perfekt, um gesellige Momente zu teilen und unvergessliche Erinnerungen rund um au\u00dfergew\u00f6hnliche Produkte zu schaffen.  <\/span><\/p>\n<p>Die Sokoa Box ist garantiert <strong>frei von Konservierungsmitteln, Farbstoffen und Zusatzstoffen<\/strong>.<\/p>\n<p><b>Zusammensetzung der Sokoa Box :<\/b><\/p>\n<ul>\n<li style=\"font-weight: 400;\" aria-level=\"1\"><b>Quintessenz der Leberpastete mit ger\u00e4ucherter Magret (180 g)<\/b><span style=\"font-weight: 400;\"> Eine subtile Verbindung zwischen dem Reichtum der Stopfleber und dem Charakter der ger\u00e4ucherten Entenbrust.<\/span><\/li>\n<li style=\"font-weight: 400;\" aria-level=\"1\"><b>Gourmet-Aperitif mit Juran\u00e7on (180 g)<\/b><span style=\"font-weight: 400;\"> Ein einzigartiger Aperitif mit den milden und s\u00fc\u00dfen Aromen des Juran\u00e7on.<\/span><\/li>\n<li style=\"font-weight: 400;\" aria-level=\"1\"><b>Gourmet Aperitif mit Armagnac (180 g)<\/b><span style=\"font-weight: 400;\"> Ein Aperitif, der die ganze aromatische Kraft des Armagnac entfaltet.<\/span><\/li>\n<li style=\"font-weight: 400;\" aria-level=\"1\"><b>Flasche Monbazillac Wei\u00dfwein (750 ml)<\/b><span style=\"font-weight: 400;\"> Ein Wein mit fruchtigen Noten, um Ihre Verkostungen zu verfeinern.<\/span><\/li>\n<\/ul>\n<p>&nbsp;<\/p>\n<p><b>Aufbewahrung :<\/b><\/p>\n<p><span style=\"font-weight: 400;\">3 Jahre bei Raumtemperatur, so dass Sie ihn nach Belieben genie\u00dfen k\u00f6nnen. Nach dem \u00d6ffnen sollten Sie ihn innerhalb von 15 Tagen verbrauchen und im K\u00fchlschrank aufbewahren, damit Sie ihn voll genie\u00dfen k\u00f6nnen.<\/span><\/p>\n<p><b>Bereiten Sie sich auf einen Moment der Gaumenfreuden vor<\/b><\/p>\n<p><span style=\"font-weight: 400;\">Alle unsere Tipps und Tricks zur Vorbereitung finden Sie in unserem Blog. <strong><a href=\"https:\/\/relaisgourmet.com\/blog-foies-gras-actualite\/\">Blog<\/a><\/strong> sowie auf unserer Seite <strong><a href=\"https:\/\/www.instagram.com\/relaisgourmetofficiel\/\">Instagram<\/a><\/strong>. Die  <\/span><b>Sokoa Geschenkset<\/b><span style=\"font-weight: 400;\"> ist eine ideale Wahl, um Ihre Lieben zu \u00fcberraschen oder sich selbst mit hochwertigen Produkten zu verw\u00f6hnen.<\/span><\/p>\n<p><span style=\"font-weight: 400;\">Die <\/span><b>Sokoa Set<\/b><span style=\"font-weight: 400;\">  von Relais Gourmet ist eine Einladung zu einer geschmacklichen Reise, bei der jedes Produkt eine Hommage an die franz\u00f6sische Kochkunst ist. Erleben Sie es jetzt und lassen Sie sich von dieser unwiderstehlichen Auswahl verf\u00fchren.<\/span><\/p>\n","protected":false},"excerpt":{"rendered":"<p>Das <strong>Sokoa-Set<\/strong> von Relais Gourmet, die ideale Begleitung f\u00fcr Ihren Aperitif. Genie\u00dfen Sie es oder verschenken Sie es f\u00fcr einen einzigartigen Moment!<\/p>\n<p><img decoding=\"async\" class=\"emoji\" role=\"img\" src=\"https:\/\/s.w.org\/images\/core\/emoji\/15.0.3\/svg\/1f1eb-1f1f7.svg\" alt=\"\ud83c\uddeb\ud83c\uddf7\">  Garantierte 100%ige franz\u00f6sische Produktion<br \/>\n\u2714 Garantiert frei von Konservierungsmitteln, Zusatzstoffen und Farbstoffen.<br \/>\n\ud83c\udf43 Mit gelbem Mais gef\u00fctterte Enten<br \/>\n\ud83d\ude9a Schnelle Lieferung in die ganze Welt<br \/>\n\ud83d\udd53 3 Jahre haltbar<br \/>\n\ud83d\udd10 Sichere Zahlung<\/p>\n<p>Nettogewicht: 1.29 kg<\/p>\n","protected":false},"featured_media":58811,"comment_status":"closed","ping_status":"closed","template":"","meta":[],"product_brand":[],"product_cat":[1274,1278],"product_tag":[],"giftcard-category":[],"class_list":{"0":"post-47066","1":"product","2":"type-product","3":"status-publish","4":"has-post-thumbnail","6":"product_cat-geschenkboxen","7":"product_cat-gourmet-geschenke","8":"product_shipping_class-standard-de","10":"first","11":"instock","12":"taxable","13":"shipping-taxable","14":"purchasable","15":"product-type-simple"},"yoast_head":"<!-- This site is optimized with the Yoast SEO Premium plugin v27.0 (Yoast SEO v27.3) - https:\/\/yoast.com\/product\/yoast-seo-premium-wordpress\/ -->\n<title>Sokoa Set \u2013 Hochwertige baskische Delikatessen<\/title>\n<meta name=\"description\" content=\"Entdecken Sie unser Sokoa-Set, ein Set voller \u00dcberraschungen zu einem sehr g\u00fcnstigen Preis, wir empfehlen es Ihnen gerne.\" \/>\n<meta name=\"robots\" content=\"index, follow, max-snippet:-1, max-image-preview:large, max-video-preview:-1\" \/>\n<link rel=\"canonical\" href=\"https:\/\/relaisgourmet.com\/de\/Produkt\/sokoa-geschenkset\/\" \/>\n<meta property=\"og:locale\" content=\"de_DE\" \/>\n<meta property=\"og:type\" content=\"article\" \/>\n<meta property=\"og:title\" content=\"Sokoa Set\" \/>\n<meta property=\"og:description\" content=\"Entdecken Sie unser Sokoa-Set, ein Set voller \u00dcberraschungen zu einem sehr g\u00fcnstigen Preis, wir empfehlen es Ihnen gerne.\" \/>\n<meta property=\"og:url\" content=\"https:\/\/relaisgourmet.com\/de\/Produkt\/sokoa-geschenkset\/\" \/>\n<meta property=\"og:site_name\" content=\"Relais Gourmet\" \/>\n<meta property=\"article:publisher\" content=\"https:\/\/facebook.com\/yoast\" \/>\n<meta property=\"article:modified_time\" content=\"2025-04-09T20:39:09+00:00\" \/>\n<meta property=\"og:image\" content=\"https:\/\/relaisgourmet.com\/wp-content\/uploads\/2024\/09\/coffret501-1.jpg\" \/>\n\t<meta property=\"og:image:width\" content=\"2500\" \/>\n\t<meta property=\"og:image:height\" content=\"1667\" \/>\n\t<meta property=\"og:image:type\" content=\"image\/jpeg\" \/>\n<meta name=\"twitter:card\" content=\"summary_large_image\" \/>\n<meta name=\"twitter:label1\" content=\"Gesch\u00e4tzte Lesezeit\" \/>\n\t<meta name=\"twitter:data1\" content=\"2\u00a0Minute\" \/>\n<script type=\"application\/ld+json\" class=\"yoast-schema-graph\">{\"@context\":\"https:\\\/\\\/schema.org\",\"@graph\":[{\"@type\":\"WebPage\",\"@id\":\"https:\\\/\\\/relaisgourmet.com\\\/de\\\/Produkt\\\/sokoa-geschenkset\\\/\",\"url\":\"https:\\\/\\\/relaisgourmet.com\\\/de\\\/Produkt\\\/sokoa-geschenkset\\\/\",\"name\":\"Sokoa Set \u2013 Hochwertige baskische Delikatessen\",\"isPartOf\":{\"@id\":\"https:\\\/\\\/relaisgourmet.com\\\/de\\\/#website\"},\"primaryImageOfPage\":{\"@id\":\"https:\\\/\\\/relaisgourmet.com\\\/de\\\/Produkt\\\/sokoa-geschenkset\\\/#primaryimage\"},\"image\":{\"@id\":\"https:\\\/\\\/relaisgourmet.com\\\/de\\\/Produkt\\\/sokoa-geschenkset\\\/#primaryimage\"},\"thumbnailUrl\":\"https:\\\/\\\/relaisgourmet.com\\\/wp-content\\\/uploads\\\/2024\\\/09\\\/Sokoa.jpg\",\"datePublished\":\"2024-09-11T07:55:10+00:00\",\"dateModified\":\"2025-04-09T20:39:09+00:00\",\"description\":\"Entdecken Sie unser Sokoa-Set, ein Set voller \u00dcberraschungen zu einem sehr g\u00fcnstigen Preis, wir empfehlen es Ihnen gerne.\",\"breadcrumb\":{\"@id\":\"https:\\\/\\\/relaisgourmet.com\\\/de\\\/Produkt\\\/sokoa-geschenkset\\\/#breadcrumb\"},\"inLanguage\":\"de\",\"potentialAction\":[{\"@type\":\"ReadAction\",\"target\":[\"https:\\\/\\\/relaisgourmet.com\\\/de\\\/Produkt\\\/sokoa-geschenkset\\\/\"]}]},{\"@type\":\"ImageObject\",\"inLanguage\":\"de\",\"@id\":\"https:\\\/\\\/relaisgourmet.com\\\/de\\\/Produkt\\\/sokoa-geschenkset\\\/#primaryimage\",\"url\":\"https:\\\/\\\/relaisgourmet.com\\\/wp-content\\\/uploads\\\/2024\\\/09\\\/Sokoa.jpg\",\"contentUrl\":\"https:\\\/\\\/relaisgourmet.com\\\/wp-content\\\/uploads\\\/2024\\\/09\\\/Sokoa.jpg\",\"width\":1427,\"height\":1427,\"caption\":\"photographe d'entreprise, corporate, packshot, CV pau bearn pays basque\"},{\"@type\":\"BreadcrumbList\",\"@id\":\"https:\\\/\\\/relaisgourmet.com\\\/de\\\/Produkt\\\/sokoa-geschenkset\\\/#breadcrumb\",\"itemListElement\":[{\"@type\":\"ListItem\",\"position\":1,\"name\":\"Startseite\",\"item\":\"https:\\\/\\\/relaisgourmet.com\\\/de\\\/\"},{\"@type\":\"ListItem\",\"position\":2,\"name\":\"Authentische Foie Gras\",\"item\":\"https:\\\/\\\/relaisgourmet.com\\\/de\\\/authentische-foie-gras\\\/\"},{\"@type\":\"ListItem\",\"position\":3,\"name\":\"Sokoa Set\"}]},{\"@type\":\"WebSite\",\"@id\":\"https:\\\/\\\/relaisgourmet.com\\\/de\\\/#website\",\"url\":\"https:\\\/\\\/relaisgourmet.com\\\/de\\\/\",\"name\":\"Relais Gourmet\",\"description\":\"Maison Gastronomique au Pays-Basque Depuis 2004\",\"publisher\":{\"@id\":\"https:\\\/\\\/relaisgourmet.com\\\/de\\\/#organization\"},\"potentialAction\":[{\"@type\":\"SearchAction\",\"target\":{\"@type\":\"EntryPoint\",\"urlTemplate\":\"https:\\\/\\\/relaisgourmet.com\\\/de\\\/?s={search_term_string}\"},\"query-input\":{\"@type\":\"PropertyValueSpecification\",\"valueRequired\":true,\"valueName\":\"search_term_string\"}}],\"inLanguage\":\"de\"},{\"@type\":\"Organization\",\"@id\":\"https:\\\/\\\/relaisgourmet.com\\\/de\\\/#organization\",\"name\":\"Relais Gourmet\",\"url\":\"https:\\\/\\\/relaisgourmet.com\\\/de\\\/\",\"logo\":{\"@type\":\"ImageObject\",\"inLanguage\":\"de\",\"@id\":\"https:\\\/\\\/relaisgourmet.com\\\/de\\\/#\\\/schema\\\/logo\\\/image\\\/\",\"url\":\"https:\\\/\\\/relaisgourmet.com\\\/wp-content\\\/uploads\\\/2024\\\/11\\\/Diseno-sin-titulo-8.jpg\",\"contentUrl\":\"https:\\\/\\\/relaisgourmet.com\\\/wp-content\\\/uploads\\\/2024\\\/11\\\/Diseno-sin-titulo-8.jpg\",\"width\":500,\"height\":500,\"caption\":\"Relais Gourmet\"},\"image\":{\"@id\":\"https:\\\/\\\/relaisgourmet.com\\\/de\\\/#\\\/schema\\\/logo\\\/image\\\/\"},\"sameAs\":[\"https:\\\/\\\/facebook.com\\\/yoast\",\"https:\\\/\\\/instagram.com\\\/yoast\"]}]}<\/script>\n<!-- \/ Yoast SEO Premium plugin. -->","yoast_head_json":{"title":"Sokoa Set \u2013 Hochwertige baskische Delikatessen","description":"Entdecken Sie unser Sokoa-Set, ein Set voller \u00dcberraschungen zu einem sehr g\u00fcnstigen Preis, wir empfehlen es Ihnen gerne.","robots":{"index":"index","follow":"follow","max-snippet":"max-snippet:-1","max-image-preview":"max-image-preview:large","max-video-preview":"max-video-preview:-1"},"canonical":"https:\/\/relaisgourmet.com\/de\/Produkt\/sokoa-geschenkset\/","og_locale":"de_DE","og_type":"article","og_title":"Sokoa Set","og_description":"Entdecken Sie unser Sokoa-Set, ein Set voller \u00dcberraschungen zu einem sehr g\u00fcnstigen Preis, wir empfehlen es Ihnen gerne.","og_url":"https:\/\/relaisgourmet.com\/de\/Produkt\/sokoa-geschenkset\/","og_site_name":"Relais Gourmet","article_publisher":"https:\/\/facebook.com\/yoast","article_modified_time":"2025-04-09T20:39:09+00:00","og_image":[{"width":2500,"height":1667,"url":"https:\/\/relaisgourmet.com\/wp-content\/uploads\/2024\/09\/coffret501-1.jpg","type":"image\/jpeg"}],"twitter_card":"summary_large_image","twitter_misc":{"Gesch\u00e4tzte Lesezeit":"2\u00a0Minute"},"schema":{"@context":"https:\/\/schema.org","@graph":[{"@type":"WebPage","@id":"https:\/\/relaisgourmet.com\/de\/Produkt\/sokoa-geschenkset\/","url":"https:\/\/relaisgourmet.com\/de\/Produkt\/sokoa-geschenkset\/","name":"Sokoa Set \u2013 Hochwertige baskische Delikatessen","isPartOf":{"@id":"https:\/\/relaisgourmet.com\/de\/#website"},"primaryImageOfPage":{"@id":"https:\/\/relaisgourmet.com\/de\/Produkt\/sokoa-geschenkset\/#primaryimage"},"image":{"@id":"https:\/\/relaisgourmet.com\/de\/Produkt\/sokoa-geschenkset\/#primaryimage"},"thumbnailUrl":"https:\/\/relaisgourmet.com\/wp-content\/uploads\/2024\/09\/Sokoa.jpg","datePublished":"2024-09-11T07:55:10+00:00","dateModified":"2025-04-09T20:39:09+00:00","description":"Entdecken Sie unser Sokoa-Set, ein Set voller \u00dcberraschungen zu einem sehr g\u00fcnstigen Preis, wir empfehlen es Ihnen gerne.","breadcrumb":{"@id":"https:\/\/relaisgourmet.com\/de\/Produkt\/sokoa-geschenkset\/#breadcrumb"},"inLanguage":"de","potentialAction":[{"@type":"ReadAction","target":["https:\/\/relaisgourmet.com\/de\/Produkt\/sokoa-geschenkset\/"]}]},{"@type":"ImageObject","inLanguage":"de","@id":"https:\/\/relaisgourmet.com\/de\/Produkt\/sokoa-geschenkset\/#primaryimage","url":"https:\/\/relaisgourmet.com\/wp-content\/uploads\/2024\/09\/Sokoa.jpg","contentUrl":"https:\/\/relaisgourmet.com\/wp-content\/uploads\/2024\/09\/Sokoa.jpg","width":1427,"height":1427,"caption":"photographe d'entreprise, corporate, packshot, CV pau bearn pays basque"},{"@type":"BreadcrumbList","@id":"https:\/\/relaisgourmet.com\/de\/Produkt\/sokoa-geschenkset\/#breadcrumb","itemListElement":[{"@type":"ListItem","position":1,"name":"Startseite","item":"https:\/\/relaisgourmet.com\/de\/"},{"@type":"ListItem","position":2,"name":"Authentische Foie Gras","item":"https:\/\/relaisgourmet.com\/de\/authentische-foie-gras\/"},{"@type":"ListItem","position":3,"name":"Sokoa Set"}]},{"@type":"WebSite","@id":"https:\/\/relaisgourmet.com\/de\/#website","url":"https:\/\/relaisgourmet.com\/de\/","name":"Relais Gourmet","description":"Maison Gastronomique au Pays-Basque Depuis 2004","publisher":{"@id":"https:\/\/relaisgourmet.com\/de\/#organization"},"potentialAction":[{"@type":"SearchAction","target":{"@type":"EntryPoint","urlTemplate":"https:\/\/relaisgourmet.com\/de\/?s={search_term_string}"},"query-input":{"@type":"PropertyValueSpecification","valueRequired":true,"valueName":"search_term_string"}}],"inLanguage":"de"},{"@type":"Organization","@id":"https:\/\/relaisgourmet.com\/de\/#organization","name":"Relais Gourmet","url":"https:\/\/relaisgourmet.com\/de\/","logo":{"@type":"ImageObject","inLanguage":"de","@id":"https:\/\/relaisgourmet.com\/de\/#\/schema\/logo\/image\/","url":"https:\/\/relaisgourmet.com\/wp-content\/uploads\/2024\/11\/Diseno-sin-titulo-8.jpg","contentUrl":"https:\/\/relaisgourmet.com\/wp-content\/uploads\/2024\/11\/Diseno-sin-titulo-8.jpg","width":500,"height":500,"caption":"Relais Gourmet"},"image":{"@id":"https:\/\/relaisgourmet.com\/de\/#\/schema\/logo\/image\/"},"sameAs":["https:\/\/facebook.com\/yoast","https:\/\/instagram.com\/yoast"]}]}},"_links":{"self":[{"href":"https:\/\/relaisgourmet.com\/de\/wp-json\/wp\/v2\/product\/47066","targetHints":{"allow":["GET"]}}],"collection":[{"href":"https:\/\/relaisgourmet.com\/de\/wp-json\/wp\/v2\/product"}],"about":[{"href":"https:\/\/relaisgourmet.com\/de\/wp-json\/wp\/v2\/types\/product"}],"replies":[{"embeddable":true,"href":"https:\/\/relaisgourmet.com\/de\/wp-json\/wp\/v2\/comments?post=47066"}],"version-history":[{"count":5,"href":"https:\/\/relaisgourmet.com\/de\/wp-json\/wp\/v2\/product\/47066\/revisions"}],"predecessor-version":[{"id":55198,"href":"https:\/\/relaisgourmet.com\/de\/wp-json\/wp\/v2\/product\/47066\/revisions\/55198"}],"wp:featuredmedia":[{"embeddable":true,"href":"https:\/\/relaisgourmet.com\/de\/wp-json\/wp\/v2\/media\/58811"}],"wp:attachment":[{"href":"https:\/\/relaisgourmet.com\/de\/wp-json\/wp\/v2\/media?parent=47066"}],"wp:term":[{"taxonomy":"product_brand","embeddable":true,"href":"https:\/\/relaisgourmet.com\/de\/wp-json\/wp\/v2\/product_brand?post=47066"},{"taxonomy":"product_cat","embeddable":true,"href":"https:\/\/relaisgourmet.com\/de\/wp-json\/wp\/v2\/product_cat?post=47066"},{"taxonomy":"product_tag","embeddable":true,"href":"https:\/\/relaisgourmet.com\/de\/wp-json\/wp\/v2\/product_tag?post=47066"},{"taxonomy":"giftcard-category","embeddable":true,"href":"https:\/\/relaisgourmet.com\/de\/wp-json\/wp\/v2\/giftcard-category?post=47066"}],"curies":[{"name":"wp","href":"https:\/\/api.w.org\/{rel}","templated":true}]}}