{"id":47041,"date":"2024-09-11T10:22:55","date_gmt":"2024-09-11T08:22:55","guid":{"rendered":"https:\/\/relaisgourmet.com\/produit\/coffret-enara\/"},"modified":"2025-04-09T22:39:09","modified_gmt":"2025-04-09T20:39:09","slug":"enara-geschenkset","status":"publish","type":"product","link":"https:\/\/relaisgourmet.com\/de\/Produkt\/enara-geschenkset\/","title":{"rendered":"Enara Geschenkset"},"content":{"rendered":"<p><b>Entdecken Sie die Enara Geschenkbox: ein Gourmetk\u00e4stchen f\u00fcr gesellige Momente<\/b><\/p>\n<p><span style=\"font-weight: 400;\">Die <\/span><b>Enara Geschenkset<\/b><span style=\"font-weight: 400;\"> mit der Signatur von <strong>Relais Gourmet<\/strong> ist die perfekte Auswahl an gastronomischen Produkten, um Ihre Aperitifs zu bereichern. <\/span> <\/p>\n<p><span style=\"font-weight: 400;\">Ob als Geschenk oder zum Teilen bei einem Essen mit Freunden oder der Familie, dieses Set verleiht Ihren geselligen Momenten einen Hauch von Raffinesse und Gaumenfreuden.<\/span><\/p>\n<p><strong>Garantiert frei von Konservierungsmitteln, Farbstoffen und Zusatzstoffen.<\/strong><\/p>\n<p><strong>Zusammensetzung :<\/strong><\/p>\n<ul>\n<li style=\"font-weight: 400;\" aria-level=\"1\"><b>Ganze Leberpastete Natur (80 g)<\/b><span style=\"font-weight: 400;\"> Diese ganze Leberpastete ist perfekt, um Ihre Toasts bei Aperitifs oder festlichen Mahlzeiten zu verfeinern.<\/span><\/li>\n<li aria-level=\"1\"><b>Gourmet-Aperitif mit Juran\u00e7on (180 g)<\/b><span style=\"font-weight: 400;\"> Die perfekte Kombination von Weinen aus dem S\u00fcdwesten Frankreichs und Gaumenfreuden f\u00fcr einen warmen und authentischen Moment.<\/span><\/li>\n<li aria-level=\"1\"><b>Gourmet-Aperitif mit Armagnac (180 g)<\/b><span style=\"font-weight: 400;\"> Die Eleganz eines au\u00dfergew\u00f6hnlichen Terroirs f\u00fcr einen Moment voller Geschmack und Geselligkeit.<\/span><\/li>\n<\/ul>\n<h3><\/h3>\n<p><strong>Aufbewahrung :<\/strong><\/p>\n<p><span style=\"font-weight: 400;\">3 Jahre bei Raumtemperatur, so dass Sie ihn nach Belieben genie\u00dfen k\u00f6nnen.  <\/span><\/p>\n<p><span style=\"font-weight: 400;\">Denken Sie jedoch daran, ihn nach dem \u00d6ffnen innerhalb von 15 Tagen zu verbrauchen und im K\u00fchlschrank aufzubewahren.<\/span><\/p>\n<p>&nbsp;<\/p>\n<p><b>Bereiten Sie sich auf einen Moment der Gaumenfreuden vor:<\/b><\/p>\n<p style=\"text-align: left;\"><span style=\"font-weight: 400;\">Unsere Tipps und Ratschl\u00e4ge f\u00fcr eine perfekte Vorbereitung finden Sie in der Rubrik &#8222;Tipps und Tricks&#8220;. <\/span><a href=\"https:\/\/relaisgourmet.com\/blog-foies-gras-actualite\/\"><b>Blog<\/b><\/a><span style=\"font-weight: 400;\"> unserer Website, aber auch auf unserer Seite <a href=\"https:\/\/www.instagram.com\/relaisgourmetofficiel\/\"><strong>Instagram<\/strong><\/a>. <\/span> <\/p>\n<p style=\"text-align: left;\"><span style=\"font-weight: 400;\">Erfahren Sie, wie Sie Ihre Aperitifs mit dem <\/span><b>Enara Geschenkset<\/b><span style=\"font-weight: 400;\"> indem Sie elegante und schmackhafte Pr\u00e4sentationen kreieren, mit denen Sie Ihre G\u00e4ste beeindrucken k\u00f6nnen.<\/span><\/p>\n<p>&nbsp;<\/p>\n<p><span style=\"font-weight: 400;\">Die <\/span><b>Enara Geschenkset<\/b><span style=\"font-weight: 400;\"> ist die ideale Wahl f\u00fcr gemeinsame Momente mit der Familie oder mit Freunden. <\/span> <\/p>\n<p><span style=\"font-weight: 400;\">Sein kompaktes Format und die hochwertigen Produkte machen ihn zu einem perfekten Geschenk f\u00fcr jeden Anlass.<\/span><\/p>\n<p><span style=\"font-weight: 400;\">Verschenken Sie also die Eleganz und das Know-how von Relais Gourmet mit der <\/span><b>Enara Geschenkset.<\/b><span style=\"font-weight: 400;\">Das Geschenk ist eine wahre Freude f\u00fcr die Sinne und eine unvergessliche Gourmet-Erinnerung.<\/span><\/p>\n","protected":false},"excerpt":{"rendered":"<p>Genie\u00dfen Sie das Enara Set von Relais Gourmet, ein Muss f\u00fcr Ihren Aperitif. Perfekt f\u00fcr ein Geschenk oder einen Moment der Selbstverkostung!<\/p>\n<p><img decoding=\"async\" class=\"emoji\" role=\"img\" src=\"https:\/\/s.w.org\/images\/core\/emoji\/15.0.3\/svg\/1f1eb-1f1f7.svg\" alt=\"\ud83c\uddeb\ud83c\uddf7\">  Garantierte 100%ige franz\u00f6sische Produktion<br \/>\n\u2714 Garantiert frei von Konservierungsmitteln, Zusatzstoffen und Farbstoffen.<br \/>\n\ud83c\udf43 Mit gelbem Mais gef\u00fctterte Enten<br \/>\n\ud83d\ude9a Schnelle Lieferung in die ganze Welt<br \/>\n\ud83d\udd53 3 Jahre haltbar<br \/>\n\ud83d\udd10 Sichere Zahlung<\/p>\n<p>Nettogewicht: 440g<\/p>\n","protected":false},"featured_media":58806,"comment_status":"closed","ping_status":"closed","template":"","meta":[],"product_brand":[],"product_cat":[1274,1278],"product_tag":[],"giftcard-category":[],"class_list":{"0":"post-47041","1":"product","2":"type-product","3":"status-publish","4":"has-post-thumbnail","6":"product_cat-geschenkboxen","7":"product_cat-gourmet-geschenke","8":"product_shipping_class-standard-de","10":"first","11":"instock","12":"taxable","13":"shipping-taxable","14":"purchasable","15":"product-type-simple"},"yoast_head":"<!-- This site is optimized with the Yoast SEO Premium plugin v27.0 (Yoast SEO v27.3) - https:\/\/yoast.com\/product\/yoast-seo-premium-wordpress\/ -->\n<title>Enara Geschenkset \u2013 Raffiniert &amp; geschmackvoll<\/title>\n<meta name=\"description\" content=\"Entdecken Sie unser Enara Geschenkset, es wird zweifellos Ihre feinsten Gaumen erfreuen, z\u00f6gern Sie nicht, dieses Gourmet-Set zu bestellen.\" \/>\n<meta name=\"robots\" content=\"index, follow, max-snippet:-1, max-image-preview:large, max-video-preview:-1\" \/>\n<link rel=\"canonical\" href=\"https:\/\/relaisgourmet.com\/de\/Produkt\/enara-geschenkset\/\" \/>\n<meta property=\"og:locale\" content=\"de_DE\" \/>\n<meta property=\"og:type\" content=\"article\" \/>\n<meta property=\"og:title\" content=\"Enara Geschenkset\" \/>\n<meta property=\"og:description\" content=\"Entdecken Sie unser Enara Geschenkset, es wird zweifellos Ihre feinsten Gaumen erfreuen, z\u00f6gern Sie nicht, dieses Gourmet-Set zu bestellen.\" \/>\n<meta property=\"og:url\" content=\"https:\/\/relaisgourmet.com\/de\/Produkt\/enara-geschenkset\/\" \/>\n<meta property=\"og:site_name\" content=\"Relais Gourmet\" \/>\n<meta property=\"article:publisher\" content=\"https:\/\/facebook.com\/yoast\" \/>\n<meta property=\"article:modified_time\" content=\"2025-04-09T20:39:09+00:00\" \/>\n<meta property=\"og:image\" content=\"https:\/\/relaisgourmet.com\/wp-content\/uploads\/2024\/09\/coffret502-1.jpg\" \/>\n\t<meta property=\"og:image:width\" content=\"2500\" \/>\n\t<meta property=\"og:image:height\" content=\"1667\" \/>\n\t<meta property=\"og:image:type\" content=\"image\/jpeg\" \/>\n<meta name=\"twitter:card\" content=\"summary_large_image\" \/>\n<meta name=\"twitter:label1\" content=\"Gesch\u00e4tzte Lesezeit\" \/>\n\t<meta name=\"twitter:data1\" content=\"3\u00a0Minute\" \/>\n<script type=\"application\/ld+json\" class=\"yoast-schema-graph\">{\"@context\":\"https:\\\/\\\/schema.org\",\"@graph\":[{\"@type\":\"WebPage\",\"@id\":\"https:\\\/\\\/relaisgourmet.com\\\/de\\\/Produkt\\\/enara-geschenkset\\\/\",\"url\":\"https:\\\/\\\/relaisgourmet.com\\\/de\\\/Produkt\\\/enara-geschenkset\\\/\",\"name\":\"Enara Geschenkset \u2013 Raffiniert & geschmackvoll\",\"isPartOf\":{\"@id\":\"https:\\\/\\\/relaisgourmet.com\\\/de\\\/#website\"},\"primaryImageOfPage\":{\"@id\":\"https:\\\/\\\/relaisgourmet.com\\\/de\\\/Produkt\\\/enara-geschenkset\\\/#primaryimage\"},\"image\":{\"@id\":\"https:\\\/\\\/relaisgourmet.com\\\/de\\\/Produkt\\\/enara-geschenkset\\\/#primaryimage\"},\"thumbnailUrl\":\"https:\\\/\\\/relaisgourmet.com\\\/wp-content\\\/uploads\\\/2024\\\/09\\\/Enara.jpg\",\"datePublished\":\"2024-09-11T08:22:55+00:00\",\"dateModified\":\"2025-04-09T20:39:09+00:00\",\"description\":\"Entdecken Sie unser Enara Geschenkset, es wird zweifellos Ihre feinsten Gaumen erfreuen, z\u00f6gern Sie nicht, dieses Gourmet-Set zu bestellen.\",\"breadcrumb\":{\"@id\":\"https:\\\/\\\/relaisgourmet.com\\\/de\\\/Produkt\\\/enara-geschenkset\\\/#breadcrumb\"},\"inLanguage\":\"de\",\"potentialAction\":[{\"@type\":\"ReadAction\",\"target\":[\"https:\\\/\\\/relaisgourmet.com\\\/de\\\/Produkt\\\/enara-geschenkset\\\/\"]}]},{\"@type\":\"ImageObject\",\"inLanguage\":\"de\",\"@id\":\"https:\\\/\\\/relaisgourmet.com\\\/de\\\/Produkt\\\/enara-geschenkset\\\/#primaryimage\",\"url\":\"https:\\\/\\\/relaisgourmet.com\\\/wp-content\\\/uploads\\\/2024\\\/09\\\/Enara.jpg\",\"contentUrl\":\"https:\\\/\\\/relaisgourmet.com\\\/wp-content\\\/uploads\\\/2024\\\/09\\\/Enara.jpg\",\"width\":1503,\"height\":1503,\"caption\":\"photographe d'entreprise, corporate, packshot, CV pau bearn pays basque\"},{\"@type\":\"BreadcrumbList\",\"@id\":\"https:\\\/\\\/relaisgourmet.com\\\/de\\\/Produkt\\\/enara-geschenkset\\\/#breadcrumb\",\"itemListElement\":[{\"@type\":\"ListItem\",\"position\":1,\"name\":\"Startseite\",\"item\":\"https:\\\/\\\/relaisgourmet.com\\\/de\\\/\"},{\"@type\":\"ListItem\",\"position\":2,\"name\":\"Authentische Foie Gras\",\"item\":\"https:\\\/\\\/relaisgourmet.com\\\/de\\\/authentische-foie-gras\\\/\"},{\"@type\":\"ListItem\",\"position\":3,\"name\":\"Enara Geschenkset\"}]},{\"@type\":\"WebSite\",\"@id\":\"https:\\\/\\\/relaisgourmet.com\\\/de\\\/#website\",\"url\":\"https:\\\/\\\/relaisgourmet.com\\\/de\\\/\",\"name\":\"Relais Gourmet\",\"description\":\"Maison Gastronomique au Pays-Basque Depuis 2004\",\"publisher\":{\"@id\":\"https:\\\/\\\/relaisgourmet.com\\\/de\\\/#organization\"},\"potentialAction\":[{\"@type\":\"SearchAction\",\"target\":{\"@type\":\"EntryPoint\",\"urlTemplate\":\"https:\\\/\\\/relaisgourmet.com\\\/de\\\/?s={search_term_string}\"},\"query-input\":{\"@type\":\"PropertyValueSpecification\",\"valueRequired\":true,\"valueName\":\"search_term_string\"}}],\"inLanguage\":\"de\"},{\"@type\":\"Organization\",\"@id\":\"https:\\\/\\\/relaisgourmet.com\\\/de\\\/#organization\",\"name\":\"Relais Gourmet\",\"url\":\"https:\\\/\\\/relaisgourmet.com\\\/de\\\/\",\"logo\":{\"@type\":\"ImageObject\",\"inLanguage\":\"de\",\"@id\":\"https:\\\/\\\/relaisgourmet.com\\\/de\\\/#\\\/schema\\\/logo\\\/image\\\/\",\"url\":\"https:\\\/\\\/relaisgourmet.com\\\/wp-content\\\/uploads\\\/2024\\\/11\\\/Diseno-sin-titulo-8.jpg\",\"contentUrl\":\"https:\\\/\\\/relaisgourmet.com\\\/wp-content\\\/uploads\\\/2024\\\/11\\\/Diseno-sin-titulo-8.jpg\",\"width\":500,\"height\":500,\"caption\":\"Relais Gourmet\"},\"image\":{\"@id\":\"https:\\\/\\\/relaisgourmet.com\\\/de\\\/#\\\/schema\\\/logo\\\/image\\\/\"},\"sameAs\":[\"https:\\\/\\\/facebook.com\\\/yoast\",\"https:\\\/\\\/instagram.com\\\/yoast\"]}]}<\/script>\n<!-- \/ Yoast SEO Premium plugin. -->","yoast_head_json":{"title":"Enara Geschenkset \u2013 Raffiniert & geschmackvoll","description":"Entdecken Sie unser Enara Geschenkset, es wird zweifellos Ihre feinsten Gaumen erfreuen, z\u00f6gern Sie nicht, dieses Gourmet-Set zu bestellen.","robots":{"index":"index","follow":"follow","max-snippet":"max-snippet:-1","max-image-preview":"max-image-preview:large","max-video-preview":"max-video-preview:-1"},"canonical":"https:\/\/relaisgourmet.com\/de\/Produkt\/enara-geschenkset\/","og_locale":"de_DE","og_type":"article","og_title":"Enara Geschenkset","og_description":"Entdecken Sie unser Enara Geschenkset, es wird zweifellos Ihre feinsten Gaumen erfreuen, z\u00f6gern Sie nicht, dieses Gourmet-Set zu bestellen.","og_url":"https:\/\/relaisgourmet.com\/de\/Produkt\/enara-geschenkset\/","og_site_name":"Relais Gourmet","article_publisher":"https:\/\/facebook.com\/yoast","article_modified_time":"2025-04-09T20:39:09+00:00","og_image":[{"width":2500,"height":1667,"url":"https:\/\/relaisgourmet.com\/wp-content\/uploads\/2024\/09\/coffret502-1.jpg","type":"image\/jpeg"}],"twitter_card":"summary_large_image","twitter_misc":{"Gesch\u00e4tzte Lesezeit":"3\u00a0Minute"},"schema":{"@context":"https:\/\/schema.org","@graph":[{"@type":"WebPage","@id":"https:\/\/relaisgourmet.com\/de\/Produkt\/enara-geschenkset\/","url":"https:\/\/relaisgourmet.com\/de\/Produkt\/enara-geschenkset\/","name":"Enara Geschenkset \u2013 Raffiniert & geschmackvoll","isPartOf":{"@id":"https:\/\/relaisgourmet.com\/de\/#website"},"primaryImageOfPage":{"@id":"https:\/\/relaisgourmet.com\/de\/Produkt\/enara-geschenkset\/#primaryimage"},"image":{"@id":"https:\/\/relaisgourmet.com\/de\/Produkt\/enara-geschenkset\/#primaryimage"},"thumbnailUrl":"https:\/\/relaisgourmet.com\/wp-content\/uploads\/2024\/09\/Enara.jpg","datePublished":"2024-09-11T08:22:55+00:00","dateModified":"2025-04-09T20:39:09+00:00","description":"Entdecken Sie unser Enara Geschenkset, es wird zweifellos Ihre feinsten Gaumen erfreuen, z\u00f6gern Sie nicht, dieses Gourmet-Set zu bestellen.","breadcrumb":{"@id":"https:\/\/relaisgourmet.com\/de\/Produkt\/enara-geschenkset\/#breadcrumb"},"inLanguage":"de","potentialAction":[{"@type":"ReadAction","target":["https:\/\/relaisgourmet.com\/de\/Produkt\/enara-geschenkset\/"]}]},{"@type":"ImageObject","inLanguage":"de","@id":"https:\/\/relaisgourmet.com\/de\/Produkt\/enara-geschenkset\/#primaryimage","url":"https:\/\/relaisgourmet.com\/wp-content\/uploads\/2024\/09\/Enara.jpg","contentUrl":"https:\/\/relaisgourmet.com\/wp-content\/uploads\/2024\/09\/Enara.jpg","width":1503,"height":1503,"caption":"photographe d'entreprise, corporate, packshot, CV pau bearn pays basque"},{"@type":"BreadcrumbList","@id":"https:\/\/relaisgourmet.com\/de\/Produkt\/enara-geschenkset\/#breadcrumb","itemListElement":[{"@type":"ListItem","position":1,"name":"Startseite","item":"https:\/\/relaisgourmet.com\/de\/"},{"@type":"ListItem","position":2,"name":"Authentische Foie Gras","item":"https:\/\/relaisgourmet.com\/de\/authentische-foie-gras\/"},{"@type":"ListItem","position":3,"name":"Enara Geschenkset"}]},{"@type":"WebSite","@id":"https:\/\/relaisgourmet.com\/de\/#website","url":"https:\/\/relaisgourmet.com\/de\/","name":"Relais Gourmet","description":"Maison Gastronomique au Pays-Basque Depuis 2004","publisher":{"@id":"https:\/\/relaisgourmet.com\/de\/#organization"},"potentialAction":[{"@type":"SearchAction","target":{"@type":"EntryPoint","urlTemplate":"https:\/\/relaisgourmet.com\/de\/?s={search_term_string}"},"query-input":{"@type":"PropertyValueSpecification","valueRequired":true,"valueName":"search_term_string"}}],"inLanguage":"de"},{"@type":"Organization","@id":"https:\/\/relaisgourmet.com\/de\/#organization","name":"Relais Gourmet","url":"https:\/\/relaisgourmet.com\/de\/","logo":{"@type":"ImageObject","inLanguage":"de","@id":"https:\/\/relaisgourmet.com\/de\/#\/schema\/logo\/image\/","url":"https:\/\/relaisgourmet.com\/wp-content\/uploads\/2024\/11\/Diseno-sin-titulo-8.jpg","contentUrl":"https:\/\/relaisgourmet.com\/wp-content\/uploads\/2024\/11\/Diseno-sin-titulo-8.jpg","width":500,"height":500,"caption":"Relais Gourmet"},"image":{"@id":"https:\/\/relaisgourmet.com\/de\/#\/schema\/logo\/image\/"},"sameAs":["https:\/\/facebook.com\/yoast","https:\/\/instagram.com\/yoast"]}]}},"_links":{"self":[{"href":"https:\/\/relaisgourmet.com\/de\/wp-json\/wp\/v2\/product\/47041","targetHints":{"allow":["GET"]}}],"collection":[{"href":"https:\/\/relaisgourmet.com\/de\/wp-json\/wp\/v2\/product"}],"about":[{"href":"https:\/\/relaisgourmet.com\/de\/wp-json\/wp\/v2\/types\/product"}],"replies":[{"embeddable":true,"href":"https:\/\/relaisgourmet.com\/de\/wp-json\/wp\/v2\/comments?post=47041"}],"version-history":[{"count":5,"href":"https:\/\/relaisgourmet.com\/de\/wp-json\/wp\/v2\/product\/47041\/revisions"}],"predecessor-version":[{"id":55188,"href":"https:\/\/relaisgourmet.com\/de\/wp-json\/wp\/v2\/product\/47041\/revisions\/55188"}],"wp:featuredmedia":[{"embeddable":true,"href":"https:\/\/relaisgourmet.com\/de\/wp-json\/wp\/v2\/media\/58806"}],"wp:attachment":[{"href":"https:\/\/relaisgourmet.com\/de\/wp-json\/wp\/v2\/media?parent=47041"}],"wp:term":[{"taxonomy":"product_brand","embeddable":true,"href":"https:\/\/relaisgourmet.com\/de\/wp-json\/wp\/v2\/product_brand?post=47041"},{"taxonomy":"product_cat","embeddable":true,"href":"https:\/\/relaisgourmet.com\/de\/wp-json\/wp\/v2\/product_cat?post=47041"},{"taxonomy":"product_tag","embeddable":true,"href":"https:\/\/relaisgourmet.com\/de\/wp-json\/wp\/v2\/product_tag?post=47041"},{"taxonomy":"giftcard-category","embeddable":true,"href":"https:\/\/relaisgourmet.com\/de\/wp-json\/wp\/v2\/giftcard-category?post=47041"}],"curies":[{"name":"wp","href":"https:\/\/api.w.org\/{rel}","templated":true}]}}