{"id":47016,"date":"2024-09-11T10:36:44","date_gmt":"2024-09-11T08:36:44","guid":{"rendered":"https:\/\/relaisgourmet.com\/produit\/coffret-atxuria\/"},"modified":"2025-04-09T23:23:59","modified_gmt":"2025-04-09T21:23:59","slug":"atxuria-box","status":"publish","type":"product","link":"https:\/\/relaisgourmet.com\/de\/Produkt\/atxuria-box\/","title":{"rendered":"Geschenkset Atxuria"},"content":{"rendered":"<p><b>Entdecken Sie das Atxuria Geschenkset: das perfekte Geschenk f\u00fcr Feinschmecker<\/b><\/p>\n<p><span style=\"font-weight: 400;\">Die <\/span><b>Atxuria Geschenkset<\/b><span style=\"font-weight: 400;\"> ist mehr als nur eine Auswahl von Produkten: Es ist eine Einladung, Momente des Genusses und der Geselligkeit zu teilen. <\/span> <span style=\"font-weight: 400;\">Dieses Set von <b>Relais Gourmet <\/b>ist ideal, um Ihre Aperitifs zu begleiten und unvergessliche Erinnerungen mit Ihren Lieben zu schaffen. erf\u00fcllt alle Erwartungen von Feinschmeckern. Die Zusammensetzung wurde sorgf\u00e4ltig ausgew\u00e4hlt, um ein einzigartiges Geschmackserlebnis zu bieten, bei dem Qualit\u00e4t ohne Kompromisse im Vordergrund steht.<\/span><\/p>\n<p><span style=\"font-weight: 400;\">Die Atxuria Geschenkpackung ist garantiert <strong>frei von Konservierungsmitteln, Farbstoffen und Zusatzstoffen<\/strong>.<\/span><\/p>\n<p>&nbsp;<\/p>\n<p><b>Zusammensetzung der Atxuria Geschenkbox:<\/b><\/p>\n<ul>\n<li style=\"font-weight: 400;\" aria-level=\"1\"><b>Ganze Leberpastete Natur (80 g)<\/b><span style=\"font-weight: 400;\"> Der unumg\u00e4ngliche Klassiker, rein und delikat.<\/span><\/li>\n<li style=\"font-weight: 400;\" aria-level=\"1\"><b>Quintessenz der Leberpastete mit ger\u00e4ucherter Entenbrust (180 g)<\/b><span style=\"font-weight: 400;\"> Eine Fusion von Aromen, die Liebhaber von Kontrasten begeistern wird.<\/span><\/li>\n<li style=\"font-weight: 400;\" aria-level=\"1\"><b>Flasche Monbazillac Wei\u00dfwein (750 ml)<\/b><span style=\"font-weight: 400;\"> Die Flasche mit dem Namen &#8222;Monbazillac&#8220; ist der perfekte Begleiter f\u00fcr diese au\u00dfergew\u00f6hnlichen Gerichte.<\/span><\/li>\n<\/ul>\n<p>&nbsp;<\/p>\n<p><strong>Aufbewahrung :<\/strong><\/p>\n<p><span style=\"font-weight: 400;\">3 Jahre bei Raumtemperatur, so dass Sie ihn nach Belieben genie\u00dfen k\u00f6nnen. Nach dem \u00d6ffnen sollten Sie ihn innerhalb von 15 Tagen verbrauchen und im K\u00fchlschrank aufbewahren, damit Sie ihn voll genie\u00dfen k\u00f6nnen.<\/span><\/p>\n<p>&nbsp;<\/p>\n<p><b>Bereiten Sie sich auf einen Moment der Gaumenfreuden vor:<\/b><\/p>\n<p><span style=\"font-weight: 400;\">Unsere Tipps und Ratschl\u00e4ge f\u00fcr eine perfekte Vorbereitung finden Sie in der Rubrik &#8222;Tipps und Tricks&#8220;. <\/span><a href=\"https:\/\/relaisgourmet.com\/blog-foies-gras-actualite\/\"><b>Blog<\/b><\/a><span style=\"font-weight: 400;\"> auf unserer Website und auf unserer <a href=\"https:\/\/www.instagram.com\/relaisgourmetofficiel\/\">Instagram-Seite<\/a>. Wir zeigen Ihnen Pr\u00e4sentationsideen, mit denen Sie Ihr Haus in Szene setzen k\u00f6nnen. <\/span><b>Atxuria Geschenkset<\/b><span style=\"font-weight: 400;\"> bei Ihren Aperitifs oder festlichen Mahlzeiten.<\/span><\/p>\n<p><span style=\"font-weight: 400;\">Die <\/span><b>Atxuria Geschenkset<\/b><span style=\"font-weight: 400;\"> ist eine perfekte Kombination aus Tradition und Moderne, eine Geschmacksexplosion, die selbst den anspruchsvollsten Gaumen verw\u00f6hnen wird. Warten Sie nicht l\u00e4nger, um dieses gastronomische Wunder zu entdecken oder zu verschenken!<\/span><\/p>\n","protected":false},"excerpt":{"rendered":"<p>Die Atxuria-Box von Relais Gourmet, eine raffinierte Auswahl f\u00fcr Feinschmecker, die sich perfekt f\u00fcr gesellige Momente eignet und auch den anspruchsvollsten Gaumen zufrieden stellt.<\/p>\n<p><img decoding=\"async\" class=\"emoji\" role=\"img\" src=\"https:\/\/s.w.org\/images\/core\/emoji\/15.0.3\/svg\/1f1eb-1f1f7.svg\" alt=\"\ud83c\uddeb\ud83c\uddf7\" \/> Garantierte 100%ige franz\u00f6sische Produktion<br \/>\n\u2714 Garantiert frei von Konservierungsmitteln, Zusatzstoffen und Farbstoffen.<br \/>\n\ud83c\udf43 Mit gelbem Mais gef\u00fctterte Enten<br \/>\n\ud83d\ude9a Schnelle Lieferung in die ganze Welt<br \/>\n\ud83d\udd53 3 Jahre haltbar<br \/>\n\ud83d\udd10 Sichere Zahlung<\/p>\n<p>Nettogewicht: 1,13 kg<\/p>\n","protected":false},"featured_media":58801,"comment_status":"closed","ping_status":"closed","template":"","meta":[],"product_brand":[],"product_cat":[1274,1278],"product_tag":[],"giftcard-category":[],"class_list":{"0":"post-47016","1":"product","2":"type-product","3":"status-publish","4":"has-post-thumbnail","6":"product_cat-geschenkboxen","7":"product_cat-gourmet-geschenke","8":"product_shipping_class-standard-de","10":"first","11":"instock","12":"sale","13":"taxable","14":"shipping-taxable","15":"purchasable","16":"product-type-simple"},"yoast_head":"<!-- This site is optimized with the Yoast SEO Premium plugin v27.4 (Yoast SEO v27.5) - https:\/\/yoast.com\/product\/yoast-seo-premium-wordpress\/ -->\n<title>Atxuria Geschenkset \u2013 F\u00fcr besondere Anl\u00e4sse<\/title>\n<meta name=\"description\" content=\"Entdecken Sie unsere Geschenkbox Atxuria, dieser wahre gastronomische Schatz wird Sie mit Sicherheit verf\u00fchren! F\u00fcr einen erschwinglichen Preis mit unserer hohen Qualit\u00e4t.\" \/>\n<meta name=\"robots\" content=\"index, follow, max-snippet:-1, max-image-preview:large, max-video-preview:-1\" \/>\n<link rel=\"canonical\" href=\"https:\/\/relaisgourmet.com\/de\/Produkt\/atxuria-box\/\" \/>\n<meta property=\"og:locale\" content=\"de_DE\" \/>\n<meta property=\"og:type\" content=\"article\" \/>\n<meta property=\"og:title\" content=\"Geschenkset Atxuria\" \/>\n<meta property=\"og:description\" content=\"Entdecken Sie unsere Geschenkbox Atxuria, dieser wahre gastronomische Schatz wird Sie mit Sicherheit verf\u00fchren! F\u00fcr einen erschwinglichen Preis mit unserer hohen Qualit\u00e4t.\" \/>\n<meta property=\"og:url\" content=\"https:\/\/relaisgourmet.com\/de\/Produkt\/atxuria-box\/\" \/>\n<meta property=\"og:site_name\" content=\"Relais Gourmet\" \/>\n<meta property=\"article:publisher\" content=\"https:\/\/facebook.com\/yoast\" \/>\n<meta property=\"article:modified_time\" content=\"2025-04-09T21:23:59+00:00\" \/>\n<meta property=\"og:image\" content=\"https:\/\/relaisgourmet.com\/wp-content\/uploads\/2024\/09\/coffret504-1.jpg\" \/>\n\t<meta property=\"og:image:width\" content=\"2500\" \/>\n\t<meta property=\"og:image:height\" content=\"1667\" \/>\n\t<meta property=\"og:image:type\" content=\"image\/jpeg\" \/>\n<meta name=\"twitter:card\" content=\"summary_large_image\" \/>\n<meta name=\"twitter:label1\" content=\"Gesch\u00e4tzte Lesezeit\" \/>\n\t<meta name=\"twitter:data1\" content=\"2\u00a0Minute\" \/>\n<script type=\"application\/ld+json\" class=\"yoast-schema-graph\">{\"@context\":\"https:\\\/\\\/schema.org\",\"@graph\":[{\"@type\":\"WebPage\",\"@id\":\"https:\\\/\\\/relaisgourmet.com\\\/de\\\/Produkt\\\/atxuria-box\\\/\",\"url\":\"https:\\\/\\\/relaisgourmet.com\\\/de\\\/Produkt\\\/atxuria-box\\\/\",\"name\":\"Atxuria Geschenkset \u2013 F\u00fcr besondere Anl\u00e4sse\",\"isPartOf\":{\"@id\":\"https:\\\/\\\/relaisgourmet.com\\\/de\\\/#website\"},\"primaryImageOfPage\":{\"@id\":\"https:\\\/\\\/relaisgourmet.com\\\/de\\\/Produkt\\\/atxuria-box\\\/#primaryimage\"},\"image\":{\"@id\":\"https:\\\/\\\/relaisgourmet.com\\\/de\\\/Produkt\\\/atxuria-box\\\/#primaryimage\"},\"thumbnailUrl\":\"https:\\\/\\\/relaisgourmet.com\\\/wp-content\\\/uploads\\\/2024\\\/09\\\/Atxuria.jpg\",\"datePublished\":\"2024-09-11T08:36:44+00:00\",\"dateModified\":\"2025-04-09T21:23:59+00:00\",\"description\":\"Entdecken Sie unsere Geschenkbox Atxuria, dieser wahre gastronomische Schatz wird Sie mit Sicherheit verf\u00fchren! F\u00fcr einen erschwinglichen Preis mit unserer hohen Qualit\u00e4t.\",\"breadcrumb\":{\"@id\":\"https:\\\/\\\/relaisgourmet.com\\\/de\\\/Produkt\\\/atxuria-box\\\/#breadcrumb\"},\"inLanguage\":\"de\",\"potentialAction\":[{\"@type\":\"ReadAction\",\"target\":[\"https:\\\/\\\/relaisgourmet.com\\\/de\\\/Produkt\\\/atxuria-box\\\/\"]}]},{\"@type\":\"ImageObject\",\"inLanguage\":\"de\",\"@id\":\"https:\\\/\\\/relaisgourmet.com\\\/de\\\/Produkt\\\/atxuria-box\\\/#primaryimage\",\"url\":\"https:\\\/\\\/relaisgourmet.com\\\/wp-content\\\/uploads\\\/2024\\\/09\\\/Atxuria.jpg\",\"contentUrl\":\"https:\\\/\\\/relaisgourmet.com\\\/wp-content\\\/uploads\\\/2024\\\/09\\\/Atxuria.jpg\",\"width\":1427,\"height\":1427,\"caption\":\"photographe d'entreprise, corporate, packshot, CV pau bearn pays basque\"},{\"@type\":\"BreadcrumbList\",\"@id\":\"https:\\\/\\\/relaisgourmet.com\\\/de\\\/Produkt\\\/atxuria-box\\\/#breadcrumb\",\"itemListElement\":[{\"@type\":\"ListItem\",\"position\":1,\"name\":\"Startseite\",\"item\":\"https:\\\/\\\/relaisgourmet.com\\\/de\\\/\"},{\"@type\":\"ListItem\",\"position\":2,\"name\":\"Authentische Foie Gras\",\"item\":\"https:\\\/\\\/relaisgourmet.com\\\/de\\\/authentische-foie-gras\\\/\"},{\"@type\":\"ListItem\",\"position\":3,\"name\":\"Geschenkset Atxuria\"}]},{\"@type\":\"WebSite\",\"@id\":\"https:\\\/\\\/relaisgourmet.com\\\/de\\\/#website\",\"url\":\"https:\\\/\\\/relaisgourmet.com\\\/de\\\/\",\"name\":\"Relais Gourmet\",\"description\":\"Maison Gastronomique au Pays-Basque Depuis 2004\",\"publisher\":{\"@id\":\"https:\\\/\\\/relaisgourmet.com\\\/de\\\/#organization\"},\"potentialAction\":[{\"@type\":\"SearchAction\",\"target\":{\"@type\":\"EntryPoint\",\"urlTemplate\":\"https:\\\/\\\/relaisgourmet.com\\\/de\\\/?s={search_term_string}\"},\"query-input\":{\"@type\":\"PropertyValueSpecification\",\"valueRequired\":true,\"valueName\":\"search_term_string\"}}],\"inLanguage\":\"de\"},{\"@type\":\"Organization\",\"@id\":\"https:\\\/\\\/relaisgourmet.com\\\/de\\\/#organization\",\"name\":\"Relais Gourmet\",\"url\":\"https:\\\/\\\/relaisgourmet.com\\\/de\\\/\",\"logo\":{\"@type\":\"ImageObject\",\"inLanguage\":\"de\",\"@id\":\"https:\\\/\\\/relaisgourmet.com\\\/de\\\/#\\\/schema\\\/logo\\\/image\\\/\",\"url\":\"https:\\\/\\\/relaisgourmet.com\\\/wp-content\\\/uploads\\\/2024\\\/11\\\/Diseno-sin-titulo-8.jpg\",\"contentUrl\":\"https:\\\/\\\/relaisgourmet.com\\\/wp-content\\\/uploads\\\/2024\\\/11\\\/Diseno-sin-titulo-8.jpg\",\"width\":500,\"height\":500,\"caption\":\"Relais Gourmet\"},\"image\":{\"@id\":\"https:\\\/\\\/relaisgourmet.com\\\/de\\\/#\\\/schema\\\/logo\\\/image\\\/\"},\"sameAs\":[\"https:\\\/\\\/facebook.com\\\/yoast\",\"https:\\\/\\\/instagram.com\\\/yoast\"]}]}<\/script>\n<!-- \/ Yoast SEO Premium plugin. -->","yoast_head_json":{"title":"Atxuria Geschenkset \u2013 F\u00fcr besondere Anl\u00e4sse","description":"Entdecken Sie unsere Geschenkbox Atxuria, dieser wahre gastronomische Schatz wird Sie mit Sicherheit verf\u00fchren! F\u00fcr einen erschwinglichen Preis mit unserer hohen Qualit\u00e4t.","robots":{"index":"index","follow":"follow","max-snippet":"max-snippet:-1","max-image-preview":"max-image-preview:large","max-video-preview":"max-video-preview:-1"},"canonical":"https:\/\/relaisgourmet.com\/de\/Produkt\/atxuria-box\/","og_locale":"de_DE","og_type":"article","og_title":"Geschenkset Atxuria","og_description":"Entdecken Sie unsere Geschenkbox Atxuria, dieser wahre gastronomische Schatz wird Sie mit Sicherheit verf\u00fchren! F\u00fcr einen erschwinglichen Preis mit unserer hohen Qualit\u00e4t.","og_url":"https:\/\/relaisgourmet.com\/de\/Produkt\/atxuria-box\/","og_site_name":"Relais Gourmet","article_publisher":"https:\/\/facebook.com\/yoast","article_modified_time":"2025-04-09T21:23:59+00:00","og_image":[{"width":2500,"height":1667,"url":"https:\/\/relaisgourmet.com\/wp-content\/uploads\/2024\/09\/coffret504-1.jpg","type":"image\/jpeg"}],"twitter_card":"summary_large_image","twitter_misc":{"Gesch\u00e4tzte Lesezeit":"2\u00a0Minute"},"schema":{"@context":"https:\/\/schema.org","@graph":[{"@type":"WebPage","@id":"https:\/\/relaisgourmet.com\/de\/Produkt\/atxuria-box\/","url":"https:\/\/relaisgourmet.com\/de\/Produkt\/atxuria-box\/","name":"Atxuria Geschenkset \u2013 F\u00fcr besondere Anl\u00e4sse","isPartOf":{"@id":"https:\/\/relaisgourmet.com\/de\/#website"},"primaryImageOfPage":{"@id":"https:\/\/relaisgourmet.com\/de\/Produkt\/atxuria-box\/#primaryimage"},"image":{"@id":"https:\/\/relaisgourmet.com\/de\/Produkt\/atxuria-box\/#primaryimage"},"thumbnailUrl":"https:\/\/relaisgourmet.com\/wp-content\/uploads\/2024\/09\/Atxuria.jpg","datePublished":"2024-09-11T08:36:44+00:00","dateModified":"2025-04-09T21:23:59+00:00","description":"Entdecken Sie unsere Geschenkbox Atxuria, dieser wahre gastronomische Schatz wird Sie mit Sicherheit verf\u00fchren! F\u00fcr einen erschwinglichen Preis mit unserer hohen Qualit\u00e4t.","breadcrumb":{"@id":"https:\/\/relaisgourmet.com\/de\/Produkt\/atxuria-box\/#breadcrumb"},"inLanguage":"de","potentialAction":[{"@type":"ReadAction","target":["https:\/\/relaisgourmet.com\/de\/Produkt\/atxuria-box\/"]}]},{"@type":"ImageObject","inLanguage":"de","@id":"https:\/\/relaisgourmet.com\/de\/Produkt\/atxuria-box\/#primaryimage","url":"https:\/\/relaisgourmet.com\/wp-content\/uploads\/2024\/09\/Atxuria.jpg","contentUrl":"https:\/\/relaisgourmet.com\/wp-content\/uploads\/2024\/09\/Atxuria.jpg","width":1427,"height":1427,"caption":"photographe d'entreprise, corporate, packshot, CV pau bearn pays basque"},{"@type":"BreadcrumbList","@id":"https:\/\/relaisgourmet.com\/de\/Produkt\/atxuria-box\/#breadcrumb","itemListElement":[{"@type":"ListItem","position":1,"name":"Startseite","item":"https:\/\/relaisgourmet.com\/de\/"},{"@type":"ListItem","position":2,"name":"Authentische Foie Gras","item":"https:\/\/relaisgourmet.com\/de\/authentische-foie-gras\/"},{"@type":"ListItem","position":3,"name":"Geschenkset Atxuria"}]},{"@type":"WebSite","@id":"https:\/\/relaisgourmet.com\/de\/#website","url":"https:\/\/relaisgourmet.com\/de\/","name":"Relais Gourmet","description":"Maison Gastronomique au Pays-Basque Depuis 2004","publisher":{"@id":"https:\/\/relaisgourmet.com\/de\/#organization"},"potentialAction":[{"@type":"SearchAction","target":{"@type":"EntryPoint","urlTemplate":"https:\/\/relaisgourmet.com\/de\/?s={search_term_string}"},"query-input":{"@type":"PropertyValueSpecification","valueRequired":true,"valueName":"search_term_string"}}],"inLanguage":"de"},{"@type":"Organization","@id":"https:\/\/relaisgourmet.com\/de\/#organization","name":"Relais Gourmet","url":"https:\/\/relaisgourmet.com\/de\/","logo":{"@type":"ImageObject","inLanguage":"de","@id":"https:\/\/relaisgourmet.com\/de\/#\/schema\/logo\/image\/","url":"https:\/\/relaisgourmet.com\/wp-content\/uploads\/2024\/11\/Diseno-sin-titulo-8.jpg","contentUrl":"https:\/\/relaisgourmet.com\/wp-content\/uploads\/2024\/11\/Diseno-sin-titulo-8.jpg","width":500,"height":500,"caption":"Relais Gourmet"},"image":{"@id":"https:\/\/relaisgourmet.com\/de\/#\/schema\/logo\/image\/"},"sameAs":["https:\/\/facebook.com\/yoast","https:\/\/instagram.com\/yoast"]}]}},"_links":{"self":[{"href":"https:\/\/relaisgourmet.com\/de\/wp-json\/wp\/v2\/product\/47016","targetHints":{"allow":["GET"]}}],"collection":[{"href":"https:\/\/relaisgourmet.com\/de\/wp-json\/wp\/v2\/product"}],"about":[{"href":"https:\/\/relaisgourmet.com\/de\/wp-json\/wp\/v2\/types\/product"}],"replies":[{"embeddable":true,"href":"https:\/\/relaisgourmet.com\/de\/wp-json\/wp\/v2\/comments?post=47016"}],"version-history":[{"count":0,"href":"https:\/\/relaisgourmet.com\/de\/wp-json\/wp\/v2\/product\/47016\/revisions"}],"wp:featuredmedia":[{"embeddable":true,"href":"https:\/\/relaisgourmet.com\/de\/wp-json\/wp\/v2\/media\/58801"}],"wp:attachment":[{"href":"https:\/\/relaisgourmet.com\/de\/wp-json\/wp\/v2\/media?parent=47016"}],"wp:term":[{"taxonomy":"product_brand","embeddable":true,"href":"https:\/\/relaisgourmet.com\/de\/wp-json\/wp\/v2\/product_brand?post=47016"},{"taxonomy":"product_cat","embeddable":true,"href":"https:\/\/relaisgourmet.com\/de\/wp-json\/wp\/v2\/product_cat?post=47016"},{"taxonomy":"product_tag","embeddable":true,"href":"https:\/\/relaisgourmet.com\/de\/wp-json\/wp\/v2\/product_tag?post=47016"},{"taxonomy":"giftcard-category","embeddable":true,"href":"https:\/\/relaisgourmet.com\/de\/wp-json\/wp\/v2\/giftcard-category?post=47016"}],"curies":[{"name":"wp","href":"https:\/\/api.w.org\/{rel}","templated":true}]}}