{"id":46992,"date":"2024-09-11T15:12:02","date_gmt":"2024-09-11T13:12:02","guid":{"rendered":"https:\/\/relaisgourmet.com\/produit\/coffret-altsuna\/"},"modified":"2025-04-09T22:39:02","modified_gmt":"2025-04-09T20:39:02","slug":"altsuna-geschenkset","status":"publish","type":"product","link":"https:\/\/relaisgourmet.com\/de\/Produkt\/altsuna-geschenkset\/","title":{"rendered":"Altsuna Geschenkset"},"content":{"rendered":"<h4><b>Eine Gourmet-Einladung f\u00fcr Ihre geselligen Momente<\/b><\/h4>\n<p>Das <strong>Altsuna Set<\/strong> ist eine exklusive Kreation von <strong>Relais Gourmet<\/strong> und eignet sich hervorragend als Begleiter f\u00fcr Aperitifs oder <strong>Gourmetmomente<\/strong>.<\/p>\n<p data-start=\"313\" data-end=\"443\">Wenn Sie sich daf\u00fcr entscheiden, dieses Paket zu verschenken oder zu teilen, erm\u00f6glichen Sie es Ihren Lieben, das Beste des baskischen Terroirs zu entdecken.<\/p>\n<p data-start=\"445\" data-end=\"575\">Perfekt f\u00fcr gesellige Mahlzeiten mit der Familie oder Freunden, denn jeder Bissen ist eine Einladung, einzigartige Erinnerungen zu schaffen.<\/p>\n<p><span style=\"font-weight: 400;\">Die <\/span>Altsuna Geschenkpackung<span style=\"font-weight: 400;\"> ist garantiert <strong>frei von Konservierungsmitteln, Farbstoffen und Zusatzstoffen <\/strong>und garantiert Ihnen somit einen authentischen und gesunden Genuss.<\/span><\/p>\n<h4><b>Zusammensetzung :  <\/b><\/h4>\n<ul>\n<li style=\"font-weight: 400;\" aria-level=\"1\"><b>Ganze Leberpastete Natur (200 g)<\/b><span style=\"font-weight: 400;\">  Stopfleber in ihrer reinsten Form. Eine cremige Textur und ein zarter Geschmack, um auch die feinsten Feinschmecker zufrieden zu stellen.<\/span><\/li>\n<li style=\"font-weight: 400;\" aria-level=\"1\"><b>Ganze Leber in Porto (200 g)<\/b><span style=\"font-weight: 400;\">  Eine harmonische Verbindung zwischen der Reichhaltigkeit der Stopfleber und den s\u00fc\u00dfen Noten des Portweins. Diese Foie Gras verleiht Ihren Aperitifs oder Abendessen einen Hauch von Eleganz.<\/span><\/li>\n<li style=\"font-weight: 400;\" aria-level=\"1\"><b>Ganze Leberpastete mit Piment d&#8217;Espelette (180 g)<\/b><span style=\"font-weight: 400;\"> Piment d&#8217;Espelette: Eine Geschmacksexplosion mit Piment d&#8217;Espelette, das subtil gew\u00fcrzt ist, um die S\u00fc\u00dfe der Foie Gras zu unterstreichen.<\/span><\/li>\n<li style=\"font-weight: 400;\" aria-level=\"1\"><b>Gourmet-Aperitif mit Piment d&#8217;Espelette (180 g)<\/b><span style=\"font-weight: 400;\"> Dieser Aperitif ist perfekt, um Ihre gemeinsamen Momente zu begleiten. Er vereint Genuss und Charakter durch die Zugabe von Piment d&#8217;Espelette, einem echten Symbol des Baskenlandes.<\/span><\/li>\n<\/ul>\n<h4><\/h4>\n<h4><b>Aufbewahrung und Verkostungstipps :<\/b><\/h4>\n<p><span style=\"font-weight: 400;\">Die <\/span><b>Altsuna Geschenkset<\/b><span style=\"font-weight: 400;\"> ist bei Raumtemperatur bis zu 3 Jahre lang haltbar. <\/span> <\/p>\n<p><span style=\"font-weight: 400;\">Es ist jedoch ratsam, die Produkte nach dem \u00d6ffnen innerhalb von 15 Tagen zu verbrauchen und im K\u00fchlschrank aufzubewahren.<\/span><\/p>\n<h4><b>Verkostungstipps :  <\/b><\/h4>\n<p><span style=\"font-weight: 400;\">Um noch weiter zu gehen, stellt Ihnen Relais Gourmet Tipps und Tricks zur Verf\u00fcgung. <\/span><span style=\"font-weight: 400;\">. <\/span> <\/p>\n<p><span style=\"font-weight: 400;\">Finden Sie unsere Ideen auf dem <strong><a href=\"https:\/\/relaisgourmet.com\/blog-foies-gras-actualite\/\">Blog<\/a>, <\/strong>aber folgen Sie uns auch auf <a href=\"https:\/\/www.instagram.com\/relaisgourmetofficiel\/\"><strong>Instagram.<\/strong><\/a><\/span><\/p>\n<p><span style=\"font-weight: 400;\">Die <\/span><b>Altsuna Geschenkset<\/b><span style=\"font-weight: 400;\"> ist ein wahres Erlebnis f\u00fcr die Sinne, perfekt f\u00fcr alle festlichen und geselligen Anl\u00e4sse. <\/span> <\/p>\n","protected":false},"excerpt":{"rendered":"<p>Entdecken Sie das Altsuna Set von Relais Gourmet, ideal f\u00fcr Ihren Aperitif im Sommer oder Ihr Picknick im Fr\u00fchling. Perfekt zum<strong> Verschenken<\/strong> oder selbst <strong>genie\u00dfen<\/strong>!<\/p>\n<p><img decoding=\"async\" class=\"emoji\" role=\"img\" src=\"https:\/\/s.w.org\/images\/core\/emoji\/15.0.3\/svg\/1f1eb-1f1f7.svg\" alt=\"\ud83c\uddeb\ud83c\uddf7\">  Garantierte 100%ige franz\u00f6sische Produktion<br \/>\n\u2714 Garantiert frei von Konservierungsmitteln, Zusatzstoffen und Farbstoffen.<br \/>\n\ud83c\udf43 Mit gelbem Mais gef\u00fctterte Enten<br \/>\n\ud83d\ude9a Schnelle Lieferung in die ganze Welt<br \/>\n\ud83d\udd53 3 Jahre haltbar<br \/>\n\ud83d\udd10 Sichere Zahlung<\/p>\n<div class=\"woocommerce-product-details__short-description\">\n<p>Nettogewicht: 760 g<\/p>\n<\/div>\n","protected":false},"featured_media":58796,"comment_status":"closed","ping_status":"closed","template":"","meta":[],"product_brand":[],"product_cat":[1274,1283],"product_tag":[],"giftcard-category":[],"class_list":{"0":"post-46992","1":"product","2":"type-product","3":"status-publish","4":"has-post-thumbnail","6":"product_cat-geschenkboxen","7":"product_cat-prestigegeschenke","8":"product_shipping_class-standard-de","10":"first","11":"instock","12":"taxable","13":"shipping-taxable","14":"purchasable","15":"product-type-simple"},"yoast_head":"<!-- This site is optimized with the Yoast SEO Premium plugin v27.0 (Yoast SEO v27.0) - https:\/\/yoast.com\/product\/yoast-seo-premium-wordpress\/ -->\n<title>Altsuna Geschenkset \u2013 Regional &amp; geschmackvoll<\/title>\n<meta name=\"description\" content=\"Entdecken Sie unser Altsuna-Set, dieses Set mit 3 schmackhaften G\u00e4nseleberpasteten und einem Gourmet-Aperitif von Relais Gourmet ist einen Besuch wert!\" \/>\n<meta name=\"robots\" content=\"index, follow, max-snippet:-1, max-image-preview:large, max-video-preview:-1\" \/>\n<link rel=\"canonical\" href=\"https:\/\/relaisgourmet.com\/de\/Produkt\/altsuna-geschenkset\/\" \/>\n<meta property=\"og:locale\" content=\"de_DE\" \/>\n<meta property=\"og:type\" content=\"article\" \/>\n<meta property=\"og:title\" content=\"Altsuna Geschenkset\" \/>\n<meta property=\"og:description\" content=\"Entdecken Sie unser Altsuna-Set, dieses Set mit 3 schmackhaften G\u00e4nseleberpasteten und einem Gourmet-Aperitif von Relais Gourmet ist einen Besuch wert!\" \/>\n<meta property=\"og:url\" content=\"https:\/\/relaisgourmet.com\/de\/Produkt\/altsuna-geschenkset\/\" \/>\n<meta property=\"og:site_name\" content=\"Relais Gourmet\" \/>\n<meta property=\"article:publisher\" content=\"https:\/\/facebook.com\/yoast\" \/>\n<meta property=\"article:modified_time\" content=\"2025-04-09T20:39:02+00:00\" \/>\n<meta property=\"og:image\" content=\"https:\/\/relaisgourmet.com\/wp-content\/uploads\/2024\/09\/coffret-3FG-200-1A-2.jpg\" \/>\n\t<meta property=\"og:image:width\" content=\"2500\" \/>\n\t<meta property=\"og:image:height\" content=\"1667\" \/>\n\t<meta property=\"og:image:type\" content=\"image\/jpeg\" \/>\n<meta name=\"twitter:card\" content=\"summary_large_image\" \/>\n<meta name=\"twitter:label1\" content=\"Gesch\u00e4tzte Lesezeit\" \/>\n\t<meta name=\"twitter:data1\" content=\"2\u00a0Minute\" \/>\n<script type=\"application\/ld+json\" class=\"yoast-schema-graph\">{\"@context\":\"https:\/\/schema.org\",\"@graph\":[{\"@type\":\"WebPage\",\"@id\":\"https:\/\/relaisgourmet.com\/de\/Produkt\/altsuna-geschenkset\/\",\"url\":\"https:\/\/relaisgourmet.com\/de\/Produkt\/altsuna-geschenkset\/\",\"name\":\"Altsuna Geschenkset \u2013 Regional & geschmackvoll\",\"isPartOf\":{\"@id\":\"https:\/\/relaisgourmet.com\/de\/#website\"},\"primaryImageOfPage\":{\"@id\":\"https:\/\/relaisgourmet.com\/de\/Produkt\/altsuna-geschenkset\/#primaryimage\"},\"image\":{\"@id\":\"https:\/\/relaisgourmet.com\/de\/Produkt\/altsuna-geschenkset\/#primaryimage\"},\"thumbnailUrl\":\"https:\/\/relaisgourmet.com\/wp-content\/uploads\/2024\/09\/Altsuna.jpg\",\"datePublished\":\"2024-09-11T13:12:02+00:00\",\"dateModified\":\"2025-04-09T20:39:02+00:00\",\"description\":\"Entdecken Sie unser Altsuna-Set, dieses Set mit 3 schmackhaften G\u00e4nseleberpasteten und einem Gourmet-Aperitif von Relais Gourmet ist einen Besuch wert!\",\"breadcrumb\":{\"@id\":\"https:\/\/relaisgourmet.com\/de\/Produkt\/altsuna-geschenkset\/#breadcrumb\"},\"inLanguage\":\"de\",\"potentialAction\":[{\"@type\":\"ReadAction\",\"target\":[\"https:\/\/relaisgourmet.com\/de\/Produkt\/altsuna-geschenkset\/\"]}]},{\"@type\":\"ImageObject\",\"inLanguage\":\"de\",\"@id\":\"https:\/\/relaisgourmet.com\/de\/Produkt\/altsuna-geschenkset\/#primaryimage\",\"url\":\"https:\/\/relaisgourmet.com\/wp-content\/uploads\/2024\/09\/Altsuna.jpg\",\"contentUrl\":\"https:\/\/relaisgourmet.com\/wp-content\/uploads\/2024\/09\/Altsuna.jpg\",\"width\":1427,\"height\":1427,\"caption\":\"photographe d'entreprise, corporate, packshot, CV pau bearn pays basque\"},{\"@type\":\"BreadcrumbList\",\"@id\":\"https:\/\/relaisgourmet.com\/de\/Produkt\/altsuna-geschenkset\/#breadcrumb\",\"itemListElement\":[{\"@type\":\"ListItem\",\"position\":1,\"name\":\"Startseite\",\"item\":\"https:\/\/relaisgourmet.com\/de\/\"},{\"@type\":\"ListItem\",\"position\":2,\"name\":\"Authentische Foie Gras\",\"item\":\"https:\/\/relaisgourmet.com\/de\/authentische-foie-gras\/\"},{\"@type\":\"ListItem\",\"position\":3,\"name\":\"Altsuna Geschenkset\"}]},{\"@type\":\"WebSite\",\"@id\":\"https:\/\/relaisgourmet.com\/de\/#website\",\"url\":\"https:\/\/relaisgourmet.com\/de\/\",\"name\":\"Relais Gourmet\",\"description\":\"Maison Gastronomique au Pays-Basque Depuis 2004\",\"publisher\":{\"@id\":\"https:\/\/relaisgourmet.com\/de\/#organization\"},\"potentialAction\":[{\"@type\":\"SearchAction\",\"target\":{\"@type\":\"EntryPoint\",\"urlTemplate\":\"https:\/\/relaisgourmet.com\/de\/?s={search_term_string}\"},\"query-input\":{\"@type\":\"PropertyValueSpecification\",\"valueRequired\":true,\"valueName\":\"search_term_string\"}}],\"inLanguage\":\"de\"},{\"@type\":\"Organization\",\"@id\":\"https:\/\/relaisgourmet.com\/de\/#organization\",\"name\":\"Relais Gourmet\",\"url\":\"https:\/\/relaisgourmet.com\/de\/\",\"logo\":{\"@type\":\"ImageObject\",\"inLanguage\":\"de\",\"@id\":\"https:\/\/relaisgourmet.com\/de\/#\/schema\/logo\/image\/\",\"url\":\"https:\/\/relaisgourmet.com\/wp-content\/uploads\/2024\/11\/Diseno-sin-titulo-8.jpg\",\"contentUrl\":\"https:\/\/relaisgourmet.com\/wp-content\/uploads\/2024\/11\/Diseno-sin-titulo-8.jpg\",\"width\":500,\"height\":500,\"caption\":\"Relais Gourmet\"},\"image\":{\"@id\":\"https:\/\/relaisgourmet.com\/de\/#\/schema\/logo\/image\/\"},\"sameAs\":[\"https:\/\/facebook.com\/yoast\",\"https:\/\/instagram.com\/yoast\"]}]}<\/script>\n<!-- \/ Yoast SEO Premium plugin. -->","yoast_head_json":{"title":"Altsuna Geschenkset \u2013 Regional & geschmackvoll","description":"Entdecken Sie unser Altsuna-Set, dieses Set mit 3 schmackhaften G\u00e4nseleberpasteten und einem Gourmet-Aperitif von Relais Gourmet ist einen Besuch wert!","robots":{"index":"index","follow":"follow","max-snippet":"max-snippet:-1","max-image-preview":"max-image-preview:large","max-video-preview":"max-video-preview:-1"},"canonical":"https:\/\/relaisgourmet.com\/de\/Produkt\/altsuna-geschenkset\/","og_locale":"de_DE","og_type":"article","og_title":"Altsuna Geschenkset","og_description":"Entdecken Sie unser Altsuna-Set, dieses Set mit 3 schmackhaften G\u00e4nseleberpasteten und einem Gourmet-Aperitif von Relais Gourmet ist einen Besuch wert!","og_url":"https:\/\/relaisgourmet.com\/de\/Produkt\/altsuna-geschenkset\/","og_site_name":"Relais Gourmet","article_publisher":"https:\/\/facebook.com\/yoast","article_modified_time":"2025-04-09T20:39:02+00:00","og_image":[{"width":2500,"height":1667,"url":"https:\/\/relaisgourmet.com\/wp-content\/uploads\/2024\/09\/coffret-3FG-200-1A-2.jpg","type":"image\/jpeg"}],"twitter_card":"summary_large_image","twitter_misc":{"Gesch\u00e4tzte Lesezeit":"2\u00a0Minute"},"schema":{"@context":"https:\/\/schema.org","@graph":[{"@type":"WebPage","@id":"https:\/\/relaisgourmet.com\/de\/Produkt\/altsuna-geschenkset\/","url":"https:\/\/relaisgourmet.com\/de\/Produkt\/altsuna-geschenkset\/","name":"Altsuna Geschenkset \u2013 Regional & geschmackvoll","isPartOf":{"@id":"https:\/\/relaisgourmet.com\/de\/#website"},"primaryImageOfPage":{"@id":"https:\/\/relaisgourmet.com\/de\/Produkt\/altsuna-geschenkset\/#primaryimage"},"image":{"@id":"https:\/\/relaisgourmet.com\/de\/Produkt\/altsuna-geschenkset\/#primaryimage"},"thumbnailUrl":"https:\/\/relaisgourmet.com\/wp-content\/uploads\/2024\/09\/Altsuna.jpg","datePublished":"2024-09-11T13:12:02+00:00","dateModified":"2025-04-09T20:39:02+00:00","description":"Entdecken Sie unser Altsuna-Set, dieses Set mit 3 schmackhaften G\u00e4nseleberpasteten und einem Gourmet-Aperitif von Relais Gourmet ist einen Besuch wert!","breadcrumb":{"@id":"https:\/\/relaisgourmet.com\/de\/Produkt\/altsuna-geschenkset\/#breadcrumb"},"inLanguage":"de","potentialAction":[{"@type":"ReadAction","target":["https:\/\/relaisgourmet.com\/de\/Produkt\/altsuna-geschenkset\/"]}]},{"@type":"ImageObject","inLanguage":"de","@id":"https:\/\/relaisgourmet.com\/de\/Produkt\/altsuna-geschenkset\/#primaryimage","url":"https:\/\/relaisgourmet.com\/wp-content\/uploads\/2024\/09\/Altsuna.jpg","contentUrl":"https:\/\/relaisgourmet.com\/wp-content\/uploads\/2024\/09\/Altsuna.jpg","width":1427,"height":1427,"caption":"photographe d'entreprise, corporate, packshot, CV pau bearn pays basque"},{"@type":"BreadcrumbList","@id":"https:\/\/relaisgourmet.com\/de\/Produkt\/altsuna-geschenkset\/#breadcrumb","itemListElement":[{"@type":"ListItem","position":1,"name":"Startseite","item":"https:\/\/relaisgourmet.com\/de\/"},{"@type":"ListItem","position":2,"name":"Authentische Foie Gras","item":"https:\/\/relaisgourmet.com\/de\/authentische-foie-gras\/"},{"@type":"ListItem","position":3,"name":"Altsuna Geschenkset"}]},{"@type":"WebSite","@id":"https:\/\/relaisgourmet.com\/de\/#website","url":"https:\/\/relaisgourmet.com\/de\/","name":"Relais Gourmet","description":"Maison Gastronomique au Pays-Basque Depuis 2004","publisher":{"@id":"https:\/\/relaisgourmet.com\/de\/#organization"},"potentialAction":[{"@type":"SearchAction","target":{"@type":"EntryPoint","urlTemplate":"https:\/\/relaisgourmet.com\/de\/?s={search_term_string}"},"query-input":{"@type":"PropertyValueSpecification","valueRequired":true,"valueName":"search_term_string"}}],"inLanguage":"de"},{"@type":"Organization","@id":"https:\/\/relaisgourmet.com\/de\/#organization","name":"Relais Gourmet","url":"https:\/\/relaisgourmet.com\/de\/","logo":{"@type":"ImageObject","inLanguage":"de","@id":"https:\/\/relaisgourmet.com\/de\/#\/schema\/logo\/image\/","url":"https:\/\/relaisgourmet.com\/wp-content\/uploads\/2024\/11\/Diseno-sin-titulo-8.jpg","contentUrl":"https:\/\/relaisgourmet.com\/wp-content\/uploads\/2024\/11\/Diseno-sin-titulo-8.jpg","width":500,"height":500,"caption":"Relais Gourmet"},"image":{"@id":"https:\/\/relaisgourmet.com\/de\/#\/schema\/logo\/image\/"},"sameAs":["https:\/\/facebook.com\/yoast","https:\/\/instagram.com\/yoast"]}]}},"_links":{"self":[{"href":"https:\/\/relaisgourmet.com\/de\/wp-json\/wp\/v2\/product\/46992","targetHints":{"allow":["GET"]}}],"collection":[{"href":"https:\/\/relaisgourmet.com\/de\/wp-json\/wp\/v2\/product"}],"about":[{"href":"https:\/\/relaisgourmet.com\/de\/wp-json\/wp\/v2\/types\/product"}],"replies":[{"embeddable":true,"href":"https:\/\/relaisgourmet.com\/de\/wp-json\/wp\/v2\/comments?post=46992"}],"version-history":[{"count":5,"href":"https:\/\/relaisgourmet.com\/de\/wp-json\/wp\/v2\/product\/46992\/revisions"}],"predecessor-version":[{"id":55205,"href":"https:\/\/relaisgourmet.com\/de\/wp-json\/wp\/v2\/product\/46992\/revisions\/55205"}],"wp:featuredmedia":[{"embeddable":true,"href":"https:\/\/relaisgourmet.com\/de\/wp-json\/wp\/v2\/media\/58796"}],"wp:attachment":[{"href":"https:\/\/relaisgourmet.com\/de\/wp-json\/wp\/v2\/media?parent=46992"}],"wp:term":[{"taxonomy":"product_brand","embeddable":true,"href":"https:\/\/relaisgourmet.com\/de\/wp-json\/wp\/v2\/product_brand?post=46992"},{"taxonomy":"product_cat","embeddable":true,"href":"https:\/\/relaisgourmet.com\/de\/wp-json\/wp\/v2\/product_cat?post=46992"},{"taxonomy":"product_tag","embeddable":true,"href":"https:\/\/relaisgourmet.com\/de\/wp-json\/wp\/v2\/product_tag?post=46992"},{"taxonomy":"giftcard-category","embeddable":true,"href":"https:\/\/relaisgourmet.com\/de\/wp-json\/wp\/v2\/giftcard-category?post=46992"}],"curies":[{"name":"wp","href":"https:\/\/api.w.org\/{rel}","templated":true}]}}