{"id":46960,"date":"2024-09-12T11:13:30","date_gmt":"2024-09-12T09:13:30","guid":{"rendered":"https:\/\/relaisgourmet.com\/produit\/coffret-gaztelu\/"},"modified":"2025-04-09T22:39:02","modified_gmt":"2025-04-09T20:39:02","slug":"gaztelu-gourmet-geschenkset","status":"publish","type":"product","link":"https:\/\/relaisgourmet.com\/de\/Produkt\/gaztelu-gourmet-geschenkset\/","title":{"rendered":"Gaztelu Box"},"content":{"rendered":"<h4><strong>Entdecken Sie das Geschenkset Gaztelu : Die perfekte Verbindung von Raffinesse und Authentizit\u00e4t<\/strong><\/h4>\n<p><span style=\"font-weight: 400;\">Die <\/span><b>Gaztelu Box<\/b><span style=\"font-weight: 400;\"> ist eine echte Einladung, die Exzellenz von Relais Gourmet durch eine Auswahl an au\u00dfergew\u00f6hnlichen Produkten zu entdecken. <\/span> <\/p>\n<p><span style=\"font-weight: 400;\">Dieses Gourmetpaket ist die perfekte Wahl f\u00fcr all Ihre Gaumenfreuden.<\/span><\/p>\n<p><span style=\"font-weight: 400;\">Verschenken oder erhalten Sie die <\/span><b>Gaztelu Geschenkset<\/b><span style=\"font-weight: 400;\"> ist immer ein Synonym f\u00fcr Genuss, aber auch f\u00fcr unvergessliche Gourmetmomente. <\/span> <\/p>\n<p><span style=\"font-weight: 400;\">Die <b>Gaztelu Box<\/b> zeichnet sich nicht nur durch ihre Qualit\u00e4t aus, sondern auch durch ihre Verpflichtung, nat\u00fcrliche und authentische Produkte anzubieten.  <\/span><\/p>\n<p>Die Gaztelu Box ist garantiert<b> frei von Konservierungsmitteln, Farbstoffen und Zusatzstoffen<\/b>.<\/p>\n<p>&nbsp;<\/p>\n<h4><b>Zusammensetzung :  <\/b><\/h4>\n<ul>\n<li style=\"font-weight: 400;\" aria-level=\"1\"><b>Ganze Leberpastete Natur (200 g)<\/b><span style=\"font-weight: 400;\"> Ein traditionelles und raffiniertes Produkt, ideal f\u00fcr alle Liebhaber von Foie Gras.<\/span><\/li>\n<li style=\"font-weight: 400;\" aria-level=\"1\"><b>Ganze Leberpastete mit Piment d&#8217;Espelette (180 g)<\/b><span style=\"font-weight: 400;\"> F\u00fcr Liebhaber scharfer Eindr\u00fccke.<\/span><\/li>\n<li style=\"font-weight: 400;\" aria-level=\"1\"><b>Ganze Leberpastete mit Sauternes (200 g)<\/b><span style=\"font-weight: 400;\"> Sauter: eine zarte und subtile Note.<\/span><\/li>\n<li style=\"font-weight: 400;\" aria-level=\"1\"><b>Ganze Leberpastete mit Armagnac (200 g)<\/b><span style=\"font-weight: 400;\"> Eine perfekte Verbindung zwischen der Reichhaltigkeit der Foie Gras und den subtilen Noten des \u00c1rmagnac.<\/span><\/li>\n<li style=\"font-weight: 400;\" aria-level=\"1\"><b>Champagner-Flasche (750 ml)<\/b><span style=\"font-weight: 400;\">  Dieses Paket ist ohne eine Flasche Champagner nicht vollst\u00e4ndig. Wir haben diese besondere Cuv\u00e9e gew\u00e4hlt, um die Aromen der Stopfleber zu begleiten.<\/span><\/li>\n<\/ul>\n<p>&nbsp;<\/p>\n<h4><b>Aufbewahrung und Verkostungstipps:<\/b><\/h4>\n<p><span style=\"font-weight: 400;\">Die <\/span><b>Gaztelu Box<\/b><span style=\"font-weight: 400;\"> kann 3 Jahre lang bei Raumtemperatur aufbewahrt werden, was sie zu einem dauerhaften Geschenk f\u00fcr jeden Anlass macht. <\/span> <\/p>\n<p><span style=\"font-weight: 400;\">Nach dem \u00d6ffnen sollten Sie die Produkte innerhalb von 15 Tagen verbrauchen und im K\u00fchlschrank aufbewahren, um ihre Frische zu gew\u00e4hrleisten.<\/span><\/p>\n<p><b>Tipps f\u00fcr eine optimale Nutzung Ihrer Gaztelu Box :<\/b><\/p>\n<p><span style=\"font-weight: 400;\">Relais Gourmet stellt Ihnen in der Rubrik <a href=\"https:\/\/relaisgourmet.com\/blog-foies-gras-actualite\/\">Blog<\/a> wertvolle Tipps und Tricks zur Verf\u00fcgung.  <\/span><\/p>\n<p><span style=\"font-weight: 400;\">Hier finden Sie inspirierende Ideen, um jedes Produkt zu veredeln.<\/span><\/p>\n<p><span style=\"font-weight: 400;\">Die <\/span><b>Gaztelu Geschenkset<\/b><span style=\"font-weight: 400;\"> ist ein perfektes Geschenk f\u00fcr Gourmetliebhaber, sei es f\u00fcr eine besondere Feier, ein Essen mit der Familie oder eine gesch\u00e4ftliche Veranstaltung. <\/span> <\/p>\n<p><span style=\"font-weight: 400;\">Und schlie\u00dflich sollten Sie <strong>Relais Gourmet<\/strong> auch auf <a href=\"https:\/\/www.instagram.com\/relaisgourmetofficiel\/\">Instagram<\/a> folgen, um weitere Ideen f\u00fcr die Verwendung und exklusive Informationen \u00fcber unsere gastronomischen Neuheiten zu erhalten.<\/span><\/p>\n","protected":false},"excerpt":{"rendered":"<p>Entdecken Sie die <b>Gaztelu-Box<\/b> von Relais Gourmet, eine erlesene Auswahl, die Ihre Gourmetmomente bereichert. Perfekt f\u00fcr einen Aperitif mit Freunden, einen gastronomischen Ausflug oder ein gemeinsames Vergn\u00fcgen, ist dieses Set eine ideale Geschenkidee oder eine k\u00f6stliche Einladung, sich selbst jederzeit zu verw\u00f6hnen!<\/p>\n<p><img decoding=\"async\" class=\"emoji\" role=\"img\" src=\"https:\/\/s.w.org\/images\/core\/emoji\/15.0.3\/svg\/1f1eb-1f1f7.svg\" alt=\"\ud83c\uddeb\ud83c\uddf7\">  Garantierte 100%ige franz\u00f6sische Produktion<br \/>\n\u2714 Garantiert frei von Konservierungsmitteln, Zusatzstoffen und Farbstoffen.<br \/>\n\ud83c\udf43 Mit gelbem Mais gef\u00fctterte Enten<br \/>\n\ud83d\ude9a Schnelle Lieferung in die ganze Welt<br \/>\n\ud83d\udd53 3 Jahre haltbar<br \/>\n\ud83d\udd10 Sichere Zahlung<\/p>\n<div>\n<p>Nettogewicht: 1.53 kg<\/p>\n<p>&nbsp;<\/p>\n<\/div>\n","protected":false},"featured_media":58791,"comment_status":"closed","ping_status":"closed","template":"","meta":[],"product_brand":[],"product_cat":[1287,1274,1283],"product_tag":[],"giftcard-category":[],"class_list":{"0":"post-46960","1":"product","2":"type-product","3":"status-publish","4":"has-post-thumbnail","6":"product_cat-geschaftsgeschenke","7":"product_cat-geschenkboxen","8":"product_cat-prestigegeschenke","9":"product_shipping_class-standard-de","11":"first","12":"instock","13":"taxable","14":"shipping-taxable","15":"purchasable","16":"product-type-simple"},"yoast_head":"<!-- This site is optimized with the Yoast SEO Premium plugin v27.0 (Yoast SEO v27.0) - https:\/\/yoast.com\/product\/yoast-seo-premium-wordpress\/ -->\n<title>Gaztelu Box \u2013 Geschenk mit Geschmack<\/title>\n<meta name=\"description\" content=\"Machen Sie sich oder anderen eine Freude mit einem Gastelu-Set, das alles enth\u00e4lt, was ein guter Aperitif f\u00fcr einen geselligen Moment braucht.\" \/>\n<meta name=\"robots\" content=\"index, follow, max-snippet:-1, max-image-preview:large, max-video-preview:-1\" \/>\n<link rel=\"canonical\" href=\"https:\/\/relaisgourmet.com\/de\/Produkt\/gaztelu-gourmet-geschenkset\/\" \/>\n<meta property=\"og:locale\" content=\"de_DE\" \/>\n<meta property=\"og:type\" content=\"article\" \/>\n<meta property=\"og:title\" content=\"Gaztelu Box\" \/>\n<meta property=\"og:description\" content=\"Machen Sie sich oder anderen eine Freude mit einem Gastelu-Set, das alles enth\u00e4lt, was ein guter Aperitif f\u00fcr einen geselligen Moment braucht.\" \/>\n<meta property=\"og:url\" content=\"https:\/\/relaisgourmet.com\/de\/Produkt\/gaztelu-gourmet-geschenkset\/\" \/>\n<meta property=\"og:site_name\" content=\"Relais Gourmet\" \/>\n<meta property=\"article:publisher\" content=\"https:\/\/facebook.com\/yoast\" \/>\n<meta property=\"article:modified_time\" content=\"2025-04-09T20:39:02+00:00\" \/>\n<meta property=\"og:image\" content=\"https:\/\/relaisgourmet.com\/wp-content\/uploads\/2024\/09\/coffret-4FG-au-choix-champagne-1.jpg\" \/>\n\t<meta property=\"og:image:width\" content=\"2500\" \/>\n\t<meta property=\"og:image:height\" content=\"1667\" \/>\n\t<meta property=\"og:image:type\" content=\"image\/jpeg\" \/>\n<meta name=\"twitter:card\" content=\"summary_large_image\" \/>\n<meta name=\"twitter:label1\" content=\"Gesch\u00e4tzte Lesezeit\" \/>\n\t<meta name=\"twitter:data1\" content=\"1\u00a0Minute\" \/>\n<script type=\"application\/ld+json\" class=\"yoast-schema-graph\">{\"@context\":\"https:\/\/schema.org\",\"@graph\":[{\"@type\":\"WebPage\",\"@id\":\"https:\/\/relaisgourmet.com\/de\/Produkt\/gaztelu-gourmet-geschenkset\/\",\"url\":\"https:\/\/relaisgourmet.com\/de\/Produkt\/gaztelu-gourmet-geschenkset\/\",\"name\":\"Gaztelu Box \u2013 Geschenk mit Geschmack\",\"isPartOf\":{\"@id\":\"https:\/\/relaisgourmet.com\/de\/#website\"},\"primaryImageOfPage\":{\"@id\":\"https:\/\/relaisgourmet.com\/de\/Produkt\/gaztelu-gourmet-geschenkset\/#primaryimage\"},\"image\":{\"@id\":\"https:\/\/relaisgourmet.com\/de\/Produkt\/gaztelu-gourmet-geschenkset\/#primaryimage\"},\"thumbnailUrl\":\"https:\/\/relaisgourmet.com\/wp-content\/uploads\/2024\/09\/Gaztelu.jpg\",\"datePublished\":\"2024-09-12T09:13:30+00:00\",\"dateModified\":\"2025-04-09T20:39:02+00:00\",\"description\":\"Machen Sie sich oder anderen eine Freude mit einem Gastelu-Set, das alles enth\u00e4lt, was ein guter Aperitif f\u00fcr einen geselligen Moment braucht.\",\"breadcrumb\":{\"@id\":\"https:\/\/relaisgourmet.com\/de\/Produkt\/gaztelu-gourmet-geschenkset\/#breadcrumb\"},\"inLanguage\":\"de\",\"potentialAction\":[{\"@type\":\"ReadAction\",\"target\":[\"https:\/\/relaisgourmet.com\/de\/Produkt\/gaztelu-gourmet-geschenkset\/\"]}]},{\"@type\":\"ImageObject\",\"inLanguage\":\"de\",\"@id\":\"https:\/\/relaisgourmet.com\/de\/Produkt\/gaztelu-gourmet-geschenkset\/#primaryimage\",\"url\":\"https:\/\/relaisgourmet.com\/wp-content\/uploads\/2024\/09\/Gaztelu.jpg\",\"contentUrl\":\"https:\/\/relaisgourmet.com\/wp-content\/uploads\/2024\/09\/Gaztelu.jpg\",\"width\":1427,\"height\":1427,\"caption\":\"photographe d'entreprise, corporate, packshot, CV pau bearn pays basque\"},{\"@type\":\"BreadcrumbList\",\"@id\":\"https:\/\/relaisgourmet.com\/de\/Produkt\/gaztelu-gourmet-geschenkset\/#breadcrumb\",\"itemListElement\":[{\"@type\":\"ListItem\",\"position\":1,\"name\":\"Startseite\",\"item\":\"https:\/\/relaisgourmet.com\/de\/\"},{\"@type\":\"ListItem\",\"position\":2,\"name\":\"Authentische Foie Gras\",\"item\":\"https:\/\/relaisgourmet.com\/de\/authentische-foie-gras\/\"},{\"@type\":\"ListItem\",\"position\":3,\"name\":\"Gaztelu Box\"}]},{\"@type\":\"WebSite\",\"@id\":\"https:\/\/relaisgourmet.com\/de\/#website\",\"url\":\"https:\/\/relaisgourmet.com\/de\/\",\"name\":\"Relais Gourmet\",\"description\":\"Maison Gastronomique au Pays-Basque Depuis 2004\",\"publisher\":{\"@id\":\"https:\/\/relaisgourmet.com\/de\/#organization\"},\"potentialAction\":[{\"@type\":\"SearchAction\",\"target\":{\"@type\":\"EntryPoint\",\"urlTemplate\":\"https:\/\/relaisgourmet.com\/de\/?s={search_term_string}\"},\"query-input\":{\"@type\":\"PropertyValueSpecification\",\"valueRequired\":true,\"valueName\":\"search_term_string\"}}],\"inLanguage\":\"de\"},{\"@type\":\"Organization\",\"@id\":\"https:\/\/relaisgourmet.com\/de\/#organization\",\"name\":\"Relais Gourmet\",\"url\":\"https:\/\/relaisgourmet.com\/de\/\",\"logo\":{\"@type\":\"ImageObject\",\"inLanguage\":\"de\",\"@id\":\"https:\/\/relaisgourmet.com\/de\/#\/schema\/logo\/image\/\",\"url\":\"https:\/\/relaisgourmet.com\/wp-content\/uploads\/2024\/11\/Diseno-sin-titulo-8.jpg\",\"contentUrl\":\"https:\/\/relaisgourmet.com\/wp-content\/uploads\/2024\/11\/Diseno-sin-titulo-8.jpg\",\"width\":500,\"height\":500,\"caption\":\"Relais Gourmet\"},\"image\":{\"@id\":\"https:\/\/relaisgourmet.com\/de\/#\/schema\/logo\/image\/\"},\"sameAs\":[\"https:\/\/facebook.com\/yoast\",\"https:\/\/instagram.com\/yoast\"]}]}<\/script>\n<!-- \/ Yoast SEO Premium plugin. -->","yoast_head_json":{"title":"Gaztelu Box \u2013 Geschenk mit Geschmack","description":"Machen Sie sich oder anderen eine Freude mit einem Gastelu-Set, das alles enth\u00e4lt, was ein guter Aperitif f\u00fcr einen geselligen Moment braucht.","robots":{"index":"index","follow":"follow","max-snippet":"max-snippet:-1","max-image-preview":"max-image-preview:large","max-video-preview":"max-video-preview:-1"},"canonical":"https:\/\/relaisgourmet.com\/de\/Produkt\/gaztelu-gourmet-geschenkset\/","og_locale":"de_DE","og_type":"article","og_title":"Gaztelu Box","og_description":"Machen Sie sich oder anderen eine Freude mit einem Gastelu-Set, das alles enth\u00e4lt, was ein guter Aperitif f\u00fcr einen geselligen Moment braucht.","og_url":"https:\/\/relaisgourmet.com\/de\/Produkt\/gaztelu-gourmet-geschenkset\/","og_site_name":"Relais Gourmet","article_publisher":"https:\/\/facebook.com\/yoast","article_modified_time":"2025-04-09T20:39:02+00:00","og_image":[{"width":2500,"height":1667,"url":"https:\/\/relaisgourmet.com\/wp-content\/uploads\/2024\/09\/coffret-4FG-au-choix-champagne-1.jpg","type":"image\/jpeg"}],"twitter_card":"summary_large_image","twitter_misc":{"Gesch\u00e4tzte Lesezeit":"1\u00a0Minute"},"schema":{"@context":"https:\/\/schema.org","@graph":[{"@type":"WebPage","@id":"https:\/\/relaisgourmet.com\/de\/Produkt\/gaztelu-gourmet-geschenkset\/","url":"https:\/\/relaisgourmet.com\/de\/Produkt\/gaztelu-gourmet-geschenkset\/","name":"Gaztelu Box \u2013 Geschenk mit Geschmack","isPartOf":{"@id":"https:\/\/relaisgourmet.com\/de\/#website"},"primaryImageOfPage":{"@id":"https:\/\/relaisgourmet.com\/de\/Produkt\/gaztelu-gourmet-geschenkset\/#primaryimage"},"image":{"@id":"https:\/\/relaisgourmet.com\/de\/Produkt\/gaztelu-gourmet-geschenkset\/#primaryimage"},"thumbnailUrl":"https:\/\/relaisgourmet.com\/wp-content\/uploads\/2024\/09\/Gaztelu.jpg","datePublished":"2024-09-12T09:13:30+00:00","dateModified":"2025-04-09T20:39:02+00:00","description":"Machen Sie sich oder anderen eine Freude mit einem Gastelu-Set, das alles enth\u00e4lt, was ein guter Aperitif f\u00fcr einen geselligen Moment braucht.","breadcrumb":{"@id":"https:\/\/relaisgourmet.com\/de\/Produkt\/gaztelu-gourmet-geschenkset\/#breadcrumb"},"inLanguage":"de","potentialAction":[{"@type":"ReadAction","target":["https:\/\/relaisgourmet.com\/de\/Produkt\/gaztelu-gourmet-geschenkset\/"]}]},{"@type":"ImageObject","inLanguage":"de","@id":"https:\/\/relaisgourmet.com\/de\/Produkt\/gaztelu-gourmet-geschenkset\/#primaryimage","url":"https:\/\/relaisgourmet.com\/wp-content\/uploads\/2024\/09\/Gaztelu.jpg","contentUrl":"https:\/\/relaisgourmet.com\/wp-content\/uploads\/2024\/09\/Gaztelu.jpg","width":1427,"height":1427,"caption":"photographe d'entreprise, corporate, packshot, CV pau bearn pays basque"},{"@type":"BreadcrumbList","@id":"https:\/\/relaisgourmet.com\/de\/Produkt\/gaztelu-gourmet-geschenkset\/#breadcrumb","itemListElement":[{"@type":"ListItem","position":1,"name":"Startseite","item":"https:\/\/relaisgourmet.com\/de\/"},{"@type":"ListItem","position":2,"name":"Authentische Foie Gras","item":"https:\/\/relaisgourmet.com\/de\/authentische-foie-gras\/"},{"@type":"ListItem","position":3,"name":"Gaztelu Box"}]},{"@type":"WebSite","@id":"https:\/\/relaisgourmet.com\/de\/#website","url":"https:\/\/relaisgourmet.com\/de\/","name":"Relais Gourmet","description":"Maison Gastronomique au Pays-Basque Depuis 2004","publisher":{"@id":"https:\/\/relaisgourmet.com\/de\/#organization"},"potentialAction":[{"@type":"SearchAction","target":{"@type":"EntryPoint","urlTemplate":"https:\/\/relaisgourmet.com\/de\/?s={search_term_string}"},"query-input":{"@type":"PropertyValueSpecification","valueRequired":true,"valueName":"search_term_string"}}],"inLanguage":"de"},{"@type":"Organization","@id":"https:\/\/relaisgourmet.com\/de\/#organization","name":"Relais Gourmet","url":"https:\/\/relaisgourmet.com\/de\/","logo":{"@type":"ImageObject","inLanguage":"de","@id":"https:\/\/relaisgourmet.com\/de\/#\/schema\/logo\/image\/","url":"https:\/\/relaisgourmet.com\/wp-content\/uploads\/2024\/11\/Diseno-sin-titulo-8.jpg","contentUrl":"https:\/\/relaisgourmet.com\/wp-content\/uploads\/2024\/11\/Diseno-sin-titulo-8.jpg","width":500,"height":500,"caption":"Relais Gourmet"},"image":{"@id":"https:\/\/relaisgourmet.com\/de\/#\/schema\/logo\/image\/"},"sameAs":["https:\/\/facebook.com\/yoast","https:\/\/instagram.com\/yoast"]}]}},"_links":{"self":[{"href":"https:\/\/relaisgourmet.com\/de\/wp-json\/wp\/v2\/product\/46960","targetHints":{"allow":["GET"]}}],"collection":[{"href":"https:\/\/relaisgourmet.com\/de\/wp-json\/wp\/v2\/product"}],"about":[{"href":"https:\/\/relaisgourmet.com\/de\/wp-json\/wp\/v2\/types\/product"}],"replies":[{"embeddable":true,"href":"https:\/\/relaisgourmet.com\/de\/wp-json\/wp\/v2\/comments?post=46960"}],"version-history":[{"count":6,"href":"https:\/\/relaisgourmet.com\/de\/wp-json\/wp\/v2\/product\/46960\/revisions"}],"predecessor-version":[{"id":55214,"href":"https:\/\/relaisgourmet.com\/de\/wp-json\/wp\/v2\/product\/46960\/revisions\/55214"}],"wp:featuredmedia":[{"embeddable":true,"href":"https:\/\/relaisgourmet.com\/de\/wp-json\/wp\/v2\/media\/58791"}],"wp:attachment":[{"href":"https:\/\/relaisgourmet.com\/de\/wp-json\/wp\/v2\/media?parent=46960"}],"wp:term":[{"taxonomy":"product_brand","embeddable":true,"href":"https:\/\/relaisgourmet.com\/de\/wp-json\/wp\/v2\/product_brand?post=46960"},{"taxonomy":"product_cat","embeddable":true,"href":"https:\/\/relaisgourmet.com\/de\/wp-json\/wp\/v2\/product_cat?post=46960"},{"taxonomy":"product_tag","embeddable":true,"href":"https:\/\/relaisgourmet.com\/de\/wp-json\/wp\/v2\/product_tag?post=46960"},{"taxonomy":"giftcard-category","embeddable":true,"href":"https:\/\/relaisgourmet.com\/de\/wp-json\/wp\/v2\/giftcard-category?post=46960"}],"curies":[{"name":"wp","href":"https:\/\/api.w.org\/{rel}","templated":true}]}}