{"id":46606,"date":"2024-09-12T11:51:19","date_gmt":"2024-09-12T09:51:19","guid":{"rendered":"https:\/\/relaisgourmet.com\/produit\/coffret-larroun\/"},"modified":"2025-04-09T22:39:02","modified_gmt":"2025-04-09T20:39:02","slug":"larroun-paket","status":"publish","type":"product","link":"https:\/\/relaisgourmet.com\/de\/Produkt\/larroun-paket\/","title":{"rendered":"Geschenkset Larroun"},"content":{"rendered":"<h4><b>Entdecken Sie die Geschenkbox Larroun : Die Essenz der Leberpastete<\/b><\/h4>\n<p><span style=\"font-weight: 400;\">Das <strong>Larroun-Set<\/strong> ist eine Einladung, die einzigartigen Aromen von <strong>Relais Gourmet<\/strong> zu entdecken. Dieses Geschenkset ist die ideale Geschenkidee f\u00fcr alle Liebhaber der feinen K\u00fcche. Jedes Produkt in diesem Paket wird sorgf\u00e4ltig zusammengestellt, um eine hohe Qualit\u00e4t zu gew\u00e4hrleisten.<\/span><\/p>\n<p><strong>Ohne Konservierungsmittel, Farbstoffe und Zusatzstoffe.<\/strong><\/p>\n<h4><b>Zusammensetzung :<\/b><\/h4>\n<ul>\n<li><b>Ganze Leberpastete mit Piment d&#8217;Espelette<\/b><span style=\"font-weight: 400;\"> (80 g): eine w\u00fcrzige und baskische Note.<\/span><\/li>\n<li><b>Ganze Leberpastete Natur<\/b><span style=\"font-weight: 400;\"> (80 g): Die reine Essenz der Stopfleber.<\/span><\/li>\n<li><b>Ganze Leberpastete mit Armagnac<\/b><span style=\"font-weight: 400;\"> (80 g): Ein Klassiker f\u00fcr den feinen Gaumen.<\/span><\/li>\n<li><b>Ganze Leberpastete mit Feige<\/b><span style=\"font-weight: 400;\"> (80 g): eine perfekte s\u00fc\u00df-salzige Kombination.<\/span><\/li>\n<li><b>Ganze Leberpastete mit Portwein<\/b><span style=\"font-weight: 400;\"> (80 g): Eine subtile Kombination mit diesem s\u00fc\u00dfen Wein.<\/span><\/li>\n<li><b>Ganze Leberpastete mit kandierter Zitrone<\/b><span style=\"font-weight: 400;\"> (80 g): eine s\u00e4uerliche und erfrischende Note.<\/span><\/li>\n<li><b>Gourmet-Aperitif mit Juran\u00e7on<\/b><span style=\"font-weight: 400;\"> (180 g): Ideal f\u00fcr gesellige Momente.<\/span><\/li>\n<\/ul>\n<p>&nbsp;<\/p>\n<h4><b>Aufbewahrung und Verkostungstipps :<\/b><\/h4>\n<p><span style=\"font-weight: 400;\">Die <\/span><b>Larroun Box <\/b> <span style=\"font-weight: 400;\">hat eine lange Haltbarkeit von 3 Jahren bei Raumtemperatur. Nach dem \u00d6ffnen sollten die Produkte innerhalb von 15 Tagen verbraucht werden und im K\u00fchlschrank aufbewahrt werden, um ihre Frische und ihren Geschmack zu bewahren.<\/span><\/p>\n<p><b>Tipps f\u00fcr den optimalen Genuss Ihres Larroun-Sets<\/b><\/p>\n<p><span style=\"font-weight: 400;\">Um den vollen Genuss des <\/span><b>Larroun Geschenkset<\/b><span style=\"font-weight: 400;\">Entdecken Sie unsere Empfehlungen. <\/span><b>Tipps zur Vorbereitung<\/b><span style=\"font-weight: 400;\"> in unserem <a href=\"https:\/\/relaisgourmet.com\/blog-foies-gras-actualite\/\">Blog<\/a>. <\/span> <\/p>\n<p><span style=\"font-weight: 400;\">Folgen Sie unserer <a href=\"https:\/\/www.instagram.com\/relaisgourmetofficiel\/\">Instagram-Seite<\/a> f\u00fcr exklusive Inspirationen und Tipps.<\/span><\/p>\n<h4><b>Das ideale gastronomische Geschenk<\/b><\/h4>\n<p><span style=\"font-weight: 400;\">Schenken Sie das <\/span><b>Larroun Geschenkset<\/b><span style=\"font-weight: 400;\"> ist die Garantie, dass Sie Ihre Lieben mit einer raffinierten Auswahl an Gourmetprodukten \u00fcberraschen werden.<\/span><\/p>\n<p><span style=\"font-weight: 400;\">Dieses Set ist perfekt f\u00fcr Liebhaber von Stopfleber und feiner Gastronomie.<\/span><\/p>\n<p><span style=\"font-weight: 400;\">Durch die Wahl des <\/span><b>Geschenkset Larroun<\/b><span style=\"font-weight: 400;\">Wenn Sie sich f\u00fcr die Authentizit\u00e4t und das Know-how von Relais Gourmet entscheiden, dem Spezialisten f\u00fcr Stopfleber ohne Konservierungsmittel, Zusatzstoffe und Farbstoffe, dann ist dies eine gute Wahl. Machen Sie sich selbst eine Freude oder verw\u00f6hnen Sie sich mit dieser exklusiven Auswahl!<\/span><\/p>\n","protected":false},"excerpt":{"rendered":"<p>Entdecken Sie das Larroun-Set von Relais Gourmet, das sich ideal f\u00fcr alle Gelegenheiten eignet, sei es f\u00fcr einen geselligen Aperitif oder einen gemeinsamen Gourmetmoment. Perfekt zum Verschenken oder selbst genie\u00dfen!<\/p>\n<p><img decoding=\"async\" class=\"emoji\" role=\"img\" src=\"https:\/\/s.w.org\/images\/core\/emoji\/15.0.3\/svg\/1f1eb-1f1f7.svg\" alt=\"\ud83c\uddeb\ud83c\uddf7\">  Garantierte 100%ige franz\u00f6sische Produktion<br \/>\n\u2714 Garantiert frei von Konservierungsmitteln, Zusatzstoffen und Farbstoffen.<br \/>\n\ud83c\udf43 Mit gelbem Mais gef\u00fctterte Enten<br \/>\n\ud83d\ude9a Schnelle Lieferung in die ganze Welt<br \/>\n\ud83d\udd53 3 Jahre haltbar<br \/>\n\ud83d\udd10 Sichere Zahlung<\/p>\n<div class=\"woocommerce-product-details__short-description\">\n<p>Nettogewicht: 660g<\/p>\n<\/div>\n","protected":false},"featured_media":58786,"comment_status":"closed","ping_status":"closed","template":"","meta":[],"product_brand":[],"product_cat":[1274,1283],"product_tag":[],"giftcard-category":[],"class_list":{"0":"post-46606","1":"product","2":"type-product","3":"status-publish","4":"has-post-thumbnail","6":"product_cat-geschenkboxen","7":"product_cat-prestigegeschenke","8":"product_shipping_class-standard-de","10":"first","11":"instock","12":"taxable","13":"shipping-taxable","14":"purchasable","15":"product-type-simple"},"yoast_head":"<!-- This site is optimized with the Yoast SEO Premium plugin v27.0 (Yoast SEO v27.0) - https:\/\/yoast.com\/product\/yoast-seo-premium-wordpress\/ -->\n<title>Larroun Set \u2013 Edle Komposition f\u00fcr Gourmets<\/title>\n<meta name=\"description\" content=\"Machen Sie sich oder anderen eine Freude mit einem Larroun-Set, das alles enth\u00e4lt, was ein guter Aperitif f\u00fcr einen geselligen Moment braucht.\" \/>\n<meta name=\"robots\" content=\"index, follow, max-snippet:-1, max-image-preview:large, max-video-preview:-1\" \/>\n<link rel=\"canonical\" href=\"https:\/\/relaisgourmet.com\/de\/Produkt\/larroun-paket\/\" \/>\n<meta property=\"og:locale\" content=\"de_DE\" \/>\n<meta property=\"og:type\" content=\"article\" \/>\n<meta property=\"og:title\" content=\"Geschenkset Larroun\" \/>\n<meta property=\"og:description\" content=\"Machen Sie sich oder anderen eine Freude mit einem Larroun-Set, das alles enth\u00e4lt, was ein guter Aperitif f\u00fcr einen geselligen Moment braucht.\" \/>\n<meta property=\"og:url\" content=\"https:\/\/relaisgourmet.com\/de\/Produkt\/larroun-paket\/\" \/>\n<meta property=\"og:site_name\" content=\"Relais Gourmet\" \/>\n<meta property=\"article:publisher\" content=\"https:\/\/facebook.com\/yoast\" \/>\n<meta property=\"article:modified_time\" content=\"2025-04-09T20:39:02+00:00\" \/>\n<meta property=\"og:image\" content=\"https:\/\/relaisgourmet.com\/wp-content\/uploads\/2024\/09\/coffret-6FG-80-1A-1.jpg\" \/>\n\t<meta property=\"og:image:width\" content=\"2500\" \/>\n\t<meta property=\"og:image:height\" content=\"1667\" \/>\n\t<meta property=\"og:image:type\" content=\"image\/jpeg\" \/>\n<meta name=\"twitter:card\" content=\"summary_large_image\" \/>\n<meta name=\"twitter:label1\" content=\"Gesch\u00e4tzte Lesezeit\" \/>\n\t<meta name=\"twitter:data1\" content=\"3\u00a0Minute\" \/>\n<script type=\"application\/ld+json\" class=\"yoast-schema-graph\">{\"@context\":\"https:\/\/schema.org\",\"@graph\":[{\"@type\":\"WebPage\",\"@id\":\"https:\/\/relaisgourmet.com\/de\/Produkt\/larroun-paket\/\",\"url\":\"https:\/\/relaisgourmet.com\/de\/Produkt\/larroun-paket\/\",\"name\":\"Larroun Set \u2013 Edle Komposition f\u00fcr Gourmets\",\"isPartOf\":{\"@id\":\"https:\/\/relaisgourmet.com\/de\/#website\"},\"primaryImageOfPage\":{\"@id\":\"https:\/\/relaisgourmet.com\/de\/Produkt\/larroun-paket\/#primaryimage\"},\"image\":{\"@id\":\"https:\/\/relaisgourmet.com\/de\/Produkt\/larroun-paket\/#primaryimage\"},\"thumbnailUrl\":\"https:\/\/relaisgourmet.com\/wp-content\/uploads\/2024\/09\/Larroun.jpg\",\"datePublished\":\"2024-09-12T09:51:19+00:00\",\"dateModified\":\"2025-04-09T20:39:02+00:00\",\"description\":\"Machen Sie sich oder anderen eine Freude mit einem Larroun-Set, das alles enth\u00e4lt, was ein guter Aperitif f\u00fcr einen geselligen Moment braucht.\",\"breadcrumb\":{\"@id\":\"https:\/\/relaisgourmet.com\/de\/Produkt\/larroun-paket\/#breadcrumb\"},\"inLanguage\":\"de\",\"potentialAction\":[{\"@type\":\"ReadAction\",\"target\":[\"https:\/\/relaisgourmet.com\/de\/Produkt\/larroun-paket\/\"]}]},{\"@type\":\"ImageObject\",\"inLanguage\":\"de\",\"@id\":\"https:\/\/relaisgourmet.com\/de\/Produkt\/larroun-paket\/#primaryimage\",\"url\":\"https:\/\/relaisgourmet.com\/wp-content\/uploads\/2024\/09\/Larroun.jpg\",\"contentUrl\":\"https:\/\/relaisgourmet.com\/wp-content\/uploads\/2024\/09\/Larroun.jpg\",\"width\":1427,\"height\":1427,\"caption\":\"photographe d'entreprise, corporate, packshot, CV pau bearn pays basque\"},{\"@type\":\"BreadcrumbList\",\"@id\":\"https:\/\/relaisgourmet.com\/de\/Produkt\/larroun-paket\/#breadcrumb\",\"itemListElement\":[{\"@type\":\"ListItem\",\"position\":1,\"name\":\"Startseite\",\"item\":\"https:\/\/relaisgourmet.com\/de\/\"},{\"@type\":\"ListItem\",\"position\":2,\"name\":\"Authentische Foie Gras\",\"item\":\"https:\/\/relaisgourmet.com\/de\/authentische-foie-gras\/\"},{\"@type\":\"ListItem\",\"position\":3,\"name\":\"Geschenkset Larroun\"}]},{\"@type\":\"WebSite\",\"@id\":\"https:\/\/relaisgourmet.com\/de\/#website\",\"url\":\"https:\/\/relaisgourmet.com\/de\/\",\"name\":\"Relais Gourmet\",\"description\":\"Maison Gastronomique au Pays-Basque Depuis 2004\",\"publisher\":{\"@id\":\"https:\/\/relaisgourmet.com\/de\/#organization\"},\"potentialAction\":[{\"@type\":\"SearchAction\",\"target\":{\"@type\":\"EntryPoint\",\"urlTemplate\":\"https:\/\/relaisgourmet.com\/de\/?s={search_term_string}\"},\"query-input\":{\"@type\":\"PropertyValueSpecification\",\"valueRequired\":true,\"valueName\":\"search_term_string\"}}],\"inLanguage\":\"de\"},{\"@type\":\"Organization\",\"@id\":\"https:\/\/relaisgourmet.com\/de\/#organization\",\"name\":\"Relais Gourmet\",\"url\":\"https:\/\/relaisgourmet.com\/de\/\",\"logo\":{\"@type\":\"ImageObject\",\"inLanguage\":\"de\",\"@id\":\"https:\/\/relaisgourmet.com\/de\/#\/schema\/logo\/image\/\",\"url\":\"https:\/\/relaisgourmet.com\/wp-content\/uploads\/2024\/11\/Diseno-sin-titulo-8.jpg\",\"contentUrl\":\"https:\/\/relaisgourmet.com\/wp-content\/uploads\/2024\/11\/Diseno-sin-titulo-8.jpg\",\"width\":500,\"height\":500,\"caption\":\"Relais Gourmet\"},\"image\":{\"@id\":\"https:\/\/relaisgourmet.com\/de\/#\/schema\/logo\/image\/\"},\"sameAs\":[\"https:\/\/facebook.com\/yoast\",\"https:\/\/instagram.com\/yoast\"]}]}<\/script>\n<!-- \/ Yoast SEO Premium plugin. -->","yoast_head_json":{"title":"Larroun Set \u2013 Edle Komposition f\u00fcr Gourmets","description":"Machen Sie sich oder anderen eine Freude mit einem Larroun-Set, das alles enth\u00e4lt, was ein guter Aperitif f\u00fcr einen geselligen Moment braucht.","robots":{"index":"index","follow":"follow","max-snippet":"max-snippet:-1","max-image-preview":"max-image-preview:large","max-video-preview":"max-video-preview:-1"},"canonical":"https:\/\/relaisgourmet.com\/de\/Produkt\/larroun-paket\/","og_locale":"de_DE","og_type":"article","og_title":"Geschenkset Larroun","og_description":"Machen Sie sich oder anderen eine Freude mit einem Larroun-Set, das alles enth\u00e4lt, was ein guter Aperitif f\u00fcr einen geselligen Moment braucht.","og_url":"https:\/\/relaisgourmet.com\/de\/Produkt\/larroun-paket\/","og_site_name":"Relais Gourmet","article_publisher":"https:\/\/facebook.com\/yoast","article_modified_time":"2025-04-09T20:39:02+00:00","og_image":[{"width":2500,"height":1667,"url":"https:\/\/relaisgourmet.com\/wp-content\/uploads\/2024\/09\/coffret-6FG-80-1A-1.jpg","type":"image\/jpeg"}],"twitter_card":"summary_large_image","twitter_misc":{"Gesch\u00e4tzte Lesezeit":"3\u00a0Minute"},"schema":{"@context":"https:\/\/schema.org","@graph":[{"@type":"WebPage","@id":"https:\/\/relaisgourmet.com\/de\/Produkt\/larroun-paket\/","url":"https:\/\/relaisgourmet.com\/de\/Produkt\/larroun-paket\/","name":"Larroun Set \u2013 Edle Komposition f\u00fcr Gourmets","isPartOf":{"@id":"https:\/\/relaisgourmet.com\/de\/#website"},"primaryImageOfPage":{"@id":"https:\/\/relaisgourmet.com\/de\/Produkt\/larroun-paket\/#primaryimage"},"image":{"@id":"https:\/\/relaisgourmet.com\/de\/Produkt\/larroun-paket\/#primaryimage"},"thumbnailUrl":"https:\/\/relaisgourmet.com\/wp-content\/uploads\/2024\/09\/Larroun.jpg","datePublished":"2024-09-12T09:51:19+00:00","dateModified":"2025-04-09T20:39:02+00:00","description":"Machen Sie sich oder anderen eine Freude mit einem Larroun-Set, das alles enth\u00e4lt, was ein guter Aperitif f\u00fcr einen geselligen Moment braucht.","breadcrumb":{"@id":"https:\/\/relaisgourmet.com\/de\/Produkt\/larroun-paket\/#breadcrumb"},"inLanguage":"de","potentialAction":[{"@type":"ReadAction","target":["https:\/\/relaisgourmet.com\/de\/Produkt\/larroun-paket\/"]}]},{"@type":"ImageObject","inLanguage":"de","@id":"https:\/\/relaisgourmet.com\/de\/Produkt\/larroun-paket\/#primaryimage","url":"https:\/\/relaisgourmet.com\/wp-content\/uploads\/2024\/09\/Larroun.jpg","contentUrl":"https:\/\/relaisgourmet.com\/wp-content\/uploads\/2024\/09\/Larroun.jpg","width":1427,"height":1427,"caption":"photographe d'entreprise, corporate, packshot, CV pau bearn pays basque"},{"@type":"BreadcrumbList","@id":"https:\/\/relaisgourmet.com\/de\/Produkt\/larroun-paket\/#breadcrumb","itemListElement":[{"@type":"ListItem","position":1,"name":"Startseite","item":"https:\/\/relaisgourmet.com\/de\/"},{"@type":"ListItem","position":2,"name":"Authentische Foie Gras","item":"https:\/\/relaisgourmet.com\/de\/authentische-foie-gras\/"},{"@type":"ListItem","position":3,"name":"Geschenkset Larroun"}]},{"@type":"WebSite","@id":"https:\/\/relaisgourmet.com\/de\/#website","url":"https:\/\/relaisgourmet.com\/de\/","name":"Relais Gourmet","description":"Maison Gastronomique au Pays-Basque Depuis 2004","publisher":{"@id":"https:\/\/relaisgourmet.com\/de\/#organization"},"potentialAction":[{"@type":"SearchAction","target":{"@type":"EntryPoint","urlTemplate":"https:\/\/relaisgourmet.com\/de\/?s={search_term_string}"},"query-input":{"@type":"PropertyValueSpecification","valueRequired":true,"valueName":"search_term_string"}}],"inLanguage":"de"},{"@type":"Organization","@id":"https:\/\/relaisgourmet.com\/de\/#organization","name":"Relais Gourmet","url":"https:\/\/relaisgourmet.com\/de\/","logo":{"@type":"ImageObject","inLanguage":"de","@id":"https:\/\/relaisgourmet.com\/de\/#\/schema\/logo\/image\/","url":"https:\/\/relaisgourmet.com\/wp-content\/uploads\/2024\/11\/Diseno-sin-titulo-8.jpg","contentUrl":"https:\/\/relaisgourmet.com\/wp-content\/uploads\/2024\/11\/Diseno-sin-titulo-8.jpg","width":500,"height":500,"caption":"Relais Gourmet"},"image":{"@id":"https:\/\/relaisgourmet.com\/de\/#\/schema\/logo\/image\/"},"sameAs":["https:\/\/facebook.com\/yoast","https:\/\/instagram.com\/yoast"]}]}},"_links":{"self":[{"href":"https:\/\/relaisgourmet.com\/de\/wp-json\/wp\/v2\/product\/46606","targetHints":{"allow":["GET"]}}],"collection":[{"href":"https:\/\/relaisgourmet.com\/de\/wp-json\/wp\/v2\/product"}],"about":[{"href":"https:\/\/relaisgourmet.com\/de\/wp-json\/wp\/v2\/types\/product"}],"replies":[{"embeddable":true,"href":"https:\/\/relaisgourmet.com\/de\/wp-json\/wp\/v2\/comments?post=46606"}],"version-history":[{"count":5,"href":"https:\/\/relaisgourmet.com\/de\/wp-json\/wp\/v2\/product\/46606\/revisions"}],"predecessor-version":[{"id":55217,"href":"https:\/\/relaisgourmet.com\/de\/wp-json\/wp\/v2\/product\/46606\/revisions\/55217"}],"wp:featuredmedia":[{"embeddable":true,"href":"https:\/\/relaisgourmet.com\/de\/wp-json\/wp\/v2\/media\/58786"}],"wp:attachment":[{"href":"https:\/\/relaisgourmet.com\/de\/wp-json\/wp\/v2\/media?parent=46606"}],"wp:term":[{"taxonomy":"product_brand","embeddable":true,"href":"https:\/\/relaisgourmet.com\/de\/wp-json\/wp\/v2\/product_brand?post=46606"},{"taxonomy":"product_cat","embeddable":true,"href":"https:\/\/relaisgourmet.com\/de\/wp-json\/wp\/v2\/product_cat?post=46606"},{"taxonomy":"product_tag","embeddable":true,"href":"https:\/\/relaisgourmet.com\/de\/wp-json\/wp\/v2\/product_tag?post=46606"},{"taxonomy":"giftcard-category","embeddable":true,"href":"https:\/\/relaisgourmet.com\/de\/wp-json\/wp\/v2\/giftcard-category?post=46606"}],"curies":[{"name":"wp","href":"https:\/\/api.w.org\/{rel}","templated":true}]}}