{"id":46574,"date":"2024-09-12T12:08:27","date_gmt":"2024-09-12T10:08:27","guid":{"rendered":"https:\/\/relaisgourmet.com\/produit\/coffret-txingudi\/"},"modified":"2025-04-09T22:39:02","modified_gmt":"2025-04-09T20:39:02","slug":"txingudi-geschenkset","status":"publish","type":"product","link":"https:\/\/relaisgourmet.com\/de\/Produkt\/txingudi-geschenkset\/","title":{"rendered":"Txingudi Geschenkset"},"content":{"rendered":"<p><b>Entdecken Sie das Txingudi Geschenkset: Ein Gourmetschatz f\u00fcr Ihre Aperitifs und Picknicks<\/b><\/p>\n<p><span style=\"font-weight: 400;\">Das <\/span><b>Txingudi Geschenkset<\/b><span style=\"font-weight: 400;\"> von Relais Gourmet l\u00e4dt Sie ein, das Beste des Terroirs mit einer exquisiten Auswahl an Produkten zu entdecken. Perfekt, um Ihre sommerlichen Aperitifs oder Fr\u00fchlingspicknicks zu bereichern, ist diese Box ein Genuss zum Verschenken oder Genie\u00dfen, die unvergessliche Gourmetmomente bietet.<\/span><\/p>\n<p><b>Txingudi Geschenkset: Ohne Konservierungsstoffe, Ohne Farbstoffe, Ohne Zus\u00e4tze<\/b><\/p>\n<p><span style=\"font-weight: 400;\">Das <\/span><b>Txingudi Geschenkset<\/b><span style=\"font-weight: 400;\"> besticht durch seine einwandfreie Qualit\u00e4t. Alle Produkte sind garantiert ohne Konservierungsstoffe, ohne Farbstoffe und ohne Zus\u00e4tze, um die Authentizit\u00e4t der nat\u00fcrlichen Aromen zu bewahren. Relais Gourmet verpflichtet sich, Ihnen ein gesundes und kulinarisches Erlebnis zu bieten, das in den Traditionen verwurzelt ist.<\/span><\/p>\n<p><b>Zusammensetzung des Txingudi Geschenksets<\/b><\/p>\n<p><b>Foie Gras Natur und Sauternes Foie Gras: Eine Verfeinerte Kombination<\/b><\/p>\n<ul>\n<li style=\"font-weight: 400;\" aria-level=\"1\"><b>Foie Gras Natur (200 g)<\/b><span style=\"font-weight: 400;\">: Diese Stopfleber mit ihrer zarten Textur und dem feinen Geschmack ist ein Muss f\u00fcr besondere Anl\u00e4sse. Sie verleiht Ihren Aperitifs eine elegante Note.<\/span><\/li>\n<li style=\"font-weight: 400;\" aria-level=\"1\"><b>Sauternes Foie Gras (200 g)<\/b><span style=\"font-weight: 400;\">: Die perfekte Verbindung von Stopfleber und Sauternes, einem s\u00fc\u00dfen Wein, der die Aromen verst\u00e4rkt und eine harmonische Mischung aus S\u00fc\u00dfe und Charakter bietet.<\/span><\/li>\n<\/ul>\n<p><b>Quintessenz aus Stopfleber und Ger\u00e4ucherter Entenbrust: Pure Eleganz<\/b><\/p>\n<ul>\n<li style=\"font-weight: 400;\" aria-level=\"1\"><b>Quintessenz aus Stopfleber und Ger\u00e4ucherter Entenbrust (180 g)<\/b><span style=\"font-weight: 400;\">: Eine raffinierte Kombination, die die Sanftheit der Stopfleber mit dem kr\u00e4ftigen Geschmack der ger\u00e4ucherten Entenbrust verbindet. Ein echter Genuss f\u00fcr Liebhaber intensiver Aromen.<\/span><\/li>\n<\/ul>\n<p><b>Champagner: Die Perfekte Begleitung f\u00fcr Ihr Txingudi Geschenkset<\/b><\/p>\n<ul>\n<li style=\"font-weight: 400;\" aria-level=\"1\"><b>Flasche Champagner<\/b><span style=\"font-weight: 400;\">: Nichts ist besser als ein Glas Champagner zu diesen exquisiten Speisen. Die feinen Bl\u00e4schen und subtilen Aromen des Champagners heben die Aromen des <\/span><b>Txingudi Geschenksets<\/b><span style=\"font-weight: 400;\"> hervor.<\/span><\/li>\n<\/ul>\n<p><b>Lagerung und Verkostungstipps f\u00fcr das Txingudi Geschenkset<\/b><\/p>\n<p><span style=\"font-weight: 400;\">Das <\/span><b>Txingudi Geschenkset<\/b><span style=\"font-weight: 400;\"> l\u00e4sst sich bis zu 3 Jahre bei Raumtemperatur lagern. Nach dem \u00d6ffnen sollten die Produkte innerhalb von 15 Tagen verzehrt und im K\u00fchlschrank aufbewahrt werden, um Frische und Geschmack zu erhalten.<\/span><\/p>\n<p><b>Tipps f\u00fcr das Beste aus Ihrem Txingudi Geschenkset<\/b><\/p>\n<p><span style=\"font-weight: 400;\">Finden Sie alle unsere Tipps und Zubereitungsideen auf unserem Blog und Instagram. Erfahren Sie, wie Sie die Produkte des <\/span><b>Txingudi Geschenksets<\/b><span style=\"font-weight: 400;\"> mit eleganten Pr\u00e4sentationen und originellen Rezepten in Szene setzen k\u00f6nnen. Machen Sie aus jedem Aperitif ein au\u00dfergew\u00f6hnliches kulinarisches Erlebnis!<\/span><\/p>\n<p><span style=\"font-weight: 400;\">Das <\/span><b>Txingudi Geschenkset<\/b><span style=\"font-weight: 400;\"> ist das perfekte Geschenk f\u00fcr besondere Anl\u00e4sse oder um sich selbst zu verw\u00f6hnen. Lassen Sie sich von der Finesse und Authentizit\u00e4t der Relais Gourmet Produkte begeistern, um Ihre gemeinsamen Momente zu bereichern.<\/span><\/p>\n","protected":false},"excerpt":{"rendered":"<p>Entdecken Sie die Txingudi Geschenkset von Relais Gourmet, ideal f\u00fcr Ihren Sommer-Aperitif und Ihr Fr\u00fchlingspicknick. Perfekt zum Verschenken oder Genie\u00dfen!<\/p>\n<p><img decoding=\"async\" class=\"emoji\" role=\"img\" draggable=\"false\" src=\"https:\/\/s.w.org\/images\/core\/emoji\/15.0.3\/svg\/1f1eb-1f1f7.svg\" alt=\"\ud83c\uddeb\ud83c\uddf7\" \/>\u00a0Produktion garantiert 100% franz\u00f6sisch<br \/>\n\u2714 Garantie ohne Konservierungsstoffe, ohne Zusatzstoffe und ohne Farbstoffe.<br \/>\n\ud83c\udf43 Enten mit gelbem Mais gef\u00fcttert<br \/>\n\ud83d\ude9a Schnelle Lieferung weltweit<br \/>\n\ud83d\udd53 Haltbar 3 Jahre<br \/>\n\ud83d\udd10 Sichere Bezahlung<\/p>\n<div class=\"woocommerce-product-details__short-description\">\n<p>Nettogewicht: 1.52 kg<\/p>\n<\/div>\n","protected":false},"featured_media":40693,"comment_status":"closed","ping_status":"closed","template":"","meta":[],"product_brand":[],"product_cat":[1274,1283],"product_tag":[],"giftcard-category":[],"class_list":{"0":"post-46574","1":"product","2":"type-product","3":"status-publish","4":"has-post-thumbnail","6":"product_cat-geschenkboxen","7":"product_cat-prestigegeschenke","8":"product_shipping_class-standard-de","10":"first","11":"instock","12":"taxable","13":"shipping-taxable","14":"purchasable","15":"product-type-simple"},"yoast_head":"<!-- This site is optimized with the Yoast SEO Premium plugin v27.0 (Yoast SEO v27.3) - https:\/\/yoast.com\/product\/yoast-seo-premium-wordpress\/ -->\n<title>Txingudi Geschenkbox \u2013 Gourmet-Freude pur<\/title>\n<meta name=\"description\" content=\"Faites plaisir ou faites vous plaisir avec un Coffret Txingudi contenant tout ce que n\u00e9cessite un bon ap\u00e9ritif pour un moment de convivialit\u00e9.\" \/>\n<meta name=\"robots\" content=\"index, follow, max-snippet:-1, max-image-preview:large, max-video-preview:-1\" \/>\n<link rel=\"canonical\" href=\"https:\/\/relaisgourmet.com\/de\/Produkt\/txingudi-geschenkset\/\" \/>\n<meta property=\"og:locale\" content=\"de_DE\" \/>\n<meta property=\"og:type\" content=\"article\" \/>\n<meta property=\"og:title\" content=\"Txingudi Geschenkset\" \/>\n<meta property=\"og:description\" content=\"Faites plaisir ou faites vous plaisir avec un Coffret Txingudi contenant tout ce que n\u00e9cessite un bon ap\u00e9ritif pour un moment de convivialit\u00e9.\" \/>\n<meta property=\"og:url\" content=\"https:\/\/relaisgourmet.com\/de\/Produkt\/txingudi-geschenkset\/\" \/>\n<meta property=\"og:site_name\" content=\"Relais Gourmet\" \/>\n<meta property=\"article:publisher\" content=\"https:\/\/facebook.com\/yoast\" \/>\n<meta property=\"article:modified_time\" content=\"2025-04-09T20:39:02+00:00\" \/>\n<meta property=\"og:image\" content=\"https:\/\/relaisgourmet.com\/wp-content\/uploads\/2024\/09\/coffret-1001-1.jpg\" \/>\n\t<meta property=\"og:image:width\" content=\"2500\" \/>\n\t<meta property=\"og:image:height\" content=\"1667\" \/>\n\t<meta property=\"og:image:type\" content=\"image\/jpeg\" \/>\n<meta name=\"twitter:card\" content=\"summary_large_image\" \/>\n<meta name=\"twitter:label1\" content=\"Gesch\u00e4tzte Lesezeit\" \/>\n\t<meta name=\"twitter:data1\" content=\"3\u00a0Minute\" \/>\n<script type=\"application\/ld+json\" class=\"yoast-schema-graph\">{\"@context\":\"https:\\\/\\\/schema.org\",\"@graph\":[{\"@type\":\"WebPage\",\"@id\":\"https:\\\/\\\/relaisgourmet.com\\\/de\\\/Produkt\\\/txingudi-geschenkset\\\/\",\"url\":\"https:\\\/\\\/relaisgourmet.com\\\/de\\\/Produkt\\\/txingudi-geschenkset\\\/\",\"name\":\"Txingudi Geschenkbox \u2013 Gourmet-Freude pur\",\"isPartOf\":{\"@id\":\"https:\\\/\\\/relaisgourmet.com\\\/de\\\/#website\"},\"primaryImageOfPage\":{\"@id\":\"https:\\\/\\\/relaisgourmet.com\\\/de\\\/Produkt\\\/txingudi-geschenkset\\\/#primaryimage\"},\"image\":{\"@id\":\"https:\\\/\\\/relaisgourmet.com\\\/de\\\/Produkt\\\/txingudi-geschenkset\\\/#primaryimage\"},\"thumbnailUrl\":\"https:\\\/\\\/relaisgourmet.com\\\/wp-content\\\/uploads\\\/2024\\\/09\\\/coffret-1001-1.jpg\",\"datePublished\":\"2024-09-12T10:08:27+00:00\",\"dateModified\":\"2025-04-09T20:39:02+00:00\",\"description\":\"Faites plaisir ou faites vous plaisir avec un Coffret Txingudi contenant tout ce que n\u00e9cessite un bon ap\u00e9ritif pour un moment de convivialit\u00e9.\",\"breadcrumb\":{\"@id\":\"https:\\\/\\\/relaisgourmet.com\\\/de\\\/Produkt\\\/txingudi-geschenkset\\\/#breadcrumb\"},\"inLanguage\":\"de\",\"potentialAction\":[{\"@type\":\"ReadAction\",\"target\":[\"https:\\\/\\\/relaisgourmet.com\\\/de\\\/Produkt\\\/txingudi-geschenkset\\\/\"]}]},{\"@type\":\"ImageObject\",\"inLanguage\":\"de\",\"@id\":\"https:\\\/\\\/relaisgourmet.com\\\/de\\\/Produkt\\\/txingudi-geschenkset\\\/#primaryimage\",\"url\":\"https:\\\/\\\/relaisgourmet.com\\\/wp-content\\\/uploads\\\/2024\\\/09\\\/coffret-1001-1.jpg\",\"contentUrl\":\"https:\\\/\\\/relaisgourmet.com\\\/wp-content\\\/uploads\\\/2024\\\/09\\\/coffret-1001-1.jpg\",\"width\":2500,\"height\":1667,\"caption\":\"photographe d'entreprise, corporate, packshot, CV pau bearn pays basque\"},{\"@type\":\"BreadcrumbList\",\"@id\":\"https:\\\/\\\/relaisgourmet.com\\\/de\\\/Produkt\\\/txingudi-geschenkset\\\/#breadcrumb\",\"itemListElement\":[{\"@type\":\"ListItem\",\"position\":1,\"name\":\"Startseite\",\"item\":\"https:\\\/\\\/relaisgourmet.com\\\/de\\\/\"},{\"@type\":\"ListItem\",\"position\":2,\"name\":\"Authentische Foie Gras\",\"item\":\"https:\\\/\\\/relaisgourmet.com\\\/de\\\/authentische-foie-gras\\\/\"},{\"@type\":\"ListItem\",\"position\":3,\"name\":\"Txingudi Geschenkset\"}]},{\"@type\":\"WebSite\",\"@id\":\"https:\\\/\\\/relaisgourmet.com\\\/de\\\/#website\",\"url\":\"https:\\\/\\\/relaisgourmet.com\\\/de\\\/\",\"name\":\"Relais Gourmet\",\"description\":\"Maison Gastronomique au Pays-Basque Depuis 2004\",\"publisher\":{\"@id\":\"https:\\\/\\\/relaisgourmet.com\\\/de\\\/#organization\"},\"potentialAction\":[{\"@type\":\"SearchAction\",\"target\":{\"@type\":\"EntryPoint\",\"urlTemplate\":\"https:\\\/\\\/relaisgourmet.com\\\/de\\\/?s={search_term_string}\"},\"query-input\":{\"@type\":\"PropertyValueSpecification\",\"valueRequired\":true,\"valueName\":\"search_term_string\"}}],\"inLanguage\":\"de\"},{\"@type\":\"Organization\",\"@id\":\"https:\\\/\\\/relaisgourmet.com\\\/de\\\/#organization\",\"name\":\"Relais Gourmet\",\"url\":\"https:\\\/\\\/relaisgourmet.com\\\/de\\\/\",\"logo\":{\"@type\":\"ImageObject\",\"inLanguage\":\"de\",\"@id\":\"https:\\\/\\\/relaisgourmet.com\\\/de\\\/#\\\/schema\\\/logo\\\/image\\\/\",\"url\":\"https:\\\/\\\/relaisgourmet.com\\\/wp-content\\\/uploads\\\/2024\\\/11\\\/Diseno-sin-titulo-8.jpg\",\"contentUrl\":\"https:\\\/\\\/relaisgourmet.com\\\/wp-content\\\/uploads\\\/2024\\\/11\\\/Diseno-sin-titulo-8.jpg\",\"width\":500,\"height\":500,\"caption\":\"Relais Gourmet\"},\"image\":{\"@id\":\"https:\\\/\\\/relaisgourmet.com\\\/de\\\/#\\\/schema\\\/logo\\\/image\\\/\"},\"sameAs\":[\"https:\\\/\\\/facebook.com\\\/yoast\",\"https:\\\/\\\/instagram.com\\\/yoast\"]}]}<\/script>\n<!-- \/ Yoast SEO Premium plugin. -->","yoast_head_json":{"title":"Txingudi Geschenkbox \u2013 Gourmet-Freude pur","description":"Faites plaisir ou faites vous plaisir avec un Coffret Txingudi contenant tout ce que n\u00e9cessite un bon ap\u00e9ritif pour un moment de convivialit\u00e9.","robots":{"index":"index","follow":"follow","max-snippet":"max-snippet:-1","max-image-preview":"max-image-preview:large","max-video-preview":"max-video-preview:-1"},"canonical":"https:\/\/relaisgourmet.com\/de\/Produkt\/txingudi-geschenkset\/","og_locale":"de_DE","og_type":"article","og_title":"Txingudi Geschenkset","og_description":"Faites plaisir ou faites vous plaisir avec un Coffret Txingudi contenant tout ce que n\u00e9cessite un bon ap\u00e9ritif pour un moment de convivialit\u00e9.","og_url":"https:\/\/relaisgourmet.com\/de\/Produkt\/txingudi-geschenkset\/","og_site_name":"Relais Gourmet","article_publisher":"https:\/\/facebook.com\/yoast","article_modified_time":"2025-04-09T20:39:02+00:00","og_image":[{"width":2500,"height":1667,"url":"https:\/\/relaisgourmet.com\/wp-content\/uploads\/2024\/09\/coffret-1001-1.jpg","type":"image\/jpeg"}],"twitter_card":"summary_large_image","twitter_misc":{"Gesch\u00e4tzte Lesezeit":"3\u00a0Minute"},"schema":{"@context":"https:\/\/schema.org","@graph":[{"@type":"WebPage","@id":"https:\/\/relaisgourmet.com\/de\/Produkt\/txingudi-geschenkset\/","url":"https:\/\/relaisgourmet.com\/de\/Produkt\/txingudi-geschenkset\/","name":"Txingudi Geschenkbox \u2013 Gourmet-Freude pur","isPartOf":{"@id":"https:\/\/relaisgourmet.com\/de\/#website"},"primaryImageOfPage":{"@id":"https:\/\/relaisgourmet.com\/de\/Produkt\/txingudi-geschenkset\/#primaryimage"},"image":{"@id":"https:\/\/relaisgourmet.com\/de\/Produkt\/txingudi-geschenkset\/#primaryimage"},"thumbnailUrl":"https:\/\/relaisgourmet.com\/wp-content\/uploads\/2024\/09\/coffret-1001-1.jpg","datePublished":"2024-09-12T10:08:27+00:00","dateModified":"2025-04-09T20:39:02+00:00","description":"Faites plaisir ou faites vous plaisir avec un Coffret Txingudi contenant tout ce que n\u00e9cessite un bon ap\u00e9ritif pour un moment de convivialit\u00e9.","breadcrumb":{"@id":"https:\/\/relaisgourmet.com\/de\/Produkt\/txingudi-geschenkset\/#breadcrumb"},"inLanguage":"de","potentialAction":[{"@type":"ReadAction","target":["https:\/\/relaisgourmet.com\/de\/Produkt\/txingudi-geschenkset\/"]}]},{"@type":"ImageObject","inLanguage":"de","@id":"https:\/\/relaisgourmet.com\/de\/Produkt\/txingudi-geschenkset\/#primaryimage","url":"https:\/\/relaisgourmet.com\/wp-content\/uploads\/2024\/09\/coffret-1001-1.jpg","contentUrl":"https:\/\/relaisgourmet.com\/wp-content\/uploads\/2024\/09\/coffret-1001-1.jpg","width":2500,"height":1667,"caption":"photographe d'entreprise, corporate, packshot, CV pau bearn pays basque"},{"@type":"BreadcrumbList","@id":"https:\/\/relaisgourmet.com\/de\/Produkt\/txingudi-geschenkset\/#breadcrumb","itemListElement":[{"@type":"ListItem","position":1,"name":"Startseite","item":"https:\/\/relaisgourmet.com\/de\/"},{"@type":"ListItem","position":2,"name":"Authentische Foie Gras","item":"https:\/\/relaisgourmet.com\/de\/authentische-foie-gras\/"},{"@type":"ListItem","position":3,"name":"Txingudi Geschenkset"}]},{"@type":"WebSite","@id":"https:\/\/relaisgourmet.com\/de\/#website","url":"https:\/\/relaisgourmet.com\/de\/","name":"Relais Gourmet","description":"Maison Gastronomique au Pays-Basque Depuis 2004","publisher":{"@id":"https:\/\/relaisgourmet.com\/de\/#organization"},"potentialAction":[{"@type":"SearchAction","target":{"@type":"EntryPoint","urlTemplate":"https:\/\/relaisgourmet.com\/de\/?s={search_term_string}"},"query-input":{"@type":"PropertyValueSpecification","valueRequired":true,"valueName":"search_term_string"}}],"inLanguage":"de"},{"@type":"Organization","@id":"https:\/\/relaisgourmet.com\/de\/#organization","name":"Relais Gourmet","url":"https:\/\/relaisgourmet.com\/de\/","logo":{"@type":"ImageObject","inLanguage":"de","@id":"https:\/\/relaisgourmet.com\/de\/#\/schema\/logo\/image\/","url":"https:\/\/relaisgourmet.com\/wp-content\/uploads\/2024\/11\/Diseno-sin-titulo-8.jpg","contentUrl":"https:\/\/relaisgourmet.com\/wp-content\/uploads\/2024\/11\/Diseno-sin-titulo-8.jpg","width":500,"height":500,"caption":"Relais Gourmet"},"image":{"@id":"https:\/\/relaisgourmet.com\/de\/#\/schema\/logo\/image\/"},"sameAs":["https:\/\/facebook.com\/yoast","https:\/\/instagram.com\/yoast"]}]}},"_links":{"self":[{"href":"https:\/\/relaisgourmet.com\/de\/wp-json\/wp\/v2\/product\/46574","targetHints":{"allow":["GET"]}}],"collection":[{"href":"https:\/\/relaisgourmet.com\/de\/wp-json\/wp\/v2\/product"}],"about":[{"href":"https:\/\/relaisgourmet.com\/de\/wp-json\/wp\/v2\/types\/product"}],"replies":[{"embeddable":true,"href":"https:\/\/relaisgourmet.com\/de\/wp-json\/wp\/v2\/comments?post=46574"}],"version-history":[{"count":4,"href":"https:\/\/relaisgourmet.com\/de\/wp-json\/wp\/v2\/product\/46574\/revisions"}],"predecessor-version":[{"id":54307,"href":"https:\/\/relaisgourmet.com\/de\/wp-json\/wp\/v2\/product\/46574\/revisions\/54307"}],"wp:featuredmedia":[{"embeddable":true,"href":"https:\/\/relaisgourmet.com\/de\/wp-json\/wp\/v2\/media\/40693"}],"wp:attachment":[{"href":"https:\/\/relaisgourmet.com\/de\/wp-json\/wp\/v2\/media?parent=46574"}],"wp:term":[{"taxonomy":"product_brand","embeddable":true,"href":"https:\/\/relaisgourmet.com\/de\/wp-json\/wp\/v2\/product_brand?post=46574"},{"taxonomy":"product_cat","embeddable":true,"href":"https:\/\/relaisgourmet.com\/de\/wp-json\/wp\/v2\/product_cat?post=46574"},{"taxonomy":"product_tag","embeddable":true,"href":"https:\/\/relaisgourmet.com\/de\/wp-json\/wp\/v2\/product_tag?post=46574"},{"taxonomy":"giftcard-category","embeddable":true,"href":"https:\/\/relaisgourmet.com\/de\/wp-json\/wp\/v2\/giftcard-category?post=46574"}],"curies":[{"name":"wp","href":"https:\/\/api.w.org\/{rel}","templated":true}]}}