{"id":45409,"date":"2024-09-12T12:18:08","date_gmt":"2024-09-12T10:18:08","guid":{"rendered":"https:\/\/relaisgourmet.com\/produit\/coffret-ametzondo\/"},"modified":"2025-04-09T22:39:02","modified_gmt":"2025-04-09T20:39:02","slug":"ametzondo-set","status":"publish","type":"product","link":"https:\/\/relaisgourmet.com\/de\/Produkt\/ametzondo-set\/","title":{"rendered":"Ametzondo-Set"},"content":{"rendered":"<p><b>Entdecken Sie das Ametzondo-Set: Eine kulinarische Reise<\/b><\/p>\n<p><span style=\"font-weight: 400;\">Das <\/span><b>Ametzondo-Set<\/b><span style=\"font-weight: 400;\"> ist weit mehr als nur ein Gourmet-Geschenkset \u2013 es l\u00e4dt Sie ein, die feinsten <\/span><b>Relais Gourmet<\/b><span style=\"font-weight: 400;\">-Produkte zu genie\u00dfen. Perfekt f\u00fcr Sommer-Aperitifs oder Fr\u00fchlingspicknicks, ist dieses Set ein Genuss, den man gerne schenkt oder selbst genie\u00dft.<\/span><\/p>\n<p><b>Ein Set Ohne Konservierungsstoffe<\/b><\/p>\n<p><span style=\"font-weight: 400;\">Bei <\/span><b>Relais Gourmet<\/b><span style=\"font-weight: 400;\"> legen wir gro\u00dfen Wert auf die Nat\u00fcrlichkeit unserer Produkte. Das <\/span><b>Ametzondo-Set<\/b><span style=\"font-weight: 400;\"> ist garantiert ohne Konservierungsstoffe, Farbstoffe und Zus\u00e4tze. Es bietet Ihnen den Genuss von Foie Gras in seiner reinsten Form, ohne Kompromisse bei der Qualit\u00e4t.<\/span><\/p>\n<p><b>Zusammensetzung des Ametzondo-Sets<\/b><\/p>\n<p><span style=\"font-weight: 400;\">Das <\/span><b>Ametzondo-Set<\/b><span style=\"font-weight: 400;\"> enth\u00e4lt eine au\u00dfergew\u00f6hnliche Auswahl an Foie Gras:<\/span><\/p>\n<ul>\n<li style=\"font-weight: 400;\" aria-level=\"1\"><b>Natur-Foie Gras<\/b><span style=\"font-weight: 400;\"> (200 g): f\u00fcr Liebhaber authentischer Aromen.<\/span><\/li>\n<li style=\"font-weight: 400;\" aria-level=\"1\"><b>Foie Gras mit Schwarzer Tr\u00fcffel<\/b><span style=\"font-weight: 400;\"> (200 g): eine delikate Kombination aus Foie Gras und luxuri\u00f6sen Tr\u00fcffeln.<\/span><\/li>\n<li style=\"font-weight: 400;\" aria-level=\"1\"><b>Foie Gras mit Sauternes<\/b><span style=\"font-weight: 400;\"> (200 g): f\u00fcr eine subtile Balance zwischen s\u00fc\u00df und salzig.<\/span><\/li>\n<li style=\"font-weight: 400;\" aria-level=\"1\"><b>Eine Flasche Champagner<\/b><span style=\"font-weight: 400;\">: ideal, um diese K\u00f6stlichkeiten zu begleiten und Ihr Genusserlebnis zu steigern.<\/span><\/li>\n<li style=\"font-weight: 400;\" aria-level=\"1\"><span style=\"font-weight: 400;\"><strong>1 Foie-Gras-Schnitthilfe<\/strong> (10 g) : Erm\u00f6glicht es, das Foie gras delicat in perfekte Scheiben zu schneiden und vereint Pr\u00e4zision mit Eleganz.<br \/>\n<\/span><\/li>\n<\/ul>\n<p><b>Lange Haltbarkeit<\/b><\/p>\n<p><span style=\"font-weight: 400;\">Das <\/span><b>Ametzondo-Set<\/b><span style=\"font-weight: 400;\"> hat eine Haltbarkeit von 3 Jahren bei Zimmertemperatur. Nach dem \u00d6ffnen sollte es innerhalb von 15 Tagen verzehrt und im K\u00fchlschrank aufbewahrt werden, um den vollen Geschmack zu erhalten.<\/span><\/p>\n<p><b>Verkostungstipps<\/b><\/p>\n<p><span style=\"font-weight: 400;\">M\u00f6chten Sie wissen, wie Sie Ihr Foie Gras optimal genie\u00dfen k\u00f6nnen? Finden Sie unsere Tipps und Zubereitungshinweise in unserem Blog-Bereich und auf unserer Instagram-Seite.<\/span><\/p>\n<p><span style=\"font-weight: 400;\">Das <\/span><b>Ametzondo-Set<\/b><span style=\"font-weight: 400;\"> ist die perfekte Geschenkidee f\u00fcr Feinschmecker. Schenken Sie ein einzigartiges Genusserlebnis mit dieser exklusiven Auswahl von <\/span><b>Relais Gourmet<\/b><span style=\"font-weight: 400;\">.<\/span><\/p>\n","protected":false},"excerpt":{"rendered":"<p><span style=\"font-weight: 400;\">Das <\/span><b>Ametzondo-Set<\/b><span style=\"font-weight: 400;\"> ist garantiert ohne Konservierungsstoffe, Farbstoffe und Zus\u00e4tze. Es bietet Ihnen den Genuss von Foie Gras in seiner reinsten Form, ohne Kompromisse bei der Qualit\u00e4t.<\/span><\/p>\n<p><img decoding=\"async\" class=\"emoji\" role=\"img\" draggable=\"false\" src=\"https:\/\/s.w.org\/images\/core\/emoji\/15.0.3\/svg\/1f1eb-1f1f7.svg\" alt=\"\ud83c\uddeb\ud83c\uddf7\" \/>\u00a0Produktion garantiert 100% franz\u00f6sisch<br \/>\n\u2714 Garantie ohne Konservierungsstoffe, ohne Zusatzstoffe und ohne Farbstoffe.<br \/>\n\ud83c\udf43 Enten mit gelbem Mais gef\u00fcttert<br \/>\n\ud83d\ude9a Schnelle Lieferung weltweit<br \/>\n\ud83d\udd53 Haltbar 3 Jahre<br \/>\n\ud83d\udd10 Sichere Bezahlung<\/p>\n<div class=\"woocommerce-product-details__short-description\">\n<p>Nettogewicht: 1.36 kg<\/p>\n<\/div>\n","protected":false},"featured_media":40701,"comment_status":"closed","ping_status":"closed","template":"","meta":[],"product_brand":[],"product_cat":[1274,1283],"product_tag":[],"giftcard-category":[],"class_list":{"0":"post-45409","1":"product","2":"type-product","3":"status-publish","4":"has-post-thumbnail","6":"product_cat-geschenkboxen","7":"product_cat-prestigegeschenke","8":"product_shipping_class-standard-de","10":"first","11":"instock","12":"taxable","13":"shipping-taxable","14":"purchasable","15":"product-type-simple"},"yoast_head":"<!-- This site is optimized with the Yoast SEO Premium plugin v27.4 (Yoast SEO v27.5) - https:\/\/yoast.com\/product\/yoast-seo-premium-wordpress\/ -->\n<title>Ametzondo Box \u2013 Franz\u00f6sischer Feinkostmoment<\/title>\n<meta name=\"description\" content=\"Faites plaisir ou faites vous plaisir avec un Coffret Ametzondo contenant tout ce que n\u00e9cessite un bon ap\u00e9ritif pour un moment de convivialit\u00e9.\" \/>\n<meta name=\"robots\" content=\"index, follow, max-snippet:-1, max-image-preview:large, max-video-preview:-1\" \/>\n<link rel=\"canonical\" href=\"https:\/\/relaisgourmet.com\/de\/Produkt\/ametzondo-set\/\" \/>\n<meta property=\"og:locale\" content=\"de_DE\" \/>\n<meta property=\"og:type\" content=\"article\" \/>\n<meta property=\"og:title\" content=\"Ametzondo-Set\" \/>\n<meta property=\"og:description\" content=\"Faites plaisir ou faites vous plaisir avec un Coffret Ametzondo contenant tout ce que n\u00e9cessite un bon ap\u00e9ritif pour un moment de convivialit\u00e9.\" \/>\n<meta property=\"og:url\" content=\"https:\/\/relaisgourmet.com\/de\/Produkt\/ametzondo-set\/\" \/>\n<meta property=\"og:site_name\" content=\"Relais Gourmet\" \/>\n<meta property=\"article:publisher\" content=\"https:\/\/facebook.com\/yoast\" \/>\n<meta property=\"article:modified_time\" content=\"2025-04-09T20:39:02+00:00\" \/>\n<meta property=\"og:image\" content=\"https:\/\/relaisgourmet.com\/wp-content\/uploads\/2024\/09\/coffret-1003-1.jpg\" \/>\n\t<meta property=\"og:image:width\" content=\"2500\" \/>\n\t<meta property=\"og:image:height\" content=\"1667\" \/>\n\t<meta property=\"og:image:type\" content=\"image\/jpeg\" \/>\n<meta name=\"twitter:card\" content=\"summary_large_image\" \/>\n<meta name=\"twitter:label1\" content=\"Gesch\u00e4tzte Lesezeit\" \/>\n\t<meta name=\"twitter:data1\" content=\"2\u00a0Minute\" \/>\n<script type=\"application\/ld+json\" class=\"yoast-schema-graph\">{\"@context\":\"https:\\\/\\\/schema.org\",\"@graph\":[{\"@type\":\"WebPage\",\"@id\":\"https:\\\/\\\/relaisgourmet.com\\\/de\\\/Produkt\\\/ametzondo-set\\\/\",\"url\":\"https:\\\/\\\/relaisgourmet.com\\\/de\\\/Produkt\\\/ametzondo-set\\\/\",\"name\":\"Ametzondo Box \u2013 Franz\u00f6sischer Feinkostmoment\",\"isPartOf\":{\"@id\":\"https:\\\/\\\/relaisgourmet.com\\\/de\\\/#website\"},\"primaryImageOfPage\":{\"@id\":\"https:\\\/\\\/relaisgourmet.com\\\/de\\\/Produkt\\\/ametzondo-set\\\/#primaryimage\"},\"image\":{\"@id\":\"https:\\\/\\\/relaisgourmet.com\\\/de\\\/Produkt\\\/ametzondo-set\\\/#primaryimage\"},\"thumbnailUrl\":\"https:\\\/\\\/relaisgourmet.com\\\/wp-content\\\/uploads\\\/2024\\\/09\\\/coffret-1003-1.jpg\",\"datePublished\":\"2024-09-12T10:18:08+00:00\",\"dateModified\":\"2025-04-09T20:39:02+00:00\",\"description\":\"Faites plaisir ou faites vous plaisir avec un Coffret Ametzondo contenant tout ce que n\u00e9cessite un bon ap\u00e9ritif pour un moment de convivialit\u00e9.\",\"breadcrumb\":{\"@id\":\"https:\\\/\\\/relaisgourmet.com\\\/de\\\/Produkt\\\/ametzondo-set\\\/#breadcrumb\"},\"inLanguage\":\"de\",\"potentialAction\":[{\"@type\":\"ReadAction\",\"target\":[\"https:\\\/\\\/relaisgourmet.com\\\/de\\\/Produkt\\\/ametzondo-set\\\/\"]}]},{\"@type\":\"ImageObject\",\"inLanguage\":\"de\",\"@id\":\"https:\\\/\\\/relaisgourmet.com\\\/de\\\/Produkt\\\/ametzondo-set\\\/#primaryimage\",\"url\":\"https:\\\/\\\/relaisgourmet.com\\\/wp-content\\\/uploads\\\/2024\\\/09\\\/coffret-1003-1.jpg\",\"contentUrl\":\"https:\\\/\\\/relaisgourmet.com\\\/wp-content\\\/uploads\\\/2024\\\/09\\\/coffret-1003-1.jpg\",\"width\":2500,\"height\":1667,\"caption\":\"photographe d'entreprise, corporate, packshot, CV pau bearn pays basque\"},{\"@type\":\"BreadcrumbList\",\"@id\":\"https:\\\/\\\/relaisgourmet.com\\\/de\\\/Produkt\\\/ametzondo-set\\\/#breadcrumb\",\"itemListElement\":[{\"@type\":\"ListItem\",\"position\":1,\"name\":\"Startseite\",\"item\":\"https:\\\/\\\/relaisgourmet.com\\\/de\\\/\"},{\"@type\":\"ListItem\",\"position\":2,\"name\":\"Authentische Foie Gras\",\"item\":\"https:\\\/\\\/relaisgourmet.com\\\/de\\\/authentische-foie-gras\\\/\"},{\"@type\":\"ListItem\",\"position\":3,\"name\":\"Ametzondo-Set\"}]},{\"@type\":\"WebSite\",\"@id\":\"https:\\\/\\\/relaisgourmet.com\\\/de\\\/#website\",\"url\":\"https:\\\/\\\/relaisgourmet.com\\\/de\\\/\",\"name\":\"Relais Gourmet\",\"description\":\"Maison Gastronomique au Pays-Basque Depuis 2004\",\"publisher\":{\"@id\":\"https:\\\/\\\/relaisgourmet.com\\\/de\\\/#organization\"},\"potentialAction\":[{\"@type\":\"SearchAction\",\"target\":{\"@type\":\"EntryPoint\",\"urlTemplate\":\"https:\\\/\\\/relaisgourmet.com\\\/de\\\/?s={search_term_string}\"},\"query-input\":{\"@type\":\"PropertyValueSpecification\",\"valueRequired\":true,\"valueName\":\"search_term_string\"}}],\"inLanguage\":\"de\"},{\"@type\":\"Organization\",\"@id\":\"https:\\\/\\\/relaisgourmet.com\\\/de\\\/#organization\",\"name\":\"Relais Gourmet\",\"url\":\"https:\\\/\\\/relaisgourmet.com\\\/de\\\/\",\"logo\":{\"@type\":\"ImageObject\",\"inLanguage\":\"de\",\"@id\":\"https:\\\/\\\/relaisgourmet.com\\\/de\\\/#\\\/schema\\\/logo\\\/image\\\/\",\"url\":\"https:\\\/\\\/relaisgourmet.com\\\/wp-content\\\/uploads\\\/2024\\\/11\\\/Diseno-sin-titulo-8.jpg\",\"contentUrl\":\"https:\\\/\\\/relaisgourmet.com\\\/wp-content\\\/uploads\\\/2024\\\/11\\\/Diseno-sin-titulo-8.jpg\",\"width\":500,\"height\":500,\"caption\":\"Relais Gourmet\"},\"image\":{\"@id\":\"https:\\\/\\\/relaisgourmet.com\\\/de\\\/#\\\/schema\\\/logo\\\/image\\\/\"},\"sameAs\":[\"https:\\\/\\\/facebook.com\\\/yoast\",\"https:\\\/\\\/instagram.com\\\/yoast\"]}]}<\/script>\n<!-- \/ Yoast SEO Premium plugin. -->","yoast_head_json":{"title":"Ametzondo Box \u2013 Franz\u00f6sischer Feinkostmoment","description":"Faites plaisir ou faites vous plaisir avec un Coffret Ametzondo contenant tout ce que n\u00e9cessite un bon ap\u00e9ritif pour un moment de convivialit\u00e9.","robots":{"index":"index","follow":"follow","max-snippet":"max-snippet:-1","max-image-preview":"max-image-preview:large","max-video-preview":"max-video-preview:-1"},"canonical":"https:\/\/relaisgourmet.com\/de\/Produkt\/ametzondo-set\/","og_locale":"de_DE","og_type":"article","og_title":"Ametzondo-Set","og_description":"Faites plaisir ou faites vous plaisir avec un Coffret Ametzondo contenant tout ce que n\u00e9cessite un bon ap\u00e9ritif pour un moment de convivialit\u00e9.","og_url":"https:\/\/relaisgourmet.com\/de\/Produkt\/ametzondo-set\/","og_site_name":"Relais Gourmet","article_publisher":"https:\/\/facebook.com\/yoast","article_modified_time":"2025-04-09T20:39:02+00:00","og_image":[{"width":2500,"height":1667,"url":"https:\/\/relaisgourmet.com\/wp-content\/uploads\/2024\/09\/coffret-1003-1.jpg","type":"image\/jpeg"}],"twitter_card":"summary_large_image","twitter_misc":{"Gesch\u00e4tzte Lesezeit":"2\u00a0Minute"},"schema":{"@context":"https:\/\/schema.org","@graph":[{"@type":"WebPage","@id":"https:\/\/relaisgourmet.com\/de\/Produkt\/ametzondo-set\/","url":"https:\/\/relaisgourmet.com\/de\/Produkt\/ametzondo-set\/","name":"Ametzondo Box \u2013 Franz\u00f6sischer Feinkostmoment","isPartOf":{"@id":"https:\/\/relaisgourmet.com\/de\/#website"},"primaryImageOfPage":{"@id":"https:\/\/relaisgourmet.com\/de\/Produkt\/ametzondo-set\/#primaryimage"},"image":{"@id":"https:\/\/relaisgourmet.com\/de\/Produkt\/ametzondo-set\/#primaryimage"},"thumbnailUrl":"https:\/\/relaisgourmet.com\/wp-content\/uploads\/2024\/09\/coffret-1003-1.jpg","datePublished":"2024-09-12T10:18:08+00:00","dateModified":"2025-04-09T20:39:02+00:00","description":"Faites plaisir ou faites vous plaisir avec un Coffret Ametzondo contenant tout ce que n\u00e9cessite un bon ap\u00e9ritif pour un moment de convivialit\u00e9.","breadcrumb":{"@id":"https:\/\/relaisgourmet.com\/de\/Produkt\/ametzondo-set\/#breadcrumb"},"inLanguage":"de","potentialAction":[{"@type":"ReadAction","target":["https:\/\/relaisgourmet.com\/de\/Produkt\/ametzondo-set\/"]}]},{"@type":"ImageObject","inLanguage":"de","@id":"https:\/\/relaisgourmet.com\/de\/Produkt\/ametzondo-set\/#primaryimage","url":"https:\/\/relaisgourmet.com\/wp-content\/uploads\/2024\/09\/coffret-1003-1.jpg","contentUrl":"https:\/\/relaisgourmet.com\/wp-content\/uploads\/2024\/09\/coffret-1003-1.jpg","width":2500,"height":1667,"caption":"photographe d'entreprise, corporate, packshot, CV pau bearn pays basque"},{"@type":"BreadcrumbList","@id":"https:\/\/relaisgourmet.com\/de\/Produkt\/ametzondo-set\/#breadcrumb","itemListElement":[{"@type":"ListItem","position":1,"name":"Startseite","item":"https:\/\/relaisgourmet.com\/de\/"},{"@type":"ListItem","position":2,"name":"Authentische Foie Gras","item":"https:\/\/relaisgourmet.com\/de\/authentische-foie-gras\/"},{"@type":"ListItem","position":3,"name":"Ametzondo-Set"}]},{"@type":"WebSite","@id":"https:\/\/relaisgourmet.com\/de\/#website","url":"https:\/\/relaisgourmet.com\/de\/","name":"Relais Gourmet","description":"Maison Gastronomique au Pays-Basque Depuis 2004","publisher":{"@id":"https:\/\/relaisgourmet.com\/de\/#organization"},"potentialAction":[{"@type":"SearchAction","target":{"@type":"EntryPoint","urlTemplate":"https:\/\/relaisgourmet.com\/de\/?s={search_term_string}"},"query-input":{"@type":"PropertyValueSpecification","valueRequired":true,"valueName":"search_term_string"}}],"inLanguage":"de"},{"@type":"Organization","@id":"https:\/\/relaisgourmet.com\/de\/#organization","name":"Relais Gourmet","url":"https:\/\/relaisgourmet.com\/de\/","logo":{"@type":"ImageObject","inLanguage":"de","@id":"https:\/\/relaisgourmet.com\/de\/#\/schema\/logo\/image\/","url":"https:\/\/relaisgourmet.com\/wp-content\/uploads\/2024\/11\/Diseno-sin-titulo-8.jpg","contentUrl":"https:\/\/relaisgourmet.com\/wp-content\/uploads\/2024\/11\/Diseno-sin-titulo-8.jpg","width":500,"height":500,"caption":"Relais Gourmet"},"image":{"@id":"https:\/\/relaisgourmet.com\/de\/#\/schema\/logo\/image\/"},"sameAs":["https:\/\/facebook.com\/yoast","https:\/\/instagram.com\/yoast"]}]}},"_links":{"self":[{"href":"https:\/\/relaisgourmet.com\/de\/wp-json\/wp\/v2\/product\/45409","targetHints":{"allow":["GET"]}}],"collection":[{"href":"https:\/\/relaisgourmet.com\/de\/wp-json\/wp\/v2\/product"}],"about":[{"href":"https:\/\/relaisgourmet.com\/de\/wp-json\/wp\/v2\/types\/product"}],"replies":[{"embeddable":true,"href":"https:\/\/relaisgourmet.com\/de\/wp-json\/wp\/v2\/comments?post=45409"}],"version-history":[{"count":0,"href":"https:\/\/relaisgourmet.com\/de\/wp-json\/wp\/v2\/product\/45409\/revisions"}],"wp:featuredmedia":[{"embeddable":true,"href":"https:\/\/relaisgourmet.com\/de\/wp-json\/wp\/v2\/media\/40701"}],"wp:attachment":[{"href":"https:\/\/relaisgourmet.com\/de\/wp-json\/wp\/v2\/media?parent=45409"}],"wp:term":[{"taxonomy":"product_brand","embeddable":true,"href":"https:\/\/relaisgourmet.com\/de\/wp-json\/wp\/v2\/product_brand?post=45409"},{"taxonomy":"product_cat","embeddable":true,"href":"https:\/\/relaisgourmet.com\/de\/wp-json\/wp\/v2\/product_cat?post=45409"},{"taxonomy":"product_tag","embeddable":true,"href":"https:\/\/relaisgourmet.com\/de\/wp-json\/wp\/v2\/product_tag?post=45409"},{"taxonomy":"giftcard-category","embeddable":true,"href":"https:\/\/relaisgourmet.com\/de\/wp-json\/wp\/v2\/giftcard-category?post=45409"}],"curies":[{"name":"wp","href":"https:\/\/api.w.org\/{rel}","templated":true}]}}