{"id":45137,"date":"2024-09-12T12:53:12","date_gmt":"2024-09-12T10:53:12","guid":{"rendered":"https:\/\/relaisgourmet.com\/produit\/coffret-ziburu\/"},"modified":"2025-04-09T22:39:02","modified_gmt":"2025-04-09T20:39:02","slug":"coffret-ziburu","status":"publish","type":"product","link":"https:\/\/relaisgourmet.com\/de\/Produkt\/coffret-ziburu\/","title":{"rendered":"Ziburu Geschenkset"},"content":{"rendered":"<p><b>Coffret Ziburu: Ein Gourmet-Erlebnis zum Verschenken oder Genie\u00dfen<\/b><\/p>\n<p><span style=\"font-weight: 400;\">Entdecken Sie das <\/span><b>Coffret Ziburu<\/b><span style=\"font-weight: 400;\">, eine au\u00dfergew\u00f6hnliche Gourmet-Box von Relais Gourmet. Diese Auswahl ist eine wahre Einladung zum kulinarischen Genuss, perfekt f\u00fcr sommerliche Aperitifs oder Fr\u00fchlingspicknicks. Genie\u00dfen Sie Produkte von unvergleichlicher Qualit\u00e4t, garantiert ohne Konservierungsstoffe, Farbstoffe oder Zus\u00e4tze. Ein ideales Geschenk oder ein pers\u00f6nlicher Genuss, der jeden Foie-Gras-Liebhaber begeistern wird!<\/span><\/p>\n<p><b>Einzigartige Gourmet-Auswahl im Coffret Ziburu<\/b><\/p>\n<ul>\n<li><b>Foie Gras Nature (400 g)<br \/>\n<\/b>Das <b>Foie Gras Nature<\/b> im <b>Coffret Ziburu<\/b> bringt die Reinheit und Authentizit\u00e4t der baskischen Handwerkskunst zur Geltung. Ein intensiver und nat\u00fcrlicher Geschmack f\u00fcr wahre Kenner.<\/li>\n<li><b>Foie Gras mit Espelette-Pfeffer (400 g)<br \/>\n<\/b>F\u00fcgen Sie mit dem <b>Foie Gras mit Espelette-Pfeffer<\/b> eine w\u00fcrzige Note hinzu, die perfekte Balance zwischen milder Sch\u00e4rfe und reichhaltigem Geschmack.<\/li>\n<li><b>Foie Gras mit Armagnac (400 g)<br \/>\n<\/b>Die subtile Kombination aus Foie Gras und Armagnac im <b>Foie Gras mit Armagnac<\/b> ist eine wahre Delikatesse f\u00fcr anspruchsvolle Gaumen.<\/li>\n<li><b>Quintessenz von Foie Gras und Ger\u00e4ucherter Entenbrust (180 g)<br \/>\n<\/b>Eine einzigartige Kombination aus <b>Foie Gras<\/b> und ger\u00e4ucherter Entenbrust, die ein unvergessliches Gourmet-Erlebnis bietet.<\/li>\n<\/ul>\n<p><b>Coffret Ziburu: Lagerung und Serviertipps<\/b><\/p>\n<p><span style=\"font-weight: 400;\">Das <\/span><b>Coffret Ziburu<\/b><span style=\"font-weight: 400;\"> ist f\u00fcr eine lange Haltbarkeit ausgelegt, mit einer Lagerzeit von 3 Jahren bei Raumtemperatur. Nach dem \u00d6ffnen sollten die Produkte innerhalb von 15 Tagen verzehrt und im K\u00fchlschrank aufbewahrt werden, um die Frische zu bewahren.<\/span><\/p>\n<p><span style=\"font-weight: 400;\">F\u00fcr kreative Ideen und Tipps, wie Sie diese K\u00f6stlichkeiten am besten genie\u00dfen, besuchen Sie unseren <\/span><b>Blog<\/b><span style=\"font-weight: 400;\"> und folgen Sie uns auf <\/span><b>Instagram<\/b><span style=\"font-weight: 400;\">. Dort finden Sie Inspiration, um Ihre Mahlzeiten in wahre Gourmet-Erlebnisse zu verwandeln.<\/span><\/p>\n<p><b>Schenken oder Genie\u00dfen Sie das Coffret Ziburu<\/b><\/p>\n<p><span style=\"font-weight: 400;\">Das <\/span><b>Coffret Ziburu<\/b><span style=\"font-weight: 400;\"> ist ein ausgezeichnetes Geschenk f\u00fcr jeden Gourmet-Liebhaber. Ob f\u00fcr einen besonderen Anlass oder einfach nur zum Genie\u00dfen, diese Box enth\u00e4lt Produkte von h\u00f6chster Qualit\u00e4t, die den Unterschied machen.<\/span><\/p>\n<p><span style=\"font-weight: 400;\">Das <\/span><b>Coffret Ziburu<\/b><span style=\"font-weight: 400;\">\u2014ein Geschenk, das Eleganz, Tradition und Authentizit\u00e4t vereint und Sie auf eine kulinarische Reise in das Herz des Baskenlandes einl\u00e4dt.<\/span><\/p>\n","protected":false},"excerpt":{"rendered":"<p><span style=\"font-weight: 400;\">Das Ziburu-Geschenkbox<\/span><span style=\"font-weight: 400;\">\u2014ein Geschenk, das Eleganz, Tradition und Authentizit\u00e4t vereint und Sie auf eine kulinarische Reise in das Herz des Baskenlandes einl\u00e4dt.<\/span><\/p>\n<p><img decoding=\"async\" class=\"emoji\" role=\"img\" draggable=\"false\" src=\"https:\/\/s.w.org\/images\/core\/emoji\/15.0.3\/svg\/1f1eb-1f1f7.svg\" alt=\"\ud83c\uddeb\ud83c\uddf7\" \/> Produktion gar kgantiert 100% franz\u00f6sisch<br \/>\n\u2714 Garantie ohne Konservierungsstoffe, ohne Zusatzstoffe und ohne Farbstoffe.<br \/>\n\ud83c\udf43 Enten mit gelbem Mais gef\u00fcttert<br \/>\n\ud83d\ude9a Schnelle Lieferung weltweit<br \/>\n\ud83d\udd53 Haltbar 3 Jahre<br \/>\n\ud83d\udd10 Sichere Bezahlung<\/p>\n<div class=\"woocommerce-product-details__short-description\">\n<p>Nettogewicht: (1,39 kg)<\/p>\n<\/div>\n","protected":false},"featured_media":40716,"comment_status":"closed","ping_status":"closed","template":"","meta":[],"product_brand":[],"product_cat":[1287,1274,1283],"product_tag":[],"giftcard-category":[],"class_list":{"0":"post-45137","1":"product","2":"type-product","3":"status-publish","4":"has-post-thumbnail","6":"product_cat-geschaftsgeschenke","7":"product_cat-geschenkboxen","8":"product_cat-prestigegeschenke","9":"product_shipping_class-standard-de","11":"first","12":"instock","13":"taxable","14":"shipping-taxable","15":"purchasable","16":"product-type-simple"},"yoast_head":"<!-- This site is optimized with the Yoast SEO Premium plugin v27.0 (Yoast SEO v27.3) - https:\/\/yoast.com\/product\/yoast-seo-premium-wordpress\/ -->\n<title>Ziburu Geschenkbox \u2013 Typisch baskische Delikatessen<\/title>\n<meta name=\"description\" content=\"Faites plaisir ou faites vous plaisir avec un Coffret Ziburu contenant tout ce que n\u00e9cessite un bon ap\u00e9ritif pour un moment de convivialit\u00e9.\" \/>\n<meta name=\"robots\" content=\"index, follow, max-snippet:-1, max-image-preview:large, max-video-preview:-1\" \/>\n<link rel=\"canonical\" href=\"https:\/\/relaisgourmet.com\/de\/Produkt\/coffret-ziburu\/\" \/>\n<meta property=\"og:locale\" content=\"de_DE\" \/>\n<meta property=\"og:type\" content=\"article\" \/>\n<meta property=\"og:title\" content=\"Ziburu Geschenkset\" \/>\n<meta property=\"og:description\" content=\"Faites plaisir ou faites vous plaisir avec un Coffret Ziburu contenant tout ce que n\u00e9cessite un bon ap\u00e9ritif pour un moment de convivialit\u00e9.\" \/>\n<meta property=\"og:url\" content=\"https:\/\/relaisgourmet.com\/de\/Produkt\/coffret-ziburu\/\" \/>\n<meta property=\"og:site_name\" content=\"Relais Gourmet\" \/>\n<meta property=\"article:publisher\" content=\"https:\/\/facebook.com\/yoast\" \/>\n<meta property=\"article:modified_time\" content=\"2025-04-09T20:39:02+00:00\" \/>\n<meta property=\"og:image\" content=\"https:\/\/relaisgourmet.com\/wp-content\/uploads\/2024\/09\/coffret-1005-1.jpg\" \/>\n\t<meta property=\"og:image:width\" content=\"2500\" \/>\n\t<meta property=\"og:image:height\" content=\"1667\" \/>\n\t<meta property=\"og:image:type\" content=\"image\/jpeg\" \/>\n<meta name=\"twitter:card\" content=\"summary_large_image\" \/>\n<meta name=\"twitter:label1\" content=\"Gesch\u00e4tzte Lesezeit\" \/>\n\t<meta name=\"twitter:data1\" content=\"2\u00a0Minute\" \/>\n<script type=\"application\/ld+json\" class=\"yoast-schema-graph\">{\"@context\":\"https:\\\/\\\/schema.org\",\"@graph\":[{\"@type\":\"WebPage\",\"@id\":\"https:\\\/\\\/relaisgourmet.com\\\/de\\\/Produkt\\\/coffret-ziburu\\\/\",\"url\":\"https:\\\/\\\/relaisgourmet.com\\\/de\\\/Produkt\\\/coffret-ziburu\\\/\",\"name\":\"Ziburu Geschenkbox \u2013 Typisch baskische Delikatessen\",\"isPartOf\":{\"@id\":\"https:\\\/\\\/relaisgourmet.com\\\/de\\\/#website\"},\"primaryImageOfPage\":{\"@id\":\"https:\\\/\\\/relaisgourmet.com\\\/de\\\/Produkt\\\/coffret-ziburu\\\/#primaryimage\"},\"image\":{\"@id\":\"https:\\\/\\\/relaisgourmet.com\\\/de\\\/Produkt\\\/coffret-ziburu\\\/#primaryimage\"},\"thumbnailUrl\":\"https:\\\/\\\/relaisgourmet.com\\\/wp-content\\\/uploads\\\/2024\\\/09\\\/coffret-1005-1.jpg\",\"datePublished\":\"2024-09-12T10:53:12+00:00\",\"dateModified\":\"2025-04-09T20:39:02+00:00\",\"description\":\"Faites plaisir ou faites vous plaisir avec un Coffret Ziburu contenant tout ce que n\u00e9cessite un bon ap\u00e9ritif pour un moment de convivialit\u00e9.\",\"breadcrumb\":{\"@id\":\"https:\\\/\\\/relaisgourmet.com\\\/de\\\/Produkt\\\/coffret-ziburu\\\/#breadcrumb\"},\"inLanguage\":\"de\",\"potentialAction\":[{\"@type\":\"ReadAction\",\"target\":[\"https:\\\/\\\/relaisgourmet.com\\\/de\\\/Produkt\\\/coffret-ziburu\\\/\"]}]},{\"@type\":\"ImageObject\",\"inLanguage\":\"de\",\"@id\":\"https:\\\/\\\/relaisgourmet.com\\\/de\\\/Produkt\\\/coffret-ziburu\\\/#primaryimage\",\"url\":\"https:\\\/\\\/relaisgourmet.com\\\/wp-content\\\/uploads\\\/2024\\\/09\\\/coffret-1005-1.jpg\",\"contentUrl\":\"https:\\\/\\\/relaisgourmet.com\\\/wp-content\\\/uploads\\\/2024\\\/09\\\/coffret-1005-1.jpg\",\"width\":2500,\"height\":1667,\"caption\":\"photographe d'entreprise, corporate, packshot, CV pau bearn pays basque\"},{\"@type\":\"BreadcrumbList\",\"@id\":\"https:\\\/\\\/relaisgourmet.com\\\/de\\\/Produkt\\\/coffret-ziburu\\\/#breadcrumb\",\"itemListElement\":[{\"@type\":\"ListItem\",\"position\":1,\"name\":\"Startseite\",\"item\":\"https:\\\/\\\/relaisgourmet.com\\\/de\\\/\"},{\"@type\":\"ListItem\",\"position\":2,\"name\":\"Authentische Foie Gras\",\"item\":\"https:\\\/\\\/relaisgourmet.com\\\/de\\\/authentische-foie-gras\\\/\"},{\"@type\":\"ListItem\",\"position\":3,\"name\":\"Ziburu Geschenkset\"}]},{\"@type\":\"WebSite\",\"@id\":\"https:\\\/\\\/relaisgourmet.com\\\/de\\\/#website\",\"url\":\"https:\\\/\\\/relaisgourmet.com\\\/de\\\/\",\"name\":\"Relais Gourmet\",\"description\":\"Maison Gastronomique au Pays-Basque Depuis 2004\",\"publisher\":{\"@id\":\"https:\\\/\\\/relaisgourmet.com\\\/de\\\/#organization\"},\"potentialAction\":[{\"@type\":\"SearchAction\",\"target\":{\"@type\":\"EntryPoint\",\"urlTemplate\":\"https:\\\/\\\/relaisgourmet.com\\\/de\\\/?s={search_term_string}\"},\"query-input\":{\"@type\":\"PropertyValueSpecification\",\"valueRequired\":true,\"valueName\":\"search_term_string\"}}],\"inLanguage\":\"de\"},{\"@type\":\"Organization\",\"@id\":\"https:\\\/\\\/relaisgourmet.com\\\/de\\\/#organization\",\"name\":\"Relais Gourmet\",\"url\":\"https:\\\/\\\/relaisgourmet.com\\\/de\\\/\",\"logo\":{\"@type\":\"ImageObject\",\"inLanguage\":\"de\",\"@id\":\"https:\\\/\\\/relaisgourmet.com\\\/de\\\/#\\\/schema\\\/logo\\\/image\\\/\",\"url\":\"https:\\\/\\\/relaisgourmet.com\\\/wp-content\\\/uploads\\\/2024\\\/11\\\/Diseno-sin-titulo-8.jpg\",\"contentUrl\":\"https:\\\/\\\/relaisgourmet.com\\\/wp-content\\\/uploads\\\/2024\\\/11\\\/Diseno-sin-titulo-8.jpg\",\"width\":500,\"height\":500,\"caption\":\"Relais Gourmet\"},\"image\":{\"@id\":\"https:\\\/\\\/relaisgourmet.com\\\/de\\\/#\\\/schema\\\/logo\\\/image\\\/\"},\"sameAs\":[\"https:\\\/\\\/facebook.com\\\/yoast\",\"https:\\\/\\\/instagram.com\\\/yoast\"]}]}<\/script>\n<!-- \/ Yoast SEO Premium plugin. -->","yoast_head_json":{"title":"Ziburu Geschenkbox \u2013 Typisch baskische Delikatessen","description":"Faites plaisir ou faites vous plaisir avec un Coffret Ziburu contenant tout ce que n\u00e9cessite un bon ap\u00e9ritif pour un moment de convivialit\u00e9.","robots":{"index":"index","follow":"follow","max-snippet":"max-snippet:-1","max-image-preview":"max-image-preview:large","max-video-preview":"max-video-preview:-1"},"canonical":"https:\/\/relaisgourmet.com\/de\/Produkt\/coffret-ziburu\/","og_locale":"de_DE","og_type":"article","og_title":"Ziburu Geschenkset","og_description":"Faites plaisir ou faites vous plaisir avec un Coffret Ziburu contenant tout ce que n\u00e9cessite un bon ap\u00e9ritif pour un moment de convivialit\u00e9.","og_url":"https:\/\/relaisgourmet.com\/de\/Produkt\/coffret-ziburu\/","og_site_name":"Relais Gourmet","article_publisher":"https:\/\/facebook.com\/yoast","article_modified_time":"2025-04-09T20:39:02+00:00","og_image":[{"width":2500,"height":1667,"url":"https:\/\/relaisgourmet.com\/wp-content\/uploads\/2024\/09\/coffret-1005-1.jpg","type":"image\/jpeg"}],"twitter_card":"summary_large_image","twitter_misc":{"Gesch\u00e4tzte Lesezeit":"2\u00a0Minute"},"schema":{"@context":"https:\/\/schema.org","@graph":[{"@type":"WebPage","@id":"https:\/\/relaisgourmet.com\/de\/Produkt\/coffret-ziburu\/","url":"https:\/\/relaisgourmet.com\/de\/Produkt\/coffret-ziburu\/","name":"Ziburu Geschenkbox \u2013 Typisch baskische Delikatessen","isPartOf":{"@id":"https:\/\/relaisgourmet.com\/de\/#website"},"primaryImageOfPage":{"@id":"https:\/\/relaisgourmet.com\/de\/Produkt\/coffret-ziburu\/#primaryimage"},"image":{"@id":"https:\/\/relaisgourmet.com\/de\/Produkt\/coffret-ziburu\/#primaryimage"},"thumbnailUrl":"https:\/\/relaisgourmet.com\/wp-content\/uploads\/2024\/09\/coffret-1005-1.jpg","datePublished":"2024-09-12T10:53:12+00:00","dateModified":"2025-04-09T20:39:02+00:00","description":"Faites plaisir ou faites vous plaisir avec un Coffret Ziburu contenant tout ce que n\u00e9cessite un bon ap\u00e9ritif pour un moment de convivialit\u00e9.","breadcrumb":{"@id":"https:\/\/relaisgourmet.com\/de\/Produkt\/coffret-ziburu\/#breadcrumb"},"inLanguage":"de","potentialAction":[{"@type":"ReadAction","target":["https:\/\/relaisgourmet.com\/de\/Produkt\/coffret-ziburu\/"]}]},{"@type":"ImageObject","inLanguage":"de","@id":"https:\/\/relaisgourmet.com\/de\/Produkt\/coffret-ziburu\/#primaryimage","url":"https:\/\/relaisgourmet.com\/wp-content\/uploads\/2024\/09\/coffret-1005-1.jpg","contentUrl":"https:\/\/relaisgourmet.com\/wp-content\/uploads\/2024\/09\/coffret-1005-1.jpg","width":2500,"height":1667,"caption":"photographe d'entreprise, corporate, packshot, CV pau bearn pays basque"},{"@type":"BreadcrumbList","@id":"https:\/\/relaisgourmet.com\/de\/Produkt\/coffret-ziburu\/#breadcrumb","itemListElement":[{"@type":"ListItem","position":1,"name":"Startseite","item":"https:\/\/relaisgourmet.com\/de\/"},{"@type":"ListItem","position":2,"name":"Authentische Foie Gras","item":"https:\/\/relaisgourmet.com\/de\/authentische-foie-gras\/"},{"@type":"ListItem","position":3,"name":"Ziburu Geschenkset"}]},{"@type":"WebSite","@id":"https:\/\/relaisgourmet.com\/de\/#website","url":"https:\/\/relaisgourmet.com\/de\/","name":"Relais Gourmet","description":"Maison Gastronomique au Pays-Basque Depuis 2004","publisher":{"@id":"https:\/\/relaisgourmet.com\/de\/#organization"},"potentialAction":[{"@type":"SearchAction","target":{"@type":"EntryPoint","urlTemplate":"https:\/\/relaisgourmet.com\/de\/?s={search_term_string}"},"query-input":{"@type":"PropertyValueSpecification","valueRequired":true,"valueName":"search_term_string"}}],"inLanguage":"de"},{"@type":"Organization","@id":"https:\/\/relaisgourmet.com\/de\/#organization","name":"Relais Gourmet","url":"https:\/\/relaisgourmet.com\/de\/","logo":{"@type":"ImageObject","inLanguage":"de","@id":"https:\/\/relaisgourmet.com\/de\/#\/schema\/logo\/image\/","url":"https:\/\/relaisgourmet.com\/wp-content\/uploads\/2024\/11\/Diseno-sin-titulo-8.jpg","contentUrl":"https:\/\/relaisgourmet.com\/wp-content\/uploads\/2024\/11\/Diseno-sin-titulo-8.jpg","width":500,"height":500,"caption":"Relais Gourmet"},"image":{"@id":"https:\/\/relaisgourmet.com\/de\/#\/schema\/logo\/image\/"},"sameAs":["https:\/\/facebook.com\/yoast","https:\/\/instagram.com\/yoast"]}]}},"_links":{"self":[{"href":"https:\/\/relaisgourmet.com\/de\/wp-json\/wp\/v2\/product\/45137","targetHints":{"allow":["GET"]}}],"collection":[{"href":"https:\/\/relaisgourmet.com\/de\/wp-json\/wp\/v2\/product"}],"about":[{"href":"https:\/\/relaisgourmet.com\/de\/wp-json\/wp\/v2\/types\/product"}],"replies":[{"embeddable":true,"href":"https:\/\/relaisgourmet.com\/de\/wp-json\/wp\/v2\/comments?post=45137"}],"version-history":[{"count":6,"href":"https:\/\/relaisgourmet.com\/de\/wp-json\/wp\/v2\/product\/45137\/revisions"}],"predecessor-version":[{"id":54320,"href":"https:\/\/relaisgourmet.com\/de\/wp-json\/wp\/v2\/product\/45137\/revisions\/54320"}],"wp:featuredmedia":[{"embeddable":true,"href":"https:\/\/relaisgourmet.com\/de\/wp-json\/wp\/v2\/media\/40716"}],"wp:attachment":[{"href":"https:\/\/relaisgourmet.com\/de\/wp-json\/wp\/v2\/media?parent=45137"}],"wp:term":[{"taxonomy":"product_brand","embeddable":true,"href":"https:\/\/relaisgourmet.com\/de\/wp-json\/wp\/v2\/product_brand?post=45137"},{"taxonomy":"product_cat","embeddable":true,"href":"https:\/\/relaisgourmet.com\/de\/wp-json\/wp\/v2\/product_cat?post=45137"},{"taxonomy":"product_tag","embeddable":true,"href":"https:\/\/relaisgourmet.com\/de\/wp-json\/wp\/v2\/product_tag?post=45137"},{"taxonomy":"giftcard-category","embeddable":true,"href":"https:\/\/relaisgourmet.com\/de\/wp-json\/wp\/v2\/giftcard-category?post=45137"}],"curies":[{"name":"wp","href":"https:\/\/api.w.org\/{rel}","templated":true}]}}