{"id":45017,"date":"2024-09-16T17:17:36","date_gmt":"2024-09-16T15:17:36","guid":{"rendered":"https:\/\/relaisgourmet.com\/produit\/cofre-izarra\/"},"modified":"2025-04-09T22:38:54","modified_gmt":"2025-04-09T20:38:54","slug":"izarra-geschenkset","status":"publish","type":"product","link":"https:\/\/relaisgourmet.com\/de\/Produkt\/izarra-geschenkset\/","title":{"rendered":"Izarra Geschenkset"},"content":{"rendered":"<p><b>Entdecken Sie das Izarra Geschenkset: Ein Gourmetgeschenk Ideal f\u00fcr Ihre Aperitifs<\/b><\/p>\n<p><span style=\"font-weight: 400;\">Das <\/span><b>Izarra Geschenkset<\/b><span style=\"font-weight: 400;\"> von Relais Gourmet ist eine erlesene Auswahl an Produkten, perfekt, um Ihre Aperitifs zu bereichern. Ob zum Verschenken oder zum Selbstgenie\u00dfen, diese Box bietet einen wahren Schatz an authentischen Aromen. Relais Gourmet garantiert hochwertige Produkte, frei von Konservierungsstoffen, Farbstoffen und Zusatzstoffen, f\u00fcr ein nat\u00fcrliches und gesundes Geschmackserlebnis.<\/span><\/p>\n<p><b>Das Authentische und Raffinierte Izarra Geschenkset f\u00fcr Gemeinsame Genussmomente<\/b><\/p>\n<p><span style=\"font-weight: 400;\">Das <\/span><b>Izarra Geschenkset<\/b><span style=\"font-weight: 400;\"> besticht durch seine Einfachheit und Eleganz, ideal f\u00fcr festliche Anl\u00e4sse oder ungezwungene Treffen mit Freunden. Dieses Geschenk zu machen bedeutet, ein einzigartiges Gourmet-Erlebnis zu bieten, das das Beste des Terroirs zur Geltung bringt.<\/span><\/p>\n<p><b>Eine Erlesene Auswahl f\u00fcr Unvergessliche Aperitifs<\/b><\/p>\n<ul>\n<li style=\"font-weight: 400;\" aria-level=\"1\"><b>Natur-Entenstopfleber (200 g)<\/b><span style=\"font-weight: 400;\">: Diese hochwertige Stopfleber l\u00e4dt zum Genie\u00dfen ein. Hergestellt ohne Konservierungsstoffe und Zusatzstoffe, offenbart sie die Reinheit ihrer nat\u00fcrlichen Aromen.<\/span><\/li>\n<li style=\"font-weight: 400;\" aria-level=\"1\"><b>Flasche Champagner (750ml) <\/b><span style=\"font-weight: 400;\">: Zusammen mit der Stopfleber verleiht eine Flasche Champagner jedem Bissen mit ihren feinen Perlen und eleganten Aromen das gewisse Etwas.<\/span><\/li>\n<\/ul>\n<p><b>Lagerung und Verkostungstipps f\u00fcr das Izarra Geschenkset<\/b><\/p>\n<p><span style=\"font-weight: 400;\">Das <\/span><b>Izarra Geschenkset<\/b><span style=\"font-weight: 400;\"> kann bis zu 3 Jahre bei Raumtemperatur gelagert werden und ist damit das ideale Geschenk f\u00fcr jede Gelegenheit. Nach dem \u00d6ffnen sollte die Stopfleber innerhalb von 15 Tagen verzehrt und im K\u00fchlschrank aufbewahrt werden, um ihre Frische und ihren authentischen Geschmack zu bewahren.<\/span><\/p>\n<p><b>Tipps und Ideen zur Veredelung des Izarra Geschenksets<\/b><\/p>\n<p><span style=\"font-weight: 400;\">Auf unserem Blog und unserer Instagram-Seite finden Sie alle unsere Tipps, um das <\/span><b>Izarra Geschenkset<\/b><span style=\"font-weight: 400;\"> optimal zu genie\u00dfen. Entdecken Sie originelle Ideen f\u00fcr raffinierte Aperitifs, die Ihre G\u00e4ste beeindrucken werden.<\/span><\/p>\n<p><span style=\"font-weight: 400;\">Das <\/span><b>Izarra Geschenkset<\/b><span style=\"font-weight: 400;\"> ist das perfekte Geschenk f\u00fcr Feinschmecker. Ob f\u00fcr einen besonderen Anlass oder einfach nur zum Genie\u00dfen au\u00dfergew\u00f6hnlicher Produkte, diese Box garantiert einen erfolgreichen Moment des kulinarischen Genusses.<\/span><\/p>\n","protected":false},"excerpt":{"rendered":"<p>Entdecken Sie den Cofre Izarra von Relais Gourmet, einen unwiderstehlichen Aperitif.<br \/>\n\u00a1Ein Ort, an dem Sie sich aufhalten k\u00f6nnen!<\/p>\n<p><img decoding=\"async\" class=\"emoji\" role=\"img\" draggable=\"false\" src=\"https:\/\/s.w.org\/images\/core\/emoji\/15.0.3\/svg\/1f1eb-1f1f7.svg\" alt=\"\ud83c\uddeb\ud83c\uddf7\" \/>\u00a0Produktion garantiert 100% franz\u00f6sisch<br \/>\n\u2714 Garantie ohne Konservierungsstoffe, ohne Zusatzstoffe und ohne Farbstoffe.<br \/>\n\ud83c\udf43 Enten mit gelbem Mais gef\u00fcttert<br \/>\n\ud83d\ude9a Schnelle Lieferung weltweit<br \/>\n\ud83d\udd53 Haltbar 3 Jahre<br \/>\n\ud83d\udd10 Sichere Bezahlung<\/p>\n<p>Nettogewicht: 950g<\/p>\n","protected":false},"featured_media":40822,"comment_status":"closed","ping_status":"closed","template":"","meta":[],"product_brand":[],"product_cat":[1274,1278],"product_tag":[],"giftcard-category":[],"class_list":{"0":"post-45017","1":"product","2":"type-product","3":"status-publish","4":"has-post-thumbnail","6":"product_cat-geschenkboxen","7":"product_cat-gourmet-geschenke","9":"first","10":"instock","11":"taxable","12":"shipping-taxable","13":"purchasable","14":"product-type-simple"},"yoast_head":"<!-- This site is optimized with the Yoast SEO Premium plugin v27.0 (Yoast SEO v27.0) - https:\/\/yoast.com\/product\/yoast-seo-premium-wordpress\/ -->\n<title>Izarra Geschenkbox \u2013 Geschenkidee f\u00fcr Feinschmecker<\/title>\n<meta name=\"description\" content=\"D\u00e9couvrez notre fabuleux Coffret Gourmet Izarra, \u00e0 partager entre amoureux, il est id\u00e9al pour la saint-valentin, avec un mariage parfait\" \/>\n<meta name=\"robots\" content=\"index, follow, max-snippet:-1, max-image-preview:large, max-video-preview:-1\" \/>\n<link rel=\"canonical\" href=\"https:\/\/relaisgourmet.com\/de\/Produkt\/izarra-geschenkset\/\" \/>\n<meta property=\"og:locale\" content=\"de_DE\" \/>\n<meta property=\"og:type\" content=\"article\" \/>\n<meta property=\"og:title\" content=\"Izarra Geschenkset\" \/>\n<meta property=\"og:description\" content=\"D\u00e9couvrez notre fabuleux Coffret Gourmet Izarra, \u00e0 partager entre amoureux, il est id\u00e9al pour la saint-valentin, avec un mariage parfait\" \/>\n<meta property=\"og:url\" content=\"https:\/\/relaisgourmet.com\/de\/Produkt\/izarra-geschenkset\/\" \/>\n<meta property=\"og:site_name\" content=\"Relais Gourmet\" \/>\n<meta property=\"article:publisher\" content=\"https:\/\/facebook.com\/yoast\" \/>\n<meta property=\"article:modified_time\" content=\"2025-04-09T20:38:54+00:00\" \/>\n<meta property=\"og:image\" content=\"https:\/\/relaisgourmet.com\/wp-content\/uploads\/2024\/09\/coffret-amoureux1.jpg\" \/>\n\t<meta property=\"og:image:width\" content=\"2500\" \/>\n\t<meta property=\"og:image:height\" content=\"1667\" \/>\n\t<meta property=\"og:image:type\" content=\"image\/jpeg\" \/>\n<meta name=\"twitter:card\" content=\"summary_large_image\" \/>\n<meta name=\"twitter:label1\" content=\"Gesch\u00e4tzte Lesezeit\" \/>\n\t<meta name=\"twitter:data1\" content=\"2\u00a0Minute\" \/>\n<script type=\"application\/ld+json\" class=\"yoast-schema-graph\">{\"@context\":\"https:\/\/schema.org\",\"@graph\":[{\"@type\":\"WebPage\",\"@id\":\"https:\/\/relaisgourmet.com\/de\/Produkt\/izarra-geschenkset\/\",\"url\":\"https:\/\/relaisgourmet.com\/de\/Produkt\/izarra-geschenkset\/\",\"name\":\"Izarra Geschenkbox \u2013 Geschenkidee f\u00fcr Feinschmecker\",\"isPartOf\":{\"@id\":\"https:\/\/relaisgourmet.com\/de\/#website\"},\"primaryImageOfPage\":{\"@id\":\"https:\/\/relaisgourmet.com\/de\/Produkt\/izarra-geschenkset\/#primaryimage\"},\"image\":{\"@id\":\"https:\/\/relaisgourmet.com\/de\/Produkt\/izarra-geschenkset\/#primaryimage\"},\"thumbnailUrl\":\"https:\/\/relaisgourmet.com\/wp-content\/uploads\/2024\/09\/coffret-amoureux1.jpg\",\"datePublished\":\"2024-09-16T15:17:36+00:00\",\"dateModified\":\"2025-04-09T20:38:54+00:00\",\"description\":\"D\u00e9couvrez notre fabuleux Coffret Gourmet Izarra, \u00e0 partager entre amoureux, il est id\u00e9al pour la saint-valentin, avec un mariage parfait\",\"breadcrumb\":{\"@id\":\"https:\/\/relaisgourmet.com\/de\/Produkt\/izarra-geschenkset\/#breadcrumb\"},\"inLanguage\":\"de\",\"potentialAction\":[{\"@type\":\"ReadAction\",\"target\":[\"https:\/\/relaisgourmet.com\/de\/Produkt\/izarra-geschenkset\/\"]}]},{\"@type\":\"ImageObject\",\"inLanguage\":\"de\",\"@id\":\"https:\/\/relaisgourmet.com\/de\/Produkt\/izarra-geschenkset\/#primaryimage\",\"url\":\"https:\/\/relaisgourmet.com\/wp-content\/uploads\/2024\/09\/coffret-amoureux1.jpg\",\"contentUrl\":\"https:\/\/relaisgourmet.com\/wp-content\/uploads\/2024\/09\/coffret-amoureux1.jpg\",\"width\":2500,\"height\":1667},{\"@type\":\"BreadcrumbList\",\"@id\":\"https:\/\/relaisgourmet.com\/de\/Produkt\/izarra-geschenkset\/#breadcrumb\",\"itemListElement\":[{\"@type\":\"ListItem\",\"position\":1,\"name\":\"Startseite\",\"item\":\"https:\/\/relaisgourmet.com\/de\/\"},{\"@type\":\"ListItem\",\"position\":2,\"name\":\"Authentische Foie Gras\",\"item\":\"https:\/\/relaisgourmet.com\/de\/authentische-foie-gras\/\"},{\"@type\":\"ListItem\",\"position\":3,\"name\":\"Izarra Geschenkset\"}]},{\"@type\":\"WebSite\",\"@id\":\"https:\/\/relaisgourmet.com\/de\/#website\",\"url\":\"https:\/\/relaisgourmet.com\/de\/\",\"name\":\"Relais Gourmet\",\"description\":\"Maison Gastronomique au Pays-Basque Depuis 2004\",\"publisher\":{\"@id\":\"https:\/\/relaisgourmet.com\/de\/#organization\"},\"potentialAction\":[{\"@type\":\"SearchAction\",\"target\":{\"@type\":\"EntryPoint\",\"urlTemplate\":\"https:\/\/relaisgourmet.com\/de\/?s={search_term_string}\"},\"query-input\":{\"@type\":\"PropertyValueSpecification\",\"valueRequired\":true,\"valueName\":\"search_term_string\"}}],\"inLanguage\":\"de\"},{\"@type\":\"Organization\",\"@id\":\"https:\/\/relaisgourmet.com\/de\/#organization\",\"name\":\"Relais Gourmet\",\"url\":\"https:\/\/relaisgourmet.com\/de\/\",\"logo\":{\"@type\":\"ImageObject\",\"inLanguage\":\"de\",\"@id\":\"https:\/\/relaisgourmet.com\/de\/#\/schema\/logo\/image\/\",\"url\":\"https:\/\/relaisgourmet.com\/wp-content\/uploads\/2024\/11\/Diseno-sin-titulo-8.jpg\",\"contentUrl\":\"https:\/\/relaisgourmet.com\/wp-content\/uploads\/2024\/11\/Diseno-sin-titulo-8.jpg\",\"width\":500,\"height\":500,\"caption\":\"Relais Gourmet\"},\"image\":{\"@id\":\"https:\/\/relaisgourmet.com\/de\/#\/schema\/logo\/image\/\"},\"sameAs\":[\"https:\/\/facebook.com\/yoast\",\"https:\/\/instagram.com\/yoast\"]}]}<\/script>\n<!-- \/ Yoast SEO Premium plugin. -->","yoast_head_json":{"title":"Izarra Geschenkbox \u2013 Geschenkidee f\u00fcr Feinschmecker","description":"D\u00e9couvrez notre fabuleux Coffret Gourmet Izarra, \u00e0 partager entre amoureux, il est id\u00e9al pour la saint-valentin, avec un mariage parfait","robots":{"index":"index","follow":"follow","max-snippet":"max-snippet:-1","max-image-preview":"max-image-preview:large","max-video-preview":"max-video-preview:-1"},"canonical":"https:\/\/relaisgourmet.com\/de\/Produkt\/izarra-geschenkset\/","og_locale":"de_DE","og_type":"article","og_title":"Izarra Geschenkset","og_description":"D\u00e9couvrez notre fabuleux Coffret Gourmet Izarra, \u00e0 partager entre amoureux, il est id\u00e9al pour la saint-valentin, avec un mariage parfait","og_url":"https:\/\/relaisgourmet.com\/de\/Produkt\/izarra-geschenkset\/","og_site_name":"Relais Gourmet","article_publisher":"https:\/\/facebook.com\/yoast","article_modified_time":"2025-04-09T20:38:54+00:00","og_image":[{"width":2500,"height":1667,"url":"https:\/\/relaisgourmet.com\/wp-content\/uploads\/2024\/09\/coffret-amoureux1.jpg","type":"image\/jpeg"}],"twitter_card":"summary_large_image","twitter_misc":{"Gesch\u00e4tzte Lesezeit":"2\u00a0Minute"},"schema":{"@context":"https:\/\/schema.org","@graph":[{"@type":"WebPage","@id":"https:\/\/relaisgourmet.com\/de\/Produkt\/izarra-geschenkset\/","url":"https:\/\/relaisgourmet.com\/de\/Produkt\/izarra-geschenkset\/","name":"Izarra Geschenkbox \u2013 Geschenkidee f\u00fcr Feinschmecker","isPartOf":{"@id":"https:\/\/relaisgourmet.com\/de\/#website"},"primaryImageOfPage":{"@id":"https:\/\/relaisgourmet.com\/de\/Produkt\/izarra-geschenkset\/#primaryimage"},"image":{"@id":"https:\/\/relaisgourmet.com\/de\/Produkt\/izarra-geschenkset\/#primaryimage"},"thumbnailUrl":"https:\/\/relaisgourmet.com\/wp-content\/uploads\/2024\/09\/coffret-amoureux1.jpg","datePublished":"2024-09-16T15:17:36+00:00","dateModified":"2025-04-09T20:38:54+00:00","description":"D\u00e9couvrez notre fabuleux Coffret Gourmet Izarra, \u00e0 partager entre amoureux, il est id\u00e9al pour la saint-valentin, avec un mariage parfait","breadcrumb":{"@id":"https:\/\/relaisgourmet.com\/de\/Produkt\/izarra-geschenkset\/#breadcrumb"},"inLanguage":"de","potentialAction":[{"@type":"ReadAction","target":["https:\/\/relaisgourmet.com\/de\/Produkt\/izarra-geschenkset\/"]}]},{"@type":"ImageObject","inLanguage":"de","@id":"https:\/\/relaisgourmet.com\/de\/Produkt\/izarra-geschenkset\/#primaryimage","url":"https:\/\/relaisgourmet.com\/wp-content\/uploads\/2024\/09\/coffret-amoureux1.jpg","contentUrl":"https:\/\/relaisgourmet.com\/wp-content\/uploads\/2024\/09\/coffret-amoureux1.jpg","width":2500,"height":1667},{"@type":"BreadcrumbList","@id":"https:\/\/relaisgourmet.com\/de\/Produkt\/izarra-geschenkset\/#breadcrumb","itemListElement":[{"@type":"ListItem","position":1,"name":"Startseite","item":"https:\/\/relaisgourmet.com\/de\/"},{"@type":"ListItem","position":2,"name":"Authentische Foie Gras","item":"https:\/\/relaisgourmet.com\/de\/authentische-foie-gras\/"},{"@type":"ListItem","position":3,"name":"Izarra Geschenkset"}]},{"@type":"WebSite","@id":"https:\/\/relaisgourmet.com\/de\/#website","url":"https:\/\/relaisgourmet.com\/de\/","name":"Relais Gourmet","description":"Maison Gastronomique au Pays-Basque Depuis 2004","publisher":{"@id":"https:\/\/relaisgourmet.com\/de\/#organization"},"potentialAction":[{"@type":"SearchAction","target":{"@type":"EntryPoint","urlTemplate":"https:\/\/relaisgourmet.com\/de\/?s={search_term_string}"},"query-input":{"@type":"PropertyValueSpecification","valueRequired":true,"valueName":"search_term_string"}}],"inLanguage":"de"},{"@type":"Organization","@id":"https:\/\/relaisgourmet.com\/de\/#organization","name":"Relais Gourmet","url":"https:\/\/relaisgourmet.com\/de\/","logo":{"@type":"ImageObject","inLanguage":"de","@id":"https:\/\/relaisgourmet.com\/de\/#\/schema\/logo\/image\/","url":"https:\/\/relaisgourmet.com\/wp-content\/uploads\/2024\/11\/Diseno-sin-titulo-8.jpg","contentUrl":"https:\/\/relaisgourmet.com\/wp-content\/uploads\/2024\/11\/Diseno-sin-titulo-8.jpg","width":500,"height":500,"caption":"Relais Gourmet"},"image":{"@id":"https:\/\/relaisgourmet.com\/de\/#\/schema\/logo\/image\/"},"sameAs":["https:\/\/facebook.com\/yoast","https:\/\/instagram.com\/yoast"]}]}},"_links":{"self":[{"href":"https:\/\/relaisgourmet.com\/de\/wp-json\/wp\/v2\/product\/45017","targetHints":{"allow":["GET"]}}],"collection":[{"href":"https:\/\/relaisgourmet.com\/de\/wp-json\/wp\/v2\/product"}],"about":[{"href":"https:\/\/relaisgourmet.com\/de\/wp-json\/wp\/v2\/types\/product"}],"replies":[{"embeddable":true,"href":"https:\/\/relaisgourmet.com\/de\/wp-json\/wp\/v2\/comments?post=45017"}],"version-history":[{"count":6,"href":"https:\/\/relaisgourmet.com\/de\/wp-json\/wp\/v2\/product\/45017\/revisions"}],"predecessor-version":[{"id":54309,"href":"https:\/\/relaisgourmet.com\/de\/wp-json\/wp\/v2\/product\/45017\/revisions\/54309"}],"wp:featuredmedia":[{"embeddable":true,"href":"https:\/\/relaisgourmet.com\/de\/wp-json\/wp\/v2\/media\/40822"}],"wp:attachment":[{"href":"https:\/\/relaisgourmet.com\/de\/wp-json\/wp\/v2\/media?parent=45017"}],"wp:term":[{"taxonomy":"product_brand","embeddable":true,"href":"https:\/\/relaisgourmet.com\/de\/wp-json\/wp\/v2\/product_brand?post=45017"},{"taxonomy":"product_cat","embeddable":true,"href":"https:\/\/relaisgourmet.com\/de\/wp-json\/wp\/v2\/product_cat?post=45017"},{"taxonomy":"product_tag","embeddable":true,"href":"https:\/\/relaisgourmet.com\/de\/wp-json\/wp\/v2\/product_tag?post=45017"},{"taxonomy":"giftcard-category","embeddable":true,"href":"https:\/\/relaisgourmet.com\/de\/wp-json\/wp\/v2\/giftcard-category?post=45017"}],"curies":[{"name":"wp","href":"https:\/\/api.w.org\/{rel}","templated":true}]}}