{"id":44936,"date":"2024-09-17T11:24:48","date_gmt":"2024-09-17T09:24:48","guid":{"rendered":"https:\/\/relaisgourmet.com\/produit\/coffret-ondarroa\/"},"modified":"2025-04-09T22:38:54","modified_gmt":"2025-04-09T20:38:54","slug":"ondarroa-box","status":"publish","type":"product","link":"https:\/\/relaisgourmet.com\/de\/Produkt\/ondarroa-box\/","title":{"rendered":"Geschenkset Ondarroa"},"content":{"rendered":"<p><strong>Entdecken Sie das Ondarroa Geschenkset: ein unvergessliches gastronomisches Erlebnis<\/strong><\/p>\n<p><span style=\"font-weight: 400;\">Das <strong>Ondarroa-Set<\/strong> von<strong> Relais Gourmet<\/strong> l\u00e4dt Sie zu einem einzigartigen kulinarischen Erlebnis ein. Ob als Aperitif, als Begleitung zu einem improvisierten Essen oder einfach als Geschenk, dieses Set passt zu jeder Gelegenheit. Eine ideale Geschenkidee oder ein Genuss, den Sie sofort genie\u00dfen sollten! Es wurde entworfen, um in geselligen Runden mit der Familie oder Freunden geteilt zu werden, um unvergessliche Erinnerungen mit au\u00dfergew\u00f6hnlichen Gerichten zu schaffen.  <\/span><\/p>\n<p><strong>Das Ondarroa-Sortiment<\/strong> ist garantiert <strong> frei von Konservierungsmitteln, Farbstoffen und Zusatzstoffen<\/strong>.<\/p>\n<p><span style=\"font-weight: 400;\"><strong>Zusammensetzung des Ondarroa-Sets<\/strong><\/span><\/p>\n<ul>\n<li><span style=\"font-weight: 400;\"><strong>Ganze Leberpastete Natur (200g)<\/strong>: Eine nat\u00fcrliche Geschmacksexplosion, ohne Konservierungsstoffe.<\/span><\/li>\n<li><span style=\"font-weight: 400;\"><strong>Ganze fettige Leber mit schwarzem Tr\u00fcffel (200g)<\/strong>: Ein Hauch von Eleganz mit dem zarten Aroma des schwarzen Tr\u00fcffels.<\/span><\/li>\n<li><span style=\"font-weight: 400;\"><strong>Flasche Champagner (750 ml)<\/strong>: Um diese au\u00dfergew\u00f6hnlichen Gerichte mit Finesse und Eleganz zu begleiten.<\/span><\/li>\n<\/ul>\n<p>&nbsp;<\/p>\n<p><b>Aufbewahrung und Verkostungstipps f\u00fcr das Ondarroa-Set<\/b><\/p>\n<p><b>Geschenkset Ondarroa<\/b> <span style=\"font-weight: 400;\">hat eine lange Haltbarkeit von 3 Jahren bei Raumtemperatur. Nach dem \u00d6ffnen sollten die Produkte innerhalb von 15 Tagen verbraucht werden und im K\u00fchlschrank aufbewahrt werden, um ihre Frische und ihren Geschmack zu bewahren.<\/span><\/p>\n<p><strong>Tipps und Tricks, um Ihre Ondarroa-Schatulle zu veredeln<\/strong><\/p>\n<p><span style=\"font-weight: 400;\">Verpassen Sie nicht unsere Tipps und Tricks in unserem Blog und auf unserer Instagram-Seite, um das Beste aus Ihrem Ondarroa Geschenkset zu machen. Unsere Vorschl\u00e4ge werden Ihnen helfen, jede Verkostung zu einem au\u00dfergew\u00f6hnlichen Erlebnis zu machen.<\/span><\/p>\n<p><strong>Schenken oder sich selbst verw\u00f6hnen<\/strong><\/p>\n<p><span style=\"font-weight: 400;\">Ob f\u00fcr ein besonderes Ereignis, ein raffiniertes Geschenk oder einfach nur, um eine k\u00f6stliche Mahlzeit zu genie\u00dfen, das Ondarroa Geschenkset ist die perfekte Wahl f\u00fcr alle, die die franz\u00f6sische Gastronomie von ihrer besten Seite sch\u00e4tzen.<\/span><\/p>\n","protected":false},"excerpt":{"rendered":"<p>Entdecken Sie das Ondarroa-Set, eine Gourmet-Auswahl, die sich perfekt f\u00fcr alle Ihre geselligen Momente eignet.<\/p>\n<p><img decoding=\"async\" class=\"emoji\" role=\"img\" src=\"https:\/\/s.w.org\/images\/core\/emoji\/15.0.3\/svg\/1f1eb-1f1f7.svg\" alt=\"\ud83c\uddeb\ud83c\uddf7\">  Garantierte 100%ige franz\u00f6sische Produktion<br \/>\n\u2714 Garantiert frei von Konservierungsmitteln, Zusatzstoffen und Farbstoffen.<br \/>\n\ud83c\udf43 Mit gelbem Mais gef\u00fctterte Enten<br \/>\n\ud83d\ude9a Schnelle Lieferung in die ganze Welt<br \/>\n\ud83d\udd53 3 Jahre haltbar<br \/>\n\ud83d\udd10 Sichere Zahlung<\/p>\n<p>Nettogewicht: 1.15 kg<\/p>\n","protected":false},"featured_media":40874,"comment_status":"closed","ping_status":"closed","template":"","meta":[],"product_brand":[],"product_cat":[1274,1283],"product_tag":[],"giftcard-category":[],"class_list":{"0":"post-44936","1":"product","2":"type-product","3":"status-publish","4":"has-post-thumbnail","6":"product_cat-geschenkboxen","7":"product_cat-prestigegeschenke","9":"first","10":"instock","11":"taxable","12":"shipping-taxable","13":"purchasable","14":"product-type-simple"},"yoast_head":"<!-- This site is optimized with the Yoast SEO Premium plugin v27.4 (Yoast SEO v27.5) - https:\/\/yoast.com\/product\/yoast-seo-premium-wordpress\/ -->\n<title>Ondarroa Geschenkset \u2013 Baskischer Charme &amp; Genuss<\/title>\n<meta name=\"description\" content=\"Entdecken Sie unsere Geschenkbox Ondarroa, die ideal f\u00fcr den Valentinstag oder f\u00fcr ein Essen mit Verliebten ist. Seien Sie verf\u00fchrerisch mit diesem Geschenkset\" \/>\n<meta name=\"robots\" content=\"index, follow, max-snippet:-1, max-image-preview:large, max-video-preview:-1\" \/>\n<link rel=\"canonical\" href=\"https:\/\/relaisgourmet.com\/de\/Produkt\/ondarroa-box\/\" \/>\n<meta property=\"og:locale\" content=\"de_DE\" \/>\n<meta property=\"og:type\" content=\"article\" \/>\n<meta property=\"og:title\" content=\"Geschenkset Ondarroa\" \/>\n<meta property=\"og:description\" content=\"Entdecken Sie unsere Geschenkbox Ondarroa, die ideal f\u00fcr den Valentinstag oder f\u00fcr ein Essen mit Verliebten ist. Seien Sie verf\u00fchrerisch mit diesem Geschenkset\" \/>\n<meta property=\"og:url\" content=\"https:\/\/relaisgourmet.com\/de\/Produkt\/ondarroa-box\/\" \/>\n<meta property=\"og:site_name\" content=\"Relais Gourmet\" \/>\n<meta property=\"article:publisher\" content=\"https:\/\/facebook.com\/yoast\" \/>\n<meta property=\"article:modified_time\" content=\"2025-04-09T20:38:54+00:00\" \/>\n<meta property=\"og:image\" content=\"https:\/\/relaisgourmet.com\/wp-content\/uploads\/2024\/09\/coffret-amoureux2-2-1.jpg\" \/>\n\t<meta property=\"og:image:width\" content=\"2500\" \/>\n\t<meta property=\"og:image:height\" content=\"1667\" \/>\n\t<meta property=\"og:image:type\" content=\"image\/jpeg\" \/>\n<meta name=\"twitter:card\" content=\"summary_large_image\" \/>\n<meta name=\"twitter:label1\" content=\"Gesch\u00e4tzte Lesezeit\" \/>\n\t<meta name=\"twitter:data1\" content=\"1\u00a0Minute\" \/>\n<script type=\"application\/ld+json\" class=\"yoast-schema-graph\">{\"@context\":\"https:\\\/\\\/schema.org\",\"@graph\":[{\"@type\":\"WebPage\",\"@id\":\"https:\\\/\\\/relaisgourmet.com\\\/de\\\/Produkt\\\/ondarroa-box\\\/\",\"url\":\"https:\\\/\\\/relaisgourmet.com\\\/de\\\/Produkt\\\/ondarroa-box\\\/\",\"name\":\"Ondarroa Geschenkset \u2013 Baskischer Charme & Genuss\",\"isPartOf\":{\"@id\":\"https:\\\/\\\/relaisgourmet.com\\\/de\\\/#website\"},\"primaryImageOfPage\":{\"@id\":\"https:\\\/\\\/relaisgourmet.com\\\/de\\\/Produkt\\\/ondarroa-box\\\/#primaryimage\"},\"image\":{\"@id\":\"https:\\\/\\\/relaisgourmet.com\\\/de\\\/Produkt\\\/ondarroa-box\\\/#primaryimage\"},\"thumbnailUrl\":\"https:\\\/\\\/relaisgourmet.com\\\/wp-content\\\/uploads\\\/2024\\\/09\\\/coffret-amoureux2-2-1.jpg\",\"datePublished\":\"2024-09-17T09:24:48+00:00\",\"dateModified\":\"2025-04-09T20:38:54+00:00\",\"description\":\"Entdecken Sie unsere Geschenkbox Ondarroa, die ideal f\u00fcr den Valentinstag oder f\u00fcr ein Essen mit Verliebten ist. Seien Sie verf\u00fchrerisch mit diesem Geschenkset\",\"breadcrumb\":{\"@id\":\"https:\\\/\\\/relaisgourmet.com\\\/de\\\/Produkt\\\/ondarroa-box\\\/#breadcrumb\"},\"inLanguage\":\"de\",\"potentialAction\":[{\"@type\":\"ReadAction\",\"target\":[\"https:\\\/\\\/relaisgourmet.com\\\/de\\\/Produkt\\\/ondarroa-box\\\/\"]}]},{\"@type\":\"ImageObject\",\"inLanguage\":\"de\",\"@id\":\"https:\\\/\\\/relaisgourmet.com\\\/de\\\/Produkt\\\/ondarroa-box\\\/#primaryimage\",\"url\":\"https:\\\/\\\/relaisgourmet.com\\\/wp-content\\\/uploads\\\/2024\\\/09\\\/coffret-amoureux2-2-1.jpg\",\"contentUrl\":\"https:\\\/\\\/relaisgourmet.com\\\/wp-content\\\/uploads\\\/2024\\\/09\\\/coffret-amoureux2-2-1.jpg\",\"width\":2500,\"height\":1667},{\"@type\":\"BreadcrumbList\",\"@id\":\"https:\\\/\\\/relaisgourmet.com\\\/de\\\/Produkt\\\/ondarroa-box\\\/#breadcrumb\",\"itemListElement\":[{\"@type\":\"ListItem\",\"position\":1,\"name\":\"Startseite\",\"item\":\"https:\\\/\\\/relaisgourmet.com\\\/de\\\/\"},{\"@type\":\"ListItem\",\"position\":2,\"name\":\"Authentische Foie Gras\",\"item\":\"https:\\\/\\\/relaisgourmet.com\\\/de\\\/authentische-foie-gras\\\/\"},{\"@type\":\"ListItem\",\"position\":3,\"name\":\"Geschenkset Ondarroa\"}]},{\"@type\":\"WebSite\",\"@id\":\"https:\\\/\\\/relaisgourmet.com\\\/de\\\/#website\",\"url\":\"https:\\\/\\\/relaisgourmet.com\\\/de\\\/\",\"name\":\"Relais Gourmet\",\"description\":\"Maison Gastronomique au Pays-Basque Depuis 2004\",\"publisher\":{\"@id\":\"https:\\\/\\\/relaisgourmet.com\\\/de\\\/#organization\"},\"potentialAction\":[{\"@type\":\"SearchAction\",\"target\":{\"@type\":\"EntryPoint\",\"urlTemplate\":\"https:\\\/\\\/relaisgourmet.com\\\/de\\\/?s={search_term_string}\"},\"query-input\":{\"@type\":\"PropertyValueSpecification\",\"valueRequired\":true,\"valueName\":\"search_term_string\"}}],\"inLanguage\":\"de\"},{\"@type\":\"Organization\",\"@id\":\"https:\\\/\\\/relaisgourmet.com\\\/de\\\/#organization\",\"name\":\"Relais Gourmet\",\"url\":\"https:\\\/\\\/relaisgourmet.com\\\/de\\\/\",\"logo\":{\"@type\":\"ImageObject\",\"inLanguage\":\"de\",\"@id\":\"https:\\\/\\\/relaisgourmet.com\\\/de\\\/#\\\/schema\\\/logo\\\/image\\\/\",\"url\":\"https:\\\/\\\/relaisgourmet.com\\\/wp-content\\\/uploads\\\/2024\\\/11\\\/Diseno-sin-titulo-8.jpg\",\"contentUrl\":\"https:\\\/\\\/relaisgourmet.com\\\/wp-content\\\/uploads\\\/2024\\\/11\\\/Diseno-sin-titulo-8.jpg\",\"width\":500,\"height\":500,\"caption\":\"Relais Gourmet\"},\"image\":{\"@id\":\"https:\\\/\\\/relaisgourmet.com\\\/de\\\/#\\\/schema\\\/logo\\\/image\\\/\"},\"sameAs\":[\"https:\\\/\\\/facebook.com\\\/yoast\",\"https:\\\/\\\/instagram.com\\\/yoast\"]}]}<\/script>\n<!-- \/ Yoast SEO Premium plugin. -->","yoast_head_json":{"title":"Ondarroa Geschenkset \u2013 Baskischer Charme & Genuss","description":"Entdecken Sie unsere Geschenkbox Ondarroa, die ideal f\u00fcr den Valentinstag oder f\u00fcr ein Essen mit Verliebten ist. Seien Sie verf\u00fchrerisch mit diesem Geschenkset","robots":{"index":"index","follow":"follow","max-snippet":"max-snippet:-1","max-image-preview":"max-image-preview:large","max-video-preview":"max-video-preview:-1"},"canonical":"https:\/\/relaisgourmet.com\/de\/Produkt\/ondarroa-box\/","og_locale":"de_DE","og_type":"article","og_title":"Geschenkset Ondarroa","og_description":"Entdecken Sie unsere Geschenkbox Ondarroa, die ideal f\u00fcr den Valentinstag oder f\u00fcr ein Essen mit Verliebten ist. Seien Sie verf\u00fchrerisch mit diesem Geschenkset","og_url":"https:\/\/relaisgourmet.com\/de\/Produkt\/ondarroa-box\/","og_site_name":"Relais Gourmet","article_publisher":"https:\/\/facebook.com\/yoast","article_modified_time":"2025-04-09T20:38:54+00:00","og_image":[{"width":2500,"height":1667,"url":"https:\/\/relaisgourmet.com\/wp-content\/uploads\/2024\/09\/coffret-amoureux2-2-1.jpg","type":"image\/jpeg"}],"twitter_card":"summary_large_image","twitter_misc":{"Gesch\u00e4tzte Lesezeit":"1\u00a0Minute"},"schema":{"@context":"https:\/\/schema.org","@graph":[{"@type":"WebPage","@id":"https:\/\/relaisgourmet.com\/de\/Produkt\/ondarroa-box\/","url":"https:\/\/relaisgourmet.com\/de\/Produkt\/ondarroa-box\/","name":"Ondarroa Geschenkset \u2013 Baskischer Charme & Genuss","isPartOf":{"@id":"https:\/\/relaisgourmet.com\/de\/#website"},"primaryImageOfPage":{"@id":"https:\/\/relaisgourmet.com\/de\/Produkt\/ondarroa-box\/#primaryimage"},"image":{"@id":"https:\/\/relaisgourmet.com\/de\/Produkt\/ondarroa-box\/#primaryimage"},"thumbnailUrl":"https:\/\/relaisgourmet.com\/wp-content\/uploads\/2024\/09\/coffret-amoureux2-2-1.jpg","datePublished":"2024-09-17T09:24:48+00:00","dateModified":"2025-04-09T20:38:54+00:00","description":"Entdecken Sie unsere Geschenkbox Ondarroa, die ideal f\u00fcr den Valentinstag oder f\u00fcr ein Essen mit Verliebten ist. Seien Sie verf\u00fchrerisch mit diesem Geschenkset","breadcrumb":{"@id":"https:\/\/relaisgourmet.com\/de\/Produkt\/ondarroa-box\/#breadcrumb"},"inLanguage":"de","potentialAction":[{"@type":"ReadAction","target":["https:\/\/relaisgourmet.com\/de\/Produkt\/ondarroa-box\/"]}]},{"@type":"ImageObject","inLanguage":"de","@id":"https:\/\/relaisgourmet.com\/de\/Produkt\/ondarroa-box\/#primaryimage","url":"https:\/\/relaisgourmet.com\/wp-content\/uploads\/2024\/09\/coffret-amoureux2-2-1.jpg","contentUrl":"https:\/\/relaisgourmet.com\/wp-content\/uploads\/2024\/09\/coffret-amoureux2-2-1.jpg","width":2500,"height":1667},{"@type":"BreadcrumbList","@id":"https:\/\/relaisgourmet.com\/de\/Produkt\/ondarroa-box\/#breadcrumb","itemListElement":[{"@type":"ListItem","position":1,"name":"Startseite","item":"https:\/\/relaisgourmet.com\/de\/"},{"@type":"ListItem","position":2,"name":"Authentische Foie Gras","item":"https:\/\/relaisgourmet.com\/de\/authentische-foie-gras\/"},{"@type":"ListItem","position":3,"name":"Geschenkset Ondarroa"}]},{"@type":"WebSite","@id":"https:\/\/relaisgourmet.com\/de\/#website","url":"https:\/\/relaisgourmet.com\/de\/","name":"Relais Gourmet","description":"Maison Gastronomique au Pays-Basque Depuis 2004","publisher":{"@id":"https:\/\/relaisgourmet.com\/de\/#organization"},"potentialAction":[{"@type":"SearchAction","target":{"@type":"EntryPoint","urlTemplate":"https:\/\/relaisgourmet.com\/de\/?s={search_term_string}"},"query-input":{"@type":"PropertyValueSpecification","valueRequired":true,"valueName":"search_term_string"}}],"inLanguage":"de"},{"@type":"Organization","@id":"https:\/\/relaisgourmet.com\/de\/#organization","name":"Relais Gourmet","url":"https:\/\/relaisgourmet.com\/de\/","logo":{"@type":"ImageObject","inLanguage":"de","@id":"https:\/\/relaisgourmet.com\/de\/#\/schema\/logo\/image\/","url":"https:\/\/relaisgourmet.com\/wp-content\/uploads\/2024\/11\/Diseno-sin-titulo-8.jpg","contentUrl":"https:\/\/relaisgourmet.com\/wp-content\/uploads\/2024\/11\/Diseno-sin-titulo-8.jpg","width":500,"height":500,"caption":"Relais Gourmet"},"image":{"@id":"https:\/\/relaisgourmet.com\/de\/#\/schema\/logo\/image\/"},"sameAs":["https:\/\/facebook.com\/yoast","https:\/\/instagram.com\/yoast"]}]}},"_links":{"self":[{"href":"https:\/\/relaisgourmet.com\/de\/wp-json\/wp\/v2\/product\/44936","targetHints":{"allow":["GET"]}}],"collection":[{"href":"https:\/\/relaisgourmet.com\/de\/wp-json\/wp\/v2\/product"}],"about":[{"href":"https:\/\/relaisgourmet.com\/de\/wp-json\/wp\/v2\/types\/product"}],"replies":[{"embeddable":true,"href":"https:\/\/relaisgourmet.com\/de\/wp-json\/wp\/v2\/comments?post=44936"}],"version-history":[{"count":0,"href":"https:\/\/relaisgourmet.com\/de\/wp-json\/wp\/v2\/product\/44936\/revisions"}],"wp:featuredmedia":[{"embeddable":true,"href":"https:\/\/relaisgourmet.com\/de\/wp-json\/wp\/v2\/media\/40874"}],"wp:attachment":[{"href":"https:\/\/relaisgourmet.com\/de\/wp-json\/wp\/v2\/media?parent=44936"}],"wp:term":[{"taxonomy":"product_brand","embeddable":true,"href":"https:\/\/relaisgourmet.com\/de\/wp-json\/wp\/v2\/product_brand?post=44936"},{"taxonomy":"product_cat","embeddable":true,"href":"https:\/\/relaisgourmet.com\/de\/wp-json\/wp\/v2\/product_cat?post=44936"},{"taxonomy":"product_tag","embeddable":true,"href":"https:\/\/relaisgourmet.com\/de\/wp-json\/wp\/v2\/product_tag?post=44936"},{"taxonomy":"giftcard-category","embeddable":true,"href":"https:\/\/relaisgourmet.com\/de\/wp-json\/wp\/v2\/giftcard-category?post=44936"}],"curies":[{"name":"wp","href":"https:\/\/api.w.org\/{rel}","templated":true}]}}