{"id":44921,"date":"2024-09-17T11:31:10","date_gmt":"2024-09-17T09:31:10","guid":{"rendered":"https:\/\/relaisgourmet.com\/produit\/ainhoa-appetizer-box\/"},"modified":"2025-12-01T01:17:21","modified_gmt":"2025-12-01T00:17:21","slug":"ainhoa-aperitif-set","status":"publish","type":"product","link":"https:\/\/relaisgourmet.com\/de\/Produkt\/ainhoa-aperitif-set\/","title":{"rendered":"Aperitif-Set Ainhoa"},"content":{"rendered":"<h4><b>Entdecken Sie das Ainhoa Aperitif-Set: ein Muss f\u00fcr gesellige Aperitifs.<\/b><\/h4>\n<p><span style=\"font-weight: 400;\">Die <\/span><b>Aperitifpaket Ainhoa<\/b><span style=\"font-weight: 400;\"> von <strong>Relais Gourmet<\/strong> ist eine sorgf\u00e4ltig zusammengestellte Auswahl, um Ihre gemeinsamen Momente zu veredeln.<\/span><\/p>\n<p><span style=\"font-weight: 400;\">Das ist das Versprechen von Relais Gourmet: Zutaten von h\u00f6chster Qualit\u00e4t, die die Traditionen respektieren, f\u00fcr Gourmetmomente.<\/span><\/p>\n<p><span style=\"font-weight: 400;\">Perfekt f\u00fcr einen Aperitif mit Freunden oder der Familie, ist dieses Set ein Vergn\u00fcgen, das Sie verschenken oder selbst erhalten k\u00f6nnen.<\/span><\/p>\n<p>Die Ainhoa Aperitif-Box ist garantiert <strong>frei von Konservierungsmitteln, Farbstoffen und Zusatzstoffen <\/strong>.  <\/p>\n<h4><strong>Zusammensetzung:  <\/strong><\/h4>\n<p><span style=\"font-weight: 400;\">Die <\/span><b>Ainhoa Aperitif-Set ist ein Geschenkset.<\/b><span style=\"font-weight: 400;\"> enth\u00e4lt drei au\u00dfergew\u00f6hnliche Zubereitungen, die alle von den Aromen des baskischen Terroirs inspiriert sind.<\/span><\/p>\n<ul>\n<li style=\"font-weight: 400;\" aria-level=\"1\"><strong>Gourmet-Aperitif mit Juran\u00e7on (180 g)<\/strong><span style=\"font-weight: 400;\">Aperitif: eine k\u00f6stliche Kombination aus cremigen Aromen und Juran\u00e7on, einem s\u00fc\u00dfen und fruchtigen Wein.<\/span><\/li>\n<li style=\"font-weight: 400;\" aria-level=\"1\"><strong>Gourmet Aperitif mit Armagnac (180 g)<\/strong><span style=\"font-weight: 400;\">Die perfekte Kombination aus reichhaltigem Geschmack und den Aromen von Armagnac, die ein raffiniertes Geschmackserlebnis bieten.<\/span><\/li>\n<li style=\"font-weight: 400;\" aria-level=\"1\"><strong>Gourmet Aperitif mit Piment d&#8217;Espelette (180 g)<\/strong><span style=\"font-weight: 400;\">Ein w\u00fcrziger Klassiker mit dem richtigen Ma\u00df an Sch\u00e4rfe, um Ihre Geschmacksnerven zu wecken, mit der emblematischen Piment d&#8217;Espelette.<\/span><\/li>\n<\/ul>\n<h4><\/h4>\n<h4><strong>Aufbewahrung :<\/strong><\/h4>\n<p><span style=\"font-weight: 400;\">3 Jahre bei Raumtemperatur, so dass Sie ihn nach Belieben genie\u00dfen k\u00f6nnen. Nach dem \u00d6ffnen sollten Sie ihn innerhalb von 15 Tagen verbrauchen und im K\u00fchlschrank aufbewahren, damit Sie ihn voll genie\u00dfen k\u00f6nnen.<\/span><\/p>\n<p>&nbsp;<\/p>\n<h4><b>Bereiten Sie sich auf einen Moment der Gaumenfreuden vor:<\/b><\/h4>\n<p><span style=\"font-weight: 400;\">Finden Sie in unserem <a href=\"https:\/\/relaisgourmet.com\/blog-foies-gras-actualite\/\">Blog<\/a> und auf unserer <a href=\"https:\/\/www.instagram.com\/relaisgourmetofficiel\/\">Instagram-Seite<\/a> kreative Ideen und Tipps, wie Sie die Produkte der Aperitif-Kollektion genie\u00dfen k\u00f6nnen. <\/span><b>Ainhoa Aperitif-Set<\/b><span style=\"font-weight: 400;\">.<\/span><\/p>\n<p><span style=\"font-weight: 400;\">Diese Tipps werden Ihnen helfen, unvergessliche gemeinsame Momente zu schaffen.<\/span><\/p>\n<p><span style=\"font-weight: 400;\">Die <\/span><b>Aperitif-Set Ainhoa<\/b><span style=\"font-weight: 400;\"> ist die ideale Wahl, um jeden Anlass in einen geselligen und authentischen Gourmetmoment zu verwandeln.<\/span><\/p>\n<p><span style=\"font-weight: 400;\">Relais Gourmet garantiert Ihnen mit diesem au\u00dfergew\u00f6hnlichen Set Aperitifs, die Ihren Erwartungen entsprechen.<\/span><\/p>\n","protected":false},"excerpt":{"rendered":"<p>Die Aperitif-Box Ainhoa von Relais Gourmet, perfekt f\u00fcr Ihre Aperitifs. Zum Genie\u00dfen oder Verschenken f\u00fcr alle Gelegenheiten!<\/p>\n<p><img decoding=\"async\" class=\"emoji\" role=\"img\" src=\"https:\/\/s.w.org\/images\/core\/emoji\/15.0.3\/svg\/1f1eb-1f1f7.svg\" alt=\"\ud83c\uddeb\ud83c\uddf7\">  Garantierte 100%ige franz\u00f6sische Produktion<br \/>\n\u2714 Garantiert frei von Konservierungsmitteln, Zusatzstoffen und Farbstoffen.<br \/>\n\ud83c\udf43 Mit gelbem Mais gef\u00fctterte Enten<br \/>\n\ud83d\ude9a Schnelle Lieferung in die ganze Welt<br \/>\n\ud83d\udd53 3 Jahre haltbar<br \/>\n\ud83d\udd10 Sichere Zahlung<\/p>\n<p>Nettogewicht: 540g (180&#215;3)<\/p>\n","protected":false},"featured_media":58774,"comment_status":"closed","ping_status":"closed","template":"","meta":[],"product_brand":[],"product_cat":[1274,1278,1270],"product_tag":[1246,1222],"giftcard-category":[],"class_list":{"0":"post-44921","1":"product","2":"type-product","3":"status-publish","4":"has-post-thumbnail","6":"product_cat-geschenkboxen","7":"product_cat-gourmet-geschenke","8":"product_cat-streichfahige-vorspeisen","9":"product_tag-10-14-personen","10":"product_tag-uber-400g","12":"first","13":"instock","14":"taxable","15":"shipping-taxable","16":"purchasable","17":"product-type-simple"},"yoast_head":"<!-- This site is optimized with the Yoast SEO Premium plugin v27.0 (Yoast SEO v27.0) - https:\/\/yoast.com\/product\/yoast-seo-premium-wordpress\/ -->\n<title>Ainhoa Aperitif-Set \u2013 Starten Sie stilvoll den Abend<\/title>\n<meta name=\"description\" content=\"Entdecken Sie unser leckeres Ainhoa-Set! Bestehend aus 3 Gourmet-Aperitifs: mit Piment d&#039;Espelette, Juran\u00e7on und Armagnac.\" \/>\n<meta name=\"robots\" content=\"index, follow, max-snippet:-1, max-image-preview:large, max-video-preview:-1\" \/>\n<link rel=\"canonical\" href=\"https:\/\/relaisgourmet.com\/de\/Produkt\/ainhoa-aperitif-set\/\" \/>\n<meta property=\"og:locale\" content=\"de_DE\" \/>\n<meta property=\"og:type\" content=\"article\" \/>\n<meta property=\"og:title\" content=\"Aperitif-Set Ainhoa\" \/>\n<meta property=\"og:description\" content=\"Entdecken Sie unser leckeres Ainhoa-Set! Bestehend aus 3 Gourmet-Aperitifs: mit Piment d&#039;Espelette, Juran\u00e7on und Armagnac.\" \/>\n<meta property=\"og:url\" content=\"https:\/\/relaisgourmet.com\/de\/Produkt\/ainhoa-aperitif-set\/\" \/>\n<meta property=\"og:site_name\" content=\"Relais Gourmet\" \/>\n<meta property=\"article:publisher\" content=\"https:\/\/facebook.com\/yoast\" \/>\n<meta property=\"article:modified_time\" content=\"2025-12-01T00:17:21+00:00\" \/>\n<meta property=\"og:image\" content=\"https:\/\/relaisgourmet.com\/wp-content\/uploads\/2024\/09\/coffret-entre-amis-1.jpg\" \/>\n\t<meta property=\"og:image:width\" content=\"2500\" \/>\n\t<meta property=\"og:image:height\" content=\"1667\" \/>\n\t<meta property=\"og:image:type\" content=\"image\/jpeg\" \/>\n<meta name=\"twitter:card\" content=\"summary_large_image\" \/>\n<meta name=\"twitter:label1\" content=\"Gesch\u00e4tzte Lesezeit\" \/>\n\t<meta name=\"twitter:data1\" content=\"1\u00a0Minute\" \/>\n<script type=\"application\/ld+json\" class=\"yoast-schema-graph\">{\"@context\":\"https:\/\/schema.org\",\"@graph\":[{\"@type\":\"WebPage\",\"@id\":\"https:\/\/relaisgourmet.com\/de\/Produkt\/ainhoa-aperitif-set\/\",\"url\":\"https:\/\/relaisgourmet.com\/de\/Produkt\/ainhoa-aperitif-set\/\",\"name\":\"Ainhoa Aperitif-Set \u2013 Starten Sie stilvoll den Abend\",\"isPartOf\":{\"@id\":\"https:\/\/relaisgourmet.com\/de\/#website\"},\"primaryImageOfPage\":{\"@id\":\"https:\/\/relaisgourmet.com\/de\/Produkt\/ainhoa-aperitif-set\/#primaryimage\"},\"image\":{\"@id\":\"https:\/\/relaisgourmet.com\/de\/Produkt\/ainhoa-aperitif-set\/#primaryimage\"},\"thumbnailUrl\":\"https:\/\/relaisgourmet.com\/wp-content\/uploads\/2024\/09\/Ainhoa.jpg\",\"datePublished\":\"2024-09-17T09:31:10+00:00\",\"dateModified\":\"2025-12-01T00:17:21+00:00\",\"description\":\"Entdecken Sie unser leckeres Ainhoa-Set! Bestehend aus 3 Gourmet-Aperitifs: mit Piment d'Espelette, Juran\u00e7on und Armagnac.\",\"breadcrumb\":{\"@id\":\"https:\/\/relaisgourmet.com\/de\/Produkt\/ainhoa-aperitif-set\/#breadcrumb\"},\"inLanguage\":\"de\",\"potentialAction\":[{\"@type\":\"ReadAction\",\"target\":[\"https:\/\/relaisgourmet.com\/de\/Produkt\/ainhoa-aperitif-set\/\"]}]},{\"@type\":\"ImageObject\",\"inLanguage\":\"de\",\"@id\":\"https:\/\/relaisgourmet.com\/de\/Produkt\/ainhoa-aperitif-set\/#primaryimage\",\"url\":\"https:\/\/relaisgourmet.com\/wp-content\/uploads\/2024\/09\/Ainhoa.jpg\",\"contentUrl\":\"https:\/\/relaisgourmet.com\/wp-content\/uploads\/2024\/09\/Ainhoa.jpg\",\"width\":1427,\"height\":1427,\"caption\":\"photographe d'entreprise, corporate, packshot, CV pau bearn pays basque\"},{\"@type\":\"BreadcrumbList\",\"@id\":\"https:\/\/relaisgourmet.com\/de\/Produkt\/ainhoa-aperitif-set\/#breadcrumb\",\"itemListElement\":[{\"@type\":\"ListItem\",\"position\":1,\"name\":\"Startseite\",\"item\":\"https:\/\/relaisgourmet.com\/de\/\"},{\"@type\":\"ListItem\",\"position\":2,\"name\":\"Authentische Foie Gras\",\"item\":\"https:\/\/relaisgourmet.com\/de\/authentische-foie-gras\/\"},{\"@type\":\"ListItem\",\"position\":3,\"name\":\"Aperitif-Set Ainhoa\"}]},{\"@type\":\"WebSite\",\"@id\":\"https:\/\/relaisgourmet.com\/de\/#website\",\"url\":\"https:\/\/relaisgourmet.com\/de\/\",\"name\":\"Relais Gourmet\",\"description\":\"Maison Gastronomique au Pays-Basque Depuis 2004\",\"publisher\":{\"@id\":\"https:\/\/relaisgourmet.com\/de\/#organization\"},\"potentialAction\":[{\"@type\":\"SearchAction\",\"target\":{\"@type\":\"EntryPoint\",\"urlTemplate\":\"https:\/\/relaisgourmet.com\/de\/?s={search_term_string}\"},\"query-input\":{\"@type\":\"PropertyValueSpecification\",\"valueRequired\":true,\"valueName\":\"search_term_string\"}}],\"inLanguage\":\"de\"},{\"@type\":\"Organization\",\"@id\":\"https:\/\/relaisgourmet.com\/de\/#organization\",\"name\":\"Relais Gourmet\",\"url\":\"https:\/\/relaisgourmet.com\/de\/\",\"logo\":{\"@type\":\"ImageObject\",\"inLanguage\":\"de\",\"@id\":\"https:\/\/relaisgourmet.com\/de\/#\/schema\/logo\/image\/\",\"url\":\"https:\/\/relaisgourmet.com\/wp-content\/uploads\/2024\/11\/Diseno-sin-titulo-8.jpg\",\"contentUrl\":\"https:\/\/relaisgourmet.com\/wp-content\/uploads\/2024\/11\/Diseno-sin-titulo-8.jpg\",\"width\":500,\"height\":500,\"caption\":\"Relais Gourmet\"},\"image\":{\"@id\":\"https:\/\/relaisgourmet.com\/de\/#\/schema\/logo\/image\/\"},\"sameAs\":[\"https:\/\/facebook.com\/yoast\",\"https:\/\/instagram.com\/yoast\"]}]}<\/script>\n<!-- \/ Yoast SEO Premium plugin. -->","yoast_head_json":{"title":"Ainhoa Aperitif-Set \u2013 Starten Sie stilvoll den Abend","description":"Entdecken Sie unser leckeres Ainhoa-Set! Bestehend aus 3 Gourmet-Aperitifs: mit Piment d'Espelette, Juran\u00e7on und Armagnac.","robots":{"index":"index","follow":"follow","max-snippet":"max-snippet:-1","max-image-preview":"max-image-preview:large","max-video-preview":"max-video-preview:-1"},"canonical":"https:\/\/relaisgourmet.com\/de\/Produkt\/ainhoa-aperitif-set\/","og_locale":"de_DE","og_type":"article","og_title":"Aperitif-Set Ainhoa","og_description":"Entdecken Sie unser leckeres Ainhoa-Set! Bestehend aus 3 Gourmet-Aperitifs: mit Piment d'Espelette, Juran\u00e7on und Armagnac.","og_url":"https:\/\/relaisgourmet.com\/de\/Produkt\/ainhoa-aperitif-set\/","og_site_name":"Relais Gourmet","article_publisher":"https:\/\/facebook.com\/yoast","article_modified_time":"2025-12-01T00:17:21+00:00","og_image":[{"width":2500,"height":1667,"url":"https:\/\/relaisgourmet.com\/wp-content\/uploads\/2024\/09\/coffret-entre-amis-1.jpg","type":"image\/jpeg"}],"twitter_card":"summary_large_image","twitter_misc":{"Gesch\u00e4tzte Lesezeit":"1\u00a0Minute"},"schema":{"@context":"https:\/\/schema.org","@graph":[{"@type":"WebPage","@id":"https:\/\/relaisgourmet.com\/de\/Produkt\/ainhoa-aperitif-set\/","url":"https:\/\/relaisgourmet.com\/de\/Produkt\/ainhoa-aperitif-set\/","name":"Ainhoa Aperitif-Set \u2013 Starten Sie stilvoll den Abend","isPartOf":{"@id":"https:\/\/relaisgourmet.com\/de\/#website"},"primaryImageOfPage":{"@id":"https:\/\/relaisgourmet.com\/de\/Produkt\/ainhoa-aperitif-set\/#primaryimage"},"image":{"@id":"https:\/\/relaisgourmet.com\/de\/Produkt\/ainhoa-aperitif-set\/#primaryimage"},"thumbnailUrl":"https:\/\/relaisgourmet.com\/wp-content\/uploads\/2024\/09\/Ainhoa.jpg","datePublished":"2024-09-17T09:31:10+00:00","dateModified":"2025-12-01T00:17:21+00:00","description":"Entdecken Sie unser leckeres Ainhoa-Set! Bestehend aus 3 Gourmet-Aperitifs: mit Piment d'Espelette, Juran\u00e7on und Armagnac.","breadcrumb":{"@id":"https:\/\/relaisgourmet.com\/de\/Produkt\/ainhoa-aperitif-set\/#breadcrumb"},"inLanguage":"de","potentialAction":[{"@type":"ReadAction","target":["https:\/\/relaisgourmet.com\/de\/Produkt\/ainhoa-aperitif-set\/"]}]},{"@type":"ImageObject","inLanguage":"de","@id":"https:\/\/relaisgourmet.com\/de\/Produkt\/ainhoa-aperitif-set\/#primaryimage","url":"https:\/\/relaisgourmet.com\/wp-content\/uploads\/2024\/09\/Ainhoa.jpg","contentUrl":"https:\/\/relaisgourmet.com\/wp-content\/uploads\/2024\/09\/Ainhoa.jpg","width":1427,"height":1427,"caption":"photographe d'entreprise, corporate, packshot, CV pau bearn pays basque"},{"@type":"BreadcrumbList","@id":"https:\/\/relaisgourmet.com\/de\/Produkt\/ainhoa-aperitif-set\/#breadcrumb","itemListElement":[{"@type":"ListItem","position":1,"name":"Startseite","item":"https:\/\/relaisgourmet.com\/de\/"},{"@type":"ListItem","position":2,"name":"Authentische Foie Gras","item":"https:\/\/relaisgourmet.com\/de\/authentische-foie-gras\/"},{"@type":"ListItem","position":3,"name":"Aperitif-Set Ainhoa"}]},{"@type":"WebSite","@id":"https:\/\/relaisgourmet.com\/de\/#website","url":"https:\/\/relaisgourmet.com\/de\/","name":"Relais Gourmet","description":"Maison Gastronomique au Pays-Basque Depuis 2004","publisher":{"@id":"https:\/\/relaisgourmet.com\/de\/#organization"},"potentialAction":[{"@type":"SearchAction","target":{"@type":"EntryPoint","urlTemplate":"https:\/\/relaisgourmet.com\/de\/?s={search_term_string}"},"query-input":{"@type":"PropertyValueSpecification","valueRequired":true,"valueName":"search_term_string"}}],"inLanguage":"de"},{"@type":"Organization","@id":"https:\/\/relaisgourmet.com\/de\/#organization","name":"Relais Gourmet","url":"https:\/\/relaisgourmet.com\/de\/","logo":{"@type":"ImageObject","inLanguage":"de","@id":"https:\/\/relaisgourmet.com\/de\/#\/schema\/logo\/image\/","url":"https:\/\/relaisgourmet.com\/wp-content\/uploads\/2024\/11\/Diseno-sin-titulo-8.jpg","contentUrl":"https:\/\/relaisgourmet.com\/wp-content\/uploads\/2024\/11\/Diseno-sin-titulo-8.jpg","width":500,"height":500,"caption":"Relais Gourmet"},"image":{"@id":"https:\/\/relaisgourmet.com\/de\/#\/schema\/logo\/image\/"},"sameAs":["https:\/\/facebook.com\/yoast","https:\/\/instagram.com\/yoast"]}]}},"_links":{"self":[{"href":"https:\/\/relaisgourmet.com\/de\/wp-json\/wp\/v2\/product\/44921","targetHints":{"allow":["GET"]}}],"collection":[{"href":"https:\/\/relaisgourmet.com\/de\/wp-json\/wp\/v2\/product"}],"about":[{"href":"https:\/\/relaisgourmet.com\/de\/wp-json\/wp\/v2\/types\/product"}],"replies":[{"embeddable":true,"href":"https:\/\/relaisgourmet.com\/de\/wp-json\/wp\/v2\/comments?post=44921"}],"version-history":[{"count":4,"href":"https:\/\/relaisgourmet.com\/de\/wp-json\/wp\/v2\/product\/44921\/revisions"}],"predecessor-version":[{"id":55155,"href":"https:\/\/relaisgourmet.com\/de\/wp-json\/wp\/v2\/product\/44921\/revisions\/55155"}],"wp:featuredmedia":[{"embeddable":true,"href":"https:\/\/relaisgourmet.com\/de\/wp-json\/wp\/v2\/media\/58774"}],"wp:attachment":[{"href":"https:\/\/relaisgourmet.com\/de\/wp-json\/wp\/v2\/media?parent=44921"}],"wp:term":[{"taxonomy":"product_brand","embeddable":true,"href":"https:\/\/relaisgourmet.com\/de\/wp-json\/wp\/v2\/product_brand?post=44921"},{"taxonomy":"product_cat","embeddable":true,"href":"https:\/\/relaisgourmet.com\/de\/wp-json\/wp\/v2\/product_cat?post=44921"},{"taxonomy":"product_tag","embeddable":true,"href":"https:\/\/relaisgourmet.com\/de\/wp-json\/wp\/v2\/product_tag?post=44921"},{"taxonomy":"giftcard-category","embeddable":true,"href":"https:\/\/relaisgourmet.com\/de\/wp-json\/wp\/v2\/giftcard-category?post=44921"}],"curies":[{"name":"wp","href":"https:\/\/api.w.org\/{rel}","templated":true}]}}