{"id":44788,"date":"2024-09-17T11:42:10","date_gmt":"2024-09-17T09:42:10","guid":{"rendered":"https:\/\/relaisgourmet.com\/producto\/coffret-aranzazu\/"},"modified":"2025-04-09T22:38:54","modified_gmt":"2025-04-09T20:38:54","slug":"gourmet-geschenkset-aranzazu","status":"publish","type":"product","link":"https:\/\/relaisgourmet.com\/de\/Produkt\/gourmet-geschenkset-aranzazu\/","title":{"rendered":"Geschenkset Aranzazu"},"content":{"rendered":"<h4><strong>Entdecken Sie das Aranzazu Geschenkset : eine Einladung zum Aperitif mit Gaumenfreuden<\/strong><\/h4>\n<p><span style=\"font-weight: 400;\">Die <strong>Aranzazu-Box<\/strong> von <strong>Relais Gourmet<\/strong> ist eine au\u00dfergew\u00f6hnliche Auswahl, die entwickelt wurde, um Ihre Aperitifmomente zu veredeln. Das Aranzazu-Set besteht aus mehreren Gourmet-Aperitifs, die die Geschmacksnerven wecken und eine perfekte Harmonie mit dem begleitenden Wein schaffen. Dieses Geschenkset ist ideal, um es bei einem Essen mit der Familie oder Freunden zu teilen und verspricht unvergessliche Momente. Das Aranzazu-Set zu verschenken bedeutet, ein hochwertiges gastronomisches Erlebnis mit authentischen und schmackhaften Produkten zu bieten.<\/span><\/p>\n<p><span style=\"font-weight: 400;\">Die <strong>Aranzazu-Box<\/strong> ist garantiert <strong>frei von Konservierungsmitteln, Farbstoffen und Zusatzstoffen<\/strong>.<\/span><\/p>\n<h4><strong>Zusammensetzung:  <\/strong><\/h4>\n<ul>\n<li><strong>Gourmet Aperitif mit Juran\u00e7on (180g)<\/strong>: <span style=\"font-weight: 400;\">Der S\u00fc\u00dfwein Juran\u00e7on bringt fruchtige und raffinierte Aromen mit sich, die perfekt f\u00fcr einen sanften Beginn des Aperitifs sind.<\/span><\/li>\n<li><strong>Gourmet Aperitif mit Armagnac (180g)<\/strong>:<span style=\"font-weight: 400;\">F\u00fcr Liebhaber eines kr\u00e4ftigeren Geschmacks.<\/span><\/li>\n<li><strong>Gourmet Aperitif mit kandierten Schalotten (180g)<\/strong>: eine s\u00fc\u00df-saure Note.<\/li>\n<li><strong>Gourmet Aperitif mit Piment d&#8217;Espelette (180g)<\/strong>: ein Hauch von baskischem Charakter.<\/li>\n<li><strong>Gourmet Aperitif mit kandierten Orangen (180g)<\/strong>: eine zitronige und delikate Note.<\/li>\n<li><strong>Gourmet Aperitif mit Steinpilzen (180g)<\/strong>: eine raffinierte, holzige Kombination.<\/li>\n<li><strong>Eine Flasche Monbazillac Wei\u00dfwein (750 ml)<\/strong>:<span style=\"font-weight: 400;\">Dieser s\u00fc\u00dfe Wein mit Aromen von reifen Fr\u00fcchten passt perfekt zu den vorgeschlagenen Aperitifs, um eine unvergessliche Kombination von Speisen und Wein zu schaffen.<\/span><\/li>\n<\/ul>\n<p>&nbsp;<\/p>\n<h4><strong>Aufbewahrung :<\/strong><\/h4>\n<p><span style=\"font-weight: 400;\">Die <strong>Aranzazu-Box<\/strong> ist <\/span>bei Raumtemperatur 3 Jahre lang haltbar, so dass Sie sie nach Belieben genie\u00dfen k\u00f6nnen. Nach dem \u00d6ffnen sollten Sie ihn innerhalb von 15 Tagen verbrauchen und im K\u00fchlschrank aufbewahren, damit Sie ihn voll genie\u00dfen k\u00f6nnen.<\/p>\n<p>&nbsp;<\/p>\n<h4><b>Bereiten Sie sich auf einen Moment der Gaumenfreuden vor:<\/b><\/h4>\n<p>Alle unsere Tipps und Tricks zur Vorbereitung finden Sie in unserem <a href=\"https:\/\/relaisgourmet.com\/blog-foies-gras-actualite\/\">Blog<\/a> und auf unserer <a href=\"https:\/\/www.instagram.com\/relaisgourmetofficiel\/\">Instagram-Seite<\/a>.<\/p>\n<p>Ob Sie einen schicken Aperitif oder ein gem\u00fctliches Essen organisieren, wir bieten Ihnen einfache und kreative Rezepte, um diese einzigartige Auswahl von Relais Gourmet zur Geltung zu bringen.<\/p>\n<p><span style=\"font-weight: 400;\">Das Aranzazu Geschenkset ist ein ideales Geschenk f\u00fcr jeden Anlass, sei es ein Geburtstag, ein Abendessen mit Freunden oder eine Feier mit der Familie. Verschenken Sie ein einzigartiges Gourmet-Erlebnis mit Relais Gourmet und schaffen Sie unvergessliche Momente rund um dieses Gourmetpaket.<\/span><\/p>\n","protected":false},"excerpt":{"rendered":"<p>Entdecken Sie das Aranzazu-Set von Relais Gourmet, der ideale Begleiter f\u00fcr Ihren Aperitif. Zum Teilen oder Verschenken f\u00fcr einen Gourmet-Moment!<\/p>\n<p><img decoding=\"async\" class=\"emoji\" role=\"img\" src=\"https:\/\/s.w.org\/images\/core\/emoji\/15.0.3\/svg\/1f1eb-1f1f7.svg\" alt=\"\ud83c\uddeb\ud83c\uddf7\">  Garantierte 100%ige franz\u00f6sische Produktion<br \/>\n\u2714 Garantiert frei von Konservierungsmitteln, Zusatzstoffen und Farbstoffen.<br \/>\n\ud83c\udf43 Mit gelbem Mais gef\u00fctterte Enten<br \/>\n\ud83d\ude9a Schnelle Lieferung in die ganze Welt<br \/>\n\ud83d\udd53 3 Jahre haltbar<br \/>\n\ud83d\udd10 Sichere Zahlung<\/p>\n<p>Nettogewicht: 1.83 kg<\/p>\n","protected":false},"featured_media":58769,"comment_status":"closed","ping_status":"closed","template":"","meta":[],"product_brand":[],"product_cat":[1274,1278],"product_tag":[],"giftcard-category":[],"class_list":{"0":"post-44788","1":"product","2":"type-product","3":"status-publish","4":"has-post-thumbnail","6":"product_cat-geschenkboxen","7":"product_cat-gourmet-geschenke","9":"first","10":"instock","11":"taxable","12":"shipping-taxable","13":"purchasable","14":"product-type-simple"},"yoast_head":"<!-- This site is optimized with the Yoast SEO Premium plugin v27.0 (Yoast SEO v27.0) - https:\/\/yoast.com\/product\/yoast-seo-premium-wordpress\/ -->\n<title>Aranzazu Set \u2013 Feinste Foie Gras Spezialit\u00e4ten<\/title>\n<meta name=\"description\" content=\"Unser Aranzazu Set ist perfekt f\u00fcr einen Aperitif mit Freunden. Es enth\u00e4lt 6 Gourmet-Aperitifs und eine Flasche Montbazillac.\" \/>\n<meta name=\"robots\" content=\"index, follow, max-snippet:-1, max-image-preview:large, max-video-preview:-1\" \/>\n<link rel=\"canonical\" href=\"https:\/\/relaisgourmet.com\/de\/Produkt\/gourmet-geschenkset-aranzazu\/\" \/>\n<meta property=\"og:locale\" content=\"de_DE\" \/>\n<meta property=\"og:type\" content=\"article\" \/>\n<meta property=\"og:title\" content=\"Geschenkset Aranzazu\" \/>\n<meta property=\"og:description\" content=\"Unser Aranzazu Set ist perfekt f\u00fcr einen Aperitif mit Freunden. Es enth\u00e4lt 6 Gourmet-Aperitifs und eine Flasche Montbazillac.\" \/>\n<meta property=\"og:url\" content=\"https:\/\/relaisgourmet.com\/de\/Produkt\/gourmet-geschenkset-aranzazu\/\" \/>\n<meta property=\"og:site_name\" content=\"Relais Gourmet\" \/>\n<meta property=\"article:publisher\" content=\"https:\/\/facebook.com\/yoast\" \/>\n<meta property=\"article:modified_time\" content=\"2025-04-09T20:38:54+00:00\" \/>\n<meta property=\"og:image\" content=\"https:\/\/relaisgourmet.com\/wp-content\/uploads\/2024\/09\/coffret-entre-amis-2-monbazillac.jpg\" \/>\n\t<meta property=\"og:image:width\" content=\"2500\" \/>\n\t<meta property=\"og:image:height\" content=\"1667\" \/>\n\t<meta property=\"og:image:type\" content=\"image\/jpeg\" \/>\n<meta name=\"twitter:card\" content=\"summary_large_image\" \/>\n<meta name=\"twitter:label1\" content=\"Gesch\u00e4tzte Lesezeit\" \/>\n\t<meta name=\"twitter:data1\" content=\"2\u00a0Minute\" \/>\n<script type=\"application\/ld+json\" class=\"yoast-schema-graph\">{\"@context\":\"https:\/\/schema.org\",\"@graph\":[{\"@type\":\"WebPage\",\"@id\":\"https:\/\/relaisgourmet.com\/de\/Produkt\/gourmet-geschenkset-aranzazu\/\",\"url\":\"https:\/\/relaisgourmet.com\/de\/Produkt\/gourmet-geschenkset-aranzazu\/\",\"name\":\"Aranzazu Set \u2013 Feinste Foie Gras Spezialit\u00e4ten\",\"isPartOf\":{\"@id\":\"https:\/\/relaisgourmet.com\/de\/#website\"},\"primaryImageOfPage\":{\"@id\":\"https:\/\/relaisgourmet.com\/de\/Produkt\/gourmet-geschenkset-aranzazu\/#primaryimage\"},\"image\":{\"@id\":\"https:\/\/relaisgourmet.com\/de\/Produkt\/gourmet-geschenkset-aranzazu\/#primaryimage\"},\"thumbnailUrl\":\"https:\/\/relaisgourmet.com\/wp-content\/uploads\/2024\/09\/Aranzazu.jpg\",\"datePublished\":\"2024-09-17T09:42:10+00:00\",\"dateModified\":\"2025-04-09T20:38:54+00:00\",\"description\":\"Unser Aranzazu Set ist perfekt f\u00fcr einen Aperitif mit Freunden. Es enth\u00e4lt 6 Gourmet-Aperitifs und eine Flasche Montbazillac.\",\"breadcrumb\":{\"@id\":\"https:\/\/relaisgourmet.com\/de\/Produkt\/gourmet-geschenkset-aranzazu\/#breadcrumb\"},\"inLanguage\":\"de\",\"potentialAction\":[{\"@type\":\"ReadAction\",\"target\":[\"https:\/\/relaisgourmet.com\/de\/Produkt\/gourmet-geschenkset-aranzazu\/\"]}]},{\"@type\":\"ImageObject\",\"inLanguage\":\"de\",\"@id\":\"https:\/\/relaisgourmet.com\/de\/Produkt\/gourmet-geschenkset-aranzazu\/#primaryimage\",\"url\":\"https:\/\/relaisgourmet.com\/wp-content\/uploads\/2024\/09\/Aranzazu.jpg\",\"contentUrl\":\"https:\/\/relaisgourmet.com\/wp-content\/uploads\/2024\/09\/Aranzazu.jpg\",\"width\":1583,\"height\":1583,\"caption\":\"photographe d'entreprise, corporate, packshot, CV pau bearn pays basque\"},{\"@type\":\"BreadcrumbList\",\"@id\":\"https:\/\/relaisgourmet.com\/de\/Produkt\/gourmet-geschenkset-aranzazu\/#breadcrumb\",\"itemListElement\":[{\"@type\":\"ListItem\",\"position\":1,\"name\":\"Startseite\",\"item\":\"https:\/\/relaisgourmet.com\/de\/\"},{\"@type\":\"ListItem\",\"position\":2,\"name\":\"Authentische Foie Gras\",\"item\":\"https:\/\/relaisgourmet.com\/de\/authentische-foie-gras\/\"},{\"@type\":\"ListItem\",\"position\":3,\"name\":\"Geschenkset Aranzazu\"}]},{\"@type\":\"WebSite\",\"@id\":\"https:\/\/relaisgourmet.com\/de\/#website\",\"url\":\"https:\/\/relaisgourmet.com\/de\/\",\"name\":\"Relais Gourmet\",\"description\":\"Maison Gastronomique au Pays-Basque Depuis 2004\",\"publisher\":{\"@id\":\"https:\/\/relaisgourmet.com\/de\/#organization\"},\"potentialAction\":[{\"@type\":\"SearchAction\",\"target\":{\"@type\":\"EntryPoint\",\"urlTemplate\":\"https:\/\/relaisgourmet.com\/de\/?s={search_term_string}\"},\"query-input\":{\"@type\":\"PropertyValueSpecification\",\"valueRequired\":true,\"valueName\":\"search_term_string\"}}],\"inLanguage\":\"de\"},{\"@type\":\"Organization\",\"@id\":\"https:\/\/relaisgourmet.com\/de\/#organization\",\"name\":\"Relais Gourmet\",\"url\":\"https:\/\/relaisgourmet.com\/de\/\",\"logo\":{\"@type\":\"ImageObject\",\"inLanguage\":\"de\",\"@id\":\"https:\/\/relaisgourmet.com\/de\/#\/schema\/logo\/image\/\",\"url\":\"https:\/\/relaisgourmet.com\/wp-content\/uploads\/2024\/11\/Diseno-sin-titulo-8.jpg\",\"contentUrl\":\"https:\/\/relaisgourmet.com\/wp-content\/uploads\/2024\/11\/Diseno-sin-titulo-8.jpg\",\"width\":500,\"height\":500,\"caption\":\"Relais Gourmet\"},\"image\":{\"@id\":\"https:\/\/relaisgourmet.com\/de\/#\/schema\/logo\/image\/\"},\"sameAs\":[\"https:\/\/facebook.com\/yoast\",\"https:\/\/instagram.com\/yoast\"]}]}<\/script>\n<!-- \/ Yoast SEO Premium plugin. -->","yoast_head_json":{"title":"Aranzazu Set \u2013 Feinste Foie Gras Spezialit\u00e4ten","description":"Unser Aranzazu Set ist perfekt f\u00fcr einen Aperitif mit Freunden. Es enth\u00e4lt 6 Gourmet-Aperitifs und eine Flasche Montbazillac.","robots":{"index":"index","follow":"follow","max-snippet":"max-snippet:-1","max-image-preview":"max-image-preview:large","max-video-preview":"max-video-preview:-1"},"canonical":"https:\/\/relaisgourmet.com\/de\/Produkt\/gourmet-geschenkset-aranzazu\/","og_locale":"de_DE","og_type":"article","og_title":"Geschenkset Aranzazu","og_description":"Unser Aranzazu Set ist perfekt f\u00fcr einen Aperitif mit Freunden. Es enth\u00e4lt 6 Gourmet-Aperitifs und eine Flasche Montbazillac.","og_url":"https:\/\/relaisgourmet.com\/de\/Produkt\/gourmet-geschenkset-aranzazu\/","og_site_name":"Relais Gourmet","article_publisher":"https:\/\/facebook.com\/yoast","article_modified_time":"2025-04-09T20:38:54+00:00","og_image":[{"width":2500,"height":1667,"url":"https:\/\/relaisgourmet.com\/wp-content\/uploads\/2024\/09\/coffret-entre-amis-2-monbazillac.jpg","type":"image\/jpeg"}],"twitter_card":"summary_large_image","twitter_misc":{"Gesch\u00e4tzte Lesezeit":"2\u00a0Minute"},"schema":{"@context":"https:\/\/schema.org","@graph":[{"@type":"WebPage","@id":"https:\/\/relaisgourmet.com\/de\/Produkt\/gourmet-geschenkset-aranzazu\/","url":"https:\/\/relaisgourmet.com\/de\/Produkt\/gourmet-geschenkset-aranzazu\/","name":"Aranzazu Set \u2013 Feinste Foie Gras Spezialit\u00e4ten","isPartOf":{"@id":"https:\/\/relaisgourmet.com\/de\/#website"},"primaryImageOfPage":{"@id":"https:\/\/relaisgourmet.com\/de\/Produkt\/gourmet-geschenkset-aranzazu\/#primaryimage"},"image":{"@id":"https:\/\/relaisgourmet.com\/de\/Produkt\/gourmet-geschenkset-aranzazu\/#primaryimage"},"thumbnailUrl":"https:\/\/relaisgourmet.com\/wp-content\/uploads\/2024\/09\/Aranzazu.jpg","datePublished":"2024-09-17T09:42:10+00:00","dateModified":"2025-04-09T20:38:54+00:00","description":"Unser Aranzazu Set ist perfekt f\u00fcr einen Aperitif mit Freunden. Es enth\u00e4lt 6 Gourmet-Aperitifs und eine Flasche Montbazillac.","breadcrumb":{"@id":"https:\/\/relaisgourmet.com\/de\/Produkt\/gourmet-geschenkset-aranzazu\/#breadcrumb"},"inLanguage":"de","potentialAction":[{"@type":"ReadAction","target":["https:\/\/relaisgourmet.com\/de\/Produkt\/gourmet-geschenkset-aranzazu\/"]}]},{"@type":"ImageObject","inLanguage":"de","@id":"https:\/\/relaisgourmet.com\/de\/Produkt\/gourmet-geschenkset-aranzazu\/#primaryimage","url":"https:\/\/relaisgourmet.com\/wp-content\/uploads\/2024\/09\/Aranzazu.jpg","contentUrl":"https:\/\/relaisgourmet.com\/wp-content\/uploads\/2024\/09\/Aranzazu.jpg","width":1583,"height":1583,"caption":"photographe d'entreprise, corporate, packshot, CV pau bearn pays basque"},{"@type":"BreadcrumbList","@id":"https:\/\/relaisgourmet.com\/de\/Produkt\/gourmet-geschenkset-aranzazu\/#breadcrumb","itemListElement":[{"@type":"ListItem","position":1,"name":"Startseite","item":"https:\/\/relaisgourmet.com\/de\/"},{"@type":"ListItem","position":2,"name":"Authentische Foie Gras","item":"https:\/\/relaisgourmet.com\/de\/authentische-foie-gras\/"},{"@type":"ListItem","position":3,"name":"Geschenkset Aranzazu"}]},{"@type":"WebSite","@id":"https:\/\/relaisgourmet.com\/de\/#website","url":"https:\/\/relaisgourmet.com\/de\/","name":"Relais Gourmet","description":"Maison Gastronomique au Pays-Basque Depuis 2004","publisher":{"@id":"https:\/\/relaisgourmet.com\/de\/#organization"},"potentialAction":[{"@type":"SearchAction","target":{"@type":"EntryPoint","urlTemplate":"https:\/\/relaisgourmet.com\/de\/?s={search_term_string}"},"query-input":{"@type":"PropertyValueSpecification","valueRequired":true,"valueName":"search_term_string"}}],"inLanguage":"de"},{"@type":"Organization","@id":"https:\/\/relaisgourmet.com\/de\/#organization","name":"Relais Gourmet","url":"https:\/\/relaisgourmet.com\/de\/","logo":{"@type":"ImageObject","inLanguage":"de","@id":"https:\/\/relaisgourmet.com\/de\/#\/schema\/logo\/image\/","url":"https:\/\/relaisgourmet.com\/wp-content\/uploads\/2024\/11\/Diseno-sin-titulo-8.jpg","contentUrl":"https:\/\/relaisgourmet.com\/wp-content\/uploads\/2024\/11\/Diseno-sin-titulo-8.jpg","width":500,"height":500,"caption":"Relais Gourmet"},"image":{"@id":"https:\/\/relaisgourmet.com\/de\/#\/schema\/logo\/image\/"},"sameAs":["https:\/\/facebook.com\/yoast","https:\/\/instagram.com\/yoast"]}]}},"_links":{"self":[{"href":"https:\/\/relaisgourmet.com\/de\/wp-json\/wp\/v2\/product\/44788","targetHints":{"allow":["GET"]}}],"collection":[{"href":"https:\/\/relaisgourmet.com\/de\/wp-json\/wp\/v2\/product"}],"about":[{"href":"https:\/\/relaisgourmet.com\/de\/wp-json\/wp\/v2\/types\/product"}],"replies":[{"embeddable":true,"href":"https:\/\/relaisgourmet.com\/de\/wp-json\/wp\/v2\/comments?post=44788"}],"version-history":[{"count":4,"href":"https:\/\/relaisgourmet.com\/de\/wp-json\/wp\/v2\/product\/44788\/revisions"}],"predecessor-version":[{"id":55152,"href":"https:\/\/relaisgourmet.com\/de\/wp-json\/wp\/v2\/product\/44788\/revisions\/55152"}],"wp:featuredmedia":[{"embeddable":true,"href":"https:\/\/relaisgourmet.com\/de\/wp-json\/wp\/v2\/media\/58769"}],"wp:attachment":[{"href":"https:\/\/relaisgourmet.com\/de\/wp-json\/wp\/v2\/media?parent=44788"}],"wp:term":[{"taxonomy":"product_brand","embeddable":true,"href":"https:\/\/relaisgourmet.com\/de\/wp-json\/wp\/v2\/product_brand?post=44788"},{"taxonomy":"product_cat","embeddable":true,"href":"https:\/\/relaisgourmet.com\/de\/wp-json\/wp\/v2\/product_cat?post=44788"},{"taxonomy":"product_tag","embeddable":true,"href":"https:\/\/relaisgourmet.com\/de\/wp-json\/wp\/v2\/product_tag?post=44788"},{"taxonomy":"giftcard-category","embeddable":true,"href":"https:\/\/relaisgourmet.com\/de\/wp-json\/wp\/v2\/giftcard-category?post=44788"}],"curies":[{"name":"wp","href":"https:\/\/api.w.org\/{rel}","templated":true}]}}