{"id":42201,"date":"2020-07-03T08:57:11","date_gmt":"2020-07-03T06:57:11","guid":{"rendered":"https:\/\/relaisgourmet.com\/produit\/das-alphabetbuch-des-baskenlandes-band-1-ebook\/"},"modified":"2025-04-09T22:38:44","modified_gmt":"2025-04-09T20:38:44","slug":"das-alphabetbuch-des-baskenlandes-band-1-ebook","status":"publish","type":"product","link":"https:\/\/relaisgourmet.com\/de\/Produkt\/das-alphabetbuch-des-baskenlandes-band-1-ebook\/","title":{"rendered":"Das Alphabetbuch des Baskenlandes - BAND 1 - eBook"},"content":{"rendered":"<p><strong>Entdecken Sie Das Alphabetbuch des Baskenlandes in digitaler Version.<\/strong><\/p>\n<p>Was ist ein Alphabetbuch? Es ist ein explorativer Leitfaden, eine Reise, bei der jeder Buchstabe des Alphabets als Kompass dient, um durch Themen, Autoren, Genres, Charaktere, Orte und vieles mehr zu navigieren. Dieses originelle Konzept bietet ein reichhaltiges und vielf\u00e4ltiges Panorama der Welt der Literatur, das es erm\u00f6glicht, jedem Buchstaben ein repr\u00e4sentatives Schl\u00fcsselwort zuzuordnen.<\/p>\n<p>Das eBook &#8222;Das Alphabetbuch des Baskenlandes&#8220; besteht aus mehreren Kapiteln, die verschiedene Themen wie Geschichte, Literatur, Musik, Gastronomie, Handwerk, Traditionen und vieles mehr abdecken.<\/p>\n<p>Diese Kapitel sind mit Fotos und Zeichnungen illustriert, die diesem Werk eine pers\u00f6nliche und originelle Note verleihen.<\/p>\n<p>Geschrieben von einem Baskenland-Enthusiasten ist dieses Buch ein wertvoller Leitfaden, um diese kulturell und historisch reiche Region zu entdecken und besser zu verstehen.<\/p>\n<p>Der erste Band des Alphabetbuches wird Ihnen bei jeder Bestellung \u00fcber 79 \u20ac geschenkt.<\/p>\n<p>Relais Gourmet l\u00e4dt Sie ein, das Baskenland durch ein Alphabetbuch voller Gastronomie, Folklore und historischem Erbe zu entdecken.<\/p>\n<p>Mit diesem Buch sind Sie f\u00fcr jede Gelegenheit ger\u00fcstet und k\u00f6nnen unser verschiedenes Foie Gras genie\u00dfen!<\/p>\n<p>Finden Sie alle unsere Zubereitungstipps im Bereich &#8222;Unsere Tipps&#8220; und alle unsere Produkte baskischen Ursprungs im Relais Gourmet Shop.<\/p>\n<p>Besuchen Sie gerne unseren Blog, um unsere Rezepte und weitere Neuheiten zu entdecken.<\/p>\n<p>Schlie\u00dflich, f\u00fcr ein Gourmet-Mahl, warum nicht mit leckeren Maria Simona-Nougat abschlie\u00dfen?<\/p>\n<p>DATEI: pdf<\/p>\n<p>AUTOR: Yaqueche<\/p>\n<p>ANZAHL DER SEITEN: 34 Seiten<\/p>\n","protected":false},"excerpt":{"rendered":"<p><strong>Die faszinierende Welt des Baskenlandes durch dieses erste digitale Buch.<\/strong><\/p>\n<p><em><strong>Dieses Buch wird Ihnen bei jeder Bestellung \u00fcber 79 \u20ac geschenkt.<\/strong><\/em><\/p>\n<p>Relais Gourmet l\u00e4dt Sie ein, das Baskenland durch ein Alphabetbuch voller Gastronomie, Folklore und historischem Erbe zu entdecken.<\/p>\n<p>DATEI: pdf<\/p>\n<p>AUTOR: Yaqueche<\/p>\n<p>ANZAHL DER SEITEN: 34 Seiten<\/p>\n","protected":false},"featured_media":39269,"comment_status":"closed","ping_status":"closed","template":"","meta":[],"product_brand":[],"product_cat":[1198],"product_tag":[1857],"giftcard-category":[],"class_list":{"0":"post-42201","1":"product","2":"type-product","3":"status-publish","4":"has-post-thumbnail","6":"product_cat-ebooks-de","7":"product_tag-ebook-de","8":"product_shipping_class-standard-de","10":"first","11":"instock","12":"downloadable","13":"virtual","14":"taxable","15":"purchasable","16":"product-type-simple"},"yoast_head":"<!-- This site is optimized with the Yoast SEO Premium plugin v27.0 (Yoast SEO v27.3) - https:\/\/yoast.com\/product\/yoast-seo-premium-wordpress\/ -->\n<title>Das Baskenland-ABC Band 1 \u2013 Entdecken &amp; Verstehen<\/title>\n<meta name=\"description\" content=\"Das Alphabetbuch des Baskenlandes besteht aus mehreren Kapiteln, die verschiedene Themen wie Geschichte, Gastronomie, Traditionen usw. abdecken.\" \/>\n<meta name=\"robots\" content=\"index, follow, max-snippet:-1, max-image-preview:large, max-video-preview:-1\" \/>\n<link rel=\"canonical\" href=\"https:\/\/relaisgourmet.com\/de\/Produkt\/das-alphabetbuch-des-baskenlandes-band-1-ebook\/\" \/>\n<meta property=\"og:locale\" content=\"de_DE\" \/>\n<meta property=\"og:type\" content=\"article\" \/>\n<meta property=\"og:title\" content=\"Das Alphabetbuch des Baskenlandes - BAND 1 - eBook\" \/>\n<meta property=\"og:description\" content=\"Das Alphabetbuch des Baskenlandes besteht aus mehreren Kapiteln, die verschiedene Themen wie Geschichte, Gastronomie, Traditionen usw. abdecken.\" \/>\n<meta property=\"og:url\" content=\"https:\/\/relaisgourmet.com\/de\/Produkt\/das-alphabetbuch-des-baskenlandes-band-1-ebook\/\" \/>\n<meta property=\"og:site_name\" content=\"Relais Gourmet\" \/>\n<meta property=\"article:publisher\" content=\"https:\/\/facebook.com\/yoast\" \/>\n<meta property=\"article:modified_time\" content=\"2025-04-09T20:38:44+00:00\" \/>\n<meta property=\"og:image\" content=\"https:\/\/relaisgourmet.com\/wp-content\/uploads\/2024\/09\/abecedaire-1-1.png\" \/>\n\t<meta property=\"og:image:width\" content=\"600\" \/>\n\t<meta property=\"og:image:height\" content=\"600\" \/>\n\t<meta property=\"og:image:type\" content=\"image\/png\" \/>\n<meta name=\"twitter:card\" content=\"summary_large_image\" \/>\n<meta name=\"twitter:label1\" content=\"Gesch\u00e4tzte Lesezeit\" \/>\n\t<meta name=\"twitter:data1\" content=\"1\u00a0Minute\" \/>\n<script type=\"application\/ld+json\" class=\"yoast-schema-graph\">{\"@context\":\"https:\\\/\\\/schema.org\",\"@graph\":[{\"@type\":\"WebPage\",\"@id\":\"https:\\\/\\\/relaisgourmet.com\\\/de\\\/Produkt\\\/das-alphabetbuch-des-baskenlandes-band-1-ebook\\\/\",\"url\":\"https:\\\/\\\/relaisgourmet.com\\\/de\\\/Produkt\\\/das-alphabetbuch-des-baskenlandes-band-1-ebook\\\/\",\"name\":\"Das Baskenland-ABC Band 1 \u2013 Entdecken & Verstehen\",\"isPartOf\":{\"@id\":\"https:\\\/\\\/relaisgourmet.com\\\/de\\\/#website\"},\"primaryImageOfPage\":{\"@id\":\"https:\\\/\\\/relaisgourmet.com\\\/de\\\/Produkt\\\/das-alphabetbuch-des-baskenlandes-band-1-ebook\\\/#primaryimage\"},\"image\":{\"@id\":\"https:\\\/\\\/relaisgourmet.com\\\/de\\\/Produkt\\\/das-alphabetbuch-des-baskenlandes-band-1-ebook\\\/#primaryimage\"},\"thumbnailUrl\":\"https:\\\/\\\/relaisgourmet.com\\\/wp-content\\\/uploads\\\/2024\\\/09\\\/abecedaire-1-1.png\",\"datePublished\":\"2020-07-03T06:57:11+00:00\",\"dateModified\":\"2025-04-09T20:38:44+00:00\",\"description\":\"Das Alphabetbuch des Baskenlandes besteht aus mehreren Kapiteln, die verschiedene Themen wie Geschichte, Gastronomie, Traditionen usw. abdecken.\",\"breadcrumb\":{\"@id\":\"https:\\\/\\\/relaisgourmet.com\\\/de\\\/Produkt\\\/das-alphabetbuch-des-baskenlandes-band-1-ebook\\\/#breadcrumb\"},\"inLanguage\":\"de\",\"potentialAction\":[{\"@type\":\"ReadAction\",\"target\":[\"https:\\\/\\\/relaisgourmet.com\\\/de\\\/Produkt\\\/das-alphabetbuch-des-baskenlandes-band-1-ebook\\\/\"]}]},{\"@type\":\"ImageObject\",\"inLanguage\":\"de\",\"@id\":\"https:\\\/\\\/relaisgourmet.com\\\/de\\\/Produkt\\\/das-alphabetbuch-des-baskenlandes-band-1-ebook\\\/#primaryimage\",\"url\":\"https:\\\/\\\/relaisgourmet.com\\\/wp-content\\\/uploads\\\/2024\\\/09\\\/abecedaire-1-1.png\",\"contentUrl\":\"https:\\\/\\\/relaisgourmet.com\\\/wp-content\\\/uploads\\\/2024\\\/09\\\/abecedaire-1-1.png\",\"width\":600,\"height\":600,\"caption\":\"ab\u00e9c\u00e9daire du pays basque tome 1\"},{\"@type\":\"BreadcrumbList\",\"@id\":\"https:\\\/\\\/relaisgourmet.com\\\/de\\\/Produkt\\\/das-alphabetbuch-des-baskenlandes-band-1-ebook\\\/#breadcrumb\",\"itemListElement\":[{\"@type\":\"ListItem\",\"position\":1,\"name\":\"Startseite\",\"item\":\"https:\\\/\\\/relaisgourmet.com\\\/de\\\/\"},{\"@type\":\"ListItem\",\"position\":2,\"name\":\"Authentische Foie Gras\",\"item\":\"https:\\\/\\\/relaisgourmet.com\\\/de\\\/authentische-foie-gras\\\/\"},{\"@type\":\"ListItem\",\"position\":3,\"name\":\"Das Alphabetbuch des Baskenlandes &#8211; BAND 1 &#8211; eBook\"}]},{\"@type\":\"WebSite\",\"@id\":\"https:\\\/\\\/relaisgourmet.com\\\/de\\\/#website\",\"url\":\"https:\\\/\\\/relaisgourmet.com\\\/de\\\/\",\"name\":\"Relais Gourmet\",\"description\":\"Maison Gastronomique au Pays-Basque Depuis 2004\",\"publisher\":{\"@id\":\"https:\\\/\\\/relaisgourmet.com\\\/de\\\/#organization\"},\"potentialAction\":[{\"@type\":\"SearchAction\",\"target\":{\"@type\":\"EntryPoint\",\"urlTemplate\":\"https:\\\/\\\/relaisgourmet.com\\\/de\\\/?s={search_term_string}\"},\"query-input\":{\"@type\":\"PropertyValueSpecification\",\"valueRequired\":true,\"valueName\":\"search_term_string\"}}],\"inLanguage\":\"de\"},{\"@type\":\"Organization\",\"@id\":\"https:\\\/\\\/relaisgourmet.com\\\/de\\\/#organization\",\"name\":\"Relais Gourmet\",\"url\":\"https:\\\/\\\/relaisgourmet.com\\\/de\\\/\",\"logo\":{\"@type\":\"ImageObject\",\"inLanguage\":\"de\",\"@id\":\"https:\\\/\\\/relaisgourmet.com\\\/de\\\/#\\\/schema\\\/logo\\\/image\\\/\",\"url\":\"https:\\\/\\\/relaisgourmet.com\\\/wp-content\\\/uploads\\\/2024\\\/11\\\/Diseno-sin-titulo-8.jpg\",\"contentUrl\":\"https:\\\/\\\/relaisgourmet.com\\\/wp-content\\\/uploads\\\/2024\\\/11\\\/Diseno-sin-titulo-8.jpg\",\"width\":500,\"height\":500,\"caption\":\"Relais Gourmet\"},\"image\":{\"@id\":\"https:\\\/\\\/relaisgourmet.com\\\/de\\\/#\\\/schema\\\/logo\\\/image\\\/\"},\"sameAs\":[\"https:\\\/\\\/facebook.com\\\/yoast\",\"https:\\\/\\\/instagram.com\\\/yoast\"]}]}<\/script>\n<!-- \/ Yoast SEO Premium plugin. -->","yoast_head_json":{"title":"Das Baskenland-ABC Band 1 \u2013 Entdecken & Verstehen","description":"Das Alphabetbuch des Baskenlandes besteht aus mehreren Kapiteln, die verschiedene Themen wie Geschichte, Gastronomie, Traditionen usw. abdecken.","robots":{"index":"index","follow":"follow","max-snippet":"max-snippet:-1","max-image-preview":"max-image-preview:large","max-video-preview":"max-video-preview:-1"},"canonical":"https:\/\/relaisgourmet.com\/de\/Produkt\/das-alphabetbuch-des-baskenlandes-band-1-ebook\/","og_locale":"de_DE","og_type":"article","og_title":"Das Alphabetbuch des Baskenlandes - BAND 1 - eBook","og_description":"Das Alphabetbuch des Baskenlandes besteht aus mehreren Kapiteln, die verschiedene Themen wie Geschichte, Gastronomie, Traditionen usw. abdecken.","og_url":"https:\/\/relaisgourmet.com\/de\/Produkt\/das-alphabetbuch-des-baskenlandes-band-1-ebook\/","og_site_name":"Relais Gourmet","article_publisher":"https:\/\/facebook.com\/yoast","article_modified_time":"2025-04-09T20:38:44+00:00","og_image":[{"width":600,"height":600,"url":"https:\/\/relaisgourmet.com\/wp-content\/uploads\/2024\/09\/abecedaire-1-1.png","type":"image\/png"}],"twitter_card":"summary_large_image","twitter_misc":{"Gesch\u00e4tzte Lesezeit":"1\u00a0Minute"},"schema":{"@context":"https:\/\/schema.org","@graph":[{"@type":"WebPage","@id":"https:\/\/relaisgourmet.com\/de\/Produkt\/das-alphabetbuch-des-baskenlandes-band-1-ebook\/","url":"https:\/\/relaisgourmet.com\/de\/Produkt\/das-alphabetbuch-des-baskenlandes-band-1-ebook\/","name":"Das Baskenland-ABC Band 1 \u2013 Entdecken & Verstehen","isPartOf":{"@id":"https:\/\/relaisgourmet.com\/de\/#website"},"primaryImageOfPage":{"@id":"https:\/\/relaisgourmet.com\/de\/Produkt\/das-alphabetbuch-des-baskenlandes-band-1-ebook\/#primaryimage"},"image":{"@id":"https:\/\/relaisgourmet.com\/de\/Produkt\/das-alphabetbuch-des-baskenlandes-band-1-ebook\/#primaryimage"},"thumbnailUrl":"https:\/\/relaisgourmet.com\/wp-content\/uploads\/2024\/09\/abecedaire-1-1.png","datePublished":"2020-07-03T06:57:11+00:00","dateModified":"2025-04-09T20:38:44+00:00","description":"Das Alphabetbuch des Baskenlandes besteht aus mehreren Kapiteln, die verschiedene Themen wie Geschichte, Gastronomie, Traditionen usw. abdecken.","breadcrumb":{"@id":"https:\/\/relaisgourmet.com\/de\/Produkt\/das-alphabetbuch-des-baskenlandes-band-1-ebook\/#breadcrumb"},"inLanguage":"de","potentialAction":[{"@type":"ReadAction","target":["https:\/\/relaisgourmet.com\/de\/Produkt\/das-alphabetbuch-des-baskenlandes-band-1-ebook\/"]}]},{"@type":"ImageObject","inLanguage":"de","@id":"https:\/\/relaisgourmet.com\/de\/Produkt\/das-alphabetbuch-des-baskenlandes-band-1-ebook\/#primaryimage","url":"https:\/\/relaisgourmet.com\/wp-content\/uploads\/2024\/09\/abecedaire-1-1.png","contentUrl":"https:\/\/relaisgourmet.com\/wp-content\/uploads\/2024\/09\/abecedaire-1-1.png","width":600,"height":600,"caption":"ab\u00e9c\u00e9daire du pays basque tome 1"},{"@type":"BreadcrumbList","@id":"https:\/\/relaisgourmet.com\/de\/Produkt\/das-alphabetbuch-des-baskenlandes-band-1-ebook\/#breadcrumb","itemListElement":[{"@type":"ListItem","position":1,"name":"Startseite","item":"https:\/\/relaisgourmet.com\/de\/"},{"@type":"ListItem","position":2,"name":"Authentische Foie Gras","item":"https:\/\/relaisgourmet.com\/de\/authentische-foie-gras\/"},{"@type":"ListItem","position":3,"name":"Das Alphabetbuch des Baskenlandes &#8211; BAND 1 &#8211; eBook"}]},{"@type":"WebSite","@id":"https:\/\/relaisgourmet.com\/de\/#website","url":"https:\/\/relaisgourmet.com\/de\/","name":"Relais Gourmet","description":"Maison Gastronomique au Pays-Basque Depuis 2004","publisher":{"@id":"https:\/\/relaisgourmet.com\/de\/#organization"},"potentialAction":[{"@type":"SearchAction","target":{"@type":"EntryPoint","urlTemplate":"https:\/\/relaisgourmet.com\/de\/?s={search_term_string}"},"query-input":{"@type":"PropertyValueSpecification","valueRequired":true,"valueName":"search_term_string"}}],"inLanguage":"de"},{"@type":"Organization","@id":"https:\/\/relaisgourmet.com\/de\/#organization","name":"Relais Gourmet","url":"https:\/\/relaisgourmet.com\/de\/","logo":{"@type":"ImageObject","inLanguage":"de","@id":"https:\/\/relaisgourmet.com\/de\/#\/schema\/logo\/image\/","url":"https:\/\/relaisgourmet.com\/wp-content\/uploads\/2024\/11\/Diseno-sin-titulo-8.jpg","contentUrl":"https:\/\/relaisgourmet.com\/wp-content\/uploads\/2024\/11\/Diseno-sin-titulo-8.jpg","width":500,"height":500,"caption":"Relais Gourmet"},"image":{"@id":"https:\/\/relaisgourmet.com\/de\/#\/schema\/logo\/image\/"},"sameAs":["https:\/\/facebook.com\/yoast","https:\/\/instagram.com\/yoast"]}]}},"_links":{"self":[{"href":"https:\/\/relaisgourmet.com\/de\/wp-json\/wp\/v2\/product\/42201","targetHints":{"allow":["GET"]}}],"collection":[{"href":"https:\/\/relaisgourmet.com\/de\/wp-json\/wp\/v2\/product"}],"about":[{"href":"https:\/\/relaisgourmet.com\/de\/wp-json\/wp\/v2\/types\/product"}],"replies":[{"embeddable":true,"href":"https:\/\/relaisgourmet.com\/de\/wp-json\/wp\/v2\/comments?post=42201"}],"version-history":[{"count":0,"href":"https:\/\/relaisgourmet.com\/de\/wp-json\/wp\/v2\/product\/42201\/revisions"}],"wp:featuredmedia":[{"embeddable":true,"href":"https:\/\/relaisgourmet.com\/de\/wp-json\/wp\/v2\/media\/39269"}],"wp:attachment":[{"href":"https:\/\/relaisgourmet.com\/de\/wp-json\/wp\/v2\/media?parent=42201"}],"wp:term":[{"taxonomy":"product_brand","embeddable":true,"href":"https:\/\/relaisgourmet.com\/de\/wp-json\/wp\/v2\/product_brand?post=42201"},{"taxonomy":"product_cat","embeddable":true,"href":"https:\/\/relaisgourmet.com\/de\/wp-json\/wp\/v2\/product_cat?post=42201"},{"taxonomy":"product_tag","embeddable":true,"href":"https:\/\/relaisgourmet.com\/de\/wp-json\/wp\/v2\/product_tag?post=42201"},{"taxonomy":"giftcard-category","embeddable":true,"href":"https:\/\/relaisgourmet.com\/de\/wp-json\/wp\/v2\/giftcard-category?post=42201"}],"curies":[{"name":"wp","href":"https:\/\/api.w.org\/{rel}","templated":true}]}}