{"id":42199,"date":"2021-11-22T10:20:56","date_gmt":"2021-11-22T09:20:56","guid":{"rendered":"https:\/\/relaisgourmet.com\/produit\/beauty-foody-ebook\/"},"modified":"2025-04-09T22:38:44","modified_gmt":"2025-04-09T20:38:44","slug":"beauty-foody-ebook","status":"publish","type":"product","link":"https:\/\/relaisgourmet.com\/de\/Produkt\/beauty-foody-ebook\/","title":{"rendered":"Beauty &amp; Foody - eBook"},"content":{"rendered":"<h3>Das E-Book mit dem Titel &#8222;Beauty &amp; Foody - Rezepte f\u00fcr nat\u00fcrliche Sch\u00f6nheit&#8220; ist ein E-Book, das von Relais Gourmet ver\u00f6ffentlicht und von Florie Thielin geschrieben wurde.<\/h3>\n<p>Beauty &amp; Foody, w\u00f6rtlich &#8222;Sch\u00f6nheit durch Ern\u00e4hrung&#8220;, bietet eine Vielzahl von gesunden und nat\u00fcrlichen Rezepten, die helfen, gesunde und strahlende Haut zu erhalten.<\/p>\n<p>Die Rezepte umfassen:<\/p>\n<p>Smoothies<br \/>\nSuppen<br \/>\nSalate<br \/>\nDesserts<br \/>\nalle aus nat\u00fcrlichen und gesunden Zutaten hergestellt.<br \/>\nDieses E-Book enth\u00e4lt auch Tipps zu den besten Lebensmitteln f\u00fcr eine gesunde Haut sowie Informationen zu wichtigen N\u00e4hrstoffen und Vitaminen, um eine strahlende Haut zu erhalten.<\/p>\n<p>Finden Sie alle unsere Tipps auf unserem Blog und alle unsere Produkte im Relais Gourmet Shop.<\/p>\n<p>Besuchen Sie gerne unseren Blog, um unsere Rezepte und weitere Neuheiten zu entdecken.<\/p>\n<p>F\u00fcr ein Gourmet-Mahl, warum nicht mit leckeren Maria Simona-Nougat abschlie\u00dfen?<\/p>\n","protected":false},"excerpt":{"rendered":"<p>Das E-Book mit dem Titel &#8222;Beauty &amp; Foody - Rezepte f\u00fcr nat\u00fcrliche Sch\u00f6nheit&#8220; ist ein E-Book, das von Relais Gourmet ver\u00f6ffentlicht und von Florie Thielin geschrieben wurde.<\/p>\n","protected":false},"featured_media":39628,"comment_status":"closed","ping_status":"closed","template":"","meta":[],"product_brand":[],"product_cat":[1198],"product_tag":[1869,1857,1870,1871],"giftcard-category":[],"class_list":{"0":"post-42199","1":"product","2":"type-product","3":"status-publish","4":"has-post-thumbnail","6":"product_cat-ebooks-de","7":"product_tag-beauty-de","8":"product_tag-ebook-de","9":"product_tag-foodie-de","10":"product_tag-foody-de","11":"product_shipping_class-standard-de","13":"first","14":"instock","15":"downloadable","16":"virtual","17":"taxable","18":"purchasable","19":"product-type-simple"},"yoast_head":"<!-- This site is optimized with the Yoast SEO Premium plugin v27.0 (Yoast SEO v27.0) - https:\/\/yoast.com\/product\/yoast-seo-premium-wordpress\/ -->\n<title>Beauty &amp; Foody \u2013 eBook voller Genuss &amp; Wohlbefinden<\/title>\n<meta name=\"description\" content=\"Das E-Book mit dem Titel &quot;Beauty &amp; Foody - Rezepte f\u00fcr nat\u00fcrliche Sch\u00f6nheit&quot; ist ein E-Book, das von Relais Gourmet ver\u00f6ffentlicht und von Florie Thielin geschrieben wurde.\" \/>\n<meta name=\"robots\" content=\"index, follow, max-snippet:-1, max-image-preview:large, max-video-preview:-1\" \/>\n<link rel=\"canonical\" href=\"https:\/\/relaisgourmet.com\/de\/Produkt\/beauty-foody-ebook\/\" \/>\n<meta property=\"og:locale\" content=\"de_DE\" \/>\n<meta property=\"og:type\" content=\"article\" \/>\n<meta property=\"og:title\" content=\"Beauty &amp; Foody - eBook\" \/>\n<meta property=\"og:description\" content=\"Das E-Book mit dem Titel &quot;Beauty &amp; Foody - Rezepte f\u00fcr nat\u00fcrliche Sch\u00f6nheit&quot; ist ein E-Book, das von Relais Gourmet ver\u00f6ffentlicht und von Florie Thielin geschrieben wurde.\" \/>\n<meta property=\"og:url\" content=\"https:\/\/relaisgourmet.com\/de\/Produkt\/beauty-foody-ebook\/\" \/>\n<meta property=\"og:site_name\" content=\"Relais Gourmet\" \/>\n<meta property=\"article:publisher\" content=\"https:\/\/facebook.com\/yoast\" \/>\n<meta property=\"article:modified_time\" content=\"2025-04-09T20:38:44+00:00\" \/>\n<meta property=\"og:image\" content=\"https:\/\/relaisgourmet.com\/wp-content\/uploads\/2024\/09\/beauty-and-food-1.png\" \/>\n\t<meta property=\"og:image:width\" content=\"600\" \/>\n\t<meta property=\"og:image:height\" content=\"600\" \/>\n\t<meta property=\"og:image:type\" content=\"image\/png\" \/>\n<meta name=\"twitter:card\" content=\"summary_large_image\" \/>\n<meta name=\"twitter:label1\" content=\"Gesch\u00e4tzte Lesezeit\" \/>\n\t<meta name=\"twitter:data1\" content=\"1\u00a0Minute\" \/>\n<script type=\"application\/ld+json\" class=\"yoast-schema-graph\">{\"@context\":\"https:\/\/schema.org\",\"@graph\":[{\"@type\":\"WebPage\",\"@id\":\"https:\/\/relaisgourmet.com\/de\/Produkt\/beauty-foody-ebook\/\",\"url\":\"https:\/\/relaisgourmet.com\/de\/Produkt\/beauty-foody-ebook\/\",\"name\":\"Beauty & Foody \u2013 eBook voller Genuss & Wohlbefinden\",\"isPartOf\":{\"@id\":\"https:\/\/relaisgourmet.com\/de\/#website\"},\"primaryImageOfPage\":{\"@id\":\"https:\/\/relaisgourmet.com\/de\/Produkt\/beauty-foody-ebook\/#primaryimage\"},\"image\":{\"@id\":\"https:\/\/relaisgourmet.com\/de\/Produkt\/beauty-foody-ebook\/#primaryimage\"},\"thumbnailUrl\":\"https:\/\/relaisgourmet.com\/wp-content\/uploads\/2024\/09\/beauty-and-food-1.png\",\"datePublished\":\"2021-11-22T09:20:56+00:00\",\"dateModified\":\"2025-04-09T20:38:44+00:00\",\"description\":\"Das E-Book mit dem Titel \\\"Beauty & Foody - Rezepte f\u00fcr nat\u00fcrliche Sch\u00f6nheit\\\" ist ein E-Book, das von Relais Gourmet ver\u00f6ffentlicht und von Florie Thielin geschrieben wurde.\",\"breadcrumb\":{\"@id\":\"https:\/\/relaisgourmet.com\/de\/Produkt\/beauty-foody-ebook\/#breadcrumb\"},\"inLanguage\":\"de\",\"potentialAction\":[{\"@type\":\"ReadAction\",\"target\":[\"https:\/\/relaisgourmet.com\/de\/Produkt\/beauty-foody-ebook\/\"]}]},{\"@type\":\"ImageObject\",\"inLanguage\":\"de\",\"@id\":\"https:\/\/relaisgourmet.com\/de\/Produkt\/beauty-foody-ebook\/#primaryimage\",\"url\":\"https:\/\/relaisgourmet.com\/wp-content\/uploads\/2024\/09\/beauty-and-food-1.png\",\"contentUrl\":\"https:\/\/relaisgourmet.com\/wp-content\/uploads\/2024\/09\/beauty-and-food-1.png\",\"width\":600,\"height\":600,\"caption\":\"beauty and food\"},{\"@type\":\"BreadcrumbList\",\"@id\":\"https:\/\/relaisgourmet.com\/de\/Produkt\/beauty-foody-ebook\/#breadcrumb\",\"itemListElement\":[{\"@type\":\"ListItem\",\"position\":1,\"name\":\"Startseite\",\"item\":\"https:\/\/relaisgourmet.com\/de\/\"},{\"@type\":\"ListItem\",\"position\":2,\"name\":\"Authentische Foie Gras\",\"item\":\"https:\/\/relaisgourmet.com\/de\/authentische-foie-gras\/\"},{\"@type\":\"ListItem\",\"position\":3,\"name\":\"Beauty &amp; Foody &#8211; eBook\"}]},{\"@type\":\"WebSite\",\"@id\":\"https:\/\/relaisgourmet.com\/de\/#website\",\"url\":\"https:\/\/relaisgourmet.com\/de\/\",\"name\":\"Relais Gourmet\",\"description\":\"Maison Gastronomique au Pays-Basque Depuis 2004\",\"publisher\":{\"@id\":\"https:\/\/relaisgourmet.com\/de\/#organization\"},\"potentialAction\":[{\"@type\":\"SearchAction\",\"target\":{\"@type\":\"EntryPoint\",\"urlTemplate\":\"https:\/\/relaisgourmet.com\/de\/?s={search_term_string}\"},\"query-input\":{\"@type\":\"PropertyValueSpecification\",\"valueRequired\":true,\"valueName\":\"search_term_string\"}}],\"inLanguage\":\"de\"},{\"@type\":\"Organization\",\"@id\":\"https:\/\/relaisgourmet.com\/de\/#organization\",\"name\":\"Relais Gourmet\",\"url\":\"https:\/\/relaisgourmet.com\/de\/\",\"logo\":{\"@type\":\"ImageObject\",\"inLanguage\":\"de\",\"@id\":\"https:\/\/relaisgourmet.com\/de\/#\/schema\/logo\/image\/\",\"url\":\"https:\/\/relaisgourmet.com\/wp-content\/uploads\/2024\/11\/Diseno-sin-titulo-8.jpg\",\"contentUrl\":\"https:\/\/relaisgourmet.com\/wp-content\/uploads\/2024\/11\/Diseno-sin-titulo-8.jpg\",\"width\":500,\"height\":500,\"caption\":\"Relais Gourmet\"},\"image\":{\"@id\":\"https:\/\/relaisgourmet.com\/de\/#\/schema\/logo\/image\/\"},\"sameAs\":[\"https:\/\/facebook.com\/yoast\",\"https:\/\/instagram.com\/yoast\"]}]}<\/script>\n<!-- \/ Yoast SEO Premium plugin. -->","yoast_head_json":{"title":"Beauty & Foody \u2013 eBook voller Genuss & Wohlbefinden","description":"Das E-Book mit dem Titel \"Beauty & Foody - Rezepte f\u00fcr nat\u00fcrliche Sch\u00f6nheit\" ist ein E-Book, das von Relais Gourmet ver\u00f6ffentlicht und von Florie Thielin geschrieben wurde.","robots":{"index":"index","follow":"follow","max-snippet":"max-snippet:-1","max-image-preview":"max-image-preview:large","max-video-preview":"max-video-preview:-1"},"canonical":"https:\/\/relaisgourmet.com\/de\/Produkt\/beauty-foody-ebook\/","og_locale":"de_DE","og_type":"article","og_title":"Beauty &amp; Foody - eBook","og_description":"Das E-Book mit dem Titel \"Beauty & Foody - Rezepte f\u00fcr nat\u00fcrliche Sch\u00f6nheit\" ist ein E-Book, das von Relais Gourmet ver\u00f6ffentlicht und von Florie Thielin geschrieben wurde.","og_url":"https:\/\/relaisgourmet.com\/de\/Produkt\/beauty-foody-ebook\/","og_site_name":"Relais Gourmet","article_publisher":"https:\/\/facebook.com\/yoast","article_modified_time":"2025-04-09T20:38:44+00:00","og_image":[{"width":600,"height":600,"url":"https:\/\/relaisgourmet.com\/wp-content\/uploads\/2024\/09\/beauty-and-food-1.png","type":"image\/png"}],"twitter_card":"summary_large_image","twitter_misc":{"Gesch\u00e4tzte Lesezeit":"1\u00a0Minute"},"schema":{"@context":"https:\/\/schema.org","@graph":[{"@type":"WebPage","@id":"https:\/\/relaisgourmet.com\/de\/Produkt\/beauty-foody-ebook\/","url":"https:\/\/relaisgourmet.com\/de\/Produkt\/beauty-foody-ebook\/","name":"Beauty & Foody \u2013 eBook voller Genuss & Wohlbefinden","isPartOf":{"@id":"https:\/\/relaisgourmet.com\/de\/#website"},"primaryImageOfPage":{"@id":"https:\/\/relaisgourmet.com\/de\/Produkt\/beauty-foody-ebook\/#primaryimage"},"image":{"@id":"https:\/\/relaisgourmet.com\/de\/Produkt\/beauty-foody-ebook\/#primaryimage"},"thumbnailUrl":"https:\/\/relaisgourmet.com\/wp-content\/uploads\/2024\/09\/beauty-and-food-1.png","datePublished":"2021-11-22T09:20:56+00:00","dateModified":"2025-04-09T20:38:44+00:00","description":"Das E-Book mit dem Titel \"Beauty & Foody - Rezepte f\u00fcr nat\u00fcrliche Sch\u00f6nheit\" ist ein E-Book, das von Relais Gourmet ver\u00f6ffentlicht und von Florie Thielin geschrieben wurde.","breadcrumb":{"@id":"https:\/\/relaisgourmet.com\/de\/Produkt\/beauty-foody-ebook\/#breadcrumb"},"inLanguage":"de","potentialAction":[{"@type":"ReadAction","target":["https:\/\/relaisgourmet.com\/de\/Produkt\/beauty-foody-ebook\/"]}]},{"@type":"ImageObject","inLanguage":"de","@id":"https:\/\/relaisgourmet.com\/de\/Produkt\/beauty-foody-ebook\/#primaryimage","url":"https:\/\/relaisgourmet.com\/wp-content\/uploads\/2024\/09\/beauty-and-food-1.png","contentUrl":"https:\/\/relaisgourmet.com\/wp-content\/uploads\/2024\/09\/beauty-and-food-1.png","width":600,"height":600,"caption":"beauty and food"},{"@type":"BreadcrumbList","@id":"https:\/\/relaisgourmet.com\/de\/Produkt\/beauty-foody-ebook\/#breadcrumb","itemListElement":[{"@type":"ListItem","position":1,"name":"Startseite","item":"https:\/\/relaisgourmet.com\/de\/"},{"@type":"ListItem","position":2,"name":"Authentische Foie Gras","item":"https:\/\/relaisgourmet.com\/de\/authentische-foie-gras\/"},{"@type":"ListItem","position":3,"name":"Beauty &amp; Foody &#8211; eBook"}]},{"@type":"WebSite","@id":"https:\/\/relaisgourmet.com\/de\/#website","url":"https:\/\/relaisgourmet.com\/de\/","name":"Relais Gourmet","description":"Maison Gastronomique au Pays-Basque Depuis 2004","publisher":{"@id":"https:\/\/relaisgourmet.com\/de\/#organization"},"potentialAction":[{"@type":"SearchAction","target":{"@type":"EntryPoint","urlTemplate":"https:\/\/relaisgourmet.com\/de\/?s={search_term_string}"},"query-input":{"@type":"PropertyValueSpecification","valueRequired":true,"valueName":"search_term_string"}}],"inLanguage":"de"},{"@type":"Organization","@id":"https:\/\/relaisgourmet.com\/de\/#organization","name":"Relais Gourmet","url":"https:\/\/relaisgourmet.com\/de\/","logo":{"@type":"ImageObject","inLanguage":"de","@id":"https:\/\/relaisgourmet.com\/de\/#\/schema\/logo\/image\/","url":"https:\/\/relaisgourmet.com\/wp-content\/uploads\/2024\/11\/Diseno-sin-titulo-8.jpg","contentUrl":"https:\/\/relaisgourmet.com\/wp-content\/uploads\/2024\/11\/Diseno-sin-titulo-8.jpg","width":500,"height":500,"caption":"Relais Gourmet"},"image":{"@id":"https:\/\/relaisgourmet.com\/de\/#\/schema\/logo\/image\/"},"sameAs":["https:\/\/facebook.com\/yoast","https:\/\/instagram.com\/yoast"]}]}},"_links":{"self":[{"href":"https:\/\/relaisgourmet.com\/de\/wp-json\/wp\/v2\/product\/42199","targetHints":{"allow":["GET"]}}],"collection":[{"href":"https:\/\/relaisgourmet.com\/de\/wp-json\/wp\/v2\/product"}],"about":[{"href":"https:\/\/relaisgourmet.com\/de\/wp-json\/wp\/v2\/types\/product"}],"replies":[{"embeddable":true,"href":"https:\/\/relaisgourmet.com\/de\/wp-json\/wp\/v2\/comments?post=42199"}],"version-history":[{"count":0,"href":"https:\/\/relaisgourmet.com\/de\/wp-json\/wp\/v2\/product\/42199\/revisions"}],"wp:featuredmedia":[{"embeddable":true,"href":"https:\/\/relaisgourmet.com\/de\/wp-json\/wp\/v2\/media\/39628"}],"wp:attachment":[{"href":"https:\/\/relaisgourmet.com\/de\/wp-json\/wp\/v2\/media?parent=42199"}],"wp:term":[{"taxonomy":"product_brand","embeddable":true,"href":"https:\/\/relaisgourmet.com\/de\/wp-json\/wp\/v2\/product_brand?post=42199"},{"taxonomy":"product_cat","embeddable":true,"href":"https:\/\/relaisgourmet.com\/de\/wp-json\/wp\/v2\/product_cat?post=42199"},{"taxonomy":"product_tag","embeddable":true,"href":"https:\/\/relaisgourmet.com\/de\/wp-json\/wp\/v2\/product_tag?post=42199"},{"taxonomy":"giftcard-category","embeddable":true,"href":"https:\/\/relaisgourmet.com\/de\/wp-json\/wp\/v2\/giftcard-category?post=42199"}],"curies":[{"name":"wp","href":"https:\/\/api.w.org\/{rel}","templated":true}]}}