{"id":42197,"date":"2020-07-03T09:01:31","date_gmt":"2020-07-03T07:01:31","guid":{"rendered":"https:\/\/relaisgourmet.com\/produit\/31440\/"},"modified":"2024-09-27T10:55:59","modified_gmt":"2024-09-27T08:55:59","slug":"31440","status":"publish","type":"product","link":"https:\/\/relaisgourmet.com\/de\/Produkt\/31440\/","title":{"rendered":""},"content":{"rendered":"<p><strong>Lassen Sie sich auch weiterhin von der Geschichte und den Sch\u00e4tzen des Baskenlandes bereichern - mit diesem dritten Buch der digitalen Version der Fibel des Baskenlandes.<\/strong><\/p>\n<p>Zur Erinnerung: Eine Fibel ist ein Entdeckungsf\u00fchrer, eine Reise, bei der jeder Buchstabe des Alphabets als Kompass dient, um durch Themen, Autoren, Genres, Personen, Orte und vieles mehr zu navigieren. Dieses Konzept schl\u00e4gt vor, jeden Buchstaben mit einem repr\u00e4sentativen Schl\u00fcsselwort zu verkn\u00fcpfen!<\/p>\n<p>Es besteht aus mehreren Kapiteln, die sich mit verschiedenen Themen wie Geschichte, Literatur, Musik, Gastronomie, Handwerk, Traditionen und vielen anderen befassen.<\/p>\n<p>Diese Kapitel werden durch Fotos und Zeichnungen illustriert, die dem Buch eine pers\u00f6nliche und originelle Note verleihen.<\/p>\n<p>Dieses Buch, das von einem leidenschaftlichen Anh\u00e4nger des Baskenlandes geschrieben wurde, ist ein wertvoller Leitfaden, um diese an Kultur und Erbe reiche Region zu entdecken und besser zu verstehen.<\/p>\n<p><em><strong>Bei einer Bestellung \u00fcber 99\u20ac erhalten Sie dieses Buch kostenlos.<\/strong><\/em><\/p>\n<p>Relais Gourmet bietet Ihnen die M\u00f6glichkeit, das Baskenland mithilfe einer Fibel zu entdecken, die reich an Gastronomie, Folklore und historischem Erbe ist.<\/p>\n<p>Mit der Fibel des Baskenlandes sind Sie f\u00fcr alle Gelegenheiten ger\u00fcstet und k\u00f6nnen unsere verschiedenen Foies gras probieren!<\/p>\n<p>Alle unsere Zubereitungstipps finden Sie in der Rubrik Unsere Tipps und alle unsere Produkte in der Boutique Relais Gourmet. Besuchen Sie auch unseren Blog, um unsere Rezepte und andere Neuheiten zu entdecken.<\/p>\n<p>F\u00fcr ein Gourmet-Essen, warum nicht mit den k\u00f6stlichen Turrones Maria Simona abschlie\u00dfen?<\/p>\n<p>DATEI: pdf<\/p>\n<p>AUTOR: Yaqueche<\/p>\n<p>SEITENANZAHL: 34 Seiten<\/p>\n","protected":false},"excerpt":{"rendered":"<p><strong>Lassen Sie sich auch weiterhin von der Geschichte und den Sch\u00e4tzen des Baskenlandes bereichern - mit diesem dritten Buch in digitaler Form.<\/strong><\/p>\n<p><strong><em>Bei einer Bestellung \u00fcber 99\u20ac erhalten Sie dieses Buch kostenlos.<\/em><\/strong><\/p>\n<p>Relais Gourmet l\u00e4dt Sie ein, das Baskenland mit Hilfe einer Fibel zu entdecken, die reich an Gastronomie, Folklore und historischem Erbe ist.<\/p>\n<p>Datei: pdf<\/p>\n<p>AUTOR: Yaqueche<\/p>\n<p>SEITENANZAHL: 34 Seiten<\/p>\n","protected":false},"featured_media":39308,"comment_status":"closed","ping_status":"closed","template":"","meta":[],"product_brand":[],"product_cat":[1198],"product_tag":[1234,1857],"giftcard-category":[],"class_list":{"0":"post-42197","1":"product","2":"type-product","3":"status-publish","4":"has-post-thumbnail","6":"product_cat-ebooks-de","7":"product_tag-3-de","8":"product_tag-ebook-de","9":"product_shipping_class-standard-de","11":"first","12":"instock","13":"downloadable","14":"virtual","15":"taxable","16":"purchasable","17":"product-type-simple"},"yoast_head":"<!-- This site is optimized with the Yoast SEO Premium plugin v27.0 (Yoast SEO v27.3) - https:\/\/yoast.com\/product\/yoast-seo-premium-wordpress\/ -->\n<title>- Relais Gourmet<\/title>\n<meta name=\"description\" content=\"Das dritte Buch der Baskenland-Fibel erm\u00f6glicht es Ihnen, sich \u00fcber die Geschichte und die Sch\u00e4tze des Baskenlandes zu bereichern durch\" \/>\n<meta name=\"robots\" content=\"index, follow, max-snippet:-1, max-image-preview:large, max-video-preview:-1\" \/>\n<link rel=\"canonical\" href=\"https:\/\/relaisgourmet.com\/de\/Produkt\/31440\/\" \/>\n<meta property=\"og:locale\" content=\"de_DE\" \/>\n<meta property=\"og:type\" content=\"article\" \/>\n<meta property=\"og:description\" content=\"Das dritte Buch der Baskenland-Fibel erm\u00f6glicht es Ihnen, sich \u00fcber die Geschichte und die Sch\u00e4tze des Baskenlandes zu bereichern durch\" \/>\n<meta property=\"og:url\" content=\"https:\/\/relaisgourmet.com\/de\/Produkt\/31440\/\" \/>\n<meta property=\"og:site_name\" content=\"Relais Gourmet\" \/>\n<meta property=\"article:publisher\" content=\"https:\/\/facebook.com\/yoast\" \/>\n<meta property=\"article:modified_time\" content=\"2024-09-27T08:55:59+00:00\" \/>\n<meta property=\"og:image\" content=\"https:\/\/relaisgourmet.com\/wp-content\/uploads\/2024\/09\/abecedaire-3-1.png\" \/>\n\t<meta property=\"og:image:width\" content=\"600\" \/>\n\t<meta property=\"og:image:height\" content=\"600\" \/>\n\t<meta property=\"og:image:type\" content=\"image\/png\" \/>\n<meta name=\"twitter:card\" content=\"summary_large_image\" \/>\n<meta name=\"twitter:label1\" content=\"Gesch\u00e4tzte Lesezeit\" \/>\n\t<meta name=\"twitter:data1\" content=\"1\u00a0Minute\" \/>\n<script type=\"application\/ld+json\" class=\"yoast-schema-graph\">{\"@context\":\"https:\\\/\\\/schema.org\",\"@graph\":[{\"@type\":\"WebPage\",\"@id\":\"https:\\\/\\\/relaisgourmet.com\\\/de\\\/Produkt\\\/31440\\\/\",\"url\":\"https:\\\/\\\/relaisgourmet.com\\\/de\\\/Produkt\\\/31440\\\/\",\"name\":\"- Relais Gourmet\",\"isPartOf\":{\"@id\":\"https:\\\/\\\/relaisgourmet.com\\\/de\\\/#website\"},\"primaryImageOfPage\":{\"@id\":\"https:\\\/\\\/relaisgourmet.com\\\/de\\\/Produkt\\\/31440\\\/#primaryimage\"},\"image\":{\"@id\":\"https:\\\/\\\/relaisgourmet.com\\\/de\\\/Produkt\\\/31440\\\/#primaryimage\"},\"thumbnailUrl\":\"https:\\\/\\\/relaisgourmet.com\\\/wp-content\\\/uploads\\\/2024\\\/09\\\/abecedaire-3-1.png\",\"datePublished\":\"2020-07-03T07:01:31+00:00\",\"dateModified\":\"2024-09-27T08:55:59+00:00\",\"description\":\"Das dritte Buch der Baskenland-Fibel erm\u00f6glicht es Ihnen, sich \u00fcber die Geschichte und die Sch\u00e4tze des Baskenlandes zu bereichern durch\",\"breadcrumb\":{\"@id\":\"https:\\\/\\\/relaisgourmet.com\\\/de\\\/Produkt\\\/31440\\\/#breadcrumb\"},\"inLanguage\":\"de\",\"potentialAction\":[{\"@type\":\"ReadAction\",\"target\":[\"https:\\\/\\\/relaisgourmet.com\\\/de\\\/Produkt\\\/31440\\\/\"]}]},{\"@type\":\"ImageObject\",\"inLanguage\":\"de\",\"@id\":\"https:\\\/\\\/relaisgourmet.com\\\/de\\\/Produkt\\\/31440\\\/#primaryimage\",\"url\":\"https:\\\/\\\/relaisgourmet.com\\\/wp-content\\\/uploads\\\/2024\\\/09\\\/abecedaire-3-1.png\",\"contentUrl\":\"https:\\\/\\\/relaisgourmet.com\\\/wp-content\\\/uploads\\\/2024\\\/09\\\/abecedaire-3-1.png\",\"width\":600,\"height\":600,\"caption\":\"ab\u00e9c\u00e9daire du pays basque volume 3\"},{\"@type\":\"BreadcrumbList\",\"@id\":\"https:\\\/\\\/relaisgourmet.com\\\/de\\\/Produkt\\\/31440\\\/#breadcrumb\",\"itemListElement\":[{\"@type\":\"ListItem\",\"position\":1,\"name\":\"Startseite\",\"item\":\"https:\\\/\\\/relaisgourmet.com\\\/de\\\/\"},{\"@type\":\"ListItem\",\"position\":2,\"name\":\"Authentische Foie Gras\",\"item\":\"https:\\\/\\\/relaisgourmet.com\\\/de\\\/authentische-foie-gras\\\/\"}]},{\"@type\":\"WebSite\",\"@id\":\"https:\\\/\\\/relaisgourmet.com\\\/de\\\/#website\",\"url\":\"https:\\\/\\\/relaisgourmet.com\\\/de\\\/\",\"name\":\"Relais Gourmet\",\"description\":\"Maison Gastronomique au Pays-Basque Depuis 2004\",\"publisher\":{\"@id\":\"https:\\\/\\\/relaisgourmet.com\\\/de\\\/#organization\"},\"potentialAction\":[{\"@type\":\"SearchAction\",\"target\":{\"@type\":\"EntryPoint\",\"urlTemplate\":\"https:\\\/\\\/relaisgourmet.com\\\/de\\\/?s={search_term_string}\"},\"query-input\":{\"@type\":\"PropertyValueSpecification\",\"valueRequired\":true,\"valueName\":\"search_term_string\"}}],\"inLanguage\":\"de\"},{\"@type\":\"Organization\",\"@id\":\"https:\\\/\\\/relaisgourmet.com\\\/de\\\/#organization\",\"name\":\"Relais Gourmet\",\"url\":\"https:\\\/\\\/relaisgourmet.com\\\/de\\\/\",\"logo\":{\"@type\":\"ImageObject\",\"inLanguage\":\"de\",\"@id\":\"https:\\\/\\\/relaisgourmet.com\\\/de\\\/#\\\/schema\\\/logo\\\/image\\\/\",\"url\":\"https:\\\/\\\/relaisgourmet.com\\\/wp-content\\\/uploads\\\/2024\\\/11\\\/Diseno-sin-titulo-8.jpg\",\"contentUrl\":\"https:\\\/\\\/relaisgourmet.com\\\/wp-content\\\/uploads\\\/2024\\\/11\\\/Diseno-sin-titulo-8.jpg\",\"width\":500,\"height\":500,\"caption\":\"Relais Gourmet\"},\"image\":{\"@id\":\"https:\\\/\\\/relaisgourmet.com\\\/de\\\/#\\\/schema\\\/logo\\\/image\\\/\"},\"sameAs\":[\"https:\\\/\\\/facebook.com\\\/yoast\",\"https:\\\/\\\/instagram.com\\\/yoast\"]}]}<\/script>\n<!-- \/ Yoast SEO Premium plugin. -->","yoast_head_json":{"title":"- Relais Gourmet","description":"Das dritte Buch der Baskenland-Fibel erm\u00f6glicht es Ihnen, sich \u00fcber die Geschichte und die Sch\u00e4tze des Baskenlandes zu bereichern durch","robots":{"index":"index","follow":"follow","max-snippet":"max-snippet:-1","max-image-preview":"max-image-preview:large","max-video-preview":"max-video-preview:-1"},"canonical":"https:\/\/relaisgourmet.com\/de\/Produkt\/31440\/","og_locale":"de_DE","og_type":"article","og_description":"Das dritte Buch der Baskenland-Fibel erm\u00f6glicht es Ihnen, sich \u00fcber die Geschichte und die Sch\u00e4tze des Baskenlandes zu bereichern durch","og_url":"https:\/\/relaisgourmet.com\/de\/Produkt\/31440\/","og_site_name":"Relais Gourmet","article_publisher":"https:\/\/facebook.com\/yoast","article_modified_time":"2024-09-27T08:55:59+00:00","og_image":[{"width":600,"height":600,"url":"https:\/\/relaisgourmet.com\/wp-content\/uploads\/2024\/09\/abecedaire-3-1.png","type":"image\/png"}],"twitter_card":"summary_large_image","twitter_misc":{"Gesch\u00e4tzte Lesezeit":"1\u00a0Minute"},"schema":{"@context":"https:\/\/schema.org","@graph":[{"@type":"WebPage","@id":"https:\/\/relaisgourmet.com\/de\/Produkt\/31440\/","url":"https:\/\/relaisgourmet.com\/de\/Produkt\/31440\/","name":"- Relais Gourmet","isPartOf":{"@id":"https:\/\/relaisgourmet.com\/de\/#website"},"primaryImageOfPage":{"@id":"https:\/\/relaisgourmet.com\/de\/Produkt\/31440\/#primaryimage"},"image":{"@id":"https:\/\/relaisgourmet.com\/de\/Produkt\/31440\/#primaryimage"},"thumbnailUrl":"https:\/\/relaisgourmet.com\/wp-content\/uploads\/2024\/09\/abecedaire-3-1.png","datePublished":"2020-07-03T07:01:31+00:00","dateModified":"2024-09-27T08:55:59+00:00","description":"Das dritte Buch der Baskenland-Fibel erm\u00f6glicht es Ihnen, sich \u00fcber die Geschichte und die Sch\u00e4tze des Baskenlandes zu bereichern durch","breadcrumb":{"@id":"https:\/\/relaisgourmet.com\/de\/Produkt\/31440\/#breadcrumb"},"inLanguage":"de","potentialAction":[{"@type":"ReadAction","target":["https:\/\/relaisgourmet.com\/de\/Produkt\/31440\/"]}]},{"@type":"ImageObject","inLanguage":"de","@id":"https:\/\/relaisgourmet.com\/de\/Produkt\/31440\/#primaryimage","url":"https:\/\/relaisgourmet.com\/wp-content\/uploads\/2024\/09\/abecedaire-3-1.png","contentUrl":"https:\/\/relaisgourmet.com\/wp-content\/uploads\/2024\/09\/abecedaire-3-1.png","width":600,"height":600,"caption":"ab\u00e9c\u00e9daire du pays basque volume 3"},{"@type":"BreadcrumbList","@id":"https:\/\/relaisgourmet.com\/de\/Produkt\/31440\/#breadcrumb","itemListElement":[{"@type":"ListItem","position":1,"name":"Startseite","item":"https:\/\/relaisgourmet.com\/de\/"},{"@type":"ListItem","position":2,"name":"Authentische Foie Gras","item":"https:\/\/relaisgourmet.com\/de\/authentische-foie-gras\/"}]},{"@type":"WebSite","@id":"https:\/\/relaisgourmet.com\/de\/#website","url":"https:\/\/relaisgourmet.com\/de\/","name":"Relais Gourmet","description":"Maison Gastronomique au Pays-Basque Depuis 2004","publisher":{"@id":"https:\/\/relaisgourmet.com\/de\/#organization"},"potentialAction":[{"@type":"SearchAction","target":{"@type":"EntryPoint","urlTemplate":"https:\/\/relaisgourmet.com\/de\/?s={search_term_string}"},"query-input":{"@type":"PropertyValueSpecification","valueRequired":true,"valueName":"search_term_string"}}],"inLanguage":"de"},{"@type":"Organization","@id":"https:\/\/relaisgourmet.com\/de\/#organization","name":"Relais Gourmet","url":"https:\/\/relaisgourmet.com\/de\/","logo":{"@type":"ImageObject","inLanguage":"de","@id":"https:\/\/relaisgourmet.com\/de\/#\/schema\/logo\/image\/","url":"https:\/\/relaisgourmet.com\/wp-content\/uploads\/2024\/11\/Diseno-sin-titulo-8.jpg","contentUrl":"https:\/\/relaisgourmet.com\/wp-content\/uploads\/2024\/11\/Diseno-sin-titulo-8.jpg","width":500,"height":500,"caption":"Relais Gourmet"},"image":{"@id":"https:\/\/relaisgourmet.com\/de\/#\/schema\/logo\/image\/"},"sameAs":["https:\/\/facebook.com\/yoast","https:\/\/instagram.com\/yoast"]}]}},"_links":{"self":[{"href":"https:\/\/relaisgourmet.com\/de\/wp-json\/wp\/v2\/product\/42197","targetHints":{"allow":["GET"]}}],"collection":[{"href":"https:\/\/relaisgourmet.com\/de\/wp-json\/wp\/v2\/product"}],"about":[{"href":"https:\/\/relaisgourmet.com\/de\/wp-json\/wp\/v2\/types\/product"}],"replies":[{"embeddable":true,"href":"https:\/\/relaisgourmet.com\/de\/wp-json\/wp\/v2\/comments?post=42197"}],"version-history":[{"count":0,"href":"https:\/\/relaisgourmet.com\/de\/wp-json\/wp\/v2\/product\/42197\/revisions"}],"wp:featuredmedia":[{"embeddable":true,"href":"https:\/\/relaisgourmet.com\/de\/wp-json\/wp\/v2\/media\/39308"}],"wp:attachment":[{"href":"https:\/\/relaisgourmet.com\/de\/wp-json\/wp\/v2\/media?parent=42197"}],"wp:term":[{"taxonomy":"product_brand","embeddable":true,"href":"https:\/\/relaisgourmet.com\/de\/wp-json\/wp\/v2\/product_brand?post=42197"},{"taxonomy":"product_cat","embeddable":true,"href":"https:\/\/relaisgourmet.com\/de\/wp-json\/wp\/v2\/product_cat?post=42197"},{"taxonomy":"product_tag","embeddable":true,"href":"https:\/\/relaisgourmet.com\/de\/wp-json\/wp\/v2\/product_tag?post=42197"},{"taxonomy":"giftcard-category","embeddable":true,"href":"https:\/\/relaisgourmet.com\/de\/wp-json\/wp\/v2\/giftcard-category?post=42197"}],"curies":[{"name":"wp","href":"https:\/\/api.w.org\/{rel}","templated":true}]}}