{"id":42195,"date":"2021-11-22T10:30:43","date_gmt":"2021-11-22T09:30:43","guid":{"rendered":"https:\/\/relaisgourmet.com\/produit\/rezepte-fuer-verliebte-ebook\/"},"modified":"2025-04-09T22:38:44","modified_gmt":"2025-04-09T20:38:44","slug":"rezepte-fuer-verliebte-ebook","status":"publish","type":"product","link":"https:\/\/relaisgourmet.com\/de\/Produkt\/rezepte-fuer-verliebte-ebook\/","title":{"rendered":"Rezepte f\u00fcr Verliebte"},"content":{"rendered":"<p><span data-offset-key=\"ai6el-34-0\">Rec<\/span><span data-offset-key=\"ai6el-35-0\">und<\/span><span data-offset-key=\"ai6el-36-0\">  in<\/span><span data-offset-key=\"ai6el-37-0\">  Am<\/span><span data-offset-key=\"ai6el-38-0\">oder<\/span><span data-offset-key=\"ai6el-39-0\">re<\/span><span data-offset-key=\"ai6el-40-0\">ux<\/span><span data-offset-key=\"ai6el-41-0\">  ist<\/span><span data-offset-key=\"ai6el-42-0\">  eine<\/span><span data-offset-key=\"ai6el-43-0\">  liv<\/span><span data-offset-key=\"ai6el-44-0\">re<\/span><span data-offset-key=\"ai6el-45-0\">  die<\/span><span data-offset-key=\"ai6el-46-0\">  bietet<\/span><span data-offset-key=\"ai6el-47-0\">  mehr<\/span><span data-offset-key=\"ai6el-48-0\">  von<\/span><span data-offset-key=\"ai6el-49-0\">  100<\/span><span data-offset-key=\"ai6el-50-0\">  rec<\/span><span data-offset-key=\"ai6el-51-0\">und<\/span><span data-offset-key=\"ai6el-52-0\">  sp<\/span><span data-offset-key=\"ai6el-53-0\">\u00e9<\/span><span data-offset-key=\"ai6el-54-0\">cial<\/span><span data-offset-key=\"ai6el-55-0\">ement<\/span><span data-offset-key=\"ai6el-56-0\">  con<\/span><span data-offset-key=\"ai6el-57-0\">\u00e7<\/span><span data-offset-key=\"ai6el-58-0\">ues<\/span><span data-offset-key=\"ai6el-59-0\">  f\u00fcr<\/span><span data-offset-key=\"ai6el-60-0\">  die<\/span><span data-offset-key=\"ai6el-61-0\">  Paare<\/span><span data-offset-key=\"ai6el-62-0\">.<\/span><\/p>\n<p><span data-offset-key=\"ai6el-63-0\">Ch<\/span><span data-offset-key=\"ai6el-64-0\">w\u00e4ssrig<\/span><span data-offset-key=\"ai6el-65-0\">  rec<\/span><span data-offset-key=\"ai6el-66-0\">ette<\/span><span data-offset-key=\"ai6el-67-0\">  ist<\/span><span data-offset-key=\"ai6el-68-0\">  Begleitung<\/span><span data-offset-key=\"ai6el-69-0\">agn<\/span><span data-offset-key=\"ai6el-70-0\">\u00fcr die Nutzung der Website<\/span><span data-offset-key=\"ai6el-71-0\">  von<\/span><span data-offset-key=\"ai6el-72-0\">  mehr<\/span><span data-offset-key=\"ai6el-73-0\">ie<\/span><span data-offset-key=\"ai6el-74-0\">urs<\/span><span data-offset-key=\"ai6el-75-0\">  ast<\/span><span data-offset-key=\"ai6el-76-0\">uces<\/span><span data-offset-key=\"ai6el-77-0\">  f\u00fcr<\/span><span data-offset-key=\"ai6el-78-0\">  a<\/span><span data-offset-key=\"ai6el-79-0\">ider<\/span><span data-offset-key=\"ai6el-80-0\">  die<\/span><span data-offset-key=\"ai6el-81-0\">  am<\/span><span data-offset-key=\"ai6el-82-0\">oder<\/span><span data-offset-key=\"ai6el-83-0\">re<\/span><span data-offset-key=\"ai6el-84-0\">ux<\/span><span data-offset-key=\"ai6el-85-0\">  \u00e0<\/span><span data-offset-key=\"ai6el-86-0\">  pr<\/span><span data-offset-key=\"ai6el-87-0\">\u00e9<\/span><span data-offset-key=\"ai6el-88-0\">p<\/span><span data-offset-key=\"ai6el-89-0\">arer<\/span><span data-offset-key=\"ai6el-90-0\">  der<\/span><span data-offset-key=\"ai6el-91-0\">  pl<\/span><span data-offset-key=\"ai6el-92-0\">sda<\/span><span data-offset-key=\"ai6el-93-0\">  succ<\/span><span data-offset-key=\"ai6el-94-0\">ul<\/span><span data-offset-key=\"ai6el-95-0\">ents<\/span><span data-offset-key=\"ai6el-96-0\">  und<\/span><span data-offset-key=\"ai6el-97-0\">  sav<\/span><span data-offset-key=\"ai6el-98-0\">oder<\/span><span data-offset-key=\"ai6el-99-0\">re<\/span><span data-offset-key=\"ai6el-100-0\">ux<\/span><span data-offset-key=\"ai6el-101-0\">.<\/span><\/p>\n<p><span data-offset-key=\"ai6el-102-0\">Die<\/span><span data-offset-key=\"ai6el-103-0\">  pl<\/span><span data-offset-key=\"ai6el-104-0\">sda<\/span><span data-offset-key=\"ai6el-105-0\">  var<\/span><span data-offset-key=\"ai6el-106-0\">ient<\/span><span data-offset-key=\"ai6el-107-0\">  der<\/span><span data-offset-key=\"ai6el-108-0\">  entr<\/span><span data-offset-key=\"ai6el-109-0\">\u00e9<\/span><span data-offset-key=\"ai6el-110-0\">es<\/span><span data-offset-key=\"ai6el-111-0\">  zu<\/span><span data-offset-key=\"ai6el-112-0\">  Desserts<\/span><span data-offset-key=\"ai6el-113-0\">  und<\/span><span data-offset-key=\"ai6el-114-0\">  es<\/span><span data-offset-key=\"ai6el-115-0\">  y<\/span><span data-offset-key=\"ai6el-116-0\">  a<\/span><span data-offset-key=\"ai6el-117-0\">  der<\/span><span data-offset-key=\"ai6el-118-0\">  rec<\/span><span data-offset-key=\"ai6el-119-0\">und<\/span><span data-offset-key=\"ai6el-120-0\">  f\u00fcr<\/span><span data-offset-key=\"ai6el-121-0\">  cha<\/span><span data-offset-key=\"ai6el-122-0\">dass<\/span><span data-offset-key=\"ai6el-123-0\">  Gelegenheit<\/span><span data-offset-key=\"ai6el-124-0\">.<\/span><\/p>\n<p><span data-offset-key=\"ai6el-125-0\">Dar\u00fcber hinaus ist ch<\/span><span data-offset-key=\"ai6el-126-0\">Keine enth\u00e4lt<\/span><span data-offset-key=\"ai6el-133-0\">es<\/span><span data-offset-key=\"ai6el-134-0\">  con<\/span><span data-offset-key=\"ai6el-135-0\">sich<\/span><span data-offset-key=\"ai6el-136-0\">sie<\/span><span data-offset-key=\"ai6el-137-0\">  f\u00fcr<\/span><span data-offset-key=\"ai6el-138-0\">  s<\/span><span data-offset-key=\"ai6el-139-0\">\u00e9<\/span><span data-offset-key=\"ai6el-140-0\">Wahl<\/span><span data-offset-key=\"ai6el-141-0\">ner<\/span><span data-offset-key=\"ai6el-142-0\">  die<\/span><span data-offset-key=\"ai6el-143-0\">  mich<\/span><span data-offset-key=\"ai6el-144-0\">ille<\/span><span data-offset-key=\"ai6el-145-0\">urs<\/span><span data-offset-key=\"ai6el-146-0\">  ing<\/span><span data-offset-key=\"ai6el-147-0\">re<\/span><span data-offset-key=\"ai6el-148-0\">d<\/span><span data-offset-key=\"ai6el-149-0\">ients<\/span><span data-offset-key=\"ai6el-150-0\">  und<\/span><span data-offset-key=\"ai6el-151-0\">  von<\/span><span data-offset-key=\"ai6el-152-0\">  gut<\/span><span data-offset-key=\"ai6el-153-0\">nes<\/span><span data-offset-key=\"ai6el-154-0\">  fa<\/span><span data-offset-key=\"ai6el-155-0\">\u00e7<\/span><span data-offset-key=\"ai6el-156-0\">ons<\/span><span data-offset-key=\"ai6el-157-0\">  von<\/span><span data-offset-key=\"ai6el-158-0\">  die<\/span><span data-offset-key=\"ai6el-159-0\">  m<\/span><span data-offset-key=\"ai6el-160-0\">\u00e9<\/span><span data-offset-key=\"ai6el-161-0\">l<\/span><span data-offset-key=\"ai6el-162-0\">anger<\/span><span data-offset-key=\"ai6el-163-0\">.<\/span><\/p>\n<p><span data-offset-key=\"ai6el-164-0\">Dann werden die<\/span><span data-offset-key=\"ai6el-165-0\">  rec<\/span><span data-offset-key=\"ai6el-166-0\">und<\/span><span data-offset-key=\"ai6el-167-0\">  s<\/span><span data-offset-key=\"ai6el-168-0\">haben<\/span><span data-offset-key=\"ai6el-172-0\">  Begleitung<\/span><span data-offset-key=\"ai6el-173-0\">agn<\/span><span data-offset-key=\"ai6el-174-0\">\u00e9<\/span><span data-offset-key=\"ai6el-175-0\">es<\/span><span data-offset-key=\"ai6el-176-0\">  von<\/span><span data-offset-key=\"ai6el-177-0\">  Vorschl\u00e4ge<\/span><span data-offset-key=\"ai6el-178-0\">  f\u00fcr<\/span><span data-offset-key=\"ai6el-179-0\">  der<\/span><span data-offset-key=\"ai6el-180-0\">  Begleitung<\/span><span data-offset-key=\"ai6el-181-0\">agn<\/span><span data-offset-key=\"ai6el-182-0\">ements<\/span><span data-offset-key=\"ai6el-183-0\">  von<\/span><span data-offset-key=\"ai6el-184-0\">fa<\/span><span data-offset-key=\"ai6el-185-0\">its<\/span><span data-offset-key=\"ai6el-186-0\">  f\u00fcr<\/span><span data-offset-key=\"ai6el-187-0\">  kompl<\/span><span data-offset-key=\"ai6el-188-0\">\u00e9<\/span><span data-offset-key=\"ai6el-189-0\">ter<\/span><span data-offset-key=\"ai6el-190-0\">  die<\/span><span data-offset-key=\"ai6el-191-0\">  Sch\u00fcssel<\/span><span data-offset-key=\"ai6el-192-0\">.<\/span><\/p>\n<p><span data-offset-key=\"ai6el-193-0\">Die<\/span><span data-offset-key=\"ai6el-194-0\">  liv<\/span><span data-offset-key=\"ai6el-195-0\">re<\/span><span data-offset-key=\"ai6el-196-0\">  ist<\/span><span data-offset-key=\"ai6el-197-0\">  \u00e9<\/span><span data-offset-key=\"ai6el-198-0\">crit<\/span><span data-offset-key=\"ai6el-199-0\">  von<\/span><span data-offset-key=\"ai6el-200-0\">  der<\/span><span data-offset-key=\"ai6el-201-0\">  Chefs<\/span><span data-offset-key=\"ai6el-202-0\">  Beruf<\/span><span data-offset-key=\"ai6el-203-0\">nels<\/span><span data-offset-key=\"ai6el-204-0\">  und<\/span><span data-offset-key=\"ai6el-205-0\">  comp<\/span><span data-offset-key=\"ai6el-206-0\">macht<\/span><span data-offset-key=\"ai6el-207-0\">  der<\/span><span data-offset-key=\"ai6el-208-0\">  Fotos<\/span><span data-offset-key=\"ai6el-216-0\">  f\u00fcr<\/span><span data-offset-key=\"ai6el-217-0\">  a<\/span><span data-offset-key=\"ai6el-218-0\">ider<\/span><span data-offset-key=\"ai6el-219-0\">  die<\/span><span data-offset-key=\"ai6el-220-0\">  lect<\/span><span data-offset-key=\"ai6el-221-0\">e<\/span><span data-offset-key=\"ai6el-222-0\">urs<\/span><span data-offset-key=\"ai6el-223-0\">  \u00e0<\/span><span data-offset-key=\"ai6el-224-0\">  visual<\/span><span data-offset-key=\"ai6el-225-0\">iser<\/span><span data-offset-key=\"ai6el-226-0\">  cha<\/span><span data-offset-key=\"ai6el-227-0\">dass<\/span><span data-offset-key=\"ai6el-228-0\">  Sch\u00fcssel<\/span><span data-offset-key=\"ai6el-229-0\">.<\/span><\/p>\n<p>Mit diesen Rezepten f\u00fcr Verliebte sind Sie f\u00fcr alle Gelegenheiten ger\u00fcstet und k\u00f6nnen <a href=\"\/?page_id=34001\">unsere verschiedenen Foie Gras<\/a> problemlos probieren!<\/p>\n<p><strong>Alle unsere Zubereitungstipps finden Sie in der Rubrik Unsere Tipps und alle unsere Produkte im Relais Gourmet Shop. Besuchen Sie unsere  <\/strong><strong><a href=\"https:\/\/relaisgourmet.com\/index.php\/blog-foies-gras-actualite\/\">Blog<\/a><\/strong><strong> und entdecken Sie unsere <\/strong><strong><a href=\"\/?page_id=33979\">Rezepte <\/a><\/strong><strong>und andere Neuheiten.<\/strong><\/p>\n<p>Und wenn Sie ein Gourmet-Essen w\u00fcnschen, warum nicht mit den k\u00f6stlichen Turrones <a href=\"https:\/\/mariasimona.com\/\">Maria Simona<\/a> abschlie\u00dfen?<\/p>\n","protected":false},"excerpt":{"rendered":"<p>Recund in Amoderreux ist eine livre die bietet mehr von 100 recund sp\u00e9cialement con\u00e7ues f\u00fcr die Paare. Chw\u00e4ssrig recette ist Begleitungagn\u00fcr die Nutzung der Website von mehrieurs astuces f\u00fcr aider die amoderreux \u00e0 pr\u00e9parer der plsda succulents und savoderreux. Die plsda varient der entr\u00e9es zu Desserts und es y a der recund f\u00fcr chadass Gelegenheit. [&hellip;]<\/p>\n","protected":false},"featured_media":39652,"comment_status":"closed","ping_status":"closed","template":"","meta":[],"product_brand":[],"product_cat":[1198],"product_tag":[1864,1857,1865],"giftcard-category":[],"class_list":{"0":"post-42195","1":"product","2":"type-product","3":"status-publish","4":"has-post-thumbnail","6":"product_cat-ebooks-de","7":"product_tag-amoureux-de","8":"product_tag-ebook-de","9":"product_tag-recettes-de","10":"product_shipping_class-standard-de","12":"first","13":"instock","14":"downloadable","15":"virtual","16":"taxable","17":"purchasable","18":"product-type-simple"},"yoast_head":"<!-- This site is optimized with the Yoast SEO Premium plugin v27.0 (Yoast SEO v27.0) - https:\/\/yoast.com\/product\/yoast-seo-premium-wordpress\/ -->\n<title>Rezepte f\u00fcr Verliebte \u2013 Liebe geht durch den Magen<\/title>\n<meta name=\"description\" content=\"Recettes en Amoureux ist ein Buch, das eine Reihe von Rezepten enth\u00e4lt, die speziell f\u00fcr Paare entwickelt wurden. Die Gerichte variieren von Vorspeisen bis zu Desserts.\" \/>\n<meta name=\"robots\" content=\"index, follow, max-snippet:-1, max-image-preview:large, max-video-preview:-1\" \/>\n<link rel=\"canonical\" href=\"https:\/\/relaisgourmet.com\/de\/Produkt\/rezepte-fuer-verliebte-ebook\/\" \/>\n<meta property=\"og:locale\" content=\"de_DE\" \/>\n<meta property=\"og:type\" content=\"article\" \/>\n<meta property=\"og:title\" content=\"Rezepte f\u00fcr Verliebte\" \/>\n<meta property=\"og:description\" content=\"Recettes en Amoureux ist ein Buch, das eine Reihe von Rezepten enth\u00e4lt, die speziell f\u00fcr Paare entwickelt wurden. Die Gerichte variieren von Vorspeisen bis zu Desserts.\" \/>\n<meta property=\"og:url\" content=\"https:\/\/relaisgourmet.com\/de\/Produkt\/rezepte-fuer-verliebte-ebook\/\" \/>\n<meta property=\"og:site_name\" content=\"Relais Gourmet\" \/>\n<meta property=\"article:publisher\" content=\"https:\/\/facebook.com\/yoast\" \/>\n<meta property=\"article:modified_time\" content=\"2025-04-09T20:38:44+00:00\" \/>\n<meta property=\"og:image\" content=\"https:\/\/relaisgourmet.com\/wp-content\/uploads\/2024\/09\/recettes-en-amoureux-1.png\" \/>\n\t<meta property=\"og:image:width\" content=\"600\" \/>\n\t<meta property=\"og:image:height\" content=\"600\" \/>\n\t<meta property=\"og:image:type\" content=\"image\/png\" \/>\n<meta name=\"twitter:card\" content=\"summary_large_image\" \/>\n<meta name=\"twitter:label1\" content=\"Gesch\u00e4tzte Lesezeit\" \/>\n\t<meta name=\"twitter:data1\" content=\"1\u00a0Minute\" \/>\n<script type=\"application\/ld+json\" class=\"yoast-schema-graph\">{\"@context\":\"https:\/\/schema.org\",\"@graph\":[{\"@type\":\"WebPage\",\"@id\":\"https:\/\/relaisgourmet.com\/de\/Produkt\/rezepte-fuer-verliebte-ebook\/\",\"url\":\"https:\/\/relaisgourmet.com\/de\/Produkt\/rezepte-fuer-verliebte-ebook\/\",\"name\":\"Rezepte f\u00fcr Verliebte \u2013 Liebe geht durch den Magen\",\"isPartOf\":{\"@id\":\"https:\/\/relaisgourmet.com\/de\/#website\"},\"primaryImageOfPage\":{\"@id\":\"https:\/\/relaisgourmet.com\/de\/Produkt\/rezepte-fuer-verliebte-ebook\/#primaryimage\"},\"image\":{\"@id\":\"https:\/\/relaisgourmet.com\/de\/Produkt\/rezepte-fuer-verliebte-ebook\/#primaryimage\"},\"thumbnailUrl\":\"https:\/\/relaisgourmet.com\/wp-content\/uploads\/2024\/09\/recettes-en-amoureux-1.png\",\"datePublished\":\"2021-11-22T09:30:43+00:00\",\"dateModified\":\"2025-04-09T20:38:44+00:00\",\"description\":\"Recettes en Amoureux ist ein Buch, das eine Reihe von Rezepten enth\u00e4lt, die speziell f\u00fcr Paare entwickelt wurden. Die Gerichte variieren von Vorspeisen bis zu Desserts.\",\"breadcrumb\":{\"@id\":\"https:\/\/relaisgourmet.com\/de\/Produkt\/rezepte-fuer-verliebte-ebook\/#breadcrumb\"},\"inLanguage\":\"de\",\"potentialAction\":[{\"@type\":\"ReadAction\",\"target\":[\"https:\/\/relaisgourmet.com\/de\/Produkt\/rezepte-fuer-verliebte-ebook\/\"]}]},{\"@type\":\"ImageObject\",\"inLanguage\":\"de\",\"@id\":\"https:\/\/relaisgourmet.com\/de\/Produkt\/rezepte-fuer-verliebte-ebook\/#primaryimage\",\"url\":\"https:\/\/relaisgourmet.com\/wp-content\/uploads\/2024\/09\/recettes-en-amoureux-1.png\",\"contentUrl\":\"https:\/\/relaisgourmet.com\/wp-content\/uploads\/2024\/09\/recettes-en-amoureux-1.png\",\"width\":600,\"height\":600,\"caption\":\"recettes en amoureux\"},{\"@type\":\"BreadcrumbList\",\"@id\":\"https:\/\/relaisgourmet.com\/de\/Produkt\/rezepte-fuer-verliebte-ebook\/#breadcrumb\",\"itemListElement\":[{\"@type\":\"ListItem\",\"position\":1,\"name\":\"Startseite\",\"item\":\"https:\/\/relaisgourmet.com\/de\/\"},{\"@type\":\"ListItem\",\"position\":2,\"name\":\"Authentische Foie Gras\",\"item\":\"https:\/\/relaisgourmet.com\/de\/authentische-foie-gras\/\"},{\"@type\":\"ListItem\",\"position\":3,\"name\":\"Rezepte f\u00fcr Verliebte\"}]},{\"@type\":\"WebSite\",\"@id\":\"https:\/\/relaisgourmet.com\/de\/#website\",\"url\":\"https:\/\/relaisgourmet.com\/de\/\",\"name\":\"Relais Gourmet\",\"description\":\"Maison Gastronomique au Pays-Basque Depuis 2004\",\"publisher\":{\"@id\":\"https:\/\/relaisgourmet.com\/de\/#organization\"},\"potentialAction\":[{\"@type\":\"SearchAction\",\"target\":{\"@type\":\"EntryPoint\",\"urlTemplate\":\"https:\/\/relaisgourmet.com\/de\/?s={search_term_string}\"},\"query-input\":{\"@type\":\"PropertyValueSpecification\",\"valueRequired\":true,\"valueName\":\"search_term_string\"}}],\"inLanguage\":\"de\"},{\"@type\":\"Organization\",\"@id\":\"https:\/\/relaisgourmet.com\/de\/#organization\",\"name\":\"Relais Gourmet\",\"url\":\"https:\/\/relaisgourmet.com\/de\/\",\"logo\":{\"@type\":\"ImageObject\",\"inLanguage\":\"de\",\"@id\":\"https:\/\/relaisgourmet.com\/de\/#\/schema\/logo\/image\/\",\"url\":\"https:\/\/relaisgourmet.com\/wp-content\/uploads\/2024\/11\/Diseno-sin-titulo-8.jpg\",\"contentUrl\":\"https:\/\/relaisgourmet.com\/wp-content\/uploads\/2024\/11\/Diseno-sin-titulo-8.jpg\",\"width\":500,\"height\":500,\"caption\":\"Relais Gourmet\"},\"image\":{\"@id\":\"https:\/\/relaisgourmet.com\/de\/#\/schema\/logo\/image\/\"},\"sameAs\":[\"https:\/\/facebook.com\/yoast\",\"https:\/\/instagram.com\/yoast\"]}]}<\/script>\n<!-- \/ Yoast SEO Premium plugin. -->","yoast_head_json":{"title":"Rezepte f\u00fcr Verliebte \u2013 Liebe geht durch den Magen","description":"Recettes en Amoureux ist ein Buch, das eine Reihe von Rezepten enth\u00e4lt, die speziell f\u00fcr Paare entwickelt wurden. Die Gerichte variieren von Vorspeisen bis zu Desserts.","robots":{"index":"index","follow":"follow","max-snippet":"max-snippet:-1","max-image-preview":"max-image-preview:large","max-video-preview":"max-video-preview:-1"},"canonical":"https:\/\/relaisgourmet.com\/de\/Produkt\/rezepte-fuer-verliebte-ebook\/","og_locale":"de_DE","og_type":"article","og_title":"Rezepte f\u00fcr Verliebte","og_description":"Recettes en Amoureux ist ein Buch, das eine Reihe von Rezepten enth\u00e4lt, die speziell f\u00fcr Paare entwickelt wurden. Die Gerichte variieren von Vorspeisen bis zu Desserts.","og_url":"https:\/\/relaisgourmet.com\/de\/Produkt\/rezepte-fuer-verliebte-ebook\/","og_site_name":"Relais Gourmet","article_publisher":"https:\/\/facebook.com\/yoast","article_modified_time":"2025-04-09T20:38:44+00:00","og_image":[{"width":600,"height":600,"url":"https:\/\/relaisgourmet.com\/wp-content\/uploads\/2024\/09\/recettes-en-amoureux-1.png","type":"image\/png"}],"twitter_card":"summary_large_image","twitter_misc":{"Gesch\u00e4tzte Lesezeit":"1\u00a0Minute"},"schema":{"@context":"https:\/\/schema.org","@graph":[{"@type":"WebPage","@id":"https:\/\/relaisgourmet.com\/de\/Produkt\/rezepte-fuer-verliebte-ebook\/","url":"https:\/\/relaisgourmet.com\/de\/Produkt\/rezepte-fuer-verliebte-ebook\/","name":"Rezepte f\u00fcr Verliebte \u2013 Liebe geht durch den Magen","isPartOf":{"@id":"https:\/\/relaisgourmet.com\/de\/#website"},"primaryImageOfPage":{"@id":"https:\/\/relaisgourmet.com\/de\/Produkt\/rezepte-fuer-verliebte-ebook\/#primaryimage"},"image":{"@id":"https:\/\/relaisgourmet.com\/de\/Produkt\/rezepte-fuer-verliebte-ebook\/#primaryimage"},"thumbnailUrl":"https:\/\/relaisgourmet.com\/wp-content\/uploads\/2024\/09\/recettes-en-amoureux-1.png","datePublished":"2021-11-22T09:30:43+00:00","dateModified":"2025-04-09T20:38:44+00:00","description":"Recettes en Amoureux ist ein Buch, das eine Reihe von Rezepten enth\u00e4lt, die speziell f\u00fcr Paare entwickelt wurden. Die Gerichte variieren von Vorspeisen bis zu Desserts.","breadcrumb":{"@id":"https:\/\/relaisgourmet.com\/de\/Produkt\/rezepte-fuer-verliebte-ebook\/#breadcrumb"},"inLanguage":"de","potentialAction":[{"@type":"ReadAction","target":["https:\/\/relaisgourmet.com\/de\/Produkt\/rezepte-fuer-verliebte-ebook\/"]}]},{"@type":"ImageObject","inLanguage":"de","@id":"https:\/\/relaisgourmet.com\/de\/Produkt\/rezepte-fuer-verliebte-ebook\/#primaryimage","url":"https:\/\/relaisgourmet.com\/wp-content\/uploads\/2024\/09\/recettes-en-amoureux-1.png","contentUrl":"https:\/\/relaisgourmet.com\/wp-content\/uploads\/2024\/09\/recettes-en-amoureux-1.png","width":600,"height":600,"caption":"recettes en amoureux"},{"@type":"BreadcrumbList","@id":"https:\/\/relaisgourmet.com\/de\/Produkt\/rezepte-fuer-verliebte-ebook\/#breadcrumb","itemListElement":[{"@type":"ListItem","position":1,"name":"Startseite","item":"https:\/\/relaisgourmet.com\/de\/"},{"@type":"ListItem","position":2,"name":"Authentische Foie Gras","item":"https:\/\/relaisgourmet.com\/de\/authentische-foie-gras\/"},{"@type":"ListItem","position":3,"name":"Rezepte f\u00fcr Verliebte"}]},{"@type":"WebSite","@id":"https:\/\/relaisgourmet.com\/de\/#website","url":"https:\/\/relaisgourmet.com\/de\/","name":"Relais Gourmet","description":"Maison Gastronomique au Pays-Basque Depuis 2004","publisher":{"@id":"https:\/\/relaisgourmet.com\/de\/#organization"},"potentialAction":[{"@type":"SearchAction","target":{"@type":"EntryPoint","urlTemplate":"https:\/\/relaisgourmet.com\/de\/?s={search_term_string}"},"query-input":{"@type":"PropertyValueSpecification","valueRequired":true,"valueName":"search_term_string"}}],"inLanguage":"de"},{"@type":"Organization","@id":"https:\/\/relaisgourmet.com\/de\/#organization","name":"Relais Gourmet","url":"https:\/\/relaisgourmet.com\/de\/","logo":{"@type":"ImageObject","inLanguage":"de","@id":"https:\/\/relaisgourmet.com\/de\/#\/schema\/logo\/image\/","url":"https:\/\/relaisgourmet.com\/wp-content\/uploads\/2024\/11\/Diseno-sin-titulo-8.jpg","contentUrl":"https:\/\/relaisgourmet.com\/wp-content\/uploads\/2024\/11\/Diseno-sin-titulo-8.jpg","width":500,"height":500,"caption":"Relais Gourmet"},"image":{"@id":"https:\/\/relaisgourmet.com\/de\/#\/schema\/logo\/image\/"},"sameAs":["https:\/\/facebook.com\/yoast","https:\/\/instagram.com\/yoast"]}]}},"_links":{"self":[{"href":"https:\/\/relaisgourmet.com\/de\/wp-json\/wp\/v2\/product\/42195","targetHints":{"allow":["GET"]}}],"collection":[{"href":"https:\/\/relaisgourmet.com\/de\/wp-json\/wp\/v2\/product"}],"about":[{"href":"https:\/\/relaisgourmet.com\/de\/wp-json\/wp\/v2\/types\/product"}],"replies":[{"embeddable":true,"href":"https:\/\/relaisgourmet.com\/de\/wp-json\/wp\/v2\/comments?post=42195"}],"version-history":[{"count":1,"href":"https:\/\/relaisgourmet.com\/de\/wp-json\/wp\/v2\/product\/42195\/revisions"}],"predecessor-version":[{"id":54875,"href":"https:\/\/relaisgourmet.com\/de\/wp-json\/wp\/v2\/product\/42195\/revisions\/54875"}],"wp:featuredmedia":[{"embeddable":true,"href":"https:\/\/relaisgourmet.com\/de\/wp-json\/wp\/v2\/media\/39652"}],"wp:attachment":[{"href":"https:\/\/relaisgourmet.com\/de\/wp-json\/wp\/v2\/media?parent=42195"}],"wp:term":[{"taxonomy":"product_brand","embeddable":true,"href":"https:\/\/relaisgourmet.com\/de\/wp-json\/wp\/v2\/product_brand?post=42195"},{"taxonomy":"product_cat","embeddable":true,"href":"https:\/\/relaisgourmet.com\/de\/wp-json\/wp\/v2\/product_cat?post=42195"},{"taxonomy":"product_tag","embeddable":true,"href":"https:\/\/relaisgourmet.com\/de\/wp-json\/wp\/v2\/product_tag?post=42195"},{"taxonomy":"giftcard-category","embeddable":true,"href":"https:\/\/relaisgourmet.com\/de\/wp-json\/wp\/v2\/giftcard-category?post=42195"}],"curies":[{"name":"wp","href":"https:\/\/api.w.org\/{rel}","templated":true}]}}