{"id":42189,"date":"2023-03-15T08:56:44","date_gmt":"2023-03-15T07:56:44","guid":{"rendered":"https:\/\/relaisgourmet.com\/produit\/la-boite-a-merveilles-parfumee\/"},"modified":"2025-04-09T22:38:34","modified_gmt":"2025-04-09T20:38:34","slug":"la-boite-a-merveilles-parfumee","status":"publish","type":"product","link":"https:\/\/relaisgourmet.com\/de\/Produkt\/la-boite-a-merveilles-parfumee\/","title":{"rendered":"Duftendes Wunder-Set"},"content":{"rendered":"<p><span style=\"font-weight: 400;\">Entdecken Sie unser Duftendes Wunder-Set eine exklusive Auswahl von drei Foies Gras: mit Portwein, mit Sauternes und mit Armagnac.<\/span><\/p>\n<p><span style=\"font-weight: 400;\">Jeder wird sorgf\u00e4ltig zubereitet f\u00fcr ein einzigartiges Geschmackserlebnis, das Tradition und Qualit\u00e4t vereint. Tauchen Sie ein in ein unvergleichliches gastronomisches Erlebnis mit unserem Coffret Merveilles Parfum\u00e9es, eine Einladung zu einer kulinarischen Reise in unsere Region.<\/span><\/p>\n<p><b>Garantie ohne Konservierungsstoffe, ohne Farbstoffe und ohne Zusatzstoffe.<\/b><\/p>\n<p><b>Zusammensetzung:<\/b><\/p>\n<ul>\n<li style=\"font-weight: 400;\" aria-level=\"1\"><span style=\"font-weight: 400;\">\u00a0Foie Gras mit Portwein (200 g)<\/span><\/li>\n<li style=\"font-weight: 400;\" aria-level=\"1\"><span style=\"font-weight: 400;\">\u00a0Foie Gras mit Sauternes (80 g)<\/span><\/li>\n<li style=\"font-weight: 400;\" aria-level=\"1\"><span style=\"font-weight: 400;\">\u00a0Foie Gras mit Armagnac (80 g)<\/span><\/li>\n<\/ul>\n<p><b>Haltbarkeit:<\/b><span style=\"font-weight: 400;\"> 3 Jahre bei Raumtemperatur. Nach dem \u00d6ffnen innerhalb von 15 Tagen verbrauchen und im K\u00fchlschrank aufbewahren.<\/span><\/p>\n<p><span style=\"font-weight: 400;\">Finden Sie alle unsere Tipps und Tricks zur Zubereitung im <\/span><a href=\"https:\/\/relaisgourmet.com\/blog\/?lang=de\"><span style=\"font-weight: 400;\">Blog-Bereich<\/span><\/a><span style=\"font-weight: 400;\">.<\/span><\/p>\n","protected":false},"excerpt":{"rendered":"<p>Lassen Sie sich von unserem Coffret Merveilles Parfum\u00e9es verf\u00fchren. Eine Gourmet-Auswahl unserer Foie Gras, die eine vollst\u00e4ndige Eintauchen in das Baskenland bietet.<\/p>\n<p><img decoding=\"async\" class=\"emoji\" role=\"img\" draggable=\"false\" src=\"https:\/\/s.w.org\/images\/core\/emoji\/15.0.3\/svg\/1f1eb-1f1f7.svg\" alt=\"\ud83c\uddeb\ud83c\uddf7\" \/>\u00a0Produktion garantiert 100% franz\u00f6sisch<br \/>\n\u2714 Garantie ohne Konservierungsstoffe, ohne Zusatzstoffe und ohne Farbstoffe.<br \/>\n\ud83c\udf43 Enten mit gelbem Mais gef\u00fcttert<br \/>\n\ud83d\ude9a Schnelle Lieferung weltweit<br \/>\n\ud83d\udd53 Haltbar 3 Jahre<br \/>\n\ud83d\udd10 Sichere Bezahlung<\/p>\n","protected":false},"featured_media":57699,"comment_status":"closed","ping_status":"closed","template":"","meta":[],"product_brand":[],"product_cat":[1314,1295],"product_tag":[1832,1834,2167],"giftcard-category":[],"class_list":{"0":"post-42189","1":"product","2":"type-product","3":"status-publish","4":"has-post-thumbnail","6":"product_cat-parfumierte-leberpastete","7":"product_cat-unsere-foies-gras","8":"product_tag-bon-foie-gras-de","9":"product_tag-foie-gras-a-larmagnac-de","10":"product_tag-ganze-stopfleber","11":"product_shipping_class-standard-de","13":"first","14":"instock","15":"sale","16":"taxable","17":"shipping-taxable","18":"purchasable","19":"product-type-simple"},"yoast_head":"<!-- This site is optimized with the Yoast SEO Premium plugin v27.4 (Yoast SEO v27.4) - https:\/\/yoast.com\/product\/yoast-seo-premium-wordpress\/ -->\n<title>Duftende Wunderschachtel \u2013 Ein Geschenk f\u00fcr die Sinne<\/title>\n<meta name=\"description\" content=\"Lassen Sie sich von unserer parf\u00fcmierten Wunderbox verf\u00fchren. Ein Gourmet-Sortiment unserer Foie Gras, das Sie ganz in die baskische Region eintauchen l\u00e4sst.\" \/>\n<meta name=\"robots\" content=\"index, follow, max-snippet:-1, max-image-preview:large, max-video-preview:-1\" \/>\n<link rel=\"canonical\" href=\"https:\/\/relaisgourmet.com\/de\/Produkt\/la-boite-a-merveilles-parfumee\/\" \/>\n<meta property=\"og:locale\" content=\"de_DE\" \/>\n<meta property=\"og:type\" content=\"article\" \/>\n<meta property=\"og:title\" content=\"Duftendes Wunder-Set\" \/>\n<meta property=\"og:description\" content=\"Lassen Sie sich von unserer parf\u00fcmierten Wunderbox verf\u00fchren. Ein Gourmet-Sortiment unserer Foie Gras, das Sie ganz in die baskische Region eintauchen l\u00e4sst.\" \/>\n<meta property=\"og:url\" content=\"https:\/\/relaisgourmet.com\/de\/Produkt\/la-boite-a-merveilles-parfumee\/\" \/>\n<meta property=\"og:site_name\" content=\"Relais Gourmet\" \/>\n<meta property=\"article:publisher\" content=\"https:\/\/facebook.com\/yoast\" \/>\n<meta property=\"article:modified_time\" content=\"2025-04-09T20:38:34+00:00\" \/>\n<meta property=\"og:image\" content=\"https:\/\/relaisgourmet.com\/wp-content\/uploads\/2024\/09\/Pack-1-Armagnac-Saturnes-Porto-DELANTE-DE-LA-CAJA-2.jpg\" \/>\n\t<meta property=\"og:image:width\" content=\"1080\" \/>\n\t<meta property=\"og:image:height\" content=\"1080\" \/>\n\t<meta property=\"og:image:type\" content=\"image\/jpeg\" \/>\n<meta name=\"twitter:card\" content=\"summary_large_image\" \/>\n<meta name=\"twitter:label1\" content=\"Gesch\u00e4tzte Lesezeit\" \/>\n\t<meta name=\"twitter:data1\" content=\"1\u00a0Minute\" \/>\n<script type=\"application\/ld+json\" class=\"yoast-schema-graph\">{\"@context\":\"https:\\\/\\\/schema.org\",\"@graph\":[{\"@type\":\"WebPage\",\"@id\":\"https:\\\/\\\/relaisgourmet.com\\\/de\\\/Produkt\\\/la-boite-a-merveilles-parfumee\\\/\",\"url\":\"https:\\\/\\\/relaisgourmet.com\\\/de\\\/Produkt\\\/la-boite-a-merveilles-parfumee\\\/\",\"name\":\"Duftende Wunderschachtel \u2013 Ein Geschenk f\u00fcr die Sinne\",\"isPartOf\":{\"@id\":\"https:\\\/\\\/relaisgourmet.com\\\/de\\\/#website\"},\"primaryImageOfPage\":{\"@id\":\"https:\\\/\\\/relaisgourmet.com\\\/de\\\/Produkt\\\/la-boite-a-merveilles-parfumee\\\/#primaryimage\"},\"image\":{\"@id\":\"https:\\\/\\\/relaisgourmet.com\\\/de\\\/Produkt\\\/la-boite-a-merveilles-parfumee\\\/#primaryimage\"},\"thumbnailUrl\":\"https:\\\/\\\/relaisgourmet.com\\\/wp-content\\\/uploads\\\/2023\\\/03\\\/boite-a-merveille-parfume1.jpg\",\"datePublished\":\"2023-03-15T07:56:44+00:00\",\"dateModified\":\"2025-04-09T20:38:34+00:00\",\"description\":\"Lassen Sie sich von unserer parf\u00fcmierten Wunderbox verf\u00fchren. Ein Gourmet-Sortiment unserer Foie Gras, das Sie ganz in die baskische Region eintauchen l\u00e4sst.\",\"breadcrumb\":{\"@id\":\"https:\\\/\\\/relaisgourmet.com\\\/de\\\/Produkt\\\/la-boite-a-merveilles-parfumee\\\/#breadcrumb\"},\"inLanguage\":\"de\",\"potentialAction\":[{\"@type\":\"ReadAction\",\"target\":[\"https:\\\/\\\/relaisgourmet.com\\\/de\\\/Produkt\\\/la-boite-a-merveilles-parfumee\\\/\"]}]},{\"@type\":\"ImageObject\",\"inLanguage\":\"de\",\"@id\":\"https:\\\/\\\/relaisgourmet.com\\\/de\\\/Produkt\\\/la-boite-a-merveilles-parfumee\\\/#primaryimage\",\"url\":\"https:\\\/\\\/relaisgourmet.com\\\/wp-content\\\/uploads\\\/2023\\\/03\\\/boite-a-merveille-parfume1.jpg\",\"contentUrl\":\"https:\\\/\\\/relaisgourmet.com\\\/wp-content\\\/uploads\\\/2023\\\/03\\\/boite-a-merveille-parfume1.jpg\",\"width\":974,\"height\":974},{\"@type\":\"BreadcrumbList\",\"@id\":\"https:\\\/\\\/relaisgourmet.com\\\/de\\\/Produkt\\\/la-boite-a-merveilles-parfumee\\\/#breadcrumb\",\"itemListElement\":[{\"@type\":\"ListItem\",\"position\":1,\"name\":\"Startseite\",\"item\":\"https:\\\/\\\/relaisgourmet.com\\\/de\\\/\"},{\"@type\":\"ListItem\",\"position\":2,\"name\":\"Authentische Foie Gras\",\"item\":\"https:\\\/\\\/relaisgourmet.com\\\/de\\\/authentische-foie-gras\\\/\"},{\"@type\":\"ListItem\",\"position\":3,\"name\":\"Duftendes Wunder-Set\"}]},{\"@type\":\"WebSite\",\"@id\":\"https:\\\/\\\/relaisgourmet.com\\\/de\\\/#website\",\"url\":\"https:\\\/\\\/relaisgourmet.com\\\/de\\\/\",\"name\":\"Relais Gourmet\",\"description\":\"Maison Gastronomique au Pays-Basque Depuis 2004\",\"publisher\":{\"@id\":\"https:\\\/\\\/relaisgourmet.com\\\/de\\\/#organization\"},\"potentialAction\":[{\"@type\":\"SearchAction\",\"target\":{\"@type\":\"EntryPoint\",\"urlTemplate\":\"https:\\\/\\\/relaisgourmet.com\\\/de\\\/?s={search_term_string}\"},\"query-input\":{\"@type\":\"PropertyValueSpecification\",\"valueRequired\":true,\"valueName\":\"search_term_string\"}}],\"inLanguage\":\"de\"},{\"@type\":\"Organization\",\"@id\":\"https:\\\/\\\/relaisgourmet.com\\\/de\\\/#organization\",\"name\":\"Relais Gourmet\",\"url\":\"https:\\\/\\\/relaisgourmet.com\\\/de\\\/\",\"logo\":{\"@type\":\"ImageObject\",\"inLanguage\":\"de\",\"@id\":\"https:\\\/\\\/relaisgourmet.com\\\/de\\\/#\\\/schema\\\/logo\\\/image\\\/\",\"url\":\"https:\\\/\\\/relaisgourmet.com\\\/wp-content\\\/uploads\\\/2024\\\/11\\\/Diseno-sin-titulo-8.jpg\",\"contentUrl\":\"https:\\\/\\\/relaisgourmet.com\\\/wp-content\\\/uploads\\\/2024\\\/11\\\/Diseno-sin-titulo-8.jpg\",\"width\":500,\"height\":500,\"caption\":\"Relais Gourmet\"},\"image\":{\"@id\":\"https:\\\/\\\/relaisgourmet.com\\\/de\\\/#\\\/schema\\\/logo\\\/image\\\/\"},\"sameAs\":[\"https:\\\/\\\/facebook.com\\\/yoast\",\"https:\\\/\\\/instagram.com\\\/yoast\"]}]}<\/script>\n<!-- \/ Yoast SEO Premium plugin. -->","yoast_head_json":{"title":"Duftende Wunderschachtel \u2013 Ein Geschenk f\u00fcr die Sinne","description":"Lassen Sie sich von unserer parf\u00fcmierten Wunderbox verf\u00fchren. Ein Gourmet-Sortiment unserer Foie Gras, das Sie ganz in die baskische Region eintauchen l\u00e4sst.","robots":{"index":"index","follow":"follow","max-snippet":"max-snippet:-1","max-image-preview":"max-image-preview:large","max-video-preview":"max-video-preview:-1"},"canonical":"https:\/\/relaisgourmet.com\/de\/Produkt\/la-boite-a-merveilles-parfumee\/","og_locale":"de_DE","og_type":"article","og_title":"Duftendes Wunder-Set","og_description":"Lassen Sie sich von unserer parf\u00fcmierten Wunderbox verf\u00fchren. Ein Gourmet-Sortiment unserer Foie Gras, das Sie ganz in die baskische Region eintauchen l\u00e4sst.","og_url":"https:\/\/relaisgourmet.com\/de\/Produkt\/la-boite-a-merveilles-parfumee\/","og_site_name":"Relais Gourmet","article_publisher":"https:\/\/facebook.com\/yoast","article_modified_time":"2025-04-09T20:38:34+00:00","og_image":[{"width":1080,"height":1080,"url":"https:\/\/relaisgourmet.com\/wp-content\/uploads\/2024\/09\/Pack-1-Armagnac-Saturnes-Porto-DELANTE-DE-LA-CAJA-2.jpg","type":"image\/jpeg"}],"twitter_card":"summary_large_image","twitter_misc":{"Gesch\u00e4tzte Lesezeit":"1\u00a0Minute"},"schema":{"@context":"https:\/\/schema.org","@graph":[{"@type":"WebPage","@id":"https:\/\/relaisgourmet.com\/de\/Produkt\/la-boite-a-merveilles-parfumee\/","url":"https:\/\/relaisgourmet.com\/de\/Produkt\/la-boite-a-merveilles-parfumee\/","name":"Duftende Wunderschachtel \u2013 Ein Geschenk f\u00fcr die Sinne","isPartOf":{"@id":"https:\/\/relaisgourmet.com\/de\/#website"},"primaryImageOfPage":{"@id":"https:\/\/relaisgourmet.com\/de\/Produkt\/la-boite-a-merveilles-parfumee\/#primaryimage"},"image":{"@id":"https:\/\/relaisgourmet.com\/de\/Produkt\/la-boite-a-merveilles-parfumee\/#primaryimage"},"thumbnailUrl":"https:\/\/relaisgourmet.com\/wp-content\/uploads\/2023\/03\/boite-a-merveille-parfume1.jpg","datePublished":"2023-03-15T07:56:44+00:00","dateModified":"2025-04-09T20:38:34+00:00","description":"Lassen Sie sich von unserer parf\u00fcmierten Wunderbox verf\u00fchren. Ein Gourmet-Sortiment unserer Foie Gras, das Sie ganz in die baskische Region eintauchen l\u00e4sst.","breadcrumb":{"@id":"https:\/\/relaisgourmet.com\/de\/Produkt\/la-boite-a-merveilles-parfumee\/#breadcrumb"},"inLanguage":"de","potentialAction":[{"@type":"ReadAction","target":["https:\/\/relaisgourmet.com\/de\/Produkt\/la-boite-a-merveilles-parfumee\/"]}]},{"@type":"ImageObject","inLanguage":"de","@id":"https:\/\/relaisgourmet.com\/de\/Produkt\/la-boite-a-merveilles-parfumee\/#primaryimage","url":"https:\/\/relaisgourmet.com\/wp-content\/uploads\/2023\/03\/boite-a-merveille-parfume1.jpg","contentUrl":"https:\/\/relaisgourmet.com\/wp-content\/uploads\/2023\/03\/boite-a-merveille-parfume1.jpg","width":974,"height":974},{"@type":"BreadcrumbList","@id":"https:\/\/relaisgourmet.com\/de\/Produkt\/la-boite-a-merveilles-parfumee\/#breadcrumb","itemListElement":[{"@type":"ListItem","position":1,"name":"Startseite","item":"https:\/\/relaisgourmet.com\/de\/"},{"@type":"ListItem","position":2,"name":"Authentische Foie Gras","item":"https:\/\/relaisgourmet.com\/de\/authentische-foie-gras\/"},{"@type":"ListItem","position":3,"name":"Duftendes Wunder-Set"}]},{"@type":"WebSite","@id":"https:\/\/relaisgourmet.com\/de\/#website","url":"https:\/\/relaisgourmet.com\/de\/","name":"Relais Gourmet","description":"Maison Gastronomique au Pays-Basque Depuis 2004","publisher":{"@id":"https:\/\/relaisgourmet.com\/de\/#organization"},"potentialAction":[{"@type":"SearchAction","target":{"@type":"EntryPoint","urlTemplate":"https:\/\/relaisgourmet.com\/de\/?s={search_term_string}"},"query-input":{"@type":"PropertyValueSpecification","valueRequired":true,"valueName":"search_term_string"}}],"inLanguage":"de"},{"@type":"Organization","@id":"https:\/\/relaisgourmet.com\/de\/#organization","name":"Relais Gourmet","url":"https:\/\/relaisgourmet.com\/de\/","logo":{"@type":"ImageObject","inLanguage":"de","@id":"https:\/\/relaisgourmet.com\/de\/#\/schema\/logo\/image\/","url":"https:\/\/relaisgourmet.com\/wp-content\/uploads\/2024\/11\/Diseno-sin-titulo-8.jpg","contentUrl":"https:\/\/relaisgourmet.com\/wp-content\/uploads\/2024\/11\/Diseno-sin-titulo-8.jpg","width":500,"height":500,"caption":"Relais Gourmet"},"image":{"@id":"https:\/\/relaisgourmet.com\/de\/#\/schema\/logo\/image\/"},"sameAs":["https:\/\/facebook.com\/yoast","https:\/\/instagram.com\/yoast"]}]}},"_links":{"self":[{"href":"https:\/\/relaisgourmet.com\/de\/wp-json\/wp\/v2\/product\/42189","targetHints":{"allow":["GET"]}}],"collection":[{"href":"https:\/\/relaisgourmet.com\/de\/wp-json\/wp\/v2\/product"}],"about":[{"href":"https:\/\/relaisgourmet.com\/de\/wp-json\/wp\/v2\/types\/product"}],"replies":[{"embeddable":true,"href":"https:\/\/relaisgourmet.com\/de\/wp-json\/wp\/v2\/comments?post=42189"}],"version-history":[{"count":0,"href":"https:\/\/relaisgourmet.com\/de\/wp-json\/wp\/v2\/product\/42189\/revisions"}],"wp:featuredmedia":[{"embeddable":true,"href":"https:\/\/relaisgourmet.com\/de\/wp-json\/wp\/v2\/media\/57699"}],"wp:attachment":[{"href":"https:\/\/relaisgourmet.com\/de\/wp-json\/wp\/v2\/media?parent=42189"}],"wp:term":[{"taxonomy":"product_brand","embeddable":true,"href":"https:\/\/relaisgourmet.com\/de\/wp-json\/wp\/v2\/product_brand?post=42189"},{"taxonomy":"product_cat","embeddable":true,"href":"https:\/\/relaisgourmet.com\/de\/wp-json\/wp\/v2\/product_cat?post=42189"},{"taxonomy":"product_tag","embeddable":true,"href":"https:\/\/relaisgourmet.com\/de\/wp-json\/wp\/v2\/product_tag?post=42189"},{"taxonomy":"giftcard-category","embeddable":true,"href":"https:\/\/relaisgourmet.com\/de\/wp-json\/wp\/v2\/giftcard-category?post=42189"}],"curies":[{"name":"wp","href":"https:\/\/api.w.org\/{rel}","templated":true}]}}