{"id":42179,"date":"2023-10-13T08:00:51","date_gmt":"2023-10-13T06:00:51","guid":{"rendered":"https:\/\/relaisgourmet.com\/produit\/geschenkbox-mit-4-quintessenzen-1-gratis\/"},"modified":"2025-04-12T22:36:16","modified_gmt":"2025-04-12T20:36:16","slug":"geschenkbox-mit-4-quintessenzen-1-gratis","status":"publish","type":"product","link":"https:\/\/relaisgourmet.com\/de\/Produkt\/geschenkbox-mit-4-quintessenzen-1-gratis\/","title":{"rendered":"Geschenkbox mit 5 Quintessenzen + 1 Gratis: Foie Gras mit ger\u00e4ucherter Entenbrust."},"content":{"rendered":"<p><span style=\"font-weight: 400;\">Entdecken Sie den Korb mit Geschenkbox mit 4 Quintessenzen + 1 gratis: eine Auswahl an Relais Gourmet Produkten, perfekt f\u00fcr Ihre sommerlichen Ap\u00e9ritifs und Fr\u00fchlingspicknicks. Ein Genuss zum Verschenken oder Empfangen! Ein Genuss f\u00fcr Ihre Geschmacksknospen!<\/span><\/p>\n<p><b>Garantie ohne Konservierungsstoffe, ohne Farbstoffe und ohne Zusatzstoffe.<\/b><\/p>\n<p><b>Zusammensetzung:\u00a0\u00a0<\/b><\/p>\n<ul>\n<li style=\"font-weight: 400;\" aria-level=\"1\"><span style=\"font-weight: 400;\">5 Quintessenz von Foie Gras und ger\u00e4ucherter Entenbrust (180 g)<\/span><\/li>\n<\/ul>\n<p><b>Zutaten: <\/b><span style=\"font-weight: 400;\">Entenstopfleber 20%, Entenfett und mager, Schweinefett, Ei, Milch, Salz und Gew\u00fcrze.<\/span><\/p>\n<p><b>Haltbarkeit: <\/b><span style=\"font-weight: 400;\">3 Jahre bei Raumtemperatur. Nach dem \u00d6ffnen innerhalb von 15 Tagen verbrauchen und im K\u00fchlschrank aufbewahren.<\/span><\/p>\n<p>Finden Sie alle unsere Tipps und Tricks zur Zubereitung unseres <span style=\"font-weight: 400;\">Geschenkbox mit 4 Quintessenzen + 1 gratis <\/span>im <a href=\"https:\/\/relaisgourmet.com\/blog\/?lang=de\">Blog-Bereich<\/a> sowie auf unserer <a href=\"https:\/\/www.instagram.com\/relaisgourmetofficiel\/\">Instagram-Seite.<\/a><\/p>\n","protected":false},"excerpt":{"rendered":"<p>5+1 Geschenkbox: F\u00fcnf Foie Gras Highlights &#038; 1 Gratis \u2013 mit ger\u00e4ucherter Entenbrust, perfekt f\u00fcr jeden Gourmet.<\/p>\n","protected":false},"featured_media":40314,"comment_status":"closed","ping_status":"closed","template":"","meta":[],"product_brand":[],"product_cat":[1274,1278],"product_tag":[1254,1238,1858,2097,2098],"giftcard-category":[],"class_list":{"0":"post-42179","1":"product","2":"type-product","3":"status-publish","4":"has-post-thumbnail","6":"product_cat-geschenkboxen","7":"product_cat-gourmet-geschenke","8":"product_tag-180g-de","9":"product_tag-4-5-personen","10":"product_tag-foie-gras-de","11":"product_tag-geraucherte-entenbrust","12":"product_tag-quintessenz","13":"product_shipping_class-standard-de","15":"first","16":"instock","17":"sale","18":"taxable","19":"shipping-taxable","20":"purchasable","21":"product-type-simple"},"yoast_head":"<!-- This site is optimized with the Yoast SEO Premium plugin v27.0 (Yoast SEO v27.0) - https:\/\/yoast.com\/product\/yoast-seo-premium-wordpress\/ -->\n<title>Geschenkbox: Foie Gras &amp; Entenbrust (5+1 gratis)<\/title>\n<meta name=\"description\" content=\"5+1 Geschenkbox: F\u00fcnf Foie Gras Highlights &amp; 1 Gratis \u2013 mit ger\u00e4ucherter Entenbrust, perfekt f\u00fcr jeden Gourmet.\" \/>\n<meta name=\"robots\" content=\"index, follow, max-snippet:-1, max-image-preview:large, max-video-preview:-1\" \/>\n<link rel=\"canonical\" href=\"https:\/\/relaisgourmet.com\/de\/Produkt\/geschenkbox-mit-4-quintessenzen-1-gratis\/\" \/>\n<meta property=\"og:locale\" content=\"de_DE\" \/>\n<meta property=\"og:type\" content=\"article\" \/>\n<meta property=\"og:title\" content=\"Geschenkbox mit 5 Quintessenzen + 1 Gratis: Foie Gras mit ger\u00e4ucherter Entenbrust.\" \/>\n<meta property=\"og:description\" content=\"5+1 Geschenkbox: F\u00fcnf Foie Gras Highlights &amp; 1 Gratis \u2013 mit ger\u00e4ucherter Entenbrust, perfekt f\u00fcr jeden Gourmet.\" \/>\n<meta property=\"og:url\" content=\"https:\/\/relaisgourmet.com\/de\/Produkt\/geschenkbox-mit-4-quintessenzen-1-gratis\/\" \/>\n<meta property=\"og:site_name\" content=\"Relais Gourmet\" \/>\n<meta property=\"article:publisher\" content=\"https:\/\/facebook.com\/yoast\" \/>\n<meta property=\"article:modified_time\" content=\"2025-04-12T20:36:16+00:00\" \/>\n<meta property=\"og:image\" content=\"https:\/\/relaisgourmet.com\/wp-content\/uploads\/2024\/09\/coffret-quintescence-x6-1.jpg\" \/>\n\t<meta property=\"og:image:width\" content=\"2500\" \/>\n\t<meta property=\"og:image:height\" content=\"1667\" \/>\n\t<meta property=\"og:image:type\" content=\"image\/jpeg\" \/>\n<meta name=\"twitter:card\" content=\"summary_large_image\" \/>\n<meta name=\"twitter:label1\" content=\"Gesch\u00e4tzte Lesezeit\" \/>\n\t<meta name=\"twitter:data1\" content=\"1\u00a0Minute\" \/>\n<script type=\"application\/ld+json\" class=\"yoast-schema-graph\">{\"@context\":\"https:\/\/schema.org\",\"@graph\":[{\"@type\":\"WebPage\",\"@id\":\"https:\/\/relaisgourmet.com\/de\/Produkt\/geschenkbox-mit-4-quintessenzen-1-gratis\/\",\"url\":\"https:\/\/relaisgourmet.com\/de\/Produkt\/geschenkbox-mit-4-quintessenzen-1-gratis\/\",\"name\":\"Geschenkbox: Foie Gras & Entenbrust (5+1 gratis)\",\"isPartOf\":{\"@id\":\"https:\/\/relaisgourmet.com\/de\/#website\"},\"primaryImageOfPage\":{\"@id\":\"https:\/\/relaisgourmet.com\/de\/Produkt\/geschenkbox-mit-4-quintessenzen-1-gratis\/#primaryimage\"},\"image\":{\"@id\":\"https:\/\/relaisgourmet.com\/de\/Produkt\/geschenkbox-mit-4-quintessenzen-1-gratis\/#primaryimage\"},\"thumbnailUrl\":\"https:\/\/relaisgourmet.com\/wp-content\/uploads\/2024\/09\/coffret-quintescence-x6-1.jpg\",\"datePublished\":\"2023-10-13T06:00:51+00:00\",\"dateModified\":\"2025-04-12T20:36:16+00:00\",\"description\":\"5+1 Geschenkbox: F\u00fcnf Foie Gras Highlights & 1 Gratis \u2013 mit ger\u00e4ucherter Entenbrust, perfekt f\u00fcr jeden Gourmet.\",\"breadcrumb\":{\"@id\":\"https:\/\/relaisgourmet.com\/de\/Produkt\/geschenkbox-mit-4-quintessenzen-1-gratis\/#breadcrumb\"},\"inLanguage\":\"de\",\"potentialAction\":[{\"@type\":\"ReadAction\",\"target\":[\"https:\/\/relaisgourmet.com\/de\/Produkt\/geschenkbox-mit-4-quintessenzen-1-gratis\/\"]}]},{\"@type\":\"ImageObject\",\"inLanguage\":\"de\",\"@id\":\"https:\/\/relaisgourmet.com\/de\/Produkt\/geschenkbox-mit-4-quintessenzen-1-gratis\/#primaryimage\",\"url\":\"https:\/\/relaisgourmet.com\/wp-content\/uploads\/2024\/09\/coffret-quintescence-x6-1.jpg\",\"contentUrl\":\"https:\/\/relaisgourmet.com\/wp-content\/uploads\/2024\/09\/coffret-quintescence-x6-1.jpg\",\"width\":2500,\"height\":1667,\"caption\":\"photographe d'entreprise, corporate, packshot, CV pau bearn pays basque\"},{\"@type\":\"BreadcrumbList\",\"@id\":\"https:\/\/relaisgourmet.com\/de\/Produkt\/geschenkbox-mit-4-quintessenzen-1-gratis\/#breadcrumb\",\"itemListElement\":[{\"@type\":\"ListItem\",\"position\":1,\"name\":\"Startseite\",\"item\":\"https:\/\/relaisgourmet.com\/de\/\"},{\"@type\":\"ListItem\",\"position\":2,\"name\":\"Authentische Foie Gras\",\"item\":\"https:\/\/relaisgourmet.com\/de\/authentische-foie-gras\/\"},{\"@type\":\"ListItem\",\"position\":3,\"name\":\"Geschenkbox mit 5 Quintessenzen + 1 Gratis: Foie Gras mit ger\u00e4ucherter Entenbrust.\"}]},{\"@type\":\"WebSite\",\"@id\":\"https:\/\/relaisgourmet.com\/de\/#website\",\"url\":\"https:\/\/relaisgourmet.com\/de\/\",\"name\":\"Relais Gourmet\",\"description\":\"Maison Gastronomique au Pays-Basque Depuis 2004\",\"publisher\":{\"@id\":\"https:\/\/relaisgourmet.com\/de\/#organization\"},\"potentialAction\":[{\"@type\":\"SearchAction\",\"target\":{\"@type\":\"EntryPoint\",\"urlTemplate\":\"https:\/\/relaisgourmet.com\/de\/?s={search_term_string}\"},\"query-input\":{\"@type\":\"PropertyValueSpecification\",\"valueRequired\":true,\"valueName\":\"search_term_string\"}}],\"inLanguage\":\"de\"},{\"@type\":\"Organization\",\"@id\":\"https:\/\/relaisgourmet.com\/de\/#organization\",\"name\":\"Relais Gourmet\",\"url\":\"https:\/\/relaisgourmet.com\/de\/\",\"logo\":{\"@type\":\"ImageObject\",\"inLanguage\":\"de\",\"@id\":\"https:\/\/relaisgourmet.com\/de\/#\/schema\/logo\/image\/\",\"url\":\"https:\/\/relaisgourmet.com\/wp-content\/uploads\/2024\/11\/Diseno-sin-titulo-8.jpg\",\"contentUrl\":\"https:\/\/relaisgourmet.com\/wp-content\/uploads\/2024\/11\/Diseno-sin-titulo-8.jpg\",\"width\":500,\"height\":500,\"caption\":\"Relais Gourmet\"},\"image\":{\"@id\":\"https:\/\/relaisgourmet.com\/de\/#\/schema\/logo\/image\/\"},\"sameAs\":[\"https:\/\/facebook.com\/yoast\",\"https:\/\/instagram.com\/yoast\"]}]}<\/script>\n<!-- \/ Yoast SEO Premium plugin. -->","yoast_head_json":{"title":"Geschenkbox: Foie Gras & Entenbrust (5+1 gratis)","description":"5+1 Geschenkbox: F\u00fcnf Foie Gras Highlights & 1 Gratis \u2013 mit ger\u00e4ucherter Entenbrust, perfekt f\u00fcr jeden Gourmet.","robots":{"index":"index","follow":"follow","max-snippet":"max-snippet:-1","max-image-preview":"max-image-preview:large","max-video-preview":"max-video-preview:-1"},"canonical":"https:\/\/relaisgourmet.com\/de\/Produkt\/geschenkbox-mit-4-quintessenzen-1-gratis\/","og_locale":"de_DE","og_type":"article","og_title":"Geschenkbox mit 5 Quintessenzen + 1 Gratis: Foie Gras mit ger\u00e4ucherter Entenbrust.","og_description":"5+1 Geschenkbox: F\u00fcnf Foie Gras Highlights & 1 Gratis \u2013 mit ger\u00e4ucherter Entenbrust, perfekt f\u00fcr jeden Gourmet.","og_url":"https:\/\/relaisgourmet.com\/de\/Produkt\/geschenkbox-mit-4-quintessenzen-1-gratis\/","og_site_name":"Relais Gourmet","article_publisher":"https:\/\/facebook.com\/yoast","article_modified_time":"2025-04-12T20:36:16+00:00","og_image":[{"width":2500,"height":1667,"url":"https:\/\/relaisgourmet.com\/wp-content\/uploads\/2024\/09\/coffret-quintescence-x6-1.jpg","type":"image\/jpeg"}],"twitter_card":"summary_large_image","twitter_misc":{"Gesch\u00e4tzte Lesezeit":"1\u00a0Minute"},"schema":{"@context":"https:\/\/schema.org","@graph":[{"@type":"WebPage","@id":"https:\/\/relaisgourmet.com\/de\/Produkt\/geschenkbox-mit-4-quintessenzen-1-gratis\/","url":"https:\/\/relaisgourmet.com\/de\/Produkt\/geschenkbox-mit-4-quintessenzen-1-gratis\/","name":"Geschenkbox: Foie Gras & Entenbrust (5+1 gratis)","isPartOf":{"@id":"https:\/\/relaisgourmet.com\/de\/#website"},"primaryImageOfPage":{"@id":"https:\/\/relaisgourmet.com\/de\/Produkt\/geschenkbox-mit-4-quintessenzen-1-gratis\/#primaryimage"},"image":{"@id":"https:\/\/relaisgourmet.com\/de\/Produkt\/geschenkbox-mit-4-quintessenzen-1-gratis\/#primaryimage"},"thumbnailUrl":"https:\/\/relaisgourmet.com\/wp-content\/uploads\/2024\/09\/coffret-quintescence-x6-1.jpg","datePublished":"2023-10-13T06:00:51+00:00","dateModified":"2025-04-12T20:36:16+00:00","description":"5+1 Geschenkbox: F\u00fcnf Foie Gras Highlights & 1 Gratis \u2013 mit ger\u00e4ucherter Entenbrust, perfekt f\u00fcr jeden Gourmet.","breadcrumb":{"@id":"https:\/\/relaisgourmet.com\/de\/Produkt\/geschenkbox-mit-4-quintessenzen-1-gratis\/#breadcrumb"},"inLanguage":"de","potentialAction":[{"@type":"ReadAction","target":["https:\/\/relaisgourmet.com\/de\/Produkt\/geschenkbox-mit-4-quintessenzen-1-gratis\/"]}]},{"@type":"ImageObject","inLanguage":"de","@id":"https:\/\/relaisgourmet.com\/de\/Produkt\/geschenkbox-mit-4-quintessenzen-1-gratis\/#primaryimage","url":"https:\/\/relaisgourmet.com\/wp-content\/uploads\/2024\/09\/coffret-quintescence-x6-1.jpg","contentUrl":"https:\/\/relaisgourmet.com\/wp-content\/uploads\/2024\/09\/coffret-quintescence-x6-1.jpg","width":2500,"height":1667,"caption":"photographe d'entreprise, corporate, packshot, CV pau bearn pays basque"},{"@type":"BreadcrumbList","@id":"https:\/\/relaisgourmet.com\/de\/Produkt\/geschenkbox-mit-4-quintessenzen-1-gratis\/#breadcrumb","itemListElement":[{"@type":"ListItem","position":1,"name":"Startseite","item":"https:\/\/relaisgourmet.com\/de\/"},{"@type":"ListItem","position":2,"name":"Authentische Foie Gras","item":"https:\/\/relaisgourmet.com\/de\/authentische-foie-gras\/"},{"@type":"ListItem","position":3,"name":"Geschenkbox mit 5 Quintessenzen + 1 Gratis: Foie Gras mit ger\u00e4ucherter Entenbrust."}]},{"@type":"WebSite","@id":"https:\/\/relaisgourmet.com\/de\/#website","url":"https:\/\/relaisgourmet.com\/de\/","name":"Relais Gourmet","description":"Maison Gastronomique au Pays-Basque Depuis 2004","publisher":{"@id":"https:\/\/relaisgourmet.com\/de\/#organization"},"potentialAction":[{"@type":"SearchAction","target":{"@type":"EntryPoint","urlTemplate":"https:\/\/relaisgourmet.com\/de\/?s={search_term_string}"},"query-input":{"@type":"PropertyValueSpecification","valueRequired":true,"valueName":"search_term_string"}}],"inLanguage":"de"},{"@type":"Organization","@id":"https:\/\/relaisgourmet.com\/de\/#organization","name":"Relais Gourmet","url":"https:\/\/relaisgourmet.com\/de\/","logo":{"@type":"ImageObject","inLanguage":"de","@id":"https:\/\/relaisgourmet.com\/de\/#\/schema\/logo\/image\/","url":"https:\/\/relaisgourmet.com\/wp-content\/uploads\/2024\/11\/Diseno-sin-titulo-8.jpg","contentUrl":"https:\/\/relaisgourmet.com\/wp-content\/uploads\/2024\/11\/Diseno-sin-titulo-8.jpg","width":500,"height":500,"caption":"Relais Gourmet"},"image":{"@id":"https:\/\/relaisgourmet.com\/de\/#\/schema\/logo\/image\/"},"sameAs":["https:\/\/facebook.com\/yoast","https:\/\/instagram.com\/yoast"]}]}},"_links":{"self":[{"href":"https:\/\/relaisgourmet.com\/de\/wp-json\/wp\/v2\/product\/42179","targetHints":{"allow":["GET"]}}],"collection":[{"href":"https:\/\/relaisgourmet.com\/de\/wp-json\/wp\/v2\/product"}],"about":[{"href":"https:\/\/relaisgourmet.com\/de\/wp-json\/wp\/v2\/types\/product"}],"replies":[{"embeddable":true,"href":"https:\/\/relaisgourmet.com\/de\/wp-json\/wp\/v2\/comments?post=42179"}],"version-history":[{"count":2,"href":"https:\/\/relaisgourmet.com\/de\/wp-json\/wp\/v2\/product\/42179\/revisions"}],"predecessor-version":[{"id":55749,"href":"https:\/\/relaisgourmet.com\/de\/wp-json\/wp\/v2\/product\/42179\/revisions\/55749"}],"wp:featuredmedia":[{"embeddable":true,"href":"https:\/\/relaisgourmet.com\/de\/wp-json\/wp\/v2\/media\/40314"}],"wp:attachment":[{"href":"https:\/\/relaisgourmet.com\/de\/wp-json\/wp\/v2\/media?parent=42179"}],"wp:term":[{"taxonomy":"product_brand","embeddable":true,"href":"https:\/\/relaisgourmet.com\/de\/wp-json\/wp\/v2\/product_brand?post=42179"},{"taxonomy":"product_cat","embeddable":true,"href":"https:\/\/relaisgourmet.com\/de\/wp-json\/wp\/v2\/product_cat?post=42179"},{"taxonomy":"product_tag","embeddable":true,"href":"https:\/\/relaisgourmet.com\/de\/wp-json\/wp\/v2\/product_tag?post=42179"},{"taxonomy":"giftcard-category","embeddable":true,"href":"https:\/\/relaisgourmet.com\/de\/wp-json\/wp\/v2\/giftcard-category?post=42179"}],"curies":[{"name":"wp","href":"https:\/\/api.w.org\/{rel}","templated":true}]}}