{"id":42175,"date":"2023-05-26T13:46:26","date_gmt":"2023-05-26T11:46:26","guid":{"rendered":"https:\/\/relaisgourmet.com\/produit\/turron-discovery-paket-61\/"},"modified":"2025-04-12T22:36:14","modified_gmt":"2025-04-12T20:36:14","slug":"turron-discovery-paket-61","status":"publish","type":"product","link":"https:\/\/relaisgourmet.com\/de\/Produkt\/turron-discovery-paket-61\/","title":{"rendered":"Turron Discovery-Paket (6+1)"},"content":{"rendered":"<p>Turr\u00f3n Discovery Pack (6+1): Unsere 6 klassischen Turr\u00f3ns und 1 gratis!<br \/>\nAlle Nougat-Tabletten in dieser Packung sind glutenfrei und f\u00fcr Z\u00f6liakiekranke geeignet.<\/p>\n<p>Der Turron von Jijona<br \/>\nNettogewicht: 150g<br \/>\nHaltbarkeit: mindestens 9 Monate. An einem k\u00fchlen, trockenen Ort aufbewahren, gesch\u00fctzt vor Licht und Feuchtigkeit. Nach dem \u00d6ffnen muss es im K\u00fchlschrank aufbewahrt werden, da es seine organoleptischen Eigenschaften verliert; Das Jijona-Nougat trocknet etwas.<br \/>\nZutaten: Ger\u00f6stete Mandeln 64 %, Honig 12 %, Zucker, Glukosesirup, Eiwei\u00df und Emulgator: (E-471).<br \/>\nKann Spuren von Erdnuss, Sesam und Haselnuss enthalten.<br \/>\nDer Turron von Alicante<br \/>\nNettogewicht: 150g<br \/>\nHaltbarkeit: mindestens 9 Monate. Nach dem \u00d6ffnen sollte es an einem trockenen Ort aufbewahrt werden.<br \/>\nZutaten: Ger\u00f6stete Mandeln 60 %, Zucker, Glukosesirup, Honig 12 %, Waffel\u00fcberzug (Kartoffelst\u00e4rke und Sonnenblumen\u00f6l) sowie Eiwei\u00df.<br \/>\nKann Spuren von Erdnuss, Sesam und Haselnuss enthalten.<\/p>\n<p>&nbsp;<\/p>\n<p>Erdnuss-Turron<br \/>\nNettogewicht: 200g<br \/>\nHaltbarkeit: mindestens 9 Monate. Dar\u00fcber hinaus muss es nach dem \u00d6ffnen an einem trockenen Ort aufbewahrt werden.<br \/>\nZutaten: Ger\u00f6stete Erdn\u00fcsse 38 %, Zucker, Glukosesirup, Honig, Waffeln (Kartoffelst\u00e4rke und Sonnenblumen\u00f6l) und Eiwei\u00df.<br \/>\nKann Spuren von Mandeln, Haseln\u00fcssen und Sesam enthalten.<br \/>\nTurron mit katalanischer Sahne<br \/>\nNettogewicht: 200gr<br \/>\nHaltbarkeit: mindestens 9 Monate. Nach dem \u00d6ffnen sollte es an einem trockenen Ort aufbewahrt werden.<br \/>\nZutaten: Zucker, Mandeln, Eigelb (7 %), Glukosesirup und ein Konservierungsmittel (E-200).<br \/>\nKann Spuren von N\u00fcssen und Milch enthalten.<br \/>\nTurron mit Sahne und N\u00fcssen<br \/>\nNettogewicht: 200g<br \/>\nHaltbarkeit: mindestens 9 Monate. An einem k\u00fchlen, trockenen Ort aufbewahren, gesch\u00fctzt vor Licht und Feuchtigkeit. Nach dem \u00d6ffnen im K\u00fchlschrank aufbewahren, da es seine organoleptischen Eigenschaften verliert.<br \/>\nZutaten: Zucker, Mandeln, N\u00fcsse (7 %), Vollmilchpulver 5 %, Konservierungsmittel (Sorbins\u00e4ure E-200) und Sahnearoma. Kann Spuren von Ei enthalten.<br \/>\nTurron Guirlache (mit Karamell):<br \/>\nNettogewicht: 200g<br \/>\nHaltbarkeit: mindestens 9 Monate. Nach dem \u00d6ffnen an einem trockenen Ort aufbewahren.<br \/>\nZutaten: 60 % ger\u00f6stete Mandeln, Zucker, Glukosesirup, Honig und Waffeln (Kartoffelst\u00e4rke und Sonnenblumen\u00f6l).<br \/>\nKann Spuren von Ei, Erdnuss, Sesam und Haselnuss enthalten.<br \/>\nDer Turron von Maria Simona wird nach dem traditionellen Rezept hergestellt und daher verwenden wir nur hochwertige spanische Zutaten.<\/p>\n<p>Schlie\u00dflich verf\u00fcgt unser Turron \u00fcber eine Ursprungsbezeichnung und ist durch den Regulierungsrat von Jijona gesch\u00fctzt.<\/p>\n","protected":false},"excerpt":{"rendered":"<p>Turr\u00f3n-Entdeckungspaket (6+1): Lernen Sie die ganze Vielfalt baskischer S\u00fc\u00dfwaren in einem attraktiven Set kennen.<\/p>\n","protected":false},"featured_media":57516,"comment_status":"closed","ping_status":"closed","template":"","meta":[],"product_brand":[],"product_cat":[1322,1318,1202],"product_tag":[1839],"giftcard-category":[],"class_list":{"0":"post-42175","1":"product","2":"type-product","3":"status-publish","4":"has-post-thumbnail","6":"product_cat-klassische-turrons","7":"product_cat-turron-pakete","8":"product_cat-turrons-maria-simona","9":"product_tag-pack-de","10":"product_shipping_class-standard-de","12":"first","13":"instock","14":"taxable","15":"shipping-taxable","16":"purchasable","17":"product-type-simple"},"yoast_head":"<!-- This site is optimized with the Yoast SEO Premium plugin v27.0 (Yoast SEO v27.3) - https:\/\/yoast.com\/product\/yoast-seo-premium-wordpress\/ -->\n<title>Turron Discovery Pack (6+1) \u2013 Perfekt zum Probieren<\/title>\n<meta name=\"description\" content=\"Turr\u00f3n-Entdeckungspaket (6+1): Lernen Sie die ganze Vielfalt baskischer S\u00fc\u00dfwaren in einem attraktiven Set kennen.\" \/>\n<meta name=\"robots\" content=\"index, follow, max-snippet:-1, max-image-preview:large, max-video-preview:-1\" \/>\n<link rel=\"canonical\" href=\"https:\/\/relaisgourmet.com\/de\/Produkt\/turron-discovery-paket-61\/\" \/>\n<meta property=\"og:locale\" content=\"de_DE\" \/>\n<meta property=\"og:type\" content=\"article\" \/>\n<meta property=\"og:title\" content=\"Turron Discovery-Paket (6+1)\" \/>\n<meta property=\"og:description\" content=\"Turr\u00f3n-Entdeckungspaket (6+1): Lernen Sie die ganze Vielfalt baskischer S\u00fc\u00dfwaren in einem attraktiven Set kennen.\" \/>\n<meta property=\"og:url\" content=\"https:\/\/relaisgourmet.com\/de\/Produkt\/turron-discovery-paket-61\/\" \/>\n<meta property=\"og:site_name\" content=\"Relais Gourmet\" \/>\n<meta property=\"article:publisher\" content=\"https:\/\/facebook.com\/yoast\" \/>\n<meta property=\"article:modified_time\" content=\"2025-04-12T20:36:14+00:00\" \/>\n<meta property=\"og:image\" content=\"https:\/\/relaisgourmet.com\/wp-content\/uploads\/2023\/05\/Pack-de-6-pyramide-1.png\" \/>\n\t<meta property=\"og:image:width\" content=\"2000\" \/>\n\t<meta property=\"og:image:height\" content=\"2000\" \/>\n\t<meta property=\"og:image:type\" content=\"image\/png\" \/>\n<meta name=\"twitter:card\" content=\"summary_large_image\" \/>\n<meta name=\"twitter:label1\" content=\"Gesch\u00e4tzte Lesezeit\" \/>\n\t<meta name=\"twitter:data1\" content=\"2\u00a0Minute\" \/>\n<script type=\"application\/ld+json\" class=\"yoast-schema-graph\">{\"@context\":\"https:\\\/\\\/schema.org\",\"@graph\":[{\"@type\":\"WebPage\",\"@id\":\"https:\\\/\\\/relaisgourmet.com\\\/de\\\/Produkt\\\/turron-discovery-paket-61\\\/\",\"url\":\"https:\\\/\\\/relaisgourmet.com\\\/de\\\/Produkt\\\/turron-discovery-paket-61\\\/\",\"name\":\"Turron Discovery Pack (6+1) \u2013 Perfekt zum Probieren\",\"isPartOf\":{\"@id\":\"https:\\\/\\\/relaisgourmet.com\\\/de\\\/#website\"},\"primaryImageOfPage\":{\"@id\":\"https:\\\/\\\/relaisgourmet.com\\\/de\\\/Produkt\\\/turron-discovery-paket-61\\\/#primaryimage\"},\"image\":{\"@id\":\"https:\\\/\\\/relaisgourmet.com\\\/de\\\/Produkt\\\/turron-discovery-paket-61\\\/#primaryimage\"},\"thumbnailUrl\":\"https:\\\/\\\/relaisgourmet.com\\\/wp-content\\\/uploads\\\/2023\\\/05\\\/Pack-de-6-pyramide-1.png\",\"datePublished\":\"2023-05-26T11:46:26+00:00\",\"dateModified\":\"2025-04-12T20:36:14+00:00\",\"description\":\"Turr\u00f3n-Entdeckungspaket (6+1): Lernen Sie die ganze Vielfalt baskischer S\u00fc\u00dfwaren in einem attraktiven Set kennen.\",\"breadcrumb\":{\"@id\":\"https:\\\/\\\/relaisgourmet.com\\\/de\\\/Produkt\\\/turron-discovery-paket-61\\\/#breadcrumb\"},\"inLanguage\":\"de\",\"potentialAction\":[{\"@type\":\"ReadAction\",\"target\":[\"https:\\\/\\\/relaisgourmet.com\\\/de\\\/Produkt\\\/turron-discovery-paket-61\\\/\"]}]},{\"@type\":\"ImageObject\",\"inLanguage\":\"de\",\"@id\":\"https:\\\/\\\/relaisgourmet.com\\\/de\\\/Produkt\\\/turron-discovery-paket-61\\\/#primaryimage\",\"url\":\"https:\\\/\\\/relaisgourmet.com\\\/wp-content\\\/uploads\\\/2023\\\/05\\\/Pack-de-6-pyramide-1.png\",\"contentUrl\":\"https:\\\/\\\/relaisgourmet.com\\\/wp-content\\\/uploads\\\/2023\\\/05\\\/Pack-de-6-pyramide-1.png\",\"width\":2000,\"height\":2000},{\"@type\":\"BreadcrumbList\",\"@id\":\"https:\\\/\\\/relaisgourmet.com\\\/de\\\/Produkt\\\/turron-discovery-paket-61\\\/#breadcrumb\",\"itemListElement\":[{\"@type\":\"ListItem\",\"position\":1,\"name\":\"Startseite\",\"item\":\"https:\\\/\\\/relaisgourmet.com\\\/de\\\/\"},{\"@type\":\"ListItem\",\"position\":2,\"name\":\"Authentische Foie Gras\",\"item\":\"https:\\\/\\\/relaisgourmet.com\\\/de\\\/authentische-foie-gras\\\/\"},{\"@type\":\"ListItem\",\"position\":3,\"name\":\"Turron Discovery-Paket (6+1)\"}]},{\"@type\":\"WebSite\",\"@id\":\"https:\\\/\\\/relaisgourmet.com\\\/de\\\/#website\",\"url\":\"https:\\\/\\\/relaisgourmet.com\\\/de\\\/\",\"name\":\"Relais Gourmet\",\"description\":\"Maison Gastronomique au Pays-Basque Depuis 2004\",\"publisher\":{\"@id\":\"https:\\\/\\\/relaisgourmet.com\\\/de\\\/#organization\"},\"potentialAction\":[{\"@type\":\"SearchAction\",\"target\":{\"@type\":\"EntryPoint\",\"urlTemplate\":\"https:\\\/\\\/relaisgourmet.com\\\/de\\\/?s={search_term_string}\"},\"query-input\":{\"@type\":\"PropertyValueSpecification\",\"valueRequired\":true,\"valueName\":\"search_term_string\"}}],\"inLanguage\":\"de\"},{\"@type\":\"Organization\",\"@id\":\"https:\\\/\\\/relaisgourmet.com\\\/de\\\/#organization\",\"name\":\"Relais Gourmet\",\"url\":\"https:\\\/\\\/relaisgourmet.com\\\/de\\\/\",\"logo\":{\"@type\":\"ImageObject\",\"inLanguage\":\"de\",\"@id\":\"https:\\\/\\\/relaisgourmet.com\\\/de\\\/#\\\/schema\\\/logo\\\/image\\\/\",\"url\":\"https:\\\/\\\/relaisgourmet.com\\\/wp-content\\\/uploads\\\/2024\\\/11\\\/Diseno-sin-titulo-8.jpg\",\"contentUrl\":\"https:\\\/\\\/relaisgourmet.com\\\/wp-content\\\/uploads\\\/2024\\\/11\\\/Diseno-sin-titulo-8.jpg\",\"width\":500,\"height\":500,\"caption\":\"Relais Gourmet\"},\"image\":{\"@id\":\"https:\\\/\\\/relaisgourmet.com\\\/de\\\/#\\\/schema\\\/logo\\\/image\\\/\"},\"sameAs\":[\"https:\\\/\\\/facebook.com\\\/yoast\",\"https:\\\/\\\/instagram.com\\\/yoast\"]}]}<\/script>\n<!-- \/ Yoast SEO Premium plugin. -->","yoast_head_json":{"title":"Turron Discovery Pack (6+1) \u2013 Perfekt zum Probieren","description":"Turr\u00f3n-Entdeckungspaket (6+1): Lernen Sie die ganze Vielfalt baskischer S\u00fc\u00dfwaren in einem attraktiven Set kennen.","robots":{"index":"index","follow":"follow","max-snippet":"max-snippet:-1","max-image-preview":"max-image-preview:large","max-video-preview":"max-video-preview:-1"},"canonical":"https:\/\/relaisgourmet.com\/de\/Produkt\/turron-discovery-paket-61\/","og_locale":"de_DE","og_type":"article","og_title":"Turron Discovery-Paket (6+1)","og_description":"Turr\u00f3n-Entdeckungspaket (6+1): Lernen Sie die ganze Vielfalt baskischer S\u00fc\u00dfwaren in einem attraktiven Set kennen.","og_url":"https:\/\/relaisgourmet.com\/de\/Produkt\/turron-discovery-paket-61\/","og_site_name":"Relais Gourmet","article_publisher":"https:\/\/facebook.com\/yoast","article_modified_time":"2025-04-12T20:36:14+00:00","og_image":[{"width":2000,"height":2000,"url":"https:\/\/relaisgourmet.com\/wp-content\/uploads\/2023\/05\/Pack-de-6-pyramide-1.png","type":"image\/png"}],"twitter_card":"summary_large_image","twitter_misc":{"Gesch\u00e4tzte Lesezeit":"2\u00a0Minute"},"schema":{"@context":"https:\/\/schema.org","@graph":[{"@type":"WebPage","@id":"https:\/\/relaisgourmet.com\/de\/Produkt\/turron-discovery-paket-61\/","url":"https:\/\/relaisgourmet.com\/de\/Produkt\/turron-discovery-paket-61\/","name":"Turron Discovery Pack (6+1) \u2013 Perfekt zum Probieren","isPartOf":{"@id":"https:\/\/relaisgourmet.com\/de\/#website"},"primaryImageOfPage":{"@id":"https:\/\/relaisgourmet.com\/de\/Produkt\/turron-discovery-paket-61\/#primaryimage"},"image":{"@id":"https:\/\/relaisgourmet.com\/de\/Produkt\/turron-discovery-paket-61\/#primaryimage"},"thumbnailUrl":"https:\/\/relaisgourmet.com\/wp-content\/uploads\/2023\/05\/Pack-de-6-pyramide-1.png","datePublished":"2023-05-26T11:46:26+00:00","dateModified":"2025-04-12T20:36:14+00:00","description":"Turr\u00f3n-Entdeckungspaket (6+1): Lernen Sie die ganze Vielfalt baskischer S\u00fc\u00dfwaren in einem attraktiven Set kennen.","breadcrumb":{"@id":"https:\/\/relaisgourmet.com\/de\/Produkt\/turron-discovery-paket-61\/#breadcrumb"},"inLanguage":"de","potentialAction":[{"@type":"ReadAction","target":["https:\/\/relaisgourmet.com\/de\/Produkt\/turron-discovery-paket-61\/"]}]},{"@type":"ImageObject","inLanguage":"de","@id":"https:\/\/relaisgourmet.com\/de\/Produkt\/turron-discovery-paket-61\/#primaryimage","url":"https:\/\/relaisgourmet.com\/wp-content\/uploads\/2023\/05\/Pack-de-6-pyramide-1.png","contentUrl":"https:\/\/relaisgourmet.com\/wp-content\/uploads\/2023\/05\/Pack-de-6-pyramide-1.png","width":2000,"height":2000},{"@type":"BreadcrumbList","@id":"https:\/\/relaisgourmet.com\/de\/Produkt\/turron-discovery-paket-61\/#breadcrumb","itemListElement":[{"@type":"ListItem","position":1,"name":"Startseite","item":"https:\/\/relaisgourmet.com\/de\/"},{"@type":"ListItem","position":2,"name":"Authentische Foie Gras","item":"https:\/\/relaisgourmet.com\/de\/authentische-foie-gras\/"},{"@type":"ListItem","position":3,"name":"Turron Discovery-Paket (6+1)"}]},{"@type":"WebSite","@id":"https:\/\/relaisgourmet.com\/de\/#website","url":"https:\/\/relaisgourmet.com\/de\/","name":"Relais Gourmet","description":"Maison Gastronomique au Pays-Basque Depuis 2004","publisher":{"@id":"https:\/\/relaisgourmet.com\/de\/#organization"},"potentialAction":[{"@type":"SearchAction","target":{"@type":"EntryPoint","urlTemplate":"https:\/\/relaisgourmet.com\/de\/?s={search_term_string}"},"query-input":{"@type":"PropertyValueSpecification","valueRequired":true,"valueName":"search_term_string"}}],"inLanguage":"de"},{"@type":"Organization","@id":"https:\/\/relaisgourmet.com\/de\/#organization","name":"Relais Gourmet","url":"https:\/\/relaisgourmet.com\/de\/","logo":{"@type":"ImageObject","inLanguage":"de","@id":"https:\/\/relaisgourmet.com\/de\/#\/schema\/logo\/image\/","url":"https:\/\/relaisgourmet.com\/wp-content\/uploads\/2024\/11\/Diseno-sin-titulo-8.jpg","contentUrl":"https:\/\/relaisgourmet.com\/wp-content\/uploads\/2024\/11\/Diseno-sin-titulo-8.jpg","width":500,"height":500,"caption":"Relais Gourmet"},"image":{"@id":"https:\/\/relaisgourmet.com\/de\/#\/schema\/logo\/image\/"},"sameAs":["https:\/\/facebook.com\/yoast","https:\/\/instagram.com\/yoast"]}]}},"_links":{"self":[{"href":"https:\/\/relaisgourmet.com\/de\/wp-json\/wp\/v2\/product\/42175","targetHints":{"allow":["GET"]}}],"collection":[{"href":"https:\/\/relaisgourmet.com\/de\/wp-json\/wp\/v2\/product"}],"about":[{"href":"https:\/\/relaisgourmet.com\/de\/wp-json\/wp\/v2\/types\/product"}],"replies":[{"embeddable":true,"href":"https:\/\/relaisgourmet.com\/de\/wp-json\/wp\/v2\/comments?post=42175"}],"version-history":[{"count":1,"href":"https:\/\/relaisgourmet.com\/de\/wp-json\/wp\/v2\/product\/42175\/revisions"}],"predecessor-version":[{"id":55747,"href":"https:\/\/relaisgourmet.com\/de\/wp-json\/wp\/v2\/product\/42175\/revisions\/55747"}],"wp:featuredmedia":[{"embeddable":true,"href":"https:\/\/relaisgourmet.com\/de\/wp-json\/wp\/v2\/media\/57516"}],"wp:attachment":[{"href":"https:\/\/relaisgourmet.com\/de\/wp-json\/wp\/v2\/media?parent=42175"}],"wp:term":[{"taxonomy":"product_brand","embeddable":true,"href":"https:\/\/relaisgourmet.com\/de\/wp-json\/wp\/v2\/product_brand?post=42175"},{"taxonomy":"product_cat","embeddable":true,"href":"https:\/\/relaisgourmet.com\/de\/wp-json\/wp\/v2\/product_cat?post=42175"},{"taxonomy":"product_tag","embeddable":true,"href":"https:\/\/relaisgourmet.com\/de\/wp-json\/wp\/v2\/product_tag?post=42175"},{"taxonomy":"giftcard-category","embeddable":true,"href":"https:\/\/relaisgourmet.com\/de\/wp-json\/wp\/v2\/giftcard-category?post=42175"}],"curies":[{"name":"wp","href":"https:\/\/api.w.org\/{rel}","templated":true}]}}