{"id":42167,"date":"2023-05-26T13:46:25","date_gmt":"2023-05-26T11:46:25","guid":{"rendered":"https:\/\/relaisgourmet.com\/produit\/turron-mit-erdnuessen\/"},"modified":"2025-04-12T22:36:04","modified_gmt":"2025-04-12T20:36:04","slug":"turron-mit-erdnuessen","status":"publish","type":"product","link":"https:\/\/relaisgourmet.com\/de\/Produkt\/turron-mit-erdnuessen\/","title":{"rendered":"Turron mit Erdn\u00fcssen"},"content":{"rendered":"<p><strong>Der Erdnuss-Turr\u00f3n von Maria Simona wird nach <a href=\"https:\/\/mariasimona.com\/ueber-uns\/?lang=de\">einem traditionellen Rezept<\/a> hergestellt.<\/strong><\/p>\n<ul>\n<li><strong>Nettogewicht:<\/strong> 200 g<\/li>\n<li><strong>Zutaten : <\/strong>Ger\u00f6stete Erdn\u00fcsse 38%, Zucker, Glukosesirup, Honig, Waffeln (Kartoffelst\u00e4rke und Sonnenblumen\u00f6l) und Eiwei\u00df. Kann Spuren von Mandeln, Haseln\u00fcssen und Sesam enthalten.<\/li>\n<li><strong>Aufbewahrung<\/strong>: Mindestens 9 Monate. Nach dem \u00d6ffnen an einem k\u00fchlen, trockenen, dunklen und vor Licht und Feuchtigkeit gesch\u00fctzten Ort aufbewahren, entweder in der Originalverpackung oder in Alufolie oder Film eingewickelt und dann in einer luftdichten Dose. Oft wird der Fehler gemacht, Turr\u00f3n im K\u00fchlschrank aufzubewahren, was seine organoleptischen Eigenschaften sowie sein Aroma und seine Textur nur beeintr\u00e4chtigt.<\/li>\n<\/ul>\n<p>Dieses Produkt enth\u00e4lt kein Gluten und ist daher f\u00fcr Z\u00f6liakiepatienten geeignet.<\/p>\n<h2>Die Geschichte des<em>&#8222;Cacau<\/em>&#8220; aus Valencia<\/h2>\n<p>Urspr\u00fcnglich stammt die Erdnuss aus Amerika. Historische Aufzeichnungen scheinen darauf hinzudeuten, dass die Erdnuss in Valencia nach Europa gebracht wurde. Der<em>&#8222;cacau<\/em>&#8222;, wie er in Valencia genannt wird, wurde von Don Francisco Fabi\u00e1n y Tuero, dem Erzbischof der Di\u00f6zese Valencia, in der Region eingef\u00fchrt. Diese Geschichte ereignete sich Mitte des 18. Jahrhunderts, aber erst zu Beginn des folgenden Jahrhunderts begann man, die Erdnuss \u00fcber den individuellen Verzehr hinaus als Zutat zu verwenden.<\/p>\n<p>Die Hektar, die in der Region f\u00fcr diesen Anbau genutzt werden, sind im 20. Jahrhundert stark zur\u00fcckgegangen. Tats\u00e4chlich ist dieser starke R\u00fcckgang auf einen massiven Anstieg des Imports von N\u00fcssen zur\u00fcckzuf\u00fchren. Auch wenn Spanien mittlerweile weniger als 200 Tonnen Erdn\u00fcsse pro Jahr produziert, was deutlich von den Millionen Tonnen entfernt ist, die in L\u00e4ndern wie China und Indien produziert werden, gelten die Erdn\u00fcsse aus Valencia als qualitativ hochwertig.<\/p>\n<p>Es ist daher nicht verwunderlich, dass Valencia bei der Herstellung von Erdnussturron f\u00fchrend war.<\/p>\n<p>Alle unsere Tipps zur Vorbereitung finden Sie auf <a href=\"https:\/\/mariasimona.com\/\">der Website von Maria Simona<\/a>.<\/p>\n<p>Besuchen Sie ruhig unseren Blog, um <a href=\"https:\/\/mariasimona.com\/recipes\/?lang=en\">unsere k\u00f6stlichen Rezepte<\/a> zu entdecken .<\/p>\n<p>Und schlie\u00dflich: Warum sich nicht als Vorspeise zu diesem Turr\u00f3n von <a href=\"https:\/\/relaisgourmet.com\/\">den k\u00f6stlichen Foies Gras von Relais Gourmet <\/a> verf\u00fchren lassen?<\/p>\n","protected":false},"excerpt":{"rendered":"<p>Turr\u00f3n mit Erdn\u00fcssen \u2013 Knusprig, s\u00fc\u00df und traditionell: Ideal zum Kaffee oder als kleines Geschenk.<\/p>\n","protected":false},"featured_media":40223,"comment_status":"closed","ping_status":"closed","template":"","meta":[],"product_brand":[],"product_cat":[1322,1202],"product_tag":[],"giftcard-category":[],"class_list":{"0":"post-42167","1":"product","2":"type-product","3":"status-publish","4":"has-post-thumbnail","6":"product_cat-klassische-turrons","7":"product_cat-turrons-maria-simona","8":"product_shipping_class-standard-de","10":"first","11":"instock","12":"taxable","13":"shipping-taxable","14":"purchasable","15":"product-type-simple"},"yoast_head":"<!-- This site is optimized with the Yoast SEO Premium plugin v27.0 (Yoast SEO v27.0) - https:\/\/yoast.com\/product\/yoast-seo-premium-wordpress\/ -->\n<title>Turron mit Erdn\u00fcssen \u2013 Knuspriger Mandelgenuss<\/title>\n<meta name=\"description\" content=\"Turr\u00f3n mit Erdn\u00fcssen \u2013 Knusprig, s\u00fc\u00df und traditionell: Ideal zum Kaffee oder als kleines Geschenk.\" \/>\n<meta name=\"robots\" content=\"index, follow, max-snippet:-1, max-image-preview:large, max-video-preview:-1\" \/>\n<link rel=\"canonical\" href=\"https:\/\/relaisgourmet.com\/de\/Produkt\/turron-mit-erdnuessen\/\" \/>\n<meta property=\"og:locale\" content=\"de_DE\" \/>\n<meta property=\"og:type\" content=\"article\" \/>\n<meta property=\"og:title\" content=\"Turron mit Erdn\u00fcssen\" \/>\n<meta property=\"og:description\" content=\"Turr\u00f3n mit Erdn\u00fcssen \u2013 Knusprig, s\u00fc\u00df und traditionell: Ideal zum Kaffee oder als kleines Geschenk.\" \/>\n<meta property=\"og:url\" content=\"https:\/\/relaisgourmet.com\/de\/Produkt\/turron-mit-erdnuessen\/\" \/>\n<meta property=\"og:site_name\" content=\"Relais Gourmet\" \/>\n<meta property=\"article:publisher\" content=\"https:\/\/facebook.com\/yoast\" \/>\n<meta property=\"article:modified_time\" content=\"2025-04-12T20:36:04+00:00\" \/>\n<meta property=\"og:image\" content=\"https:\/\/relaisgourmet.com\/wp-content\/uploads\/2024\/09\/Cacahuete-1.jpg\" \/>\n\t<meta property=\"og:image:width\" content=\"600\" \/>\n\t<meta property=\"og:image:height\" content=\"600\" \/>\n\t<meta property=\"og:image:type\" content=\"image\/jpeg\" \/>\n<meta name=\"twitter:card\" content=\"summary_large_image\" \/>\n<meta name=\"twitter:label1\" content=\"Gesch\u00e4tzte Lesezeit\" \/>\n\t<meta name=\"twitter:data1\" content=\"2\u00a0Minute\" \/>\n<script type=\"application\/ld+json\" class=\"yoast-schema-graph\">{\"@context\":\"https:\/\/schema.org\",\"@graph\":[{\"@type\":\"WebPage\",\"@id\":\"https:\/\/relaisgourmet.com\/de\/Produkt\/turron-mit-erdnuessen\/\",\"url\":\"https:\/\/relaisgourmet.com\/de\/Produkt\/turron-mit-erdnuessen\/\",\"name\":\"Turron mit Erdn\u00fcssen \u2013 Knuspriger Mandelgenuss\",\"isPartOf\":{\"@id\":\"https:\/\/relaisgourmet.com\/de\/#website\"},\"primaryImageOfPage\":{\"@id\":\"https:\/\/relaisgourmet.com\/de\/Produkt\/turron-mit-erdnuessen\/#primaryimage\"},\"image\":{\"@id\":\"https:\/\/relaisgourmet.com\/de\/Produkt\/turron-mit-erdnuessen\/#primaryimage\"},\"thumbnailUrl\":\"https:\/\/relaisgourmet.com\/wp-content\/uploads\/2024\/09\/Cacahuete-1.jpg\",\"datePublished\":\"2023-05-26T11:46:25+00:00\",\"dateModified\":\"2025-04-12T20:36:04+00:00\",\"description\":\"Turr\u00f3n mit Erdn\u00fcssen \u2013 Knusprig, s\u00fc\u00df und traditionell: Ideal zum Kaffee oder als kleines Geschenk.\",\"breadcrumb\":{\"@id\":\"https:\/\/relaisgourmet.com\/de\/Produkt\/turron-mit-erdnuessen\/#breadcrumb\"},\"inLanguage\":\"de\",\"potentialAction\":[{\"@type\":\"ReadAction\",\"target\":[\"https:\/\/relaisgourmet.com\/de\/Produkt\/turron-mit-erdnuessen\/\"]}]},{\"@type\":\"ImageObject\",\"inLanguage\":\"de\",\"@id\":\"https:\/\/relaisgourmet.com\/de\/Produkt\/turron-mit-erdnuessen\/#primaryimage\",\"url\":\"https:\/\/relaisgourmet.com\/wp-content\/uploads\/2024\/09\/Cacahuete-1.jpg\",\"contentUrl\":\"https:\/\/relaisgourmet.com\/wp-content\/uploads\/2024\/09\/Cacahuete-1.jpg\",\"width\":600,\"height\":600},{\"@type\":\"BreadcrumbList\",\"@id\":\"https:\/\/relaisgourmet.com\/de\/Produkt\/turron-mit-erdnuessen\/#breadcrumb\",\"itemListElement\":[{\"@type\":\"ListItem\",\"position\":1,\"name\":\"Startseite\",\"item\":\"https:\/\/relaisgourmet.com\/de\/\"},{\"@type\":\"ListItem\",\"position\":2,\"name\":\"Authentische Foie Gras\",\"item\":\"https:\/\/relaisgourmet.com\/de\/authentische-foie-gras\/\"},{\"@type\":\"ListItem\",\"position\":3,\"name\":\"Turron mit Erdn\u00fcssen\"}]},{\"@type\":\"WebSite\",\"@id\":\"https:\/\/relaisgourmet.com\/de\/#website\",\"url\":\"https:\/\/relaisgourmet.com\/de\/\",\"name\":\"Relais Gourmet\",\"description\":\"Maison Gastronomique au Pays-Basque Depuis 2004\",\"publisher\":{\"@id\":\"https:\/\/relaisgourmet.com\/de\/#organization\"},\"potentialAction\":[{\"@type\":\"SearchAction\",\"target\":{\"@type\":\"EntryPoint\",\"urlTemplate\":\"https:\/\/relaisgourmet.com\/de\/?s={search_term_string}\"},\"query-input\":{\"@type\":\"PropertyValueSpecification\",\"valueRequired\":true,\"valueName\":\"search_term_string\"}}],\"inLanguage\":\"de\"},{\"@type\":\"Organization\",\"@id\":\"https:\/\/relaisgourmet.com\/de\/#organization\",\"name\":\"Relais Gourmet\",\"url\":\"https:\/\/relaisgourmet.com\/de\/\",\"logo\":{\"@type\":\"ImageObject\",\"inLanguage\":\"de\",\"@id\":\"https:\/\/relaisgourmet.com\/de\/#\/schema\/logo\/image\/\",\"url\":\"https:\/\/relaisgourmet.com\/wp-content\/uploads\/2024\/11\/Diseno-sin-titulo-8.jpg\",\"contentUrl\":\"https:\/\/relaisgourmet.com\/wp-content\/uploads\/2024\/11\/Diseno-sin-titulo-8.jpg\",\"width\":500,\"height\":500,\"caption\":\"Relais Gourmet\"},\"image\":{\"@id\":\"https:\/\/relaisgourmet.com\/de\/#\/schema\/logo\/image\/\"},\"sameAs\":[\"https:\/\/facebook.com\/yoast\",\"https:\/\/instagram.com\/yoast\"]}]}<\/script>\n<!-- \/ Yoast SEO Premium plugin. -->","yoast_head_json":{"title":"Turron mit Erdn\u00fcssen \u2013 Knuspriger Mandelgenuss","description":"Turr\u00f3n mit Erdn\u00fcssen \u2013 Knusprig, s\u00fc\u00df und traditionell: Ideal zum Kaffee oder als kleines Geschenk.","robots":{"index":"index","follow":"follow","max-snippet":"max-snippet:-1","max-image-preview":"max-image-preview:large","max-video-preview":"max-video-preview:-1"},"canonical":"https:\/\/relaisgourmet.com\/de\/Produkt\/turron-mit-erdnuessen\/","og_locale":"de_DE","og_type":"article","og_title":"Turron mit Erdn\u00fcssen","og_description":"Turr\u00f3n mit Erdn\u00fcssen \u2013 Knusprig, s\u00fc\u00df und traditionell: Ideal zum Kaffee oder als kleines Geschenk.","og_url":"https:\/\/relaisgourmet.com\/de\/Produkt\/turron-mit-erdnuessen\/","og_site_name":"Relais Gourmet","article_publisher":"https:\/\/facebook.com\/yoast","article_modified_time":"2025-04-12T20:36:04+00:00","og_image":[{"width":600,"height":600,"url":"https:\/\/relaisgourmet.com\/wp-content\/uploads\/2024\/09\/Cacahuete-1.jpg","type":"image\/jpeg"}],"twitter_card":"summary_large_image","twitter_misc":{"Gesch\u00e4tzte Lesezeit":"2\u00a0Minute"},"schema":{"@context":"https:\/\/schema.org","@graph":[{"@type":"WebPage","@id":"https:\/\/relaisgourmet.com\/de\/Produkt\/turron-mit-erdnuessen\/","url":"https:\/\/relaisgourmet.com\/de\/Produkt\/turron-mit-erdnuessen\/","name":"Turron mit Erdn\u00fcssen \u2013 Knuspriger Mandelgenuss","isPartOf":{"@id":"https:\/\/relaisgourmet.com\/de\/#website"},"primaryImageOfPage":{"@id":"https:\/\/relaisgourmet.com\/de\/Produkt\/turron-mit-erdnuessen\/#primaryimage"},"image":{"@id":"https:\/\/relaisgourmet.com\/de\/Produkt\/turron-mit-erdnuessen\/#primaryimage"},"thumbnailUrl":"https:\/\/relaisgourmet.com\/wp-content\/uploads\/2024\/09\/Cacahuete-1.jpg","datePublished":"2023-05-26T11:46:25+00:00","dateModified":"2025-04-12T20:36:04+00:00","description":"Turr\u00f3n mit Erdn\u00fcssen \u2013 Knusprig, s\u00fc\u00df und traditionell: Ideal zum Kaffee oder als kleines Geschenk.","breadcrumb":{"@id":"https:\/\/relaisgourmet.com\/de\/Produkt\/turron-mit-erdnuessen\/#breadcrumb"},"inLanguage":"de","potentialAction":[{"@type":"ReadAction","target":["https:\/\/relaisgourmet.com\/de\/Produkt\/turron-mit-erdnuessen\/"]}]},{"@type":"ImageObject","inLanguage":"de","@id":"https:\/\/relaisgourmet.com\/de\/Produkt\/turron-mit-erdnuessen\/#primaryimage","url":"https:\/\/relaisgourmet.com\/wp-content\/uploads\/2024\/09\/Cacahuete-1.jpg","contentUrl":"https:\/\/relaisgourmet.com\/wp-content\/uploads\/2024\/09\/Cacahuete-1.jpg","width":600,"height":600},{"@type":"BreadcrumbList","@id":"https:\/\/relaisgourmet.com\/de\/Produkt\/turron-mit-erdnuessen\/#breadcrumb","itemListElement":[{"@type":"ListItem","position":1,"name":"Startseite","item":"https:\/\/relaisgourmet.com\/de\/"},{"@type":"ListItem","position":2,"name":"Authentische Foie Gras","item":"https:\/\/relaisgourmet.com\/de\/authentische-foie-gras\/"},{"@type":"ListItem","position":3,"name":"Turron mit Erdn\u00fcssen"}]},{"@type":"WebSite","@id":"https:\/\/relaisgourmet.com\/de\/#website","url":"https:\/\/relaisgourmet.com\/de\/","name":"Relais Gourmet","description":"Maison Gastronomique au Pays-Basque Depuis 2004","publisher":{"@id":"https:\/\/relaisgourmet.com\/de\/#organization"},"potentialAction":[{"@type":"SearchAction","target":{"@type":"EntryPoint","urlTemplate":"https:\/\/relaisgourmet.com\/de\/?s={search_term_string}"},"query-input":{"@type":"PropertyValueSpecification","valueRequired":true,"valueName":"search_term_string"}}],"inLanguage":"de"},{"@type":"Organization","@id":"https:\/\/relaisgourmet.com\/de\/#organization","name":"Relais Gourmet","url":"https:\/\/relaisgourmet.com\/de\/","logo":{"@type":"ImageObject","inLanguage":"de","@id":"https:\/\/relaisgourmet.com\/de\/#\/schema\/logo\/image\/","url":"https:\/\/relaisgourmet.com\/wp-content\/uploads\/2024\/11\/Diseno-sin-titulo-8.jpg","contentUrl":"https:\/\/relaisgourmet.com\/wp-content\/uploads\/2024\/11\/Diseno-sin-titulo-8.jpg","width":500,"height":500,"caption":"Relais Gourmet"},"image":{"@id":"https:\/\/relaisgourmet.com\/de\/#\/schema\/logo\/image\/"},"sameAs":["https:\/\/facebook.com\/yoast","https:\/\/instagram.com\/yoast"]}]}},"_links":{"self":[{"href":"https:\/\/relaisgourmet.com\/de\/wp-json\/wp\/v2\/product\/42167","targetHints":{"allow":["GET"]}}],"collection":[{"href":"https:\/\/relaisgourmet.com\/de\/wp-json\/wp\/v2\/product"}],"about":[{"href":"https:\/\/relaisgourmet.com\/de\/wp-json\/wp\/v2\/types\/product"}],"replies":[{"embeddable":true,"href":"https:\/\/relaisgourmet.com\/de\/wp-json\/wp\/v2\/comments?post=42167"}],"version-history":[{"count":1,"href":"https:\/\/relaisgourmet.com\/de\/wp-json\/wp\/v2\/product\/42167\/revisions"}],"predecessor-version":[{"id":55743,"href":"https:\/\/relaisgourmet.com\/de\/wp-json\/wp\/v2\/product\/42167\/revisions\/55743"}],"wp:featuredmedia":[{"embeddable":true,"href":"https:\/\/relaisgourmet.com\/de\/wp-json\/wp\/v2\/media\/40223"}],"wp:attachment":[{"href":"https:\/\/relaisgourmet.com\/de\/wp-json\/wp\/v2\/media?parent=42167"}],"wp:term":[{"taxonomy":"product_brand","embeddable":true,"href":"https:\/\/relaisgourmet.com\/de\/wp-json\/wp\/v2\/product_brand?post=42167"},{"taxonomy":"product_cat","embeddable":true,"href":"https:\/\/relaisgourmet.com\/de\/wp-json\/wp\/v2\/product_cat?post=42167"},{"taxonomy":"product_tag","embeddable":true,"href":"https:\/\/relaisgourmet.com\/de\/wp-json\/wp\/v2\/product_tag?post=42167"},{"taxonomy":"giftcard-category","embeddable":true,"href":"https:\/\/relaisgourmet.com\/de\/wp-json\/wp\/v2\/giftcard-category?post=42167"}],"curies":[{"name":"wp","href":"https:\/\/api.w.org\/{rel}","templated":true}]}}