{"id":42149,"date":"2023-05-26T13:47:03","date_gmt":"2023-05-26T11:47:03","guid":{"rendered":"https:\/\/relaisgourmet.com\/produit\/pack-selection-2\/"},"modified":"2025-04-12T22:36:04","modified_gmt":"2025-04-12T20:36:04","slug":"pack-selection-2","status":"publish","type":"product","link":"https:\/\/relaisgourmet.com\/de\/Produkt\/pack-selection-2\/","title":{"rendered":"Pack S\u00e9l\u00e9ction"},"content":{"rendered":"<p><strong>Le Pack S\u00e9l\u00e9ction contient un total de 4 tablettes de Turron Alicante, Cacahuete, Jijona et Nata y nueces Maria Simona.<\/strong><\/p>\n<p><strong>Poids net :<\/strong> 600 gr<\/p>\n<p><strong>Dur\u00e9e de conservation :<\/strong><\/p>\n<p>9 mois minimum. Une fois ouvert, il doit \u00eatre conserv\u00e9 dans un endroit sec.<\/p>\n<p><strong>Ingr\u00e9dients du Pack S\u00e9l\u00e9ction:<\/strong><\/p>\n<p><strong>Alicante:<\/strong> Amandes grill\u00e9es \u00e0 60%, sucre, sirop de glucose, miel \u00e0 12%, enrobage de gaufrette (amidon de pomme de terre et huile de tournesol) et blanc d\u2019\u0153uf. Peut contenir des traces d\u2019arachides, de s\u00e9same et de noisettes.<\/p>\n<p><strong>Cacahu\u00e8te:<\/strong> Cacahu\u00e8tes grill\u00e9es 38%, sucre, sirop de glucose, miel, gaufrettes (amidon de pomme de terre et huile de tournesol) et blanc d\u2019oeuf. Peut contenir des traces d\u2019amandes, de noisettes et de s\u00e9same.<\/p>\n<p><strong>Jijona:<\/strong> 64% d\u2019amandes grill\u00e9es, 12% de miel, sucre, sirop de glucose, blanc d\u2019oeuf et \u00e9mulsifiant : (E-471). Peut contenir des traces d\u2019arachides, de s\u00e9same et de noisettes.<\/p>\n<p><strong>Nata y Nueces:<\/strong> Sucre, amandes, noix (7%), lait entier en poudre 5%, conservateur (acide sorbique E-200) et ar\u00f4me de cr\u00e8me. Peut contenir des traces d\u2019\u0153uf.<\/p>\n<p>Ce produit ne contient pas de gluten, il convient donc aux c\u0153liaques.<\/p>\n<p>Retrouvez tous nos conseils de pr\u00e9paration sur <a href=\"https:\/\/mariasimona.com\/\">le site internet de Maria Simona<\/a>.<\/p>\n<p>N\u2019h\u00e9sitez pas \u00e0 visiter notre blog pour d\u00e9couvrir <a href=\"https:\/\/mariasimona.com\/recetas\/\">nos d\u00e9licieuses recettes<\/a> .<\/p>\n<p>Et pour l\u2019entr\u00e9e, pourquoi ne pas se laisser tenter par <a href=\"https:\/\/relaisgourmet.com\/?lang=de\">les d\u00e9licieux Foies Gras Relais Gourmet\u00a0<\/a>?<\/p>\n","protected":false},"excerpt":{"rendered":"<p>Auswahlpaket \u2013 Verschiedene Delikatessen in einem Set kombiniert f\u00fcr unvergessliche Gourmetmomente.<\/p>\n","protected":false},"featured_media":40302,"comment_status":"closed","ping_status":"open","template":"","meta":[],"product_brand":[],"product_cat":[1289],"product_tag":[],"giftcard-category":[],"class_list":{"0":"post-42149","1":"product","2":"type-product","3":"status-publish","4":"has-post-thumbnail","6":"product_cat-non-classifiee-de","7":"product_shipping_class-standard-de","9":"first","10":"instock","11":"sale","12":"taxable","13":"shipping-taxable","14":"purchasable","15":"product-type-simple"},"yoast_head":"<!-- This site is optimized with the Yoast SEO Premium plugin v27.4 (Yoast SEO v27.5) - https:\/\/yoast.com\/product\/yoast-seo-premium-wordpress\/ -->\n<title>Selections-Pack \u2013 Entdecken Sie unsere Bestseller<\/title>\n<meta name=\"description\" content=\"Auswahlpaket \u2013 Verschiedene Delikatessen in einem Set kombiniert f\u00fcr unvergessliche Gourmetmomente.\" \/>\n<meta name=\"robots\" content=\"index, follow, max-snippet:-1, max-image-preview:large, max-video-preview:-1\" \/>\n<link rel=\"canonical\" href=\"https:\/\/relaisgourmet.com\/de\/Produkt\/pack-selection-2\/\" \/>\n<meta property=\"og:locale\" content=\"de_DE\" \/>\n<meta property=\"og:type\" content=\"article\" \/>\n<meta property=\"og:title\" content=\"Pack S\u00e9l\u00e9ction\" \/>\n<meta property=\"og:description\" content=\"Auswahlpaket \u2013 Verschiedene Delikatessen in einem Set kombiniert f\u00fcr unvergessliche Gourmetmomente.\" \/>\n<meta property=\"og:url\" content=\"https:\/\/relaisgourmet.com\/de\/Produkt\/pack-selection-2\/\" \/>\n<meta property=\"og:site_name\" content=\"Relais Gourmet\" \/>\n<meta property=\"article:publisher\" content=\"https:\/\/facebook.com\/yoast\" \/>\n<meta property=\"article:modified_time\" content=\"2025-04-12T20:36:04+00:00\" \/>\n<meta property=\"og:image\" content=\"https:\/\/relaisgourmet.com\/wp-content\/uploads\/2024\/09\/Pack-selection-1.jpg\" \/>\n\t<meta property=\"og:image:width\" content=\"1067\" \/>\n\t<meta property=\"og:image:height\" content=\"1200\" \/>\n\t<meta property=\"og:image:type\" content=\"image\/jpeg\" \/>\n<meta name=\"twitter:card\" content=\"summary_large_image\" \/>\n<meta name=\"twitter:label1\" content=\"Gesch\u00e4tzte Lesezeit\" \/>\n\t<meta name=\"twitter:data1\" content=\"2\u00a0Minute\" \/>\n<script type=\"application\/ld+json\" class=\"yoast-schema-graph\">{\"@context\":\"https:\\\/\\\/schema.org\",\"@graph\":[{\"@type\":\"WebPage\",\"@id\":\"https:\\\/\\\/relaisgourmet.com\\\/de\\\/Produkt\\\/pack-selection-2\\\/\",\"url\":\"https:\\\/\\\/relaisgourmet.com\\\/de\\\/Produkt\\\/pack-selection-2\\\/\",\"name\":\"Selections-Pack \u2013 Entdecken Sie unsere Bestseller\",\"isPartOf\":{\"@id\":\"https:\\\/\\\/relaisgourmet.com\\\/de\\\/#website\"},\"primaryImageOfPage\":{\"@id\":\"https:\\\/\\\/relaisgourmet.com\\\/de\\\/Produkt\\\/pack-selection-2\\\/#primaryimage\"},\"image\":{\"@id\":\"https:\\\/\\\/relaisgourmet.com\\\/de\\\/Produkt\\\/pack-selection-2\\\/#primaryimage\"},\"thumbnailUrl\":\"https:\\\/\\\/relaisgourmet.com\\\/wp-content\\\/uploads\\\/2024\\\/09\\\/Pack-selection-1.jpg\",\"datePublished\":\"2023-05-26T11:47:03+00:00\",\"dateModified\":\"2025-04-12T20:36:04+00:00\",\"description\":\"Auswahlpaket \u2013 Verschiedene Delikatessen in einem Set kombiniert f\u00fcr unvergessliche Gourmetmomente.\",\"breadcrumb\":{\"@id\":\"https:\\\/\\\/relaisgourmet.com\\\/de\\\/Produkt\\\/pack-selection-2\\\/#breadcrumb\"},\"inLanguage\":\"de\",\"potentialAction\":[{\"@type\":\"ReadAction\",\"target\":[\"https:\\\/\\\/relaisgourmet.com\\\/de\\\/Produkt\\\/pack-selection-2\\\/\"]}]},{\"@type\":\"ImageObject\",\"inLanguage\":\"de\",\"@id\":\"https:\\\/\\\/relaisgourmet.com\\\/de\\\/Produkt\\\/pack-selection-2\\\/#primaryimage\",\"url\":\"https:\\\/\\\/relaisgourmet.com\\\/wp-content\\\/uploads\\\/2024\\\/09\\\/Pack-selection-1.jpg\",\"contentUrl\":\"https:\\\/\\\/relaisgourmet.com\\\/wp-content\\\/uploads\\\/2024\\\/09\\\/Pack-selection-1.jpg\",\"width\":1067,\"height\":1200},{\"@type\":\"BreadcrumbList\",\"@id\":\"https:\\\/\\\/relaisgourmet.com\\\/de\\\/Produkt\\\/pack-selection-2\\\/#breadcrumb\",\"itemListElement\":[{\"@type\":\"ListItem\",\"position\":1,\"name\":\"Startseite\",\"item\":\"https:\\\/\\\/relaisgourmet.com\\\/de\\\/\"},{\"@type\":\"ListItem\",\"position\":2,\"name\":\"Authentische Foie Gras\",\"item\":\"https:\\\/\\\/relaisgourmet.com\\\/de\\\/authentische-foie-gras\\\/\"},{\"@type\":\"ListItem\",\"position\":3,\"name\":\"Pack S\u00e9l\u00e9ction\"}]},{\"@type\":\"WebSite\",\"@id\":\"https:\\\/\\\/relaisgourmet.com\\\/de\\\/#website\",\"url\":\"https:\\\/\\\/relaisgourmet.com\\\/de\\\/\",\"name\":\"Relais Gourmet\",\"description\":\"Maison Gastronomique au Pays-Basque Depuis 2004\",\"publisher\":{\"@id\":\"https:\\\/\\\/relaisgourmet.com\\\/de\\\/#organization\"},\"potentialAction\":[{\"@type\":\"SearchAction\",\"target\":{\"@type\":\"EntryPoint\",\"urlTemplate\":\"https:\\\/\\\/relaisgourmet.com\\\/de\\\/?s={search_term_string}\"},\"query-input\":{\"@type\":\"PropertyValueSpecification\",\"valueRequired\":true,\"valueName\":\"search_term_string\"}}],\"inLanguage\":\"de\"},{\"@type\":\"Organization\",\"@id\":\"https:\\\/\\\/relaisgourmet.com\\\/de\\\/#organization\",\"name\":\"Relais Gourmet\",\"url\":\"https:\\\/\\\/relaisgourmet.com\\\/de\\\/\",\"logo\":{\"@type\":\"ImageObject\",\"inLanguage\":\"de\",\"@id\":\"https:\\\/\\\/relaisgourmet.com\\\/de\\\/#\\\/schema\\\/logo\\\/image\\\/\",\"url\":\"https:\\\/\\\/relaisgourmet.com\\\/wp-content\\\/uploads\\\/2024\\\/11\\\/Diseno-sin-titulo-8.jpg\",\"contentUrl\":\"https:\\\/\\\/relaisgourmet.com\\\/wp-content\\\/uploads\\\/2024\\\/11\\\/Diseno-sin-titulo-8.jpg\",\"width\":500,\"height\":500,\"caption\":\"Relais Gourmet\"},\"image\":{\"@id\":\"https:\\\/\\\/relaisgourmet.com\\\/de\\\/#\\\/schema\\\/logo\\\/image\\\/\"},\"sameAs\":[\"https:\\\/\\\/facebook.com\\\/yoast\",\"https:\\\/\\\/instagram.com\\\/yoast\"]}]}<\/script>\n<!-- \/ Yoast SEO Premium plugin. -->","yoast_head_json":{"title":"Selections-Pack \u2013 Entdecken Sie unsere Bestseller","description":"Auswahlpaket \u2013 Verschiedene Delikatessen in einem Set kombiniert f\u00fcr unvergessliche Gourmetmomente.","robots":{"index":"index","follow":"follow","max-snippet":"max-snippet:-1","max-image-preview":"max-image-preview:large","max-video-preview":"max-video-preview:-1"},"canonical":"https:\/\/relaisgourmet.com\/de\/Produkt\/pack-selection-2\/","og_locale":"de_DE","og_type":"article","og_title":"Pack S\u00e9l\u00e9ction","og_description":"Auswahlpaket \u2013 Verschiedene Delikatessen in einem Set kombiniert f\u00fcr unvergessliche Gourmetmomente.","og_url":"https:\/\/relaisgourmet.com\/de\/Produkt\/pack-selection-2\/","og_site_name":"Relais Gourmet","article_publisher":"https:\/\/facebook.com\/yoast","article_modified_time":"2025-04-12T20:36:04+00:00","og_image":[{"width":1067,"height":1200,"url":"https:\/\/relaisgourmet.com\/wp-content\/uploads\/2024\/09\/Pack-selection-1.jpg","type":"image\/jpeg"}],"twitter_card":"summary_large_image","twitter_misc":{"Gesch\u00e4tzte Lesezeit":"2\u00a0Minute"},"schema":{"@context":"https:\/\/schema.org","@graph":[{"@type":"WebPage","@id":"https:\/\/relaisgourmet.com\/de\/Produkt\/pack-selection-2\/","url":"https:\/\/relaisgourmet.com\/de\/Produkt\/pack-selection-2\/","name":"Selections-Pack \u2013 Entdecken Sie unsere Bestseller","isPartOf":{"@id":"https:\/\/relaisgourmet.com\/de\/#website"},"primaryImageOfPage":{"@id":"https:\/\/relaisgourmet.com\/de\/Produkt\/pack-selection-2\/#primaryimage"},"image":{"@id":"https:\/\/relaisgourmet.com\/de\/Produkt\/pack-selection-2\/#primaryimage"},"thumbnailUrl":"https:\/\/relaisgourmet.com\/wp-content\/uploads\/2024\/09\/Pack-selection-1.jpg","datePublished":"2023-05-26T11:47:03+00:00","dateModified":"2025-04-12T20:36:04+00:00","description":"Auswahlpaket \u2013 Verschiedene Delikatessen in einem Set kombiniert f\u00fcr unvergessliche Gourmetmomente.","breadcrumb":{"@id":"https:\/\/relaisgourmet.com\/de\/Produkt\/pack-selection-2\/#breadcrumb"},"inLanguage":"de","potentialAction":[{"@type":"ReadAction","target":["https:\/\/relaisgourmet.com\/de\/Produkt\/pack-selection-2\/"]}]},{"@type":"ImageObject","inLanguage":"de","@id":"https:\/\/relaisgourmet.com\/de\/Produkt\/pack-selection-2\/#primaryimage","url":"https:\/\/relaisgourmet.com\/wp-content\/uploads\/2024\/09\/Pack-selection-1.jpg","contentUrl":"https:\/\/relaisgourmet.com\/wp-content\/uploads\/2024\/09\/Pack-selection-1.jpg","width":1067,"height":1200},{"@type":"BreadcrumbList","@id":"https:\/\/relaisgourmet.com\/de\/Produkt\/pack-selection-2\/#breadcrumb","itemListElement":[{"@type":"ListItem","position":1,"name":"Startseite","item":"https:\/\/relaisgourmet.com\/de\/"},{"@type":"ListItem","position":2,"name":"Authentische Foie Gras","item":"https:\/\/relaisgourmet.com\/de\/authentische-foie-gras\/"},{"@type":"ListItem","position":3,"name":"Pack S\u00e9l\u00e9ction"}]},{"@type":"WebSite","@id":"https:\/\/relaisgourmet.com\/de\/#website","url":"https:\/\/relaisgourmet.com\/de\/","name":"Relais Gourmet","description":"Maison Gastronomique au Pays-Basque Depuis 2004","publisher":{"@id":"https:\/\/relaisgourmet.com\/de\/#organization"},"potentialAction":[{"@type":"SearchAction","target":{"@type":"EntryPoint","urlTemplate":"https:\/\/relaisgourmet.com\/de\/?s={search_term_string}"},"query-input":{"@type":"PropertyValueSpecification","valueRequired":true,"valueName":"search_term_string"}}],"inLanguage":"de"},{"@type":"Organization","@id":"https:\/\/relaisgourmet.com\/de\/#organization","name":"Relais Gourmet","url":"https:\/\/relaisgourmet.com\/de\/","logo":{"@type":"ImageObject","inLanguage":"de","@id":"https:\/\/relaisgourmet.com\/de\/#\/schema\/logo\/image\/","url":"https:\/\/relaisgourmet.com\/wp-content\/uploads\/2024\/11\/Diseno-sin-titulo-8.jpg","contentUrl":"https:\/\/relaisgourmet.com\/wp-content\/uploads\/2024\/11\/Diseno-sin-titulo-8.jpg","width":500,"height":500,"caption":"Relais Gourmet"},"image":{"@id":"https:\/\/relaisgourmet.com\/de\/#\/schema\/logo\/image\/"},"sameAs":["https:\/\/facebook.com\/yoast","https:\/\/instagram.com\/yoast"]}]}},"_links":{"self":[{"href":"https:\/\/relaisgourmet.com\/de\/wp-json\/wp\/v2\/product\/42149","targetHints":{"allow":["GET"]}}],"collection":[{"href":"https:\/\/relaisgourmet.com\/de\/wp-json\/wp\/v2\/product"}],"about":[{"href":"https:\/\/relaisgourmet.com\/de\/wp-json\/wp\/v2\/types\/product"}],"replies":[{"embeddable":true,"href":"https:\/\/relaisgourmet.com\/de\/wp-json\/wp\/v2\/comments?post=42149"}],"version-history":[{"count":0,"href":"https:\/\/relaisgourmet.com\/de\/wp-json\/wp\/v2\/product\/42149\/revisions"}],"wp:featuredmedia":[{"embeddable":true,"href":"https:\/\/relaisgourmet.com\/de\/wp-json\/wp\/v2\/media\/40302"}],"wp:attachment":[{"href":"https:\/\/relaisgourmet.com\/de\/wp-json\/wp\/v2\/media?parent=42149"}],"wp:term":[{"taxonomy":"product_brand","embeddable":true,"href":"https:\/\/relaisgourmet.com\/de\/wp-json\/wp\/v2\/product_brand?post=42149"},{"taxonomy":"product_cat","embeddable":true,"href":"https:\/\/relaisgourmet.com\/de\/wp-json\/wp\/v2\/product_cat?post=42149"},{"taxonomy":"product_tag","embeddable":true,"href":"https:\/\/relaisgourmet.com\/de\/wp-json\/wp\/v2\/product_tag?post=42149"},{"taxonomy":"giftcard-category","embeddable":true,"href":"https:\/\/relaisgourmet.com\/de\/wp-json\/wp\/v2\/giftcard-category?post=42149"}],"curies":[{"name":"wp","href":"https:\/\/api.w.org\/{rel}","templated":true}]}}