{"id":42139,"date":"2021-11-22T10:37:23","date_gmt":"2021-11-22T09:37:23","guid":{"rendered":"https:\/\/relaisgourmet.com\/produit\/die-ganseleber-kochen\/"},"modified":"2025-04-12T22:36:04","modified_gmt":"2025-04-12T20:36:04","slug":"die-ganseleber-kochen","status":"publish","type":"product","link":"https:\/\/relaisgourmet.com\/de\/Produkt\/die-ganseleber-kochen\/","title":{"rendered":"Kochen mit Leberpastete"},"content":{"rendered":"<h2>Kochen mit Leberpastete ist ein unentbehrlicher Begleiter f\u00fcr alle Liebhaber von Stopfleber, sowohl f\u00fcr angehende als auch f\u00fcr erfahrene K\u00f6che.<\/h2>\n<p>&nbsp;<\/p>\n<p>Dieses Buch bietet eine <strong>Vielzahl einfacher und effektiver Rezepte<\/strong> zur Zubereitung und zum Kochen von Leberpastete, mit <strong>Ratschl\u00e4gen<\/strong> zur <strong>Auswahl der Foie<\/strong> Gras und zu den <strong>Zubereitungstechniken<\/strong>. Die vorgeschlagenen Rezepte umfassen<strong> klassische Gerichte<\/strong> wie<strong> gebratene Foie<\/strong> Gras und<strong> innovativere Kreationen<\/strong> wie Foie Gras in Lebkuchenkruste.<\/p>\n<p>Neben den Rezepten enth\u00e4lt das Buch auch Informationen \u00fcber die Geschichte und Kultur der Foie Gras sowie <strong>Ratschl\u00e4ge zur Auswahl der besten Weine<\/strong> und Beilagen f\u00fcr jedes Gericht.<\/p>\n<p>Mit diesem E-Book wird die Leberpastete keine Geheimnisse mehr f\u00fcr Sie haben! Es ist an der Zeit, sich selbst und Ihre Lieben an den Feiertagen zu verw\u00f6hnen.<\/p>\n<p>Alle unsere Tipps zur Zubereitung von Foie Gras finden Sie in unserem <a href=\"https:\/\/relaisgourmet.com\/index.php\/blog-foies-gras-actualite\/\">Blog<\/a> und alle unsere Produkte in der Relais Gourmet Boutique.<\/p>\n<p>Besuchen Sie unseren <a href=\"https:\/\/relaisgourmet.com\/index.php\/blog-foies-gras-actualite\/\">Blog<\/a>, um unsere <a href=\"\/?page_id=33979\">Rezepte <\/a>und andere Neuigkeiten zu entdecken.<\/p>\n<p>F\u00fcr ein Gourmet-Essen, warum nicht mit einem k\u00f6stlichen Turrones <a href=\"https:\/\/mariasimona.com\/\">Maria Simona <\/a> abschlie\u00dfen?<\/p>\n","protected":false},"excerpt":{"rendered":"<p>Kochen mit Leberpastete \u2013 Inspirierende Rezepte und Tipps f\u00fcr die Zubereitung feiner Foie Gras Gerichte.<\/p>\n","protected":false},"featured_media":39699,"comment_status":"closed","ping_status":"closed","template":"","meta":[],"product_brand":[],"product_cat":[1198],"product_tag":[1856,1857,1858],"giftcard-category":[],"class_list":{"0":"post-42139","1":"product","2":"type-product","3":"status-publish","4":"has-post-thumbnail","6":"product_cat-ebooks-de","7":"product_tag-cuisiner-de","8":"product_tag-ebook-de","9":"product_tag-foie-gras-de","10":"product_shipping_class-standard-de","12":"first","13":"instock","14":"downloadable","15":"virtual","16":"taxable","17":"purchasable","18":"product-type-simple"},"yoast_head":"<!-- This site is optimized with the Yoast SEO Premium plugin v27.0 (Yoast SEO v27.0) - https:\/\/yoast.com\/product\/yoast-seo-premium-wordpress\/ -->\n<title>Foie Gras Rezepte &amp; Tipps \u2013 Kochen mit Raffinesse<\/title>\n<meta name=\"description\" content=\"Kochen mit Leberpastete \u2013 Inspirierende Rezepte und Tipps f\u00fcr die Zubereitung feiner Foie Gras Gerichte.\" \/>\n<meta name=\"robots\" content=\"index, follow, max-snippet:-1, max-image-preview:large, max-video-preview:-1\" \/>\n<link rel=\"canonical\" href=\"https:\/\/relaisgourmet.com\/de\/Produkt\/die-ganseleber-kochen\/\" \/>\n<meta property=\"og:locale\" content=\"de_DE\" \/>\n<meta property=\"og:type\" content=\"article\" \/>\n<meta property=\"og:title\" content=\"Kochen mit Leberpastete\" \/>\n<meta property=\"og:description\" content=\"Kochen mit Leberpastete \u2013 Inspirierende Rezepte und Tipps f\u00fcr die Zubereitung feiner Foie Gras Gerichte.\" \/>\n<meta property=\"og:url\" content=\"https:\/\/relaisgourmet.com\/de\/Produkt\/die-ganseleber-kochen\/\" \/>\n<meta property=\"og:site_name\" content=\"Relais Gourmet\" \/>\n<meta property=\"article:publisher\" content=\"https:\/\/facebook.com\/yoast\" \/>\n<meta property=\"article:modified_time\" content=\"2025-04-12T20:36:04+00:00\" \/>\n<meta property=\"og:image\" content=\"https:\/\/relaisgourmet.com\/wp-content\/uploads\/2024\/09\/5-e1698754257552-1.jpg\" \/>\n\t<meta property=\"og:image:width\" content=\"1000\" \/>\n\t<meta property=\"og:image:height\" content=\"1179\" \/>\n\t<meta property=\"og:image:type\" content=\"image\/jpeg\" \/>\n<meta name=\"twitter:card\" content=\"summary_large_image\" \/>\n<meta name=\"twitter:label1\" content=\"Gesch\u00e4tzte Lesezeit\" \/>\n\t<meta name=\"twitter:data1\" content=\"1\u00a0Minute\" \/>\n<script type=\"application\/ld+json\" class=\"yoast-schema-graph\">{\"@context\":\"https:\/\/schema.org\",\"@graph\":[{\"@type\":\"WebPage\",\"@id\":\"https:\/\/relaisgourmet.com\/de\/Produkt\/die-ganseleber-kochen\/\",\"url\":\"https:\/\/relaisgourmet.com\/de\/Produkt\/die-ganseleber-kochen\/\",\"name\":\"Foie Gras Rezepte & Tipps \u2013 Kochen mit Raffinesse\",\"isPartOf\":{\"@id\":\"https:\/\/relaisgourmet.com\/de\/#website\"},\"primaryImageOfPage\":{\"@id\":\"https:\/\/relaisgourmet.com\/de\/Produkt\/die-ganseleber-kochen\/#primaryimage\"},\"image\":{\"@id\":\"https:\/\/relaisgourmet.com\/de\/Produkt\/die-ganseleber-kochen\/#primaryimage\"},\"thumbnailUrl\":\"https:\/\/relaisgourmet.com\/wp-content\/uploads\/2024\/09\/5-e1698754257552-1.jpg\",\"datePublished\":\"2021-11-22T09:37:23+00:00\",\"dateModified\":\"2025-04-12T20:36:04+00:00\",\"description\":\"Kochen mit Leberpastete \u2013 Inspirierende Rezepte und Tipps f\u00fcr die Zubereitung feiner Foie Gras Gerichte.\",\"breadcrumb\":{\"@id\":\"https:\/\/relaisgourmet.com\/de\/Produkt\/die-ganseleber-kochen\/#breadcrumb\"},\"inLanguage\":\"de\",\"potentialAction\":[{\"@type\":\"ReadAction\",\"target\":[\"https:\/\/relaisgourmet.com\/de\/Produkt\/die-ganseleber-kochen\/\"]}]},{\"@type\":\"ImageObject\",\"inLanguage\":\"de\",\"@id\":\"https:\/\/relaisgourmet.com\/de\/Produkt\/die-ganseleber-kochen\/#primaryimage\",\"url\":\"https:\/\/relaisgourmet.com\/wp-content\/uploads\/2024\/09\/5-e1698754257552-1.jpg\",\"contentUrl\":\"https:\/\/relaisgourmet.com\/wp-content\/uploads\/2024\/09\/5-e1698754257552-1.jpg\",\"width\":1000,\"height\":1179,\"caption\":\"alt Cuisiner le Foie Gras\"},{\"@type\":\"BreadcrumbList\",\"@id\":\"https:\/\/relaisgourmet.com\/de\/Produkt\/die-ganseleber-kochen\/#breadcrumb\",\"itemListElement\":[{\"@type\":\"ListItem\",\"position\":1,\"name\":\"Startseite\",\"item\":\"https:\/\/relaisgourmet.com\/de\/\"},{\"@type\":\"ListItem\",\"position\":2,\"name\":\"Authentische Foie Gras\",\"item\":\"https:\/\/relaisgourmet.com\/de\/authentische-foie-gras\/\"},{\"@type\":\"ListItem\",\"position\":3,\"name\":\"Kochen mit Leberpastete\"}]},{\"@type\":\"WebSite\",\"@id\":\"https:\/\/relaisgourmet.com\/de\/#website\",\"url\":\"https:\/\/relaisgourmet.com\/de\/\",\"name\":\"Relais Gourmet\",\"description\":\"Maison Gastronomique au Pays-Basque Depuis 2004\",\"publisher\":{\"@id\":\"https:\/\/relaisgourmet.com\/de\/#organization\"},\"potentialAction\":[{\"@type\":\"SearchAction\",\"target\":{\"@type\":\"EntryPoint\",\"urlTemplate\":\"https:\/\/relaisgourmet.com\/de\/?s={search_term_string}\"},\"query-input\":{\"@type\":\"PropertyValueSpecification\",\"valueRequired\":true,\"valueName\":\"search_term_string\"}}],\"inLanguage\":\"de\"},{\"@type\":\"Organization\",\"@id\":\"https:\/\/relaisgourmet.com\/de\/#organization\",\"name\":\"Relais Gourmet\",\"url\":\"https:\/\/relaisgourmet.com\/de\/\",\"logo\":{\"@type\":\"ImageObject\",\"inLanguage\":\"de\",\"@id\":\"https:\/\/relaisgourmet.com\/de\/#\/schema\/logo\/image\/\",\"url\":\"https:\/\/relaisgourmet.com\/wp-content\/uploads\/2024\/11\/Diseno-sin-titulo-8.jpg\",\"contentUrl\":\"https:\/\/relaisgourmet.com\/wp-content\/uploads\/2024\/11\/Diseno-sin-titulo-8.jpg\",\"width\":500,\"height\":500,\"caption\":\"Relais Gourmet\"},\"image\":{\"@id\":\"https:\/\/relaisgourmet.com\/de\/#\/schema\/logo\/image\/\"},\"sameAs\":[\"https:\/\/facebook.com\/yoast\",\"https:\/\/instagram.com\/yoast\"]}]}<\/script>\n<!-- \/ Yoast SEO Premium plugin. -->","yoast_head_json":{"title":"Foie Gras Rezepte & Tipps \u2013 Kochen mit Raffinesse","description":"Kochen mit Leberpastete \u2013 Inspirierende Rezepte und Tipps f\u00fcr die Zubereitung feiner Foie Gras Gerichte.","robots":{"index":"index","follow":"follow","max-snippet":"max-snippet:-1","max-image-preview":"max-image-preview:large","max-video-preview":"max-video-preview:-1"},"canonical":"https:\/\/relaisgourmet.com\/de\/Produkt\/die-ganseleber-kochen\/","og_locale":"de_DE","og_type":"article","og_title":"Kochen mit Leberpastete","og_description":"Kochen mit Leberpastete \u2013 Inspirierende Rezepte und Tipps f\u00fcr die Zubereitung feiner Foie Gras Gerichte.","og_url":"https:\/\/relaisgourmet.com\/de\/Produkt\/die-ganseleber-kochen\/","og_site_name":"Relais Gourmet","article_publisher":"https:\/\/facebook.com\/yoast","article_modified_time":"2025-04-12T20:36:04+00:00","og_image":[{"width":1000,"height":1179,"url":"https:\/\/relaisgourmet.com\/wp-content\/uploads\/2024\/09\/5-e1698754257552-1.jpg","type":"image\/jpeg"}],"twitter_card":"summary_large_image","twitter_misc":{"Gesch\u00e4tzte Lesezeit":"1\u00a0Minute"},"schema":{"@context":"https:\/\/schema.org","@graph":[{"@type":"WebPage","@id":"https:\/\/relaisgourmet.com\/de\/Produkt\/die-ganseleber-kochen\/","url":"https:\/\/relaisgourmet.com\/de\/Produkt\/die-ganseleber-kochen\/","name":"Foie Gras Rezepte & Tipps \u2013 Kochen mit Raffinesse","isPartOf":{"@id":"https:\/\/relaisgourmet.com\/de\/#website"},"primaryImageOfPage":{"@id":"https:\/\/relaisgourmet.com\/de\/Produkt\/die-ganseleber-kochen\/#primaryimage"},"image":{"@id":"https:\/\/relaisgourmet.com\/de\/Produkt\/die-ganseleber-kochen\/#primaryimage"},"thumbnailUrl":"https:\/\/relaisgourmet.com\/wp-content\/uploads\/2024\/09\/5-e1698754257552-1.jpg","datePublished":"2021-11-22T09:37:23+00:00","dateModified":"2025-04-12T20:36:04+00:00","description":"Kochen mit Leberpastete \u2013 Inspirierende Rezepte und Tipps f\u00fcr die Zubereitung feiner Foie Gras Gerichte.","breadcrumb":{"@id":"https:\/\/relaisgourmet.com\/de\/Produkt\/die-ganseleber-kochen\/#breadcrumb"},"inLanguage":"de","potentialAction":[{"@type":"ReadAction","target":["https:\/\/relaisgourmet.com\/de\/Produkt\/die-ganseleber-kochen\/"]}]},{"@type":"ImageObject","inLanguage":"de","@id":"https:\/\/relaisgourmet.com\/de\/Produkt\/die-ganseleber-kochen\/#primaryimage","url":"https:\/\/relaisgourmet.com\/wp-content\/uploads\/2024\/09\/5-e1698754257552-1.jpg","contentUrl":"https:\/\/relaisgourmet.com\/wp-content\/uploads\/2024\/09\/5-e1698754257552-1.jpg","width":1000,"height":1179,"caption":"alt Cuisiner le Foie Gras"},{"@type":"BreadcrumbList","@id":"https:\/\/relaisgourmet.com\/de\/Produkt\/die-ganseleber-kochen\/#breadcrumb","itemListElement":[{"@type":"ListItem","position":1,"name":"Startseite","item":"https:\/\/relaisgourmet.com\/de\/"},{"@type":"ListItem","position":2,"name":"Authentische Foie Gras","item":"https:\/\/relaisgourmet.com\/de\/authentische-foie-gras\/"},{"@type":"ListItem","position":3,"name":"Kochen mit Leberpastete"}]},{"@type":"WebSite","@id":"https:\/\/relaisgourmet.com\/de\/#website","url":"https:\/\/relaisgourmet.com\/de\/","name":"Relais Gourmet","description":"Maison Gastronomique au Pays-Basque Depuis 2004","publisher":{"@id":"https:\/\/relaisgourmet.com\/de\/#organization"},"potentialAction":[{"@type":"SearchAction","target":{"@type":"EntryPoint","urlTemplate":"https:\/\/relaisgourmet.com\/de\/?s={search_term_string}"},"query-input":{"@type":"PropertyValueSpecification","valueRequired":true,"valueName":"search_term_string"}}],"inLanguage":"de"},{"@type":"Organization","@id":"https:\/\/relaisgourmet.com\/de\/#organization","name":"Relais Gourmet","url":"https:\/\/relaisgourmet.com\/de\/","logo":{"@type":"ImageObject","inLanguage":"de","@id":"https:\/\/relaisgourmet.com\/de\/#\/schema\/logo\/image\/","url":"https:\/\/relaisgourmet.com\/wp-content\/uploads\/2024\/11\/Diseno-sin-titulo-8.jpg","contentUrl":"https:\/\/relaisgourmet.com\/wp-content\/uploads\/2024\/11\/Diseno-sin-titulo-8.jpg","width":500,"height":500,"caption":"Relais Gourmet"},"image":{"@id":"https:\/\/relaisgourmet.com\/de\/#\/schema\/logo\/image\/"},"sameAs":["https:\/\/facebook.com\/yoast","https:\/\/instagram.com\/yoast"]}]}},"_links":{"self":[{"href":"https:\/\/relaisgourmet.com\/de\/wp-json\/wp\/v2\/product\/42139","targetHints":{"allow":["GET"]}}],"collection":[{"href":"https:\/\/relaisgourmet.com\/de\/wp-json\/wp\/v2\/product"}],"about":[{"href":"https:\/\/relaisgourmet.com\/de\/wp-json\/wp\/v2\/types\/product"}],"replies":[{"embeddable":true,"href":"https:\/\/relaisgourmet.com\/de\/wp-json\/wp\/v2\/comments?post=42139"}],"version-history":[{"count":2,"href":"https:\/\/relaisgourmet.com\/de\/wp-json\/wp\/v2\/product\/42139\/revisions"}],"predecessor-version":[{"id":55739,"href":"https:\/\/relaisgourmet.com\/de\/wp-json\/wp\/v2\/product\/42139\/revisions\/55739"}],"wp:featuredmedia":[{"embeddable":true,"href":"https:\/\/relaisgourmet.com\/de\/wp-json\/wp\/v2\/media\/39699"}],"wp:attachment":[{"href":"https:\/\/relaisgourmet.com\/de\/wp-json\/wp\/v2\/media?parent=42139"}],"wp:term":[{"taxonomy":"product_brand","embeddable":true,"href":"https:\/\/relaisgourmet.com\/de\/wp-json\/wp\/v2\/product_brand?post=42139"},{"taxonomy":"product_cat","embeddable":true,"href":"https:\/\/relaisgourmet.com\/de\/wp-json\/wp\/v2\/product_cat?post=42139"},{"taxonomy":"product_tag","embeddable":true,"href":"https:\/\/relaisgourmet.com\/de\/wp-json\/wp\/v2\/product_tag?post=42139"},{"taxonomy":"giftcard-category","embeddable":true,"href":"https:\/\/relaisgourmet.com\/de\/wp-json\/wp\/v2\/giftcard-category?post=42139"}],"curies":[{"name":"wp","href":"https:\/\/api.w.org\/{rel}","templated":true}]}}