{"id":42137,"date":"2020-11-26T09:24:53","date_gmt":"2020-11-26T08:24:53","guid":{"rendered":"https:\/\/relaisgourmet.com\/produit\/foie-gras-utensilien-box-lyre-couteau-ouvre-bocal-pelle-tartineur\/"},"modified":"2025-12-01T01:17:39","modified_gmt":"2025-12-01T00:17:39","slug":"foie-gras-utensilien-box-lyre-couteau-ouvre-bocal-pelle-tartineur","status":"publish","type":"product","link":"https:\/\/relaisgourmet.com\/de\/Produkt\/foie-gras-utensilien-box-lyre-couteau-ouvre-bocal-pelle-tartineur\/","title":{"rendered":"Foie Gras Utensilien Box"},"content":{"rendered":"<p>Entdecken Sie unsere Box mit allem, was Sie zum Servieren Ihrer G\u00e4nseleber und Ihrer festlichen Aperitifs brauchen! Das Fossilienbesteck ist ein Muss f\u00fcr alle Ihre Zusammenk\u00fcnfte mit Freunden oder der Familie.<\/p>\n<p><strong>Zusammensetzung :<\/strong><\/p>\n<p><a href=\"https:\/\/relaisgourmet.com\/produit\/foie-gras-leier\/?lang=de\">G\u00e4nseleberpastete<\/a><br \/>\n<a href=\"https:\/\/relaisgourmet.com\/produit\/stopfleber-messer\/?lang=de\">Foie Gras Messer<\/a><br \/>\n<a href=\"https:\/\/relaisgourmet.com\/produit\/foie-gras-glasoffner\/?lang=de\">Foie Gras-Glas\u00f6ffner<\/a><br \/>\n<a href=\"https:\/\/relaisgourmet.com\/produit\/foie-gras-schaufel\/?lang=de\">Foie Gras Schaufel<\/a><br \/>\n<a href=\"https:\/\/relaisgourmet.com\/produit\/ganseleberspreizer\/?lang=de\">Foie Gras Spreizer<\/a><\/p>\n<p>Alle diese Utensilien bestehen aus rostfreiem Stahl. Das bedeutet, dass sie dank ihrer hohen Wasserbest\u00e4ndigkeit sehr langlebig sind.<\/p>\n<p>Au\u00dferdem sind Sie mit diesem Set f\u00fcr jede Gelegenheit ger\u00fcstet und k\u00f6nnen unsere verschiedenen Foies Gras probieren!<\/p>\n<p>Alle unsere Produkte finden Sie in der Boutique Relais Gourmet.<\/p>\n<p>Besuchen Sie auch unseren Blog, um unsere Rezepte und andere Neuheiten zu entdecken.<\/p>\n","protected":false},"excerpt":{"rendered":"<p><strong>Entdecken Sie unser Foie Gras Utensilien Set<\/strong>. Sie finden alle notwendigen Utensilien, um Ihre G\u00e4nseleber mit Eleganz zu pr\u00e4sentieren.<\/p>\n","protected":false},"featured_media":55135,"comment_status":"closed","ping_status":"closed","template":"","meta":[],"product_brand":[],"product_cat":[1331],"product_tag":[1858],"giftcard-category":[],"class_list":{"0":"post-42137","1":"product","2":"type-product","3":"status-publish","4":"has-post-thumbnail","6":"product_cat-utensilien-fur-foie-gras","7":"product_tag-foie-gras-de","8":"product_shipping_class-standard-de","10":"first","11":"instock","12":"taxable","13":"shipping-taxable","14":"purchasable","15":"product-type-simple"},"yoast_head":"<!-- This site is optimized with the Yoast SEO Premium plugin v27.0 (Yoast SEO v27.0) - https:\/\/yoast.com\/product\/yoast-seo-premium-wordpress\/ -->\n<title>Foie Gras Utensilien-Set \u2013 F\u00fcr stilvollen Service<\/title>\n<meta name=\"description\" content=\"Praktisches Set f\u00fcr Feinschmecker: Schneiden und Servieren von Foie Gras mit Stil und Pr\u00e4zision.\" \/>\n<meta name=\"robots\" content=\"index, follow, max-snippet:-1, max-image-preview:large, max-video-preview:-1\" \/>\n<link rel=\"canonical\" href=\"https:\/\/relaisgourmet.com\/de\/Produkt\/foie-gras-utensilien-box-lyre-couteau-ouvre-bocal-pelle-tartineur\/\" \/>\n<meta property=\"og:locale\" content=\"de_DE\" \/>\n<meta property=\"og:type\" content=\"article\" \/>\n<meta property=\"og:title\" content=\"Foie Gras Utensilien Box\" \/>\n<meta property=\"og:description\" content=\"Praktisches Set f\u00fcr Feinschmecker: Schneiden und Servieren von Foie Gras mit Stil und Pr\u00e4zision.\" \/>\n<meta property=\"og:url\" content=\"https:\/\/relaisgourmet.com\/de\/Produkt\/foie-gras-utensilien-box-lyre-couteau-ouvre-bocal-pelle-tartineur\/\" \/>\n<meta property=\"og:site_name\" content=\"Relais Gourmet\" \/>\n<meta property=\"article:publisher\" content=\"https:\/\/facebook.com\/yoast\" \/>\n<meta property=\"article:modified_time\" content=\"2025-12-01T00:17:39+00:00\" \/>\n<meta property=\"og:image\" content=\"https:\/\/relaisgourmet.com\/wp-content\/uploads\/2020\/11\/Capture-decran-2025-03-11-155626.png\" \/>\n\t<meta property=\"og:image:width\" content=\"506\" \/>\n\t<meta property=\"og:image:height\" content=\"406\" \/>\n\t<meta property=\"og:image:type\" content=\"image\/png\" \/>\n<meta name=\"twitter:card\" content=\"summary_large_image\" \/>\n<meta name=\"twitter:label1\" content=\"Gesch\u00e4tzte Lesezeit\" \/>\n\t<meta name=\"twitter:data1\" content=\"1\u00a0Minute\" \/>\n<script type=\"application\/ld+json\" class=\"yoast-schema-graph\">{\"@context\":\"https:\/\/schema.org\",\"@graph\":[{\"@type\":\"WebPage\",\"@id\":\"https:\/\/relaisgourmet.com\/de\/Produkt\/foie-gras-utensilien-box-lyre-couteau-ouvre-bocal-pelle-tartineur\/\",\"url\":\"https:\/\/relaisgourmet.com\/de\/Produkt\/foie-gras-utensilien-box-lyre-couteau-ouvre-bocal-pelle-tartineur\/\",\"name\":\"Foie Gras Utensilien-Set \u2013 F\u00fcr stilvollen Service\",\"isPartOf\":{\"@id\":\"https:\/\/relaisgourmet.com\/de\/#website\"},\"primaryImageOfPage\":{\"@id\":\"https:\/\/relaisgourmet.com\/de\/Produkt\/foie-gras-utensilien-box-lyre-couteau-ouvre-bocal-pelle-tartineur\/#primaryimage\"},\"image\":{\"@id\":\"https:\/\/relaisgourmet.com\/de\/Produkt\/foie-gras-utensilien-box-lyre-couteau-ouvre-bocal-pelle-tartineur\/#primaryimage\"},\"thumbnailUrl\":\"https:\/\/relaisgourmet.com\/wp-content\/uploads\/2020\/11\/Capture-decran-2025-03-11-155626.png\",\"datePublished\":\"2020-11-26T08:24:53+00:00\",\"dateModified\":\"2025-12-01T00:17:39+00:00\",\"description\":\"Praktisches Set f\u00fcr Feinschmecker: Schneiden und Servieren von Foie Gras mit Stil und Pr\u00e4zision.\",\"breadcrumb\":{\"@id\":\"https:\/\/relaisgourmet.com\/de\/Produkt\/foie-gras-utensilien-box-lyre-couteau-ouvre-bocal-pelle-tartineur\/#breadcrumb\"},\"inLanguage\":\"de\",\"potentialAction\":[{\"@type\":\"ReadAction\",\"target\":[\"https:\/\/relaisgourmet.com\/de\/Produkt\/foie-gras-utensilien-box-lyre-couteau-ouvre-bocal-pelle-tartineur\/\"]}]},{\"@type\":\"ImageObject\",\"inLanguage\":\"de\",\"@id\":\"https:\/\/relaisgourmet.com\/de\/Produkt\/foie-gras-utensilien-box-lyre-couteau-ouvre-bocal-pelle-tartineur\/#primaryimage\",\"url\":\"https:\/\/relaisgourmet.com\/wp-content\/uploads\/2020\/11\/Capture-decran-2025-03-11-155626.png\",\"contentUrl\":\"https:\/\/relaisgourmet.com\/wp-content\/uploads\/2020\/11\/Capture-decran-2025-03-11-155626.png\",\"width\":506,\"height\":406},{\"@type\":\"BreadcrumbList\",\"@id\":\"https:\/\/relaisgourmet.com\/de\/Produkt\/foie-gras-utensilien-box-lyre-couteau-ouvre-bocal-pelle-tartineur\/#breadcrumb\",\"itemListElement\":[{\"@type\":\"ListItem\",\"position\":1,\"name\":\"Startseite\",\"item\":\"https:\/\/relaisgourmet.com\/de\/\"},{\"@type\":\"ListItem\",\"position\":2,\"name\":\"Authentische Foie Gras\",\"item\":\"https:\/\/relaisgourmet.com\/de\/authentische-foie-gras\/\"},{\"@type\":\"ListItem\",\"position\":3,\"name\":\"Foie Gras Utensilien Box\"}]},{\"@type\":\"WebSite\",\"@id\":\"https:\/\/relaisgourmet.com\/de\/#website\",\"url\":\"https:\/\/relaisgourmet.com\/de\/\",\"name\":\"Relais Gourmet\",\"description\":\"Maison Gastronomique au Pays-Basque Depuis 2004\",\"publisher\":{\"@id\":\"https:\/\/relaisgourmet.com\/de\/#organization\"},\"potentialAction\":[{\"@type\":\"SearchAction\",\"target\":{\"@type\":\"EntryPoint\",\"urlTemplate\":\"https:\/\/relaisgourmet.com\/de\/?s={search_term_string}\"},\"query-input\":{\"@type\":\"PropertyValueSpecification\",\"valueRequired\":true,\"valueName\":\"search_term_string\"}}],\"inLanguage\":\"de\"},{\"@type\":\"Organization\",\"@id\":\"https:\/\/relaisgourmet.com\/de\/#organization\",\"name\":\"Relais Gourmet\",\"url\":\"https:\/\/relaisgourmet.com\/de\/\",\"logo\":{\"@type\":\"ImageObject\",\"inLanguage\":\"de\",\"@id\":\"https:\/\/relaisgourmet.com\/de\/#\/schema\/logo\/image\/\",\"url\":\"https:\/\/relaisgourmet.com\/wp-content\/uploads\/2024\/11\/Diseno-sin-titulo-8.jpg\",\"contentUrl\":\"https:\/\/relaisgourmet.com\/wp-content\/uploads\/2024\/11\/Diseno-sin-titulo-8.jpg\",\"width\":500,\"height\":500,\"caption\":\"Relais Gourmet\"},\"image\":{\"@id\":\"https:\/\/relaisgourmet.com\/de\/#\/schema\/logo\/image\/\"},\"sameAs\":[\"https:\/\/facebook.com\/yoast\",\"https:\/\/instagram.com\/yoast\"]}]}<\/script>\n<!-- \/ Yoast SEO Premium plugin. -->","yoast_head_json":{"title":"Foie Gras Utensilien-Set \u2013 F\u00fcr stilvollen Service","description":"Praktisches Set f\u00fcr Feinschmecker: Schneiden und Servieren von Foie Gras mit Stil und Pr\u00e4zision.","robots":{"index":"index","follow":"follow","max-snippet":"max-snippet:-1","max-image-preview":"max-image-preview:large","max-video-preview":"max-video-preview:-1"},"canonical":"https:\/\/relaisgourmet.com\/de\/Produkt\/foie-gras-utensilien-box-lyre-couteau-ouvre-bocal-pelle-tartineur\/","og_locale":"de_DE","og_type":"article","og_title":"Foie Gras Utensilien Box","og_description":"Praktisches Set f\u00fcr Feinschmecker: Schneiden und Servieren von Foie Gras mit Stil und Pr\u00e4zision.","og_url":"https:\/\/relaisgourmet.com\/de\/Produkt\/foie-gras-utensilien-box-lyre-couteau-ouvre-bocal-pelle-tartineur\/","og_site_name":"Relais Gourmet","article_publisher":"https:\/\/facebook.com\/yoast","article_modified_time":"2025-12-01T00:17:39+00:00","og_image":[{"width":506,"height":406,"url":"https:\/\/relaisgourmet.com\/wp-content\/uploads\/2020\/11\/Capture-decran-2025-03-11-155626.png","type":"image\/png"}],"twitter_card":"summary_large_image","twitter_misc":{"Gesch\u00e4tzte Lesezeit":"1\u00a0Minute"},"schema":{"@context":"https:\/\/schema.org","@graph":[{"@type":"WebPage","@id":"https:\/\/relaisgourmet.com\/de\/Produkt\/foie-gras-utensilien-box-lyre-couteau-ouvre-bocal-pelle-tartineur\/","url":"https:\/\/relaisgourmet.com\/de\/Produkt\/foie-gras-utensilien-box-lyre-couteau-ouvre-bocal-pelle-tartineur\/","name":"Foie Gras Utensilien-Set \u2013 F\u00fcr stilvollen Service","isPartOf":{"@id":"https:\/\/relaisgourmet.com\/de\/#website"},"primaryImageOfPage":{"@id":"https:\/\/relaisgourmet.com\/de\/Produkt\/foie-gras-utensilien-box-lyre-couteau-ouvre-bocal-pelle-tartineur\/#primaryimage"},"image":{"@id":"https:\/\/relaisgourmet.com\/de\/Produkt\/foie-gras-utensilien-box-lyre-couteau-ouvre-bocal-pelle-tartineur\/#primaryimage"},"thumbnailUrl":"https:\/\/relaisgourmet.com\/wp-content\/uploads\/2020\/11\/Capture-decran-2025-03-11-155626.png","datePublished":"2020-11-26T08:24:53+00:00","dateModified":"2025-12-01T00:17:39+00:00","description":"Praktisches Set f\u00fcr Feinschmecker: Schneiden und Servieren von Foie Gras mit Stil und Pr\u00e4zision.","breadcrumb":{"@id":"https:\/\/relaisgourmet.com\/de\/Produkt\/foie-gras-utensilien-box-lyre-couteau-ouvre-bocal-pelle-tartineur\/#breadcrumb"},"inLanguage":"de","potentialAction":[{"@type":"ReadAction","target":["https:\/\/relaisgourmet.com\/de\/Produkt\/foie-gras-utensilien-box-lyre-couteau-ouvre-bocal-pelle-tartineur\/"]}]},{"@type":"ImageObject","inLanguage":"de","@id":"https:\/\/relaisgourmet.com\/de\/Produkt\/foie-gras-utensilien-box-lyre-couteau-ouvre-bocal-pelle-tartineur\/#primaryimage","url":"https:\/\/relaisgourmet.com\/wp-content\/uploads\/2020\/11\/Capture-decran-2025-03-11-155626.png","contentUrl":"https:\/\/relaisgourmet.com\/wp-content\/uploads\/2020\/11\/Capture-decran-2025-03-11-155626.png","width":506,"height":406},{"@type":"BreadcrumbList","@id":"https:\/\/relaisgourmet.com\/de\/Produkt\/foie-gras-utensilien-box-lyre-couteau-ouvre-bocal-pelle-tartineur\/#breadcrumb","itemListElement":[{"@type":"ListItem","position":1,"name":"Startseite","item":"https:\/\/relaisgourmet.com\/de\/"},{"@type":"ListItem","position":2,"name":"Authentische Foie Gras","item":"https:\/\/relaisgourmet.com\/de\/authentische-foie-gras\/"},{"@type":"ListItem","position":3,"name":"Foie Gras Utensilien Box"}]},{"@type":"WebSite","@id":"https:\/\/relaisgourmet.com\/de\/#website","url":"https:\/\/relaisgourmet.com\/de\/","name":"Relais Gourmet","description":"Maison Gastronomique au Pays-Basque Depuis 2004","publisher":{"@id":"https:\/\/relaisgourmet.com\/de\/#organization"},"potentialAction":[{"@type":"SearchAction","target":{"@type":"EntryPoint","urlTemplate":"https:\/\/relaisgourmet.com\/de\/?s={search_term_string}"},"query-input":{"@type":"PropertyValueSpecification","valueRequired":true,"valueName":"search_term_string"}}],"inLanguage":"de"},{"@type":"Organization","@id":"https:\/\/relaisgourmet.com\/de\/#organization","name":"Relais Gourmet","url":"https:\/\/relaisgourmet.com\/de\/","logo":{"@type":"ImageObject","inLanguage":"de","@id":"https:\/\/relaisgourmet.com\/de\/#\/schema\/logo\/image\/","url":"https:\/\/relaisgourmet.com\/wp-content\/uploads\/2024\/11\/Diseno-sin-titulo-8.jpg","contentUrl":"https:\/\/relaisgourmet.com\/wp-content\/uploads\/2024\/11\/Diseno-sin-titulo-8.jpg","width":500,"height":500,"caption":"Relais Gourmet"},"image":{"@id":"https:\/\/relaisgourmet.com\/de\/#\/schema\/logo\/image\/"},"sameAs":["https:\/\/facebook.com\/yoast","https:\/\/instagram.com\/yoast"]}]}},"_links":{"self":[{"href":"https:\/\/relaisgourmet.com\/de\/wp-json\/wp\/v2\/product\/42137","targetHints":{"allow":["GET"]}}],"collection":[{"href":"https:\/\/relaisgourmet.com\/de\/wp-json\/wp\/v2\/product"}],"about":[{"href":"https:\/\/relaisgourmet.com\/de\/wp-json\/wp\/v2\/types\/product"}],"replies":[{"embeddable":true,"href":"https:\/\/relaisgourmet.com\/de\/wp-json\/wp\/v2\/comments?post=42137"}],"version-history":[{"count":0,"href":"https:\/\/relaisgourmet.com\/de\/wp-json\/wp\/v2\/product\/42137\/revisions"}],"wp:featuredmedia":[{"embeddable":true,"href":"https:\/\/relaisgourmet.com\/de\/wp-json\/wp\/v2\/media\/55135"}],"wp:attachment":[{"href":"https:\/\/relaisgourmet.com\/de\/wp-json\/wp\/v2\/media?parent=42137"}],"wp:term":[{"taxonomy":"product_brand","embeddable":true,"href":"https:\/\/relaisgourmet.com\/de\/wp-json\/wp\/v2\/product_brand?post=42137"},{"taxonomy":"product_cat","embeddable":true,"href":"https:\/\/relaisgourmet.com\/de\/wp-json\/wp\/v2\/product_cat?post=42137"},{"taxonomy":"product_tag","embeddable":true,"href":"https:\/\/relaisgourmet.com\/de\/wp-json\/wp\/v2\/product_tag?post=42137"},{"taxonomy":"giftcard-category","embeddable":true,"href":"https:\/\/relaisgourmet.com\/de\/wp-json\/wp\/v2\/giftcard-category?post=42137"}],"curies":[{"name":"wp","href":"https:\/\/api.w.org\/{rel}","templated":true}]}}