{"id":42135,"date":"2014-10-19T14:35:03","date_gmt":"2014-10-19T12:35:03","guid":{"rendered":"https:\/\/relaisgourmet.com\/produit\/aperitif-gourmet-mit-kandierten-schalotten\/"},"modified":"2025-12-16T11:40:16","modified_gmt":"2025-12-16T10:40:16","slug":"aperitif-gourmet-mit-kandierten-schalotten","status":"publish","type":"product","link":"https:\/\/relaisgourmet.com\/de\/Produkt\/aperitif-gourmet-mit-kandierten-schalotten\/","title":{"rendered":"Gourmet-Aperitif mit kandierten Schalotten"},"content":{"rendered":"<p>Jeder Bissen dieses Gourmet-Aperitifs mit kandierten Schalotten ist so konzipiert, dass er die Sinne anregt. Sein raffinierter Geschmack bietet ein elegantes und anspruchsvolles Geschmackserlebnis. Inspiriert von den besten kulinarischen Traditionen, verbindet dieser Gourmet-Aperitif mit kandierten Schalotten Know-how und Authentizit\u00e4t. Es kombiniert sorgf\u00e4ltig ausgew\u00e4hlte Zutaten f\u00fcr ein unvergessliches kulinarisches Erlebnis. Es ist eine Feier der Einfachheit und Qualit\u00e4t, f\u00fcr diejenigen, die die Authentizit\u00e4t und den wahren Geschmack sorgf\u00e4ltig ausgew\u00e4hlter Zutaten sch\u00e4tzen.<\/p>\n<p><b>Garantiert frei von Konservierungsmitteln, Zusatzstoffen und Farbstoffen.<\/b><\/p>\n<p><b>Zutaten:<\/b><span style=\"font-weight: 400;\"> Schweiner\u00fccken und -hals, Gefl\u00fcgelleber, Ei, kandierte Schalotten (4,9%), Salz, Pfeffer und Knoblauch.<\/span><\/p>\n<p><b>Haltbarkeit:<\/b><span style=\"font-weight: 400;\"> 3 Jahre bei Raumtemperatur. <\/span><span style=\"font-weight: 400;\">Nach dem \u00d6ffnen innerhalb von 15 Tagen verbrauchen und im K\u00fchlschrank aufbewahren.<\/span><\/p>\n<p>Alle unsere Tipps und Tricks finden Sie in der Rubrik <a href=\"\/?page_id=33969\">Blog<\/a> und auf unserer <a href=\"https:\/\/www.instagram.com\/relaisgourmetofficiel\/\">Instagram-Seite<\/a>.<\/p>\n","protected":false},"excerpt":{"rendered":"<p>Eine Kreation, die Raffinesse und Geschmacksvielfalt in einem einzigen Bissen vereint.<\/p>\n<p><img decoding=\"async\" class=\"emoji\" role=\"img\" src=\"https:\/\/s.w.org\/images\/core\/emoji\/15.0.3\/svg\/1f1eb-1f1f7.svg\" alt=\"\ud83c\uddeb\ud83c\uddf7\">  Garantierte 100%ige franz\u00f6sische Produktion<br \/>\n\u2714 Garantiert frei von Konservierungsmitteln, Zusatzstoffen und Farbstoffen.<br \/>\n\ud83c\udf43 Mit gelbem Mais gef\u00fctterte Enten<br \/>\n\ud83d\ude9aSchnelle Lieferung in die ganze Welt<br \/>\n\ud83d\udd53 3 Jahre haltbar<br \/>\n\ud83d\udd10 Sichere Zahlung<\/p>\n<p>Gewicht: 180g<\/p>\n","protected":false},"featured_media":57762,"comment_status":"closed","ping_status":"closed","template":"","meta":[],"product_brand":[],"product_cat":[1270],"product_tag":[1254,1238,2117,2118,1858,2119,2122,2121,2120,2123],"giftcard-category":[],"class_list":{"0":"post-42135","1":"product","2":"type-product","3":"status-publish","4":"has-post-thumbnail","6":"product_cat-streichfahige-vorspeisen","7":"product_tag-180g-de","8":"product_tag-4-5-personen","9":"product_tag-aperitif-de","10":"product_tag-aperitif-de-2","11":"product_tag-foie-gras-de","12":"product_tag-kandierte-schalotten","13":"product_tag-schalotten-terrine","14":"product_tag-schalottenpastete","15":"product_tag-sommer","16":"product_tag-verrine-mit-schalotten-de","17":"product_shipping_class-tva-5-5-de","19":"first","20":"instock","21":"sale","22":"taxable","23":"shipping-taxable","24":"purchasable","25":"product-type-simple"},"yoast_head":"<!-- This site is optimized with the Yoast SEO Premium plugin v27.0 (Yoast SEO v27.0) - https:\/\/yoast.com\/product\/yoast-seo-premium-wordpress\/ -->\n<title>Gourmet-Aperitif mit Schalotten \u2013 S\u00fc\u00df &amp; w\u00fcrzig<\/title>\n<meta name=\"description\" content=\"S\u00fc\u00df und w\u00fcrzig: Aperitif mit zart kandierten Schalotten f\u00fcr au\u00dfergew\u00f6hnliche Geschmackserlebnisse.\" \/>\n<meta name=\"robots\" content=\"index, follow, max-snippet:-1, max-image-preview:large, max-video-preview:-1\" \/>\n<link rel=\"canonical\" href=\"https:\/\/relaisgourmet.com\/de\/Produkt\/aperitif-gourmet-mit-kandierten-schalotten\/\" \/>\n<meta property=\"og:locale\" content=\"de_DE\" \/>\n<meta property=\"og:type\" content=\"article\" \/>\n<meta property=\"og:title\" content=\"Gourmet-Aperitif mit kandierten Schalotten\" \/>\n<meta property=\"og:description\" content=\"S\u00fc\u00df und w\u00fcrzig: Aperitif mit zart kandierten Schalotten f\u00fcr au\u00dfergew\u00f6hnliche Geschmackserlebnisse.\" \/>\n<meta property=\"og:url\" content=\"https:\/\/relaisgourmet.com\/de\/Produkt\/aperitif-gourmet-mit-kandierten-schalotten\/\" \/>\n<meta property=\"og:site_name\" content=\"Relais Gourmet\" \/>\n<meta property=\"article:publisher\" content=\"https:\/\/facebook.com\/yoast\" \/>\n<meta property=\"article:modified_time\" content=\"2025-12-16T10:40:16+00:00\" \/>\n<meta property=\"og:image\" content=\"https:\/\/relaisgourmet.com\/wp-content\/uploads\/2024\/09\/apero-echalotes-1.jpg\" \/>\n\t<meta property=\"og:image:width\" content=\"1000\" \/>\n\t<meta property=\"og:image:height\" content=\"1000\" \/>\n\t<meta property=\"og:image:type\" content=\"image\/jpeg\" \/>\n<meta name=\"twitter:card\" content=\"summary_large_image\" \/>\n<meta name=\"twitter:label1\" content=\"Gesch\u00e4tzte Lesezeit\" \/>\n\t<meta name=\"twitter:data1\" content=\"1\u00a0Minute\" \/>\n<script type=\"application\/ld+json\" class=\"yoast-schema-graph\">{\"@context\":\"https:\/\/schema.org\",\"@graph\":[{\"@type\":\"WebPage\",\"@id\":\"https:\/\/relaisgourmet.com\/de\/Produkt\/aperitif-gourmet-mit-kandierten-schalotten\/\",\"url\":\"https:\/\/relaisgourmet.com\/de\/Produkt\/aperitif-gourmet-mit-kandierten-schalotten\/\",\"name\":\"Gourmet-Aperitif mit Schalotten \u2013 S\u00fc\u00df & w\u00fcrzig\",\"isPartOf\":{\"@id\":\"https:\/\/relaisgourmet.com\/de\/#website\"},\"primaryImageOfPage\":{\"@id\":\"https:\/\/relaisgourmet.com\/de\/Produkt\/aperitif-gourmet-mit-kandierten-schalotten\/#primaryimage\"},\"image\":{\"@id\":\"https:\/\/relaisgourmet.com\/de\/Produkt\/aperitif-gourmet-mit-kandierten-schalotten\/#primaryimage\"},\"thumbnailUrl\":\"https:\/\/relaisgourmet.com\/wp-content\/uploads\/2014\/10\/Apero-Echalottes-min.png\",\"datePublished\":\"2014-10-19T12:35:03+00:00\",\"dateModified\":\"2025-12-16T10:40:16+00:00\",\"description\":\"S\u00fc\u00df und w\u00fcrzig: Aperitif mit zart kandierten Schalotten f\u00fcr au\u00dfergew\u00f6hnliche Geschmackserlebnisse.\",\"breadcrumb\":{\"@id\":\"https:\/\/relaisgourmet.com\/de\/Produkt\/aperitif-gourmet-mit-kandierten-schalotten\/#breadcrumb\"},\"inLanguage\":\"de\",\"potentialAction\":[{\"@type\":\"ReadAction\",\"target\":[\"https:\/\/relaisgourmet.com\/de\/Produkt\/aperitif-gourmet-mit-kandierten-schalotten\/\"]}]},{\"@type\":\"ImageObject\",\"inLanguage\":\"de\",\"@id\":\"https:\/\/relaisgourmet.com\/de\/Produkt\/aperitif-gourmet-mit-kandierten-schalotten\/#primaryimage\",\"url\":\"https:\/\/relaisgourmet.com\/wp-content\/uploads\/2014\/10\/Apero-Echalottes-min.png\",\"contentUrl\":\"https:\/\/relaisgourmet.com\/wp-content\/uploads\/2014\/10\/Apero-Echalottes-min.png\",\"width\":1000,\"height\":1000},{\"@type\":\"BreadcrumbList\",\"@id\":\"https:\/\/relaisgourmet.com\/de\/Produkt\/aperitif-gourmet-mit-kandierten-schalotten\/#breadcrumb\",\"itemListElement\":[{\"@type\":\"ListItem\",\"position\":1,\"name\":\"Startseite\",\"item\":\"https:\/\/relaisgourmet.com\/de\/\"},{\"@type\":\"ListItem\",\"position\":2,\"name\":\"Authentische Foie Gras\",\"item\":\"https:\/\/relaisgourmet.com\/de\/authentische-foie-gras\/\"},{\"@type\":\"ListItem\",\"position\":3,\"name\":\"Gourmet-Aperitif mit kandierten Schalotten\"}]},{\"@type\":\"WebSite\",\"@id\":\"https:\/\/relaisgourmet.com\/de\/#website\",\"url\":\"https:\/\/relaisgourmet.com\/de\/\",\"name\":\"Relais Gourmet\",\"description\":\"Maison Gastronomique au Pays-Basque Depuis 2004\",\"publisher\":{\"@id\":\"https:\/\/relaisgourmet.com\/de\/#organization\"},\"potentialAction\":[{\"@type\":\"SearchAction\",\"target\":{\"@type\":\"EntryPoint\",\"urlTemplate\":\"https:\/\/relaisgourmet.com\/de\/?s={search_term_string}\"},\"query-input\":{\"@type\":\"PropertyValueSpecification\",\"valueRequired\":true,\"valueName\":\"search_term_string\"}}],\"inLanguage\":\"de\"},{\"@type\":\"Organization\",\"@id\":\"https:\/\/relaisgourmet.com\/de\/#organization\",\"name\":\"Relais Gourmet\",\"url\":\"https:\/\/relaisgourmet.com\/de\/\",\"logo\":{\"@type\":\"ImageObject\",\"inLanguage\":\"de\",\"@id\":\"https:\/\/relaisgourmet.com\/de\/#\/schema\/logo\/image\/\",\"url\":\"https:\/\/relaisgourmet.com\/wp-content\/uploads\/2024\/11\/Diseno-sin-titulo-8.jpg\",\"contentUrl\":\"https:\/\/relaisgourmet.com\/wp-content\/uploads\/2024\/11\/Diseno-sin-titulo-8.jpg\",\"width\":500,\"height\":500,\"caption\":\"Relais Gourmet\"},\"image\":{\"@id\":\"https:\/\/relaisgourmet.com\/de\/#\/schema\/logo\/image\/\"},\"sameAs\":[\"https:\/\/facebook.com\/yoast\",\"https:\/\/instagram.com\/yoast\"]}]}<\/script>\n<!-- \/ Yoast SEO Premium plugin. -->","yoast_head_json":{"title":"Gourmet-Aperitif mit Schalotten \u2013 S\u00fc\u00df & w\u00fcrzig","description":"S\u00fc\u00df und w\u00fcrzig: Aperitif mit zart kandierten Schalotten f\u00fcr au\u00dfergew\u00f6hnliche Geschmackserlebnisse.","robots":{"index":"index","follow":"follow","max-snippet":"max-snippet:-1","max-image-preview":"max-image-preview:large","max-video-preview":"max-video-preview:-1"},"canonical":"https:\/\/relaisgourmet.com\/de\/Produkt\/aperitif-gourmet-mit-kandierten-schalotten\/","og_locale":"de_DE","og_type":"article","og_title":"Gourmet-Aperitif mit kandierten Schalotten","og_description":"S\u00fc\u00df und w\u00fcrzig: Aperitif mit zart kandierten Schalotten f\u00fcr au\u00dfergew\u00f6hnliche Geschmackserlebnisse.","og_url":"https:\/\/relaisgourmet.com\/de\/Produkt\/aperitif-gourmet-mit-kandierten-schalotten\/","og_site_name":"Relais Gourmet","article_publisher":"https:\/\/facebook.com\/yoast","article_modified_time":"2025-12-16T10:40:16+00:00","og_image":[{"width":1000,"height":1000,"url":"https:\/\/relaisgourmet.com\/wp-content\/uploads\/2024\/09\/apero-echalotes-1.jpg","type":"image\/jpeg"}],"twitter_card":"summary_large_image","twitter_misc":{"Gesch\u00e4tzte Lesezeit":"1\u00a0Minute"},"schema":{"@context":"https:\/\/schema.org","@graph":[{"@type":"WebPage","@id":"https:\/\/relaisgourmet.com\/de\/Produkt\/aperitif-gourmet-mit-kandierten-schalotten\/","url":"https:\/\/relaisgourmet.com\/de\/Produkt\/aperitif-gourmet-mit-kandierten-schalotten\/","name":"Gourmet-Aperitif mit Schalotten \u2013 S\u00fc\u00df & w\u00fcrzig","isPartOf":{"@id":"https:\/\/relaisgourmet.com\/de\/#website"},"primaryImageOfPage":{"@id":"https:\/\/relaisgourmet.com\/de\/Produkt\/aperitif-gourmet-mit-kandierten-schalotten\/#primaryimage"},"image":{"@id":"https:\/\/relaisgourmet.com\/de\/Produkt\/aperitif-gourmet-mit-kandierten-schalotten\/#primaryimage"},"thumbnailUrl":"https:\/\/relaisgourmet.com\/wp-content\/uploads\/2014\/10\/Apero-Echalottes-min.png","datePublished":"2014-10-19T12:35:03+00:00","dateModified":"2025-12-16T10:40:16+00:00","description":"S\u00fc\u00df und w\u00fcrzig: Aperitif mit zart kandierten Schalotten f\u00fcr au\u00dfergew\u00f6hnliche Geschmackserlebnisse.","breadcrumb":{"@id":"https:\/\/relaisgourmet.com\/de\/Produkt\/aperitif-gourmet-mit-kandierten-schalotten\/#breadcrumb"},"inLanguage":"de","potentialAction":[{"@type":"ReadAction","target":["https:\/\/relaisgourmet.com\/de\/Produkt\/aperitif-gourmet-mit-kandierten-schalotten\/"]}]},{"@type":"ImageObject","inLanguage":"de","@id":"https:\/\/relaisgourmet.com\/de\/Produkt\/aperitif-gourmet-mit-kandierten-schalotten\/#primaryimage","url":"https:\/\/relaisgourmet.com\/wp-content\/uploads\/2014\/10\/Apero-Echalottes-min.png","contentUrl":"https:\/\/relaisgourmet.com\/wp-content\/uploads\/2014\/10\/Apero-Echalottes-min.png","width":1000,"height":1000},{"@type":"BreadcrumbList","@id":"https:\/\/relaisgourmet.com\/de\/Produkt\/aperitif-gourmet-mit-kandierten-schalotten\/#breadcrumb","itemListElement":[{"@type":"ListItem","position":1,"name":"Startseite","item":"https:\/\/relaisgourmet.com\/de\/"},{"@type":"ListItem","position":2,"name":"Authentische Foie Gras","item":"https:\/\/relaisgourmet.com\/de\/authentische-foie-gras\/"},{"@type":"ListItem","position":3,"name":"Gourmet-Aperitif mit kandierten Schalotten"}]},{"@type":"WebSite","@id":"https:\/\/relaisgourmet.com\/de\/#website","url":"https:\/\/relaisgourmet.com\/de\/","name":"Relais Gourmet","description":"Maison Gastronomique au Pays-Basque Depuis 2004","publisher":{"@id":"https:\/\/relaisgourmet.com\/de\/#organization"},"potentialAction":[{"@type":"SearchAction","target":{"@type":"EntryPoint","urlTemplate":"https:\/\/relaisgourmet.com\/de\/?s={search_term_string}"},"query-input":{"@type":"PropertyValueSpecification","valueRequired":true,"valueName":"search_term_string"}}],"inLanguage":"de"},{"@type":"Organization","@id":"https:\/\/relaisgourmet.com\/de\/#organization","name":"Relais Gourmet","url":"https:\/\/relaisgourmet.com\/de\/","logo":{"@type":"ImageObject","inLanguage":"de","@id":"https:\/\/relaisgourmet.com\/de\/#\/schema\/logo\/image\/","url":"https:\/\/relaisgourmet.com\/wp-content\/uploads\/2024\/11\/Diseno-sin-titulo-8.jpg","contentUrl":"https:\/\/relaisgourmet.com\/wp-content\/uploads\/2024\/11\/Diseno-sin-titulo-8.jpg","width":500,"height":500,"caption":"Relais Gourmet"},"image":{"@id":"https:\/\/relaisgourmet.com\/de\/#\/schema\/logo\/image\/"},"sameAs":["https:\/\/facebook.com\/yoast","https:\/\/instagram.com\/yoast"]}]}},"_links":{"self":[{"href":"https:\/\/relaisgourmet.com\/de\/wp-json\/wp\/v2\/product\/42135","targetHints":{"allow":["GET"]}}],"collection":[{"href":"https:\/\/relaisgourmet.com\/de\/wp-json\/wp\/v2\/product"}],"about":[{"href":"https:\/\/relaisgourmet.com\/de\/wp-json\/wp\/v2\/types\/product"}],"replies":[{"embeddable":true,"href":"https:\/\/relaisgourmet.com\/de\/wp-json\/wp\/v2\/comments?post=42135"}],"version-history":[{"count":1,"href":"https:\/\/relaisgourmet.com\/de\/wp-json\/wp\/v2\/product\/42135\/revisions"}],"predecessor-version":[{"id":54758,"href":"https:\/\/relaisgourmet.com\/de\/wp-json\/wp\/v2\/product\/42135\/revisions\/54758"}],"wp:featuredmedia":[{"embeddable":true,"href":"https:\/\/relaisgourmet.com\/de\/wp-json\/wp\/v2\/media\/57762"}],"wp:attachment":[{"href":"https:\/\/relaisgourmet.com\/de\/wp-json\/wp\/v2\/media?parent=42135"}],"wp:term":[{"taxonomy":"product_brand","embeddable":true,"href":"https:\/\/relaisgourmet.com\/de\/wp-json\/wp\/v2\/product_brand?post=42135"},{"taxonomy":"product_cat","embeddable":true,"href":"https:\/\/relaisgourmet.com\/de\/wp-json\/wp\/v2\/product_cat?post=42135"},{"taxonomy":"product_tag","embeddable":true,"href":"https:\/\/relaisgourmet.com\/de\/wp-json\/wp\/v2\/product_tag?post=42135"},{"taxonomy":"giftcard-category","embeddable":true,"href":"https:\/\/relaisgourmet.com\/de\/wp-json\/wp\/v2\/giftcard-category?post=42135"}],"curies":[{"name":"wp","href":"https:\/\/api.w.org\/{rel}","templated":true}]}}