{"id":42133,"date":"2016-12-13T20:24:44","date_gmt":"2016-12-13T19:24:44","guid":{"rendered":"https:\/\/relaisgourmet.com\/produit\/ganseleberspreizer\/"},"modified":"2025-12-01T01:17:56","modified_gmt":"2025-12-01T00:17:56","slug":"ganseleberspreizer","status":"publish","type":"product","link":"https:\/\/relaisgourmet.com\/de\/Produkt\/ganseleberspreizer\/","title":{"rendered":"G\u00e4nseleberspreizer"},"content":{"rendered":"<div class=\"page\" title=\"Page 17\">\n<div class=\"section\">\n<div class=\"layoutArea\">\n<div class=\"column\">\n<h3>Machen Sie sich das Leben leichter mit unserem Foie Gras Streicher!<\/h3>\n<p>Dieser Foie Gras Streicher ist zum Streichen und Servieren von Foie Gras konzipiert. Er ist aus rostfreiem Stahl gefertigt und hat eine gebogene Klinge und einen Griff f\u00fcr eine einfache Handhabung.<\/p>\n<p>Mit diesem Werkzeug sind Foie Gras Brote schnell und einfach zuzubereiten.<\/p>\n<p>Mit diesem Utensil sind Sie f\u00fcr jede Gelegenheit ger\u00fcstet und k\u00f6nnen unser verschiedenes Foie Gras problemlos genie\u00dfen!<\/p>\n<p>Finden Sie alle unsere Produkte im Relais Gourmet Shop.<\/p>\n<p>Besuchen Sie gerne unseren Blog, um unsere Rezepte und weitere Neuheiten zu entdecken.<\/p>\n<\/div>\n<\/div>\n<\/div>\n<\/div>\n","protected":false},"excerpt":{"rendered":"<div class=\"page\" title=\"Page 16\">\n<div class=\"section\">\n<div class=\"layoutArea\">\n<div class=\"column\">\n<p><strong>Unser Foie Gras Spreader<\/strong>: Das ideale Utensil fu\u0308r Foie Gras.<\/p>\n<\/div>\n<\/div>\n<\/div>\n<\/div>\n","protected":false},"featured_media":57545,"comment_status":"closed","ping_status":"closed","template":"","meta":[],"product_brand":[],"product_cat":[1331],"product_tag":[2008],"giftcard-category":[],"class_list":{"0":"post-42133","1":"product","2":"type-product","3":"status-publish","4":"has-post-thumbnail","6":"product_cat-utensilien-fur-foie-gras","7":"product_tag-tipoclasico-de","8":"product_shipping_class-tva-20-de","10":"first","11":"instock","12":"taxable","13":"shipping-taxable","14":"purchasable","15":"product-type-simple"},"yoast_head":"<!-- This site is optimized with the Yoast SEO Premium plugin v27.0 (Yoast SEO v27.0) - https:\/\/yoast.com\/product\/yoast-seo-premium-wordpress\/ -->\n<title>G\u00e4nseleber-Streichmesser \u2013 F\u00fcr perfekten Genuss<\/title>\n<meta name=\"description\" content=\"Perfektes Servierbesteck f\u00fcr Foie Gras \u2013 streicht sanft und gleichm\u00e4\u00dfig auf Brot oder Toast.\" \/>\n<meta name=\"robots\" content=\"index, follow, max-snippet:-1, max-image-preview:large, max-video-preview:-1\" \/>\n<link rel=\"canonical\" href=\"https:\/\/relaisgourmet.com\/de\/Produkt\/ganseleberspreizer\/\" \/>\n<meta property=\"og:locale\" content=\"de_DE\" \/>\n<meta property=\"og:type\" content=\"article\" \/>\n<meta property=\"og:title\" content=\"G\u00e4nseleberspreizer\" \/>\n<meta property=\"og:description\" content=\"Perfektes Servierbesteck f\u00fcr Foie Gras \u2013 streicht sanft und gleichm\u00e4\u00dfig auf Brot oder Toast.\" \/>\n<meta property=\"og:url\" content=\"https:\/\/relaisgourmet.com\/de\/Produkt\/ganseleberspreizer\/\" \/>\n<meta property=\"og:site_name\" content=\"Relais Gourmet\" \/>\n<meta property=\"article:publisher\" content=\"https:\/\/facebook.com\/yoast\" \/>\n<meta property=\"article:modified_time\" content=\"2025-12-01T00:17:56+00:00\" \/>\n<meta property=\"og:image\" content=\"https:\/\/relaisgourmet.com\/wp-content\/uploads\/2024\/09\/tartineur-inox-manche-en-plastique-coloris-marron-2-e1695811054621-1.jpg\" \/>\n\t<meta property=\"og:image:width\" content=\"800\" \/>\n\t<meta property=\"og:image:height\" content=\"800\" \/>\n\t<meta property=\"og:image:type\" content=\"image\/jpeg\" \/>\n<meta name=\"twitter:card\" content=\"summary_large_image\" \/>\n<script type=\"application\/ld+json\" class=\"yoast-schema-graph\">{\"@context\":\"https:\/\/schema.org\",\"@graph\":[{\"@type\":\"WebPage\",\"@id\":\"https:\/\/relaisgourmet.com\/de\/Produkt\/ganseleberspreizer\/\",\"url\":\"https:\/\/relaisgourmet.com\/de\/Produkt\/ganseleberspreizer\/\",\"name\":\"G\u00e4nseleber-Streichmesser \u2013 F\u00fcr perfekten Genuss\",\"isPartOf\":{\"@id\":\"https:\/\/relaisgourmet.com\/de\/#website\"},\"primaryImageOfPage\":{\"@id\":\"https:\/\/relaisgourmet.com\/de\/Produkt\/ganseleberspreizer\/#primaryimage\"},\"image\":{\"@id\":\"https:\/\/relaisgourmet.com\/de\/Produkt\/ganseleberspreizer\/#primaryimage\"},\"thumbnailUrl\":\"https:\/\/relaisgourmet.com\/wp-content\/uploads\/2016\/12\/Tartineur.png\",\"datePublished\":\"2016-12-13T19:24:44+00:00\",\"dateModified\":\"2025-12-01T00:17:56+00:00\",\"description\":\"Perfektes Servierbesteck f\u00fcr Foie Gras \u2013 streicht sanft und gleichm\u00e4\u00dfig auf Brot oder Toast.\",\"breadcrumb\":{\"@id\":\"https:\/\/relaisgourmet.com\/de\/Produkt\/ganseleberspreizer\/#breadcrumb\"},\"inLanguage\":\"de\",\"potentialAction\":[{\"@type\":\"ReadAction\",\"target\":[\"https:\/\/relaisgourmet.com\/de\/Produkt\/ganseleberspreizer\/\"]}]},{\"@type\":\"ImageObject\",\"inLanguage\":\"de\",\"@id\":\"https:\/\/relaisgourmet.com\/de\/Produkt\/ganseleberspreizer\/#primaryimage\",\"url\":\"https:\/\/relaisgourmet.com\/wp-content\/uploads\/2016\/12\/Tartineur.png\",\"contentUrl\":\"https:\/\/relaisgourmet.com\/wp-content\/uploads\/2016\/12\/Tartineur.png\",\"width\":1000,\"height\":1000},{\"@type\":\"BreadcrumbList\",\"@id\":\"https:\/\/relaisgourmet.com\/de\/Produkt\/ganseleberspreizer\/#breadcrumb\",\"itemListElement\":[{\"@type\":\"ListItem\",\"position\":1,\"name\":\"Startseite\",\"item\":\"https:\/\/relaisgourmet.com\/de\/\"},{\"@type\":\"ListItem\",\"position\":2,\"name\":\"Authentische Foie Gras\",\"item\":\"https:\/\/relaisgourmet.com\/de\/authentische-foie-gras\/\"},{\"@type\":\"ListItem\",\"position\":3,\"name\":\"G\u00e4nseleberspreizer\"}]},{\"@type\":\"WebSite\",\"@id\":\"https:\/\/relaisgourmet.com\/de\/#website\",\"url\":\"https:\/\/relaisgourmet.com\/de\/\",\"name\":\"Relais Gourmet\",\"description\":\"Maison Gastronomique au Pays-Basque Depuis 2004\",\"publisher\":{\"@id\":\"https:\/\/relaisgourmet.com\/de\/#organization\"},\"potentialAction\":[{\"@type\":\"SearchAction\",\"target\":{\"@type\":\"EntryPoint\",\"urlTemplate\":\"https:\/\/relaisgourmet.com\/de\/?s={search_term_string}\"},\"query-input\":{\"@type\":\"PropertyValueSpecification\",\"valueRequired\":true,\"valueName\":\"search_term_string\"}}],\"inLanguage\":\"de\"},{\"@type\":\"Organization\",\"@id\":\"https:\/\/relaisgourmet.com\/de\/#organization\",\"name\":\"Relais Gourmet\",\"url\":\"https:\/\/relaisgourmet.com\/de\/\",\"logo\":{\"@type\":\"ImageObject\",\"inLanguage\":\"de\",\"@id\":\"https:\/\/relaisgourmet.com\/de\/#\/schema\/logo\/image\/\",\"url\":\"https:\/\/relaisgourmet.com\/wp-content\/uploads\/2024\/11\/Diseno-sin-titulo-8.jpg\",\"contentUrl\":\"https:\/\/relaisgourmet.com\/wp-content\/uploads\/2024\/11\/Diseno-sin-titulo-8.jpg\",\"width\":500,\"height\":500,\"caption\":\"Relais Gourmet\"},\"image\":{\"@id\":\"https:\/\/relaisgourmet.com\/de\/#\/schema\/logo\/image\/\"},\"sameAs\":[\"https:\/\/facebook.com\/yoast\",\"https:\/\/instagram.com\/yoast\"]}]}<\/script>\n<!-- \/ Yoast SEO Premium plugin. -->","yoast_head_json":{"title":"G\u00e4nseleber-Streichmesser \u2013 F\u00fcr perfekten Genuss","description":"Perfektes Servierbesteck f\u00fcr Foie Gras \u2013 streicht sanft und gleichm\u00e4\u00dfig auf Brot oder Toast.","robots":{"index":"index","follow":"follow","max-snippet":"max-snippet:-1","max-image-preview":"max-image-preview:large","max-video-preview":"max-video-preview:-1"},"canonical":"https:\/\/relaisgourmet.com\/de\/Produkt\/ganseleberspreizer\/","og_locale":"de_DE","og_type":"article","og_title":"G\u00e4nseleberspreizer","og_description":"Perfektes Servierbesteck f\u00fcr Foie Gras \u2013 streicht sanft und gleichm\u00e4\u00dfig auf Brot oder Toast.","og_url":"https:\/\/relaisgourmet.com\/de\/Produkt\/ganseleberspreizer\/","og_site_name":"Relais Gourmet","article_publisher":"https:\/\/facebook.com\/yoast","article_modified_time":"2025-12-01T00:17:56+00:00","og_image":[{"width":800,"height":800,"url":"https:\/\/relaisgourmet.com\/wp-content\/uploads\/2024\/09\/tartineur-inox-manche-en-plastique-coloris-marron-2-e1695811054621-1.jpg","type":"image\/jpeg"}],"twitter_card":"summary_large_image","schema":{"@context":"https:\/\/schema.org","@graph":[{"@type":"WebPage","@id":"https:\/\/relaisgourmet.com\/de\/Produkt\/ganseleberspreizer\/","url":"https:\/\/relaisgourmet.com\/de\/Produkt\/ganseleberspreizer\/","name":"G\u00e4nseleber-Streichmesser \u2013 F\u00fcr perfekten Genuss","isPartOf":{"@id":"https:\/\/relaisgourmet.com\/de\/#website"},"primaryImageOfPage":{"@id":"https:\/\/relaisgourmet.com\/de\/Produkt\/ganseleberspreizer\/#primaryimage"},"image":{"@id":"https:\/\/relaisgourmet.com\/de\/Produkt\/ganseleberspreizer\/#primaryimage"},"thumbnailUrl":"https:\/\/relaisgourmet.com\/wp-content\/uploads\/2016\/12\/Tartineur.png","datePublished":"2016-12-13T19:24:44+00:00","dateModified":"2025-12-01T00:17:56+00:00","description":"Perfektes Servierbesteck f\u00fcr Foie Gras \u2013 streicht sanft und gleichm\u00e4\u00dfig auf Brot oder Toast.","breadcrumb":{"@id":"https:\/\/relaisgourmet.com\/de\/Produkt\/ganseleberspreizer\/#breadcrumb"},"inLanguage":"de","potentialAction":[{"@type":"ReadAction","target":["https:\/\/relaisgourmet.com\/de\/Produkt\/ganseleberspreizer\/"]}]},{"@type":"ImageObject","inLanguage":"de","@id":"https:\/\/relaisgourmet.com\/de\/Produkt\/ganseleberspreizer\/#primaryimage","url":"https:\/\/relaisgourmet.com\/wp-content\/uploads\/2016\/12\/Tartineur.png","contentUrl":"https:\/\/relaisgourmet.com\/wp-content\/uploads\/2016\/12\/Tartineur.png","width":1000,"height":1000},{"@type":"BreadcrumbList","@id":"https:\/\/relaisgourmet.com\/de\/Produkt\/ganseleberspreizer\/#breadcrumb","itemListElement":[{"@type":"ListItem","position":1,"name":"Startseite","item":"https:\/\/relaisgourmet.com\/de\/"},{"@type":"ListItem","position":2,"name":"Authentische Foie Gras","item":"https:\/\/relaisgourmet.com\/de\/authentische-foie-gras\/"},{"@type":"ListItem","position":3,"name":"G\u00e4nseleberspreizer"}]},{"@type":"WebSite","@id":"https:\/\/relaisgourmet.com\/de\/#website","url":"https:\/\/relaisgourmet.com\/de\/","name":"Relais Gourmet","description":"Maison Gastronomique au Pays-Basque Depuis 2004","publisher":{"@id":"https:\/\/relaisgourmet.com\/de\/#organization"},"potentialAction":[{"@type":"SearchAction","target":{"@type":"EntryPoint","urlTemplate":"https:\/\/relaisgourmet.com\/de\/?s={search_term_string}"},"query-input":{"@type":"PropertyValueSpecification","valueRequired":true,"valueName":"search_term_string"}}],"inLanguage":"de"},{"@type":"Organization","@id":"https:\/\/relaisgourmet.com\/de\/#organization","name":"Relais Gourmet","url":"https:\/\/relaisgourmet.com\/de\/","logo":{"@type":"ImageObject","inLanguage":"de","@id":"https:\/\/relaisgourmet.com\/de\/#\/schema\/logo\/image\/","url":"https:\/\/relaisgourmet.com\/wp-content\/uploads\/2024\/11\/Diseno-sin-titulo-8.jpg","contentUrl":"https:\/\/relaisgourmet.com\/wp-content\/uploads\/2024\/11\/Diseno-sin-titulo-8.jpg","width":500,"height":500,"caption":"Relais Gourmet"},"image":{"@id":"https:\/\/relaisgourmet.com\/de\/#\/schema\/logo\/image\/"},"sameAs":["https:\/\/facebook.com\/yoast","https:\/\/instagram.com\/yoast"]}]}},"_links":{"self":[{"href":"https:\/\/relaisgourmet.com\/de\/wp-json\/wp\/v2\/product\/42133","targetHints":{"allow":["GET"]}}],"collection":[{"href":"https:\/\/relaisgourmet.com\/de\/wp-json\/wp\/v2\/product"}],"about":[{"href":"https:\/\/relaisgourmet.com\/de\/wp-json\/wp\/v2\/types\/product"}],"replies":[{"embeddable":true,"href":"https:\/\/relaisgourmet.com\/de\/wp-json\/wp\/v2\/comments?post=42133"}],"version-history":[{"count":0,"href":"https:\/\/relaisgourmet.com\/de\/wp-json\/wp\/v2\/product\/42133\/revisions"}],"wp:featuredmedia":[{"embeddable":true,"href":"https:\/\/relaisgourmet.com\/de\/wp-json\/wp\/v2\/media\/57545"}],"wp:attachment":[{"href":"https:\/\/relaisgourmet.com\/de\/wp-json\/wp\/v2\/media?parent=42133"}],"wp:term":[{"taxonomy":"product_brand","embeddable":true,"href":"https:\/\/relaisgourmet.com\/de\/wp-json\/wp\/v2\/product_brand?post=42133"},{"taxonomy":"product_cat","embeddable":true,"href":"https:\/\/relaisgourmet.com\/de\/wp-json\/wp\/v2\/product_cat?post=42133"},{"taxonomy":"product_tag","embeddable":true,"href":"https:\/\/relaisgourmet.com\/de\/wp-json\/wp\/v2\/product_tag?post=42133"},{"taxonomy":"giftcard-category","embeddable":true,"href":"https:\/\/relaisgourmet.com\/de\/wp-json\/wp\/v2\/giftcard-category?post=42133"}],"curies":[{"name":"wp","href":"https:\/\/api.w.org\/{rel}","templated":true}]}}