{"id":42129,"date":"2016-12-14T07:38:44","date_gmt":"2016-12-14T06:38:44","guid":{"rendered":"https:\/\/relaisgourmet.com\/produit\/foie-gras-glasoffner\/"},"modified":"2025-12-01T01:17:45","modified_gmt":"2025-12-01T00:17:45","slug":"foie-gras-glasoffner","status":"publish","type":"product","link":"https:\/\/relaisgourmet.com\/de\/Produkt\/foie-gras-glasoffner\/","title":{"rendered":"Foie gras Glas\u00f6ffner"},"content":{"rendered":"<div class=\"page\" title=\"Page 16\">\n<div class=\"section\">\n<div class=\"layoutArea\">\n<div class=\"column\">\n<h3><span style=\"color: #008000;\"><strong>Probieren Sie ein unverzichtbares K\u00fcchenwerkzeug: Unser Foie Gras Glas\u00f6ffner mit verchromtem Flaschen\u00f6ffner!<\/strong><\/span><\/h3>\n<p><strong>Was ist der Foie Gras Glas\u00f6ffner?<\/strong><\/p>\n<p>Dieses unverzichtbare K\u00fcchenwerkzeug ist speziell daf\u00fcr konzipiert, das \u00d6ffnen von Gl\u00e4sern mit Foie Gras zu erleichtern.<\/p>\n<p><strong>Zu welchem Zweck?<\/strong><\/p>\n<p>Der Zweck besteht darin, ein einfaches und sicheres \u00d6ffnen des Foie Gras Glases zu erm\u00f6glichen, ohne das Glas zu zerbrechen oder sich zu verletzen.<\/p>\n<p><strong>Wie?<\/strong><\/p>\n<p>Der manuelle Glas\u00f6ffner besteht aus einem Gummi- oder Metallring, der um den Deckel des Glases passt. Durch Drehen des Griffs zieht sich der Ring um den Deckel zusammen und erm\u00f6glicht ein leichteres Aufschrauben.<\/p>\n<p>Mit diesem Utensil sind Sie f\u00fcr jede Gelegenheit ger\u00fcstet und k\u00f6nnen unser diverses Foie Gras ohne Schwierigkeiten genie\u00dfen!<\/p>\n<p>Finden Sie alle unsere Produkte im Relais Gourmet Shop.<\/p>\n<p>Besuchen Sie gerne unseren Blog, um unsere Rezepte und weitere Neuheiten zu entdecken.<\/p>\n<p>&nbsp;<\/p>\n<\/div>\n<\/div>\n<\/div>\n<\/div>\n","protected":false},"excerpt":{"rendered":"<div class=\"page\" title=\"Page 15\">\n<div class=\"section\">\n<div class=\"layoutArea\">\n<div class=\"column\">\n<p>Dieser <span style=\"color: #993300;\"><strong>Glaso\u0308ffner<\/strong><\/span> mit seinem verchromten <span style=\"color: #993300;\"><strong>Flascheno\u0308ffner<\/strong><\/span> ist unverzichtbar fu\u0308r Ihre Ga\u0308nseleber!<\/p>\n<\/div>\n<\/div>\n<\/div>\n<\/div>\n","protected":false},"featured_media":57535,"comment_status":"closed","ping_status":"closed","template":"","meta":[],"product_brand":[],"product_cat":[1331],"product_tag":[1254,1266,1858,2008],"giftcard-category":[],"class_list":{"0":"post-42129","1":"product","2":"type-product","3":"status-publish","4":"has-post-thumbnail","6":"product_cat-utensilien-fur-foie-gras","7":"product_tag-180g-de","8":"product_tag-400g-de","9":"product_tag-foie-gras-de","10":"product_tag-tipoclasico-de","11":"product_shipping_class-tva-20-de","13":"first","14":"instock","15":"taxable","16":"shipping-taxable","17":"purchasable","18":"product-type-simple"},"yoast_head":"<!-- This site is optimized with the Yoast SEO Premium plugin v27.0 (Yoast SEO v27.4) - https:\/\/yoast.com\/product\/yoast-seo-premium-wordpress\/ -->\n<title>Foie Gras Glas\u00f6ffner \u2013 Praktisch &amp; elegant<\/title>\n<meta name=\"description\" content=\"\u00d6ffnen Sie Ihre Foie Gras-Gl\u00e4ser m\u00fchelos mit diesem praktischen K\u00fcchenhelfer.\" \/>\n<meta name=\"robots\" content=\"index, follow, max-snippet:-1, max-image-preview:large, max-video-preview:-1\" \/>\n<link rel=\"canonical\" href=\"https:\/\/relaisgourmet.com\/de\/Produkt\/foie-gras-glasoffner\/\" \/>\n<meta property=\"og:locale\" content=\"de_DE\" \/>\n<meta property=\"og:type\" content=\"article\" \/>\n<meta property=\"og:title\" content=\"Foie gras Glas\u00f6ffner\" \/>\n<meta property=\"og:description\" content=\"\u00d6ffnen Sie Ihre Foie Gras-Gl\u00e4ser m\u00fchelos mit diesem praktischen K\u00fcchenhelfer.\" \/>\n<meta property=\"og:url\" content=\"https:\/\/relaisgourmet.com\/de\/Produkt\/foie-gras-glasoffner\/\" \/>\n<meta property=\"og:site_name\" content=\"Relais Gourmet\" \/>\n<meta property=\"article:publisher\" content=\"https:\/\/facebook.com\/yoast\" \/>\n<meta property=\"article:modified_time\" content=\"2025-12-01T00:17:45+00:00\" \/>\n<meta property=\"og:image\" content=\"https:\/\/relaisgourmet.com\/wp-content\/uploads\/2016\/12\/il_340xN.6575248058_e8g6-1.webp\" \/>\n\t<meta property=\"og:image:width\" content=\"340\" \/>\n\t<meta property=\"og:image:height\" content=\"340\" \/>\n\t<meta property=\"og:image:type\" content=\"image\/webp\" \/>\n<meta name=\"twitter:card\" content=\"summary_large_image\" \/>\n<meta name=\"twitter:label1\" content=\"Gesch\u00e4tzte Lesezeit\" \/>\n\t<meta name=\"twitter:data1\" content=\"1\u00a0Minute\" \/>\n<script type=\"application\/ld+json\" class=\"yoast-schema-graph\">{\"@context\":\"https:\\\/\\\/schema.org\",\"@graph\":[{\"@type\":\"WebPage\",\"@id\":\"https:\\\/\\\/relaisgourmet.com\\\/de\\\/Produkt\\\/foie-gras-glasoffner\\\/\",\"url\":\"https:\\\/\\\/relaisgourmet.com\\\/de\\\/Produkt\\\/foie-gras-glasoffner\\\/\",\"name\":\"Foie Gras Glas\u00f6ffner \u2013 Praktisch & elegant\",\"isPartOf\":{\"@id\":\"https:\\\/\\\/relaisgourmet.com\\\/de\\\/#website\"},\"primaryImageOfPage\":{\"@id\":\"https:\\\/\\\/relaisgourmet.com\\\/de\\\/Produkt\\\/foie-gras-glasoffner\\\/#primaryimage\"},\"image\":{\"@id\":\"https:\\\/\\\/relaisgourmet.com\\\/de\\\/Produkt\\\/foie-gras-glasoffner\\\/#primaryimage\"},\"thumbnailUrl\":\"https:\\\/\\\/relaisgourmet.com\\\/wp-content\\\/uploads\\\/2016\\\/12\\\/Ouvre-bocal.png\",\"datePublished\":\"2016-12-14T06:38:44+00:00\",\"dateModified\":\"2025-12-01T00:17:45+00:00\",\"description\":\"\u00d6ffnen Sie Ihre Foie Gras-Gl\u00e4ser m\u00fchelos mit diesem praktischen K\u00fcchenhelfer.\",\"breadcrumb\":{\"@id\":\"https:\\\/\\\/relaisgourmet.com\\\/de\\\/Produkt\\\/foie-gras-glasoffner\\\/#breadcrumb\"},\"inLanguage\":\"de\",\"potentialAction\":[{\"@type\":\"ReadAction\",\"target\":[\"https:\\\/\\\/relaisgourmet.com\\\/de\\\/Produkt\\\/foie-gras-glasoffner\\\/\"]}]},{\"@type\":\"ImageObject\",\"inLanguage\":\"de\",\"@id\":\"https:\\\/\\\/relaisgourmet.com\\\/de\\\/Produkt\\\/foie-gras-glasoffner\\\/#primaryimage\",\"url\":\"https:\\\/\\\/relaisgourmet.com\\\/wp-content\\\/uploads\\\/2016\\\/12\\\/Ouvre-bocal.png\",\"contentUrl\":\"https:\\\/\\\/relaisgourmet.com\\\/wp-content\\\/uploads\\\/2016\\\/12\\\/Ouvre-bocal.png\",\"width\":1000,\"height\":1000},{\"@type\":\"BreadcrumbList\",\"@id\":\"https:\\\/\\\/relaisgourmet.com\\\/de\\\/Produkt\\\/foie-gras-glasoffner\\\/#breadcrumb\",\"itemListElement\":[{\"@type\":\"ListItem\",\"position\":1,\"name\":\"Startseite\",\"item\":\"https:\\\/\\\/relaisgourmet.com\\\/de\\\/\"},{\"@type\":\"ListItem\",\"position\":2,\"name\":\"Authentische Foie Gras\",\"item\":\"https:\\\/\\\/relaisgourmet.com\\\/de\\\/authentische-foie-gras\\\/\"},{\"@type\":\"ListItem\",\"position\":3,\"name\":\"Foie gras Glas\u00f6ffner\"}]},{\"@type\":\"WebSite\",\"@id\":\"https:\\\/\\\/relaisgourmet.com\\\/de\\\/#website\",\"url\":\"https:\\\/\\\/relaisgourmet.com\\\/de\\\/\",\"name\":\"Relais Gourmet\",\"description\":\"Maison Gastronomique au Pays-Basque Depuis 2004\",\"publisher\":{\"@id\":\"https:\\\/\\\/relaisgourmet.com\\\/de\\\/#organization\"},\"potentialAction\":[{\"@type\":\"SearchAction\",\"target\":{\"@type\":\"EntryPoint\",\"urlTemplate\":\"https:\\\/\\\/relaisgourmet.com\\\/de\\\/?s={search_term_string}\"},\"query-input\":{\"@type\":\"PropertyValueSpecification\",\"valueRequired\":true,\"valueName\":\"search_term_string\"}}],\"inLanguage\":\"de\"},{\"@type\":\"Organization\",\"@id\":\"https:\\\/\\\/relaisgourmet.com\\\/de\\\/#organization\",\"name\":\"Relais Gourmet\",\"url\":\"https:\\\/\\\/relaisgourmet.com\\\/de\\\/\",\"logo\":{\"@type\":\"ImageObject\",\"inLanguage\":\"de\",\"@id\":\"https:\\\/\\\/relaisgourmet.com\\\/de\\\/#\\\/schema\\\/logo\\\/image\\\/\",\"url\":\"https:\\\/\\\/relaisgourmet.com\\\/wp-content\\\/uploads\\\/2024\\\/11\\\/Diseno-sin-titulo-8.jpg\",\"contentUrl\":\"https:\\\/\\\/relaisgourmet.com\\\/wp-content\\\/uploads\\\/2024\\\/11\\\/Diseno-sin-titulo-8.jpg\",\"width\":500,\"height\":500,\"caption\":\"Relais Gourmet\"},\"image\":{\"@id\":\"https:\\\/\\\/relaisgourmet.com\\\/de\\\/#\\\/schema\\\/logo\\\/image\\\/\"},\"sameAs\":[\"https:\\\/\\\/facebook.com\\\/yoast\",\"https:\\\/\\\/instagram.com\\\/yoast\"]}]}<\/script>\n<!-- \/ Yoast SEO Premium plugin. -->","yoast_head_json":{"title":"Foie Gras Glas\u00f6ffner \u2013 Praktisch & elegant","description":"\u00d6ffnen Sie Ihre Foie Gras-Gl\u00e4ser m\u00fchelos mit diesem praktischen K\u00fcchenhelfer.","robots":{"index":"index","follow":"follow","max-snippet":"max-snippet:-1","max-image-preview":"max-image-preview:large","max-video-preview":"max-video-preview:-1"},"canonical":"https:\/\/relaisgourmet.com\/de\/Produkt\/foie-gras-glasoffner\/","og_locale":"de_DE","og_type":"article","og_title":"Foie gras Glas\u00f6ffner","og_description":"\u00d6ffnen Sie Ihre Foie Gras-Gl\u00e4ser m\u00fchelos mit diesem praktischen K\u00fcchenhelfer.","og_url":"https:\/\/relaisgourmet.com\/de\/Produkt\/foie-gras-glasoffner\/","og_site_name":"Relais Gourmet","article_publisher":"https:\/\/facebook.com\/yoast","article_modified_time":"2025-12-01T00:17:45+00:00","og_image":[{"width":340,"height":340,"url":"https:\/\/relaisgourmet.com\/wp-content\/uploads\/2016\/12\/il_340xN.6575248058_e8g6-1.webp","type":"image\/webp"}],"twitter_card":"summary_large_image","twitter_misc":{"Gesch\u00e4tzte Lesezeit":"1\u00a0Minute"},"schema":{"@context":"https:\/\/schema.org","@graph":[{"@type":"WebPage","@id":"https:\/\/relaisgourmet.com\/de\/Produkt\/foie-gras-glasoffner\/","url":"https:\/\/relaisgourmet.com\/de\/Produkt\/foie-gras-glasoffner\/","name":"Foie Gras Glas\u00f6ffner \u2013 Praktisch & elegant","isPartOf":{"@id":"https:\/\/relaisgourmet.com\/de\/#website"},"primaryImageOfPage":{"@id":"https:\/\/relaisgourmet.com\/de\/Produkt\/foie-gras-glasoffner\/#primaryimage"},"image":{"@id":"https:\/\/relaisgourmet.com\/de\/Produkt\/foie-gras-glasoffner\/#primaryimage"},"thumbnailUrl":"https:\/\/relaisgourmet.com\/wp-content\/uploads\/2016\/12\/Ouvre-bocal.png","datePublished":"2016-12-14T06:38:44+00:00","dateModified":"2025-12-01T00:17:45+00:00","description":"\u00d6ffnen Sie Ihre Foie Gras-Gl\u00e4ser m\u00fchelos mit diesem praktischen K\u00fcchenhelfer.","breadcrumb":{"@id":"https:\/\/relaisgourmet.com\/de\/Produkt\/foie-gras-glasoffner\/#breadcrumb"},"inLanguage":"de","potentialAction":[{"@type":"ReadAction","target":["https:\/\/relaisgourmet.com\/de\/Produkt\/foie-gras-glasoffner\/"]}]},{"@type":"ImageObject","inLanguage":"de","@id":"https:\/\/relaisgourmet.com\/de\/Produkt\/foie-gras-glasoffner\/#primaryimage","url":"https:\/\/relaisgourmet.com\/wp-content\/uploads\/2016\/12\/Ouvre-bocal.png","contentUrl":"https:\/\/relaisgourmet.com\/wp-content\/uploads\/2016\/12\/Ouvre-bocal.png","width":1000,"height":1000},{"@type":"BreadcrumbList","@id":"https:\/\/relaisgourmet.com\/de\/Produkt\/foie-gras-glasoffner\/#breadcrumb","itemListElement":[{"@type":"ListItem","position":1,"name":"Startseite","item":"https:\/\/relaisgourmet.com\/de\/"},{"@type":"ListItem","position":2,"name":"Authentische Foie Gras","item":"https:\/\/relaisgourmet.com\/de\/authentische-foie-gras\/"},{"@type":"ListItem","position":3,"name":"Foie gras Glas\u00f6ffner"}]},{"@type":"WebSite","@id":"https:\/\/relaisgourmet.com\/de\/#website","url":"https:\/\/relaisgourmet.com\/de\/","name":"Relais Gourmet","description":"Maison Gastronomique au Pays-Basque Depuis 2004","publisher":{"@id":"https:\/\/relaisgourmet.com\/de\/#organization"},"potentialAction":[{"@type":"SearchAction","target":{"@type":"EntryPoint","urlTemplate":"https:\/\/relaisgourmet.com\/de\/?s={search_term_string}"},"query-input":{"@type":"PropertyValueSpecification","valueRequired":true,"valueName":"search_term_string"}}],"inLanguage":"de"},{"@type":"Organization","@id":"https:\/\/relaisgourmet.com\/de\/#organization","name":"Relais Gourmet","url":"https:\/\/relaisgourmet.com\/de\/","logo":{"@type":"ImageObject","inLanguage":"de","@id":"https:\/\/relaisgourmet.com\/de\/#\/schema\/logo\/image\/","url":"https:\/\/relaisgourmet.com\/wp-content\/uploads\/2024\/11\/Diseno-sin-titulo-8.jpg","contentUrl":"https:\/\/relaisgourmet.com\/wp-content\/uploads\/2024\/11\/Diseno-sin-titulo-8.jpg","width":500,"height":500,"caption":"Relais Gourmet"},"image":{"@id":"https:\/\/relaisgourmet.com\/de\/#\/schema\/logo\/image\/"},"sameAs":["https:\/\/facebook.com\/yoast","https:\/\/instagram.com\/yoast"]}]}},"_links":{"self":[{"href":"https:\/\/relaisgourmet.com\/de\/wp-json\/wp\/v2\/product\/42129","targetHints":{"allow":["GET"]}}],"collection":[{"href":"https:\/\/relaisgourmet.com\/de\/wp-json\/wp\/v2\/product"}],"about":[{"href":"https:\/\/relaisgourmet.com\/de\/wp-json\/wp\/v2\/types\/product"}],"replies":[{"embeddable":true,"href":"https:\/\/relaisgourmet.com\/de\/wp-json\/wp\/v2\/comments?post=42129"}],"version-history":[{"count":0,"href":"https:\/\/relaisgourmet.com\/de\/wp-json\/wp\/v2\/product\/42129\/revisions"}],"wp:featuredmedia":[{"embeddable":true,"href":"https:\/\/relaisgourmet.com\/de\/wp-json\/wp\/v2\/media\/57535"}],"wp:attachment":[{"href":"https:\/\/relaisgourmet.com\/de\/wp-json\/wp\/v2\/media?parent=42129"}],"wp:term":[{"taxonomy":"product_brand","embeddable":true,"href":"https:\/\/relaisgourmet.com\/de\/wp-json\/wp\/v2\/product_brand?post=42129"},{"taxonomy":"product_cat","embeddable":true,"href":"https:\/\/relaisgourmet.com\/de\/wp-json\/wp\/v2\/product_cat?post=42129"},{"taxonomy":"product_tag","embeddable":true,"href":"https:\/\/relaisgourmet.com\/de\/wp-json\/wp\/v2\/product_tag?post=42129"},{"taxonomy":"giftcard-category","embeddable":true,"href":"https:\/\/relaisgourmet.com\/de\/wp-json\/wp\/v2\/giftcard-category?post=42129"}],"curies":[{"name":"wp","href":"https:\/\/api.w.org\/{rel}","templated":true}]}}