{"id":42117,"date":"2013-10-14T08:05:39","date_gmt":"2013-10-14T06:05:39","guid":{"rendered":"https:\/\/relaisgourmet.com\/produit\/espelette-gourmet-sortiment\/"},"modified":"2025-04-12T22:35:48","modified_gmt":"2025-04-12T20:35:48","slug":"espelette-gourmet-sortiment","status":"publish","type":"product","link":"https:\/\/relaisgourmet.com\/de\/Produkt\/espelette-gourmet-sortiment\/","title":{"rendered":"Espelette Gourmet-Sortiment"},"content":{"rendered":"<p>In unserem <strong>Espelette Gourmet-Sortiment<\/strong> ist der Espelette-Pfeffer ein leicht scharfer und fruchtiger roter baskischer Pfeffer, der zum W\u00fcrzen verschiedener Gerichte verwendet wird und aus dem Dorf Espelette in Frankreich stammt. Bringen Sie W\u00fcrze auf Ihren Teller! Ideal zum Teilen oder Verschenken bei einem geselligen Essen mit Familie oder Freunden, um sch\u00f6ne Erinnerungen zu schaffen.<\/p>\n<p><strong>Garantiert ohne Konservierungsstoffe, Farbstoffe und Zusatzstoffe.<\/strong><\/p>\n<p><strong>Zusammensetzung: <\/strong>3 Foie Gras mit Espelette-Pfeffer (3x180g) 1 Gourmet-Aperitif mit Espelette-Pfeffer GRATIS (im Wert von 12 Euro)<\/p>\n<p><strong>Lagerung:<\/strong> 3 Jahre bei Raumtemperatur. Nach dem \u00d6ffnen innerhalb von 15 Tagen konsumieren und im K\u00fchlschrank aufbewahren.<\/p>\n<p>Finden Sie alle unsere Tipps und Tricks zur Zubereitung unseres Espelette Gourmet-Sortiment im <a href=\"https:\/\/relaisgourmet.com\/blog\/?lang=de\">Blog-Bereich<\/a> sowie auf unserer <a href=\"https:\/\/www.instagram.com\/relaisgourmetofficiel\/\">Instagram-Seite.<\/a><\/p>\n","protected":false},"excerpt":{"rendered":"<p>Espelette Sortiment 3 Enten-Foie Gras mit Espelette-Pfeffer (je 180g) + 1 GRATIS Aperitif: Die w\u00fcrzige und gro\u00dfz\u00fcgige Vereinigung des Baskenlandes wird Sie begeistern!<\/p>\n<p><img decoding=\"async\" class=\"emoji\" role=\"img\" draggable=\"false\" src=\"https:\/\/s.w.org\/images\/core\/emoji\/15.0.3\/svg\/1f1eb-1f1f7.svg\" alt=\"\ud83c\uddeb\ud83c\uddf7\" \/>\u00a0Produktion garantiert 100% franz\u00f6sisch<br \/>\n\u2714 Garantie ohne Konservierungsstoffe, ohne Zusatzstoffe und ohne Farbstoffe.<br \/>\n\ud83c\udf43 Enten mit gelbem Mais gef\u00fcttert<br \/>\n\ud83d\ude9a Schnelle Lieferung weltweit<br \/>\n\ud83d\udd53 Haltbar 3 Jahre<br \/>\n\ud83d\udd10 Sichere Bezahlung<\/p>\n<p><strong>Gewicht:<\/strong> 720 Gramm<\/p>\n","protected":false},"featured_media":58062,"comment_status":"closed","ping_status":"closed","template":"","meta":[],"product_brand":[],"product_cat":[1299,1295],"product_tag":[1830,2522,2506,2145,1835,2149,2507,2508,2516,2505,2518,2509,2510,2517,2515,2520,2514,2521,2513,2146,2523,2511,2519,2512],"giftcard-category":[],"class_list":{"0":"post-42117","1":"product","2":"type-product","3":"status-publish","4":"has-post-thumbnail","6":"product_cat-sortimente","7":"product_cat-unsere-foies-gras","8":"product_tag-achat-foie-gras-de","9":"product_tag-baskische-produkte","10":"product_tag-dose","11":"product_tag-espelette-de","12":"product_tag-foie-gras-au-piment-despelette-de","13":"product_tag-foie-gras-espelette-de","14":"product_tag-foie-gras-set","15":"product_tag-gastronomische-box","16":"product_tag-gastronomisches-paket","17":"product_tag-geschenkbox","18":"product_tag-gourmet-paket","19":"product_tag-gourmetpaket","20":"product_tag-gourmetpaket-de","21":"product_tag-gourmetpaket-de-2","22":"product_tag-lebergras-paket","23":"product_tag-paket-anbieten","24":"product_tag-paket-foie-gras","25":"product_tag-pakete-zum-verschenken","26":"product_tag-party-paket","27":"product_tag-stopfleber-mit-chili","28":"product_tag-sudwestprodukte","29":"product_tag-terroir-koffer","30":"product_tag-weihnachtspaket","31":"product_tag-zu-versendende-pakete","32":"product_shipping_class-tva-5-5-de","34":"first","35":"instock","36":"taxable","37":"shipping-taxable","38":"purchasable","39":"product-type-simple"},"yoast_head":"<!-- This site is optimized with the Yoast SEO Premium plugin v27.0 (Yoast SEO v27.3) - https:\/\/yoast.com\/product\/yoast-seo-premium-wordpress\/ -->\n<title>Espelette Gourmetbox \u2013 W\u00fcrzige Spezialit\u00e4ten<\/title>\n<meta name=\"description\" content=\"Edle Auswahl an Spezialit\u00e4ten aus Espelette \u2013 intensiver Genuss aus dem Baskenland.\" \/>\n<meta name=\"robots\" content=\"index, follow, max-snippet:-1, max-image-preview:large, max-video-preview:-1\" \/>\n<link rel=\"canonical\" href=\"https:\/\/relaisgourmet.com\/de\/Produkt\/espelette-gourmet-sortiment\/\" \/>\n<meta property=\"og:locale\" content=\"de_DE\" \/>\n<meta property=\"og:type\" content=\"article\" \/>\n<meta property=\"og:title\" content=\"Espelette Gourmet-Sortiment\" \/>\n<meta property=\"og:description\" content=\"Edle Auswahl an Spezialit\u00e4ten aus Espelette \u2013 intensiver Genuss aus dem Baskenland.\" \/>\n<meta property=\"og:url\" content=\"https:\/\/relaisgourmet.com\/de\/Produkt\/espelette-gourmet-sortiment\/\" \/>\n<meta property=\"og:site_name\" content=\"Relais Gourmet\" \/>\n<meta property=\"article:publisher\" content=\"https:\/\/facebook.com\/yoast\" \/>\n<meta property=\"article:modified_time\" content=\"2025-04-12T20:35:48+00:00\" \/>\n<meta property=\"og:image\" content=\"https:\/\/relaisgourmet.com\/wp-content\/uploads\/2024\/09\/Coffret-Espelette-1.jpg\" \/>\n\t<meta property=\"og:image:width\" content=\"744\" \/>\n\t<meta property=\"og:image:height\" content=\"744\" \/>\n\t<meta property=\"og:image:type\" content=\"image\/jpeg\" \/>\n<meta name=\"twitter:card\" content=\"summary_large_image\" \/>\n<meta name=\"twitter:label1\" content=\"Gesch\u00e4tzte Lesezeit\" \/>\n\t<meta name=\"twitter:data1\" content=\"1\u00a0Minute\" \/>\n<script type=\"application\/ld+json\" class=\"yoast-schema-graph\">{\"@context\":\"https:\\\/\\\/schema.org\",\"@graph\":[{\"@type\":\"WebPage\",\"@id\":\"https:\\\/\\\/relaisgourmet.com\\\/de\\\/Produkt\\\/espelette-gourmet-sortiment\\\/\",\"url\":\"https:\\\/\\\/relaisgourmet.com\\\/de\\\/Produkt\\\/espelette-gourmet-sortiment\\\/\",\"name\":\"Espelette Gourmetbox \u2013 W\u00fcrzige Spezialit\u00e4ten\",\"isPartOf\":{\"@id\":\"https:\\\/\\\/relaisgourmet.com\\\/de\\\/#website\"},\"primaryImageOfPage\":{\"@id\":\"https:\\\/\\\/relaisgourmet.com\\\/de\\\/Produkt\\\/espelette-gourmet-sortiment\\\/#primaryimage\"},\"image\":{\"@id\":\"https:\\\/\\\/relaisgourmet.com\\\/de\\\/Produkt\\\/espelette-gourmet-sortiment\\\/#primaryimage\"},\"thumbnailUrl\":\"https:\\\/\\\/relaisgourmet.com\\\/wp-content\\\/uploads\\\/2013\\\/10\\\/Assortiment-Espelette-min.png\",\"datePublished\":\"2013-10-14T06:05:39+00:00\",\"dateModified\":\"2025-04-12T20:35:48+00:00\",\"description\":\"Edle Auswahl an Spezialit\u00e4ten aus Espelette \u2013 intensiver Genuss aus dem Baskenland.\",\"breadcrumb\":{\"@id\":\"https:\\\/\\\/relaisgourmet.com\\\/de\\\/Produkt\\\/espelette-gourmet-sortiment\\\/#breadcrumb\"},\"inLanguage\":\"de\",\"potentialAction\":[{\"@type\":\"ReadAction\",\"target\":[\"https:\\\/\\\/relaisgourmet.com\\\/de\\\/Produkt\\\/espelette-gourmet-sortiment\\\/\"]}]},{\"@type\":\"ImageObject\",\"inLanguage\":\"de\",\"@id\":\"https:\\\/\\\/relaisgourmet.com\\\/de\\\/Produkt\\\/espelette-gourmet-sortiment\\\/#primaryimage\",\"url\":\"https:\\\/\\\/relaisgourmet.com\\\/wp-content\\\/uploads\\\/2013\\\/10\\\/Assortiment-Espelette-min.png\",\"contentUrl\":\"https:\\\/\\\/relaisgourmet.com\\\/wp-content\\\/uploads\\\/2013\\\/10\\\/Assortiment-Espelette-min.png\",\"width\":1000,\"height\":1000},{\"@type\":\"BreadcrumbList\",\"@id\":\"https:\\\/\\\/relaisgourmet.com\\\/de\\\/Produkt\\\/espelette-gourmet-sortiment\\\/#breadcrumb\",\"itemListElement\":[{\"@type\":\"ListItem\",\"position\":1,\"name\":\"Startseite\",\"item\":\"https:\\\/\\\/relaisgourmet.com\\\/de\\\/\"},{\"@type\":\"ListItem\",\"position\":2,\"name\":\"Authentische Foie Gras\",\"item\":\"https:\\\/\\\/relaisgourmet.com\\\/de\\\/authentische-foie-gras\\\/\"},{\"@type\":\"ListItem\",\"position\":3,\"name\":\"Espelette Gourmet-Sortiment\"}]},{\"@type\":\"WebSite\",\"@id\":\"https:\\\/\\\/relaisgourmet.com\\\/de\\\/#website\",\"url\":\"https:\\\/\\\/relaisgourmet.com\\\/de\\\/\",\"name\":\"Relais Gourmet\",\"description\":\"Maison Gastronomique au Pays-Basque Depuis 2004\",\"publisher\":{\"@id\":\"https:\\\/\\\/relaisgourmet.com\\\/de\\\/#organization\"},\"potentialAction\":[{\"@type\":\"SearchAction\",\"target\":{\"@type\":\"EntryPoint\",\"urlTemplate\":\"https:\\\/\\\/relaisgourmet.com\\\/de\\\/?s={search_term_string}\"},\"query-input\":{\"@type\":\"PropertyValueSpecification\",\"valueRequired\":true,\"valueName\":\"search_term_string\"}}],\"inLanguage\":\"de\"},{\"@type\":\"Organization\",\"@id\":\"https:\\\/\\\/relaisgourmet.com\\\/de\\\/#organization\",\"name\":\"Relais Gourmet\",\"url\":\"https:\\\/\\\/relaisgourmet.com\\\/de\\\/\",\"logo\":{\"@type\":\"ImageObject\",\"inLanguage\":\"de\",\"@id\":\"https:\\\/\\\/relaisgourmet.com\\\/de\\\/#\\\/schema\\\/logo\\\/image\\\/\",\"url\":\"https:\\\/\\\/relaisgourmet.com\\\/wp-content\\\/uploads\\\/2024\\\/11\\\/Diseno-sin-titulo-8.jpg\",\"contentUrl\":\"https:\\\/\\\/relaisgourmet.com\\\/wp-content\\\/uploads\\\/2024\\\/11\\\/Diseno-sin-titulo-8.jpg\",\"width\":500,\"height\":500,\"caption\":\"Relais Gourmet\"},\"image\":{\"@id\":\"https:\\\/\\\/relaisgourmet.com\\\/de\\\/#\\\/schema\\\/logo\\\/image\\\/\"},\"sameAs\":[\"https:\\\/\\\/facebook.com\\\/yoast\",\"https:\\\/\\\/instagram.com\\\/yoast\"]}]}<\/script>\n<!-- \/ Yoast SEO Premium plugin. -->","yoast_head_json":{"title":"Espelette Gourmetbox \u2013 W\u00fcrzige Spezialit\u00e4ten","description":"Edle Auswahl an Spezialit\u00e4ten aus Espelette \u2013 intensiver Genuss aus dem Baskenland.","robots":{"index":"index","follow":"follow","max-snippet":"max-snippet:-1","max-image-preview":"max-image-preview:large","max-video-preview":"max-video-preview:-1"},"canonical":"https:\/\/relaisgourmet.com\/de\/Produkt\/espelette-gourmet-sortiment\/","og_locale":"de_DE","og_type":"article","og_title":"Espelette Gourmet-Sortiment","og_description":"Edle Auswahl an Spezialit\u00e4ten aus Espelette \u2013 intensiver Genuss aus dem Baskenland.","og_url":"https:\/\/relaisgourmet.com\/de\/Produkt\/espelette-gourmet-sortiment\/","og_site_name":"Relais Gourmet","article_publisher":"https:\/\/facebook.com\/yoast","article_modified_time":"2025-04-12T20:35:48+00:00","og_image":[{"width":744,"height":744,"url":"https:\/\/relaisgourmet.com\/wp-content\/uploads\/2024\/09\/Coffret-Espelette-1.jpg","type":"image\/jpeg"}],"twitter_card":"summary_large_image","twitter_misc":{"Gesch\u00e4tzte Lesezeit":"1\u00a0Minute"},"schema":{"@context":"https:\/\/schema.org","@graph":[{"@type":"WebPage","@id":"https:\/\/relaisgourmet.com\/de\/Produkt\/espelette-gourmet-sortiment\/","url":"https:\/\/relaisgourmet.com\/de\/Produkt\/espelette-gourmet-sortiment\/","name":"Espelette Gourmetbox \u2013 W\u00fcrzige Spezialit\u00e4ten","isPartOf":{"@id":"https:\/\/relaisgourmet.com\/de\/#website"},"primaryImageOfPage":{"@id":"https:\/\/relaisgourmet.com\/de\/Produkt\/espelette-gourmet-sortiment\/#primaryimage"},"image":{"@id":"https:\/\/relaisgourmet.com\/de\/Produkt\/espelette-gourmet-sortiment\/#primaryimage"},"thumbnailUrl":"https:\/\/relaisgourmet.com\/wp-content\/uploads\/2013\/10\/Assortiment-Espelette-min.png","datePublished":"2013-10-14T06:05:39+00:00","dateModified":"2025-04-12T20:35:48+00:00","description":"Edle Auswahl an Spezialit\u00e4ten aus Espelette \u2013 intensiver Genuss aus dem Baskenland.","breadcrumb":{"@id":"https:\/\/relaisgourmet.com\/de\/Produkt\/espelette-gourmet-sortiment\/#breadcrumb"},"inLanguage":"de","potentialAction":[{"@type":"ReadAction","target":["https:\/\/relaisgourmet.com\/de\/Produkt\/espelette-gourmet-sortiment\/"]}]},{"@type":"ImageObject","inLanguage":"de","@id":"https:\/\/relaisgourmet.com\/de\/Produkt\/espelette-gourmet-sortiment\/#primaryimage","url":"https:\/\/relaisgourmet.com\/wp-content\/uploads\/2013\/10\/Assortiment-Espelette-min.png","contentUrl":"https:\/\/relaisgourmet.com\/wp-content\/uploads\/2013\/10\/Assortiment-Espelette-min.png","width":1000,"height":1000},{"@type":"BreadcrumbList","@id":"https:\/\/relaisgourmet.com\/de\/Produkt\/espelette-gourmet-sortiment\/#breadcrumb","itemListElement":[{"@type":"ListItem","position":1,"name":"Startseite","item":"https:\/\/relaisgourmet.com\/de\/"},{"@type":"ListItem","position":2,"name":"Authentische Foie Gras","item":"https:\/\/relaisgourmet.com\/de\/authentische-foie-gras\/"},{"@type":"ListItem","position":3,"name":"Espelette Gourmet-Sortiment"}]},{"@type":"WebSite","@id":"https:\/\/relaisgourmet.com\/de\/#website","url":"https:\/\/relaisgourmet.com\/de\/","name":"Relais Gourmet","description":"Maison Gastronomique au Pays-Basque Depuis 2004","publisher":{"@id":"https:\/\/relaisgourmet.com\/de\/#organization"},"potentialAction":[{"@type":"SearchAction","target":{"@type":"EntryPoint","urlTemplate":"https:\/\/relaisgourmet.com\/de\/?s={search_term_string}"},"query-input":{"@type":"PropertyValueSpecification","valueRequired":true,"valueName":"search_term_string"}}],"inLanguage":"de"},{"@type":"Organization","@id":"https:\/\/relaisgourmet.com\/de\/#organization","name":"Relais Gourmet","url":"https:\/\/relaisgourmet.com\/de\/","logo":{"@type":"ImageObject","inLanguage":"de","@id":"https:\/\/relaisgourmet.com\/de\/#\/schema\/logo\/image\/","url":"https:\/\/relaisgourmet.com\/wp-content\/uploads\/2024\/11\/Diseno-sin-titulo-8.jpg","contentUrl":"https:\/\/relaisgourmet.com\/wp-content\/uploads\/2024\/11\/Diseno-sin-titulo-8.jpg","width":500,"height":500,"caption":"Relais Gourmet"},"image":{"@id":"https:\/\/relaisgourmet.com\/de\/#\/schema\/logo\/image\/"},"sameAs":["https:\/\/facebook.com\/yoast","https:\/\/instagram.com\/yoast"]}]}},"_links":{"self":[{"href":"https:\/\/relaisgourmet.com\/de\/wp-json\/wp\/v2\/product\/42117","targetHints":{"allow":["GET"]}}],"collection":[{"href":"https:\/\/relaisgourmet.com\/de\/wp-json\/wp\/v2\/product"}],"about":[{"href":"https:\/\/relaisgourmet.com\/de\/wp-json\/wp\/v2\/types\/product"}],"replies":[{"embeddable":true,"href":"https:\/\/relaisgourmet.com\/de\/wp-json\/wp\/v2\/comments?post=42117"}],"version-history":[{"count":0,"href":"https:\/\/relaisgourmet.com\/de\/wp-json\/wp\/v2\/product\/42117\/revisions"}],"wp:featuredmedia":[{"embeddable":true,"href":"https:\/\/relaisgourmet.com\/de\/wp-json\/wp\/v2\/media\/58062"}],"wp:attachment":[{"href":"https:\/\/relaisgourmet.com\/de\/wp-json\/wp\/v2\/media?parent=42117"}],"wp:term":[{"taxonomy":"product_brand","embeddable":true,"href":"https:\/\/relaisgourmet.com\/de\/wp-json\/wp\/v2\/product_brand?post=42117"},{"taxonomy":"product_cat","embeddable":true,"href":"https:\/\/relaisgourmet.com\/de\/wp-json\/wp\/v2\/product_cat?post=42117"},{"taxonomy":"product_tag","embeddable":true,"href":"https:\/\/relaisgourmet.com\/de\/wp-json\/wp\/v2\/product_tag?post=42117"},{"taxonomy":"giftcard-category","embeddable":true,"href":"https:\/\/relaisgourmet.com\/de\/wp-json\/wp\/v2\/giftcard-category?post=42117"}],"curies":[{"name":"wp","href":"https:\/\/api.w.org\/{rel}","templated":true}]}}