{"id":42093,"date":"2020-11-18T10:16:51","date_gmt":"2020-11-18T09:16:51","guid":{"rendered":"https:\/\/relaisgourmet.com\/produit\/belcenia-gourmet-geschenkkorb\/"},"modified":"2025-04-12T22:35:40","modified_gmt":"2025-04-12T20:35:40","slug":"belcenia-gourmet-geschenkkorb","status":"publish","type":"product","link":"https:\/\/relaisgourmet.com\/de\/Produkt\/belcenia-gourmet-geschenkkorb\/","title":{"rendered":"Mendiak Box"},"content":{"rendered":"<div class=\"flex max-w-full flex-col flex-grow\">\n<div class=\"min-h-8 text-message flex w-full flex-col items-end gap-2 whitespace-normal break-words [.text-message+&amp;]:mt-5\" dir=\"auto\" data-message-author-role=\"assistant\" data-message-id=\"12cfd48d-b881-4407-a302-4997e4856817\" data-client-thread-id=\"WEB:1577f017-18e9-4456-b53f-be63183148c5\" data-message-model-slug=\"gpt-4o\">\n<div class=\"flex w-full flex-col gap-1 empty:hidden first:pt-[3px]\">\n<div class=\"markdown prose w-full break-words dark:prose-invert light\">\n<p>Das <strong>Mendiak-Set<\/strong> von<strong> Relais Gourmet<\/strong> bietet Ihnen eine echte gastronomische Reise, bei der jedes Produkt die Exzellenz der franz\u00f6sischen K\u00fcche feiert. Tauchen Sie noch heute in dieses einzigartige Erlebnis ein und genie\u00dfen Sie eine Auswahl, die Ihren Gaumen verw\u00f6hnen wird.<\/p>\n<\/div>\n<\/div>\n<\/div>\n<\/div>\n<p>Die Mendiak-Box ist garantiert <strong>frei von Konservierungsmitteln, Farbstoffen und Zusatzstoffen<\/strong>.<\/p>\n<h4><strong>Zusammensetzung der Mendiak Box :<\/strong><\/h4>\n<ul>\n<li style=\"font-weight: 400;\" aria-level=\"2\"><strong>Ganze Leberpastete Natur (200 g)<\/strong><\/li>\n<li><strong>Gourmet-Aperitif mit Juran\u00e7on (180 g)  <\/strong><\/li>\n<li style=\"font-weight: 400;\" aria-level=\"2\"><strong>Gourmet-Aperitif mit Piment d&#8217;Espelette (180 g)<\/strong><\/li>\n<li style=\"font-weight: 400;\" aria-level=\"2\"><strong>Quintessenz aus Leberpastete und ger\u00e4ucherter Entenbrust (180 g)  <\/strong><\/li>\n<li><strong>Flasche Monbazillac Wei\u00dfwein (750 ml)<\/strong><\/li>\n<\/ul>\n<h4><strong>Aufbewahrung :<\/strong><\/h4>\n<p><span style=\"font-weight: 400;\">3 Jahre bei Raumtemperatur, so dass Sie ihn nach Belieben genie\u00dfen k\u00f6nnen. Nach dem \u00d6ffnen sollten Sie ihn innerhalb von 15 Tagen verbrauchen und im K\u00fchlschrank aufbewahren, damit Sie ihn voll genie\u00dfen k\u00f6nnen.<\/span><\/p>\n<h4><b>Bereiten Sie sich auf einen Moment der Gaumenfreuden vor:<\/b><\/h4>\n<p><span style=\"font-weight: 400;\">Alle unsere Tipps und Tricks zur Vorbereitung finden Sie in unserem <a href=\"https:\/\/relaisgourmet.com\/blog-foies-gras-actualite\/\">Blog <\/a>und auf unserer <a href=\"https:\/\/www.instagram.com\/relaisgourmetofficiel\/?next=%2F\">Instagram-Seite<\/a>.  <\/span><\/p>\n<p><span style=\"font-weight: 400;\">Die <\/span><b>Mendiak Geschenkbox<\/b><span style=\"font-weight: 400;\"> ist eine ideale Wahl, um Ihre Lieben zu \u00fcberraschen oder sich selbst mit hochwertigen Produkten zu verw\u00f6hnen.<\/span><\/p>\n<p>&nbsp;<\/p>\n<p>&nbsp;<\/p>\n<p>&nbsp;<\/p>\n","protected":false},"excerpt":{"rendered":"<p>Entdecken Sie das Mendiak-Set von Relais Gourmet, ideal f\u00fcr Ihren Aperitif oder Ihr Picknick. Perfekt zum<strong> Verschenken<\/strong> oder selbst <strong>genie\u00dfen<\/strong>!<\/p>\n<p><img decoding=\"async\" class=\"emoji\" role=\"img\" src=\"https:\/\/s.w.org\/images\/core\/emoji\/15.0.3\/svg\/1f1eb-1f1f7.svg\" alt=\"\ud83c\uddeb\ud83c\uddf7\">  Garantierte 100%ige franz\u00f6sische Produktion<br \/>\n\u2714 Garantiert frei von Konservierungsmitteln, Zusatzstoffen und Farbstoffen.<br \/>\n\ud83c\udf43 Mit gelbem Mais gef\u00fctterte Enten<br \/>\n\ud83d\ude9a Schnelle Lieferung in die ganze Welt<br \/>\n\ud83d\udd53 3 Jahre haltbar<br \/>\n\ud83d\udd10 Sichere Zahlung<\/p>\n<p>Nettogewicht: 1.49 kg<\/p>\n","protected":false},"featured_media":58836,"comment_status":"closed","ping_status":"closed","template":"","meta":[],"product_brand":[],"product_cat":[1287,1274,1278],"product_tag":[1830,2505,1838,1839,2008],"giftcard-category":[],"class_list":{"0":"post-42093","1":"product","2":"type-product","3":"status-publish","4":"has-post-thumbnail","6":"product_cat-geschaftsgeschenke","7":"product_cat-geschenkboxen","8":"product_cat-gourmet-geschenke","9":"product_tag-achat-foie-gras-de","10":"product_tag-geschenkbox","11":"product_tag-offre-de","12":"product_tag-pack-de","13":"product_tag-tipoclasico-de","14":"product_shipping_class-standard-de","16":"first","17":"instock","18":"taxable","19":"shipping-taxable","20":"purchasable","21":"product-type-simple"},"yoast_head":"<!-- This site is optimized with the Yoast SEO Premium plugin v27.0 (Yoast SEO v27.3) - https:\/\/yoast.com\/product\/yoast-seo-premium-wordpress\/ -->\n<title>Mendiak Box \u2013 Kulinarik trifft Tradition<\/title>\n<meta name=\"description\" content=\"Typisch baskisches Genussset mit hochwertigen Produkten f\u00fcr echte Feinschmecker.\" \/>\n<meta name=\"robots\" content=\"index, follow, max-snippet:-1, max-image-preview:large, max-video-preview:-1\" \/>\n<link rel=\"canonical\" href=\"https:\/\/relaisgourmet.com\/de\/Produkt\/belcenia-gourmet-geschenkkorb\/\" \/>\n<meta property=\"og:locale\" content=\"de_DE\" \/>\n<meta property=\"og:type\" content=\"article\" \/>\n<meta property=\"og:title\" content=\"Mendiak Box\" \/>\n<meta property=\"og:description\" content=\"Typisch baskisches Genussset mit hochwertigen Produkten f\u00fcr echte Feinschmecker.\" \/>\n<meta property=\"og:url\" content=\"https:\/\/relaisgourmet.com\/de\/Produkt\/belcenia-gourmet-geschenkkorb\/\" \/>\n<meta property=\"og:site_name\" content=\"Relais Gourmet\" \/>\n<meta property=\"article:publisher\" content=\"https:\/\/facebook.com\/yoast\" \/>\n<meta property=\"article:modified_time\" content=\"2025-04-12T20:35:40+00:00\" \/>\n<meta property=\"og:image\" content=\"https:\/\/relaisgourmet.com\/wp-content\/uploads\/2024\/09\/mendiak-2-1.jpg\" \/>\n\t<meta property=\"og:image:width\" content=\"2500\" \/>\n\t<meta property=\"og:image:height\" content=\"1667\" \/>\n\t<meta property=\"og:image:type\" content=\"image\/jpeg\" \/>\n<meta name=\"twitter:card\" content=\"summary_large_image\" \/>\n<meta name=\"twitter:label1\" content=\"Gesch\u00e4tzte Lesezeit\" \/>\n\t<meta name=\"twitter:data1\" content=\"1\u00a0Minute\" \/>\n<script type=\"application\/ld+json\" class=\"yoast-schema-graph\">{\"@context\":\"https:\\\/\\\/schema.org\",\"@graph\":[{\"@type\":\"WebPage\",\"@id\":\"https:\\\/\\\/relaisgourmet.com\\\/de\\\/Produkt\\\/belcenia-gourmet-geschenkkorb\\\/\",\"url\":\"https:\\\/\\\/relaisgourmet.com\\\/de\\\/Produkt\\\/belcenia-gourmet-geschenkkorb\\\/\",\"name\":\"Mendiak Box \u2013 Kulinarik trifft Tradition\",\"isPartOf\":{\"@id\":\"https:\\\/\\\/relaisgourmet.com\\\/de\\\/#website\"},\"primaryImageOfPage\":{\"@id\":\"https:\\\/\\\/relaisgourmet.com\\\/de\\\/Produkt\\\/belcenia-gourmet-geschenkkorb\\\/#primaryimage\"},\"image\":{\"@id\":\"https:\\\/\\\/relaisgourmet.com\\\/de\\\/Produkt\\\/belcenia-gourmet-geschenkkorb\\\/#primaryimage\"},\"thumbnailUrl\":\"https:\\\/\\\/relaisgourmet.com\\\/wp-content\\\/uploads\\\/2020\\\/11\\\/Mendiak.jpg\",\"datePublished\":\"2020-11-18T09:16:51+00:00\",\"dateModified\":\"2025-04-12T20:35:40+00:00\",\"description\":\"Typisch baskisches Genussset mit hochwertigen Produkten f\u00fcr echte Feinschmecker.\",\"breadcrumb\":{\"@id\":\"https:\\\/\\\/relaisgourmet.com\\\/de\\\/Produkt\\\/belcenia-gourmet-geschenkkorb\\\/#breadcrumb\"},\"inLanguage\":\"de\",\"potentialAction\":[{\"@type\":\"ReadAction\",\"target\":[\"https:\\\/\\\/relaisgourmet.com\\\/de\\\/Produkt\\\/belcenia-gourmet-geschenkkorb\\\/\"]}]},{\"@type\":\"ImageObject\",\"inLanguage\":\"de\",\"@id\":\"https:\\\/\\\/relaisgourmet.com\\\/de\\\/Produkt\\\/belcenia-gourmet-geschenkkorb\\\/#primaryimage\",\"url\":\"https:\\\/\\\/relaisgourmet.com\\\/wp-content\\\/uploads\\\/2020\\\/11\\\/Mendiak.jpg\",\"contentUrl\":\"https:\\\/\\\/relaisgourmet.com\\\/wp-content\\\/uploads\\\/2020\\\/11\\\/Mendiak.jpg\",\"width\":1503,\"height\":1503,\"caption\":\"photographe d'entreprise, corporate, packshot, CV pau bearn pays basque\"},{\"@type\":\"BreadcrumbList\",\"@id\":\"https:\\\/\\\/relaisgourmet.com\\\/de\\\/Produkt\\\/belcenia-gourmet-geschenkkorb\\\/#breadcrumb\",\"itemListElement\":[{\"@type\":\"ListItem\",\"position\":1,\"name\":\"Startseite\",\"item\":\"https:\\\/\\\/relaisgourmet.com\\\/de\\\/\"},{\"@type\":\"ListItem\",\"position\":2,\"name\":\"Authentische Foie Gras\",\"item\":\"https:\\\/\\\/relaisgourmet.com\\\/de\\\/authentische-foie-gras\\\/\"},{\"@type\":\"ListItem\",\"position\":3,\"name\":\"Mendiak Box\"}]},{\"@type\":\"WebSite\",\"@id\":\"https:\\\/\\\/relaisgourmet.com\\\/de\\\/#website\",\"url\":\"https:\\\/\\\/relaisgourmet.com\\\/de\\\/\",\"name\":\"Relais Gourmet\",\"description\":\"Maison Gastronomique au Pays-Basque Depuis 2004\",\"publisher\":{\"@id\":\"https:\\\/\\\/relaisgourmet.com\\\/de\\\/#organization\"},\"potentialAction\":[{\"@type\":\"SearchAction\",\"target\":{\"@type\":\"EntryPoint\",\"urlTemplate\":\"https:\\\/\\\/relaisgourmet.com\\\/de\\\/?s={search_term_string}\"},\"query-input\":{\"@type\":\"PropertyValueSpecification\",\"valueRequired\":true,\"valueName\":\"search_term_string\"}}],\"inLanguage\":\"de\"},{\"@type\":\"Organization\",\"@id\":\"https:\\\/\\\/relaisgourmet.com\\\/de\\\/#organization\",\"name\":\"Relais Gourmet\",\"url\":\"https:\\\/\\\/relaisgourmet.com\\\/de\\\/\",\"logo\":{\"@type\":\"ImageObject\",\"inLanguage\":\"de\",\"@id\":\"https:\\\/\\\/relaisgourmet.com\\\/de\\\/#\\\/schema\\\/logo\\\/image\\\/\",\"url\":\"https:\\\/\\\/relaisgourmet.com\\\/wp-content\\\/uploads\\\/2024\\\/11\\\/Diseno-sin-titulo-8.jpg\",\"contentUrl\":\"https:\\\/\\\/relaisgourmet.com\\\/wp-content\\\/uploads\\\/2024\\\/11\\\/Diseno-sin-titulo-8.jpg\",\"width\":500,\"height\":500,\"caption\":\"Relais Gourmet\"},\"image\":{\"@id\":\"https:\\\/\\\/relaisgourmet.com\\\/de\\\/#\\\/schema\\\/logo\\\/image\\\/\"},\"sameAs\":[\"https:\\\/\\\/facebook.com\\\/yoast\",\"https:\\\/\\\/instagram.com\\\/yoast\"]}]}<\/script>\n<!-- \/ Yoast SEO Premium plugin. -->","yoast_head_json":{"title":"Mendiak Box \u2013 Kulinarik trifft Tradition","description":"Typisch baskisches Genussset mit hochwertigen Produkten f\u00fcr echte Feinschmecker.","robots":{"index":"index","follow":"follow","max-snippet":"max-snippet:-1","max-image-preview":"max-image-preview:large","max-video-preview":"max-video-preview:-1"},"canonical":"https:\/\/relaisgourmet.com\/de\/Produkt\/belcenia-gourmet-geschenkkorb\/","og_locale":"de_DE","og_type":"article","og_title":"Mendiak Box","og_description":"Typisch baskisches Genussset mit hochwertigen Produkten f\u00fcr echte Feinschmecker.","og_url":"https:\/\/relaisgourmet.com\/de\/Produkt\/belcenia-gourmet-geschenkkorb\/","og_site_name":"Relais Gourmet","article_publisher":"https:\/\/facebook.com\/yoast","article_modified_time":"2025-04-12T20:35:40+00:00","og_image":[{"width":2500,"height":1667,"url":"https:\/\/relaisgourmet.com\/wp-content\/uploads\/2024\/09\/mendiak-2-1.jpg","type":"image\/jpeg"}],"twitter_card":"summary_large_image","twitter_misc":{"Gesch\u00e4tzte Lesezeit":"1\u00a0Minute"},"schema":{"@context":"https:\/\/schema.org","@graph":[{"@type":"WebPage","@id":"https:\/\/relaisgourmet.com\/de\/Produkt\/belcenia-gourmet-geschenkkorb\/","url":"https:\/\/relaisgourmet.com\/de\/Produkt\/belcenia-gourmet-geschenkkorb\/","name":"Mendiak Box \u2013 Kulinarik trifft Tradition","isPartOf":{"@id":"https:\/\/relaisgourmet.com\/de\/#website"},"primaryImageOfPage":{"@id":"https:\/\/relaisgourmet.com\/de\/Produkt\/belcenia-gourmet-geschenkkorb\/#primaryimage"},"image":{"@id":"https:\/\/relaisgourmet.com\/de\/Produkt\/belcenia-gourmet-geschenkkorb\/#primaryimage"},"thumbnailUrl":"https:\/\/relaisgourmet.com\/wp-content\/uploads\/2020\/11\/Mendiak.jpg","datePublished":"2020-11-18T09:16:51+00:00","dateModified":"2025-04-12T20:35:40+00:00","description":"Typisch baskisches Genussset mit hochwertigen Produkten f\u00fcr echte Feinschmecker.","breadcrumb":{"@id":"https:\/\/relaisgourmet.com\/de\/Produkt\/belcenia-gourmet-geschenkkorb\/#breadcrumb"},"inLanguage":"de","potentialAction":[{"@type":"ReadAction","target":["https:\/\/relaisgourmet.com\/de\/Produkt\/belcenia-gourmet-geschenkkorb\/"]}]},{"@type":"ImageObject","inLanguage":"de","@id":"https:\/\/relaisgourmet.com\/de\/Produkt\/belcenia-gourmet-geschenkkorb\/#primaryimage","url":"https:\/\/relaisgourmet.com\/wp-content\/uploads\/2020\/11\/Mendiak.jpg","contentUrl":"https:\/\/relaisgourmet.com\/wp-content\/uploads\/2020\/11\/Mendiak.jpg","width":1503,"height":1503,"caption":"photographe d'entreprise, corporate, packshot, CV pau bearn pays basque"},{"@type":"BreadcrumbList","@id":"https:\/\/relaisgourmet.com\/de\/Produkt\/belcenia-gourmet-geschenkkorb\/#breadcrumb","itemListElement":[{"@type":"ListItem","position":1,"name":"Startseite","item":"https:\/\/relaisgourmet.com\/de\/"},{"@type":"ListItem","position":2,"name":"Authentische Foie Gras","item":"https:\/\/relaisgourmet.com\/de\/authentische-foie-gras\/"},{"@type":"ListItem","position":3,"name":"Mendiak Box"}]},{"@type":"WebSite","@id":"https:\/\/relaisgourmet.com\/de\/#website","url":"https:\/\/relaisgourmet.com\/de\/","name":"Relais Gourmet","description":"Maison Gastronomique au Pays-Basque Depuis 2004","publisher":{"@id":"https:\/\/relaisgourmet.com\/de\/#organization"},"potentialAction":[{"@type":"SearchAction","target":{"@type":"EntryPoint","urlTemplate":"https:\/\/relaisgourmet.com\/de\/?s={search_term_string}"},"query-input":{"@type":"PropertyValueSpecification","valueRequired":true,"valueName":"search_term_string"}}],"inLanguage":"de"},{"@type":"Organization","@id":"https:\/\/relaisgourmet.com\/de\/#organization","name":"Relais Gourmet","url":"https:\/\/relaisgourmet.com\/de\/","logo":{"@type":"ImageObject","inLanguage":"de","@id":"https:\/\/relaisgourmet.com\/de\/#\/schema\/logo\/image\/","url":"https:\/\/relaisgourmet.com\/wp-content\/uploads\/2024\/11\/Diseno-sin-titulo-8.jpg","contentUrl":"https:\/\/relaisgourmet.com\/wp-content\/uploads\/2024\/11\/Diseno-sin-titulo-8.jpg","width":500,"height":500,"caption":"Relais Gourmet"},"image":{"@id":"https:\/\/relaisgourmet.com\/de\/#\/schema\/logo\/image\/"},"sameAs":["https:\/\/facebook.com\/yoast","https:\/\/instagram.com\/yoast"]}]}},"_links":{"self":[{"href":"https:\/\/relaisgourmet.com\/de\/wp-json\/wp\/v2\/product\/42093","targetHints":{"allow":["GET"]}}],"collection":[{"href":"https:\/\/relaisgourmet.com\/de\/wp-json\/wp\/v2\/product"}],"about":[{"href":"https:\/\/relaisgourmet.com\/de\/wp-json\/wp\/v2\/types\/product"}],"replies":[{"embeddable":true,"href":"https:\/\/relaisgourmet.com\/de\/wp-json\/wp\/v2\/comments?post=42093"}],"version-history":[{"count":1,"href":"https:\/\/relaisgourmet.com\/de\/wp-json\/wp\/v2\/product\/42093\/revisions"}],"predecessor-version":[{"id":55164,"href":"https:\/\/relaisgourmet.com\/de\/wp-json\/wp\/v2\/product\/42093\/revisions\/55164"}],"wp:featuredmedia":[{"embeddable":true,"href":"https:\/\/relaisgourmet.com\/de\/wp-json\/wp\/v2\/media\/58836"}],"wp:attachment":[{"href":"https:\/\/relaisgourmet.com\/de\/wp-json\/wp\/v2\/media?parent=42093"}],"wp:term":[{"taxonomy":"product_brand","embeddable":true,"href":"https:\/\/relaisgourmet.com\/de\/wp-json\/wp\/v2\/product_brand?post=42093"},{"taxonomy":"product_cat","embeddable":true,"href":"https:\/\/relaisgourmet.com\/de\/wp-json\/wp\/v2\/product_cat?post=42093"},{"taxonomy":"product_tag","embeddable":true,"href":"https:\/\/relaisgourmet.com\/de\/wp-json\/wp\/v2\/product_tag?post=42093"},{"taxonomy":"giftcard-category","embeddable":true,"href":"https:\/\/relaisgourmet.com\/de\/wp-json\/wp\/v2\/giftcard-category?post=42093"}],"curies":[{"name":"wp","href":"https:\/\/api.w.org\/{rel}","templated":true}]}}