{"id":42089,"date":"2020-10-19T07:45:01","date_gmt":"2020-10-19T05:45:01","guid":{"rendered":"https:\/\/relaisgourmet.com\/produit\/chourienia-traditionelles-gourmet-sortiment\/"},"modified":"2025-04-12T22:35:40","modified_gmt":"2025-04-12T20:35:40","slug":"chourienia-traditionelles-gourmet-sortiment","status":"publish","type":"product","link":"https:\/\/relaisgourmet.com\/de\/Produkt\/chourienia-traditionelles-gourmet-sortiment\/","title":{"rendered":"Chourienia Traditionelles Gourmet-Sortiment"},"content":{"rendered":"<div class=\"page\" title=\"Page 18\">\n<div class=\"section\">\n<div class=\"layoutArea\">\n<div class=\"column\">\n<p>Unser Chourienia Traditional Gourmet Assortment ist eine Kombination aus all unseren klassischen Produkten. Die Kombination aus s\u00fc\u00df-sauren und traditionellen Geschmacksrichtungen erm\u00f6glicht es Ihnen, authentische Geschmacksrichtungen zu finden. Lassen Sie sich von geschmacksintensiven Produkten verf\u00fchren, die das franz\u00f6sische Territorium mit Stolz repr\u00e4sentieren.<\/p>\n<p>Der Name &#8222;Chourienia&#8220; leitet sich von der franz\u00f6sischen baskischen Form f\u00fcr Vogel ab (txoria&#8220; in Batua Baskisch), wobei die Endung &#8222;-enia\/enea&#8220; darauf hinweist, dass es sich um ein Haus handelt. Auf diese Weise erinnert unser Sortiment &#8222;das Haus der V\u00f6gel&#8220; sowohl an die gro\u00dfe Vielfalt der gefl\u00fcgelten Fauna des Baskenlandes als auch an ihre gro\u00dfe Bedeutung in der traditionellen baskischen Gastronomie. Wie unsere gefiederten Gef\u00e4hrten bietet auch dieses Sortiment eine gro\u00dfe Geschmacksvielfalt, ohne seine lange Tradition zu verlieren.<\/p>\n<h2><strong>Das Chourienia Traditionelles Gourmet-Sortiment umfasst:<\/strong><\/h2>\n<ul>\n<li><a href=\"https:\/\/relaisgourmet.com\/produit\/ganze-foie-gras-natur\/?lang=de\">Ganzes natu\u0308rliches Foie Gras<\/a> (200g)<\/li>\n<li><a href=\"https:\/\/relaisgourmet.com\/produit\/ganze-foie-gras-mit-schwarzen-truffeln\/?lang=de\">Ganzes Foie Gras mit schwarzen Tru\u0308ffeln<\/a> (200g)<\/li>\n<li><a href=\"https:\/\/relaisgourmet.com\/produit\/ganze-foie-gras-mit-espelette-pfeffer\/?lang=de\">Ganze Ga\u0308nseleber mit Espelette-Pfeffer<\/a> (180g)<\/li>\n<li><a href=\"https:\/\/relaisgourmet.com\/produit\/ganze-foie-gras-mit-armagnac\/?lang=de\">Ganze Ga\u0308nseleber mit Armagnac<\/a> (200g)<\/li>\n<li><a href=\"https:\/\/relaisgourmet.com\/produit\/ganze-foie-gras-mit-feigen\/?lang=de\">Ganzes Foie Gras mit Feigen<\/a> (200g)<\/li>\n<li><a href=\"https:\/\/relaisgourmet.com\/produit\/ganze-foie-gras-mit-portwein\/?lang=de\">Ganzes Foie Gras mit Portwein<\/a> (200g)<\/li>\n<li><a href=\"https:\/\/relaisgourmet.com\/produit\/wenn-jurancon-diesen-gourmet-aperitif\/?lang=de\">Gourmet Juranc\u0327on Aperitif<\/a> frei (180g)<\/li>\n<li>Gratis <a href=\"https:\/\/relaisgourmet.com\/produit\/armagnac-gourmet-aperitif\/?lang=de\">Armagnac Gourmet-Aperitif<\/a> (180g)<\/li>\n<\/ul>\n<p><strong>Gewicht:<\/strong> \u200b1,54 kg<\/p>\n<\/div>\n<p><strong>Garantiert ohne Konservierungsmittel, Zusatzstoffe oder Farbstoffe.<\/strong><\/p>\n<p><strong>Lagerung: <\/strong>mindestens 3 Jahre, bei Raumtemperatur. Bewahren Sie das Produkt an einem k\u00fchlen, trockenen und lichtgesch\u00fctzten Ort auf (Schrank, Speisekammer oder Vorratskammer). Nach dem \u00d6ffnen im K\u00fchlschrank aufbewahren und vorzugsweise innerhalb von 15 Tagen verbrauchen.<\/p>\n<h2><strong>Euskal Oiloa, das baskische Huhn in der Gastronomie:<\/strong><\/h2>\n<p>Auch wenn f\u00fcr Relais Gourmet die baskisch-franz\u00f6sische Ente der absolute Protagonist ist, so ist der ikonischste Vogel der baskischen Gastronomie und Kultur zweifelsohne das Huhn.<\/p>\n<p>Das Baskenland hat eine sehr lange Tradition in der H\u00fchnerzucht, die sich in der autochthonen Unterart &#8222;euskal oiloa&#8220;, dem baskischen Huhn, widerspiegelt.<\/p>\n<p>Wie es f\u00fcr die baskische Fauna typisch ist, erkennt man die &#8222;euskal oiloa&#8220; an ihrem unverwechselbar rustikalen Aussehen. Abgesehen von ihren physischen Unterscheidungsmerkmalen, wie den gelben Beinen und den roten Lappen, werden diese V\u00f6gel von Z\u00fcchtern f\u00fcr ihren sanften und intelligenten Charakter gelobt. Ihre charakteristischste Eigenschaft sind die braunen Eier, die jeweils etwa 60 g wiegen.<\/p>\n<p>In der Gastronomie wird das baskische Huhn sowohl f\u00fcr sein Fleisch, das eine feste Konsistenz und einen angenehmen Geschmack aufweist, als auch f\u00fcr seine braunen Eier gesch\u00e4tzt. Letztere sind zweifelsohne das Starprodukt des Unternehmens. Diese Eier aus biologischem Anbau sind einer der Schl\u00fcssel zur baskischen Gastronomie, und ein echter Feinschmecker wird keine Industrieeier als Ersatz akzeptieren.<\/p>\n<h2><strong>Unsere Tipps zur Verkostung von Foie Gras:<\/strong><\/h2>\n<ul>\n<li>\n<h3><strong>Wie erh\u00e4lt man die beste Textur bei Foie Gras?:<\/strong><\/h3>\n<\/li>\n<\/ul>\n<p style=\"padding-left: 40px;\">Um die beste Textur der Foie Gras zu erhalten, sollte sie eine Stunde vor dem Servieren in den K\u00fchlschrank gestellt werden. Dadurch erh\u00e4lt die Foie Gras die ideale Konsistenz f\u00fcr die Verkostung. Vor dem Servieren 5 bis 10 Minuten abk\u00fchlen lassen.<\/p>\n<ul>\n<li>\n<h3><strong>Welches Brot sollte man zu Foie Gras verwenden?:<\/strong><\/h3>\n<\/li>\n<\/ul>\n<p style=\"padding-left: 40px;\">Foie Gras hat einen subtilen Geschmack, der durch stark getoastetes Brot \u00fcberdeckt werden kann. Wir empfehlen einfache, aromatisierte Brote wie Bauernbrot zu verwenden. Leicht fruchtige Brote, wie z. B. mit Ingwer, k\u00f6nnen der Foie Gras eine zus\u00e4tzliche Geschmacksnote verleihen, ohne sie zu \u00fcberdecken.<\/p>\n<ul>\n<li>\n<h3><strong>Welcher Wein passt am besten zu Foie Gras?:<\/strong><\/h3>\n<\/li>\n<\/ul>\n<p style=\"padding-left: 40px;\">Die Paarung von Foie Gras hat keine einzige richtige Antwort. Bei Relais Gourmet empfehlen wir die folgenden Optionen:<\/p>\n<ul>\n<li style=\"list-style-type: none;\">\n<ul>\n<li>\n<h4><strong>Foie Gras mit S\u00fc\u00dfweinen kombinieren:<\/strong><\/h4>\n<\/li>\n<\/ul>\n<\/li>\n<\/ul>\n<p style=\"padding-left: 80px;\">Weine wie Muskateller oder Malvasia oder die franz\u00f6sischen Monbazillac-, Juran\u00e7on- oder Sp\u00e4t-Elsass-Weine sind perfekte Begleiter f\u00fcr Foie Gras. Ihr nat\u00fcrlicher S\u00e4uregehalt tr\u00e4gt zur Harmonisierung der Kombination bei und macht sie leicht verdaulich.<\/p>\n<ul>\n<li style=\"list-style-type: none;\">\n<ul>\n<li>\n<h4><strong>Foie Gras mit trockenen Wei\u00dfweinen kombinieren:<\/strong><\/h4>\n<\/li>\n<\/ul>\n<\/li>\n<\/ul>\n<p style=\"padding-left: 80px;\">Die Textur von Weinen wie dem fruchtigen katalanischen Xarel-lo, dem franz\u00f6sischen Condrieu oder Crozes-Hermitage harmoniert nicht, sondern bildet einen interessanten und eleganten Kontrast am Gaumen.<\/p>\n<ul>\n<li style=\"list-style-type: none;\">\n<ul>\n<li>\n<h4><strong>Foie Gras mit Champagner kombinieren:<\/strong><\/h4>\n<\/li>\n<\/ul>\n<\/li>\n<\/ul>\n<p style=\"padding-left: 80px;\">Leicht weinhaltige Champagner sind eine sehr gelungene Kombination mit unserer Foie Gras. Die Bl\u00e4schen verleihen dem Aperitif Leichtigkeit, w\u00e4hrend ihre Sanftheit dazu beitr\u00e4gt, die kulinarische Feinheit einer guten Foie Gras zu unterstreichen. Besonders empfehlenswert sind Flaschen aus Pinot Noir oder Cava, da sie weniger s\u00e4urehaltig sind als Champagner aus Chardonnay.<\/p>\n<ul>\n<li style=\"list-style-type: none;\">\n<ul>\n<li>\n<h4><strong>Foie Gras mit Rotwein kombinieren:<\/strong><\/h4>\n<\/li>\n<\/ul>\n<\/li>\n<\/ul>\n<p style=\"padding-left: 80px;\">Im S\u00fcdosten Frankreichs ist es nicht un\u00fcblich, Foie Gras mit gehaltvollen Rotweinen zu kombinieren. Irouleguy, Cahors, Madiran oder Bergerac sind einige gute Rotweine, die den Geschmack der Foie Gras unterstreichen. Bei spanischen Weinen ist ein guter Rotwein aus Ribera del Duero eine sichere Sache. Bei der Kombination mit Rotwein ist es besonders empfehlenswert, ein sehr einfach schmeckendes Brot zu verwenden.<\/p>\n<p>Finden Sie alle unsere Produkte im Relais Gourmet Shop und z\u00f6gern Sie nicht, unseren Blog zu besuchen, um unsere Rezepte und andere Neuigkeiten zu entdecken.<\/p>\n<\/div>\n<\/div>\n<\/div>\n","protected":false},"excerpt":{"rendered":"<div class=\"page\" title=\"Page 17\">\n<div class=\"section\">\n<div class=\"layoutArea\">\n<div class=\"column\">\n<div class=\"column\">\n<p>Unser Chourienia Traditional Gourmet Assortment ist eine Kombination aus all unseren klassischen Produkten. Die Kombination aus s\u00fc\u00df-sauren und traditionellen Geschmacksrichtungen erm\u00f6glicht es Ihnen, authentische Geschmacksrichtungen zu finden. Lassen Sie sich von geschmacksintensiven Produkten verf\u00fchren, die das franz\u00f6sische Territorium mit Stolz repr\u00e4sentieren.<\/p>\n<h2><strong>Das Chourienia Traditionelles Gourmet-Sortiment umfasst:<\/strong><\/h2>\n<ul>\n<li><a href=\"https:\/\/relaisgourmet.com\/produit\/ganze-foie-gras-natur\/?lang=de\">Ganzes natu\u0308rliches Foie Gras<\/a> (200g)<\/li>\n<li><a href=\"https:\/\/relaisgourmet.com\/produit\/ganze-foie-gras-mit-schwarzen-truffeln\/?lang=de\">Ganzes Foie Gras mit schwarzen Tru\u0308ffeln<\/a> (200g)<\/li>\n<li><a href=\"https:\/\/relaisgourmet.com\/produit\/ganze-foie-gras-mit-espelette-pfeffer\/?lang=de\">Ganze Ga\u0308nseleber mit Espelette-Pfeffer<\/a> (180g)<\/li>\n<li><a href=\"https:\/\/relaisgourmet.com\/produit\/ganze-foie-gras-mit-armagnac\/?lang=de\">Ganze Ga\u0308nseleber mit Armagnac<\/a> (200g)<\/li>\n<li><a href=\"https:\/\/relaisgourmet.com\/produit\/ganze-foie-gras-mit-feigen\/?lang=de\">Ganzes Foie Gras mit Feigen<\/a> (200g)<\/li>\n<li><a href=\"https:\/\/relaisgourmet.com\/produit\/ganze-foie-gras-mit-portwein\/?lang=de\">Ganzes Foie Gras mit Portwein<\/a> (200g)<\/li>\n<li><a href=\"https:\/\/relaisgourmet.com\/produit\/wenn-jurancon-diesen-gourmet-aperitif\/?lang=de\">Gourmet Juranc\u0327on Aperitif<\/a> frei (180g)<\/li>\n<li>Gratis <a href=\"https:\/\/relaisgourmet.com\/produit\/armagnac-gourmet-aperitif\/?lang=de\">Armagnac Gourmet-Aperitif<\/a> (180g)<\/li>\n<\/ul>\n<p><strong>Gewicht:<\/strong> \u200b1,54 kg<\/p>\n<\/div>\n<p><strong>Garantiert ohne Konservierungsmittel, Zusatzstoffe oder Farbstoffe.<\/strong><\/p>\n<p><strong>Lagerung: <\/strong>mindestens 3 Jahre, bei Raumtemperatur. Bewahren Sie das Produkt an einem k\u00fchlen, trockenen und lichtgesch\u00fctzten Ort auf (Schrank, Speisekammer oder Vorratskammer). Nach dem \u00d6ffnen im K\u00fchlschrank aufbewahren und vorzugsweise innerhalb von 15 Tagen verbrauchen.<\/p>\n<\/div>\n<\/div>\n<\/div>\n<\/div>\n","protected":false},"featured_media":58072,"comment_status":"closed","ping_status":"closed","template":"","meta":[],"product_brand":[],"product_cat":[1299,1295],"product_tag":[1226,2522,2506,2507,2508,2516,2505,2518,2509,2510,2517,2515,2520,2514,2521,2513,2523,2511,2008,1222,2519,2512],"giftcard-category":[],"class_list":{"0":"post-42089","1":"product","2":"type-product","3":"status-publish","4":"has-post-thumbnail","6":"product_cat-sortimente","7":"product_cat-unsere-foies-gras","8":"product_tag-14-personen","9":"product_tag-baskische-produkte","10":"product_tag-dose","11":"product_tag-foie-gras-set","12":"product_tag-gastronomische-box","13":"product_tag-gastronomisches-paket","14":"product_tag-geschenkbox","15":"product_tag-gourmet-paket","16":"product_tag-gourmetpaket","17":"product_tag-gourmetpaket-de","18":"product_tag-gourmetpaket-de-2","19":"product_tag-lebergras-paket","20":"product_tag-paket-anbieten","21":"product_tag-paket-foie-gras","22":"product_tag-pakete-zum-verschenken","23":"product_tag-party-paket","24":"product_tag-sudwestprodukte","25":"product_tag-terroir-koffer","26":"product_tag-tipoclasico-de","27":"product_tag-uber-400g","28":"product_tag-weihnachtspaket","29":"product_tag-zu-versendende-pakete","30":"product_shipping_class-standard-de","32":"first","33":"instock","34":"taxable","35":"shipping-taxable","36":"purchasable","37":"product-type-simple"},"yoast_head":"<!-- This site is optimized with the Yoast SEO Premium plugin v27.0 (Yoast SEO v27.3) - https:\/\/yoast.com\/product\/yoast-seo-premium-wordpress\/ -->\n<title>Chourienia Feinkost-Set \u2013 Baskisches Sortiment<\/title>\n<meta name=\"description\" content=\"Authentisches Gourmet-Sortiment mit Spezialit\u00e4ten aus dem Baskenland, perfekt zum Teilen.\" \/>\n<meta name=\"robots\" content=\"index, follow, max-snippet:-1, max-image-preview:large, max-video-preview:-1\" \/>\n<link rel=\"canonical\" href=\"https:\/\/relaisgourmet.com\/de\/Produkt\/chourienia-traditionelles-gourmet-sortiment\/\" \/>\n<meta property=\"og:locale\" content=\"de_DE\" \/>\n<meta property=\"og:type\" content=\"article\" \/>\n<meta property=\"og:title\" content=\"Chourienia Traditionelles Gourmet-Sortiment\" \/>\n<meta property=\"og:description\" content=\"Authentisches Gourmet-Sortiment mit Spezialit\u00e4ten aus dem Baskenland, perfekt zum Teilen.\" \/>\n<meta property=\"og:url\" content=\"https:\/\/relaisgourmet.com\/de\/Produkt\/chourienia-traditionelles-gourmet-sortiment\/\" \/>\n<meta property=\"og:site_name\" content=\"Relais Gourmet\" \/>\n<meta property=\"article:publisher\" content=\"https:\/\/facebook.com\/yoast\" \/>\n<meta property=\"article:modified_time\" content=\"2025-04-12T20:35:40+00:00\" \/>\n<meta property=\"og:image\" content=\"https:\/\/relaisgourmet.com\/wp-content\/uploads\/2024\/09\/Coffret-Chourienia-Relais-Gourmet-1-1.jpg\" \/>\n\t<meta property=\"og:image:width\" content=\"815\" \/>\n\t<meta property=\"og:image:height\" content=\"857\" \/>\n\t<meta property=\"og:image:type\" content=\"image\/jpeg\" \/>\n<meta name=\"twitter:card\" content=\"summary_large_image\" \/>\n<meta name=\"twitter:label1\" content=\"Gesch\u00e4tzte Lesezeit\" \/>\n\t<meta name=\"twitter:data1\" content=\"4\u00a0Minute\" \/>\n<script type=\"application\/ld+json\" class=\"yoast-schema-graph\">{\"@context\":\"https:\\\/\\\/schema.org\",\"@graph\":[{\"@type\":\"WebPage\",\"@id\":\"https:\\\/\\\/relaisgourmet.com\\\/de\\\/Produkt\\\/chourienia-traditionelles-gourmet-sortiment\\\/\",\"url\":\"https:\\\/\\\/relaisgourmet.com\\\/de\\\/Produkt\\\/chourienia-traditionelles-gourmet-sortiment\\\/\",\"name\":\"Chourienia Feinkost-Set \u2013 Baskisches Sortiment\",\"isPartOf\":{\"@id\":\"https:\\\/\\\/relaisgourmet.com\\\/de\\\/#website\"},\"primaryImageOfPage\":{\"@id\":\"https:\\\/\\\/relaisgourmet.com\\\/de\\\/Produkt\\\/chourienia-traditionelles-gourmet-sortiment\\\/#primaryimage\"},\"image\":{\"@id\":\"https:\\\/\\\/relaisgourmet.com\\\/de\\\/Produkt\\\/chourienia-traditionelles-gourmet-sortiment\\\/#primaryimage\"},\"thumbnailUrl\":\"https:\\\/\\\/relaisgourmet.com\\\/wp-content\\\/uploads\\\/2020\\\/10\\\/Assortiment-Chourienia-min.png\",\"datePublished\":\"2020-10-19T05:45:01+00:00\",\"dateModified\":\"2025-04-12T20:35:40+00:00\",\"description\":\"Authentisches Gourmet-Sortiment mit Spezialit\u00e4ten aus dem Baskenland, perfekt zum Teilen.\",\"breadcrumb\":{\"@id\":\"https:\\\/\\\/relaisgourmet.com\\\/de\\\/Produkt\\\/chourienia-traditionelles-gourmet-sortiment\\\/#breadcrumb\"},\"inLanguage\":\"de\",\"potentialAction\":[{\"@type\":\"ReadAction\",\"target\":[\"https:\\\/\\\/relaisgourmet.com\\\/de\\\/Produkt\\\/chourienia-traditionelles-gourmet-sortiment\\\/\"]}]},{\"@type\":\"ImageObject\",\"inLanguage\":\"de\",\"@id\":\"https:\\\/\\\/relaisgourmet.com\\\/de\\\/Produkt\\\/chourienia-traditionelles-gourmet-sortiment\\\/#primaryimage\",\"url\":\"https:\\\/\\\/relaisgourmet.com\\\/wp-content\\\/uploads\\\/2020\\\/10\\\/Assortiment-Chourienia-min.png\",\"contentUrl\":\"https:\\\/\\\/relaisgourmet.com\\\/wp-content\\\/uploads\\\/2020\\\/10\\\/Assortiment-Chourienia-min.png\",\"width\":1000,\"height\":1000},{\"@type\":\"BreadcrumbList\",\"@id\":\"https:\\\/\\\/relaisgourmet.com\\\/de\\\/Produkt\\\/chourienia-traditionelles-gourmet-sortiment\\\/#breadcrumb\",\"itemListElement\":[{\"@type\":\"ListItem\",\"position\":1,\"name\":\"Startseite\",\"item\":\"https:\\\/\\\/relaisgourmet.com\\\/de\\\/\"},{\"@type\":\"ListItem\",\"position\":2,\"name\":\"Authentische Foie Gras\",\"item\":\"https:\\\/\\\/relaisgourmet.com\\\/de\\\/authentische-foie-gras\\\/\"},{\"@type\":\"ListItem\",\"position\":3,\"name\":\"Chourienia Traditionelles Gourmet-Sortiment\"}]},{\"@type\":\"WebSite\",\"@id\":\"https:\\\/\\\/relaisgourmet.com\\\/de\\\/#website\",\"url\":\"https:\\\/\\\/relaisgourmet.com\\\/de\\\/\",\"name\":\"Relais Gourmet\",\"description\":\"Maison Gastronomique au Pays-Basque Depuis 2004\",\"publisher\":{\"@id\":\"https:\\\/\\\/relaisgourmet.com\\\/de\\\/#organization\"},\"potentialAction\":[{\"@type\":\"SearchAction\",\"target\":{\"@type\":\"EntryPoint\",\"urlTemplate\":\"https:\\\/\\\/relaisgourmet.com\\\/de\\\/?s={search_term_string}\"},\"query-input\":{\"@type\":\"PropertyValueSpecification\",\"valueRequired\":true,\"valueName\":\"search_term_string\"}}],\"inLanguage\":\"de\"},{\"@type\":\"Organization\",\"@id\":\"https:\\\/\\\/relaisgourmet.com\\\/de\\\/#organization\",\"name\":\"Relais Gourmet\",\"url\":\"https:\\\/\\\/relaisgourmet.com\\\/de\\\/\",\"logo\":{\"@type\":\"ImageObject\",\"inLanguage\":\"de\",\"@id\":\"https:\\\/\\\/relaisgourmet.com\\\/de\\\/#\\\/schema\\\/logo\\\/image\\\/\",\"url\":\"https:\\\/\\\/relaisgourmet.com\\\/wp-content\\\/uploads\\\/2024\\\/11\\\/Diseno-sin-titulo-8.jpg\",\"contentUrl\":\"https:\\\/\\\/relaisgourmet.com\\\/wp-content\\\/uploads\\\/2024\\\/11\\\/Diseno-sin-titulo-8.jpg\",\"width\":500,\"height\":500,\"caption\":\"Relais Gourmet\"},\"image\":{\"@id\":\"https:\\\/\\\/relaisgourmet.com\\\/de\\\/#\\\/schema\\\/logo\\\/image\\\/\"},\"sameAs\":[\"https:\\\/\\\/facebook.com\\\/yoast\",\"https:\\\/\\\/instagram.com\\\/yoast\"]}]}<\/script>\n<!-- \/ Yoast SEO Premium plugin. -->","yoast_head_json":{"title":"Chourienia Feinkost-Set \u2013 Baskisches Sortiment","description":"Authentisches Gourmet-Sortiment mit Spezialit\u00e4ten aus dem Baskenland, perfekt zum Teilen.","robots":{"index":"index","follow":"follow","max-snippet":"max-snippet:-1","max-image-preview":"max-image-preview:large","max-video-preview":"max-video-preview:-1"},"canonical":"https:\/\/relaisgourmet.com\/de\/Produkt\/chourienia-traditionelles-gourmet-sortiment\/","og_locale":"de_DE","og_type":"article","og_title":"Chourienia Traditionelles Gourmet-Sortiment","og_description":"Authentisches Gourmet-Sortiment mit Spezialit\u00e4ten aus dem Baskenland, perfekt zum Teilen.","og_url":"https:\/\/relaisgourmet.com\/de\/Produkt\/chourienia-traditionelles-gourmet-sortiment\/","og_site_name":"Relais Gourmet","article_publisher":"https:\/\/facebook.com\/yoast","article_modified_time":"2025-04-12T20:35:40+00:00","og_image":[{"width":815,"height":857,"url":"https:\/\/relaisgourmet.com\/wp-content\/uploads\/2024\/09\/Coffret-Chourienia-Relais-Gourmet-1-1.jpg","type":"image\/jpeg"}],"twitter_card":"summary_large_image","twitter_misc":{"Gesch\u00e4tzte Lesezeit":"4\u00a0Minute"},"schema":{"@context":"https:\/\/schema.org","@graph":[{"@type":"WebPage","@id":"https:\/\/relaisgourmet.com\/de\/Produkt\/chourienia-traditionelles-gourmet-sortiment\/","url":"https:\/\/relaisgourmet.com\/de\/Produkt\/chourienia-traditionelles-gourmet-sortiment\/","name":"Chourienia Feinkost-Set \u2013 Baskisches Sortiment","isPartOf":{"@id":"https:\/\/relaisgourmet.com\/de\/#website"},"primaryImageOfPage":{"@id":"https:\/\/relaisgourmet.com\/de\/Produkt\/chourienia-traditionelles-gourmet-sortiment\/#primaryimage"},"image":{"@id":"https:\/\/relaisgourmet.com\/de\/Produkt\/chourienia-traditionelles-gourmet-sortiment\/#primaryimage"},"thumbnailUrl":"https:\/\/relaisgourmet.com\/wp-content\/uploads\/2020\/10\/Assortiment-Chourienia-min.png","datePublished":"2020-10-19T05:45:01+00:00","dateModified":"2025-04-12T20:35:40+00:00","description":"Authentisches Gourmet-Sortiment mit Spezialit\u00e4ten aus dem Baskenland, perfekt zum Teilen.","breadcrumb":{"@id":"https:\/\/relaisgourmet.com\/de\/Produkt\/chourienia-traditionelles-gourmet-sortiment\/#breadcrumb"},"inLanguage":"de","potentialAction":[{"@type":"ReadAction","target":["https:\/\/relaisgourmet.com\/de\/Produkt\/chourienia-traditionelles-gourmet-sortiment\/"]}]},{"@type":"ImageObject","inLanguage":"de","@id":"https:\/\/relaisgourmet.com\/de\/Produkt\/chourienia-traditionelles-gourmet-sortiment\/#primaryimage","url":"https:\/\/relaisgourmet.com\/wp-content\/uploads\/2020\/10\/Assortiment-Chourienia-min.png","contentUrl":"https:\/\/relaisgourmet.com\/wp-content\/uploads\/2020\/10\/Assortiment-Chourienia-min.png","width":1000,"height":1000},{"@type":"BreadcrumbList","@id":"https:\/\/relaisgourmet.com\/de\/Produkt\/chourienia-traditionelles-gourmet-sortiment\/#breadcrumb","itemListElement":[{"@type":"ListItem","position":1,"name":"Startseite","item":"https:\/\/relaisgourmet.com\/de\/"},{"@type":"ListItem","position":2,"name":"Authentische Foie Gras","item":"https:\/\/relaisgourmet.com\/de\/authentische-foie-gras\/"},{"@type":"ListItem","position":3,"name":"Chourienia Traditionelles Gourmet-Sortiment"}]},{"@type":"WebSite","@id":"https:\/\/relaisgourmet.com\/de\/#website","url":"https:\/\/relaisgourmet.com\/de\/","name":"Relais Gourmet","description":"Maison Gastronomique au Pays-Basque Depuis 2004","publisher":{"@id":"https:\/\/relaisgourmet.com\/de\/#organization"},"potentialAction":[{"@type":"SearchAction","target":{"@type":"EntryPoint","urlTemplate":"https:\/\/relaisgourmet.com\/de\/?s={search_term_string}"},"query-input":{"@type":"PropertyValueSpecification","valueRequired":true,"valueName":"search_term_string"}}],"inLanguage":"de"},{"@type":"Organization","@id":"https:\/\/relaisgourmet.com\/de\/#organization","name":"Relais Gourmet","url":"https:\/\/relaisgourmet.com\/de\/","logo":{"@type":"ImageObject","inLanguage":"de","@id":"https:\/\/relaisgourmet.com\/de\/#\/schema\/logo\/image\/","url":"https:\/\/relaisgourmet.com\/wp-content\/uploads\/2024\/11\/Diseno-sin-titulo-8.jpg","contentUrl":"https:\/\/relaisgourmet.com\/wp-content\/uploads\/2024\/11\/Diseno-sin-titulo-8.jpg","width":500,"height":500,"caption":"Relais Gourmet"},"image":{"@id":"https:\/\/relaisgourmet.com\/de\/#\/schema\/logo\/image\/"},"sameAs":["https:\/\/facebook.com\/yoast","https:\/\/instagram.com\/yoast"]}]}},"_links":{"self":[{"href":"https:\/\/relaisgourmet.com\/de\/wp-json\/wp\/v2\/product\/42089","targetHints":{"allow":["GET"]}}],"collection":[{"href":"https:\/\/relaisgourmet.com\/de\/wp-json\/wp\/v2\/product"}],"about":[{"href":"https:\/\/relaisgourmet.com\/de\/wp-json\/wp\/v2\/types\/product"}],"replies":[{"embeddable":true,"href":"https:\/\/relaisgourmet.com\/de\/wp-json\/wp\/v2\/comments?post=42089"}],"version-history":[{"count":0,"href":"https:\/\/relaisgourmet.com\/de\/wp-json\/wp\/v2\/product\/42089\/revisions"}],"wp:featuredmedia":[{"embeddable":true,"href":"https:\/\/relaisgourmet.com\/de\/wp-json\/wp\/v2\/media\/58072"}],"wp:attachment":[{"href":"https:\/\/relaisgourmet.com\/de\/wp-json\/wp\/v2\/media?parent=42089"}],"wp:term":[{"taxonomy":"product_brand","embeddable":true,"href":"https:\/\/relaisgourmet.com\/de\/wp-json\/wp\/v2\/product_brand?post=42089"},{"taxonomy":"product_cat","embeddable":true,"href":"https:\/\/relaisgourmet.com\/de\/wp-json\/wp\/v2\/product_cat?post=42089"},{"taxonomy":"product_tag","embeddable":true,"href":"https:\/\/relaisgourmet.com\/de\/wp-json\/wp\/v2\/product_tag?post=42089"},{"taxonomy":"giftcard-category","embeddable":true,"href":"https:\/\/relaisgourmet.com\/de\/wp-json\/wp\/v2\/giftcard-category?post=42089"}],"curies":[{"name":"wp","href":"https:\/\/api.w.org\/{rel}","templated":true}]}}