{"id":42073,"date":"2014-10-19T14:49:50","date_gmt":"2014-10-19T12:49:50","guid":{"rendered":"https:\/\/relaisgourmet.com\/produit\/gourmet-aperitif-mit-jurancon\/"},"modified":"2025-12-01T01:18:09","modified_gmt":"2025-12-01T00:18:09","slug":"gourmet-aperitif-mit-jurancon","status":"publish","type":"product","link":"https:\/\/relaisgourmet.com\/de\/Produkt\/gourmet-aperitif-mit-jurancon\/","title":{"rendered":"Gourmet-Aperitif mit Juran\u00e7on"},"content":{"rendered":"<p><span style=\"font-weight: 400;\">In diesem Gourmet-Aperitif mit Juran\u00e7on ist der Juran\u00e7on-Wein ein Wei\u00dfwein aus Frankreich, <\/span><b>reich und aromatisch<\/b><span style=\"font-weight: 400;\">Er wird in der Region Pyr\u00e9n\u00e9es-Atlantiques produziert und ist ber\u00fchmt f\u00fcr seine Aromen. <\/span><b>Noten von exotischen Fr\u00fcchten.<\/b><span style=\"font-weight: 400;\">. <\/span> <\/p>\n<p><span style=\"font-weight: 400;\">Unser Gourmet-Aperitif mit Juran\u00e7on bietet Ihnen eine k\u00f6stliche Kombination aus cremigen Aromen und dem Juran\u00e7on, einem s\u00fc\u00dfen und fruchtigen Wein, der Ihrem Aperitif eine subtile Note verleiht.<\/span><\/p>\n<p><b>Garantiert frei von Konservierungsmitteln, Zusatzstoffen und Farbstoffen.<\/b><\/p>\n<p><b>Zutaten:<\/b><span style=\"font-weight: 400;\"> mageres Schweinefleisch und Schweinehals, Schweineleber, Ei, Juran\u00e7on Wein (5%), Salz, Pfeffer und Knoblauch.<\/span><\/p>\n<p><b>Aufbewahrung :<\/b><span style=\"font-weight: 400;\"> 3 Jahre bei Raumtemperatur. <\/span><span style=\"font-weight: 400;\">Nach dem \u00d6ffnen innerhalb von 15 Tagen verbrauchen und im K\u00fchlschrank aufbewahren.<\/span><\/p>\n<p>Alle unsere Tipps und Tricks zur Vorbereitung finden Sie in der Rubrik <a href=\"\/?page_id=33969\">Blog<\/a> <span style=\"font-weight: 400;\"> und auf unserer <a href=\"https:\/\/www.instagram.com\/relaisgourmetofficiel\/\">Instagram-Seite<\/a>.<\/span><\/p>\n","protected":false},"excerpt":{"rendered":"<p>Unser Juran\u00e7on Gourmet Aperitif besteht aus franz\u00f6sischem Wei\u00dfwein und aromatisiert den Aperitif mit s\u00fc\u00dfen und fruchtigen Noten.<\/p>\n<p><img decoding=\"async\" class=\"emoji\" role=\"img\" src=\"https:\/\/s.w.org\/images\/core\/emoji\/15.0.3\/svg\/1f1eb-1f1f7.svg\" alt=\"\ud83c\uddeb\ud83c\uddf7\">  Garantierte 100%ige franz\u00f6sische Produktion<br \/>\n\u2714 Garantiert frei von Konservierungsmitteln, Zusatzstoffen und Farbstoffen.<br \/>\n\ud83c\udf43 Mit gelbem Mais gef\u00fctterte Enten<br \/>\n\ud83d\ude9a Schnelle Lieferung in die ganze Welt<br \/>\n\ud83d\udd53 3 Jahre haltbar<br \/>\n\ud83d\udd10 Sichere Zahlung<\/p>\n<p>Gewicht: 180g<\/p>\n","protected":false},"featured_media":57757,"comment_status":"closed","ping_status":"closed","template":"","meta":[],"product_brand":[],"product_cat":[1270],"product_tag":[1254,1238,2117,2118,2359,2360,2361,2357,2362,2358,2363],"giftcard-category":[],"class_list":{"0":"post-42073","1":"product","2":"type-product","3":"status-publish","4":"has-post-thumbnail","6":"product_cat-streichfahige-vorspeisen","7":"product_tag-180g-de","8":"product_tag-4-5-personen","9":"product_tag-aperitif-de","10":"product_tag-aperitif-de-2","11":"product_tag-benutzerfreundlich","12":"product_tag-gourmet-de","13":"product_tag-jurancon-de","14":"product_tag-pastete","15":"product_tag-pastete-mit-jurancon","16":"product_tag-terrine-de","17":"product_tag-terrine-mit-jurancon","18":"product_shipping_class-tva-5-5-de","20":"first","21":"instock","22":"taxable","23":"shipping-taxable","24":"purchasable","25":"product-type-simple"},"yoast_head":"<!-- This site is optimized with the Yoast SEO Premium plugin v27.0 (Yoast SEO v27.0) - https:\/\/yoast.com\/product\/yoast-seo-premium-wordpress\/ -->\n<title>Gourmet-Aperitif mit Juran\u00e7on \u2013 Fruchtiger Wein<\/title>\n<meta name=\"description\" content=\"Frischer, fruchtiger Aperitif mit Juran\u00e7on \u2013 perfekt zu Foie Gras und Tapas.\" \/>\n<meta name=\"robots\" content=\"index, follow, max-snippet:-1, max-image-preview:large, max-video-preview:-1\" \/>\n<link rel=\"canonical\" href=\"https:\/\/relaisgourmet.com\/de\/Produkt\/gourmet-aperitif-mit-jurancon\/\" \/>\n<meta property=\"og:locale\" content=\"de_DE\" \/>\n<meta property=\"og:type\" content=\"article\" \/>\n<meta property=\"og:title\" content=\"Gourmet-Aperitif mit Juran\u00e7on\" \/>\n<meta property=\"og:description\" content=\"Frischer, fruchtiger Aperitif mit Juran\u00e7on \u2013 perfekt zu Foie Gras und Tapas.\" \/>\n<meta property=\"og:url\" content=\"https:\/\/relaisgourmet.com\/de\/Produkt\/gourmet-aperitif-mit-jurancon\/\" \/>\n<meta property=\"og:site_name\" content=\"Relais Gourmet\" \/>\n<meta property=\"article:publisher\" content=\"https:\/\/facebook.com\/yoast\" \/>\n<meta property=\"article:modified_time\" content=\"2025-12-01T00:18:09+00:00\" \/>\n<meta property=\"og:image\" content=\"https:\/\/relaisgourmet.com\/wp-content\/uploads\/2024\/09\/apero-jurancon-1.jpg\" \/>\n\t<meta property=\"og:image:width\" content=\"1000\" \/>\n\t<meta property=\"og:image:height\" content=\"1000\" \/>\n\t<meta property=\"og:image:type\" content=\"image\/jpeg\" \/>\n<meta name=\"twitter:card\" content=\"summary_large_image\" \/>\n<meta name=\"twitter:label1\" content=\"Gesch\u00e4tzte Lesezeit\" \/>\n\t<meta name=\"twitter:data1\" content=\"1\u00a0Minute\" \/>\n<script type=\"application\/ld+json\" class=\"yoast-schema-graph\">{\"@context\":\"https:\/\/schema.org\",\"@graph\":[{\"@type\":\"WebPage\",\"@id\":\"https:\/\/relaisgourmet.com\/de\/Produkt\/gourmet-aperitif-mit-jurancon\/\",\"url\":\"https:\/\/relaisgourmet.com\/de\/Produkt\/gourmet-aperitif-mit-jurancon\/\",\"name\":\"Gourmet-Aperitif mit Juran\u00e7on \u2013 Fruchtiger Wein\",\"isPartOf\":{\"@id\":\"https:\/\/relaisgourmet.com\/de\/#website\"},\"primaryImageOfPage\":{\"@id\":\"https:\/\/relaisgourmet.com\/de\/Produkt\/gourmet-aperitif-mit-jurancon\/#primaryimage\"},\"image\":{\"@id\":\"https:\/\/relaisgourmet.com\/de\/Produkt\/gourmet-aperitif-mit-jurancon\/#primaryimage\"},\"thumbnailUrl\":\"https:\/\/relaisgourmet.com\/wp-content\/uploads\/2014\/10\/Apero-Jurancon-min.png\",\"datePublished\":\"2014-10-19T12:49:50+00:00\",\"dateModified\":\"2025-12-01T00:18:09+00:00\",\"description\":\"Frischer, fruchtiger Aperitif mit Juran\u00e7on \u2013 perfekt zu Foie Gras und Tapas.\",\"breadcrumb\":{\"@id\":\"https:\/\/relaisgourmet.com\/de\/Produkt\/gourmet-aperitif-mit-jurancon\/#breadcrumb\"},\"inLanguage\":\"de\",\"potentialAction\":[{\"@type\":\"ReadAction\",\"target\":[\"https:\/\/relaisgourmet.com\/de\/Produkt\/gourmet-aperitif-mit-jurancon\/\"]}]},{\"@type\":\"ImageObject\",\"inLanguage\":\"de\",\"@id\":\"https:\/\/relaisgourmet.com\/de\/Produkt\/gourmet-aperitif-mit-jurancon\/#primaryimage\",\"url\":\"https:\/\/relaisgourmet.com\/wp-content\/uploads\/2014\/10\/Apero-Jurancon-min.png\",\"contentUrl\":\"https:\/\/relaisgourmet.com\/wp-content\/uploads\/2014\/10\/Apero-Jurancon-min.png\",\"width\":1000,\"height\":1000},{\"@type\":\"BreadcrumbList\",\"@id\":\"https:\/\/relaisgourmet.com\/de\/Produkt\/gourmet-aperitif-mit-jurancon\/#breadcrumb\",\"itemListElement\":[{\"@type\":\"ListItem\",\"position\":1,\"name\":\"Startseite\",\"item\":\"https:\/\/relaisgourmet.com\/de\/\"},{\"@type\":\"ListItem\",\"position\":2,\"name\":\"Authentische Foie Gras\",\"item\":\"https:\/\/relaisgourmet.com\/de\/authentische-foie-gras\/\"},{\"@type\":\"ListItem\",\"position\":3,\"name\":\"Gourmet-Aperitif mit Juran\u00e7on\"}]},{\"@type\":\"WebSite\",\"@id\":\"https:\/\/relaisgourmet.com\/de\/#website\",\"url\":\"https:\/\/relaisgourmet.com\/de\/\",\"name\":\"Relais Gourmet\",\"description\":\"Maison Gastronomique au Pays-Basque Depuis 2004\",\"publisher\":{\"@id\":\"https:\/\/relaisgourmet.com\/de\/#organization\"},\"potentialAction\":[{\"@type\":\"SearchAction\",\"target\":{\"@type\":\"EntryPoint\",\"urlTemplate\":\"https:\/\/relaisgourmet.com\/de\/?s={search_term_string}\"},\"query-input\":{\"@type\":\"PropertyValueSpecification\",\"valueRequired\":true,\"valueName\":\"search_term_string\"}}],\"inLanguage\":\"de\"},{\"@type\":\"Organization\",\"@id\":\"https:\/\/relaisgourmet.com\/de\/#organization\",\"name\":\"Relais Gourmet\",\"url\":\"https:\/\/relaisgourmet.com\/de\/\",\"logo\":{\"@type\":\"ImageObject\",\"inLanguage\":\"de\",\"@id\":\"https:\/\/relaisgourmet.com\/de\/#\/schema\/logo\/image\/\",\"url\":\"https:\/\/relaisgourmet.com\/wp-content\/uploads\/2024\/11\/Diseno-sin-titulo-8.jpg\",\"contentUrl\":\"https:\/\/relaisgourmet.com\/wp-content\/uploads\/2024\/11\/Diseno-sin-titulo-8.jpg\",\"width\":500,\"height\":500,\"caption\":\"Relais Gourmet\"},\"image\":{\"@id\":\"https:\/\/relaisgourmet.com\/de\/#\/schema\/logo\/image\/\"},\"sameAs\":[\"https:\/\/facebook.com\/yoast\",\"https:\/\/instagram.com\/yoast\"]}]}<\/script>\n<!-- \/ Yoast SEO Premium plugin. -->","yoast_head_json":{"title":"Gourmet-Aperitif mit Juran\u00e7on \u2013 Fruchtiger Wein","description":"Frischer, fruchtiger Aperitif mit Juran\u00e7on \u2013 perfekt zu Foie Gras und Tapas.","robots":{"index":"index","follow":"follow","max-snippet":"max-snippet:-1","max-image-preview":"max-image-preview:large","max-video-preview":"max-video-preview:-1"},"canonical":"https:\/\/relaisgourmet.com\/de\/Produkt\/gourmet-aperitif-mit-jurancon\/","og_locale":"de_DE","og_type":"article","og_title":"Gourmet-Aperitif mit Juran\u00e7on","og_description":"Frischer, fruchtiger Aperitif mit Juran\u00e7on \u2013 perfekt zu Foie Gras und Tapas.","og_url":"https:\/\/relaisgourmet.com\/de\/Produkt\/gourmet-aperitif-mit-jurancon\/","og_site_name":"Relais Gourmet","article_publisher":"https:\/\/facebook.com\/yoast","article_modified_time":"2025-12-01T00:18:09+00:00","og_image":[{"width":1000,"height":1000,"url":"https:\/\/relaisgourmet.com\/wp-content\/uploads\/2024\/09\/apero-jurancon-1.jpg","type":"image\/jpeg"}],"twitter_card":"summary_large_image","twitter_misc":{"Gesch\u00e4tzte Lesezeit":"1\u00a0Minute"},"schema":{"@context":"https:\/\/schema.org","@graph":[{"@type":"WebPage","@id":"https:\/\/relaisgourmet.com\/de\/Produkt\/gourmet-aperitif-mit-jurancon\/","url":"https:\/\/relaisgourmet.com\/de\/Produkt\/gourmet-aperitif-mit-jurancon\/","name":"Gourmet-Aperitif mit Juran\u00e7on \u2013 Fruchtiger Wein","isPartOf":{"@id":"https:\/\/relaisgourmet.com\/de\/#website"},"primaryImageOfPage":{"@id":"https:\/\/relaisgourmet.com\/de\/Produkt\/gourmet-aperitif-mit-jurancon\/#primaryimage"},"image":{"@id":"https:\/\/relaisgourmet.com\/de\/Produkt\/gourmet-aperitif-mit-jurancon\/#primaryimage"},"thumbnailUrl":"https:\/\/relaisgourmet.com\/wp-content\/uploads\/2014\/10\/Apero-Jurancon-min.png","datePublished":"2014-10-19T12:49:50+00:00","dateModified":"2025-12-01T00:18:09+00:00","description":"Frischer, fruchtiger Aperitif mit Juran\u00e7on \u2013 perfekt zu Foie Gras und Tapas.","breadcrumb":{"@id":"https:\/\/relaisgourmet.com\/de\/Produkt\/gourmet-aperitif-mit-jurancon\/#breadcrumb"},"inLanguage":"de","potentialAction":[{"@type":"ReadAction","target":["https:\/\/relaisgourmet.com\/de\/Produkt\/gourmet-aperitif-mit-jurancon\/"]}]},{"@type":"ImageObject","inLanguage":"de","@id":"https:\/\/relaisgourmet.com\/de\/Produkt\/gourmet-aperitif-mit-jurancon\/#primaryimage","url":"https:\/\/relaisgourmet.com\/wp-content\/uploads\/2014\/10\/Apero-Jurancon-min.png","contentUrl":"https:\/\/relaisgourmet.com\/wp-content\/uploads\/2014\/10\/Apero-Jurancon-min.png","width":1000,"height":1000},{"@type":"BreadcrumbList","@id":"https:\/\/relaisgourmet.com\/de\/Produkt\/gourmet-aperitif-mit-jurancon\/#breadcrumb","itemListElement":[{"@type":"ListItem","position":1,"name":"Startseite","item":"https:\/\/relaisgourmet.com\/de\/"},{"@type":"ListItem","position":2,"name":"Authentische Foie Gras","item":"https:\/\/relaisgourmet.com\/de\/authentische-foie-gras\/"},{"@type":"ListItem","position":3,"name":"Gourmet-Aperitif mit Juran\u00e7on"}]},{"@type":"WebSite","@id":"https:\/\/relaisgourmet.com\/de\/#website","url":"https:\/\/relaisgourmet.com\/de\/","name":"Relais Gourmet","description":"Maison Gastronomique au Pays-Basque Depuis 2004","publisher":{"@id":"https:\/\/relaisgourmet.com\/de\/#organization"},"potentialAction":[{"@type":"SearchAction","target":{"@type":"EntryPoint","urlTemplate":"https:\/\/relaisgourmet.com\/de\/?s={search_term_string}"},"query-input":{"@type":"PropertyValueSpecification","valueRequired":true,"valueName":"search_term_string"}}],"inLanguage":"de"},{"@type":"Organization","@id":"https:\/\/relaisgourmet.com\/de\/#organization","name":"Relais Gourmet","url":"https:\/\/relaisgourmet.com\/de\/","logo":{"@type":"ImageObject","inLanguage":"de","@id":"https:\/\/relaisgourmet.com\/de\/#\/schema\/logo\/image\/","url":"https:\/\/relaisgourmet.com\/wp-content\/uploads\/2024\/11\/Diseno-sin-titulo-8.jpg","contentUrl":"https:\/\/relaisgourmet.com\/wp-content\/uploads\/2024\/11\/Diseno-sin-titulo-8.jpg","width":500,"height":500,"caption":"Relais Gourmet"},"image":{"@id":"https:\/\/relaisgourmet.com\/de\/#\/schema\/logo\/image\/"},"sameAs":["https:\/\/facebook.com\/yoast","https:\/\/instagram.com\/yoast"]}]}},"_links":{"self":[{"href":"https:\/\/relaisgourmet.com\/de\/wp-json\/wp\/v2\/product\/42073","targetHints":{"allow":["GET"]}}],"collection":[{"href":"https:\/\/relaisgourmet.com\/de\/wp-json\/wp\/v2\/product"}],"about":[{"href":"https:\/\/relaisgourmet.com\/de\/wp-json\/wp\/v2\/types\/product"}],"replies":[{"embeddable":true,"href":"https:\/\/relaisgourmet.com\/de\/wp-json\/wp\/v2\/comments?post=42073"}],"version-history":[{"count":1,"href":"https:\/\/relaisgourmet.com\/de\/wp-json\/wp\/v2\/product\/42073\/revisions"}],"predecessor-version":[{"id":54836,"href":"https:\/\/relaisgourmet.com\/de\/wp-json\/wp\/v2\/product\/42073\/revisions\/54836"}],"wp:featuredmedia":[{"embeddable":true,"href":"https:\/\/relaisgourmet.com\/de\/wp-json\/wp\/v2\/media\/57757"}],"wp:attachment":[{"href":"https:\/\/relaisgourmet.com\/de\/wp-json\/wp\/v2\/media?parent=42073"}],"wp:term":[{"taxonomy":"product_brand","embeddable":true,"href":"https:\/\/relaisgourmet.com\/de\/wp-json\/wp\/v2\/product_brand?post=42073"},{"taxonomy":"product_cat","embeddable":true,"href":"https:\/\/relaisgourmet.com\/de\/wp-json\/wp\/v2\/product_cat?post=42073"},{"taxonomy":"product_tag","embeddable":true,"href":"https:\/\/relaisgourmet.com\/de\/wp-json\/wp\/v2\/product_tag?post=42073"},{"taxonomy":"giftcard-category","embeddable":true,"href":"https:\/\/relaisgourmet.com\/de\/wp-json\/wp\/v2\/giftcard-category?post=42073"}],"curies":[{"name":"wp","href":"https:\/\/api.w.org\/{rel}","templated":true}]}}