{"id":42069,"date":"2015-11-03T09:43:20","date_gmt":"2015-11-03T08:43:20","guid":{"rendered":"https:\/\/relaisgourmet.com\/produit\/ganze-foie-gras-mit-naturliche-vanille\/"},"modified":"2025-04-12T22:35:32","modified_gmt":"2025-04-12T20:35:32","slug":"ganze-foie-gras-mit-naturliche-vanille","status":"publish","type":"product","link":"https:\/\/relaisgourmet.com\/de\/Produkt\/ganze-foie-gras-mit-naturliche-vanille\/","title":{"rendered":"Ganze Foie Gras mit Nat\u00fcrliche Vanille"},"content":{"rendered":"<p><span style=\"font-weight: 400;\">Entdecken Sie unsere Ganze Foie Gras mit Nat\u00fcrliche Vanille, eine raffinierte Mischung, die Sie in die Inseln entf\u00fchrt. Die s\u00fc\u00dfe und zuckerige Vanille passt perfekt zum kr\u00e4ftigen Geschmack der Foie Gras. Jeder Bissen erinnert an die warmen und exotischen Aromen des Sommers. Ideal zum Teilen oder Verschenken bei einem warmen und gem\u00fctlichen Essen mit engen Freunden oder der Familie, um das Zusammensein zu genie\u00dfen und sch\u00f6ne Erinnerungen zu schaffen.<\/span><\/p>\n<p><b>Garantie ohne Konservierungsstoffe, ohne Farbstoffe und ohne Zusatzstoffe.<\/b><\/p>\n<p><b>Zutaten:<\/b><span style=\"font-weight: 400;\"> Enten-Foie Gras, nat\u00fcrliche Vanille (2,5%), Salz, Pfeffer und Zucker.<\/span><\/p>\n<p><b>Haltbarkeit:<\/b><span style=\"font-weight: 400;\"> 3 Jahre bei Raumtemperatur. Nach dem \u00d6ffnen innerhalb von 15 Tagen verbrauchen und im K\u00fchlschrank aufbewahren.<\/span><\/p>\n<p>Finden Sie alle unsere Tipps und Tricks zur Zubereitung in der Rubrik <a href=\"https:\/\/relaisgourmet.com\/blog\/?lang=de\">Blog<\/a> auf unserer Website sowie auf unserer <a href=\"https:\/\/www.instagram.com\/relaisgourmetofficiel\/\">Instagram<\/a>-Seite.<\/p>\n","protected":false},"excerpt":{"rendered":"<p>Entdecken Sie unsere Spezialit\u00e4t mit Vanille, die die S\u00fc\u00dfe der Tahiti-Schoten mit der Raffinesse des S\u00fcdwestens Frankreichs verbindet.<\/p>\n<p><img decoding=\"async\" class=\"emoji\" role=\"img\" draggable=\"false\" src=\"https:\/\/s.w.org\/images\/core\/emoji\/15.0.3\/svg\/1f1eb-1f1f7.svg\" alt=\"\ud83c\uddeb\ud83c\uddf7\" \/>\u00a0Produktion garantiert 100% franz\u00f6sisch<br \/>\n\u2714 Garantie ohne Konservierungsstoffe, ohne Zusatzstoffe und ohne Farbstoffe.<br \/>\n\ud83c\udf43 Enten mit gelbem Mais gef\u00fcttert<br \/>\n\ud83d\ude9a Schnelle Lieferung weltweit<br \/>\n\ud83d\udd53 Haltbar 3 Jahre<br \/>\n\ud83d\udd10 Sichere Bezahlung<\/p>\n","protected":false},"featured_media":57898,"comment_status":"closed","ping_status":"closed","template":"","meta":[],"product_brand":[],"product_cat":[1311,1295],"product_tag":[1230,1258,1238,1250,1858,2316],"giftcard-category":[],"class_list":{"0":"post-42069","1":"product","2":"type-product","3":"status-publish","4":"has-post-thumbnail","6":"product_cat-originelle-leberpastete","7":"product_cat-unsere-foies-gras","8":"product_tag-2-personen","9":"product_tag-200-de","10":"product_tag-4-5-personen","11":"product_tag-80g-de","12":"product_tag-foie-gras-de","13":"product_tag-original-foie-gras-de-2","14":"product_shipping_class-tva-5-5-de","16":"first","17":"instock","18":"taxable","19":"shipping-taxable","20":"purchasable","21":"product-type-variable"},"yoast_head":"<!-- This site is optimized with the Yoast SEO Premium plugin v27.0 (Yoast SEO v27.3) - https:\/\/yoast.com\/product\/yoast-seo-premium-wordpress\/ -->\n<title>Ganze Foie Gras mit Vanille \u2013 Sanft &amp; s\u00fc\u00df<\/title>\n<meta name=\"description\" content=\"Feine Vanillenoten treffen auf zartschmelzende Foie Gras \u2013 nat\u00fcrlich, elegant, k\u00f6stlich.\" \/>\n<meta name=\"robots\" content=\"index, follow, max-snippet:-1, max-image-preview:large, max-video-preview:-1\" \/>\n<link rel=\"canonical\" href=\"https:\/\/relaisgourmet.com\/de\/Produkt\/ganze-foie-gras-mit-naturliche-vanille\/\" \/>\n<meta property=\"og:locale\" content=\"de_DE\" \/>\n<meta property=\"og:type\" content=\"article\" \/>\n<meta property=\"og:title\" content=\"Ganze Foie Gras mit Nat\u00fcrliche Vanille\" \/>\n<meta property=\"og:description\" content=\"Feine Vanillenoten treffen auf zartschmelzende Foie Gras \u2013 nat\u00fcrlich, elegant, k\u00f6stlich.\" \/>\n<meta property=\"og:url\" content=\"https:\/\/relaisgourmet.com\/de\/Produkt\/ganze-foie-gras-mit-naturliche-vanille\/\" \/>\n<meta property=\"og:site_name\" content=\"Relais Gourmet\" \/>\n<meta property=\"article:publisher\" content=\"https:\/\/facebook.com\/yoast\" \/>\n<meta property=\"article:modified_time\" content=\"2025-04-12T20:35:32+00:00\" \/>\n<meta property=\"og:image\" content=\"https:\/\/relaisgourmet.com\/wp-content\/uploads\/2024\/09\/Capture-decran-2024-04-18-134011-1.png\" \/>\n\t<meta property=\"og:image:width\" content=\"651\" \/>\n\t<meta property=\"og:image:height\" content=\"628\" \/>\n\t<meta property=\"og:image:type\" content=\"image\/png\" \/>\n<meta name=\"twitter:card\" content=\"summary_large_image\" \/>\n<meta name=\"twitter:label1\" content=\"Gesch\u00e4tzte Lesezeit\" \/>\n\t<meta name=\"twitter:data1\" content=\"1\u00a0Minute\" \/>\n<script type=\"application\/ld+json\" class=\"yoast-schema-graph\">{\"@context\":\"https:\\\/\\\/schema.org\",\"@graph\":[{\"@type\":\"WebPage\",\"@id\":\"https:\\\/\\\/relaisgourmet.com\\\/de\\\/Produkt\\\/ganze-foie-gras-mit-naturliche-vanille\\\/\",\"url\":\"https:\\\/\\\/relaisgourmet.com\\\/de\\\/Produkt\\\/ganze-foie-gras-mit-naturliche-vanille\\\/\",\"name\":\"Ganze Foie Gras mit Vanille \u2013 Sanft & s\u00fc\u00df\",\"isPartOf\":{\"@id\":\"https:\\\/\\\/relaisgourmet.com\\\/de\\\/#website\"},\"primaryImageOfPage\":{\"@id\":\"https:\\\/\\\/relaisgourmet.com\\\/de\\\/Produkt\\\/ganze-foie-gras-mit-naturliche-vanille\\\/#primaryimage\"},\"image\":{\"@id\":\"https:\\\/\\\/relaisgourmet.com\\\/de\\\/Produkt\\\/ganze-foie-gras-mit-naturliche-vanille\\\/#primaryimage\"},\"thumbnailUrl\":\"https:\\\/\\\/relaisgourmet.com\\\/wp-content\\\/uploads\\\/2015\\\/11\\\/Vanille-min.png\",\"datePublished\":\"2015-11-03T08:43:20+00:00\",\"dateModified\":\"2025-04-12T20:35:32+00:00\",\"description\":\"Feine Vanillenoten treffen auf zartschmelzende Foie Gras \u2013 nat\u00fcrlich, elegant, k\u00f6stlich.\",\"breadcrumb\":{\"@id\":\"https:\\\/\\\/relaisgourmet.com\\\/de\\\/Produkt\\\/ganze-foie-gras-mit-naturliche-vanille\\\/#breadcrumb\"},\"inLanguage\":\"de\",\"potentialAction\":[{\"@type\":\"ReadAction\",\"target\":[\"https:\\\/\\\/relaisgourmet.com\\\/de\\\/Produkt\\\/ganze-foie-gras-mit-naturliche-vanille\\\/\"]}]},{\"@type\":\"ImageObject\",\"inLanguage\":\"de\",\"@id\":\"https:\\\/\\\/relaisgourmet.com\\\/de\\\/Produkt\\\/ganze-foie-gras-mit-naturliche-vanille\\\/#primaryimage\",\"url\":\"https:\\\/\\\/relaisgourmet.com\\\/wp-content\\\/uploads\\\/2015\\\/11\\\/Vanille-min.png\",\"contentUrl\":\"https:\\\/\\\/relaisgourmet.com\\\/wp-content\\\/uploads\\\/2015\\\/11\\\/Vanille-min.png\",\"width\":1000,\"height\":1000},{\"@type\":\"BreadcrumbList\",\"@id\":\"https:\\\/\\\/relaisgourmet.com\\\/de\\\/Produkt\\\/ganze-foie-gras-mit-naturliche-vanille\\\/#breadcrumb\",\"itemListElement\":[{\"@type\":\"ListItem\",\"position\":1,\"name\":\"Startseite\",\"item\":\"https:\\\/\\\/relaisgourmet.com\\\/de\\\/\"},{\"@type\":\"ListItem\",\"position\":2,\"name\":\"Authentische Foie Gras\",\"item\":\"https:\\\/\\\/relaisgourmet.com\\\/de\\\/authentische-foie-gras\\\/\"},{\"@type\":\"ListItem\",\"position\":3,\"name\":\"Ganze Foie Gras mit Nat\u00fcrliche Vanille\"}]},{\"@type\":\"WebSite\",\"@id\":\"https:\\\/\\\/relaisgourmet.com\\\/de\\\/#website\",\"url\":\"https:\\\/\\\/relaisgourmet.com\\\/de\\\/\",\"name\":\"Relais Gourmet\",\"description\":\"Maison Gastronomique au Pays-Basque Depuis 2004\",\"publisher\":{\"@id\":\"https:\\\/\\\/relaisgourmet.com\\\/de\\\/#organization\"},\"potentialAction\":[{\"@type\":\"SearchAction\",\"target\":{\"@type\":\"EntryPoint\",\"urlTemplate\":\"https:\\\/\\\/relaisgourmet.com\\\/de\\\/?s={search_term_string}\"},\"query-input\":{\"@type\":\"PropertyValueSpecification\",\"valueRequired\":true,\"valueName\":\"search_term_string\"}}],\"inLanguage\":\"de\"},{\"@type\":\"Organization\",\"@id\":\"https:\\\/\\\/relaisgourmet.com\\\/de\\\/#organization\",\"name\":\"Relais Gourmet\",\"url\":\"https:\\\/\\\/relaisgourmet.com\\\/de\\\/\",\"logo\":{\"@type\":\"ImageObject\",\"inLanguage\":\"de\",\"@id\":\"https:\\\/\\\/relaisgourmet.com\\\/de\\\/#\\\/schema\\\/logo\\\/image\\\/\",\"url\":\"https:\\\/\\\/relaisgourmet.com\\\/wp-content\\\/uploads\\\/2024\\\/11\\\/Diseno-sin-titulo-8.jpg\",\"contentUrl\":\"https:\\\/\\\/relaisgourmet.com\\\/wp-content\\\/uploads\\\/2024\\\/11\\\/Diseno-sin-titulo-8.jpg\",\"width\":500,\"height\":500,\"caption\":\"Relais Gourmet\"},\"image\":{\"@id\":\"https:\\\/\\\/relaisgourmet.com\\\/de\\\/#\\\/schema\\\/logo\\\/image\\\/\"},\"sameAs\":[\"https:\\\/\\\/facebook.com\\\/yoast\",\"https:\\\/\\\/instagram.com\\\/yoast\"]}]}<\/script>\n<!-- \/ Yoast SEO Premium plugin. -->","yoast_head_json":{"title":"Ganze Foie Gras mit Vanille \u2013 Sanft & s\u00fc\u00df","description":"Feine Vanillenoten treffen auf zartschmelzende Foie Gras \u2013 nat\u00fcrlich, elegant, k\u00f6stlich.","robots":{"index":"index","follow":"follow","max-snippet":"max-snippet:-1","max-image-preview":"max-image-preview:large","max-video-preview":"max-video-preview:-1"},"canonical":"https:\/\/relaisgourmet.com\/de\/Produkt\/ganze-foie-gras-mit-naturliche-vanille\/","og_locale":"de_DE","og_type":"article","og_title":"Ganze Foie Gras mit Nat\u00fcrliche Vanille","og_description":"Feine Vanillenoten treffen auf zartschmelzende Foie Gras \u2013 nat\u00fcrlich, elegant, k\u00f6stlich.","og_url":"https:\/\/relaisgourmet.com\/de\/Produkt\/ganze-foie-gras-mit-naturliche-vanille\/","og_site_name":"Relais Gourmet","article_publisher":"https:\/\/facebook.com\/yoast","article_modified_time":"2025-04-12T20:35:32+00:00","og_image":[{"width":651,"height":628,"url":"https:\/\/relaisgourmet.com\/wp-content\/uploads\/2024\/09\/Capture-decran-2024-04-18-134011-1.png","type":"image\/png"}],"twitter_card":"summary_large_image","twitter_misc":{"Gesch\u00e4tzte Lesezeit":"1\u00a0Minute"},"schema":{"@context":"https:\/\/schema.org","@graph":[{"@type":"WebPage","@id":"https:\/\/relaisgourmet.com\/de\/Produkt\/ganze-foie-gras-mit-naturliche-vanille\/","url":"https:\/\/relaisgourmet.com\/de\/Produkt\/ganze-foie-gras-mit-naturliche-vanille\/","name":"Ganze Foie Gras mit Vanille \u2013 Sanft & s\u00fc\u00df","isPartOf":{"@id":"https:\/\/relaisgourmet.com\/de\/#website"},"primaryImageOfPage":{"@id":"https:\/\/relaisgourmet.com\/de\/Produkt\/ganze-foie-gras-mit-naturliche-vanille\/#primaryimage"},"image":{"@id":"https:\/\/relaisgourmet.com\/de\/Produkt\/ganze-foie-gras-mit-naturliche-vanille\/#primaryimage"},"thumbnailUrl":"https:\/\/relaisgourmet.com\/wp-content\/uploads\/2015\/11\/Vanille-min.png","datePublished":"2015-11-03T08:43:20+00:00","dateModified":"2025-04-12T20:35:32+00:00","description":"Feine Vanillenoten treffen auf zartschmelzende Foie Gras \u2013 nat\u00fcrlich, elegant, k\u00f6stlich.","breadcrumb":{"@id":"https:\/\/relaisgourmet.com\/de\/Produkt\/ganze-foie-gras-mit-naturliche-vanille\/#breadcrumb"},"inLanguage":"de","potentialAction":[{"@type":"ReadAction","target":["https:\/\/relaisgourmet.com\/de\/Produkt\/ganze-foie-gras-mit-naturliche-vanille\/"]}]},{"@type":"ImageObject","inLanguage":"de","@id":"https:\/\/relaisgourmet.com\/de\/Produkt\/ganze-foie-gras-mit-naturliche-vanille\/#primaryimage","url":"https:\/\/relaisgourmet.com\/wp-content\/uploads\/2015\/11\/Vanille-min.png","contentUrl":"https:\/\/relaisgourmet.com\/wp-content\/uploads\/2015\/11\/Vanille-min.png","width":1000,"height":1000},{"@type":"BreadcrumbList","@id":"https:\/\/relaisgourmet.com\/de\/Produkt\/ganze-foie-gras-mit-naturliche-vanille\/#breadcrumb","itemListElement":[{"@type":"ListItem","position":1,"name":"Startseite","item":"https:\/\/relaisgourmet.com\/de\/"},{"@type":"ListItem","position":2,"name":"Authentische Foie Gras","item":"https:\/\/relaisgourmet.com\/de\/authentische-foie-gras\/"},{"@type":"ListItem","position":3,"name":"Ganze Foie Gras mit Nat\u00fcrliche Vanille"}]},{"@type":"WebSite","@id":"https:\/\/relaisgourmet.com\/de\/#website","url":"https:\/\/relaisgourmet.com\/de\/","name":"Relais Gourmet","description":"Maison Gastronomique au Pays-Basque Depuis 2004","publisher":{"@id":"https:\/\/relaisgourmet.com\/de\/#organization"},"potentialAction":[{"@type":"SearchAction","target":{"@type":"EntryPoint","urlTemplate":"https:\/\/relaisgourmet.com\/de\/?s={search_term_string}"},"query-input":{"@type":"PropertyValueSpecification","valueRequired":true,"valueName":"search_term_string"}}],"inLanguage":"de"},{"@type":"Organization","@id":"https:\/\/relaisgourmet.com\/de\/#organization","name":"Relais Gourmet","url":"https:\/\/relaisgourmet.com\/de\/","logo":{"@type":"ImageObject","inLanguage":"de","@id":"https:\/\/relaisgourmet.com\/de\/#\/schema\/logo\/image\/","url":"https:\/\/relaisgourmet.com\/wp-content\/uploads\/2024\/11\/Diseno-sin-titulo-8.jpg","contentUrl":"https:\/\/relaisgourmet.com\/wp-content\/uploads\/2024\/11\/Diseno-sin-titulo-8.jpg","width":500,"height":500,"caption":"Relais Gourmet"},"image":{"@id":"https:\/\/relaisgourmet.com\/de\/#\/schema\/logo\/image\/"},"sameAs":["https:\/\/facebook.com\/yoast","https:\/\/instagram.com\/yoast"]}]}},"_links":{"self":[{"href":"https:\/\/relaisgourmet.com\/de\/wp-json\/wp\/v2\/product\/42069","targetHints":{"allow":["GET"]}}],"collection":[{"href":"https:\/\/relaisgourmet.com\/de\/wp-json\/wp\/v2\/product"}],"about":[{"href":"https:\/\/relaisgourmet.com\/de\/wp-json\/wp\/v2\/types\/product"}],"replies":[{"embeddable":true,"href":"https:\/\/relaisgourmet.com\/de\/wp-json\/wp\/v2\/comments?post=42069"}],"version-history":[{"count":0,"href":"https:\/\/relaisgourmet.com\/de\/wp-json\/wp\/v2\/product\/42069\/revisions"}],"wp:featuredmedia":[{"embeddable":true,"href":"https:\/\/relaisgourmet.com\/de\/wp-json\/wp\/v2\/media\/57898"}],"wp:attachment":[{"href":"https:\/\/relaisgourmet.com\/de\/wp-json\/wp\/v2\/media?parent=42069"}],"wp:term":[{"taxonomy":"product_brand","embeddable":true,"href":"https:\/\/relaisgourmet.com\/de\/wp-json\/wp\/v2\/product_brand?post=42069"},{"taxonomy":"product_cat","embeddable":true,"href":"https:\/\/relaisgourmet.com\/de\/wp-json\/wp\/v2\/product_cat?post=42069"},{"taxonomy":"product_tag","embeddable":true,"href":"https:\/\/relaisgourmet.com\/de\/wp-json\/wp\/v2\/product_tag?post=42069"},{"taxonomy":"giftcard-category","embeddable":true,"href":"https:\/\/relaisgourmet.com\/de\/wp-json\/wp\/v2\/giftcard-category?post=42069"}],"curies":[{"name":"wp","href":"https:\/\/api.w.org\/{rel}","templated":true}]}}