{"id":42065,"date":"2014-10-19T14:45:34","date_gmt":"2014-10-19T12:45:34","guid":{"rendered":"https:\/\/relaisgourmet.com\/produit\/armagnac-gourmet-aperitif\/"},"modified":"2025-12-01T01:18:11","modified_gmt":"2025-12-01T00:18:11","slug":"armagnac-gourmet-aperitif","status":"publish","type":"product","link":"https:\/\/relaisgourmet.com\/de\/Produkt\/armagnac-gourmet-aperitif\/","title":{"rendered":"Gourmet Aperitif mit Armagnac"},"content":{"rendered":"<div class=\"page\" title=\"Page 17\">\n<div class=\"section\">\n<div class=\"layoutArea\">\n<div class=\"column\">\n<p><span style=\"font-weight: 400;\">Die Gourmet-Aperitif mit Armagnac f\u00e4ngt das Wesen der franz\u00f6sischen Tradition und der Kunst der Destillation ein und bietet ein luxuri\u00f6ses und vornehmes kulinarisches Erlebnis. Dieser au\u00dfergew\u00f6hnliche Branntwein bringt warme und w\u00fcrzige Noten, die unsere Vorspeise bereichern. Ideal zum Teilen oder Verschenken bei einem warmen und gem\u00fctlichen Essen mit engen Freunden oder der Familie, um das Zusammensein zu genie\u00dfen und sch\u00f6ne Erinnerungen zu schaffen.<\/span><\/p>\n<p><b>Garantie ohne Konservierungsstoffe, ohne Zusatzstoffe und ohne Farbstoffe<\/b><span style=\"font-weight: 400;\">.<\/span><\/p>\n<p><b>Zutaten:<\/b><span style=\"font-weight: 400;\"> Mageres Schweinefleisch und Schweinebauch, Schweineleber, Ei, Armagnac 3%, Salz, Pfeffer, Knoblauch.<\/span><\/p>\n<p><b>Haltbarkeit:<\/b><span style=\"font-weight: 400;\"> 3 Jahre bei Raumtemperatur. Nach dem \u00d6ffnen innerhalb von 15 Tagen verbrauchen und im K\u00fchlschrank aufbewahren.<\/span><\/p>\n<p><b>Gewicht:<\/b><span style=\"font-weight: 400;\"> 180 Gramm<\/span><\/p>\n<p>Finden Sie alle unsere Tipps und Tricks zur Zubereitung Ihrer Gourmet-Aperitif mit Armagnac im <a href=\"https:\/\/relaisgourmet.com\/blog\/?lang=de\">Blogbereich<\/a> und auf unserer <a href=\"https:\/\/www.instagram.com\/relaisgourmetofficiel\/\">Instagram<\/a>-Seite.<\/p>\n<\/div>\n<\/div>\n<\/div>\n<\/div>\n","protected":false},"excerpt":{"rendered":"<p>Der Armagnac ist ein weltbekannter Branntwein aus dem Herzen der Gascogne in Frankreich.<\/p>\n<p><img decoding=\"async\" class=\"emoji\" role=\"img\" draggable=\"false\" src=\"https:\/\/s.w.org\/images\/core\/emoji\/15.0.3\/svg\/1f1eb-1f1f7.svg\" alt=\"\ud83c\uddeb\ud83c\uddf7\" \/>\u00a0Produktion garantiert 100% franz\u00f6sisch<br \/>\n\u2714 Garantie ohne Konservierungsstoffe, ohne Zusatzstoffe und ohne Farbstoffe.<br \/>\n\ud83c\udf43 Enten mit gelbem Mais gef\u00fcttert<br \/>\n\ud83d\ude9a Schnelle Lieferung weltweit<br \/>\n\ud83d\udd53 Haltbar 3 Jahre<br \/>\n\ud83d\udd10 Sichere Bezahlung<\/p>\n","protected":false},"featured_media":57737,"comment_status":"closed","ping_status":"closed","template":"","meta":[],"product_brand":[],"product_cat":[1270],"product_tag":[1254,1238,2009],"giftcard-category":[],"class_list":{"0":"post-42065","1":"product","2":"type-product","3":"status-publish","4":"has-post-thumbnail","6":"product_cat-streichfahige-vorspeisen","7":"product_tag-180g-de","8":"product_tag-4-5-personen","9":"product_tag-armagnac-de","10":"product_shipping_class-tva-5-5-de","12":"first","13":"instock","14":"taxable","15":"shipping-taxable","16":"purchasable","17":"product-type-simple"},"yoast_head":"<!-- This site is optimized with the Yoast SEO Premium plugin v27.0 (Yoast SEO v27.3) - https:\/\/yoast.com\/product\/yoast-seo-premium-wordpress\/ -->\n<title>Gourmet-Aperitif mit Armagnac \u2013 Kraftvoll &amp; edel<\/title>\n<meta name=\"description\" content=\"Kraftvoller Aperitif mit Armagnac \u2013 w\u00fcrzig, elegant und ideal f\u00fcr den festlichen Genuss.\" \/>\n<meta name=\"robots\" content=\"index, follow, max-snippet:-1, max-image-preview:large, max-video-preview:-1\" \/>\n<link rel=\"canonical\" href=\"https:\/\/relaisgourmet.com\/de\/Produkt\/armagnac-gourmet-aperitif\/\" \/>\n<meta property=\"og:locale\" content=\"de_DE\" \/>\n<meta property=\"og:type\" content=\"article\" \/>\n<meta property=\"og:title\" content=\"Gourmet Aperitif mit Armagnac\" \/>\n<meta property=\"og:description\" content=\"Kraftvoller Aperitif mit Armagnac \u2013 w\u00fcrzig, elegant und ideal f\u00fcr den festlichen Genuss.\" \/>\n<meta property=\"og:url\" content=\"https:\/\/relaisgourmet.com\/de\/Produkt\/armagnac-gourmet-aperitif\/\" \/>\n<meta property=\"og:site_name\" content=\"Relais Gourmet\" \/>\n<meta property=\"article:publisher\" content=\"https:\/\/facebook.com\/yoast\" \/>\n<meta property=\"article:modified_time\" content=\"2025-12-01T00:18:11+00:00\" \/>\n<meta property=\"og:image\" content=\"https:\/\/relaisgourmet.com\/wp-content\/uploads\/2024\/09\/apero-armagnac-1.jpg\" \/>\n\t<meta property=\"og:image:width\" content=\"1000\" \/>\n\t<meta property=\"og:image:height\" content=\"1000\" \/>\n\t<meta property=\"og:image:type\" content=\"image\/jpeg\" \/>\n<meta name=\"twitter:card\" content=\"summary_large_image\" \/>\n<meta name=\"twitter:label1\" content=\"Gesch\u00e4tzte Lesezeit\" \/>\n\t<meta name=\"twitter:data1\" content=\"1\u00a0Minute\" \/>\n<script type=\"application\/ld+json\" class=\"yoast-schema-graph\">{\"@context\":\"https:\\\/\\\/schema.org\",\"@graph\":[{\"@type\":\"WebPage\",\"@id\":\"https:\\\/\\\/relaisgourmet.com\\\/de\\\/Produkt\\\/armagnac-gourmet-aperitif\\\/\",\"url\":\"https:\\\/\\\/relaisgourmet.com\\\/de\\\/Produkt\\\/armagnac-gourmet-aperitif\\\/\",\"name\":\"Gourmet-Aperitif mit Armagnac \u2013 Kraftvoll & edel\",\"isPartOf\":{\"@id\":\"https:\\\/\\\/relaisgourmet.com\\\/de\\\/#website\"},\"primaryImageOfPage\":{\"@id\":\"https:\\\/\\\/relaisgourmet.com\\\/de\\\/Produkt\\\/armagnac-gourmet-aperitif\\\/#primaryimage\"},\"image\":{\"@id\":\"https:\\\/\\\/relaisgourmet.com\\\/de\\\/Produkt\\\/armagnac-gourmet-aperitif\\\/#primaryimage\"},\"thumbnailUrl\":\"https:\\\/\\\/relaisgourmet.com\\\/wp-content\\\/uploads\\\/2023\\\/11\\\/Apero-Armagnac-min.png\",\"datePublished\":\"2014-10-19T12:45:34+00:00\",\"dateModified\":\"2025-12-01T00:18:11+00:00\",\"description\":\"Kraftvoller Aperitif mit Armagnac \u2013 w\u00fcrzig, elegant und ideal f\u00fcr den festlichen Genuss.\",\"breadcrumb\":{\"@id\":\"https:\\\/\\\/relaisgourmet.com\\\/de\\\/Produkt\\\/armagnac-gourmet-aperitif\\\/#breadcrumb\"},\"inLanguage\":\"de\",\"potentialAction\":[{\"@type\":\"ReadAction\",\"target\":[\"https:\\\/\\\/relaisgourmet.com\\\/de\\\/Produkt\\\/armagnac-gourmet-aperitif\\\/\"]}]},{\"@type\":\"ImageObject\",\"inLanguage\":\"de\",\"@id\":\"https:\\\/\\\/relaisgourmet.com\\\/de\\\/Produkt\\\/armagnac-gourmet-aperitif\\\/#primaryimage\",\"url\":\"https:\\\/\\\/relaisgourmet.com\\\/wp-content\\\/uploads\\\/2023\\\/11\\\/Apero-Armagnac-min.png\",\"contentUrl\":\"https:\\\/\\\/relaisgourmet.com\\\/wp-content\\\/uploads\\\/2023\\\/11\\\/Apero-Armagnac-min.png\",\"width\":1000,\"height\":1000},{\"@type\":\"BreadcrumbList\",\"@id\":\"https:\\\/\\\/relaisgourmet.com\\\/de\\\/Produkt\\\/armagnac-gourmet-aperitif\\\/#breadcrumb\",\"itemListElement\":[{\"@type\":\"ListItem\",\"position\":1,\"name\":\"Startseite\",\"item\":\"https:\\\/\\\/relaisgourmet.com\\\/de\\\/\"},{\"@type\":\"ListItem\",\"position\":2,\"name\":\"Authentische Foie Gras\",\"item\":\"https:\\\/\\\/relaisgourmet.com\\\/de\\\/authentische-foie-gras\\\/\"},{\"@type\":\"ListItem\",\"position\":3,\"name\":\"Gourmet Aperitif mit Armagnac\"}]},{\"@type\":\"WebSite\",\"@id\":\"https:\\\/\\\/relaisgourmet.com\\\/de\\\/#website\",\"url\":\"https:\\\/\\\/relaisgourmet.com\\\/de\\\/\",\"name\":\"Relais Gourmet\",\"description\":\"Maison Gastronomique au Pays-Basque Depuis 2004\",\"publisher\":{\"@id\":\"https:\\\/\\\/relaisgourmet.com\\\/de\\\/#organization\"},\"potentialAction\":[{\"@type\":\"SearchAction\",\"target\":{\"@type\":\"EntryPoint\",\"urlTemplate\":\"https:\\\/\\\/relaisgourmet.com\\\/de\\\/?s={search_term_string}\"},\"query-input\":{\"@type\":\"PropertyValueSpecification\",\"valueRequired\":true,\"valueName\":\"search_term_string\"}}],\"inLanguage\":\"de\"},{\"@type\":\"Organization\",\"@id\":\"https:\\\/\\\/relaisgourmet.com\\\/de\\\/#organization\",\"name\":\"Relais Gourmet\",\"url\":\"https:\\\/\\\/relaisgourmet.com\\\/de\\\/\",\"logo\":{\"@type\":\"ImageObject\",\"inLanguage\":\"de\",\"@id\":\"https:\\\/\\\/relaisgourmet.com\\\/de\\\/#\\\/schema\\\/logo\\\/image\\\/\",\"url\":\"https:\\\/\\\/relaisgourmet.com\\\/wp-content\\\/uploads\\\/2024\\\/11\\\/Diseno-sin-titulo-8.jpg\",\"contentUrl\":\"https:\\\/\\\/relaisgourmet.com\\\/wp-content\\\/uploads\\\/2024\\\/11\\\/Diseno-sin-titulo-8.jpg\",\"width\":500,\"height\":500,\"caption\":\"Relais Gourmet\"},\"image\":{\"@id\":\"https:\\\/\\\/relaisgourmet.com\\\/de\\\/#\\\/schema\\\/logo\\\/image\\\/\"},\"sameAs\":[\"https:\\\/\\\/facebook.com\\\/yoast\",\"https:\\\/\\\/instagram.com\\\/yoast\"]}]}<\/script>\n<!-- \/ Yoast SEO Premium plugin. -->","yoast_head_json":{"title":"Gourmet-Aperitif mit Armagnac \u2013 Kraftvoll & edel","description":"Kraftvoller Aperitif mit Armagnac \u2013 w\u00fcrzig, elegant und ideal f\u00fcr den festlichen Genuss.","robots":{"index":"index","follow":"follow","max-snippet":"max-snippet:-1","max-image-preview":"max-image-preview:large","max-video-preview":"max-video-preview:-1"},"canonical":"https:\/\/relaisgourmet.com\/de\/Produkt\/armagnac-gourmet-aperitif\/","og_locale":"de_DE","og_type":"article","og_title":"Gourmet Aperitif mit Armagnac","og_description":"Kraftvoller Aperitif mit Armagnac \u2013 w\u00fcrzig, elegant und ideal f\u00fcr den festlichen Genuss.","og_url":"https:\/\/relaisgourmet.com\/de\/Produkt\/armagnac-gourmet-aperitif\/","og_site_name":"Relais Gourmet","article_publisher":"https:\/\/facebook.com\/yoast","article_modified_time":"2025-12-01T00:18:11+00:00","og_image":[{"width":1000,"height":1000,"url":"https:\/\/relaisgourmet.com\/wp-content\/uploads\/2024\/09\/apero-armagnac-1.jpg","type":"image\/jpeg"}],"twitter_card":"summary_large_image","twitter_misc":{"Gesch\u00e4tzte Lesezeit":"1\u00a0Minute"},"schema":{"@context":"https:\/\/schema.org","@graph":[{"@type":"WebPage","@id":"https:\/\/relaisgourmet.com\/de\/Produkt\/armagnac-gourmet-aperitif\/","url":"https:\/\/relaisgourmet.com\/de\/Produkt\/armagnac-gourmet-aperitif\/","name":"Gourmet-Aperitif mit Armagnac \u2013 Kraftvoll & edel","isPartOf":{"@id":"https:\/\/relaisgourmet.com\/de\/#website"},"primaryImageOfPage":{"@id":"https:\/\/relaisgourmet.com\/de\/Produkt\/armagnac-gourmet-aperitif\/#primaryimage"},"image":{"@id":"https:\/\/relaisgourmet.com\/de\/Produkt\/armagnac-gourmet-aperitif\/#primaryimage"},"thumbnailUrl":"https:\/\/relaisgourmet.com\/wp-content\/uploads\/2023\/11\/Apero-Armagnac-min.png","datePublished":"2014-10-19T12:45:34+00:00","dateModified":"2025-12-01T00:18:11+00:00","description":"Kraftvoller Aperitif mit Armagnac \u2013 w\u00fcrzig, elegant und ideal f\u00fcr den festlichen Genuss.","breadcrumb":{"@id":"https:\/\/relaisgourmet.com\/de\/Produkt\/armagnac-gourmet-aperitif\/#breadcrumb"},"inLanguage":"de","potentialAction":[{"@type":"ReadAction","target":["https:\/\/relaisgourmet.com\/de\/Produkt\/armagnac-gourmet-aperitif\/"]}]},{"@type":"ImageObject","inLanguage":"de","@id":"https:\/\/relaisgourmet.com\/de\/Produkt\/armagnac-gourmet-aperitif\/#primaryimage","url":"https:\/\/relaisgourmet.com\/wp-content\/uploads\/2023\/11\/Apero-Armagnac-min.png","contentUrl":"https:\/\/relaisgourmet.com\/wp-content\/uploads\/2023\/11\/Apero-Armagnac-min.png","width":1000,"height":1000},{"@type":"BreadcrumbList","@id":"https:\/\/relaisgourmet.com\/de\/Produkt\/armagnac-gourmet-aperitif\/#breadcrumb","itemListElement":[{"@type":"ListItem","position":1,"name":"Startseite","item":"https:\/\/relaisgourmet.com\/de\/"},{"@type":"ListItem","position":2,"name":"Authentische Foie Gras","item":"https:\/\/relaisgourmet.com\/de\/authentische-foie-gras\/"},{"@type":"ListItem","position":3,"name":"Gourmet Aperitif mit Armagnac"}]},{"@type":"WebSite","@id":"https:\/\/relaisgourmet.com\/de\/#website","url":"https:\/\/relaisgourmet.com\/de\/","name":"Relais Gourmet","description":"Maison Gastronomique au Pays-Basque Depuis 2004","publisher":{"@id":"https:\/\/relaisgourmet.com\/de\/#organization"},"potentialAction":[{"@type":"SearchAction","target":{"@type":"EntryPoint","urlTemplate":"https:\/\/relaisgourmet.com\/de\/?s={search_term_string}"},"query-input":{"@type":"PropertyValueSpecification","valueRequired":true,"valueName":"search_term_string"}}],"inLanguage":"de"},{"@type":"Organization","@id":"https:\/\/relaisgourmet.com\/de\/#organization","name":"Relais Gourmet","url":"https:\/\/relaisgourmet.com\/de\/","logo":{"@type":"ImageObject","inLanguage":"de","@id":"https:\/\/relaisgourmet.com\/de\/#\/schema\/logo\/image\/","url":"https:\/\/relaisgourmet.com\/wp-content\/uploads\/2024\/11\/Diseno-sin-titulo-8.jpg","contentUrl":"https:\/\/relaisgourmet.com\/wp-content\/uploads\/2024\/11\/Diseno-sin-titulo-8.jpg","width":500,"height":500,"caption":"Relais Gourmet"},"image":{"@id":"https:\/\/relaisgourmet.com\/de\/#\/schema\/logo\/image\/"},"sameAs":["https:\/\/facebook.com\/yoast","https:\/\/instagram.com\/yoast"]}]}},"_links":{"self":[{"href":"https:\/\/relaisgourmet.com\/de\/wp-json\/wp\/v2\/product\/42065","targetHints":{"allow":["GET"]}}],"collection":[{"href":"https:\/\/relaisgourmet.com\/de\/wp-json\/wp\/v2\/product"}],"about":[{"href":"https:\/\/relaisgourmet.com\/de\/wp-json\/wp\/v2\/types\/product"}],"replies":[{"embeddable":true,"href":"https:\/\/relaisgourmet.com\/de\/wp-json\/wp\/v2\/comments?post=42065"}],"version-history":[{"count":0,"href":"https:\/\/relaisgourmet.com\/de\/wp-json\/wp\/v2\/product\/42065\/revisions"}],"wp:featuredmedia":[{"embeddable":true,"href":"https:\/\/relaisgourmet.com\/de\/wp-json\/wp\/v2\/media\/57737"}],"wp:attachment":[{"href":"https:\/\/relaisgourmet.com\/de\/wp-json\/wp\/v2\/media?parent=42065"}],"wp:term":[{"taxonomy":"product_brand","embeddable":true,"href":"https:\/\/relaisgourmet.com\/de\/wp-json\/wp\/v2\/product_brand?post=42065"},{"taxonomy":"product_cat","embeddable":true,"href":"https:\/\/relaisgourmet.com\/de\/wp-json\/wp\/v2\/product_cat?post=42065"},{"taxonomy":"product_tag","embeddable":true,"href":"https:\/\/relaisgourmet.com\/de\/wp-json\/wp\/v2\/product_tag?post=42065"},{"taxonomy":"giftcard-category","embeddable":true,"href":"https:\/\/relaisgourmet.com\/de\/wp-json\/wp\/v2\/giftcard-category?post=42065"}],"curies":[{"name":"wp","href":"https:\/\/api.w.org\/{rel}","templated":true}]}}