{"id":42063,"date":"2014-12-03T15:11:35","date_gmt":"2014-12-03T14:11:35","guid":{"rendered":"https:\/\/relaisgourmet.com\/produit\/foie-gras-mit-susen-zwiebeln\/"},"modified":"2025-04-12T22:35:32","modified_gmt":"2025-04-12T20:35:32","slug":"foie-gras-mit-susen-zwiebeln","status":"publish","type":"product","link":"https:\/\/relaisgourmet.com\/de\/Produkt\/foie-gras-mit-susen-zwiebeln\/","title":{"rendered":"Ganze Foie Gras mit S\u00fc\u00dfen Zwiebeln"},"content":{"rendered":"<div class=\"page\" title=\"Page 16\">\n<div class=\"section\">\n<div class=\"layoutArea\">\n<div class=\"column\">\n<p>Lassen Sie sich von unserer ganzen Foie Gras mit s\u00fc\u00dfen Zwiebeln verf\u00fchren, eine k\u00f6stliche Kombination, die die Intensit\u00e4t der Foie Gras mit der S\u00fc\u00dfe der Zwiebeln ausgleicht. Dieses Produkt ist ein wahres Fest f\u00fcr die Sinne und bietet ein einzigartiges kulinarisches Erlebnis. Perfekt zum alleinigen Genie\u00dfen oder zum Teilen!<\/p>\n<p><b>Garantie ohne Konservierungsstoffe, ohne Zusatzstoffe und ohne Farbstoffe.<\/b><\/p>\n<p><b>Zutaten: <\/b><span style=\"font-weight: 400;\">Enten-Foie Gras, s\u00fc\u00dfe Zwiebel, Salz, Pfeffer und Zucker.<\/span><\/p>\n<p><b>Haltbarkeit:<\/b><span style=\"font-weight: 400;\"> 3 Jahre bei Raumtemperatur. Nach dem \u00d6ffnen innerhalb von 15 Tagen verbrauchen und im<\/span><\/p>\n<p>Sie k\u00f6nnen alle unsere Tipps und Tricks zur Zubereitung unserer Foie Gras mit S\u00fc\u00dfen Zwiebeln im <a href=\"https:\/\/relaisgourmet.com\/blog\/?lang=de\">Blog<\/a>-Bereich unserer Website sowie auf unserer <a href=\"https:\/\/www.instagram.com\/relaisgourmetofficiel\/\">Instagram<\/a>-Seite finden.<\/p>\n<\/div>\n<\/div>\n<\/div>\n<\/div>\n","protected":false},"excerpt":{"rendered":"<p>Entdecken Sie eine au\u00dfergew\u00f6hnliche franz\u00f6sische Delikatesse, die Weichheit und franz\u00f6sische Aromen vereint.<\/p>\n<p><img decoding=\"async\" class=\"emoji\" role=\"img\" draggable=\"false\" src=\"https:\/\/s.w.org\/images\/core\/emoji\/15.0.3\/svg\/1f1eb-1f1f7.svg\" alt=\"\ud83c\uddeb\ud83c\uddf7\" \/>\u00a0Produktion garantiert 100% franz\u00f6sisch<br \/>\n\u2714 Garantie ohne Konservierungsstoffe, ohne Zusatzstoffe und ohne Farbstoffe.<br \/>\n\ud83c\udf43 Enten mit gelbem Mais gef\u00fcttert<br \/>\n\ud83d\ude9a Schnelle Lieferung weltweit<br \/>\n\ud83d\udd53 Haltbar 3 Jahre<br \/>\n\ud83d\udd10 Sichere Bezahlung<\/p>\n","protected":false},"featured_media":57933,"comment_status":"closed","ping_status":"closed","template":"","meta":[],"product_brand":[],"product_cat":[1306,1311,1295],"product_tag":[1230,1262,1238,1250,2030],"giftcard-category":[],"class_list":{"0":"post-42063","1":"product","2":"type-product","3":"status-publish","4":"has-post-thumbnail","6":"product_cat-fruchtige-foie-gras","7":"product_cat-originelle-leberpastete","8":"product_cat-unsere-foies-gras","9":"product_tag-2-personen","10":"product_tag-200g-de","11":"product_tag-4-5-personen","12":"product_tag-80g-de","13":"product_tag-original-foie-gras-de","14":"product_shipping_class-tva-5-5-de","16":"first","17":"instock","18":"taxable","19":"shipping-taxable","20":"purchasable","21":"product-type-variable"},"yoast_head":"<!-- This site is optimized with the Yoast SEO Premium plugin v27.0 (Yoast SEO v27.0) - https:\/\/yoast.com\/product\/yoast-seo-premium-wordpress\/ -->\n<title>Ganze Foie Gras mit S\u00fc\u00dfzwiebeln \u2013 Mild &amp; aromatisch<\/title>\n<meta name=\"description\" content=\"S\u00fc\u00dfe Zwiebeln bringen ein fein-w\u00fcrziges Aroma, das perfekt zur cremigen Foie Gras passt.\" \/>\n<meta name=\"robots\" content=\"index, follow, max-snippet:-1, max-image-preview:large, max-video-preview:-1\" \/>\n<link rel=\"canonical\" href=\"https:\/\/relaisgourmet.com\/de\/Produkt\/foie-gras-mit-susen-zwiebeln\/\" \/>\n<meta property=\"og:locale\" content=\"de_DE\" \/>\n<meta property=\"og:type\" content=\"article\" \/>\n<meta property=\"og:title\" content=\"Ganze Foie Gras mit S\u00fc\u00dfen Zwiebeln\" \/>\n<meta property=\"og:description\" content=\"S\u00fc\u00dfe Zwiebeln bringen ein fein-w\u00fcrziges Aroma, das perfekt zur cremigen Foie Gras passt.\" \/>\n<meta property=\"og:url\" content=\"https:\/\/relaisgourmet.com\/de\/Produkt\/foie-gras-mit-susen-zwiebeln\/\" \/>\n<meta property=\"og:site_name\" content=\"Relais Gourmet\" \/>\n<meta property=\"article:publisher\" content=\"https:\/\/facebook.com\/yoast\" \/>\n<meta property=\"article:modified_time\" content=\"2025-04-12T20:35:32+00:00\" \/>\n<meta property=\"og:image\" content=\"https:\/\/relaisgourmet.com\/wp-content\/uploads\/2024\/09\/Montage-oignon-1.jpg\" \/>\n\t<meta property=\"og:image:width\" content=\"1000\" \/>\n\t<meta property=\"og:image:height\" content=\"1000\" \/>\n\t<meta property=\"og:image:type\" content=\"image\/jpeg\" \/>\n<meta name=\"twitter:card\" content=\"summary_large_image\" \/>\n<meta name=\"twitter:label1\" content=\"Gesch\u00e4tzte Lesezeit\" \/>\n\t<meta name=\"twitter:data1\" content=\"1\u00a0Minute\" \/>\n<script type=\"application\/ld+json\" class=\"yoast-schema-graph\">{\"@context\":\"https:\/\/schema.org\",\"@graph\":[{\"@type\":\"WebPage\",\"@id\":\"https:\/\/relaisgourmet.com\/de\/Produkt\/foie-gras-mit-susen-zwiebeln\/\",\"url\":\"https:\/\/relaisgourmet.com\/de\/Produkt\/foie-gras-mit-susen-zwiebeln\/\",\"name\":\"Ganze Foie Gras mit S\u00fc\u00dfzwiebeln \u2013 Mild & aromatisch\",\"isPartOf\":{\"@id\":\"https:\/\/relaisgourmet.com\/de\/#website\"},\"primaryImageOfPage\":{\"@id\":\"https:\/\/relaisgourmet.com\/de\/Produkt\/foie-gras-mit-susen-zwiebeln\/#primaryimage\"},\"image\":{\"@id\":\"https:\/\/relaisgourmet.com\/de\/Produkt\/foie-gras-mit-susen-zwiebeln\/#primaryimage\"},\"thumbnailUrl\":\"https:\/\/relaisgourmet.com\/wp-content\/uploads\/2014\/12\/Oignons-min.png\",\"datePublished\":\"2014-12-03T14:11:35+00:00\",\"dateModified\":\"2025-04-12T20:35:32+00:00\",\"description\":\"S\u00fc\u00dfe Zwiebeln bringen ein fein-w\u00fcrziges Aroma, das perfekt zur cremigen Foie Gras passt.\",\"breadcrumb\":{\"@id\":\"https:\/\/relaisgourmet.com\/de\/Produkt\/foie-gras-mit-susen-zwiebeln\/#breadcrumb\"},\"inLanguage\":\"de\",\"potentialAction\":[{\"@type\":\"ReadAction\",\"target\":[\"https:\/\/relaisgourmet.com\/de\/Produkt\/foie-gras-mit-susen-zwiebeln\/\"]}]},{\"@type\":\"ImageObject\",\"inLanguage\":\"de\",\"@id\":\"https:\/\/relaisgourmet.com\/de\/Produkt\/foie-gras-mit-susen-zwiebeln\/#primaryimage\",\"url\":\"https:\/\/relaisgourmet.com\/wp-content\/uploads\/2014\/12\/Oignons-min.png\",\"contentUrl\":\"https:\/\/relaisgourmet.com\/wp-content\/uploads\/2014\/12\/Oignons-min.png\",\"width\":1000,\"height\":1000},{\"@type\":\"BreadcrumbList\",\"@id\":\"https:\/\/relaisgourmet.com\/de\/Produkt\/foie-gras-mit-susen-zwiebeln\/#breadcrumb\",\"itemListElement\":[{\"@type\":\"ListItem\",\"position\":1,\"name\":\"Startseite\",\"item\":\"https:\/\/relaisgourmet.com\/de\/\"},{\"@type\":\"ListItem\",\"position\":2,\"name\":\"Authentische Foie Gras\",\"item\":\"https:\/\/relaisgourmet.com\/de\/authentische-foie-gras\/\"},{\"@type\":\"ListItem\",\"position\":3,\"name\":\"Ganze Foie Gras mit S\u00fc\u00dfen Zwiebeln\"}]},{\"@type\":\"WebSite\",\"@id\":\"https:\/\/relaisgourmet.com\/de\/#website\",\"url\":\"https:\/\/relaisgourmet.com\/de\/\",\"name\":\"Relais Gourmet\",\"description\":\"Maison Gastronomique au Pays-Basque Depuis 2004\",\"publisher\":{\"@id\":\"https:\/\/relaisgourmet.com\/de\/#organization\"},\"potentialAction\":[{\"@type\":\"SearchAction\",\"target\":{\"@type\":\"EntryPoint\",\"urlTemplate\":\"https:\/\/relaisgourmet.com\/de\/?s={search_term_string}\"},\"query-input\":{\"@type\":\"PropertyValueSpecification\",\"valueRequired\":true,\"valueName\":\"search_term_string\"}}],\"inLanguage\":\"de\"},{\"@type\":\"Organization\",\"@id\":\"https:\/\/relaisgourmet.com\/de\/#organization\",\"name\":\"Relais Gourmet\",\"url\":\"https:\/\/relaisgourmet.com\/de\/\",\"logo\":{\"@type\":\"ImageObject\",\"inLanguage\":\"de\",\"@id\":\"https:\/\/relaisgourmet.com\/de\/#\/schema\/logo\/image\/\",\"url\":\"https:\/\/relaisgourmet.com\/wp-content\/uploads\/2024\/11\/Diseno-sin-titulo-8.jpg\",\"contentUrl\":\"https:\/\/relaisgourmet.com\/wp-content\/uploads\/2024\/11\/Diseno-sin-titulo-8.jpg\",\"width\":500,\"height\":500,\"caption\":\"Relais Gourmet\"},\"image\":{\"@id\":\"https:\/\/relaisgourmet.com\/de\/#\/schema\/logo\/image\/\"},\"sameAs\":[\"https:\/\/facebook.com\/yoast\",\"https:\/\/instagram.com\/yoast\"]}]}<\/script>\n<!-- \/ Yoast SEO Premium plugin. -->","yoast_head_json":{"title":"Ganze Foie Gras mit S\u00fc\u00dfzwiebeln \u2013 Mild & aromatisch","description":"S\u00fc\u00dfe Zwiebeln bringen ein fein-w\u00fcrziges Aroma, das perfekt zur cremigen Foie Gras passt.","robots":{"index":"index","follow":"follow","max-snippet":"max-snippet:-1","max-image-preview":"max-image-preview:large","max-video-preview":"max-video-preview:-1"},"canonical":"https:\/\/relaisgourmet.com\/de\/Produkt\/foie-gras-mit-susen-zwiebeln\/","og_locale":"de_DE","og_type":"article","og_title":"Ganze Foie Gras mit S\u00fc\u00dfen Zwiebeln","og_description":"S\u00fc\u00dfe Zwiebeln bringen ein fein-w\u00fcrziges Aroma, das perfekt zur cremigen Foie Gras passt.","og_url":"https:\/\/relaisgourmet.com\/de\/Produkt\/foie-gras-mit-susen-zwiebeln\/","og_site_name":"Relais Gourmet","article_publisher":"https:\/\/facebook.com\/yoast","article_modified_time":"2025-04-12T20:35:32+00:00","og_image":[{"width":1000,"height":1000,"url":"https:\/\/relaisgourmet.com\/wp-content\/uploads\/2024\/09\/Montage-oignon-1.jpg","type":"image\/jpeg"}],"twitter_card":"summary_large_image","twitter_misc":{"Gesch\u00e4tzte Lesezeit":"1\u00a0Minute"},"schema":{"@context":"https:\/\/schema.org","@graph":[{"@type":"WebPage","@id":"https:\/\/relaisgourmet.com\/de\/Produkt\/foie-gras-mit-susen-zwiebeln\/","url":"https:\/\/relaisgourmet.com\/de\/Produkt\/foie-gras-mit-susen-zwiebeln\/","name":"Ganze Foie Gras mit S\u00fc\u00dfzwiebeln \u2013 Mild & aromatisch","isPartOf":{"@id":"https:\/\/relaisgourmet.com\/de\/#website"},"primaryImageOfPage":{"@id":"https:\/\/relaisgourmet.com\/de\/Produkt\/foie-gras-mit-susen-zwiebeln\/#primaryimage"},"image":{"@id":"https:\/\/relaisgourmet.com\/de\/Produkt\/foie-gras-mit-susen-zwiebeln\/#primaryimage"},"thumbnailUrl":"https:\/\/relaisgourmet.com\/wp-content\/uploads\/2014\/12\/Oignons-min.png","datePublished":"2014-12-03T14:11:35+00:00","dateModified":"2025-04-12T20:35:32+00:00","description":"S\u00fc\u00dfe Zwiebeln bringen ein fein-w\u00fcrziges Aroma, das perfekt zur cremigen Foie Gras passt.","breadcrumb":{"@id":"https:\/\/relaisgourmet.com\/de\/Produkt\/foie-gras-mit-susen-zwiebeln\/#breadcrumb"},"inLanguage":"de","potentialAction":[{"@type":"ReadAction","target":["https:\/\/relaisgourmet.com\/de\/Produkt\/foie-gras-mit-susen-zwiebeln\/"]}]},{"@type":"ImageObject","inLanguage":"de","@id":"https:\/\/relaisgourmet.com\/de\/Produkt\/foie-gras-mit-susen-zwiebeln\/#primaryimage","url":"https:\/\/relaisgourmet.com\/wp-content\/uploads\/2014\/12\/Oignons-min.png","contentUrl":"https:\/\/relaisgourmet.com\/wp-content\/uploads\/2014\/12\/Oignons-min.png","width":1000,"height":1000},{"@type":"BreadcrumbList","@id":"https:\/\/relaisgourmet.com\/de\/Produkt\/foie-gras-mit-susen-zwiebeln\/#breadcrumb","itemListElement":[{"@type":"ListItem","position":1,"name":"Startseite","item":"https:\/\/relaisgourmet.com\/de\/"},{"@type":"ListItem","position":2,"name":"Authentische Foie Gras","item":"https:\/\/relaisgourmet.com\/de\/authentische-foie-gras\/"},{"@type":"ListItem","position":3,"name":"Ganze Foie Gras mit S\u00fc\u00dfen Zwiebeln"}]},{"@type":"WebSite","@id":"https:\/\/relaisgourmet.com\/de\/#website","url":"https:\/\/relaisgourmet.com\/de\/","name":"Relais Gourmet","description":"Maison Gastronomique au Pays-Basque Depuis 2004","publisher":{"@id":"https:\/\/relaisgourmet.com\/de\/#organization"},"potentialAction":[{"@type":"SearchAction","target":{"@type":"EntryPoint","urlTemplate":"https:\/\/relaisgourmet.com\/de\/?s={search_term_string}"},"query-input":{"@type":"PropertyValueSpecification","valueRequired":true,"valueName":"search_term_string"}}],"inLanguage":"de"},{"@type":"Organization","@id":"https:\/\/relaisgourmet.com\/de\/#organization","name":"Relais Gourmet","url":"https:\/\/relaisgourmet.com\/de\/","logo":{"@type":"ImageObject","inLanguage":"de","@id":"https:\/\/relaisgourmet.com\/de\/#\/schema\/logo\/image\/","url":"https:\/\/relaisgourmet.com\/wp-content\/uploads\/2024\/11\/Diseno-sin-titulo-8.jpg","contentUrl":"https:\/\/relaisgourmet.com\/wp-content\/uploads\/2024\/11\/Diseno-sin-titulo-8.jpg","width":500,"height":500,"caption":"Relais Gourmet"},"image":{"@id":"https:\/\/relaisgourmet.com\/de\/#\/schema\/logo\/image\/"},"sameAs":["https:\/\/facebook.com\/yoast","https:\/\/instagram.com\/yoast"]}]}},"_links":{"self":[{"href":"https:\/\/relaisgourmet.com\/de\/wp-json\/wp\/v2\/product\/42063","targetHints":{"allow":["GET"]}}],"collection":[{"href":"https:\/\/relaisgourmet.com\/de\/wp-json\/wp\/v2\/product"}],"about":[{"href":"https:\/\/relaisgourmet.com\/de\/wp-json\/wp\/v2\/types\/product"}],"replies":[{"embeddable":true,"href":"https:\/\/relaisgourmet.com\/de\/wp-json\/wp\/v2\/comments?post=42063"}],"version-history":[{"count":0,"href":"https:\/\/relaisgourmet.com\/de\/wp-json\/wp\/v2\/product\/42063\/revisions"}],"wp:featuredmedia":[{"embeddable":true,"href":"https:\/\/relaisgourmet.com\/de\/wp-json\/wp\/v2\/media\/57933"}],"wp:attachment":[{"href":"https:\/\/relaisgourmet.com\/de\/wp-json\/wp\/v2\/media?parent=42063"}],"wp:term":[{"taxonomy":"product_brand","embeddable":true,"href":"https:\/\/relaisgourmet.com\/de\/wp-json\/wp\/v2\/product_brand?post=42063"},{"taxonomy":"product_cat","embeddable":true,"href":"https:\/\/relaisgourmet.com\/de\/wp-json\/wp\/v2\/product_cat?post=42063"},{"taxonomy":"product_tag","embeddable":true,"href":"https:\/\/relaisgourmet.com\/de\/wp-json\/wp\/v2\/product_tag?post=42063"},{"taxonomy":"giftcard-category","embeddable":true,"href":"https:\/\/relaisgourmet.com\/de\/wp-json\/wp\/v2\/giftcard-category?post=42063"}],"curies":[{"name":"wp","href":"https:\/\/api.w.org\/{rel}","templated":true}]}}