{"id":42055,"date":"2019-10-01T13:21:06","date_gmt":"2019-10-01T11:21:06","guid":{"rendered":"https:\/\/relaisgourmet.com\/produit\/ganze-foie-gras-mit-portwein\/"},"modified":"2025-04-12T22:35:32","modified_gmt":"2025-04-12T20:35:32","slug":"ganze-foie-gras-mit-portwein","status":"publish","type":"product","link":"https:\/\/relaisgourmet.com\/de\/Produkt\/ganze-foie-gras-mit-portwein\/","title":{"rendered":"Foie Gras mit Porto"},"content":{"rendered":"<p><span style=\"font-weight: 400;\">Entdecken Sie unser <strong>Foie Gras mit Porto<\/strong>, eine Fusion aus Tradition und Raffinesse. Er stammt von sorgf\u00e4ltig ausgew\u00e4hlten franz\u00f6sischen Bauernh\u00f6fen und verbindet die reichhaltige Textur der Ente mit der S\u00fc\u00dfe des Portweins und schafft so ein raffiniertes kulinarisches Erlebnis. Jeder Bissen ist ein perfektes Gleichgewicht aus S\u00fc\u00dfe und Intensit\u00e4t. Der Portwein, der durch die Zugabe von Brandy bereichert wird, verleiht einen <strong>s\u00fc\u00dfen Geschmack<\/strong> und einen <strong>kr\u00e4ftigen K\u00f6rper<\/strong>, die diese Speise ideal erg\u00e4nzen.<\/span><\/p>\n<p><b>Garantiert frei von Konservierungsmitteln, Zusatzstoffen und Farbstoffen.<\/b><\/p>\n<p><b>Zutaten: <\/b><span style=\"font-weight: 400;\">Ganze Entenleber, Roter Portwein (2%), Salz, Pfeffer und Zucker.<\/span><\/p>\n<p><b>Haltbarkeit:<\/b><span style=\"font-weight: 400;\"> 3 Jahre bei Raumtemperatur. <\/span><span style=\"font-weight: 400;\">Nach dem \u00d6ffnen innerhalb von 15 Tagen verbrauchen und im K\u00fchlschrank aufbewahren.<\/span><\/p>\n<p><span style=\"font-weight: 400;\">Alle unsere Tipps und Tricks f\u00fcr die Zubereitung dieser ganzen Ganzes Foie Gras in der Rubrik <a href=\"\/?page_id=33969\">Blog<\/a> und auf unserer <a href=\"https:\/\/www.instagram.com\/relaisgourmetofficiel\/\">Instagram-Seite<\/a>.<\/span><\/p>\n","protected":false},"excerpt":{"rendered":"<p>Die Kombination von Fois Gras mit der S\u00fc\u00dfe des Portweins, einem geschmacksintensiven portugiesischen Wein, macht diese Spezialit\u00e4t zu etwas ganz Besonderem.<\/p>\n<p>\ud83c\uddeb\ud83c\uddf7 Garantierte 100%ige franz\u00f6sische Produktion<br \/>\n\u2714 Garantiert frei von Konservierungsmitteln, Zusatzstoffen und Farbstoffen.<br \/>\n\ud83c\udf43 Mit gelbem Mais gef\u00fctterte Enten<br \/>\n\ud83d\ude9a Schnelle Lieferung in die ganze Welt<br \/>\n\ud83d\udd53 3 Jahre haltbar<br \/>\n\ud83d\udd10 Sichere Zahlung<\/p>\n","protected":false},"featured_media":57822,"comment_status":"closed","ping_status":"closed","template":"","meta":[],"product_brand":[],"product_cat":[1302,1314,1295],"product_tag":[1230,1262,1238,1266,1242,1250,1858,2181,2008],"giftcard-category":[],"class_list":{"0":"post-42055","1":"product","2":"type-product","3":"status-publish","4":"has-post-thumbnail","6":"product_cat-klassische-foie-gras","7":"product_cat-parfumierte-leberpastete","8":"product_cat-unsere-foies-gras","9":"product_tag-2-personen","10":"product_tag-200g-de","11":"product_tag-4-5-personen","12":"product_tag-400g-de","13":"product_tag-8-10-personen","14":"product_tag-80g-de","15":"product_tag-foie-gras-de","16":"product_tag-porto-de","17":"product_tag-tipoclasico-de","18":"product_shipping_class-standard-de","20":"first","21":"instock","22":"taxable","23":"shipping-taxable","24":"purchasable","25":"product-type-variable"},"yoast_head":"<!-- This site is optimized with the Yoast SEO Premium plugin v27.0 (Yoast SEO v27.3) - https:\/\/yoast.com\/product\/yoast-seo-premium-wordpress\/ -->\n<title>Ganze Foie Gras mit Porto \u2013 Samtiger Geschmack<\/title>\n<meta name=\"description\" content=\"Feine Foie Gras mit Porto \u2013 kraftvoll und elegant im Geschmack, ideal zum Aperitif.\" \/>\n<meta name=\"robots\" content=\"index, follow, max-snippet:-1, max-image-preview:large, max-video-preview:-1\" \/>\n<link rel=\"canonical\" href=\"https:\/\/relaisgourmet.com\/de\/Produkt\/ganze-foie-gras-mit-portwein\/\" \/>\n<meta property=\"og:locale\" content=\"de_DE\" \/>\n<meta property=\"og:type\" content=\"article\" \/>\n<meta property=\"og:title\" content=\"Foie Gras mit Porto\" \/>\n<meta property=\"og:description\" content=\"Feine Foie Gras mit Porto \u2013 kraftvoll und elegant im Geschmack, ideal zum Aperitif.\" \/>\n<meta property=\"og:url\" content=\"https:\/\/relaisgourmet.com\/de\/Produkt\/ganze-foie-gras-mit-portwein\/\" \/>\n<meta property=\"og:site_name\" content=\"Relais Gourmet\" \/>\n<meta property=\"article:publisher\" content=\"https:\/\/facebook.com\/yoast\" \/>\n<meta property=\"article:modified_time\" content=\"2025-04-12T20:35:32+00:00\" \/>\n<meta property=\"og:image\" content=\"https:\/\/relaisgourmet.com\/wp-content\/uploads\/2024\/09\/Capture-decran-2024-04-18-112853-1.png\" \/>\n\t<meta property=\"og:image:width\" content=\"591\" \/>\n\t<meta property=\"og:image:height\" content=\"590\" \/>\n\t<meta property=\"og:image:type\" content=\"image\/png\" \/>\n<meta name=\"twitter:card\" content=\"summary_large_image\" \/>\n<meta name=\"twitter:label1\" content=\"Gesch\u00e4tzte Lesezeit\" \/>\n\t<meta name=\"twitter:data1\" content=\"1\u00a0Minute\" \/>\n<script type=\"application\/ld+json\" class=\"yoast-schema-graph\">{\"@context\":\"https:\\\/\\\/schema.org\",\"@graph\":[{\"@type\":\"WebPage\",\"@id\":\"https:\\\/\\\/relaisgourmet.com\\\/de\\\/Produkt\\\/ganze-foie-gras-mit-portwein\\\/\",\"url\":\"https:\\\/\\\/relaisgourmet.com\\\/de\\\/Produkt\\\/ganze-foie-gras-mit-portwein\\\/\",\"name\":\"Ganze Foie Gras mit Porto \u2013 Samtiger Geschmack\",\"isPartOf\":{\"@id\":\"https:\\\/\\\/relaisgourmet.com\\\/de\\\/#website\"},\"primaryImageOfPage\":{\"@id\":\"https:\\\/\\\/relaisgourmet.com\\\/de\\\/Produkt\\\/ganze-foie-gras-mit-portwein\\\/#primaryimage\"},\"image\":{\"@id\":\"https:\\\/\\\/relaisgourmet.com\\\/de\\\/Produkt\\\/ganze-foie-gras-mit-portwein\\\/#primaryimage\"},\"thumbnailUrl\":\"https:\\\/\\\/relaisgourmet.com\\\/wp-content\\\/uploads\\\/2019\\\/10\\\/Porto-min.png\",\"datePublished\":\"2019-10-01T11:21:06+00:00\",\"dateModified\":\"2025-04-12T20:35:32+00:00\",\"description\":\"Feine Foie Gras mit Porto \u2013 kraftvoll und elegant im Geschmack, ideal zum Aperitif.\",\"breadcrumb\":{\"@id\":\"https:\\\/\\\/relaisgourmet.com\\\/de\\\/Produkt\\\/ganze-foie-gras-mit-portwein\\\/#breadcrumb\"},\"inLanguage\":\"de\",\"potentialAction\":[{\"@type\":\"ReadAction\",\"target\":[\"https:\\\/\\\/relaisgourmet.com\\\/de\\\/Produkt\\\/ganze-foie-gras-mit-portwein\\\/\"]}]},{\"@type\":\"ImageObject\",\"inLanguage\":\"de\",\"@id\":\"https:\\\/\\\/relaisgourmet.com\\\/de\\\/Produkt\\\/ganze-foie-gras-mit-portwein\\\/#primaryimage\",\"url\":\"https:\\\/\\\/relaisgourmet.com\\\/wp-content\\\/uploads\\\/2019\\\/10\\\/Porto-min.png\",\"contentUrl\":\"https:\\\/\\\/relaisgourmet.com\\\/wp-content\\\/uploads\\\/2019\\\/10\\\/Porto-min.png\",\"width\":1000,\"height\":1000},{\"@type\":\"BreadcrumbList\",\"@id\":\"https:\\\/\\\/relaisgourmet.com\\\/de\\\/Produkt\\\/ganze-foie-gras-mit-portwein\\\/#breadcrumb\",\"itemListElement\":[{\"@type\":\"ListItem\",\"position\":1,\"name\":\"Startseite\",\"item\":\"https:\\\/\\\/relaisgourmet.com\\\/de\\\/\"},{\"@type\":\"ListItem\",\"position\":2,\"name\":\"Authentische Foie Gras\",\"item\":\"https:\\\/\\\/relaisgourmet.com\\\/de\\\/authentische-foie-gras\\\/\"},{\"@type\":\"ListItem\",\"position\":3,\"name\":\"Foie Gras mit Porto\"}]},{\"@type\":\"WebSite\",\"@id\":\"https:\\\/\\\/relaisgourmet.com\\\/de\\\/#website\",\"url\":\"https:\\\/\\\/relaisgourmet.com\\\/de\\\/\",\"name\":\"Relais Gourmet\",\"description\":\"Maison Gastronomique au Pays-Basque Depuis 2004\",\"publisher\":{\"@id\":\"https:\\\/\\\/relaisgourmet.com\\\/de\\\/#organization\"},\"potentialAction\":[{\"@type\":\"SearchAction\",\"target\":{\"@type\":\"EntryPoint\",\"urlTemplate\":\"https:\\\/\\\/relaisgourmet.com\\\/de\\\/?s={search_term_string}\"},\"query-input\":{\"@type\":\"PropertyValueSpecification\",\"valueRequired\":true,\"valueName\":\"search_term_string\"}}],\"inLanguage\":\"de\"},{\"@type\":\"Organization\",\"@id\":\"https:\\\/\\\/relaisgourmet.com\\\/de\\\/#organization\",\"name\":\"Relais Gourmet\",\"url\":\"https:\\\/\\\/relaisgourmet.com\\\/de\\\/\",\"logo\":{\"@type\":\"ImageObject\",\"inLanguage\":\"de\",\"@id\":\"https:\\\/\\\/relaisgourmet.com\\\/de\\\/#\\\/schema\\\/logo\\\/image\\\/\",\"url\":\"https:\\\/\\\/relaisgourmet.com\\\/wp-content\\\/uploads\\\/2024\\\/11\\\/Diseno-sin-titulo-8.jpg\",\"contentUrl\":\"https:\\\/\\\/relaisgourmet.com\\\/wp-content\\\/uploads\\\/2024\\\/11\\\/Diseno-sin-titulo-8.jpg\",\"width\":500,\"height\":500,\"caption\":\"Relais Gourmet\"},\"image\":{\"@id\":\"https:\\\/\\\/relaisgourmet.com\\\/de\\\/#\\\/schema\\\/logo\\\/image\\\/\"},\"sameAs\":[\"https:\\\/\\\/facebook.com\\\/yoast\",\"https:\\\/\\\/instagram.com\\\/yoast\"]}]}<\/script>\n<!-- \/ Yoast SEO Premium plugin. -->","yoast_head_json":{"title":"Ganze Foie Gras mit Porto \u2013 Samtiger Geschmack","description":"Feine Foie Gras mit Porto \u2013 kraftvoll und elegant im Geschmack, ideal zum Aperitif.","robots":{"index":"index","follow":"follow","max-snippet":"max-snippet:-1","max-image-preview":"max-image-preview:large","max-video-preview":"max-video-preview:-1"},"canonical":"https:\/\/relaisgourmet.com\/de\/Produkt\/ganze-foie-gras-mit-portwein\/","og_locale":"de_DE","og_type":"article","og_title":"Foie Gras mit Porto","og_description":"Feine Foie Gras mit Porto \u2013 kraftvoll und elegant im Geschmack, ideal zum Aperitif.","og_url":"https:\/\/relaisgourmet.com\/de\/Produkt\/ganze-foie-gras-mit-portwein\/","og_site_name":"Relais Gourmet","article_publisher":"https:\/\/facebook.com\/yoast","article_modified_time":"2025-04-12T20:35:32+00:00","og_image":[{"width":591,"height":590,"url":"https:\/\/relaisgourmet.com\/wp-content\/uploads\/2024\/09\/Capture-decran-2024-04-18-112853-1.png","type":"image\/png"}],"twitter_card":"summary_large_image","twitter_misc":{"Gesch\u00e4tzte Lesezeit":"1\u00a0Minute"},"schema":{"@context":"https:\/\/schema.org","@graph":[{"@type":"WebPage","@id":"https:\/\/relaisgourmet.com\/de\/Produkt\/ganze-foie-gras-mit-portwein\/","url":"https:\/\/relaisgourmet.com\/de\/Produkt\/ganze-foie-gras-mit-portwein\/","name":"Ganze Foie Gras mit Porto \u2013 Samtiger Geschmack","isPartOf":{"@id":"https:\/\/relaisgourmet.com\/de\/#website"},"primaryImageOfPage":{"@id":"https:\/\/relaisgourmet.com\/de\/Produkt\/ganze-foie-gras-mit-portwein\/#primaryimage"},"image":{"@id":"https:\/\/relaisgourmet.com\/de\/Produkt\/ganze-foie-gras-mit-portwein\/#primaryimage"},"thumbnailUrl":"https:\/\/relaisgourmet.com\/wp-content\/uploads\/2019\/10\/Porto-min.png","datePublished":"2019-10-01T11:21:06+00:00","dateModified":"2025-04-12T20:35:32+00:00","description":"Feine Foie Gras mit Porto \u2013 kraftvoll und elegant im Geschmack, ideal zum Aperitif.","breadcrumb":{"@id":"https:\/\/relaisgourmet.com\/de\/Produkt\/ganze-foie-gras-mit-portwein\/#breadcrumb"},"inLanguage":"de","potentialAction":[{"@type":"ReadAction","target":["https:\/\/relaisgourmet.com\/de\/Produkt\/ganze-foie-gras-mit-portwein\/"]}]},{"@type":"ImageObject","inLanguage":"de","@id":"https:\/\/relaisgourmet.com\/de\/Produkt\/ganze-foie-gras-mit-portwein\/#primaryimage","url":"https:\/\/relaisgourmet.com\/wp-content\/uploads\/2019\/10\/Porto-min.png","contentUrl":"https:\/\/relaisgourmet.com\/wp-content\/uploads\/2019\/10\/Porto-min.png","width":1000,"height":1000},{"@type":"BreadcrumbList","@id":"https:\/\/relaisgourmet.com\/de\/Produkt\/ganze-foie-gras-mit-portwein\/#breadcrumb","itemListElement":[{"@type":"ListItem","position":1,"name":"Startseite","item":"https:\/\/relaisgourmet.com\/de\/"},{"@type":"ListItem","position":2,"name":"Authentische Foie Gras","item":"https:\/\/relaisgourmet.com\/de\/authentische-foie-gras\/"},{"@type":"ListItem","position":3,"name":"Foie Gras mit Porto"}]},{"@type":"WebSite","@id":"https:\/\/relaisgourmet.com\/de\/#website","url":"https:\/\/relaisgourmet.com\/de\/","name":"Relais Gourmet","description":"Maison Gastronomique au Pays-Basque Depuis 2004","publisher":{"@id":"https:\/\/relaisgourmet.com\/de\/#organization"},"potentialAction":[{"@type":"SearchAction","target":{"@type":"EntryPoint","urlTemplate":"https:\/\/relaisgourmet.com\/de\/?s={search_term_string}"},"query-input":{"@type":"PropertyValueSpecification","valueRequired":true,"valueName":"search_term_string"}}],"inLanguage":"de"},{"@type":"Organization","@id":"https:\/\/relaisgourmet.com\/de\/#organization","name":"Relais Gourmet","url":"https:\/\/relaisgourmet.com\/de\/","logo":{"@type":"ImageObject","inLanguage":"de","@id":"https:\/\/relaisgourmet.com\/de\/#\/schema\/logo\/image\/","url":"https:\/\/relaisgourmet.com\/wp-content\/uploads\/2024\/11\/Diseno-sin-titulo-8.jpg","contentUrl":"https:\/\/relaisgourmet.com\/wp-content\/uploads\/2024\/11\/Diseno-sin-titulo-8.jpg","width":500,"height":500,"caption":"Relais Gourmet"},"image":{"@id":"https:\/\/relaisgourmet.com\/de\/#\/schema\/logo\/image\/"},"sameAs":["https:\/\/facebook.com\/yoast","https:\/\/instagram.com\/yoast"]}]}},"_links":{"self":[{"href":"https:\/\/relaisgourmet.com\/de\/wp-json\/wp\/v2\/product\/42055","targetHints":{"allow":["GET"]}}],"collection":[{"href":"https:\/\/relaisgourmet.com\/de\/wp-json\/wp\/v2\/product"}],"about":[{"href":"https:\/\/relaisgourmet.com\/de\/wp-json\/wp\/v2\/types\/product"}],"replies":[{"embeddable":true,"href":"https:\/\/relaisgourmet.com\/de\/wp-json\/wp\/v2\/comments?post=42055"}],"version-history":[{"count":1,"href":"https:\/\/relaisgourmet.com\/de\/wp-json\/wp\/v2\/product\/42055\/revisions"}],"predecessor-version":[{"id":54808,"href":"https:\/\/relaisgourmet.com\/de\/wp-json\/wp\/v2\/product\/42055\/revisions\/54808"}],"wp:featuredmedia":[{"embeddable":true,"href":"https:\/\/relaisgourmet.com\/de\/wp-json\/wp\/v2\/media\/57822"}],"wp:attachment":[{"href":"https:\/\/relaisgourmet.com\/de\/wp-json\/wp\/v2\/media?parent=42055"}],"wp:term":[{"taxonomy":"product_brand","embeddable":true,"href":"https:\/\/relaisgourmet.com\/de\/wp-json\/wp\/v2\/product_brand?post=42055"},{"taxonomy":"product_cat","embeddable":true,"href":"https:\/\/relaisgourmet.com\/de\/wp-json\/wp\/v2\/product_cat?post=42055"},{"taxonomy":"product_tag","embeddable":true,"href":"https:\/\/relaisgourmet.com\/de\/wp-json\/wp\/v2\/product_tag?post=42055"},{"taxonomy":"giftcard-category","embeddable":true,"href":"https:\/\/relaisgourmet.com\/de\/wp-json\/wp\/v2\/giftcard-category?post=42055"}],"curies":[{"name":"wp","href":"https:\/\/api.w.org\/{rel}","templated":true}]}}