{"id":42051,"date":"2015-11-04T13:08:53","date_gmt":"2015-11-04T12:08:53","guid":{"rendered":"https:\/\/relaisgourmet.com\/produit\/ganze-gaenseleber-mit-armagnac\/"},"modified":"2025-04-12T22:35:23","modified_gmt":"2025-04-12T20:35:23","slug":"ganze-gaenseleber-mit-armagnac","status":"publish","type":"product","link":"https:\/\/relaisgourmet.com\/de\/Produkt\/ganze-gaenseleber-mit-armagnac\/","title":{"rendered":"Ganze Leberpastete mit Armagnac"},"content":{"rendered":"<p>Unsere <strong>ganze Leberpastete mit Armagnac<\/strong> bietet ein einzigartiges kulinarisches Erlebnis, das in der gastronomischen Tradition der Gascogne verwurzelt ist. Dieses au\u00dfergew\u00f6hnliche Produkt vereint die Feinheit der Leberpastete mit den charakteristischen Aromen des Armagnac, eines emblematischen Branntweins, der seit Generationen die Geschichte und Kultur dieser Region verk\u00f6rpert.<\/p>\n<p><b>Garantiert frei von Konservierungsmitteln, Farbstoffen und Zusatzstoffen.<\/b><\/p>\n<p><b>Zutaten <\/b><span style=\"font-weight: 400;\">Ganze Entenleber, Armagnac (5%), Salz, Pfeffer und Zucker.<\/span><\/p>\n<p><b>Aufbewahrung :<\/b><span style=\"font-weight: 400;\"> 3 Jahre bei Raumtemperatur. <\/span><span style=\"font-weight: 400;\">Nach dem \u00d6ffnen innerhalb von 15 Tagen verbrauchen und im K\u00fchlschrank aufbewahren.<\/span><\/p>\n<p><span style=\"font-weight: 400;\">Alle Tipps und Tricks f\u00fcr die Zubereitung dieser ganzen Leberpastete finden Sie in der Rubrik <a href=\"\/?page_id=33969\">Blog<\/a> und auf unserer <a href=\"https:\/\/www.instagram.com\/relaisgourmetofficiel\/\">Instagram-Seite<\/a>.<\/span><\/p>\n","protected":false},"excerpt":{"rendered":"<p><span class=\"yoast-text-mark\">style=&#8220;vertical-align: inherit;&#8220;&gt;Geschichte und Tradition verschmelzen in einer perfekten Harmonie der Aromen.<\/span><\/p>\n<p>\ud83c\uddeb\ud83c\uddf7 Garantierte 100%ige franz\u00f6sische Produktion<br \/>\n\u2714 Garantiert frei von Konservierungsmitteln, Zusatzstoffen und Farbstoffen.<br \/>\n\ud83c\udf43 Mit gelbem Mais gef\u00fctterte Enten<br \/>\n\ud83d\ude9a Schnelle Lieferung in die ganze Welt<br \/>\n\ud83d\udd53 3 Jahre haltbar<br \/>\n\ud83d\udd10 Sichere Zahlung<\/p>\n","protected":false},"featured_media":57873,"comment_status":"closed","ping_status":"closed","template":"","meta":[],"product_brand":[],"product_cat":[1302,1314,1295],"product_tag":[1254,1230,1262,1238,1266,1242,1250,2009,2012,1834,2010,2011,2008],"giftcard-category":[],"class_list":{"0":"post-42051","1":"product","2":"type-product","3":"status-publish","4":"has-post-thumbnail","6":"product_cat-klassische-foie-gras","7":"product_cat-parfumierte-leberpastete","8":"product_cat-unsere-foies-gras","9":"product_tag-180g-de","10":"product_tag-2-personen","11":"product_tag-200g-de","12":"product_tag-4-5-personen","13":"product_tag-400g-de","14":"product_tag-8-10-personen","15":"product_tag-80g-de","16":"product_tag-armagnac-de","17":"product_tag-armagnac-terrine","18":"product_tag-foie-gras-a-larmagnac-de","19":"product_tag-foie-gras-armagnac-de","20":"product_tag-qualitat-und-know-how","21":"product_tag-tipoclasico-de","22":"product_shipping_class-tva-5-5-de","24":"first","25":"instock","26":"taxable","27":"shipping-taxable","28":"purchasable","29":"product-type-variable"},"yoast_head":"<!-- This site is optimized with the Yoast SEO Premium plugin v27.0 (Yoast SEO v27.0) - https:\/\/yoast.com\/product\/yoast-seo-premium-wordpress\/ -->\n<title>Ganze Leber mit Armagnac \u2013 Tiefe &amp; W\u00e4rme im Aroma<\/title>\n<meta name=\"description\" content=\"Klassische Leberpastete mit der Tiefe und W\u00e4rme des franz\u00f6sischen Armagnac.\" \/>\n<meta name=\"robots\" content=\"index, follow, max-snippet:-1, max-image-preview:large, max-video-preview:-1\" \/>\n<link rel=\"canonical\" href=\"https:\/\/relaisgourmet.com\/de\/Produkt\/ganze-gaenseleber-mit-armagnac\/\" \/>\n<meta property=\"og:locale\" content=\"de_DE\" \/>\n<meta property=\"og:type\" content=\"article\" \/>\n<meta property=\"og:title\" content=\"Ganze Leberpastete mit Armagnac\" \/>\n<meta property=\"og:description\" content=\"Klassische Leberpastete mit der Tiefe und W\u00e4rme des franz\u00f6sischen Armagnac.\" \/>\n<meta property=\"og:url\" content=\"https:\/\/relaisgourmet.com\/de\/Produkt\/ganze-gaenseleber-mit-armagnac\/\" \/>\n<meta property=\"og:site_name\" content=\"Relais Gourmet\" \/>\n<meta property=\"article:publisher\" content=\"https:\/\/facebook.com\/yoast\" \/>\n<meta property=\"article:modified_time\" content=\"2025-04-12T20:35:23+00:00\" \/>\n<meta property=\"og:image\" content=\"https:\/\/relaisgourmet.com\/wp-content\/uploads\/2024\/09\/Capture-decran-2024-04-18-112241-1.png\" \/>\n\t<meta property=\"og:image:width\" content=\"606\" \/>\n\t<meta property=\"og:image:height\" content=\"580\" \/>\n\t<meta property=\"og:image:type\" content=\"image\/png\" \/>\n<meta name=\"twitter:card\" content=\"summary_large_image\" \/>\n<meta name=\"twitter:label1\" content=\"Gesch\u00e4tzte Lesezeit\" \/>\n\t<meta name=\"twitter:data1\" content=\"1\u00a0Minute\" \/>\n<script type=\"application\/ld+json\" class=\"yoast-schema-graph\">{\"@context\":\"https:\/\/schema.org\",\"@graph\":[{\"@type\":\"WebPage\",\"@id\":\"https:\/\/relaisgourmet.com\/de\/Produkt\/ganze-gaenseleber-mit-armagnac\/\",\"url\":\"https:\/\/relaisgourmet.com\/de\/Produkt\/ganze-gaenseleber-mit-armagnac\/\",\"name\":\"Ganze Leber mit Armagnac \u2013 Tiefe & W\u00e4rme im Aroma\",\"isPartOf\":{\"@id\":\"https:\/\/relaisgourmet.com\/de\/#website\"},\"primaryImageOfPage\":{\"@id\":\"https:\/\/relaisgourmet.com\/de\/Produkt\/ganze-gaenseleber-mit-armagnac\/#primaryimage\"},\"image\":{\"@id\":\"https:\/\/relaisgourmet.com\/de\/Produkt\/ganze-gaenseleber-mit-armagnac\/#primaryimage\"},\"thumbnailUrl\":\"https:\/\/relaisgourmet.com\/wp-content\/uploads\/2015\/11\/Armagnac-min.png\",\"datePublished\":\"2015-11-04T12:08:53+00:00\",\"dateModified\":\"2025-04-12T20:35:23+00:00\",\"description\":\"Klassische Leberpastete mit der Tiefe und W\u00e4rme des franz\u00f6sischen Armagnac.\",\"breadcrumb\":{\"@id\":\"https:\/\/relaisgourmet.com\/de\/Produkt\/ganze-gaenseleber-mit-armagnac\/#breadcrumb\"},\"inLanguage\":\"de\",\"potentialAction\":[{\"@type\":\"ReadAction\",\"target\":[\"https:\/\/relaisgourmet.com\/de\/Produkt\/ganze-gaenseleber-mit-armagnac\/\"]}]},{\"@type\":\"ImageObject\",\"inLanguage\":\"de\",\"@id\":\"https:\/\/relaisgourmet.com\/de\/Produkt\/ganze-gaenseleber-mit-armagnac\/#primaryimage\",\"url\":\"https:\/\/relaisgourmet.com\/wp-content\/uploads\/2015\/11\/Armagnac-min.png\",\"contentUrl\":\"https:\/\/relaisgourmet.com\/wp-content\/uploads\/2015\/11\/Armagnac-min.png\",\"width\":1000,\"height\":1000},{\"@type\":\"BreadcrumbList\",\"@id\":\"https:\/\/relaisgourmet.com\/de\/Produkt\/ganze-gaenseleber-mit-armagnac\/#breadcrumb\",\"itemListElement\":[{\"@type\":\"ListItem\",\"position\":1,\"name\":\"Startseite\",\"item\":\"https:\/\/relaisgourmet.com\/de\/\"},{\"@type\":\"ListItem\",\"position\":2,\"name\":\"Authentische Foie Gras\",\"item\":\"https:\/\/relaisgourmet.com\/de\/authentische-foie-gras\/\"},{\"@type\":\"ListItem\",\"position\":3,\"name\":\"Ganze Leberpastete mit Armagnac\"}]},{\"@type\":\"WebSite\",\"@id\":\"https:\/\/relaisgourmet.com\/de\/#website\",\"url\":\"https:\/\/relaisgourmet.com\/de\/\",\"name\":\"Relais Gourmet\",\"description\":\"Maison Gastronomique au Pays-Basque Depuis 2004\",\"publisher\":{\"@id\":\"https:\/\/relaisgourmet.com\/de\/#organization\"},\"potentialAction\":[{\"@type\":\"SearchAction\",\"target\":{\"@type\":\"EntryPoint\",\"urlTemplate\":\"https:\/\/relaisgourmet.com\/de\/?s={search_term_string}\"},\"query-input\":{\"@type\":\"PropertyValueSpecification\",\"valueRequired\":true,\"valueName\":\"search_term_string\"}}],\"inLanguage\":\"de\"},{\"@type\":\"Organization\",\"@id\":\"https:\/\/relaisgourmet.com\/de\/#organization\",\"name\":\"Relais Gourmet\",\"url\":\"https:\/\/relaisgourmet.com\/de\/\",\"logo\":{\"@type\":\"ImageObject\",\"inLanguage\":\"de\",\"@id\":\"https:\/\/relaisgourmet.com\/de\/#\/schema\/logo\/image\/\",\"url\":\"https:\/\/relaisgourmet.com\/wp-content\/uploads\/2024\/11\/Diseno-sin-titulo-8.jpg\",\"contentUrl\":\"https:\/\/relaisgourmet.com\/wp-content\/uploads\/2024\/11\/Diseno-sin-titulo-8.jpg\",\"width\":500,\"height\":500,\"caption\":\"Relais Gourmet\"},\"image\":{\"@id\":\"https:\/\/relaisgourmet.com\/de\/#\/schema\/logo\/image\/\"},\"sameAs\":[\"https:\/\/facebook.com\/yoast\",\"https:\/\/instagram.com\/yoast\"]}]}<\/script>\n<!-- \/ Yoast SEO Premium plugin. -->","yoast_head_json":{"title":"Ganze Leber mit Armagnac \u2013 Tiefe & W\u00e4rme im Aroma","description":"Klassische Leberpastete mit der Tiefe und W\u00e4rme des franz\u00f6sischen Armagnac.","robots":{"index":"index","follow":"follow","max-snippet":"max-snippet:-1","max-image-preview":"max-image-preview:large","max-video-preview":"max-video-preview:-1"},"canonical":"https:\/\/relaisgourmet.com\/de\/Produkt\/ganze-gaenseleber-mit-armagnac\/","og_locale":"de_DE","og_type":"article","og_title":"Ganze Leberpastete mit Armagnac","og_description":"Klassische Leberpastete mit der Tiefe und W\u00e4rme des franz\u00f6sischen Armagnac.","og_url":"https:\/\/relaisgourmet.com\/de\/Produkt\/ganze-gaenseleber-mit-armagnac\/","og_site_name":"Relais Gourmet","article_publisher":"https:\/\/facebook.com\/yoast","article_modified_time":"2025-04-12T20:35:23+00:00","og_image":[{"width":606,"height":580,"url":"https:\/\/relaisgourmet.com\/wp-content\/uploads\/2024\/09\/Capture-decran-2024-04-18-112241-1.png","type":"image\/png"}],"twitter_card":"summary_large_image","twitter_misc":{"Gesch\u00e4tzte Lesezeit":"1\u00a0Minute"},"schema":{"@context":"https:\/\/schema.org","@graph":[{"@type":"WebPage","@id":"https:\/\/relaisgourmet.com\/de\/Produkt\/ganze-gaenseleber-mit-armagnac\/","url":"https:\/\/relaisgourmet.com\/de\/Produkt\/ganze-gaenseleber-mit-armagnac\/","name":"Ganze Leber mit Armagnac \u2013 Tiefe & W\u00e4rme im Aroma","isPartOf":{"@id":"https:\/\/relaisgourmet.com\/de\/#website"},"primaryImageOfPage":{"@id":"https:\/\/relaisgourmet.com\/de\/Produkt\/ganze-gaenseleber-mit-armagnac\/#primaryimage"},"image":{"@id":"https:\/\/relaisgourmet.com\/de\/Produkt\/ganze-gaenseleber-mit-armagnac\/#primaryimage"},"thumbnailUrl":"https:\/\/relaisgourmet.com\/wp-content\/uploads\/2015\/11\/Armagnac-min.png","datePublished":"2015-11-04T12:08:53+00:00","dateModified":"2025-04-12T20:35:23+00:00","description":"Klassische Leberpastete mit der Tiefe und W\u00e4rme des franz\u00f6sischen Armagnac.","breadcrumb":{"@id":"https:\/\/relaisgourmet.com\/de\/Produkt\/ganze-gaenseleber-mit-armagnac\/#breadcrumb"},"inLanguage":"de","potentialAction":[{"@type":"ReadAction","target":["https:\/\/relaisgourmet.com\/de\/Produkt\/ganze-gaenseleber-mit-armagnac\/"]}]},{"@type":"ImageObject","inLanguage":"de","@id":"https:\/\/relaisgourmet.com\/de\/Produkt\/ganze-gaenseleber-mit-armagnac\/#primaryimage","url":"https:\/\/relaisgourmet.com\/wp-content\/uploads\/2015\/11\/Armagnac-min.png","contentUrl":"https:\/\/relaisgourmet.com\/wp-content\/uploads\/2015\/11\/Armagnac-min.png","width":1000,"height":1000},{"@type":"BreadcrumbList","@id":"https:\/\/relaisgourmet.com\/de\/Produkt\/ganze-gaenseleber-mit-armagnac\/#breadcrumb","itemListElement":[{"@type":"ListItem","position":1,"name":"Startseite","item":"https:\/\/relaisgourmet.com\/de\/"},{"@type":"ListItem","position":2,"name":"Authentische Foie Gras","item":"https:\/\/relaisgourmet.com\/de\/authentische-foie-gras\/"},{"@type":"ListItem","position":3,"name":"Ganze Leberpastete mit Armagnac"}]},{"@type":"WebSite","@id":"https:\/\/relaisgourmet.com\/de\/#website","url":"https:\/\/relaisgourmet.com\/de\/","name":"Relais Gourmet","description":"Maison Gastronomique au Pays-Basque Depuis 2004","publisher":{"@id":"https:\/\/relaisgourmet.com\/de\/#organization"},"potentialAction":[{"@type":"SearchAction","target":{"@type":"EntryPoint","urlTemplate":"https:\/\/relaisgourmet.com\/de\/?s={search_term_string}"},"query-input":{"@type":"PropertyValueSpecification","valueRequired":true,"valueName":"search_term_string"}}],"inLanguage":"de"},{"@type":"Organization","@id":"https:\/\/relaisgourmet.com\/de\/#organization","name":"Relais Gourmet","url":"https:\/\/relaisgourmet.com\/de\/","logo":{"@type":"ImageObject","inLanguage":"de","@id":"https:\/\/relaisgourmet.com\/de\/#\/schema\/logo\/image\/","url":"https:\/\/relaisgourmet.com\/wp-content\/uploads\/2024\/11\/Diseno-sin-titulo-8.jpg","contentUrl":"https:\/\/relaisgourmet.com\/wp-content\/uploads\/2024\/11\/Diseno-sin-titulo-8.jpg","width":500,"height":500,"caption":"Relais Gourmet"},"image":{"@id":"https:\/\/relaisgourmet.com\/de\/#\/schema\/logo\/image\/"},"sameAs":["https:\/\/facebook.com\/yoast","https:\/\/instagram.com\/yoast"]}]}},"_links":{"self":[{"href":"https:\/\/relaisgourmet.com\/de\/wp-json\/wp\/v2\/product\/42051","targetHints":{"allow":["GET"]}}],"collection":[{"href":"https:\/\/relaisgourmet.com\/de\/wp-json\/wp\/v2\/product"}],"about":[{"href":"https:\/\/relaisgourmet.com\/de\/wp-json\/wp\/v2\/types\/product"}],"replies":[{"embeddable":true,"href":"https:\/\/relaisgourmet.com\/de\/wp-json\/wp\/v2\/comments?post=42051"}],"version-history":[{"count":1,"href":"https:\/\/relaisgourmet.com\/de\/wp-json\/wp\/v2\/product\/42051\/revisions"}],"predecessor-version":[{"id":54654,"href":"https:\/\/relaisgourmet.com\/de\/wp-json\/wp\/v2\/product\/42051\/revisions\/54654"}],"wp:featuredmedia":[{"embeddable":true,"href":"https:\/\/relaisgourmet.com\/de\/wp-json\/wp\/v2\/media\/57873"}],"wp:attachment":[{"href":"https:\/\/relaisgourmet.com\/de\/wp-json\/wp\/v2\/media?parent=42051"}],"wp:term":[{"taxonomy":"product_brand","embeddable":true,"href":"https:\/\/relaisgourmet.com\/de\/wp-json\/wp\/v2\/product_brand?post=42051"},{"taxonomy":"product_cat","embeddable":true,"href":"https:\/\/relaisgourmet.com\/de\/wp-json\/wp\/v2\/product_cat?post=42051"},{"taxonomy":"product_tag","embeddable":true,"href":"https:\/\/relaisgourmet.com\/de\/wp-json\/wp\/v2\/product_tag?post=42051"},{"taxonomy":"giftcard-category","embeddable":true,"href":"https:\/\/relaisgourmet.com\/de\/wp-json\/wp\/v2\/giftcard-category?post=42051"}],"curies":[{"name":"wp","href":"https:\/\/api.w.org\/{rel}","templated":true}]}}