{"id":42043,"date":"2013-10-07T08:25:37","date_gmt":"2013-10-07T06:25:37","guid":{"rendered":"https:\/\/relaisgourmet.com\/produit\/ganze-foie-gras-mit-schwarzen-truffeln\/"},"modified":"2025-04-12T22:35:23","modified_gmt":"2025-04-12T20:35:23","slug":"ganze-foie-gras-mit-schwarzen-truffeln","status":"publish","type":"product","link":"https:\/\/relaisgourmet.com\/de\/Produkt\/ganze-foie-gras-mit-schwarzen-truffeln\/","title":{"rendered":"Ganze Leberpastete mit schwarzen Tr\u00fcffeln"},"content":{"rendered":"<p><span style=\"font-weight: 400;\">Entdecken Sie die kulinarische Eleganz mit unserer Leberpastete. <\/span><b>Ganze Leberpastete mit schwarzen Tr\u00fcffeln (Tuber Melanosporum).<\/b><span style=\"font-weight: 400;\">  Eine Spezialit\u00e4t, die Luxus und feinen Geschmack definiert. Jeder Bissen ist eine Feier der Eleganz, bei der die Intensit\u00e4t der Aromen und die Qualit\u00e4t der Speisen im Vordergrund stehen.<\/span> <b> Schwarzer Tr\u00fcffel aus dem P\u00e9rigord <\/b><span style=\"font-weight: 400;\">erg\u00e4nzt perfekt die cremige Textur dieser kulinarischen Spezialit\u00e4t.<\/span><\/p>\n<p><b>Garantiert frei von Konservierungsmitteln, Zusatzstoffen und Farbstoffen.<\/b><\/p>\n<p><b>Zutaten: <\/b><span style=\"font-weight: 400;\">Ganze Entenleber, Schwarze Tr\u00fcffel (Tuber Melanosporum, 3%),<\/span><span style=\"font-weight: 400;\"> Salz und Pfeffer.<\/span><\/p>\n<p><b>Aufbewahrung :<\/b><span style=\"font-weight: 400;\"> 3 Jahre bei Raumtemperatur. <\/span><span style=\"font-weight: 400;\">Nach dem \u00d6ffnen innerhalb von 15 Tagen verbrauchen und im K\u00fchlschrank aufbewahren.<\/span><\/p>\n<p><span style=\"font-weight: 400;\">Alle unsere Tipps und Tricks zur Vorbereitung finden Sie in der Rubrik <a href=\"\/?page_id=33969\">Blog<\/a> und auf unserer <a href=\"https:\/\/www.instagram.com\/relaisgourmetofficiel\/\">Instagram-Seite<\/a>.<\/span><\/p>\n","protected":false},"excerpt":{"rendered":"<p>Eine perfekte Kombination aus Raffinesse und Eleganz.<\/p>\n<p>\ud83c\uddeb\ud83c\uddf7 Garantierte 100%ige franz\u00f6sische Produktion<br \/>\n\u2714 Garantiert frei von Konservierungsmitteln, Zusatzstoffen und Farbstoffen.<br \/>\n\ud83c\udf43 Mit gelbem Mais gef\u00fctterte Enten<br \/>\n\ud83d\ude9a Schnelle Lieferung in die ganze Welt<br \/>\n\ud83d\udd53 3 Jahre haltbar<br \/>\n\ud83d\udd10 Sichere Zahlung<\/p>\n","protected":false},"featured_media":57409,"comment_status":"closed","ping_status":"closed","template":"","meta":[],"product_brand":[],"product_cat":[1302,1295],"product_tag":[1262,1238,2438,2447,2440,2439,2441,2443,2445,2444,2442,2446,2008],"giftcard-category":[],"class_list":{"0":"post-42043","1":"product","2":"type-product","3":"status-publish","4":"has-post-thumbnail","6":"product_cat-klassische-foie-gras","7":"product_cat-unsere-foies-gras","8":"product_tag-200g-de","9":"product_tag-4-5-personen","10":"product_tag-ausgezeichnete-foie-gras-de","11":"product_tag-beste-foie-gras","12":"product_tag-foie-gras-mit-schwarzen-truffeln","13":"product_tag-foie-gras-mit-truffeln","14":"product_tag-foie-gras-perigord-de","15":"product_tag-foie-gras-truffel","16":"product_tag-ganseleberpastete-mit-schwarzen-truffeln","17":"product_tag-getruffelte-ganseleberpastete","18":"product_tag-getruffelte-stopfleber","19":"product_tag-mal-fett","20":"product_tag-tipoclasico-de","21":"product_shipping_class-tva-5-5-de","23":"first","24":"instock","25":"taxable","26":"shipping-taxable","27":"purchasable","28":"product-type-simple"},"yoast_head":"<!-- This site is optimized with the Yoast SEO Premium plugin v27.0 (Yoast SEO v27.0) - https:\/\/yoast.com\/product\/yoast-seo-premium-wordpress\/ -->\n<title>Ganze Leber mit schwarzen Tr\u00fcffeln \u2013 Luxuri\u00f6s<\/title>\n<meta name=\"description\" content=\"Schwarze Tr\u00fcffel veredeln diese Foie Gras \u2013 f\u00fcr festliche Anl\u00e4sse und echte Gourmets.\" \/>\n<meta name=\"robots\" content=\"index, follow, max-snippet:-1, max-image-preview:large, max-video-preview:-1\" \/>\n<link rel=\"canonical\" href=\"https:\/\/relaisgourmet.com\/de\/Produkt\/ganze-foie-gras-mit-schwarzen-truffeln\/\" \/>\n<meta property=\"og:locale\" content=\"de_DE\" \/>\n<meta property=\"og:type\" content=\"article\" \/>\n<meta property=\"og:title\" content=\"Ganze Leberpastete mit schwarzen Tr\u00fcffeln\" \/>\n<meta property=\"og:description\" content=\"Schwarze Tr\u00fcffel veredeln diese Foie Gras \u2013 f\u00fcr festliche Anl\u00e4sse und echte Gourmets.\" \/>\n<meta property=\"og:url\" content=\"https:\/\/relaisgourmet.com\/de\/Produkt\/ganze-foie-gras-mit-schwarzen-truffeln\/\" \/>\n<meta property=\"og:site_name\" content=\"Relais Gourmet\" \/>\n<meta property=\"article:publisher\" content=\"https:\/\/facebook.com\/yoast\" \/>\n<meta property=\"article:modified_time\" content=\"2025-04-12T20:35:23+00:00\" \/>\n<meta property=\"og:image\" content=\"https:\/\/relaisgourmet.com\/wp-content\/uploads\/2024\/09\/Capture-decran-2024-04-18-113415-1.png\" \/>\n\t<meta property=\"og:image:width\" content=\"653\" \/>\n\t<meta property=\"og:image:height\" content=\"591\" \/>\n\t<meta property=\"og:image:type\" content=\"image\/png\" \/>\n<meta name=\"twitter:card\" content=\"summary_large_image\" \/>\n<meta name=\"twitter:label1\" content=\"Gesch\u00e4tzte Lesezeit\" \/>\n\t<meta name=\"twitter:data1\" content=\"1\u00a0Minute\" \/>\n<script type=\"application\/ld+json\" class=\"yoast-schema-graph\">{\"@context\":\"https:\/\/schema.org\",\"@graph\":[{\"@type\":\"WebPage\",\"@id\":\"https:\/\/relaisgourmet.com\/de\/Produkt\/ganze-foie-gras-mit-schwarzen-truffeln\/\",\"url\":\"https:\/\/relaisgourmet.com\/de\/Produkt\/ganze-foie-gras-mit-schwarzen-truffeln\/\",\"name\":\"Ganze Leber mit schwarzen Tr\u00fcffeln \u2013 Luxuri\u00f6s\",\"isPartOf\":{\"@id\":\"https:\/\/relaisgourmet.com\/de\/#website\"},\"primaryImageOfPage\":{\"@id\":\"https:\/\/relaisgourmet.com\/de\/Produkt\/ganze-foie-gras-mit-schwarzen-truffeln\/#primaryimage\"},\"image\":{\"@id\":\"https:\/\/relaisgourmet.com\/de\/Produkt\/ganze-foie-gras-mit-schwarzen-truffeln\/#primaryimage\"},\"thumbnailUrl\":\"https:\/\/relaisgourmet.com\/wp-content\/uploads\/2013\/10\/Truffe.png\",\"datePublished\":\"2013-10-07T06:25:37+00:00\",\"dateModified\":\"2025-04-12T20:35:23+00:00\",\"description\":\"Schwarze Tr\u00fcffel veredeln diese Foie Gras \u2013 f\u00fcr festliche Anl\u00e4sse und echte Gourmets.\",\"breadcrumb\":{\"@id\":\"https:\/\/relaisgourmet.com\/de\/Produkt\/ganze-foie-gras-mit-schwarzen-truffeln\/#breadcrumb\"},\"inLanguage\":\"de\",\"potentialAction\":[{\"@type\":\"ReadAction\",\"target\":[\"https:\/\/relaisgourmet.com\/de\/Produkt\/ganze-foie-gras-mit-schwarzen-truffeln\/\"]}]},{\"@type\":\"ImageObject\",\"inLanguage\":\"de\",\"@id\":\"https:\/\/relaisgourmet.com\/de\/Produkt\/ganze-foie-gras-mit-schwarzen-truffeln\/#primaryimage\",\"url\":\"https:\/\/relaisgourmet.com\/wp-content\/uploads\/2013\/10\/Truffe.png\",\"contentUrl\":\"https:\/\/relaisgourmet.com\/wp-content\/uploads\/2013\/10\/Truffe.png\",\"width\":1000,\"height\":1000,\"caption\":\"Truffe noire Tuber melanosporum, ingr\u00e9dient du Foie Gras d\u2019exception\"},{\"@type\":\"BreadcrumbList\",\"@id\":\"https:\/\/relaisgourmet.com\/de\/Produkt\/ganze-foie-gras-mit-schwarzen-truffeln\/#breadcrumb\",\"itemListElement\":[{\"@type\":\"ListItem\",\"position\":1,\"name\":\"Startseite\",\"item\":\"https:\/\/relaisgourmet.com\/de\/\"},{\"@type\":\"ListItem\",\"position\":2,\"name\":\"Authentische Foie Gras\",\"item\":\"https:\/\/relaisgourmet.com\/de\/authentische-foie-gras\/\"},{\"@type\":\"ListItem\",\"position\":3,\"name\":\"Ganze Leberpastete mit schwarzen Tr\u00fcffeln\"}]},{\"@type\":\"WebSite\",\"@id\":\"https:\/\/relaisgourmet.com\/de\/#website\",\"url\":\"https:\/\/relaisgourmet.com\/de\/\",\"name\":\"Relais Gourmet\",\"description\":\"Maison Gastronomique au Pays-Basque Depuis 2004\",\"publisher\":{\"@id\":\"https:\/\/relaisgourmet.com\/de\/#organization\"},\"potentialAction\":[{\"@type\":\"SearchAction\",\"target\":{\"@type\":\"EntryPoint\",\"urlTemplate\":\"https:\/\/relaisgourmet.com\/de\/?s={search_term_string}\"},\"query-input\":{\"@type\":\"PropertyValueSpecification\",\"valueRequired\":true,\"valueName\":\"search_term_string\"}}],\"inLanguage\":\"de\"},{\"@type\":\"Organization\",\"@id\":\"https:\/\/relaisgourmet.com\/de\/#organization\",\"name\":\"Relais Gourmet\",\"url\":\"https:\/\/relaisgourmet.com\/de\/\",\"logo\":{\"@type\":\"ImageObject\",\"inLanguage\":\"de\",\"@id\":\"https:\/\/relaisgourmet.com\/de\/#\/schema\/logo\/image\/\",\"url\":\"https:\/\/relaisgourmet.com\/wp-content\/uploads\/2024\/11\/Diseno-sin-titulo-8.jpg\",\"contentUrl\":\"https:\/\/relaisgourmet.com\/wp-content\/uploads\/2024\/11\/Diseno-sin-titulo-8.jpg\",\"width\":500,\"height\":500,\"caption\":\"Relais Gourmet\"},\"image\":{\"@id\":\"https:\/\/relaisgourmet.com\/de\/#\/schema\/logo\/image\/\"},\"sameAs\":[\"https:\/\/facebook.com\/yoast\",\"https:\/\/instagram.com\/yoast\"]}]}<\/script>\n<!-- \/ Yoast SEO Premium plugin. -->","yoast_head_json":{"title":"Ganze Leber mit schwarzen Tr\u00fcffeln \u2013 Luxuri\u00f6s","description":"Schwarze Tr\u00fcffel veredeln diese Foie Gras \u2013 f\u00fcr festliche Anl\u00e4sse und echte Gourmets.","robots":{"index":"index","follow":"follow","max-snippet":"max-snippet:-1","max-image-preview":"max-image-preview:large","max-video-preview":"max-video-preview:-1"},"canonical":"https:\/\/relaisgourmet.com\/de\/Produkt\/ganze-foie-gras-mit-schwarzen-truffeln\/","og_locale":"de_DE","og_type":"article","og_title":"Ganze Leberpastete mit schwarzen Tr\u00fcffeln","og_description":"Schwarze Tr\u00fcffel veredeln diese Foie Gras \u2013 f\u00fcr festliche Anl\u00e4sse und echte Gourmets.","og_url":"https:\/\/relaisgourmet.com\/de\/Produkt\/ganze-foie-gras-mit-schwarzen-truffeln\/","og_site_name":"Relais Gourmet","article_publisher":"https:\/\/facebook.com\/yoast","article_modified_time":"2025-04-12T20:35:23+00:00","og_image":[{"width":653,"height":591,"url":"https:\/\/relaisgourmet.com\/wp-content\/uploads\/2024\/09\/Capture-decran-2024-04-18-113415-1.png","type":"image\/png"}],"twitter_card":"summary_large_image","twitter_misc":{"Gesch\u00e4tzte Lesezeit":"1\u00a0Minute"},"schema":{"@context":"https:\/\/schema.org","@graph":[{"@type":"WebPage","@id":"https:\/\/relaisgourmet.com\/de\/Produkt\/ganze-foie-gras-mit-schwarzen-truffeln\/","url":"https:\/\/relaisgourmet.com\/de\/Produkt\/ganze-foie-gras-mit-schwarzen-truffeln\/","name":"Ganze Leber mit schwarzen Tr\u00fcffeln \u2013 Luxuri\u00f6s","isPartOf":{"@id":"https:\/\/relaisgourmet.com\/de\/#website"},"primaryImageOfPage":{"@id":"https:\/\/relaisgourmet.com\/de\/Produkt\/ganze-foie-gras-mit-schwarzen-truffeln\/#primaryimage"},"image":{"@id":"https:\/\/relaisgourmet.com\/de\/Produkt\/ganze-foie-gras-mit-schwarzen-truffeln\/#primaryimage"},"thumbnailUrl":"https:\/\/relaisgourmet.com\/wp-content\/uploads\/2013\/10\/Truffe.png","datePublished":"2013-10-07T06:25:37+00:00","dateModified":"2025-04-12T20:35:23+00:00","description":"Schwarze Tr\u00fcffel veredeln diese Foie Gras \u2013 f\u00fcr festliche Anl\u00e4sse und echte Gourmets.","breadcrumb":{"@id":"https:\/\/relaisgourmet.com\/de\/Produkt\/ganze-foie-gras-mit-schwarzen-truffeln\/#breadcrumb"},"inLanguage":"de","potentialAction":[{"@type":"ReadAction","target":["https:\/\/relaisgourmet.com\/de\/Produkt\/ganze-foie-gras-mit-schwarzen-truffeln\/"]}]},{"@type":"ImageObject","inLanguage":"de","@id":"https:\/\/relaisgourmet.com\/de\/Produkt\/ganze-foie-gras-mit-schwarzen-truffeln\/#primaryimage","url":"https:\/\/relaisgourmet.com\/wp-content\/uploads\/2013\/10\/Truffe.png","contentUrl":"https:\/\/relaisgourmet.com\/wp-content\/uploads\/2013\/10\/Truffe.png","width":1000,"height":1000,"caption":"Truffe noire Tuber melanosporum, ingr\u00e9dient du Foie Gras d\u2019exception"},{"@type":"BreadcrumbList","@id":"https:\/\/relaisgourmet.com\/de\/Produkt\/ganze-foie-gras-mit-schwarzen-truffeln\/#breadcrumb","itemListElement":[{"@type":"ListItem","position":1,"name":"Startseite","item":"https:\/\/relaisgourmet.com\/de\/"},{"@type":"ListItem","position":2,"name":"Authentische Foie Gras","item":"https:\/\/relaisgourmet.com\/de\/authentische-foie-gras\/"},{"@type":"ListItem","position":3,"name":"Ganze Leberpastete mit schwarzen Tr\u00fcffeln"}]},{"@type":"WebSite","@id":"https:\/\/relaisgourmet.com\/de\/#website","url":"https:\/\/relaisgourmet.com\/de\/","name":"Relais Gourmet","description":"Maison Gastronomique au Pays-Basque Depuis 2004","publisher":{"@id":"https:\/\/relaisgourmet.com\/de\/#organization"},"potentialAction":[{"@type":"SearchAction","target":{"@type":"EntryPoint","urlTemplate":"https:\/\/relaisgourmet.com\/de\/?s={search_term_string}"},"query-input":{"@type":"PropertyValueSpecification","valueRequired":true,"valueName":"search_term_string"}}],"inLanguage":"de"},{"@type":"Organization","@id":"https:\/\/relaisgourmet.com\/de\/#organization","name":"Relais Gourmet","url":"https:\/\/relaisgourmet.com\/de\/","logo":{"@type":"ImageObject","inLanguage":"de","@id":"https:\/\/relaisgourmet.com\/de\/#\/schema\/logo\/image\/","url":"https:\/\/relaisgourmet.com\/wp-content\/uploads\/2024\/11\/Diseno-sin-titulo-8.jpg","contentUrl":"https:\/\/relaisgourmet.com\/wp-content\/uploads\/2024\/11\/Diseno-sin-titulo-8.jpg","width":500,"height":500,"caption":"Relais Gourmet"},"image":{"@id":"https:\/\/relaisgourmet.com\/de\/#\/schema\/logo\/image\/"},"sameAs":["https:\/\/facebook.com\/yoast","https:\/\/instagram.com\/yoast"]}]}},"_links":{"self":[{"href":"https:\/\/relaisgourmet.com\/de\/wp-json\/wp\/v2\/product\/42043","targetHints":{"allow":["GET"]}}],"collection":[{"href":"https:\/\/relaisgourmet.com\/de\/wp-json\/wp\/v2\/product"}],"about":[{"href":"https:\/\/relaisgourmet.com\/de\/wp-json\/wp\/v2\/types\/product"}],"replies":[{"embeddable":true,"href":"https:\/\/relaisgourmet.com\/de\/wp-json\/wp\/v2\/comments?post=42043"}],"version-history":[{"count":1,"href":"https:\/\/relaisgourmet.com\/de\/wp-json\/wp\/v2\/product\/42043\/revisions"}],"predecessor-version":[{"id":54849,"href":"https:\/\/relaisgourmet.com\/de\/wp-json\/wp\/v2\/product\/42043\/revisions\/54849"}],"wp:featuredmedia":[{"embeddable":true,"href":"https:\/\/relaisgourmet.com\/de\/wp-json\/wp\/v2\/media\/57409"}],"wp:attachment":[{"href":"https:\/\/relaisgourmet.com\/de\/wp-json\/wp\/v2\/media?parent=42043"}],"wp:term":[{"taxonomy":"product_brand","embeddable":true,"href":"https:\/\/relaisgourmet.com\/de\/wp-json\/wp\/v2\/product_brand?post=42043"},{"taxonomy":"product_cat","embeddable":true,"href":"https:\/\/relaisgourmet.com\/de\/wp-json\/wp\/v2\/product_cat?post=42043"},{"taxonomy":"product_tag","embeddable":true,"href":"https:\/\/relaisgourmet.com\/de\/wp-json\/wp\/v2\/product_tag?post=42043"},{"taxonomy":"giftcard-category","embeddable":true,"href":"https:\/\/relaisgourmet.com\/de\/wp-json\/wp\/v2\/giftcard-category?post=42043"}],"curies":[{"name":"wp","href":"https:\/\/api.w.org\/{rel}","templated":true}]}}