{"id":42037,"date":"2020-11-19T14:21:34","date_gmt":"2020-11-19T13:21:34","guid":{"rendered":"https:\/\/relaisgourmet.com\/produit\/gourmetkorb-corniche\/"},"modified":"2025-04-12T22:35:23","modified_gmt":"2025-04-12T20:35:23","slug":"gourmet-corniche-geschenkset","status":"publish","type":"product","link":"https:\/\/relaisgourmet.com\/de\/Produkt\/gourmet-corniche-geschenkset\/","title":{"rendered":"Gourmetpaket Corniche"},"content":{"rendered":"<h1><strong>Entdecken Sie die Gourmetbox Corniche: ein gastronomischer Schatz f\u00fcr Ihre festlichen Momente<\/strong><\/h1>\n<div class=\"group\/conversation-turn relative flex w-full min-w-0 flex-col agent-turn\">\n<div class=\"flex-col gap-1 md:gap-3\">\n<div class=\"flex max-w-full flex-col flex-grow\">\n<div class=\"min-h-8 text-message flex w-full flex-col items-end gap-2 whitespace-normal break-words [.text-message+&amp;]:mt-5\" dir=\"auto\" data-message-author-role=\"assistant\" data-message-id=\"abc07d9c-ac27-4da4-a0d7-19b9aa78dac3\" data-message-model-slug=\"gpt-4o\">\n<div class=\"flex w-full flex-col gap-1 empty:hidden first:pt-[3px]\">\n<div class=\"markdown prose w-full break-words dark:prose-invert light\">\n<p>Das Gourmetpaket Corniche ist viel mehr als nur eine Auswahl an gastronomischen Produkten. Es verk\u00f6rpert die Verpflichtung von Relais Gourmet, authentische Produkte anzubieten, die die baskische kulinarische Tradition respektieren. Er eignet sich perfekt, um Ihre Gourmetmomente das ganze Jahr \u00fcber zu verfeinern, und ist ideal zum Verschenken oder selbst genie\u00dfen. Er l\u00e4dt dazu ein, das Beste aus der Region zu entdecken.<\/p>\n<\/div>\n<\/div>\n<\/div>\n<\/div>\n<\/div>\n<\/div>\n<p>Die Gourmetbox Corniche ist garantiert <strong> frei von Konservierungsmitteln, Farbstoffen und Zusatzstoffen<\/strong>.<\/p>\n<h4><strong>Zusammensetzung des Gourmetpaketes Corniche<\/strong><\/h4>\n<ul>\n<li style=\"font-weight: 400;\" aria-level=\"1\"><span style=\"font-weight: 400;\"><strong>Ganze Leberpastete Natur (200 g)<\/strong>: Diese Leberpastete ist ein Muss f\u00fcr jedes Fest und zeigt die ganze Finesse einer traditionellen Zubereitung.<\/span><\/li>\n<li style=\"font-weight: 400;\" aria-level=\"1\"><span style=\"font-weight: 400;\"><strong>Ganze Leberpastete mit Piment d&#8217;Espelette (180 g)<\/strong>: Eine harmonische Verbindung von Leberpastete und Piment d&#8217;Espelette, die Ihren Verkostungen eine charaktervolle Note verleiht.<\/span><\/li>\n<li aria-level=\"1\"><span style=\"font-weight: 400;\"><strong>Juran\u00e7on Gourmet Aperitif (180 g)<\/strong>: Eine subtile Kombination aus fruchtigen Aromen und der S\u00fc\u00dfe des Juran\u00e7on, einem lieblichen Wei\u00dfwein aus dem S\u00fcdwesten Frankreichs.<\/span><\/li>\n<li aria-level=\"1\"><span style=\"font-weight: 400;\"><strong>Gourmet Aperitif mit Piment d&#8217;Espelette (180 g)<\/strong>: Eine feine, w\u00fcrzige Note, die die Geschmacksknospen weckt und dem Piment d&#8217;Espelette, dem Wahrzeichen des Baskenlandes, alle Ehre macht.  <\/span><\/li>\n<li aria-level=\"1\"><span style=\"font-weight: 400;\"><strong>Quintessenz aus Foie Gras und ger\u00e4ucherter Entenbrust (180 g)<\/strong>: Eine raffinierte Mischung, die die S\u00fc\u00dfe der Foie Gras mit der rauchigen Textur der Entenbrust verbindet.<\/span><\/li>\n<li aria-level=\"1\"><span style=\"font-weight: 400;\"><strong>Flasche Monbazillac Wei\u00dfwein (750 ml)<\/strong>: Dieser s\u00fc\u00dfe und gro\u00dfz\u00fcgige Wein ist der ideale Begleiter, um die Aromen Ihres Gourmetpakets zu unterstreichen.<\/span><\/li>\n<\/ul>\n<h4><strong>Aufbewahrung und Empfehlungen zur Verkostung des Gourmetpaketes Corniche<\/strong><\/h4>\n<p><span style=\"font-weight: 400;\">Die <strong>Gourmetbox Corniche<\/strong> kann problemlos 3 Jahre lang bei Raumtemperatur aufbewahrt werden.<\/span><\/p>\n<div class=\"flex max-w-full flex-col flex-grow\">\n<div class=\"min-h-8 text-message relative flex w-full flex-col items-end gap-2 whitespace-normal break-words text-start [.text-message+&amp;]:mt-5\" dir=\"auto\" data-message-author-role=\"assistant\" data-message-id=\"539b6179-7f7f-4627-a33a-478db8b298d3\" data-message-model-slug=\"gpt-4o-mini\">\n<div class=\"flex w-full flex-col gap-1 empty:hidden first:pt-[3px]\">\n<div class=\"markdown prose w-full break-words dark:prose-invert light\">\n<p data-start=\"0\" data-end=\"143\" data-is-last-node=\"\" data-is-only-node=\"\">Nach dem \u00d6ffnen m\u00fcssen die Produkte innerhalb von 15 Tagen verbraucht werden. Bewahren Sie sie im K\u00fchlschrank auf, um ihre Frische und ihren Geschmack zu bewahren.<\/p>\n<\/div>\n<\/div>\n<\/div>\n<\/div>\n<div class=\"mb-2 flex gap-3 -ml-2\" tabindex=\"0\">\n<div class=\"flex items-center justify-start rounded-xl p-1\">\n<div><\/div>\n<h4 class=\"flex items-center\"><strong>Tipps f\u00fcr den optimalen Genuss Ihres Larroun-Sets<\/strong><\/h4>\n<\/div>\n<\/div>\n<p><span style=\"font-weight: 400;\">Diese Ideen finden Sie in unserem <a href=\"https:\/\/relaisgourmet.com\/blog-foies-gras-actualite\/\">Blog <\/a>und auf unserer <a href=\"https:\/\/www.instagram.com\/relaisgourmetofficiel\/?next=%2F\">Instagram-Seite<\/a>. Machen Sie Ihre Aperitifs mit einfachen und eleganten Rezepten zu einem Moment des Genusses und der Gemeinsamkeit.  <\/span><\/p>\n<div class=\"flex max-w-full flex-col flex-grow\">\n<div class=\"min-h-8 text-message relative flex w-full flex-col items-end gap-2 whitespace-normal break-words text-start [.text-message+&amp;]:mt-5\" dir=\"auto\" data-message-author-role=\"assistant\" data-message-id=\"b1ff64d6-483e-4b1c-a953-c3e404e50a2e\" data-message-model-slug=\"gpt-4o-mini\">\n<div class=\"flex w-full flex-col gap-1 empty:hidden first:pt-[3px]\">\n<div class=\"markdown prose w-full break-words dark:prose-invert light\">\n<p data-start=\"0\" data-end=\"197\" data-is-last-node=\"\" data-is-only-node=\"\">Dieses Set ist ein ideales Geschenk f\u00fcr jede Gelegenheit: ein Abendessen mit Freunden, ein l\u00e4ndliches Picknick oder eine Feier mit der Familie. Schenken Sie den Geschmack der Authentizit\u00e4t mit <a href=\"https:\/\/relaisgourmet.com\/\">Relais Gourmet<\/a>.<\/p>\n<\/div>\n<\/div>\n<\/div>\n<\/div>\n","protected":false},"excerpt":{"rendered":"<div class=\"flex-shrink-0 flex flex-col relative items-end\">\n<div>\n<div class=\"pt-0\">\n<div class=\"gizmo-bot-avatar flex h-8 w-8 items-center justify-center overflow-hidden rounded-full\">\n<div class=\"relative p-1 rounded-sm flex items-center justify-center bg-token-main-surface-primary text-token-text-primary h-8 w-8\">Entdecken Sie das Gourmetpaket Corniche, eine Einladung zum Genie\u00dfen bei jeder Gelegenheit. Perfekt, um Ihren Aperitif zu verfeinern, improvisierte Mahlzeiten zu begleiten oder Ihren Lieben einen Moment der Gaumenfreude zu schenken. Genie\u00dfen Sie es, wann immer Sie wollen!<\/div>\n<\/div>\n<\/div>\n<\/div>\n<\/div>\n<p>&nbsp;<\/p>\n<p><img decoding=\"async\" class=\"emoji\" role=\"img\" src=\"https:\/\/s.w.org\/images\/core\/emoji\/15.0.3\/svg\/1f1eb-1f1f7.svg\" alt=\"\ud83c\uddeb\ud83c\uddf7\">  Garantierte 100%ige franz\u00f6sische Produktion<br \/>\n\u2714 Garantiert frei von Konservierungsmitteln, Zusatzstoffen und Farbstoffen.<br \/>\n\ud83c\udf43 Mit gelbem Mais gef\u00fctterte Enten<br \/>\n\ud83d\ude9a Schnelle Lieferung in die ganze Welt<br \/>\n\ud83d\udd53 3 Jahre haltbar<br \/>\n\ud83d\udd10 Sichere Zahlung<\/p>\n<p>Nettogewicht: (1.67 kg)<\/p>\n","protected":false},"featured_media":58826,"comment_status":"closed","ping_status":"closed","template":"","meta":[],"product_brand":[],"product_cat":[1274,1283],"product_tag":[2522,2506,2507,2508,2516,2505,2518,2517,2509,2510,2515,2520,2514,2521,2513,2523,2511,2519,2512],"giftcard-category":[],"class_list":{"0":"post-42037","1":"product","2":"type-product","3":"status-publish","4":"has-post-thumbnail","6":"product_cat-geschenkboxen","7":"product_cat-prestigegeschenke","8":"product_tag-baskische-produkte","9":"product_tag-dose","10":"product_tag-foie-gras-set","11":"product_tag-gastronomische-box","12":"product_tag-gastronomisches-paket","13":"product_tag-geschenkbox","14":"product_tag-gourmet-paket","15":"product_tag-gourmetpaket-de-2","16":"product_tag-gourmetpaket","17":"product_tag-gourmetpaket-de","18":"product_tag-lebergras-paket","19":"product_tag-paket-anbieten","20":"product_tag-paket-foie-gras","21":"product_tag-pakete-zum-verschenken","22":"product_tag-party-paket","23":"product_tag-sudwestprodukte","24":"product_tag-terroir-koffer","25":"product_tag-weihnachtspaket","26":"product_tag-zu-versendende-pakete","27":"product_shipping_class-standard-de","29":"first","30":"instock","31":"taxable","32":"shipping-taxable","33":"purchasable","34":"product-type-simple"},"yoast_head":"<!-- This site is optimized with the Yoast SEO Premium plugin v27.0 (Yoast SEO v27.0) - https:\/\/yoast.com\/product\/yoast-seo-premium-wordpress\/ -->\n<title>Corniche Gourmetpaket \u2013 Delikat &amp; exklusiv<\/title>\n<meta name=\"description\" content=\"Entdecken Sie ein feines Geschenkpaket voller baskischer Delikatessen und Genussmomente.\" \/>\n<meta name=\"robots\" content=\"index, follow, max-snippet:-1, max-image-preview:large, max-video-preview:-1\" \/>\n<link rel=\"canonical\" href=\"https:\/\/relaisgourmet.com\/de\/Produkt\/gourmet-corniche-geschenkset\/\" \/>\n<meta property=\"og:locale\" content=\"de_DE\" \/>\n<meta property=\"og:type\" content=\"article\" \/>\n<meta property=\"og:title\" content=\"Gourmetpaket Corniche\" \/>\n<meta property=\"og:description\" content=\"Entdecken Sie ein feines Geschenkpaket voller baskischer Delikatessen und Genussmomente.\" \/>\n<meta property=\"og:url\" content=\"https:\/\/relaisgourmet.com\/de\/Produkt\/gourmet-corniche-geschenkset\/\" \/>\n<meta property=\"og:site_name\" content=\"Relais Gourmet\" \/>\n<meta property=\"article:publisher\" content=\"https:\/\/facebook.com\/yoast\" \/>\n<meta property=\"article:modified_time\" content=\"2025-04-12T20:35:23+00:00\" \/>\n<meta property=\"og:image\" content=\"https:\/\/relaisgourmet.com\/wp-content\/uploads\/2024\/09\/corniche-1.jpg\" \/>\n\t<meta property=\"og:image:width\" content=\"2500\" \/>\n\t<meta property=\"og:image:height\" content=\"1667\" \/>\n\t<meta property=\"og:image:type\" content=\"image\/jpeg\" \/>\n<meta name=\"twitter:card\" content=\"summary_large_image\" \/>\n<meta name=\"twitter:label1\" content=\"Gesch\u00e4tzte Lesezeit\" \/>\n\t<meta name=\"twitter:data1\" content=\"2\u00a0Minute\" \/>\n<script type=\"application\/ld+json\" class=\"yoast-schema-graph\">{\"@context\":\"https:\/\/schema.org\",\"@graph\":[{\"@type\":\"WebPage\",\"@id\":\"https:\/\/relaisgourmet.com\/de\/Produkt\/gourmet-corniche-geschenkset\/\",\"url\":\"https:\/\/relaisgourmet.com\/de\/Produkt\/gourmet-corniche-geschenkset\/\",\"name\":\"Corniche Gourmetpaket \u2013 Delikat & exklusiv\",\"isPartOf\":{\"@id\":\"https:\/\/relaisgourmet.com\/de\/#website\"},\"primaryImageOfPage\":{\"@id\":\"https:\/\/relaisgourmet.com\/de\/Produkt\/gourmet-corniche-geschenkset\/#primaryimage\"},\"image\":{\"@id\":\"https:\/\/relaisgourmet.com\/de\/Produkt\/gourmet-corniche-geschenkset\/#primaryimage\"},\"thumbnailUrl\":\"https:\/\/relaisgourmet.com\/wp-content\/uploads\/2020\/11\/corniche.jpg\",\"datePublished\":\"2020-11-19T13:21:34+00:00\",\"dateModified\":\"2025-04-12T20:35:23+00:00\",\"description\":\"Entdecken Sie ein feines Geschenkpaket voller baskischer Delikatessen und Genussmomente.\",\"breadcrumb\":{\"@id\":\"https:\/\/relaisgourmet.com\/de\/Produkt\/gourmet-corniche-geschenkset\/#breadcrumb\"},\"inLanguage\":\"de\",\"potentialAction\":[{\"@type\":\"ReadAction\",\"target\":[\"https:\/\/relaisgourmet.com\/de\/Produkt\/gourmet-corniche-geschenkset\/\"]}]},{\"@type\":\"ImageObject\",\"inLanguage\":\"de\",\"@id\":\"https:\/\/relaisgourmet.com\/de\/Produkt\/gourmet-corniche-geschenkset\/#primaryimage\",\"url\":\"https:\/\/relaisgourmet.com\/wp-content\/uploads\/2020\/11\/corniche.jpg\",\"contentUrl\":\"https:\/\/relaisgourmet.com\/wp-content\/uploads\/2020\/11\/corniche.jpg\",\"width\":1503,\"height\":1503,\"caption\":\"photographe d'entreprise, corporate, packshot, CV pau bearn pays basque\"},{\"@type\":\"BreadcrumbList\",\"@id\":\"https:\/\/relaisgourmet.com\/de\/Produkt\/gourmet-corniche-geschenkset\/#breadcrumb\",\"itemListElement\":[{\"@type\":\"ListItem\",\"position\":1,\"name\":\"Startseite\",\"item\":\"https:\/\/relaisgourmet.com\/de\/\"},{\"@type\":\"ListItem\",\"position\":2,\"name\":\"Authentische Foie Gras\",\"item\":\"https:\/\/relaisgourmet.com\/de\/authentische-foie-gras\/\"},{\"@type\":\"ListItem\",\"position\":3,\"name\":\"Gourmetpaket Corniche\"}]},{\"@type\":\"WebSite\",\"@id\":\"https:\/\/relaisgourmet.com\/de\/#website\",\"url\":\"https:\/\/relaisgourmet.com\/de\/\",\"name\":\"Relais Gourmet\",\"description\":\"Maison Gastronomique au Pays-Basque Depuis 2004\",\"publisher\":{\"@id\":\"https:\/\/relaisgourmet.com\/de\/#organization\"},\"potentialAction\":[{\"@type\":\"SearchAction\",\"target\":{\"@type\":\"EntryPoint\",\"urlTemplate\":\"https:\/\/relaisgourmet.com\/de\/?s={search_term_string}\"},\"query-input\":{\"@type\":\"PropertyValueSpecification\",\"valueRequired\":true,\"valueName\":\"search_term_string\"}}],\"inLanguage\":\"de\"},{\"@type\":\"Organization\",\"@id\":\"https:\/\/relaisgourmet.com\/de\/#organization\",\"name\":\"Relais Gourmet\",\"url\":\"https:\/\/relaisgourmet.com\/de\/\",\"logo\":{\"@type\":\"ImageObject\",\"inLanguage\":\"de\",\"@id\":\"https:\/\/relaisgourmet.com\/de\/#\/schema\/logo\/image\/\",\"url\":\"https:\/\/relaisgourmet.com\/wp-content\/uploads\/2024\/11\/Diseno-sin-titulo-8.jpg\",\"contentUrl\":\"https:\/\/relaisgourmet.com\/wp-content\/uploads\/2024\/11\/Diseno-sin-titulo-8.jpg\",\"width\":500,\"height\":500,\"caption\":\"Relais Gourmet\"},\"image\":{\"@id\":\"https:\/\/relaisgourmet.com\/de\/#\/schema\/logo\/image\/\"},\"sameAs\":[\"https:\/\/facebook.com\/yoast\",\"https:\/\/instagram.com\/yoast\"]}]}<\/script>\n<!-- \/ Yoast SEO Premium plugin. -->","yoast_head_json":{"title":"Corniche Gourmetpaket \u2013 Delikat & exklusiv","description":"Entdecken Sie ein feines Geschenkpaket voller baskischer Delikatessen und Genussmomente.","robots":{"index":"index","follow":"follow","max-snippet":"max-snippet:-1","max-image-preview":"max-image-preview:large","max-video-preview":"max-video-preview:-1"},"canonical":"https:\/\/relaisgourmet.com\/de\/Produkt\/gourmet-corniche-geschenkset\/","og_locale":"de_DE","og_type":"article","og_title":"Gourmetpaket Corniche","og_description":"Entdecken Sie ein feines Geschenkpaket voller baskischer Delikatessen und Genussmomente.","og_url":"https:\/\/relaisgourmet.com\/de\/Produkt\/gourmet-corniche-geschenkset\/","og_site_name":"Relais Gourmet","article_publisher":"https:\/\/facebook.com\/yoast","article_modified_time":"2025-04-12T20:35:23+00:00","og_image":[{"width":2500,"height":1667,"url":"https:\/\/relaisgourmet.com\/wp-content\/uploads\/2024\/09\/corniche-1.jpg","type":"image\/jpeg"}],"twitter_card":"summary_large_image","twitter_misc":{"Gesch\u00e4tzte Lesezeit":"2\u00a0Minute"},"schema":{"@context":"https:\/\/schema.org","@graph":[{"@type":"WebPage","@id":"https:\/\/relaisgourmet.com\/de\/Produkt\/gourmet-corniche-geschenkset\/","url":"https:\/\/relaisgourmet.com\/de\/Produkt\/gourmet-corniche-geschenkset\/","name":"Corniche Gourmetpaket \u2013 Delikat & exklusiv","isPartOf":{"@id":"https:\/\/relaisgourmet.com\/de\/#website"},"primaryImageOfPage":{"@id":"https:\/\/relaisgourmet.com\/de\/Produkt\/gourmet-corniche-geschenkset\/#primaryimage"},"image":{"@id":"https:\/\/relaisgourmet.com\/de\/Produkt\/gourmet-corniche-geschenkset\/#primaryimage"},"thumbnailUrl":"https:\/\/relaisgourmet.com\/wp-content\/uploads\/2020\/11\/corniche.jpg","datePublished":"2020-11-19T13:21:34+00:00","dateModified":"2025-04-12T20:35:23+00:00","description":"Entdecken Sie ein feines Geschenkpaket voller baskischer Delikatessen und Genussmomente.","breadcrumb":{"@id":"https:\/\/relaisgourmet.com\/de\/Produkt\/gourmet-corniche-geschenkset\/#breadcrumb"},"inLanguage":"de","potentialAction":[{"@type":"ReadAction","target":["https:\/\/relaisgourmet.com\/de\/Produkt\/gourmet-corniche-geschenkset\/"]}]},{"@type":"ImageObject","inLanguage":"de","@id":"https:\/\/relaisgourmet.com\/de\/Produkt\/gourmet-corniche-geschenkset\/#primaryimage","url":"https:\/\/relaisgourmet.com\/wp-content\/uploads\/2020\/11\/corniche.jpg","contentUrl":"https:\/\/relaisgourmet.com\/wp-content\/uploads\/2020\/11\/corniche.jpg","width":1503,"height":1503,"caption":"photographe d'entreprise, corporate, packshot, CV pau bearn pays basque"},{"@type":"BreadcrumbList","@id":"https:\/\/relaisgourmet.com\/de\/Produkt\/gourmet-corniche-geschenkset\/#breadcrumb","itemListElement":[{"@type":"ListItem","position":1,"name":"Startseite","item":"https:\/\/relaisgourmet.com\/de\/"},{"@type":"ListItem","position":2,"name":"Authentische Foie Gras","item":"https:\/\/relaisgourmet.com\/de\/authentische-foie-gras\/"},{"@type":"ListItem","position":3,"name":"Gourmetpaket Corniche"}]},{"@type":"WebSite","@id":"https:\/\/relaisgourmet.com\/de\/#website","url":"https:\/\/relaisgourmet.com\/de\/","name":"Relais Gourmet","description":"Maison Gastronomique au Pays-Basque Depuis 2004","publisher":{"@id":"https:\/\/relaisgourmet.com\/de\/#organization"},"potentialAction":[{"@type":"SearchAction","target":{"@type":"EntryPoint","urlTemplate":"https:\/\/relaisgourmet.com\/de\/?s={search_term_string}"},"query-input":{"@type":"PropertyValueSpecification","valueRequired":true,"valueName":"search_term_string"}}],"inLanguage":"de"},{"@type":"Organization","@id":"https:\/\/relaisgourmet.com\/de\/#organization","name":"Relais Gourmet","url":"https:\/\/relaisgourmet.com\/de\/","logo":{"@type":"ImageObject","inLanguage":"de","@id":"https:\/\/relaisgourmet.com\/de\/#\/schema\/logo\/image\/","url":"https:\/\/relaisgourmet.com\/wp-content\/uploads\/2024\/11\/Diseno-sin-titulo-8.jpg","contentUrl":"https:\/\/relaisgourmet.com\/wp-content\/uploads\/2024\/11\/Diseno-sin-titulo-8.jpg","width":500,"height":500,"caption":"Relais Gourmet"},"image":{"@id":"https:\/\/relaisgourmet.com\/de\/#\/schema\/logo\/image\/"},"sameAs":["https:\/\/facebook.com\/yoast","https:\/\/instagram.com\/yoast"]}]}},"_links":{"self":[{"href":"https:\/\/relaisgourmet.com\/de\/wp-json\/wp\/v2\/product\/42037","targetHints":{"allow":["GET"]}}],"collection":[{"href":"https:\/\/relaisgourmet.com\/de\/wp-json\/wp\/v2\/product"}],"about":[{"href":"https:\/\/relaisgourmet.com\/de\/wp-json\/wp\/v2\/types\/product"}],"replies":[{"embeddable":true,"href":"https:\/\/relaisgourmet.com\/de\/wp-json\/wp\/v2\/comments?post=42037"}],"version-history":[{"count":4,"href":"https:\/\/relaisgourmet.com\/de\/wp-json\/wp\/v2\/product\/42037\/revisions"}],"predecessor-version":[{"id":55170,"href":"https:\/\/relaisgourmet.com\/de\/wp-json\/wp\/v2\/product\/42037\/revisions\/55170"}],"wp:featuredmedia":[{"embeddable":true,"href":"https:\/\/relaisgourmet.com\/de\/wp-json\/wp\/v2\/media\/58826"}],"wp:attachment":[{"href":"https:\/\/relaisgourmet.com\/de\/wp-json\/wp\/v2\/media?parent=42037"}],"wp:term":[{"taxonomy":"product_brand","embeddable":true,"href":"https:\/\/relaisgourmet.com\/de\/wp-json\/wp\/v2\/product_brand?post=42037"},{"taxonomy":"product_cat","embeddable":true,"href":"https:\/\/relaisgourmet.com\/de\/wp-json\/wp\/v2\/product_cat?post=42037"},{"taxonomy":"product_tag","embeddable":true,"href":"https:\/\/relaisgourmet.com\/de\/wp-json\/wp\/v2\/product_tag?post=42037"},{"taxonomy":"giftcard-category","embeddable":true,"href":"https:\/\/relaisgourmet.com\/de\/wp-json\/wp\/v2\/giftcard-category?post=42037"}],"curies":[{"name":"wp","href":"https:\/\/api.w.org\/{rel}","templated":true}]}}