{"id":42035,"date":"2020-11-18T14:39:10","date_gmt":"2020-11-18T13:39:10","guid":{"rendered":"https:\/\/relaisgourmet.com\/produit\/bidassoa-gourmet-geschenkkorb\/"},"modified":"2025-04-12T22:35:23","modified_gmt":"2025-04-12T20:35:23","slug":"bidassoa-gourmet-geschenkkorb","status":"publish","type":"product","link":"https:\/\/relaisgourmet.com\/de\/Produkt\/bidassoa-gourmet-geschenkkorb\/","title":{"rendered":"Geschenkset Abadia"},"content":{"rendered":"<p>Entdecken Sie die <strong>Abadia-Box<\/strong>: eine Auswahl an <strong>Relais Gourmet<\/strong> Produkten, die perfekt auf Ihre Aperitifs abgestimmt sind. Ideal zum Teilen oder Verschenken bei einem gem\u00fctlichen Essen mit der Familie oder Freunden, um sch\u00f6ne Erinnerungen zu schaffen.<\/p>\n<p><strong>Garantiert frei von Konservierungsmitteln, Farbstoffen und Zusatzstoffen.<\/strong><\/p>\n<p><strong>Zusammensetzung der Geschenkbox Abadia:<\/strong><\/p>\n<ul>\n<li style=\"font-weight: 400;\"><strong>Ganze Leberpastete Natur (200 g)<\/strong>: der unumg\u00e4ngliche Klassiker, immer authentisch<\/li>\n<li style=\"font-weight: 400;\"><strong>Juran\u00e7on Gourmet Aperitif (180 g)<\/strong>: : Die perfekte Kombination aus s\u00fcdwestlichen Weinen und Gaumenfreuden f\u00fcr einen warmen und authentischen Moment.<\/li>\n<li style=\"font-weight: 400;\"><strong>Gourmet-Aperitif mit Piment d&#8217;Espelette (180 g)<\/strong>: Intensiver und typischer Geschmack des Baskenlandes f\u00fcr einen raffinierten und geselligen Moment.<\/li>\n<li style=\"font-weight: 400;\"><span style=\"font-weight: 400;\"><strong>Flasche Monbazillac Wei\u00dfwein (750 ml<\/strong>): passt perfekt zu diesem Paket<\/span><\/li>\n<\/ul>\n<p><strong>Aufbewahrung :<\/strong><\/p>\n<p><span style=\"font-weight: 400;\">3 Jahre bei Raumtemperatur, so dass Sie ihn nach Belieben genie\u00dfen k\u00f6nnen. Nach dem \u00d6ffnen sollten Sie ihn innerhalb von 15 Tagen verbrauchen und im K\u00fchlschrank aufbewahren, damit Sie ihn voll genie\u00dfen k\u00f6nnen.<\/span><\/p>\n<p>&nbsp;<\/p>\n<p><b>Bereiten Sie sich auf einen Moment der Gaumenfreuden vor:<\/b><\/p>\n<p>Alle unsere Tipps und Tricks zur Vorbereitung finden Sie in der Rubrik <a href=\"\/?page_id=33969\">Blog<\/a> und auf unserer <a href=\"https:\/\/www.instagram.com\/relaisgourmetofficiel\/\">Instagram-Seite<\/a>.<\/p>\n","protected":false},"excerpt":{"rendered":"<p>Das Abadia-Set von Relais Gourmet, Ihr Verb\u00fcndeter f\u00fcr einen gelungenen Aperitif. Ein Vergn\u00fcgen, das Sie verschenken oder selbst genie\u00dfen k\u00f6nnen!<\/p>\n<p><img decoding=\"async\" class=\"emoji\" role=\"img\" src=\"https:\/\/s.w.org\/images\/core\/emoji\/15.0.3\/svg\/1f1eb-1f1f7.svg\" alt=\"\ud83c\uddeb\ud83c\uddf7\">  Garantierte 100%ige franz\u00f6sische Produktion<br \/>\n\u2714 Garantiert frei von Konservierungsmitteln, Zusatzstoffen und Farbstoffen.<br \/>\n\ud83c\udf43 Mit gelbem Mais gef\u00fctterte Enten<br \/>\n\ud83d\ude9a Schnelle Lieferung in die ganze Welt<br \/>\n\ud83d\udd53 3 Jahre haltbar<br \/>\n\ud83d\udd10 Sichere Zahlung<\/p>\n<p>Nettogewicht: 1.31 kg<\/p>\n<p>&nbsp;<\/p>\n","protected":false},"featured_media":58831,"comment_status":"closed","ping_status":"closed","template":"","meta":[],"product_brand":[],"product_cat":[1274,1278],"product_tag":[2522,2506,2507,2508,2516,2505,2518,2509,2510,2517,2515,2520,2514,2521,2513,2523,2511,2519,2512],"giftcard-category":[],"class_list":{"0":"post-42035","1":"product","2":"type-product","3":"status-publish","4":"has-post-thumbnail","6":"product_cat-geschenkboxen","7":"product_cat-gourmet-geschenke","8":"product_tag-baskische-produkte","9":"product_tag-dose","10":"product_tag-foie-gras-set","11":"product_tag-gastronomische-box","12":"product_tag-gastronomisches-paket","13":"product_tag-geschenkbox","14":"product_tag-gourmet-paket","15":"product_tag-gourmetpaket","16":"product_tag-gourmetpaket-de","17":"product_tag-gourmetpaket-de-2","18":"product_tag-lebergras-paket","19":"product_tag-paket-anbieten","20":"product_tag-paket-foie-gras","21":"product_tag-pakete-zum-verschenken","22":"product_tag-party-paket","23":"product_tag-sudwestprodukte","24":"product_tag-terroir-koffer","25":"product_tag-weihnachtspaket","26":"product_tag-zu-versendende-pakete","27":"product_shipping_class-standard-de","29":"first","30":"instock","31":"taxable","32":"shipping-taxable","33":"purchasable","34":"product-type-simple"},"yoast_head":"<!-- This site is optimized with the Yoast SEO Premium plugin v27.0 (Yoast SEO v27.3) - https:\/\/yoast.com\/product\/yoast-seo-premium-wordpress\/ -->\n<title>Geschenkset Abadia \u2013 Genuss aus dem S\u00fcdwesten<\/title>\n<meta name=\"description\" content=\"Traditionelles Geschenkset mit Spezialit\u00e4ten aus dem S\u00fcdwesten \u2013 ideal f\u00fcr festliche Anl\u00e4sse.\" \/>\n<meta name=\"robots\" content=\"index, follow, max-snippet:-1, max-image-preview:large, max-video-preview:-1\" \/>\n<link rel=\"canonical\" href=\"https:\/\/relaisgourmet.com\/de\/Produkt\/bidassoa-gourmet-geschenkkorb\/\" \/>\n<meta property=\"og:locale\" content=\"de_DE\" \/>\n<meta property=\"og:type\" content=\"article\" \/>\n<meta property=\"og:title\" content=\"Geschenkset Abadia\" \/>\n<meta property=\"og:description\" content=\"Traditionelles Geschenkset mit Spezialit\u00e4ten aus dem S\u00fcdwesten \u2013 ideal f\u00fcr festliche Anl\u00e4sse.\" \/>\n<meta property=\"og:url\" content=\"https:\/\/relaisgourmet.com\/de\/Produkt\/bidassoa-gourmet-geschenkkorb\/\" \/>\n<meta property=\"og:site_name\" content=\"Relais Gourmet\" \/>\n<meta property=\"article:publisher\" content=\"https:\/\/facebook.com\/yoast\" \/>\n<meta property=\"article:modified_time\" content=\"2025-04-12T20:35:23+00:00\" \/>\n<meta property=\"og:image\" content=\"https:\/\/relaisgourmet.com\/wp-content\/uploads\/2024\/09\/abadia-1.jpg\" \/>\n\t<meta property=\"og:image:width\" content=\"2500\" \/>\n\t<meta property=\"og:image:height\" content=\"1667\" \/>\n\t<meta property=\"og:image:type\" content=\"image\/jpeg\" \/>\n<meta name=\"twitter:card\" content=\"summary_large_image\" \/>\n<meta name=\"twitter:label1\" content=\"Gesch\u00e4tzte Lesezeit\" \/>\n\t<meta name=\"twitter:data1\" content=\"1\u00a0Minute\" \/>\n<script type=\"application\/ld+json\" class=\"yoast-schema-graph\">{\"@context\":\"https:\\\/\\\/schema.org\",\"@graph\":[{\"@type\":\"WebPage\",\"@id\":\"https:\\\/\\\/relaisgourmet.com\\\/de\\\/Produkt\\\/bidassoa-gourmet-geschenkkorb\\\/\",\"url\":\"https:\\\/\\\/relaisgourmet.com\\\/de\\\/Produkt\\\/bidassoa-gourmet-geschenkkorb\\\/\",\"name\":\"Geschenkset Abadia \u2013 Genuss aus dem S\u00fcdwesten\",\"isPartOf\":{\"@id\":\"https:\\\/\\\/relaisgourmet.com\\\/de\\\/#website\"},\"primaryImageOfPage\":{\"@id\":\"https:\\\/\\\/relaisgourmet.com\\\/de\\\/Produkt\\\/bidassoa-gourmet-geschenkkorb\\\/#primaryimage\"},\"image\":{\"@id\":\"https:\\\/\\\/relaisgourmet.com\\\/de\\\/Produkt\\\/bidassoa-gourmet-geschenkkorb\\\/#primaryimage\"},\"thumbnailUrl\":\"https:\\\/\\\/relaisgourmet.com\\\/wp-content\\\/uploads\\\/2020\\\/11\\\/Abadia.jpg\",\"datePublished\":\"2020-11-18T13:39:10+00:00\",\"dateModified\":\"2025-04-12T20:35:23+00:00\",\"description\":\"Traditionelles Geschenkset mit Spezialit\u00e4ten aus dem S\u00fcdwesten \u2013 ideal f\u00fcr festliche Anl\u00e4sse.\",\"breadcrumb\":{\"@id\":\"https:\\\/\\\/relaisgourmet.com\\\/de\\\/Produkt\\\/bidassoa-gourmet-geschenkkorb\\\/#breadcrumb\"},\"inLanguage\":\"de\",\"potentialAction\":[{\"@type\":\"ReadAction\",\"target\":[\"https:\\\/\\\/relaisgourmet.com\\\/de\\\/Produkt\\\/bidassoa-gourmet-geschenkkorb\\\/\"]}]},{\"@type\":\"ImageObject\",\"inLanguage\":\"de\",\"@id\":\"https:\\\/\\\/relaisgourmet.com\\\/de\\\/Produkt\\\/bidassoa-gourmet-geschenkkorb\\\/#primaryimage\",\"url\":\"https:\\\/\\\/relaisgourmet.com\\\/wp-content\\\/uploads\\\/2020\\\/11\\\/Abadia.jpg\",\"contentUrl\":\"https:\\\/\\\/relaisgourmet.com\\\/wp-content\\\/uploads\\\/2020\\\/11\\\/Abadia.jpg\",\"width\":1583,\"height\":1583,\"caption\":\"photographe d'entreprise, corporate, packshot, CV pau bearn pays basque\"},{\"@type\":\"BreadcrumbList\",\"@id\":\"https:\\\/\\\/relaisgourmet.com\\\/de\\\/Produkt\\\/bidassoa-gourmet-geschenkkorb\\\/#breadcrumb\",\"itemListElement\":[{\"@type\":\"ListItem\",\"position\":1,\"name\":\"Startseite\",\"item\":\"https:\\\/\\\/relaisgourmet.com\\\/de\\\/\"},{\"@type\":\"ListItem\",\"position\":2,\"name\":\"Authentische Foie Gras\",\"item\":\"https:\\\/\\\/relaisgourmet.com\\\/de\\\/authentische-foie-gras\\\/\"},{\"@type\":\"ListItem\",\"position\":3,\"name\":\"Geschenkset Abadia\"}]},{\"@type\":\"WebSite\",\"@id\":\"https:\\\/\\\/relaisgourmet.com\\\/de\\\/#website\",\"url\":\"https:\\\/\\\/relaisgourmet.com\\\/de\\\/\",\"name\":\"Relais Gourmet\",\"description\":\"Maison Gastronomique au Pays-Basque Depuis 2004\",\"publisher\":{\"@id\":\"https:\\\/\\\/relaisgourmet.com\\\/de\\\/#organization\"},\"potentialAction\":[{\"@type\":\"SearchAction\",\"target\":{\"@type\":\"EntryPoint\",\"urlTemplate\":\"https:\\\/\\\/relaisgourmet.com\\\/de\\\/?s={search_term_string}\"},\"query-input\":{\"@type\":\"PropertyValueSpecification\",\"valueRequired\":true,\"valueName\":\"search_term_string\"}}],\"inLanguage\":\"de\"},{\"@type\":\"Organization\",\"@id\":\"https:\\\/\\\/relaisgourmet.com\\\/de\\\/#organization\",\"name\":\"Relais Gourmet\",\"url\":\"https:\\\/\\\/relaisgourmet.com\\\/de\\\/\",\"logo\":{\"@type\":\"ImageObject\",\"inLanguage\":\"de\",\"@id\":\"https:\\\/\\\/relaisgourmet.com\\\/de\\\/#\\\/schema\\\/logo\\\/image\\\/\",\"url\":\"https:\\\/\\\/relaisgourmet.com\\\/wp-content\\\/uploads\\\/2024\\\/11\\\/Diseno-sin-titulo-8.jpg\",\"contentUrl\":\"https:\\\/\\\/relaisgourmet.com\\\/wp-content\\\/uploads\\\/2024\\\/11\\\/Diseno-sin-titulo-8.jpg\",\"width\":500,\"height\":500,\"caption\":\"Relais Gourmet\"},\"image\":{\"@id\":\"https:\\\/\\\/relaisgourmet.com\\\/de\\\/#\\\/schema\\\/logo\\\/image\\\/\"},\"sameAs\":[\"https:\\\/\\\/facebook.com\\\/yoast\",\"https:\\\/\\\/instagram.com\\\/yoast\"]}]}<\/script>\n<!-- \/ Yoast SEO Premium plugin. -->","yoast_head_json":{"title":"Geschenkset Abadia \u2013 Genuss aus dem S\u00fcdwesten","description":"Traditionelles Geschenkset mit Spezialit\u00e4ten aus dem S\u00fcdwesten \u2013 ideal f\u00fcr festliche Anl\u00e4sse.","robots":{"index":"index","follow":"follow","max-snippet":"max-snippet:-1","max-image-preview":"max-image-preview:large","max-video-preview":"max-video-preview:-1"},"canonical":"https:\/\/relaisgourmet.com\/de\/Produkt\/bidassoa-gourmet-geschenkkorb\/","og_locale":"de_DE","og_type":"article","og_title":"Geschenkset Abadia","og_description":"Traditionelles Geschenkset mit Spezialit\u00e4ten aus dem S\u00fcdwesten \u2013 ideal f\u00fcr festliche Anl\u00e4sse.","og_url":"https:\/\/relaisgourmet.com\/de\/Produkt\/bidassoa-gourmet-geschenkkorb\/","og_site_name":"Relais Gourmet","article_publisher":"https:\/\/facebook.com\/yoast","article_modified_time":"2025-04-12T20:35:23+00:00","og_image":[{"width":2500,"height":1667,"url":"https:\/\/relaisgourmet.com\/wp-content\/uploads\/2024\/09\/abadia-1.jpg","type":"image\/jpeg"}],"twitter_card":"summary_large_image","twitter_misc":{"Gesch\u00e4tzte Lesezeit":"1\u00a0Minute"},"schema":{"@context":"https:\/\/schema.org","@graph":[{"@type":"WebPage","@id":"https:\/\/relaisgourmet.com\/de\/Produkt\/bidassoa-gourmet-geschenkkorb\/","url":"https:\/\/relaisgourmet.com\/de\/Produkt\/bidassoa-gourmet-geschenkkorb\/","name":"Geschenkset Abadia \u2013 Genuss aus dem S\u00fcdwesten","isPartOf":{"@id":"https:\/\/relaisgourmet.com\/de\/#website"},"primaryImageOfPage":{"@id":"https:\/\/relaisgourmet.com\/de\/Produkt\/bidassoa-gourmet-geschenkkorb\/#primaryimage"},"image":{"@id":"https:\/\/relaisgourmet.com\/de\/Produkt\/bidassoa-gourmet-geschenkkorb\/#primaryimage"},"thumbnailUrl":"https:\/\/relaisgourmet.com\/wp-content\/uploads\/2020\/11\/Abadia.jpg","datePublished":"2020-11-18T13:39:10+00:00","dateModified":"2025-04-12T20:35:23+00:00","description":"Traditionelles Geschenkset mit Spezialit\u00e4ten aus dem S\u00fcdwesten \u2013 ideal f\u00fcr festliche Anl\u00e4sse.","breadcrumb":{"@id":"https:\/\/relaisgourmet.com\/de\/Produkt\/bidassoa-gourmet-geschenkkorb\/#breadcrumb"},"inLanguage":"de","potentialAction":[{"@type":"ReadAction","target":["https:\/\/relaisgourmet.com\/de\/Produkt\/bidassoa-gourmet-geschenkkorb\/"]}]},{"@type":"ImageObject","inLanguage":"de","@id":"https:\/\/relaisgourmet.com\/de\/Produkt\/bidassoa-gourmet-geschenkkorb\/#primaryimage","url":"https:\/\/relaisgourmet.com\/wp-content\/uploads\/2020\/11\/Abadia.jpg","contentUrl":"https:\/\/relaisgourmet.com\/wp-content\/uploads\/2020\/11\/Abadia.jpg","width":1583,"height":1583,"caption":"photographe d'entreprise, corporate, packshot, CV pau bearn pays basque"},{"@type":"BreadcrumbList","@id":"https:\/\/relaisgourmet.com\/de\/Produkt\/bidassoa-gourmet-geschenkkorb\/#breadcrumb","itemListElement":[{"@type":"ListItem","position":1,"name":"Startseite","item":"https:\/\/relaisgourmet.com\/de\/"},{"@type":"ListItem","position":2,"name":"Authentische Foie Gras","item":"https:\/\/relaisgourmet.com\/de\/authentische-foie-gras\/"},{"@type":"ListItem","position":3,"name":"Geschenkset Abadia"}]},{"@type":"WebSite","@id":"https:\/\/relaisgourmet.com\/de\/#website","url":"https:\/\/relaisgourmet.com\/de\/","name":"Relais Gourmet","description":"Maison Gastronomique au Pays-Basque Depuis 2004","publisher":{"@id":"https:\/\/relaisgourmet.com\/de\/#organization"},"potentialAction":[{"@type":"SearchAction","target":{"@type":"EntryPoint","urlTemplate":"https:\/\/relaisgourmet.com\/de\/?s={search_term_string}"},"query-input":{"@type":"PropertyValueSpecification","valueRequired":true,"valueName":"search_term_string"}}],"inLanguage":"de"},{"@type":"Organization","@id":"https:\/\/relaisgourmet.com\/de\/#organization","name":"Relais Gourmet","url":"https:\/\/relaisgourmet.com\/de\/","logo":{"@type":"ImageObject","inLanguage":"de","@id":"https:\/\/relaisgourmet.com\/de\/#\/schema\/logo\/image\/","url":"https:\/\/relaisgourmet.com\/wp-content\/uploads\/2024\/11\/Diseno-sin-titulo-8.jpg","contentUrl":"https:\/\/relaisgourmet.com\/wp-content\/uploads\/2024\/11\/Diseno-sin-titulo-8.jpg","width":500,"height":500,"caption":"Relais Gourmet"},"image":{"@id":"https:\/\/relaisgourmet.com\/de\/#\/schema\/logo\/image\/"},"sameAs":["https:\/\/facebook.com\/yoast","https:\/\/instagram.com\/yoast"]}]}},"_links":{"self":[{"href":"https:\/\/relaisgourmet.com\/de\/wp-json\/wp\/v2\/product\/42035","targetHints":{"allow":["GET"]}}],"collection":[{"href":"https:\/\/relaisgourmet.com\/de\/wp-json\/wp\/v2\/product"}],"about":[{"href":"https:\/\/relaisgourmet.com\/de\/wp-json\/wp\/v2\/types\/product"}],"replies":[{"embeddable":true,"href":"https:\/\/relaisgourmet.com\/de\/wp-json\/wp\/v2\/comments?post=42035"}],"version-history":[{"count":1,"href":"https:\/\/relaisgourmet.com\/de\/wp-json\/wp\/v2\/product\/42035\/revisions"}],"predecessor-version":[{"id":54853,"href":"https:\/\/relaisgourmet.com\/de\/wp-json\/wp\/v2\/product\/42035\/revisions\/54853"}],"wp:featuredmedia":[{"embeddable":true,"href":"https:\/\/relaisgourmet.com\/de\/wp-json\/wp\/v2\/media\/58831"}],"wp:attachment":[{"href":"https:\/\/relaisgourmet.com\/de\/wp-json\/wp\/v2\/media?parent=42035"}],"wp:term":[{"taxonomy":"product_brand","embeddable":true,"href":"https:\/\/relaisgourmet.com\/de\/wp-json\/wp\/v2\/product_brand?post=42035"},{"taxonomy":"product_cat","embeddable":true,"href":"https:\/\/relaisgourmet.com\/de\/wp-json\/wp\/v2\/product_cat?post=42035"},{"taxonomy":"product_tag","embeddable":true,"href":"https:\/\/relaisgourmet.com\/de\/wp-json\/wp\/v2\/product_tag?post=42035"},{"taxonomy":"giftcard-category","embeddable":true,"href":"https:\/\/relaisgourmet.com\/de\/wp-json\/wp\/v2\/giftcard-category?post=42035"}],"curies":[{"name":"wp","href":"https:\/\/api.w.org\/{rel}","templated":true}]}}